{"id":56297,"date":"2026-04-27T15:10:09","date_gmt":"2026-04-27T15:10:09","guid":{"rendered":""},"modified":"2026-04-27T15:10:09","modified_gmt":"2026-04-27T15:10:09","slug":"vyhodna-nabidka-stiebel-eltron-shc-15-ohrivac-zasobnikovy-ocelova-nadrz-15l-1-5-kw-230v-56297","status":"publish","type":"product","link":"https:\/\/www.domstavpro.com\/index.php\/produkt\/vyhodna-nabidka-stiebel-eltron-shc-15-ohrivac-zasobnikovy-ocelova-nadrz-15l-1-5-kw-230v-56297\/","title":{"rendered":"V\u00fdhodn\u00e1 Nab\u00eddka Stiebel Eltron SHC 15 oh\u0159\u00edva\u010d z\u00e1sobn\u00edkov\u00fd, ocelov\u00e1 n\u00e1dr\u017e 15l, 1,5 kW\/230V"},"content":{"rendered":"<div id=\"e10379581\" class=\"pages\">\n<div>\n<div id=\"PDDescription\" class=\"UserContentView userContent v1a v1 bs-view dcon dc164 PDDescription\" ><dc-con><dc-con><bs-empty><\/bs-empty><\/dc-con><dc-con>        <\/p>\n<div class=\"customDescription\">                    <\/div>\n<p><\/dc-con><dc-con><\/p>\n<p><strong>Stiebel Eltron SHC 15 oh\u0159\u00edva\u010d z\u00e1sobn\u00edkov\u00fd, ocelov\u00e1 n\u00e1dr\u017e 15l, 1,5 kW\/230V<\/strong><\/p>\n<p><span style=\"color: #ff0000;\"><strong>Nahrazuje Tatramat EO 15 Klasik pod k\u00f3dem 234336<\/strong><\/span><\/p>\n<p>\u00a0<\/p>\n<div><strong>POU\u017dIT\u00cd:<\/strong>\u00a0<br \/>Z\u00e1sobn\u00edky SHC jsou vhodn\u00e9 pro z\u00e1sobov\u00e1n\u00ed n\u011bkolika odb\u011brn\u00fdch m\u00edst s n\u00edzkou pot\u0159ebou tepl\u00e9 vody. Tlakov\u00fd p\u0159\u00edstroj k pou\u017eit\u00ed se v\u0161emi b\u011b\u017en\u00fdmi tlakov\u00fdmi armaturami. Instalace pouze s odpov\u00eddaj\u00edc\u00edm pojistn\u00fdm ventilem. Mont\u00e1\u017e pod odb\u011brn\u00e9 m\u00edsto.<\/p>\n<p><strong>VYBAVEN\u00cd A KOMFORT:<\/strong> <br \/>\u0158e\u0161en\u00ed podle pot\u0159eby pro decentralizovan\u00e9 skupinov\u00e9 z\u00e1sobov\u00e1n\u00ed. Z\u00e1sobn\u00edky pod umyvadlo oh\u0159\u00edvaj\u00ed vodu p\u0159\u00edmo u odb\u011brn\u00e9ho m\u00edsta. Nedoch\u00e1z\u00ed ke ztr\u00e1t\u00e1m energie a vody zp\u016fsoben\u00fdm v\u00a0dlouh\u00fdch rozvodech. \u017d\u00e1dn\u00e9 ztr\u00e1ty cirkulac\u00ed. N\u00edzk\u00e9 ztr\u00e1ty energie d\u00edky kvalitn\u00ed tepeln\u00e9 izolaci. V\u017edy tepl\u00e1 nebo hork\u00e1 voda. Regul\u00e1tor teploty se sn\u00edm\u00e1n\u00edm teploty um\u00edst\u011bn\u00fdm p\u0159\u00edmo ve vod\u011b. Plynul\u00e1 volba teploty oto\u010dn\u00fdm voli\u010dem v rozsahu 30\u201365 \u00b0C. Omezen\u00ed teploty p\u0159i hodnot\u011b 38 \u00b0C, 49 \u00b0C a automatick\u00e9 nastaven\u00ed ochrany proti zamrznut\u00ed p\u0159i vypnut\u00e9m p\u0159\u00edstroji. Indikace oh\u0159evu pomoc\u00ed sv\u011bteln\u00e9 kontrolky. Ocelov\u00e1 tlakov\u00e1 vnit\u0159n\u00ed n\u00e1dr\u017e magn\u00e9ziovou ochrannou anodou. Kvalitn\u00ed tepeln\u00e1 izolace EPS pro n\u00edzk\u00e9 ztr\u00e1ty energie.<\/p>\n<p><strong>INSTALACE A SERVIS:<\/strong> <br \/>Instala\u010dn\u00ed syst\u00e9m PROFI-RAPID pro je\u0161t\u011b rychlej\u0161\u00ed a jednodu\u0161\u0161\u00ed mont\u00e1\u017e. Jednoduch\u00e1 n\u00e1st\u011bnn\u00e1 mont\u00e1\u017e pomoc\u00ed s\u00e9riov\u00e9 univerz\u00e1ln\u00ed mont\u00e1\u017en\u00ed li\u0161ty. Mont\u00e1\u017en\u00ed \u0161ablona s\u00e9riov\u011b v rozsahu dod\u00e1vky. Kovov\u00e9 p\u0159\u00edpojky vody pro bezpe\u010dn\u00e9 p\u0159ipojen\u00ed. Vhodn\u00e9 pojistn\u00e9 ventily formou p\u0159\u00edslu\u0161enstv\u00ed. Kryt\u00ed IP 24 (ochrana proti st\u0159\u00edkaj\u00edc\u00ed vod\u011b).<\/p>\n<p><strong>BEZPE\u010cNOST A KVALITA:<\/strong>\u00a0<br \/>Robustn\u00ed, m\u011bd\u011bn\u00e9 trubkov\u00e9 topn\u00e9 t\u011bleso s n\u00edzk\u00fdm nam\u00e1h\u00e1n\u00edm povrchu. Bezpe\u010dnostn\u00ed omezova\u010d teploty s mo\u017enost\u00ed resetu. Mo\u017enost mechanick\u00e9ho omezova\u010de teploty voliteln\u011b p\u0159i 38 \u00b0C nebo 49 \u00b0C.<\/p>\n<ul>\n<li>Rychl\u00e1 p\u0159\u00edprava tepl\u00e9 vody bez \u010dek\u00e1n\u00ed<\/li>\n<li>Elektrick\u00e9 p\u0159ipojen\u00ed do ka\u017ed\u00e9 z\u00e1suvky s ochrann\u00fdm kontaktem<\/li>\n<li>Vhodn\u00e9 pojistn\u00e9 ventily lze dodat formou p\u0159\u00edslu\u0161enstv\u00ed<\/li>\n<li>Varianty p\u0159\u00edstroje s objemem z\u00e1sobn\u00edku 10 nebo 15 litr\u016f<\/li>\n<\/ul>\n<\/div>\n<p><span style=\"color: #ff0000;\"><strong>\u00a0<\/strong><\/span><\/p>\n<p><\/dc-con><\/dc-con><\/div>\n<div id=\"PDDescription2\" class=\"UserContentView userContent v1a v1 bs-view dcon dc165 PDDescription2\" >\n<div>\n<div>\n<div>\n<p><strong>\u010c\u00edslo produktu:<\/strong>\u00a0233747<\/p>\n<\/div>\n<\/div>\n<div>\n<div>\n<p><strong>Jmenovit\u00fd objem:<\/strong>\u00a015 l<\/p>\n<\/div>\n<\/div>\n<div>\n<div>\n<p><strong>V\u00fd\u0161ka:<\/strong>\u00a0430 mm<\/p>\n<\/div>\n<\/div>\n<div>\n<div>\n<p><strong>\u0160\u00ed\u0159ka:<\/strong>\u00a0280 mm<\/p>\n<\/div>\n<\/div>\n<div>\n<div>\n<p><strong>Hloubka:<\/strong>\u00a0270 mm<\/p>\n<\/div>\n<\/div>\n<\/div>\n<div>\n<div>\n<div>\n<p><strong>Jmenovit\u00e9 nap\u011bt\u00ed 1:<\/strong>\u00a0220 V<\/p>\n<\/div>\n<\/div>\n<div>\n<div>\n<p><strong>Jmenovit\u00fd v\u00fdkon\u00a01:<\/strong>\u00a01,4 kW<\/p>\n<\/div>\n<\/div>\n<div>\n<div>\n<p><strong>Jmenovit\u00fd proud 1:<\/strong>\u00a06,2 A<\/p>\n<\/div>\n<\/div>\n<div>\n<div>\n<p><strong>Ji\u0161t\u011bn\u00ed 1:<\/strong>\u00a010 A<\/p>\n<\/div>\n<\/div>\n<div>\n<div>\n<p><strong>Jmenovit\u00e9 nap\u011bt\u00ed 2:<\/strong>\u00a0230 V<\/p>\n<\/div>\n<\/div>\n<div>\n<div>\n<p><strong>Jmenovit\u00fd v\u00fdkon\u00a02:<\/strong>\u00a01,5 kW<\/p>\n<\/div>\n<\/div>\n<div>\n<div>\n<p><strong>Jmenovit\u00fd proud 2:<\/strong>\u00a06,5 A<\/p>\n<\/div>\n<\/div>\n<div>\n<div>\n<p><strong>Ji\u0161t\u011bn\u00ed 2:<\/strong>\u00a010 A<\/p>\n<\/div>\n<\/div>\n<div>\n<div>\n<p><strong>Jmenovit\u00e9 nap\u011bt\u00ed 3:<\/strong>\u00a0240 V<\/p>\n<\/div>\n<\/div>\n<div>\n<div>\n<p><strong>Jmenovit\u00fd v\u00fdkon\u00a03:<\/strong>\u00a01,6 kW<\/p>\n<\/div>\n<\/div>\n<div>\n<div>\n<p><strong>Jmenovit\u00fd proud 3:<\/strong>\u00a06,8 A<\/p>\n<\/div>\n<\/div>\n<div>\n<div>\n<p><strong>Ji\u0161t\u011bn\u00ed 3:<\/strong>\u00a010 A<\/p>\n<\/div>\n<\/div>\n<div>\n<div>\n<p><strong>F\u00e1ze:<\/strong>\u00a01\/N\/PE<\/p>\n<\/div>\n<\/div>\n<div>\n<div>\n<p><strong>Kmito\u010det:<\/strong>\u00a050\/60 Hz<\/p>\n<\/div>\n<\/div>\n<div>\n<div>\n<p><strong>Vodovodn\u00ed p\u0159\u00edpojka:<\/strong>\u00a0G 1\/2 A<\/p>\n<\/div>\n<\/div>\n<div>\n<div>\n<p><strong>Pohotovostn\u00ed spot\u0159eba energie \/ 24\u00a0h p\u0159i 65\u00a0\u00b0C:<\/strong>\u00a00,48 kWh<\/p>\n<\/div>\n<\/div>\n<div>\n<div>\n<p><strong>T\u0159\u00edda energetick\u00e9 \u00fa\u010dinnosti:<\/strong>\u00a0A<\/p>\n<\/div>\n<\/div>\n<div>\n<div>\n<p><strong>Kryti (IP):<\/strong>\u00a0IP24 D<\/p>\n<\/div>\n<\/div>\n<div>\n<div>\n<p><strong>Barva:<\/strong>\u00a0b\u00edl\u00e1<\/p>\n<\/div>\n<\/div>\n<div>\n<div>\n<p><strong>Hmotnost:<\/strong>\u00a07,2 kg<\/p>\n<\/div>\n<\/div>\n<\/div>\n<\/div><\/div>\n<div id=\"PDTable3\" class=\"ProductDetailTableView v3a v3 bs-view dcon dc185 PDTable3\" >\n<table>\n<thead><\/thead>\n<tbody>\n<tr class=\"attribute attr_oznaceni\">\n<td class=\"caption\">Ozna\u010den\u00ed<\/td>\n<td class=\"value\">15<\/td>\n<\/tr>\n<tr class=\"attribute attr_typ\">\n<td class=\"caption\">Typ<\/td>\n<td class=\"value\">Elektrick\u00e9 z\u00e1sobn\u00edkov\u00e9<\/td>\n<\/tr>\n<tr class=\"attribute attr_Obsah attr_v attr_litrech\">\n<td class=\"caption\">Obsah v litrech<\/td>\n<td class=\"value\">15<\/td>\n<\/tr>\n<tr class=\"attribute attr_material\">\n<td class=\"caption\">Materi\u00e1l<\/td>\n<td class=\"value\">Smaltovan\u00e9<\/td>\n<\/tr>\n<tr class=\"attribute attr_elzapojeni\">\n<td class=\"caption\">El. zapojen\u00ed<\/td>\n<td class=\"value\">230 V<\/td>\n<\/tr>\n<tr class=\"attribute attr_bsshop_maker\">\n<td class=\"caption\">V\u00fdrobce<\/td>\n<td class=\"value\">Stiebel Eltron<\/td>\n<\/tr>\n<tr class=\"attribute attr_prikon\">\n<td class=\"caption\">P\u0159\u00edkon &#8211; kW<\/td>\n<td class=\"value\">1,5<\/td>\n<\/tr>\n<\/tbody>\n<\/table>\n<\/div>\n<div id=\"ProductMedia\" class=\"ProductMediaView MediaViewBase v1a v1 bs-view dcon dc409 ProductMedia\" ><bs-empty><\/bs-empty><\/p>\n<div class=\"files\">\n<div class=\"title sub\">Soubory<\/div>\n<p><a href=\"\/media\/10337\/energeticky-stitek-shc-10.pdf?&amp;key=ZGpmIyQwNUZfMTAzMzc=\" class=\"pdf\">Energetick&#253; \u0161t&#237;tek SHC 10<\/a><a href=\"\/media\/10338\/list-technickych-udaju-shc-10.pdf?&amp;key=ZGpmIyQwNUZfMTAzMzg=\" class=\"pdf\">List technick&#253;ch &#250;daj\u016f SHC 10<\/a><a href=\"\/media\/10339\/navod-k-montazi-a-obsluze-shc-10.pdf?&amp;key=ZGpmIyQwNUZfMTAzMzk=\" class=\"pdf\">N&#225;vod k mont&#225;\u017ei a obsluze SHC 10<\/a><\/div>\n<p><bs-empty><\/bs-empty><\/div>\n<\/div>\n<div id=\"e10379582\" class=\"tabs\">\n","protected":false},"excerpt":{"rendered":"<p>Stiebel Eltron SHC 15 oh\u0159\u00edva\u010d z\u00e1sobn\u00edkov\u00fd, ocelov\u00e1 n\u00e1dr\u017e 15l, 1,5 kW\/230V Nahrazuje Tatramat EO 15 Klasik pod k\u00f3dem 234336 \u00a0 POU\u017dIT\u00cd:\u00a0Z\u00e1sobn\u00edky SHC jsou vhodn\u00e9 pro z\u00e1sobov\u00e1n\u00ed n\u011bkolika odb\u011brn\u00fdch m\u00edst s n\u00edzkou pot\u0159ebou tepl\u00e9 vody. Tlakov\u00fd p\u0159\u00edstroj k pou\u017eit\u00ed se v\u0161emi b\u011b\u017en\u00fdmi tlakov\u00fdmi armaturami. Instalace pouze s odpov\u00eddaj\u00edc\u00edm pojistn\u00fdm ventilem. Mont\u00e1\u017e pod odb\u011brn\u00e9 m\u00edsto. VYBAVEN\u00cd A [&hellip;]<\/p>\n","protected":false},"featured_media":56397,"comment_status":"open","ping_status":"open","template":"","meta":[],"product_brand":[],"product_cat":[58],"product_tag":[],"class_list":{"0":"post-56297","1":"product","2":"type-product","3":"status-publish","4":"has-post-thumbnail","6":"product_cat-ohr-237-vace-vody","8":"first","9":"instock","10":"sale","11":"shipping-taxable","12":"purchasable","13":"product-type-simple"},"yoast_head":"<!-- This site is optimized with the Yoast SEO plugin v26.8 - https:\/\/yoast.com\/product\/yoast-seo-wordpress\/ -->\n<title>V\u00fdhodn\u00e1 Nab\u00eddka Stiebel Eltron SHC 15 oh\u0159\u00edva\u010d z\u00e1sobn\u00edkov\u00fd, ocelov\u00e1 n\u00e1dr\u017e 15l, 1,5 kW\/230V -<\/title>\n<meta name=\"robots\" content=\"index, follow, max-snippet:-1, max-image-preview:large, max-video-preview:-1\" \/>\n<link rel=\"canonical\" href=\"https:\/\/www.domstavpro.com\/index.php\/produkt\/vyhodna-nabidka-stiebel-eltron-shc-15-ohrivac-zasobnikovy-ocelova-nadrz-15l-1-5-kw-230v-56297\/\" \/>\n<meta property=\"og:locale\" content=\"cs_CZ\" \/>\n<meta property=\"og:type\" content=\"article\" \/>\n<meta property=\"og:title\" content=\"V\u00fdhodn\u00e1 Nab\u00eddka Stiebel Eltron SHC 15 oh\u0159\u00edva\u010d z\u00e1sobn\u00edkov\u00fd, ocelov\u00e1 n\u00e1dr\u017e 15l, 1,5 kW\/230V -\" \/>\n<meta property=\"og:description\" content=\"Stiebel Eltron SHC 15 oh\u0159\u00edva\u010d z\u00e1sobn\u00edkov\u00fd, ocelov\u00e1 n\u00e1dr\u017e 15l, 1,5 kW\/230V Nahrazuje Tatramat EO 15 Klasik pod k\u00f3dem 234336 \u00a0 POU\u017dIT\u00cd:\u00a0Z\u00e1sobn\u00edky SHC jsou vhodn\u00e9 pro z\u00e1sobov\u00e1n\u00ed n\u011bkolika odb\u011brn\u00fdch m\u00edst s n\u00edzkou pot\u0159ebou tepl\u00e9 vody. Tlakov\u00fd p\u0159\u00edstroj k pou\u017eit\u00ed se v\u0161emi b\u011b\u017en\u00fdmi tlakov\u00fdmi armaturami. Instalace pouze s odpov\u00eddaj\u00edc\u00edm pojistn\u00fdm ventilem. Mont\u00e1\u017e pod odb\u011brn\u00e9 m\u00edsto. VYBAVEN\u00cd A [&hellip;]\" \/>\n<meta property=\"og:url\" content=\"https:\/\/www.domstavpro.com\/index.php\/produkt\/vyhodna-nabidka-stiebel-eltron-shc-15-ohrivac-zasobnikovy-ocelova-nadrz-15l-1-5-kw-230v-56297\/\" \/>\n<meta property=\"og:image\" content=\"https:\/\/www.domstavpro.com\/wp-content\/uploads\/2026\/SK0031677-CZ20260425-093449-0-1777080896-stiebel-eltron-shc-15-ohrivac-zasobnikovy-ocelova-nadrz-15l.webp\" \/>\n\t<meta property=\"og:image:width\" content=\"1000\" \/>\n\t<meta property=\"og:image:height\" content=\"525\" \/>\n\t<meta property=\"og:image:type\" content=\"image\/webp\" \/>\n<meta name=\"twitter:card\" content=\"summary_large_image\" \/>\n<meta name=\"twitter:label1\" content=\"Odhadovan\u00e1 doba \u010dten\u00ed\" \/>\n\t<meta name=\"twitter:data1\" content=\"2 minuty\" \/>\n<script type=\"application\/ld+json\" class=\"yoast-schema-graph\">{\"@context\":\"https:\/\/schema.org\",\"@graph\":[{\"@type\":\"WebPage\",\"@id\":\"https:\/\/www.domstavpro.com\/index.php\/produkt\/vyhodna-nabidka-stiebel-eltron-shc-15-ohrivac-zasobnikovy-ocelova-nadrz-15l-1-5-kw-230v-56297\/\",\"url\":\"https:\/\/www.domstavpro.com\/index.php\/produkt\/vyhodna-nabidka-stiebel-eltron-shc-15-ohrivac-zasobnikovy-ocelova-nadrz-15l-1-5-kw-230v-56297\/\",\"name\":\"V\u00fdhodn\u00e1 Nab\u00eddka Stiebel Eltron SHC 15 oh\u0159\u00edva\u010d z\u00e1sobn\u00edkov\u00fd, ocelov\u00e1 n\u00e1dr\u017e 15l, 1,5 kW\/230V -\",\"isPartOf\":{\"@id\":\"https:\/\/www.domstavpro.com\/#website\"},\"primaryImageOfPage\":{\"@id\":\"https:\/\/www.domstavpro.com\/index.php\/produkt\/vyhodna-nabidka-stiebel-eltron-shc-15-ohrivac-zasobnikovy-ocelova-nadrz-15l-1-5-kw-230v-56297\/#primaryimage\"},\"image\":{\"@id\":\"https:\/\/www.domstavpro.com\/index.php\/produkt\/vyhodna-nabidka-stiebel-eltron-shc-15-ohrivac-zasobnikovy-ocelova-nadrz-15l-1-5-kw-230v-56297\/#primaryimage\"},\"thumbnailUrl\":\"https:\/\/www.domstavpro.com\/wp-content\/uploads\/2026\/SK0031677-CZ20260425-093449-0-1777080896-stiebel-eltron-shc-15-ohrivac-zasobnikovy-ocelova-nadrz-15l.webp\",\"datePublished\":\"2026-04-27T15:10:09+00:00\",\"breadcrumb\":{\"@id\":\"https:\/\/www.domstavpro.com\/index.php\/produkt\/vyhodna-nabidka-stiebel-eltron-shc-15-ohrivac-zasobnikovy-ocelova-nadrz-15l-1-5-kw-230v-56297\/#breadcrumb\"},\"inLanguage\":\"cs\",\"potentialAction\":[{\"@type\":\"ReadAction\",\"target\":[\"https:\/\/www.domstavpro.com\/index.php\/produkt\/vyhodna-nabidka-stiebel-eltron-shc-15-ohrivac-zasobnikovy-ocelova-nadrz-15l-1-5-kw-230v-56297\/\"]}]},{\"@type\":\"ImageObject\",\"inLanguage\":\"cs\",\"@id\":\"https:\/\/www.domstavpro.com\/index.php\/produkt\/vyhodna-nabidka-stiebel-eltron-shc-15-ohrivac-zasobnikovy-ocelova-nadrz-15l-1-5-kw-230v-56297\/#primaryimage\",\"url\":\"https:\/\/www.domstavpro.com\/wp-content\/uploads\/2026\/SK0031677-CZ20260425-093449-0-1777080896-stiebel-eltron-shc-15-ohrivac-zasobnikovy-ocelova-nadrz-15l.webp\",\"contentUrl\":\"https:\/\/www.domstavpro.com\/wp-content\/uploads\/2026\/SK0031677-CZ20260425-093449-0-1777080896-stiebel-eltron-shc-15-ohrivac-zasobnikovy-ocelova-nadrz-15l.webp\",\"width\":1000,\"height\":525},{\"@type\":\"BreadcrumbList\",\"@id\":\"https:\/\/www.domstavpro.com\/index.php\/produkt\/vyhodna-nabidka-stiebel-eltron-shc-15-ohrivac-zasobnikovy-ocelova-nadrz-15l-1-5-kw-230v-56297\/#breadcrumb\",\"itemListElement\":[{\"@type\":\"ListItem\",\"position\":1,\"name\":\"Home\",\"item\":\"https:\/\/www.domstavpro.com\/\"},{\"@type\":\"ListItem\",\"position\":2,\"name\":\"Products\",\"item\":\"https:\/\/www.domstavpro.com\/index.php\/products\/\"},{\"@type\":\"ListItem\",\"position\":3,\"name\":\"V\u00fdhodn\u00e1 Nab\u00eddka Stiebel Eltron SHC 15 oh\u0159\u00edva\u010d z\u00e1sobn\u00edkov\u00fd, ocelov\u00e1 n\u00e1dr\u017e 15l, 1,5 kW\/230V\"}]},{\"@type\":\"WebSite\",\"@id\":\"https:\/\/www.domstavpro.com\/#website\",\"url\":\"https:\/\/www.domstavpro.com\/\",\"name\":\"\",\"description\":\"\",\"potentialAction\":[{\"@type\":\"SearchAction\",\"target\":{\"@type\":\"EntryPoint\",\"urlTemplate\":\"https:\/\/www.domstavpro.com\/?s={search_term_string}\"},\"query-input\":{\"@type\":\"PropertyValueSpecification\",\"valueRequired\":true,\"valueName\":\"search_term_string\"}}],\"inLanguage\":\"cs\"}]}<\/script>\n<!-- \/ Yoast SEO plugin. -->","yoast_head_json":{"title":"V\u00fdhodn\u00e1 Nab\u00eddka Stiebel Eltron SHC 15 oh\u0159\u00edva\u010d z\u00e1sobn\u00edkov\u00fd, ocelov\u00e1 n\u00e1dr\u017e 15l, 1,5 kW\/230V -","robots":{"index":"index","follow":"follow","max-snippet":"max-snippet:-1","max-image-preview":"max-image-preview:large","max-video-preview":"max-video-preview:-1"},"canonical":"https:\/\/www.domstavpro.com\/index.php\/produkt\/vyhodna-nabidka-stiebel-eltron-shc-15-ohrivac-zasobnikovy-ocelova-nadrz-15l-1-5-kw-230v-56297\/","og_locale":"cs_CZ","og_type":"article","og_title":"V\u00fdhodn\u00e1 Nab\u00eddka Stiebel Eltron SHC 15 oh\u0159\u00edva\u010d z\u00e1sobn\u00edkov\u00fd, ocelov\u00e1 n\u00e1dr\u017e 15l, 1,5 kW\/230V -","og_description":"Stiebel Eltron SHC 15 oh\u0159\u00edva\u010d z\u00e1sobn\u00edkov\u00fd, ocelov\u00e1 n\u00e1dr\u017e 15l, 1,5 kW\/230V Nahrazuje Tatramat EO 15 Klasik pod k\u00f3dem 234336 \u00a0 POU\u017dIT\u00cd:\u00a0Z\u00e1sobn\u00edky SHC jsou vhodn\u00e9 pro z\u00e1sobov\u00e1n\u00ed n\u011bkolika odb\u011brn\u00fdch m\u00edst s n\u00edzkou pot\u0159ebou tepl\u00e9 vody. Tlakov\u00fd p\u0159\u00edstroj k pou\u017eit\u00ed se v\u0161emi b\u011b\u017en\u00fdmi tlakov\u00fdmi armaturami. Instalace pouze s odpov\u00eddaj\u00edc\u00edm pojistn\u00fdm ventilem. Mont\u00e1\u017e pod odb\u011brn\u00e9 m\u00edsto. VYBAVEN\u00cd A [&hellip;]","og_url":"https:\/\/www.domstavpro.com\/index.php\/produkt\/vyhodna-nabidka-stiebel-eltron-shc-15-ohrivac-zasobnikovy-ocelova-nadrz-15l-1-5-kw-230v-56297\/","og_image":[{"width":1000,"height":525,"url":"https:\/\/www.domstavpro.com\/wp-content\/uploads\/2026\/SK0031677-CZ20260425-093449-0-1777080896-stiebel-eltron-shc-15-ohrivac-zasobnikovy-ocelova-nadrz-15l.webp","type":"image\/webp"}],"twitter_card":"summary_large_image","twitter_misc":{"Odhadovan\u00e1 doba \u010dten\u00ed":"2 minuty"},"schema":{"@context":"https:\/\/schema.org","@graph":[{"@type":"WebPage","@id":"https:\/\/www.domstavpro.com\/index.php\/produkt\/vyhodna-nabidka-stiebel-eltron-shc-15-ohrivac-zasobnikovy-ocelova-nadrz-15l-1-5-kw-230v-56297\/","url":"https:\/\/www.domstavpro.com\/index.php\/produkt\/vyhodna-nabidka-stiebel-eltron-shc-15-ohrivac-zasobnikovy-ocelova-nadrz-15l-1-5-kw-230v-56297\/","name":"V\u00fdhodn\u00e1 Nab\u00eddka Stiebel Eltron SHC 15 oh\u0159\u00edva\u010d z\u00e1sobn\u00edkov\u00fd, ocelov\u00e1 n\u00e1dr\u017e 15l, 1,5 kW\/230V -","isPartOf":{"@id":"https:\/\/www.domstavpro.com\/#website"},"primaryImageOfPage":{"@id":"https:\/\/www.domstavpro.com\/index.php\/produkt\/vyhodna-nabidka-stiebel-eltron-shc-15-ohrivac-zasobnikovy-ocelova-nadrz-15l-1-5-kw-230v-56297\/#primaryimage"},"image":{"@id":"https:\/\/www.domstavpro.com\/index.php\/produkt\/vyhodna-nabidka-stiebel-eltron-shc-15-ohrivac-zasobnikovy-ocelova-nadrz-15l-1-5-kw-230v-56297\/#primaryimage"},"thumbnailUrl":"https:\/\/www.domstavpro.com\/wp-content\/uploads\/2026\/SK0031677-CZ20260425-093449-0-1777080896-stiebel-eltron-shc-15-ohrivac-zasobnikovy-ocelova-nadrz-15l.webp","datePublished":"2026-04-27T15:10:09+00:00","breadcrumb":{"@id":"https:\/\/www.domstavpro.com\/index.php\/produkt\/vyhodna-nabidka-stiebel-eltron-shc-15-ohrivac-zasobnikovy-ocelova-nadrz-15l-1-5-kw-230v-56297\/#breadcrumb"},"inLanguage":"cs","potentialAction":[{"@type":"ReadAction","target":["https:\/\/www.domstavpro.com\/index.php\/produkt\/vyhodna-nabidka-stiebel-eltron-shc-15-ohrivac-zasobnikovy-ocelova-nadrz-15l-1-5-kw-230v-56297\/"]}]},{"@type":"ImageObject","inLanguage":"cs","@id":"https:\/\/www.domstavpro.com\/index.php\/produkt\/vyhodna-nabidka-stiebel-eltron-shc-15-ohrivac-zasobnikovy-ocelova-nadrz-15l-1-5-kw-230v-56297\/#primaryimage","url":"https:\/\/www.domstavpro.com\/wp-content\/uploads\/2026\/SK0031677-CZ20260425-093449-0-1777080896-stiebel-eltron-shc-15-ohrivac-zasobnikovy-ocelova-nadrz-15l.webp","contentUrl":"https:\/\/www.domstavpro.com\/wp-content\/uploads\/2026\/SK0031677-CZ20260425-093449-0-1777080896-stiebel-eltron-shc-15-ohrivac-zasobnikovy-ocelova-nadrz-15l.webp","width":1000,"height":525},{"@type":"BreadcrumbList","@id":"https:\/\/www.domstavpro.com\/index.php\/produkt\/vyhodna-nabidka-stiebel-eltron-shc-15-ohrivac-zasobnikovy-ocelova-nadrz-15l-1-5-kw-230v-56297\/#breadcrumb","itemListElement":[{"@type":"ListItem","position":1,"name":"Home","item":"https:\/\/www.domstavpro.com\/"},{"@type":"ListItem","position":2,"name":"Products","item":"https:\/\/www.domstavpro.com\/index.php\/products\/"},{"@type":"ListItem","position":3,"name":"V\u00fdhodn\u00e1 Nab\u00eddka Stiebel Eltron SHC 15 oh\u0159\u00edva\u010d z\u00e1sobn\u00edkov\u00fd, ocelov\u00e1 n\u00e1dr\u017e 15l, 1,5 kW\/230V"}]},{"@type":"WebSite","@id":"https:\/\/www.domstavpro.com\/#website","url":"https:\/\/www.domstavpro.com\/","name":"","description":"","potentialAction":[{"@type":"SearchAction","target":{"@type":"EntryPoint","urlTemplate":"https:\/\/www.domstavpro.com\/?s={search_term_string}"},"query-input":{"@type":"PropertyValueSpecification","valueRequired":true,"valueName":"search_term_string"}}],"inLanguage":"cs"}]}},"_links":{"self":[{"href":"https:\/\/www.domstavpro.com\/index.php\/wp-json\/wp\/v2\/product\/56297","targetHints":{"allow":["GET"]}}],"collection":[{"href":"https:\/\/www.domstavpro.com\/index.php\/wp-json\/wp\/v2\/product"}],"about":[{"href":"https:\/\/www.domstavpro.com\/index.php\/wp-json\/wp\/v2\/types\/product"}],"replies":[{"embeddable":true,"href":"https:\/\/www.domstavpro.com\/index.php\/wp-json\/wp\/v2\/comments?post=56297"}],"wp:featuredmedia":[{"embeddable":true,"href":"https:\/\/www.domstavpro.com\/index.php\/wp-json\/wp\/v2\/media\/56397"}],"wp:attachment":[{"href":"https:\/\/www.domstavpro.com\/index.php\/wp-json\/wp\/v2\/media?parent=56297"}],"wp:term":[{"taxonomy":"product_brand","embeddable":true,"href":"https:\/\/www.domstavpro.com\/index.php\/wp-json\/wp\/v2\/product_brand?post=56297"},{"taxonomy":"product_cat","embeddable":true,"href":"https:\/\/www.domstavpro.com\/index.php\/wp-json\/wp\/v2\/product_cat?post=56297"},{"taxonomy":"product_tag","embeddable":true,"href":"https:\/\/www.domstavpro.com\/index.php\/wp-json\/wp\/v2\/product_tag?post=56297"}],"curies":[{"name":"wp","href":"https:\/\/api.w.org\/{rel}","templated":true}]}}