{"id":56293,"date":"2026-04-27T15:10:09","date_gmt":"2026-04-27T15:10:09","guid":{"rendered":""},"modified":"2026-04-27T15:10:09","modified_gmt":"2026-04-27T15:10:09","slug":"cenova-bomba-stiebel-eltron-psh-150-we-h-ohrivac-zasobnikovy-ocel-smalt-nadrz-150l-2kw-230v-trubk-vymenik-0-6m2-56293","status":"publish","type":"product","link":"https:\/\/www.domstavpro.com\/index.php\/produkt\/cenova-bomba-stiebel-eltron-psh-150-we-h-ohrivac-zasobnikovy-ocel-smalt-nadrz-150l-2kw-230v-trubk-vymenik-0-6m2-56293\/","title":{"rendered":"Cenov\u00e1 Bomba Stiebel Eltron PSH 150 WE-H oh\u0159\u00edva\u010d z\u00e1sobn\u00edkov\u00fd, ocel. smalt. n\u00e1dr\u017e 150l, 2kW, 230V, Trubk.vym\u011bn\u00edk 0,6m2"},"content":{"rendered":"<div id=\"e9659775\" class=\"pages\">\n<div>\n<div id=\"PDDescription\" class=\"UserContentView userContent v1a v1 bs-view dcon dc164 PDDescription\" ><dc-con><dc-con><bs-empty><\/bs-empty><\/dc-con><dc-con>        <\/p>\n<div class=\"customDescription\">                    <\/div>\n<p><\/dc-con><dc-con><\/p>\n<p><strong>Stiebel Eltron PSH 150 WE-H oh\u0159\u00edva\u010d z\u00e1sobn\u00edkov\u00fd, ocel. smalt. n\u00e1dr\u017e 150l, 2kW, 230V, Trubk.vym\u011bn\u00edk 0,6m2<\/strong><\/p>\n<p><span style=\"color: #ff0000;\"><strong>Tento oh\u0159\u00edva\u010d nahrazuje Tatramat\u00a0LOVK 150\u00a0pod k\u00f3dem 232823.<\/strong><\/span><\/p>\n<p><strong>POU\u017dIT\u00cd:<\/strong>\u00a0Kombinovan\u00e9 z\u00e1sobn\u00edky PSH WE jsou vhodn\u00e9 pro z\u00e1sobov\u00e1n\u00ed n\u011bkolika odb\u011brn\u00fdch m\u00edst (samostatn\u00e9 a skupinov\u00e9 z\u00e1sobov\u00e1n\u00ed) teplou vodou, nap\u0159. sou\u010dasn\u00e9 z\u00e1sobov\u00e1n\u00ed koupelny a kuchyn\u011b. Nep\u0159\u00edm\u00e9 z\u00e1sobn\u00edky jsou vybaveny elektrick\u00fdm trubkov\u00fdm topn\u00fdm t\u011blesem z u\u0161lechtil\u00e9 oceli a trubkov\u00fdm v\u00fdm\u011bn\u00edkem tepla k napojen\u00ed nap\u0159\u00edklad centr\u00e1ln\u00edho topn\u00e9ho za\u0159\u00edzen\u00ed. Tlakov\u00fd p\u0159\u00edstroj k pou\u017eit\u00ed se v\u0161emi b\u011b\u017en\u00fdmi tlakov\u00fdmi armaturami. Voliteln\u011b beztlakov\u00fd k\u00a0nap\u00e1jen\u00ed jednoho odb\u011brn\u00e9ho m\u00edsta.<\/p>\n<p><strong>VYBAVEN\u00cd A KOMFORT:\u00a0<\/strong>Plynul\u00e9 nastaven\u00ed teploty v rozmez\u00ed 7-75\u00a0\u00b0C. Ukazatel oh\u0159evu signalizuje re\u017eim oh\u0159evu. Ukazatel pr\u016fb\u011bhu teploty pro kontrolu aktu\u00e1ln\u00ed teploty tepl\u00e9 vody.<\/p>\n<p><strong>V\u00ddKONNOST:<\/strong>\u00a0N\u00edzk\u00e9 ztr\u00e1ty energie d\u00edky kvalitn\u00ed tepeln\u00e9 izolaci. Zvl\u00e1\u0161t\u011b \u00fasporn\u00e9 d\u00edky v\u00fdhodn\u00e9mu napojen\u00ed na topn\u00e9 za\u0159\u00edzen\u00ed p\u0159es integrovan\u00fd trubkov\u00fd v\u00fdm\u011bn\u00edk tepla. Recyklovateln\u00e1 konstrukce pro ekologick\u00e9 rozt\u0159\u00edd\u011bn\u00ed r\u016fzn\u00fdch sou\u010d\u00e1st\u00ed.<\/p>\n<p><strong>INSTALACE A SERVIS:<\/strong>\u00a0Snadn\u00e1 v\u00fdm\u011bna za v\u0161echny b\u011b\u017en\u00e9 n\u00e1st\u011bnn\u00e9 z\u00e1sobn\u00edky. \u00dachyty na p\u0159\u00edstroji umo\u017e\u0148uj\u00ed bezpe\u010dnou manipulaci. Univerz\u00e1ln\u00ed n\u00e1st\u011bnn\u00fd dr\u017e\u00e1k umo\u017e\u0148uje rychlou a snadnou n\u00e1st\u011bnnou mont\u00e1\u017e. Instalace je mo\u017en\u00e1 ve spojen\u00ed se syst\u00e9my plastov\u00fdch, m\u011bd\u011bn\u00fdch trubek nebo trubek z u\u0161lechtil\u00e9 oceli. P\u0159\u00edruba je vybavena druhou j\u00edmkou sn\u00edma\u010de k extern\u00ed regulaci zdroje tepla. Cirkula\u010dn\u00ed p\u0159\u00edpojka zvy\u0161uje komfort tepl\u00e9 vody v del\u0161\u00edch rozvodn\u00fdch s\u00edt\u00edch. Snadno vyj\u00edmateln\u00e1 topn\u00e1 p\u0159\u00edruba. Kryt\u00ed IP 25. Velk\u00fd otvor v\u00a0p\u0159\u00edrub\u011b pro efektivn\u00ed a komfortn\u00ed odv\u00e1pn\u011bn\u00ed. R\u016fzn\u00e9 moduly s\u00a0p\u0159\u00edpojkou k\u00a0trubkov\u00e9mu v\u00fdm\u011bn\u00edku tepla vlevo (PSH WE-L) nebo vpravo (PSH WE-R). Dal\u0161\u00ed varianty pro horizont\u00e1ln\u00ed instalaci (PSH WE-H).<\/p>\n<p><strong>BEZPE\u010cNOST A KVALITA:<\/strong>\u00a0Kvalitn\u00ed magn\u00e9ziov\u00e1 anoda. Ocelov\u00e1 vnit\u0159n\u00ed n\u00e1dr\u017e se speci\u00e1ln\u00edm p\u0159\u00edm\u00fdm smaltem \u201eanticor\u201c pro dlouhou \u017eivotnost. Automatick\u00e1 ochrana p\u0159ed mrazem kontroluje teplotu vody a chr\u00e1n\u00ed n\u00e1dr\u017e p\u0159ed zamrznut\u00edm.<\/p>\n<ul>\n<li>Vysok\u00e1 \u00faspora energie d\u00edky minim\u00e1ln\u00ed ztr\u00e1t\u011b energetick\u00e9 pohotovosti<\/li>\n<li>P\u0159\u00edpojky v\u00fdm\u011bn\u00edku tepla a elektrick\u00fdch topn\u00fdch t\u011bles pro individu\u00e1ln\u00ed komfort tepl\u00e9 vody<\/li>\n<li>Odoln\u00fd nerezov\u00fd radi\u00e1tor s\u00a0n\u00edzkou \u00farovn\u00ed kalficikace<\/li>\n<li>Ukazatel pr\u016fb\u011bhu teploty na\u00a0vn\u011bj\u0161\u00edm pl\u00e1\u0161ti<\/li>\n<li>Vysok\u00fd komfort d\u00edky plynul\u00e9mu nastaven\u00ed teploty v\u00a0rozmez\u00ed 5 &#8211; 80 \u00b0C<\/li>\n<li>Snadno se p\u0159epravuje a montuje d\u00edky ergonomick\u00fdm zapu\u0161t\u011bn\u00fdm \u00fachyt\u016fm na p\u0159\u00edstroji<\/li>\n<li>Univerz\u00e1ln\u00ed dr\u017e\u00e1k na\u00a0st\u011bnu pro rychlou a snadnou mont\u00e1\u017e<\/li>\n<li>Cirkula\u010dn\u00ed p\u0159\u00edpojka zvy\u0161uje komfort tepl\u00e9 vody v\u00a0del\u0161\u00edch rozvodn\u00fdch s\u00edt\u00edch<\/li>\n<\/ul>\n<p>\u00a0<\/p>\n<p>\u00a0<\/p>\n<p>\u00a0<\/p>\n<p><\/dc-con><\/dc-con><\/div>\n<div id=\"PDDescription2\" class=\"UserContentView userContent v1a v1 bs-view dcon dc165 PDDescription2\" >\n<div style=\"color: #000000; text-transform: none; text-indent: 0px; letter-spacing: normal; font-family: 'Open Sans', sans-serif; font-size: 13px; font-style: normal; font-weight: 400; word-spacing: 0px; white-space: normal; box-sizing: border-box; orphans: 2; widows: 2; background-color: #ffffff; font-variant-ligatures: normal; font-variant-caps: normal; -webkit-text-stroke-width: 0px; text-decoration-thickness: initial; text-decoration-style: initial; text-decoration-color: initial;\">\n<div style=\"box-sizing: border-box;\">\n<div style=\"box-sizing: border-box;\">\n<p style=\"margin: 1em 0px; line-height: 17px; box-sizing: border-box;\"><strong style=\"box-sizing: border-box;\">\u010c\u00edslo produktu:\u00a0<\/strong><span style=\"box-sizing: border-box;\">236236<\/span><\/p>\n<\/div>\n<\/div>\n<div style=\"box-sizing: border-box;\">\n<div style=\"box-sizing: border-box;\">\n<p style=\"margin: 1em 0px; line-height: 17px; box-sizing: border-box;\"><strong style=\"box-sizing: border-box;\">Jmenovit\u00fd objem:\u00a0<\/strong>191 l<\/p>\n<\/div>\n<\/div>\n<div style=\"box-sizing: border-box;\">\n<div style=\"box-sizing: border-box;\">\n<p style=\"margin: 1em 0px; line-height: 17px; box-sizing: border-box;\"><strong style=\"box-sizing: border-box;\">V\u00fd\u0161ka:\u00a0<\/strong>1715 mm<\/p>\n<\/div>\n<\/div>\n<div style=\"box-sizing: border-box;\">\n<div style=\"box-sizing: border-box;\">\n<p style=\"margin: 1em 0px; line-height: 17px; box-sizing: border-box;\"><strong style=\"box-sizing: border-box;\">Pr\u016fm\u011br:\u00a0<\/strong>510 mm<\/p>\n<\/div>\n<\/div>\n<\/div>\n<div style=\"color: #000000; text-transform: none; text-indent: 0px; letter-spacing: normal; font-family: 'Open Sans', sans-serif; font-size: 13px; font-style: normal; font-weight: 400; word-spacing: 0px; white-space: normal; box-sizing: border-box; orphans: 2; widows: 2; background-color: #ffffff; font-variant-ligatures: normal; font-variant-caps: normal; -webkit-text-stroke-width: 0px; text-decoration-thickness: initial; text-decoration-style: initial; text-decoration-color: initial;\">\n<div style=\"box-sizing: border-box;\">\n<div style=\"box-sizing: border-box;\">\n<p style=\"margin: 1em 0px; line-height: 17px; box-sizing: border-box;\"><strong style=\"box-sizing: border-box;\">P\u0159\u00edkon ~ 230 V:\u00a0<\/strong>2 kW<\/p>\n<\/div>\n<\/div>\n<div style=\"box-sizing: border-box;\">\n<div style=\"box-sizing: border-box;\">\n<p style=\"margin: 1em 0px; line-height: 17px; box-sizing: border-box;\"><strong style=\"box-sizing: border-box;\">Jmenovit\u00e9 nap\u011bt\u00ed:\u00a0<\/strong>220-240 V<\/p>\n<\/div>\n<\/div>\n<div style=\"box-sizing: border-box;\">\n<div style=\"box-sizing: border-box;\">\n<p style=\"margin: 1em 0px; line-height: 17px; box-sizing: border-box;\"><strong style=\"box-sizing: border-box;\">Kmito\u010det:\u00a0<\/strong>50\/60 Hz<\/p>\n<\/div>\n<\/div>\n<div style=\"box-sizing: border-box;\">\n<div style=\"box-sizing: border-box;\">\n<p style=\"margin: 1em 0px; line-height: 17px; box-sizing: border-box;\"><strong style=\"box-sizing: border-box;\">F\u00e1ze:\u00a0<\/strong>1\/N\/PE<\/p>\n<\/div>\n<\/div>\n<div style=\"box-sizing: border-box;\">\n<div style=\"box-sizing: border-box;\">\n<p style=\"margin: 1em 0px; line-height: 17px; box-sizing: border-box;\"><strong style=\"box-sizing: border-box;\">Pohotovostn\u00ed spot\u0159eba energie \/ 24\u00a0h p\u0159i 65\u00a0\u00b0C:\u00a0<\/strong>1,71 kWh<\/p>\n<\/div>\n<\/div>\n<div style=\"box-sizing: border-box;\">\n<div style=\"box-sizing: border-box;\">\n<p style=\"margin: 1em 0px; line-height: 17px; box-sizing: border-box;\"><strong style=\"box-sizing: border-box;\">T\u0159\u00edda energetick\u00e9 \u00fa\u010dinnosti:\u00a0<\/strong>C<\/p>\n<\/div>\n<\/div>\n<div style=\"box-sizing: border-box;\">\n<div style=\"box-sizing: border-box;\">\n<p style=\"margin: 1em 0px; line-height: 17px; box-sizing: border-box;\"><strong style=\"box-sizing: border-box;\">Barva:\u00a0<\/strong>b\u00edl\u00e1<\/p>\n<\/div>\n<\/div>\n<div style=\"box-sizing: border-box;\">\n<div style=\"box-sizing: border-box;\">\n<p style=\"margin: 1em 0px; line-height: 17px; box-sizing: border-box;\"><strong style=\"box-sizing: border-box;\">Kryti (IP):\u00a0<\/strong>IP25<\/p>\n<\/div>\n<\/div>\n<div style=\"box-sizing: border-box;\">\n<div style=\"box-sizing: border-box;\">\n<p style=\"margin: 1em 0px; line-height: 17px; box-sizing: border-box;\"><strong style=\"box-sizing: border-box;\">Hmotnost pr\u00e1zdn\u00e1:\u00a0<\/strong>65,3 kg<\/p>\n<\/div>\n<\/div>\n<\/div>\n<\/div><\/div>\n<div id=\"PDTable3\" class=\"ProductDetailTableView v3a v3 bs-view dcon dc185 PDTable3\" >\n<table>\n<thead><\/thead>\n<tbody>\n<tr class=\"attribute attr_oznaceni\">\n<td class=\"caption\">Ozna\u010den\u00ed<\/td>\n<td class=\"value\">150<\/td>\n<\/tr>\n<tr class=\"attribute attr_Obsah attr_v attr_litrech\">\n<td class=\"caption\">Obsah v litrech<\/td>\n<td class=\"value\">151<\/td>\n<\/tr>\n<tr class=\"attribute attr_material\">\n<td class=\"caption\">Materi\u00e1l<\/td>\n<td class=\"value\">Smaltovan\u00e9<\/td>\n<\/tr>\n<tr class=\"attribute attr_elzapojeni\">\n<td class=\"caption\">El. zapojen\u00ed<\/td>\n<td class=\"value\">230 V<\/td>\n<\/tr>\n<tr class=\"attribute attr_bsshop_maker\">\n<td class=\"caption\">V\u00fdrobce<\/td>\n<td class=\"value\">Stiebel Eltron<\/td>\n<\/tr>\n<tr class=\"attribute attr_prikon\">\n<td class=\"caption\">P\u0159\u00edkon &#8211; kW<\/td>\n<td class=\"value\">2<\/td>\n<\/tr>\n<tr class=\"attribute attr_bsshop_e1_VPrBsVykonRad\">\n<td class=\"caption\">V\u00fdkon<\/td>\n<td class=\"value\">2 kW<\/td>\n<\/tr>\n<tr class=\"attribute attr_typ\">\n<td class=\"caption\">Typ<\/td>\n<td class=\"value\">Kombinovan\u00e9 oh\u0159\u00edva\u010de<\/td>\n<\/tr>\n<\/tbody>\n<\/table>\n<\/div>\n<\/div>\n<div id=\"e9659776\" class=\"tabs\">\n","protected":false},"excerpt":{"rendered":"<p>Stiebel Eltron PSH 150 WE-H oh\u0159\u00edva\u010d z\u00e1sobn\u00edkov\u00fd, ocel. smalt. n\u00e1dr\u017e 150l, 2kW, 230V, Trubk.vym\u011bn\u00edk 0,6m2 Tento oh\u0159\u00edva\u010d nahrazuje Tatramat\u00a0LOVK 150\u00a0pod k\u00f3dem 232823. POU\u017dIT\u00cd:\u00a0Kombinovan\u00e9 z\u00e1sobn\u00edky PSH WE jsou vhodn\u00e9 pro z\u00e1sobov\u00e1n\u00ed n\u011bkolika odb\u011brn\u00fdch m\u00edst (samostatn\u00e9 a skupinov\u00e9 z\u00e1sobov\u00e1n\u00ed) teplou vodou, nap\u0159. sou\u010dasn\u00e9 z\u00e1sobov\u00e1n\u00ed koupelny a kuchyn\u011b. Nep\u0159\u00edm\u00e9 z\u00e1sobn\u00edky jsou vybaveny elektrick\u00fdm trubkov\u00fdm topn\u00fdm t\u011blesem z u\u0161lechtil\u00e9 [&hellip;]<\/p>\n","protected":false},"featured_media":56393,"comment_status":"open","ping_status":"open","template":"","meta":[],"product_brand":[],"product_cat":[58],"product_tag":[],"class_list":{"0":"post-56293","1":"product","2":"type-product","3":"status-publish","4":"has-post-thumbnail","6":"product_cat-ohr-237-vace-vody","8":"first","9":"instock","10":"sale","11":"shipping-taxable","12":"purchasable","13":"product-type-simple"},"yoast_head":"<!-- This site is optimized with the Yoast SEO plugin v26.8 - https:\/\/yoast.com\/product\/yoast-seo-wordpress\/ -->\n<title>Cenov\u00e1 Bomba Stiebel Eltron PSH 150 WE-H oh\u0159\u00edva\u010d z\u00e1sobn\u00edkov\u00fd, ocel. smalt. n\u00e1dr\u017e 150l, 2kW, 230V, Trubk.vym\u011bn\u00edk 0,6m2 -<\/title>\n<meta name=\"robots\" content=\"index, follow, max-snippet:-1, max-image-preview:large, max-video-preview:-1\" \/>\n<link rel=\"canonical\" href=\"https:\/\/www.domstavpro.com\/index.php\/produkt\/cenova-bomba-stiebel-eltron-psh-150-we-h-ohrivac-zasobnikovy-ocel-smalt-nadrz-150l-2kw-230v-trubk-vymenik-0-6m2-56293\/\" \/>\n<meta property=\"og:locale\" content=\"cs_CZ\" \/>\n<meta property=\"og:type\" content=\"article\" \/>\n<meta property=\"og:title\" content=\"Cenov\u00e1 Bomba Stiebel Eltron PSH 150 WE-H oh\u0159\u00edva\u010d z\u00e1sobn\u00edkov\u00fd, ocel. smalt. n\u00e1dr\u017e 150l, 2kW, 230V, Trubk.vym\u011bn\u00edk 0,6m2 -\" \/>\n<meta property=\"og:description\" content=\"Stiebel Eltron PSH 150 WE-H oh\u0159\u00edva\u010d z\u00e1sobn\u00edkov\u00fd, ocel. smalt. n\u00e1dr\u017e 150l, 2kW, 230V, Trubk.vym\u011bn\u00edk 0,6m2 Tento oh\u0159\u00edva\u010d nahrazuje Tatramat\u00a0LOVK 150\u00a0pod k\u00f3dem 232823. POU\u017dIT\u00cd:\u00a0Kombinovan\u00e9 z\u00e1sobn\u00edky PSH WE jsou vhodn\u00e9 pro z\u00e1sobov\u00e1n\u00ed n\u011bkolika odb\u011brn\u00fdch m\u00edst (samostatn\u00e9 a skupinov\u00e9 z\u00e1sobov\u00e1n\u00ed) teplou vodou, nap\u0159. sou\u010dasn\u00e9 z\u00e1sobov\u00e1n\u00ed koupelny a kuchyn\u011b. Nep\u0159\u00edm\u00e9 z\u00e1sobn\u00edky jsou vybaveny elektrick\u00fdm trubkov\u00fdm topn\u00fdm t\u011blesem z u\u0161lechtil\u00e9 [&hellip;]\" \/>\n<meta property=\"og:url\" content=\"https:\/\/www.domstavpro.com\/index.php\/produkt\/cenova-bomba-stiebel-eltron-psh-150-we-h-ohrivac-zasobnikovy-ocel-smalt-nadrz-150l-2kw-230v-trubk-vymenik-0-6m2-56293\/\" \/>\n<meta property=\"og:image\" content=\"https:\/\/www.domstavpro.com\/wp-content\/uploads\/2026\/SK0031673-CZ20260425-093449-0-1777080896-stiebel-eltron-psh-150-we-h-ohrivac-zasobnikovy-ocel-smalt-.webp\" \/>\n\t<meta property=\"og:image:width\" content=\"1000\" \/>\n\t<meta property=\"og:image:height\" content=\"525\" \/>\n\t<meta property=\"og:image:type\" content=\"image\/webp\" \/>\n<meta name=\"twitter:card\" content=\"summary_large_image\" \/>\n<meta name=\"twitter:label1\" content=\"Odhadovan\u00e1 doba \u010dten\u00ed\" \/>\n\t<meta name=\"twitter:data1\" content=\"3 minuty\" \/>\n<script type=\"application\/ld+json\" class=\"yoast-schema-graph\">{\"@context\":\"https:\/\/schema.org\",\"@graph\":[{\"@type\":\"WebPage\",\"@id\":\"https:\/\/www.domstavpro.com\/index.php\/produkt\/cenova-bomba-stiebel-eltron-psh-150-we-h-ohrivac-zasobnikovy-ocel-smalt-nadrz-150l-2kw-230v-trubk-vymenik-0-6m2-56293\/\",\"url\":\"https:\/\/www.domstavpro.com\/index.php\/produkt\/cenova-bomba-stiebel-eltron-psh-150-we-h-ohrivac-zasobnikovy-ocel-smalt-nadrz-150l-2kw-230v-trubk-vymenik-0-6m2-56293\/\",\"name\":\"Cenov\u00e1 Bomba Stiebel Eltron PSH 150 WE-H oh\u0159\u00edva\u010d z\u00e1sobn\u00edkov\u00fd, ocel. smalt. n\u00e1dr\u017e 150l, 2kW, 230V, Trubk.vym\u011bn\u00edk 0,6m2 -\",\"isPartOf\":{\"@id\":\"https:\/\/www.domstavpro.com\/#website\"},\"primaryImageOfPage\":{\"@id\":\"https:\/\/www.domstavpro.com\/index.php\/produkt\/cenova-bomba-stiebel-eltron-psh-150-we-h-ohrivac-zasobnikovy-ocel-smalt-nadrz-150l-2kw-230v-trubk-vymenik-0-6m2-56293\/#primaryimage\"},\"image\":{\"@id\":\"https:\/\/www.domstavpro.com\/index.php\/produkt\/cenova-bomba-stiebel-eltron-psh-150-we-h-ohrivac-zasobnikovy-ocel-smalt-nadrz-150l-2kw-230v-trubk-vymenik-0-6m2-56293\/#primaryimage\"},\"thumbnailUrl\":\"https:\/\/www.domstavpro.com\/wp-content\/uploads\/2026\/SK0031673-CZ20260425-093449-0-1777080896-stiebel-eltron-psh-150-we-h-ohrivac-zasobnikovy-ocel-smalt-.webp\",\"datePublished\":\"2026-04-27T15:10:09+00:00\",\"breadcrumb\":{\"@id\":\"https:\/\/www.domstavpro.com\/index.php\/produkt\/cenova-bomba-stiebel-eltron-psh-150-we-h-ohrivac-zasobnikovy-ocel-smalt-nadrz-150l-2kw-230v-trubk-vymenik-0-6m2-56293\/#breadcrumb\"},\"inLanguage\":\"cs\",\"potentialAction\":[{\"@type\":\"ReadAction\",\"target\":[\"https:\/\/www.domstavpro.com\/index.php\/produkt\/cenova-bomba-stiebel-eltron-psh-150-we-h-ohrivac-zasobnikovy-ocel-smalt-nadrz-150l-2kw-230v-trubk-vymenik-0-6m2-56293\/\"]}]},{\"@type\":\"ImageObject\",\"inLanguage\":\"cs\",\"@id\":\"https:\/\/www.domstavpro.com\/index.php\/produkt\/cenova-bomba-stiebel-eltron-psh-150-we-h-ohrivac-zasobnikovy-ocel-smalt-nadrz-150l-2kw-230v-trubk-vymenik-0-6m2-56293\/#primaryimage\",\"url\":\"https:\/\/www.domstavpro.com\/wp-content\/uploads\/2026\/SK0031673-CZ20260425-093449-0-1777080896-stiebel-eltron-psh-150-we-h-ohrivac-zasobnikovy-ocel-smalt-.webp\",\"contentUrl\":\"https:\/\/www.domstavpro.com\/wp-content\/uploads\/2026\/SK0031673-CZ20260425-093449-0-1777080896-stiebel-eltron-psh-150-we-h-ohrivac-zasobnikovy-ocel-smalt-.webp\",\"width\":1000,\"height\":525},{\"@type\":\"BreadcrumbList\",\"@id\":\"https:\/\/www.domstavpro.com\/index.php\/produkt\/cenova-bomba-stiebel-eltron-psh-150-we-h-ohrivac-zasobnikovy-ocel-smalt-nadrz-150l-2kw-230v-trubk-vymenik-0-6m2-56293\/#breadcrumb\",\"itemListElement\":[{\"@type\":\"ListItem\",\"position\":1,\"name\":\"Home\",\"item\":\"https:\/\/www.domstavpro.com\/\"},{\"@type\":\"ListItem\",\"position\":2,\"name\":\"Products\",\"item\":\"https:\/\/www.domstavpro.com\/index.php\/products\/\"},{\"@type\":\"ListItem\",\"position\":3,\"name\":\"Cenov\u00e1 Bomba Stiebel Eltron PSH 150 WE-H oh\u0159\u00edva\u010d z\u00e1sobn\u00edkov\u00fd, ocel. smalt. n\u00e1dr\u017e 150l, 2kW, 230V, Trubk.vym\u011bn\u00edk 0,6m2\"}]},{\"@type\":\"WebSite\",\"@id\":\"https:\/\/www.domstavpro.com\/#website\",\"url\":\"https:\/\/www.domstavpro.com\/\",\"name\":\"\",\"description\":\"\",\"potentialAction\":[{\"@type\":\"SearchAction\",\"target\":{\"@type\":\"EntryPoint\",\"urlTemplate\":\"https:\/\/www.domstavpro.com\/?s={search_term_string}\"},\"query-input\":{\"@type\":\"PropertyValueSpecification\",\"valueRequired\":true,\"valueName\":\"search_term_string\"}}],\"inLanguage\":\"cs\"}]}<\/script>\n<!-- \/ Yoast SEO plugin. -->","yoast_head_json":{"title":"Cenov\u00e1 Bomba Stiebel Eltron PSH 150 WE-H oh\u0159\u00edva\u010d z\u00e1sobn\u00edkov\u00fd, ocel. smalt. n\u00e1dr\u017e 150l, 2kW, 230V, Trubk.vym\u011bn\u00edk 0,6m2 -","robots":{"index":"index","follow":"follow","max-snippet":"max-snippet:-1","max-image-preview":"max-image-preview:large","max-video-preview":"max-video-preview:-1"},"canonical":"https:\/\/www.domstavpro.com\/index.php\/produkt\/cenova-bomba-stiebel-eltron-psh-150-we-h-ohrivac-zasobnikovy-ocel-smalt-nadrz-150l-2kw-230v-trubk-vymenik-0-6m2-56293\/","og_locale":"cs_CZ","og_type":"article","og_title":"Cenov\u00e1 Bomba Stiebel Eltron PSH 150 WE-H oh\u0159\u00edva\u010d z\u00e1sobn\u00edkov\u00fd, ocel. smalt. n\u00e1dr\u017e 150l, 2kW, 230V, Trubk.vym\u011bn\u00edk 0,6m2 -","og_description":"Stiebel Eltron PSH 150 WE-H oh\u0159\u00edva\u010d z\u00e1sobn\u00edkov\u00fd, ocel. smalt. n\u00e1dr\u017e 150l, 2kW, 230V, Trubk.vym\u011bn\u00edk 0,6m2 Tento oh\u0159\u00edva\u010d nahrazuje Tatramat\u00a0LOVK 150\u00a0pod k\u00f3dem 232823. POU\u017dIT\u00cd:\u00a0Kombinovan\u00e9 z\u00e1sobn\u00edky PSH WE jsou vhodn\u00e9 pro z\u00e1sobov\u00e1n\u00ed n\u011bkolika odb\u011brn\u00fdch m\u00edst (samostatn\u00e9 a skupinov\u00e9 z\u00e1sobov\u00e1n\u00ed) teplou vodou, nap\u0159. sou\u010dasn\u00e9 z\u00e1sobov\u00e1n\u00ed koupelny a kuchyn\u011b. Nep\u0159\u00edm\u00e9 z\u00e1sobn\u00edky jsou vybaveny elektrick\u00fdm trubkov\u00fdm topn\u00fdm t\u011blesem z u\u0161lechtil\u00e9 [&hellip;]","og_url":"https:\/\/www.domstavpro.com\/index.php\/produkt\/cenova-bomba-stiebel-eltron-psh-150-we-h-ohrivac-zasobnikovy-ocel-smalt-nadrz-150l-2kw-230v-trubk-vymenik-0-6m2-56293\/","og_image":[{"width":1000,"height":525,"url":"https:\/\/www.domstavpro.com\/wp-content\/uploads\/2026\/SK0031673-CZ20260425-093449-0-1777080896-stiebel-eltron-psh-150-we-h-ohrivac-zasobnikovy-ocel-smalt-.webp","type":"image\/webp"}],"twitter_card":"summary_large_image","twitter_misc":{"Odhadovan\u00e1 doba \u010dten\u00ed":"3 minuty"},"schema":{"@context":"https:\/\/schema.org","@graph":[{"@type":"WebPage","@id":"https:\/\/www.domstavpro.com\/index.php\/produkt\/cenova-bomba-stiebel-eltron-psh-150-we-h-ohrivac-zasobnikovy-ocel-smalt-nadrz-150l-2kw-230v-trubk-vymenik-0-6m2-56293\/","url":"https:\/\/www.domstavpro.com\/index.php\/produkt\/cenova-bomba-stiebel-eltron-psh-150-we-h-ohrivac-zasobnikovy-ocel-smalt-nadrz-150l-2kw-230v-trubk-vymenik-0-6m2-56293\/","name":"Cenov\u00e1 Bomba Stiebel Eltron PSH 150 WE-H oh\u0159\u00edva\u010d z\u00e1sobn\u00edkov\u00fd, ocel. smalt. n\u00e1dr\u017e 150l, 2kW, 230V, Trubk.vym\u011bn\u00edk 0,6m2 -","isPartOf":{"@id":"https:\/\/www.domstavpro.com\/#website"},"primaryImageOfPage":{"@id":"https:\/\/www.domstavpro.com\/index.php\/produkt\/cenova-bomba-stiebel-eltron-psh-150-we-h-ohrivac-zasobnikovy-ocel-smalt-nadrz-150l-2kw-230v-trubk-vymenik-0-6m2-56293\/#primaryimage"},"image":{"@id":"https:\/\/www.domstavpro.com\/index.php\/produkt\/cenova-bomba-stiebel-eltron-psh-150-we-h-ohrivac-zasobnikovy-ocel-smalt-nadrz-150l-2kw-230v-trubk-vymenik-0-6m2-56293\/#primaryimage"},"thumbnailUrl":"https:\/\/www.domstavpro.com\/wp-content\/uploads\/2026\/SK0031673-CZ20260425-093449-0-1777080896-stiebel-eltron-psh-150-we-h-ohrivac-zasobnikovy-ocel-smalt-.webp","datePublished":"2026-04-27T15:10:09+00:00","breadcrumb":{"@id":"https:\/\/www.domstavpro.com\/index.php\/produkt\/cenova-bomba-stiebel-eltron-psh-150-we-h-ohrivac-zasobnikovy-ocel-smalt-nadrz-150l-2kw-230v-trubk-vymenik-0-6m2-56293\/#breadcrumb"},"inLanguage":"cs","potentialAction":[{"@type":"ReadAction","target":["https:\/\/www.domstavpro.com\/index.php\/produkt\/cenova-bomba-stiebel-eltron-psh-150-we-h-ohrivac-zasobnikovy-ocel-smalt-nadrz-150l-2kw-230v-trubk-vymenik-0-6m2-56293\/"]}]},{"@type":"ImageObject","inLanguage":"cs","@id":"https:\/\/www.domstavpro.com\/index.php\/produkt\/cenova-bomba-stiebel-eltron-psh-150-we-h-ohrivac-zasobnikovy-ocel-smalt-nadrz-150l-2kw-230v-trubk-vymenik-0-6m2-56293\/#primaryimage","url":"https:\/\/www.domstavpro.com\/wp-content\/uploads\/2026\/SK0031673-CZ20260425-093449-0-1777080896-stiebel-eltron-psh-150-we-h-ohrivac-zasobnikovy-ocel-smalt-.webp","contentUrl":"https:\/\/www.domstavpro.com\/wp-content\/uploads\/2026\/SK0031673-CZ20260425-093449-0-1777080896-stiebel-eltron-psh-150-we-h-ohrivac-zasobnikovy-ocel-smalt-.webp","width":1000,"height":525},{"@type":"BreadcrumbList","@id":"https:\/\/www.domstavpro.com\/index.php\/produkt\/cenova-bomba-stiebel-eltron-psh-150-we-h-ohrivac-zasobnikovy-ocel-smalt-nadrz-150l-2kw-230v-trubk-vymenik-0-6m2-56293\/#breadcrumb","itemListElement":[{"@type":"ListItem","position":1,"name":"Home","item":"https:\/\/www.domstavpro.com\/"},{"@type":"ListItem","position":2,"name":"Products","item":"https:\/\/www.domstavpro.com\/index.php\/products\/"},{"@type":"ListItem","position":3,"name":"Cenov\u00e1 Bomba Stiebel Eltron PSH 150 WE-H oh\u0159\u00edva\u010d z\u00e1sobn\u00edkov\u00fd, ocel. smalt. n\u00e1dr\u017e 150l, 2kW, 230V, Trubk.vym\u011bn\u00edk 0,6m2"}]},{"@type":"WebSite","@id":"https:\/\/www.domstavpro.com\/#website","url":"https:\/\/www.domstavpro.com\/","name":"","description":"","potentialAction":[{"@type":"SearchAction","target":{"@type":"EntryPoint","urlTemplate":"https:\/\/www.domstavpro.com\/?s={search_term_string}"},"query-input":{"@type":"PropertyValueSpecification","valueRequired":true,"valueName":"search_term_string"}}],"inLanguage":"cs"}]}},"_links":{"self":[{"href":"https:\/\/www.domstavpro.com\/index.php\/wp-json\/wp\/v2\/product\/56293","targetHints":{"allow":["GET"]}}],"collection":[{"href":"https:\/\/www.domstavpro.com\/index.php\/wp-json\/wp\/v2\/product"}],"about":[{"href":"https:\/\/www.domstavpro.com\/index.php\/wp-json\/wp\/v2\/types\/product"}],"replies":[{"embeddable":true,"href":"https:\/\/www.domstavpro.com\/index.php\/wp-json\/wp\/v2\/comments?post=56293"}],"wp:featuredmedia":[{"embeddable":true,"href":"https:\/\/www.domstavpro.com\/index.php\/wp-json\/wp\/v2\/media\/56393"}],"wp:attachment":[{"href":"https:\/\/www.domstavpro.com\/index.php\/wp-json\/wp\/v2\/media?parent=56293"}],"wp:term":[{"taxonomy":"product_brand","embeddable":true,"href":"https:\/\/www.domstavpro.com\/index.php\/wp-json\/wp\/v2\/product_brand?post=56293"},{"taxonomy":"product_cat","embeddable":true,"href":"https:\/\/www.domstavpro.com\/index.php\/wp-json\/wp\/v2\/product_cat?post=56293"},{"taxonomy":"product_tag","embeddable":true,"href":"https:\/\/www.domstavpro.com\/index.php\/wp-json\/wp\/v2\/product_tag?post=56293"}],"curies":[{"name":"wp","href":"https:\/\/api.w.org\/{rel}","templated":true}]}}