{"id":56179,"date":"2026-04-27T15:10:08","date_gmt":"2026-04-27T15:10:08","guid":{"rendered":""},"modified":"2026-04-27T15:10:08","modified_gmt":"2026-04-27T15:10:08","slug":"akcni-cena-kleste-knipex-trubkove-quot-cobra-quot-125-mm-56179","status":"publish","type":"product","link":"https:\/\/www.domstavpro.com\/index.php\/produkt\/akcni-cena-kleste-knipex-trubkove-quot-cobra-quot-125-mm-56179\/","title":{"rendered":"Ak\u010dn\u00ed Cena Kle\u0161t\u011b Knipex trubkov\u00e9 &quot;COBRA&quot; 125 mm"},"content":{"rendered":"<div id=\"e9648811\" class=\"pages\">\n<div>\n<div id=\"PDDescription\" class=\"UserContentView userContent v1a v1 bs-view dcon dc164 PDDescription\" ><dc-con><dc-con><bs-empty><\/bs-empty><\/dc-con><dc-con>        <\/p>\n<div class=\"customDescription\">                    <\/div>\n<p><\/dc-con><dc-con>Popis produktu Kle\u0161t\u011b SIKO Knipex Cobra\u00ae Nastaven\u00ed stisknut\u00edm tla\u010d\u00edtka p\u0159\u00edmo na sev\u0159en\u00e9 sou\u010d\u00e1sti: rychl\u00e1 a pohodln\u00e1 manipulace Jemn\u00e9 se\u0159\u00edzen\u00ed: umo\u017e\u0148uje optim\u00e1ln\u00ed p\u0159izp\u016fsoben\u00ed r\u016fzn\u00fdm velikostem sou\u010d\u00e1st\u00ed a pro ruce p\u0159\u00edzniv\u00e9 postaven\u00ed rukojeti. Pro po\u010det nastaviteln\u00fdch pozic\u00ed viz tabulku. Spolehliv\u00e9 zasko\u010den\u00ed \u010depu kloubu: \u017e\u00e1dn\u00e9 ne\u00famysln\u00e9 p\u0159enastaven\u00ed Posuvn\u00fd pr\u016fchoz\u00ed \u010dep kloubu: vysok\u00e1 stabilita d\u00edky dvojit\u00e9mu veden\u00ed Samosvorn\u00e9 na trubk\u00e1ch a matic\u00edch: \u017e\u00e1dn\u00e9 sklouz\u00e1v\u00e1n\u00ed na sev\u0159en\u00e9 sou\u010d\u00e1sti, pr\u00e1ce \u0161et\u0159\u00edc\u00ed s\u00edly a vynalo\u017een\u00ed men\u0161\u00ed s\u00edly Plochy \u010delist\u00ed se speci\u00e1ln\u011b kalen\u00fdmi zuby, tvrdost zub\u016f asi 61 HRC: trvale spolehliv\u00e9 uchopen\u00ed d\u00edky vysok\u00e9 odolnosti proti opot\u0159eben\u00ed Nastavov\u00e1n\u00ed jednou rukou Ochrana proti sev\u0159en\u00ed zabra\u0148uj\u00ed poran\u011bn\u00edm zp\u016fsoben\u00fdm usk\u0159\u00edpnut\u00edm P\u0159\u00edzniv\u00e9 p\u016fsoben\u00ed p\u00e1k: optim\u00e1ln\u00ed p\u0159enos sil chromvanadov\u00e1 elektroocel, kovan\u00e1, kalen\u00e1 v oleji<\/dc-con><\/dc-con><\/div>\n<div id=\"PDDescription2\" class=\"UserContentView userContent v1a v1 bs-view dcon dc165 PDDescription2\" >V\u00dd\u0160KA BALEN\u00cd<\/div>\n<\/p><\/div>\n<div id=\"PDTable3\" class=\"ProductDetailTableView v3a v3 bs-view dcon dc185 PDTable3\" >\n<table>\n<thead><\/thead>\n<tbody>\n<tr class=\"attribute attr_bsshop_maker\">\n<td class=\"caption\">V\u00fdrobce<\/td>\n<td class=\"value\">Knipex<\/td>\n<\/tr>\n<\/tbody>\n<\/table>\n<\/div>\n<\/div>\n<div id=\"e9648812\" class=\"tabs\">\n","protected":false},"excerpt":{"rendered":"<p>Popis produktu Kle\u0161t\u011b SIKO Knipex Cobra\u00ae Nastaven\u00ed stisknut\u00edm tla\u010d\u00edtka p\u0159\u00edmo na sev\u0159en\u00e9 sou\u010d\u00e1sti: rychl\u00e1 a pohodln\u00e1 manipulace Jemn\u00e9 se\u0159\u00edzen\u00ed: umo\u017e\u0148uje optim\u00e1ln\u00ed p\u0159izp\u016fsoben\u00ed r\u016fzn\u00fdm velikostem sou\u010d\u00e1st\u00ed a pro ruce p\u0159\u00edzniv\u00e9 postaven\u00ed rukojeti. Pro po\u010det nastaviteln\u00fdch pozic\u00ed viz tabulku. Spolehliv\u00e9 zasko\u010den\u00ed \u010depu kloubu: \u017e\u00e1dn\u00e9 ne\u00famysln\u00e9 p\u0159enastaven\u00ed Posuvn\u00fd pr\u016fchoz\u00ed \u010dep kloubu: vysok\u00e1 stabilita d\u00edky dvojit\u00e9mu veden\u00ed Samosvorn\u00e9 na [&hellip;]<\/p>\n","protected":false},"featured_media":56279,"comment_status":"open","ping_status":"open","template":"","meta":[],"product_brand":[],"product_cat":[64],"product_tag":[],"class_list":{"0":"post-56179","1":"product","2":"type-product","3":"status-publish","4":"has-post-thumbnail","6":"product_cat-rucn-237-n-225-rad-237-a-d-237-lna","8":"first","9":"instock","10":"sale","11":"shipping-taxable","12":"purchasable","13":"product-type-simple"},"yoast_head":"<!-- This site is optimized with the Yoast SEO plugin v26.8 - https:\/\/yoast.com\/product\/yoast-seo-wordpress\/ -->\n<title>Ak\u010dn\u00ed Cena Kle\u0161t\u011b Knipex trubkov\u00e9 &quot;COBRA&quot; 125 mm -<\/title>\n<meta name=\"robots\" content=\"index, follow, max-snippet:-1, max-image-preview:large, max-video-preview:-1\" \/>\n<link rel=\"canonical\" href=\"https:\/\/www.domstavpro.com\/index.php\/produkt\/akcni-cena-kleste-knipex-trubkove-quot-cobra-quot-125-mm-56179\/\" \/>\n<meta property=\"og:locale\" content=\"cs_CZ\" \/>\n<meta property=\"og:type\" content=\"article\" \/>\n<meta property=\"og:title\" content=\"Ak\u010dn\u00ed Cena Kle\u0161t\u011b Knipex trubkov\u00e9 &quot;COBRA&quot; 125 mm -\" \/>\n<meta property=\"og:description\" content=\"Popis produktu Kle\u0161t\u011b SIKO Knipex Cobra\u00ae Nastaven\u00ed stisknut\u00edm tla\u010d\u00edtka p\u0159\u00edmo na sev\u0159en\u00e9 sou\u010d\u00e1sti: rychl\u00e1 a pohodln\u00e1 manipulace Jemn\u00e9 se\u0159\u00edzen\u00ed: umo\u017e\u0148uje optim\u00e1ln\u00ed p\u0159izp\u016fsoben\u00ed r\u016fzn\u00fdm velikostem sou\u010d\u00e1st\u00ed a pro ruce p\u0159\u00edzniv\u00e9 postaven\u00ed rukojeti. Pro po\u010det nastaviteln\u00fdch pozic\u00ed viz tabulku. Spolehliv\u00e9 zasko\u010den\u00ed \u010depu kloubu: \u017e\u00e1dn\u00e9 ne\u00famysln\u00e9 p\u0159enastaven\u00ed Posuvn\u00fd pr\u016fchoz\u00ed \u010dep kloubu: vysok\u00e1 stabilita d\u00edky dvojit\u00e9mu veden\u00ed Samosvorn\u00e9 na [&hellip;]\" \/>\n<meta property=\"og:url\" content=\"https:\/\/www.domstavpro.com\/index.php\/produkt\/akcni-cena-kleste-knipex-trubkove-quot-cobra-quot-125-mm-56179\/\" \/>\n<meta property=\"og:image\" content=\"https:\/\/www.domstavpro.com\/wp-content\/uploads\/2026\/SK0031654-CZ20260425-093449-0-1777080896-kleste-knipex-trubkove-cobra-125-mm.webp\" \/>\n\t<meta property=\"og:image:width\" content=\"1000\" \/>\n\t<meta property=\"og:image:height\" content=\"525\" \/>\n\t<meta property=\"og:image:type\" content=\"image\/webp\" \/>\n<meta name=\"twitter:card\" content=\"summary_large_image\" \/>\n<meta name=\"twitter:label1\" content=\"Odhadovan\u00e1 doba \u010dten\u00ed\" \/>\n\t<meta name=\"twitter:data1\" content=\"1 minuta\" \/>\n<script type=\"application\/ld+json\" class=\"yoast-schema-graph\">{\"@context\":\"https:\/\/schema.org\",\"@graph\":[{\"@type\":\"WebPage\",\"@id\":\"https:\/\/www.domstavpro.com\/index.php\/produkt\/akcni-cena-kleste-knipex-trubkove-quot-cobra-quot-125-mm-56179\/\",\"url\":\"https:\/\/www.domstavpro.com\/index.php\/produkt\/akcni-cena-kleste-knipex-trubkove-quot-cobra-quot-125-mm-56179\/\",\"name\":\"Ak\u010dn\u00ed Cena Kle\u0161t\u011b Knipex trubkov\u00e9 &quot;COBRA&quot; 125 mm -\",\"isPartOf\":{\"@id\":\"https:\/\/www.domstavpro.com\/#website\"},\"primaryImageOfPage\":{\"@id\":\"https:\/\/www.domstavpro.com\/index.php\/produkt\/akcni-cena-kleste-knipex-trubkove-quot-cobra-quot-125-mm-56179\/#primaryimage\"},\"image\":{\"@id\":\"https:\/\/www.domstavpro.com\/index.php\/produkt\/akcni-cena-kleste-knipex-trubkove-quot-cobra-quot-125-mm-56179\/#primaryimage\"},\"thumbnailUrl\":\"https:\/\/www.domstavpro.com\/wp-content\/uploads\/2026\/SK0031654-CZ20260425-093449-0-1777080896-kleste-knipex-trubkove-cobra-125-mm.webp\",\"datePublished\":\"2026-04-27T15:10:08+00:00\",\"breadcrumb\":{\"@id\":\"https:\/\/www.domstavpro.com\/index.php\/produkt\/akcni-cena-kleste-knipex-trubkove-quot-cobra-quot-125-mm-56179\/#breadcrumb\"},\"inLanguage\":\"cs\",\"potentialAction\":[{\"@type\":\"ReadAction\",\"target\":[\"https:\/\/www.domstavpro.com\/index.php\/produkt\/akcni-cena-kleste-knipex-trubkove-quot-cobra-quot-125-mm-56179\/\"]}]},{\"@type\":\"ImageObject\",\"inLanguage\":\"cs\",\"@id\":\"https:\/\/www.domstavpro.com\/index.php\/produkt\/akcni-cena-kleste-knipex-trubkove-quot-cobra-quot-125-mm-56179\/#primaryimage\",\"url\":\"https:\/\/www.domstavpro.com\/wp-content\/uploads\/2026\/SK0031654-CZ20260425-093449-0-1777080896-kleste-knipex-trubkove-cobra-125-mm.webp\",\"contentUrl\":\"https:\/\/www.domstavpro.com\/wp-content\/uploads\/2026\/SK0031654-CZ20260425-093449-0-1777080896-kleste-knipex-trubkove-cobra-125-mm.webp\",\"width\":1000,\"height\":525},{\"@type\":\"BreadcrumbList\",\"@id\":\"https:\/\/www.domstavpro.com\/index.php\/produkt\/akcni-cena-kleste-knipex-trubkove-quot-cobra-quot-125-mm-56179\/#breadcrumb\",\"itemListElement\":[{\"@type\":\"ListItem\",\"position\":1,\"name\":\"Home\",\"item\":\"https:\/\/www.domstavpro.com\/\"},{\"@type\":\"ListItem\",\"position\":2,\"name\":\"Products\",\"item\":\"https:\/\/www.domstavpro.com\/index.php\/products\/\"},{\"@type\":\"ListItem\",\"position\":3,\"name\":\"Ak\u010dn\u00ed Cena Kle\u0161t\u011b Knipex trubkov\u00e9 &quot;COBRA&quot; 125 mm\"}]},{\"@type\":\"WebSite\",\"@id\":\"https:\/\/www.domstavpro.com\/#website\",\"url\":\"https:\/\/www.domstavpro.com\/\",\"name\":\"\",\"description\":\"\",\"potentialAction\":[{\"@type\":\"SearchAction\",\"target\":{\"@type\":\"EntryPoint\",\"urlTemplate\":\"https:\/\/www.domstavpro.com\/?s={search_term_string}\"},\"query-input\":{\"@type\":\"PropertyValueSpecification\",\"valueRequired\":true,\"valueName\":\"search_term_string\"}}],\"inLanguage\":\"cs\"}]}<\/script>\n<!-- \/ Yoast SEO plugin. -->","yoast_head_json":{"title":"Ak\u010dn\u00ed Cena Kle\u0161t\u011b Knipex trubkov\u00e9 &quot;COBRA&quot; 125 mm -","robots":{"index":"index","follow":"follow","max-snippet":"max-snippet:-1","max-image-preview":"max-image-preview:large","max-video-preview":"max-video-preview:-1"},"canonical":"https:\/\/www.domstavpro.com\/index.php\/produkt\/akcni-cena-kleste-knipex-trubkove-quot-cobra-quot-125-mm-56179\/","og_locale":"cs_CZ","og_type":"article","og_title":"Ak\u010dn\u00ed Cena Kle\u0161t\u011b Knipex trubkov\u00e9 &quot;COBRA&quot; 125 mm -","og_description":"Popis produktu Kle\u0161t\u011b SIKO Knipex Cobra\u00ae Nastaven\u00ed stisknut\u00edm tla\u010d\u00edtka p\u0159\u00edmo na sev\u0159en\u00e9 sou\u010d\u00e1sti: rychl\u00e1 a pohodln\u00e1 manipulace Jemn\u00e9 se\u0159\u00edzen\u00ed: umo\u017e\u0148uje optim\u00e1ln\u00ed p\u0159izp\u016fsoben\u00ed r\u016fzn\u00fdm velikostem sou\u010d\u00e1st\u00ed a pro ruce p\u0159\u00edzniv\u00e9 postaven\u00ed rukojeti. Pro po\u010det nastaviteln\u00fdch pozic\u00ed viz tabulku. Spolehliv\u00e9 zasko\u010den\u00ed \u010depu kloubu: \u017e\u00e1dn\u00e9 ne\u00famysln\u00e9 p\u0159enastaven\u00ed Posuvn\u00fd pr\u016fchoz\u00ed \u010dep kloubu: vysok\u00e1 stabilita d\u00edky dvojit\u00e9mu veden\u00ed Samosvorn\u00e9 na [&hellip;]","og_url":"https:\/\/www.domstavpro.com\/index.php\/produkt\/akcni-cena-kleste-knipex-trubkove-quot-cobra-quot-125-mm-56179\/","og_image":[{"width":1000,"height":525,"url":"https:\/\/www.domstavpro.com\/wp-content\/uploads\/2026\/SK0031654-CZ20260425-093449-0-1777080896-kleste-knipex-trubkove-cobra-125-mm.webp","type":"image\/webp"}],"twitter_card":"summary_large_image","twitter_misc":{"Odhadovan\u00e1 doba \u010dten\u00ed":"1 minuta"},"schema":{"@context":"https:\/\/schema.org","@graph":[{"@type":"WebPage","@id":"https:\/\/www.domstavpro.com\/index.php\/produkt\/akcni-cena-kleste-knipex-trubkove-quot-cobra-quot-125-mm-56179\/","url":"https:\/\/www.domstavpro.com\/index.php\/produkt\/akcni-cena-kleste-knipex-trubkove-quot-cobra-quot-125-mm-56179\/","name":"Ak\u010dn\u00ed Cena Kle\u0161t\u011b Knipex trubkov\u00e9 &quot;COBRA&quot; 125 mm -","isPartOf":{"@id":"https:\/\/www.domstavpro.com\/#website"},"primaryImageOfPage":{"@id":"https:\/\/www.domstavpro.com\/index.php\/produkt\/akcni-cena-kleste-knipex-trubkove-quot-cobra-quot-125-mm-56179\/#primaryimage"},"image":{"@id":"https:\/\/www.domstavpro.com\/index.php\/produkt\/akcni-cena-kleste-knipex-trubkove-quot-cobra-quot-125-mm-56179\/#primaryimage"},"thumbnailUrl":"https:\/\/www.domstavpro.com\/wp-content\/uploads\/2026\/SK0031654-CZ20260425-093449-0-1777080896-kleste-knipex-trubkove-cobra-125-mm.webp","datePublished":"2026-04-27T15:10:08+00:00","breadcrumb":{"@id":"https:\/\/www.domstavpro.com\/index.php\/produkt\/akcni-cena-kleste-knipex-trubkove-quot-cobra-quot-125-mm-56179\/#breadcrumb"},"inLanguage":"cs","potentialAction":[{"@type":"ReadAction","target":["https:\/\/www.domstavpro.com\/index.php\/produkt\/akcni-cena-kleste-knipex-trubkove-quot-cobra-quot-125-mm-56179\/"]}]},{"@type":"ImageObject","inLanguage":"cs","@id":"https:\/\/www.domstavpro.com\/index.php\/produkt\/akcni-cena-kleste-knipex-trubkove-quot-cobra-quot-125-mm-56179\/#primaryimage","url":"https:\/\/www.domstavpro.com\/wp-content\/uploads\/2026\/SK0031654-CZ20260425-093449-0-1777080896-kleste-knipex-trubkove-cobra-125-mm.webp","contentUrl":"https:\/\/www.domstavpro.com\/wp-content\/uploads\/2026\/SK0031654-CZ20260425-093449-0-1777080896-kleste-knipex-trubkove-cobra-125-mm.webp","width":1000,"height":525},{"@type":"BreadcrumbList","@id":"https:\/\/www.domstavpro.com\/index.php\/produkt\/akcni-cena-kleste-knipex-trubkove-quot-cobra-quot-125-mm-56179\/#breadcrumb","itemListElement":[{"@type":"ListItem","position":1,"name":"Home","item":"https:\/\/www.domstavpro.com\/"},{"@type":"ListItem","position":2,"name":"Products","item":"https:\/\/www.domstavpro.com\/index.php\/products\/"},{"@type":"ListItem","position":3,"name":"Ak\u010dn\u00ed Cena Kle\u0161t\u011b Knipex trubkov\u00e9 &quot;COBRA&quot; 125 mm"}]},{"@type":"WebSite","@id":"https:\/\/www.domstavpro.com\/#website","url":"https:\/\/www.domstavpro.com\/","name":"","description":"","potentialAction":[{"@type":"SearchAction","target":{"@type":"EntryPoint","urlTemplate":"https:\/\/www.domstavpro.com\/?s={search_term_string}"},"query-input":{"@type":"PropertyValueSpecification","valueRequired":true,"valueName":"search_term_string"}}],"inLanguage":"cs"}]}},"_links":{"self":[{"href":"https:\/\/www.domstavpro.com\/index.php\/wp-json\/wp\/v2\/product\/56179","targetHints":{"allow":["GET"]}}],"collection":[{"href":"https:\/\/www.domstavpro.com\/index.php\/wp-json\/wp\/v2\/product"}],"about":[{"href":"https:\/\/www.domstavpro.com\/index.php\/wp-json\/wp\/v2\/types\/product"}],"replies":[{"embeddable":true,"href":"https:\/\/www.domstavpro.com\/index.php\/wp-json\/wp\/v2\/comments?post=56179"}],"wp:featuredmedia":[{"embeddable":true,"href":"https:\/\/www.domstavpro.com\/index.php\/wp-json\/wp\/v2\/media\/56279"}],"wp:attachment":[{"href":"https:\/\/www.domstavpro.com\/index.php\/wp-json\/wp\/v2\/media?parent=56179"}],"wp:term":[{"taxonomy":"product_brand","embeddable":true,"href":"https:\/\/www.domstavpro.com\/index.php\/wp-json\/wp\/v2\/product_brand?post=56179"},{"taxonomy":"product_cat","embeddable":true,"href":"https:\/\/www.domstavpro.com\/index.php\/wp-json\/wp\/v2\/product_cat?post=56179"},{"taxonomy":"product_tag","embeddable":true,"href":"https:\/\/www.domstavpro.com\/index.php\/wp-json\/wp\/v2\/product_tag?post=56179"}],"curies":[{"name":"wp","href":"https:\/\/api.w.org\/{rel}","templated":true}]}}