{"id":56143,"date":"2026-04-27T15:10:08","date_gmt":"2026-04-27T15:10:08","guid":{"rendered":""},"modified":"2026-04-27T15:10:08","modified_gmt":"2026-04-27T15:10:08","slug":"znackovy-zahradni-skluzavka-skluzo-2-2m-zelena-s-pripojkou-na-vodu-56143","status":"publish","type":"product","link":"https:\/\/www.domstavpro.com\/index.php\/produkt\/znackovy-zahradni-skluzavka-skluzo-2-2m-zelena-s-pripojkou-na-vodu-56143\/","title":{"rendered":"Zna\u010dkov\u00fd Zahradn\u00ed skluzavka Skluzo 2,2m zelen\u00e1 s p\u0159\u00edpojkou na vodu"},"content":{"rendered":"<div id=\"e9632158\" class=\"pages\">\n<div>\n<div id=\"PDDescription\" class=\"UserContentView userContent v1a v1 bs-view dcon dc164 PDDescription\" ><dc-con><dc-con><bs-empty><\/bs-empty><\/dc-con><dc-con>        <\/p>\n<div class=\"customDescription\">                    <\/div>\n<p><\/dc-con><dc-con>Zahradn\u00ed skluzavka Skluzo 2,2m zelen\u00e1 s p\u0159\u00edpojkou na vodu<\/dc-con><\/dc-con><\/div>\n<div id=\"PDDescription2\" class=\"UserContentView userContent v1a v1 bs-view dcon dc165 PDDescription2\" >\n<p>D\u011btsk\u00e1 skluzavka vhodn\u00e1 pro ka\u017ed\u00e9 d\u011btsk\u00e9 h\u0159i\u0161t\u011b nebo k\u00a0baz\u00e9nu. Skluzavka je vyrobena z\u00a0HDPE a\u00a0je tvarov\u00e1na vst\u0159ikov\u00e1n\u00edm. Skluzavka je certifikov\u00e1na dle bezpe\u010dnostn\u00ed normy evropsk\u00fdch sm\u011brnic a\u00a0na\u0159\u00edzen\u00ed.<\/p>\n<p><strong>\u00a0Specifikace:<\/strong><\/p>\n<ul>\n<li>HDPE tvarovan\u00e9 vst\u0159ikov\u00e1n\u00edm<\/li>\n<li>bezpe\u010dnostn\u00ed certifikace (EN71)<\/li>\n<li><strong>vodn\u00ed p\u0159\u00edpojka na hadici<\/strong><\/li>\n<li>odoln\u00e9 proti UV<\/li>\n<li>nosnost: 50 kg<\/li>\n<li>vhodn\u00e9 pro d\u011bti od 3\u00a0let<\/li>\n<\/ul>\n<p><strong>Rozm\u011bry:<\/strong><\/p>\n<ul>\n<li>d\u00e9lka: 2,2 m<\/li>\n<li>ide\u00e1ln\u00ed instala\u010dn\u00ed v\u00fd\u0161ka: 1,2 m<\/li>\n<\/ul>\n<\/div><\/div>\n<div id=\"PDTable3\" class=\"ProductDetailTableView v3a v3 bs-view dcon dc185 PDTable3\" >\n<table>\n<thead><\/thead>\n<tbody>\n<tr class=\"attribute attr_bsshop_maker\">\n<td class=\"caption\">V\u00fdrobce<\/td>\n<td class=\"value\">GoodJump<\/td>\n<\/tr>\n<tr class=\"weight\">\n<td class=\"caption\"><span>Hmotnost<\/span><\/td>\n<td class=\"value\"><span>5,50 kg<\/span><\/td>\n<\/tr>\n<\/tbody>\n<\/table>\n<\/div>\n<\/div>\n<div id=\"e9632159\" class=\"tabs\">\n","protected":false},"excerpt":{"rendered":"<p>Zahradn\u00ed skluzavka Skluzo 2,2m zelen\u00e1 s p\u0159\u00edpojkou na vodu D\u011btsk\u00e1 skluzavka vhodn\u00e1 pro ka\u017ed\u00e9 d\u011btsk\u00e9 h\u0159i\u0161t\u011b nebo k\u00a0baz\u00e9nu. Skluzavka je vyrobena z\u00a0HDPE a\u00a0je tvarov\u00e1na vst\u0159ikov\u00e1n\u00edm. Skluzavka je certifikov\u00e1na dle bezpe\u010dnostn\u00ed normy evropsk\u00fdch sm\u011brnic a\u00a0na\u0159\u00edzen\u00ed. \u00a0Specifikace: HDPE tvarovan\u00e9 vst\u0159ikov\u00e1n\u00edm bezpe\u010dnostn\u00ed certifikace (EN71) vodn\u00ed p\u0159\u00edpojka na hadici odoln\u00e9 proti UV nosnost: 50 kg vhodn\u00e9 pro d\u011bti od [&hellip;]<\/p>\n","protected":false},"featured_media":56243,"comment_status":"open","ping_status":"open","template":"","meta":[],"product_brand":[],"product_cat":[66],"product_tag":[],"class_list":{"0":"post-56143","1":"product","2":"type-product","3":"status-publish","4":"has-post-thumbnail","6":"product_cat-pochutiny-dum-a-zahrada","8":"first","9":"instock","10":"sale","11":"shipping-taxable","12":"purchasable","13":"product-type-simple"},"yoast_head":"<!-- This site is optimized with the Yoast SEO plugin v26.8 - https:\/\/yoast.com\/product\/yoast-seo-wordpress\/ -->\n<title>Zna\u010dkov\u00fd Zahradn\u00ed skluzavka Skluzo 2,2m zelen\u00e1 s p\u0159\u00edpojkou na vodu -<\/title>\n<meta name=\"robots\" content=\"index, follow, max-snippet:-1, max-image-preview:large, max-video-preview:-1\" \/>\n<link rel=\"canonical\" href=\"https:\/\/www.domstavpro.com\/index.php\/produkt\/znackovy-zahradni-skluzavka-skluzo-2-2m-zelena-s-pripojkou-na-vodu-56143\/\" \/>\n<meta property=\"og:locale\" content=\"cs_CZ\" \/>\n<meta property=\"og:type\" content=\"article\" \/>\n<meta property=\"og:title\" content=\"Zna\u010dkov\u00fd Zahradn\u00ed skluzavka Skluzo 2,2m zelen\u00e1 s p\u0159\u00edpojkou na vodu -\" \/>\n<meta property=\"og:description\" content=\"Zahradn\u00ed skluzavka Skluzo 2,2m zelen\u00e1 s p\u0159\u00edpojkou na vodu D\u011btsk\u00e1 skluzavka vhodn\u00e1 pro ka\u017ed\u00e9 d\u011btsk\u00e9 h\u0159i\u0161t\u011b nebo k\u00a0baz\u00e9nu. Skluzavka je vyrobena z\u00a0HDPE a\u00a0je tvarov\u00e1na vst\u0159ikov\u00e1n\u00edm. Skluzavka je certifikov\u00e1na dle bezpe\u010dnostn\u00ed normy evropsk\u00fdch sm\u011brnic a\u00a0na\u0159\u00edzen\u00ed. \u00a0Specifikace: HDPE tvarovan\u00e9 vst\u0159ikov\u00e1n\u00edm bezpe\u010dnostn\u00ed certifikace (EN71) vodn\u00ed p\u0159\u00edpojka na hadici odoln\u00e9 proti UV nosnost: 50 kg vhodn\u00e9 pro d\u011bti od [&hellip;]\" \/>\n<meta property=\"og:url\" content=\"https:\/\/www.domstavpro.com\/index.php\/produkt\/znackovy-zahradni-skluzavka-skluzo-2-2m-zelena-s-pripojkou-na-vodu-56143\/\" \/>\n<meta property=\"og:image\" content=\"https:\/\/www.domstavpro.com\/wp-content\/uploads\/2026\/SK0031617-CZ20260425-093449-0-1777080896-zahradni-skluzavka-skluzo-2-2m-zelena-s-pripojkou-na-vodu.j.webp\" \/>\n\t<meta property=\"og:image:width\" content=\"1000\" \/>\n\t<meta property=\"og:image:height\" content=\"525\" \/>\n\t<meta property=\"og:image:type\" content=\"image\/webp\" \/>\n<meta name=\"twitter:card\" content=\"summary_large_image\" \/>\n<script type=\"application\/ld+json\" class=\"yoast-schema-graph\">{\"@context\":\"https:\/\/schema.org\",\"@graph\":[{\"@type\":\"WebPage\",\"@id\":\"https:\/\/www.domstavpro.com\/index.php\/produkt\/znackovy-zahradni-skluzavka-skluzo-2-2m-zelena-s-pripojkou-na-vodu-56143\/\",\"url\":\"https:\/\/www.domstavpro.com\/index.php\/produkt\/znackovy-zahradni-skluzavka-skluzo-2-2m-zelena-s-pripojkou-na-vodu-56143\/\",\"name\":\"Zna\u010dkov\u00fd Zahradn\u00ed skluzavka Skluzo 2,2m zelen\u00e1 s p\u0159\u00edpojkou na vodu -\",\"isPartOf\":{\"@id\":\"https:\/\/www.domstavpro.com\/#website\"},\"primaryImageOfPage\":{\"@id\":\"https:\/\/www.domstavpro.com\/index.php\/produkt\/znackovy-zahradni-skluzavka-skluzo-2-2m-zelena-s-pripojkou-na-vodu-56143\/#primaryimage\"},\"image\":{\"@id\":\"https:\/\/www.domstavpro.com\/index.php\/produkt\/znackovy-zahradni-skluzavka-skluzo-2-2m-zelena-s-pripojkou-na-vodu-56143\/#primaryimage\"},\"thumbnailUrl\":\"https:\/\/www.domstavpro.com\/wp-content\/uploads\/2026\/SK0031617-CZ20260425-093449-0-1777080896-zahradni-skluzavka-skluzo-2-2m-zelena-s-pripojkou-na-vodu.j.webp\",\"datePublished\":\"2026-04-27T15:10:08+00:00\",\"breadcrumb\":{\"@id\":\"https:\/\/www.domstavpro.com\/index.php\/produkt\/znackovy-zahradni-skluzavka-skluzo-2-2m-zelena-s-pripojkou-na-vodu-56143\/#breadcrumb\"},\"inLanguage\":\"cs\",\"potentialAction\":[{\"@type\":\"ReadAction\",\"target\":[\"https:\/\/www.domstavpro.com\/index.php\/produkt\/znackovy-zahradni-skluzavka-skluzo-2-2m-zelena-s-pripojkou-na-vodu-56143\/\"]}]},{\"@type\":\"ImageObject\",\"inLanguage\":\"cs\",\"@id\":\"https:\/\/www.domstavpro.com\/index.php\/produkt\/znackovy-zahradni-skluzavka-skluzo-2-2m-zelena-s-pripojkou-na-vodu-56143\/#primaryimage\",\"url\":\"https:\/\/www.domstavpro.com\/wp-content\/uploads\/2026\/SK0031617-CZ20260425-093449-0-1777080896-zahradni-skluzavka-skluzo-2-2m-zelena-s-pripojkou-na-vodu.j.webp\",\"contentUrl\":\"https:\/\/www.domstavpro.com\/wp-content\/uploads\/2026\/SK0031617-CZ20260425-093449-0-1777080896-zahradni-skluzavka-skluzo-2-2m-zelena-s-pripojkou-na-vodu.j.webp\",\"width\":1000,\"height\":525},{\"@type\":\"BreadcrumbList\",\"@id\":\"https:\/\/www.domstavpro.com\/index.php\/produkt\/znackovy-zahradni-skluzavka-skluzo-2-2m-zelena-s-pripojkou-na-vodu-56143\/#breadcrumb\",\"itemListElement\":[{\"@type\":\"ListItem\",\"position\":1,\"name\":\"Home\",\"item\":\"https:\/\/www.domstavpro.com\/\"},{\"@type\":\"ListItem\",\"position\":2,\"name\":\"Products\",\"item\":\"https:\/\/www.domstavpro.com\/index.php\/products\/\"},{\"@type\":\"ListItem\",\"position\":3,\"name\":\"Zna\u010dkov\u00fd Zahradn\u00ed skluzavka Skluzo 2,2m zelen\u00e1 s p\u0159\u00edpojkou na vodu\"}]},{\"@type\":\"WebSite\",\"@id\":\"https:\/\/www.domstavpro.com\/#website\",\"url\":\"https:\/\/www.domstavpro.com\/\",\"name\":\"\",\"description\":\"\",\"potentialAction\":[{\"@type\":\"SearchAction\",\"target\":{\"@type\":\"EntryPoint\",\"urlTemplate\":\"https:\/\/www.domstavpro.com\/?s={search_term_string}\"},\"query-input\":{\"@type\":\"PropertyValueSpecification\",\"valueRequired\":true,\"valueName\":\"search_term_string\"}}],\"inLanguage\":\"cs\"}]}<\/script>\n<!-- \/ Yoast SEO plugin. -->","yoast_head_json":{"title":"Zna\u010dkov\u00fd Zahradn\u00ed skluzavka Skluzo 2,2m zelen\u00e1 s p\u0159\u00edpojkou na vodu -","robots":{"index":"index","follow":"follow","max-snippet":"max-snippet:-1","max-image-preview":"max-image-preview:large","max-video-preview":"max-video-preview:-1"},"canonical":"https:\/\/www.domstavpro.com\/index.php\/produkt\/znackovy-zahradni-skluzavka-skluzo-2-2m-zelena-s-pripojkou-na-vodu-56143\/","og_locale":"cs_CZ","og_type":"article","og_title":"Zna\u010dkov\u00fd Zahradn\u00ed skluzavka Skluzo 2,2m zelen\u00e1 s p\u0159\u00edpojkou na vodu -","og_description":"Zahradn\u00ed skluzavka Skluzo 2,2m zelen\u00e1 s p\u0159\u00edpojkou na vodu D\u011btsk\u00e1 skluzavka vhodn\u00e1 pro ka\u017ed\u00e9 d\u011btsk\u00e9 h\u0159i\u0161t\u011b nebo k\u00a0baz\u00e9nu. Skluzavka je vyrobena z\u00a0HDPE a\u00a0je tvarov\u00e1na vst\u0159ikov\u00e1n\u00edm. Skluzavka je certifikov\u00e1na dle bezpe\u010dnostn\u00ed normy evropsk\u00fdch sm\u011brnic a\u00a0na\u0159\u00edzen\u00ed. \u00a0Specifikace: HDPE tvarovan\u00e9 vst\u0159ikov\u00e1n\u00edm bezpe\u010dnostn\u00ed certifikace (EN71) vodn\u00ed p\u0159\u00edpojka na hadici odoln\u00e9 proti UV nosnost: 50 kg vhodn\u00e9 pro d\u011bti od [&hellip;]","og_url":"https:\/\/www.domstavpro.com\/index.php\/produkt\/znackovy-zahradni-skluzavka-skluzo-2-2m-zelena-s-pripojkou-na-vodu-56143\/","og_image":[{"width":1000,"height":525,"url":"https:\/\/www.domstavpro.com\/wp-content\/uploads\/2026\/SK0031617-CZ20260425-093449-0-1777080896-zahradni-skluzavka-skluzo-2-2m-zelena-s-pripojkou-na-vodu.j.webp","type":"image\/webp"}],"twitter_card":"summary_large_image","schema":{"@context":"https:\/\/schema.org","@graph":[{"@type":"WebPage","@id":"https:\/\/www.domstavpro.com\/index.php\/produkt\/znackovy-zahradni-skluzavka-skluzo-2-2m-zelena-s-pripojkou-na-vodu-56143\/","url":"https:\/\/www.domstavpro.com\/index.php\/produkt\/znackovy-zahradni-skluzavka-skluzo-2-2m-zelena-s-pripojkou-na-vodu-56143\/","name":"Zna\u010dkov\u00fd Zahradn\u00ed skluzavka Skluzo 2,2m zelen\u00e1 s p\u0159\u00edpojkou na vodu -","isPartOf":{"@id":"https:\/\/www.domstavpro.com\/#website"},"primaryImageOfPage":{"@id":"https:\/\/www.domstavpro.com\/index.php\/produkt\/znackovy-zahradni-skluzavka-skluzo-2-2m-zelena-s-pripojkou-na-vodu-56143\/#primaryimage"},"image":{"@id":"https:\/\/www.domstavpro.com\/index.php\/produkt\/znackovy-zahradni-skluzavka-skluzo-2-2m-zelena-s-pripojkou-na-vodu-56143\/#primaryimage"},"thumbnailUrl":"https:\/\/www.domstavpro.com\/wp-content\/uploads\/2026\/SK0031617-CZ20260425-093449-0-1777080896-zahradni-skluzavka-skluzo-2-2m-zelena-s-pripojkou-na-vodu.j.webp","datePublished":"2026-04-27T15:10:08+00:00","breadcrumb":{"@id":"https:\/\/www.domstavpro.com\/index.php\/produkt\/znackovy-zahradni-skluzavka-skluzo-2-2m-zelena-s-pripojkou-na-vodu-56143\/#breadcrumb"},"inLanguage":"cs","potentialAction":[{"@type":"ReadAction","target":["https:\/\/www.domstavpro.com\/index.php\/produkt\/znackovy-zahradni-skluzavka-skluzo-2-2m-zelena-s-pripojkou-na-vodu-56143\/"]}]},{"@type":"ImageObject","inLanguage":"cs","@id":"https:\/\/www.domstavpro.com\/index.php\/produkt\/znackovy-zahradni-skluzavka-skluzo-2-2m-zelena-s-pripojkou-na-vodu-56143\/#primaryimage","url":"https:\/\/www.domstavpro.com\/wp-content\/uploads\/2026\/SK0031617-CZ20260425-093449-0-1777080896-zahradni-skluzavka-skluzo-2-2m-zelena-s-pripojkou-na-vodu.j.webp","contentUrl":"https:\/\/www.domstavpro.com\/wp-content\/uploads\/2026\/SK0031617-CZ20260425-093449-0-1777080896-zahradni-skluzavka-skluzo-2-2m-zelena-s-pripojkou-na-vodu.j.webp","width":1000,"height":525},{"@type":"BreadcrumbList","@id":"https:\/\/www.domstavpro.com\/index.php\/produkt\/znackovy-zahradni-skluzavka-skluzo-2-2m-zelena-s-pripojkou-na-vodu-56143\/#breadcrumb","itemListElement":[{"@type":"ListItem","position":1,"name":"Home","item":"https:\/\/www.domstavpro.com\/"},{"@type":"ListItem","position":2,"name":"Products","item":"https:\/\/www.domstavpro.com\/index.php\/products\/"},{"@type":"ListItem","position":3,"name":"Zna\u010dkov\u00fd Zahradn\u00ed skluzavka Skluzo 2,2m zelen\u00e1 s p\u0159\u00edpojkou na vodu"}]},{"@type":"WebSite","@id":"https:\/\/www.domstavpro.com\/#website","url":"https:\/\/www.domstavpro.com\/","name":"","description":"","potentialAction":[{"@type":"SearchAction","target":{"@type":"EntryPoint","urlTemplate":"https:\/\/www.domstavpro.com\/?s={search_term_string}"},"query-input":{"@type":"PropertyValueSpecification","valueRequired":true,"valueName":"search_term_string"}}],"inLanguage":"cs"}]}},"_links":{"self":[{"href":"https:\/\/www.domstavpro.com\/index.php\/wp-json\/wp\/v2\/product\/56143","targetHints":{"allow":["GET"]}}],"collection":[{"href":"https:\/\/www.domstavpro.com\/index.php\/wp-json\/wp\/v2\/product"}],"about":[{"href":"https:\/\/www.domstavpro.com\/index.php\/wp-json\/wp\/v2\/types\/product"}],"replies":[{"embeddable":true,"href":"https:\/\/www.domstavpro.com\/index.php\/wp-json\/wp\/v2\/comments?post=56143"}],"wp:featuredmedia":[{"embeddable":true,"href":"https:\/\/www.domstavpro.com\/index.php\/wp-json\/wp\/v2\/media\/56243"}],"wp:attachment":[{"href":"https:\/\/www.domstavpro.com\/index.php\/wp-json\/wp\/v2\/media?parent=56143"}],"wp:term":[{"taxonomy":"product_brand","embeddable":true,"href":"https:\/\/www.domstavpro.com\/index.php\/wp-json\/wp\/v2\/product_brand?post=56143"},{"taxonomy":"product_cat","embeddable":true,"href":"https:\/\/www.domstavpro.com\/index.php\/wp-json\/wp\/v2\/product_cat?post=56143"},{"taxonomy":"product_tag","embeddable":true,"href":"https:\/\/www.domstavpro.com\/index.php\/wp-json\/wp\/v2\/product_tag?post=56143"}],"curies":[{"name":"wp","href":"https:\/\/api.w.org\/{rel}","templated":true}]}}