{"id":54785,"date":"2026-04-27T15:10:04","date_gmt":"2026-04-27T15:10:04","guid":{"rendered":""},"modified":"2026-04-27T15:10:04","modified_gmt":"2026-04-27T15:10:04","slug":"nejlepsi-cena-boki-infloor-konvektor-s-ventilatorem-24-v-f1s-17-090-08-01-54785","status":"publish","type":"product","link":"https:\/\/www.domstavpro.com\/index.php\/produkt\/nejlepsi-cena-boki-infloor-konvektor-s-ventilatorem-24-v-f1s-17-090-08-01-54785\/","title":{"rendered":"Nejlep\u0161\u00ed Cena BOKI InFloor Konvektor s ventil\u00e1torem 24 V, F1S-17-090-08-01"},"content":{"rendered":"<div id=\"e9248053\" class=\"pages\">\n<div>\n<div id=\"PDDescription\" class=\"UserContentView userContent v1a v1 bs-view dcon dc164 PDDescription\" ><dc-con><dc-con><bs-empty><\/bs-empty><\/dc-con><dc-con>        <\/p>\n<div class=\"customDescription\">\n<p><strong><span style=\"color: #ff0000; font-family: Open Sans;\">Zbo\u017e\u00ed je vyr\u00e1b\u011bno na zak\u00e1zku, po\u017eadujeme z\u00e1lohu ve v\u00fd\u0161i 50% p\u0159ed objedn\u00e1n\u00edm.<\/span><\/strong><\/p>\n<\/p><\/div>\n<p><\/dc-con><dc-con><\/p>\n<h2 class=\"base-subheading\" style=\"text-align: center; color: #6f7686; text-transform: none; line-height: 2.5rem; text-indent: 0px; letter-spacing: normal; font-family: GeneralSansBold; font-size: 2rem; font-style: normal; margin-top: 0px; margin-bottom: 1rem; word-spacing: 0px; white-space: normal; box-sizing: border-box; orphans: 2; widows: 2; transform: translateY(0.75rem); -webkit-text-fill-color: transparent; font-variant-ligatures: normal; font-variant-caps: normal; -webkit-text-stroke-width: 0px; text-decoration-thickness: initial; text-decoration-style: initial; text-decoration-color: initial;\">Podlahov\u00e9 konvektory InFloor<\/h2>\n<p style=\"text-align: center; color: #7b7b7b; text-transform: none; text-indent: 0px; letter-spacing: normal; font-family: Rubik, sans-serif; font-size: 1.12rem; font-style: normal; font-weight: 400; margin-top: 0px; margin-bottom: 1.5rem; word-spacing: 0px; white-space: normal; box-sizing: border-box; orphans: 2; widows: 2; transform: translateY(0.3125rem); font-variant-ligatures: normal; font-variant-caps: normal; -webkit-text-stroke-width: 0px; text-decoration-thickness: initial; text-decoration-style: initial; text-decoration-color: initial;\">N\u00edzk\u00e1 a variabiln\u00ed v\u00fd\u0161ka podlahov\u00fdch konvektor\u016f InFloor umo\u017e\u0148uje bezprobl\u00e9movou instalaci v podlaze<\/p>\n<p>Otopn\u00e1 t\u011blesa BOKI slou\u017e\u00ed k zaji\u0161t\u011bn\u00ed optim\u00e1ln\u00ed tepeln\u00e9 pohody bytov\u00fdch, ob\u010dansk\u00fdch, komer\u010dn\u00edch, administrativn\u00edch i pr\u016fmyslov\u00fdch staveb. Specializujeme se na v\u00fdrobu sofistikovan\u00fdch produkt\u016f s vysokou p\u0159idanou hodnotou. Tyto produkty jsou za\u0159azov\u00e1ny do z\u00e1kladn\u00edch skupin podle typu a c\u00edle ur\u010den\u00ed.<\/p>\n<p>Celoplo\u0161n\u011b prosklen\u00e9 st\u011bny u administrativn\u00edch a komer\u010dn\u00edch staveb, zimn\u00ed zahrady a francouzsk\u00e1 okna u rodinn\u00fdch dom\u016f, to jsou architektonick\u00e9 a funk\u010dn\u00ed parametry sou\u010dasnosti. \u0158e\u0161en\u00edm pro n\u011b jsou podlahov\u00e9 konvektory BOKI InFloor.<\/p>\n<p>Chcete, aby otopn\u00e1 t\u011blesa zaji\u0161\u0165ovala tepelnou pohodu Va\u0161ich interi\u00e9r\u016f a z\u00e1rove\u0148 byla jejich nep\u0159ehl\u00e9dnuteln\u00fdm designov\u00fdm prvkem? Pak je \u0161irok\u00e1 nab\u00eddka nadpodla\u017en\u00edch a st\u011bnov\u00fdch konvektor\u016f a tak\u00e9 designov\u00fdch radi\u00e1tor\u016f ur\u010dena pr\u00e1v\u011b V\u00e1m.<\/p>\n<h3>Standardn\u00ed dod\u00e1vka InFloor F1S obsahuje:<\/h3>\n<ol>\n<li>vanu z pozinkovan\u00e9ho plechu, lakovan\u00e9ho v \u010dern\u00e9 barv\u011b RAL 9005,<\/li>\n<\/ol>\n<ul>\n<li>\u010dela a boky vany s vylamovac\u00edmi otvory pro p\u0159ipojen\u00ed na potrubn\u00ed rozvod a p\u0159iveden\u00ed kabel\u00e1\u017ee<\/li>\n<li>v\u0161echny viditeln\u00e9 komponenty vany lakovan\u00e9 v \u010dern\u00e9 barv\u011b RAL 9005<\/li>\n<li>p\u0159\u00edslu\u0161enstv\u00ed zahrnuj\u00edc\u00ed stav\u011bc\u00ed \u0161rouby M8x30 pro ustaven\u00ed polohy vany, stav\u011bc\u00ed \u00faheln\u00edky pro fixaci vany k podlaze s funkc\u00ed kotvy do betonu, gumov\u00e9 pr\u016fchodky do vylamovac\u00edch otvor\u016f a flexibiln\u00ed nerezov\u00e9 p\u0159ipojovac\u00ed hadice s t\u011bsn\u011bn\u00edm<\/li>\n<\/ul>\n<ol>\n<li>v\u00fdm\u011bn\u00edk tepla Cu\/Al, lakovan\u00fd v \u010dern\u00e9 barv\u011b RAL 9005, zakon\u010den\u00fd dv\u011bma v\u00fdvodkami s vnit\u0159n\u00edm z\u00e1vitem G 1\/2\u2032 a osazen\u00fd odvzdu\u0161\u0148ovac\u00edm ventilem<\/li>\n<li>tangenci\u00e1ln\u00ed ventil\u00e1tor s 24 V EC motorem a kryc\u00ed ochrannou m\u0159\u00ed\u017ekou<\/li>\n<li>kryc\u00ed plech p\u0159ekr\u00fdvaj\u00edc\u00ed m\u00edsto p\u0159ipojen\u00ed na potrubn\u00ed rozvod<\/li>\n<li>kryc\u00ed d\u0159evot\u0159\u00edskovou desku chr\u00e1n\u00edc\u00ed vanu konvektoru, ventil\u00e1tor a v\u00fdm\u011bn\u00edk tepla p\u0159i doprav\u011b a mont\u00e1\u017ei<\/li>\n<\/ol>\n<p><\/dc-con><\/dc-con><\/div>\n<div id=\"PDDescription2\" class=\"UserContentView userContent v1a v1 bs-view dcon dc165 PDDescription2\" >\n<ul>\n<li>vysok\u00fd topn\u00fd v\u00fdkon<\/li>\n<li>lze pou\u017e\u00edt jako jedin\u00fd zdroj tepla ve vyt\u00e1p\u011bn\u00e9m prostoru<\/li>\n<li>n\u00edzk\u00fd objem vody \u2013 rychl\u00e1 reakce \u2013 \u00faspora energie<\/li>\n<li>EC motory ventil\u00e1tor\u016f s n\u00edzk\u00fdm p\u0159\u00edkonem na bezpe\u010dn\u00e9 nap\u011bt\u00ed 24 V<\/li>\n<li>tich\u00fd chod ventil\u00e1tor\u016f<\/li>\n<li>vhodn\u00fd pro n\u00edzkoteplotn\u00ed syst\u00e9my vyt\u00e1p\u011bn\u00ed i pro tepeln\u00e1 \u010derpadla<\/li>\n<li>ovl\u00e1d\u00e1n\u00ed prostorov\u00fdm termostatem s t\u0159\u00edstup\u0148ovou regulac\u00ed ot\u00e1\u010dek ventil\u00e1toru nebo mo\u017enost plynul\u00e9ho \u0159\u00edzen\u00ed ot\u00e1\u010dek ventil\u00e1toru 0\u201310 V<\/li>\n<li>mo\u017enost z\u00e1kaznick\u00fdch \u00faprav \u2013 rozm\u011bry, tvarov\u00e9 \u00fapravy<\/li>\n<\/ul>\n<p><img decoding=\"async\" style=\"width: 937px; height: 451px;\" src=\"https:\/\/www.bokiheating.com\/wp-content\/uploads\/2021\/07\/f1s.jpg\"><\/p>\n<p>\u00a0<\/p>\n<p>\u00a0<\/p>\n<\/div><\/div>\n<div id=\"PDTable3\" class=\"ProductDetailTableView v3a v3 bs-view dcon dc185 PDTable3\" >\n<table>\n<thead><\/thead>\n<tbody>\n<tr class=\"attribute attr_typ\">\n<td class=\"caption\">Typ<\/td>\n<td class=\"value\">S ventil\u00e1torem<\/td>\n<\/tr>\n<tr class=\"attribute attr_sirka\">\n<td class=\"caption\">\u0160\u00ed\u0159ka v mm<\/td>\n<td class=\"value\">170<\/td>\n<\/tr>\n<tr class=\"attribute attr_hloubka\">\n<td class=\"caption\">Hloubka v mm<\/td>\n<td class=\"value\">80<\/td>\n<\/tr>\n<tr class=\"attribute attr_delka\">\n<td class=\"caption\">D\u00e9lka v mm<\/td>\n<td class=\"value\">900<\/td>\n<\/tr>\n<tr class=\"attribute attr_material\">\n<td class=\"caption\">Materi\u00e1l<\/td>\n<td class=\"value\">Pozink<\/td>\n<\/tr>\n<tr class=\"attribute attr_bsshop_maker\">\n<td class=\"caption\">V\u00fdrobce<\/td>\n<td class=\"value\">BOKI<\/td>\n<\/tr>\n<\/tbody>\n<\/table>\n<\/div>\n<\/div>\n<div id=\"e9248054\" class=\"tabs\">\n","protected":false},"excerpt":{"rendered":"<p>Zbo\u017e\u00ed je vyr\u00e1b\u011bno na zak\u00e1zku, po\u017eadujeme z\u00e1lohu ve v\u00fd\u0161i 50% p\u0159ed objedn\u00e1n\u00edm. Podlahov\u00e9 konvektory InFloor N\u00edzk\u00e1 a variabiln\u00ed v\u00fd\u0161ka podlahov\u00fdch konvektor\u016f InFloor umo\u017e\u0148uje bezprobl\u00e9movou instalaci v podlaze Otopn\u00e1 t\u011blesa BOKI slou\u017e\u00ed k zaji\u0161t\u011bn\u00ed optim\u00e1ln\u00ed tepeln\u00e9 pohody bytov\u00fdch, ob\u010dansk\u00fdch, komer\u010dn\u00edch, administrativn\u00edch i pr\u016fmyslov\u00fdch staveb. Specializujeme se na v\u00fdrobu sofistikovan\u00fdch produkt\u016f s vysokou p\u0159idanou hodnotou. Tyto produkty [&hellip;]<\/p>\n","protected":false},"featured_media":54885,"comment_status":"open","ping_status":"open","template":"","meta":[],"product_brand":[],"product_cat":[87],"product_tag":[],"class_list":{"0":"post-54785","1":"product","2":"type-product","3":"status-publish","4":"has-post-thumbnail","6":"product_cat-konvektory","8":"first","9":"instock","10":"sale","11":"shipping-taxable","12":"purchasable","13":"product-type-simple"},"yoast_head":"<!-- This site is optimized with the Yoast SEO plugin v26.8 - https:\/\/yoast.com\/product\/yoast-seo-wordpress\/ -->\n<title>Nejlep\u0161\u00ed Cena BOKI InFloor Konvektor s ventil\u00e1torem 24 V, F1S-17-090-08-01 -<\/title>\n<meta name=\"robots\" content=\"index, follow, max-snippet:-1, max-image-preview:large, max-video-preview:-1\" \/>\n<link rel=\"canonical\" href=\"https:\/\/www.domstavpro.com\/index.php\/produkt\/nejlepsi-cena-boki-infloor-konvektor-s-ventilatorem-24-v-f1s-17-090-08-01-54785\/\" \/>\n<meta property=\"og:locale\" content=\"cs_CZ\" \/>\n<meta property=\"og:type\" content=\"article\" \/>\n<meta property=\"og:title\" content=\"Nejlep\u0161\u00ed Cena BOKI InFloor Konvektor s ventil\u00e1torem 24 V, F1S-17-090-08-01 -\" \/>\n<meta property=\"og:description\" content=\"Zbo\u017e\u00ed je vyr\u00e1b\u011bno na zak\u00e1zku, po\u017eadujeme z\u00e1lohu ve v\u00fd\u0161i 50% p\u0159ed objedn\u00e1n\u00edm. Podlahov\u00e9 konvektory InFloor N\u00edzk\u00e1 a variabiln\u00ed v\u00fd\u0161ka podlahov\u00fdch konvektor\u016f InFloor umo\u017e\u0148uje bezprobl\u00e9movou instalaci v podlaze Otopn\u00e1 t\u011blesa BOKI slou\u017e\u00ed k zaji\u0161t\u011bn\u00ed optim\u00e1ln\u00ed tepeln\u00e9 pohody bytov\u00fdch, ob\u010dansk\u00fdch, komer\u010dn\u00edch, administrativn\u00edch i pr\u016fmyslov\u00fdch staveb. Specializujeme se na v\u00fdrobu sofistikovan\u00fdch produkt\u016f s vysokou p\u0159idanou hodnotou. Tyto produkty [&hellip;]\" \/>\n<meta property=\"og:url\" content=\"https:\/\/www.domstavpro.com\/index.php\/produkt\/nejlepsi-cena-boki-infloor-konvektor-s-ventilatorem-24-v-f1s-17-090-08-01-54785\/\" \/>\n<meta property=\"og:image\" content=\"https:\/\/www.domstavpro.com\/wp-content\/uploads\/2026\/SK0030847-CZ20260425-093449-0-1777080896-boki-infloor-konvektor-s-ventilatorem-24-v-f1s-17-090-08-01.webp\" \/>\n\t<meta property=\"og:image:width\" content=\"1000\" \/>\n\t<meta property=\"og:image:height\" content=\"525\" \/>\n\t<meta property=\"og:image:type\" content=\"image\/webp\" \/>\n<meta name=\"twitter:card\" content=\"summary_large_image\" \/>\n<meta name=\"twitter:label1\" content=\"Odhadovan\u00e1 doba \u010dten\u00ed\" \/>\n\t<meta name=\"twitter:data1\" content=\"2 minuty\" \/>\n<script type=\"application\/ld+json\" class=\"yoast-schema-graph\">{\"@context\":\"https:\/\/schema.org\",\"@graph\":[{\"@type\":\"WebPage\",\"@id\":\"https:\/\/www.domstavpro.com\/index.php\/produkt\/nejlepsi-cena-boki-infloor-konvektor-s-ventilatorem-24-v-f1s-17-090-08-01-54785\/\",\"url\":\"https:\/\/www.domstavpro.com\/index.php\/produkt\/nejlepsi-cena-boki-infloor-konvektor-s-ventilatorem-24-v-f1s-17-090-08-01-54785\/\",\"name\":\"Nejlep\u0161\u00ed Cena BOKI InFloor Konvektor s ventil\u00e1torem 24 V, F1S-17-090-08-01 -\",\"isPartOf\":{\"@id\":\"https:\/\/www.domstavpro.com\/#website\"},\"primaryImageOfPage\":{\"@id\":\"https:\/\/www.domstavpro.com\/index.php\/produkt\/nejlepsi-cena-boki-infloor-konvektor-s-ventilatorem-24-v-f1s-17-090-08-01-54785\/#primaryimage\"},\"image\":{\"@id\":\"https:\/\/www.domstavpro.com\/index.php\/produkt\/nejlepsi-cena-boki-infloor-konvektor-s-ventilatorem-24-v-f1s-17-090-08-01-54785\/#primaryimage\"},\"thumbnailUrl\":\"https:\/\/www.domstavpro.com\/wp-content\/uploads\/2026\/SK0030847-CZ20260425-093449-0-1777080896-boki-infloor-konvektor-s-ventilatorem-24-v-f1s-17-090-08-01.webp\",\"datePublished\":\"2026-04-27T15:10:04+00:00\",\"breadcrumb\":{\"@id\":\"https:\/\/www.domstavpro.com\/index.php\/produkt\/nejlepsi-cena-boki-infloor-konvektor-s-ventilatorem-24-v-f1s-17-090-08-01-54785\/#breadcrumb\"},\"inLanguage\":\"cs\",\"potentialAction\":[{\"@type\":\"ReadAction\",\"target\":[\"https:\/\/www.domstavpro.com\/index.php\/produkt\/nejlepsi-cena-boki-infloor-konvektor-s-ventilatorem-24-v-f1s-17-090-08-01-54785\/\"]}]},{\"@type\":\"ImageObject\",\"inLanguage\":\"cs\",\"@id\":\"https:\/\/www.domstavpro.com\/index.php\/produkt\/nejlepsi-cena-boki-infloor-konvektor-s-ventilatorem-24-v-f1s-17-090-08-01-54785\/#primaryimage\",\"url\":\"https:\/\/www.domstavpro.com\/wp-content\/uploads\/2026\/SK0030847-CZ20260425-093449-0-1777080896-boki-infloor-konvektor-s-ventilatorem-24-v-f1s-17-090-08-01.webp\",\"contentUrl\":\"https:\/\/www.domstavpro.com\/wp-content\/uploads\/2026\/SK0030847-CZ20260425-093449-0-1777080896-boki-infloor-konvektor-s-ventilatorem-24-v-f1s-17-090-08-01.webp\",\"width\":1000,\"height\":525},{\"@type\":\"BreadcrumbList\",\"@id\":\"https:\/\/www.domstavpro.com\/index.php\/produkt\/nejlepsi-cena-boki-infloor-konvektor-s-ventilatorem-24-v-f1s-17-090-08-01-54785\/#breadcrumb\",\"itemListElement\":[{\"@type\":\"ListItem\",\"position\":1,\"name\":\"Home\",\"item\":\"https:\/\/www.domstavpro.com\/\"},{\"@type\":\"ListItem\",\"position\":2,\"name\":\"Products\",\"item\":\"https:\/\/www.domstavpro.com\/index.php\/products\/\"},{\"@type\":\"ListItem\",\"position\":3,\"name\":\"Nejlep\u0161\u00ed Cena BOKI InFloor Konvektor s ventil\u00e1torem 24 V, F1S-17-090-08-01\"}]},{\"@type\":\"WebSite\",\"@id\":\"https:\/\/www.domstavpro.com\/#website\",\"url\":\"https:\/\/www.domstavpro.com\/\",\"name\":\"\",\"description\":\"\",\"potentialAction\":[{\"@type\":\"SearchAction\",\"target\":{\"@type\":\"EntryPoint\",\"urlTemplate\":\"https:\/\/www.domstavpro.com\/?s={search_term_string}\"},\"query-input\":{\"@type\":\"PropertyValueSpecification\",\"valueRequired\":true,\"valueName\":\"search_term_string\"}}],\"inLanguage\":\"cs\"}]}<\/script>\n<!-- \/ Yoast SEO plugin. -->","yoast_head_json":{"title":"Nejlep\u0161\u00ed Cena BOKI InFloor Konvektor s ventil\u00e1torem 24 V, F1S-17-090-08-01 -","robots":{"index":"index","follow":"follow","max-snippet":"max-snippet:-1","max-image-preview":"max-image-preview:large","max-video-preview":"max-video-preview:-1"},"canonical":"https:\/\/www.domstavpro.com\/index.php\/produkt\/nejlepsi-cena-boki-infloor-konvektor-s-ventilatorem-24-v-f1s-17-090-08-01-54785\/","og_locale":"cs_CZ","og_type":"article","og_title":"Nejlep\u0161\u00ed Cena BOKI InFloor Konvektor s ventil\u00e1torem 24 V, F1S-17-090-08-01 -","og_description":"Zbo\u017e\u00ed je vyr\u00e1b\u011bno na zak\u00e1zku, po\u017eadujeme z\u00e1lohu ve v\u00fd\u0161i 50% p\u0159ed objedn\u00e1n\u00edm. Podlahov\u00e9 konvektory InFloor N\u00edzk\u00e1 a variabiln\u00ed v\u00fd\u0161ka podlahov\u00fdch konvektor\u016f InFloor umo\u017e\u0148uje bezprobl\u00e9movou instalaci v podlaze Otopn\u00e1 t\u011blesa BOKI slou\u017e\u00ed k zaji\u0161t\u011bn\u00ed optim\u00e1ln\u00ed tepeln\u00e9 pohody bytov\u00fdch, ob\u010dansk\u00fdch, komer\u010dn\u00edch, administrativn\u00edch i pr\u016fmyslov\u00fdch staveb. Specializujeme se na v\u00fdrobu sofistikovan\u00fdch produkt\u016f s vysokou p\u0159idanou hodnotou. Tyto produkty [&hellip;]","og_url":"https:\/\/www.domstavpro.com\/index.php\/produkt\/nejlepsi-cena-boki-infloor-konvektor-s-ventilatorem-24-v-f1s-17-090-08-01-54785\/","og_image":[{"width":1000,"height":525,"url":"https:\/\/www.domstavpro.com\/wp-content\/uploads\/2026\/SK0030847-CZ20260425-093449-0-1777080896-boki-infloor-konvektor-s-ventilatorem-24-v-f1s-17-090-08-01.webp","type":"image\/webp"}],"twitter_card":"summary_large_image","twitter_misc":{"Odhadovan\u00e1 doba \u010dten\u00ed":"2 minuty"},"schema":{"@context":"https:\/\/schema.org","@graph":[{"@type":"WebPage","@id":"https:\/\/www.domstavpro.com\/index.php\/produkt\/nejlepsi-cena-boki-infloor-konvektor-s-ventilatorem-24-v-f1s-17-090-08-01-54785\/","url":"https:\/\/www.domstavpro.com\/index.php\/produkt\/nejlepsi-cena-boki-infloor-konvektor-s-ventilatorem-24-v-f1s-17-090-08-01-54785\/","name":"Nejlep\u0161\u00ed Cena BOKI InFloor Konvektor s ventil\u00e1torem 24 V, F1S-17-090-08-01 -","isPartOf":{"@id":"https:\/\/www.domstavpro.com\/#website"},"primaryImageOfPage":{"@id":"https:\/\/www.domstavpro.com\/index.php\/produkt\/nejlepsi-cena-boki-infloor-konvektor-s-ventilatorem-24-v-f1s-17-090-08-01-54785\/#primaryimage"},"image":{"@id":"https:\/\/www.domstavpro.com\/index.php\/produkt\/nejlepsi-cena-boki-infloor-konvektor-s-ventilatorem-24-v-f1s-17-090-08-01-54785\/#primaryimage"},"thumbnailUrl":"https:\/\/www.domstavpro.com\/wp-content\/uploads\/2026\/SK0030847-CZ20260425-093449-0-1777080896-boki-infloor-konvektor-s-ventilatorem-24-v-f1s-17-090-08-01.webp","datePublished":"2026-04-27T15:10:04+00:00","breadcrumb":{"@id":"https:\/\/www.domstavpro.com\/index.php\/produkt\/nejlepsi-cena-boki-infloor-konvektor-s-ventilatorem-24-v-f1s-17-090-08-01-54785\/#breadcrumb"},"inLanguage":"cs","potentialAction":[{"@type":"ReadAction","target":["https:\/\/www.domstavpro.com\/index.php\/produkt\/nejlepsi-cena-boki-infloor-konvektor-s-ventilatorem-24-v-f1s-17-090-08-01-54785\/"]}]},{"@type":"ImageObject","inLanguage":"cs","@id":"https:\/\/www.domstavpro.com\/index.php\/produkt\/nejlepsi-cena-boki-infloor-konvektor-s-ventilatorem-24-v-f1s-17-090-08-01-54785\/#primaryimage","url":"https:\/\/www.domstavpro.com\/wp-content\/uploads\/2026\/SK0030847-CZ20260425-093449-0-1777080896-boki-infloor-konvektor-s-ventilatorem-24-v-f1s-17-090-08-01.webp","contentUrl":"https:\/\/www.domstavpro.com\/wp-content\/uploads\/2026\/SK0030847-CZ20260425-093449-0-1777080896-boki-infloor-konvektor-s-ventilatorem-24-v-f1s-17-090-08-01.webp","width":1000,"height":525},{"@type":"BreadcrumbList","@id":"https:\/\/www.domstavpro.com\/index.php\/produkt\/nejlepsi-cena-boki-infloor-konvektor-s-ventilatorem-24-v-f1s-17-090-08-01-54785\/#breadcrumb","itemListElement":[{"@type":"ListItem","position":1,"name":"Home","item":"https:\/\/www.domstavpro.com\/"},{"@type":"ListItem","position":2,"name":"Products","item":"https:\/\/www.domstavpro.com\/index.php\/products\/"},{"@type":"ListItem","position":3,"name":"Nejlep\u0161\u00ed Cena BOKI InFloor Konvektor s ventil\u00e1torem 24 V, F1S-17-090-08-01"}]},{"@type":"WebSite","@id":"https:\/\/www.domstavpro.com\/#website","url":"https:\/\/www.domstavpro.com\/","name":"","description":"","potentialAction":[{"@type":"SearchAction","target":{"@type":"EntryPoint","urlTemplate":"https:\/\/www.domstavpro.com\/?s={search_term_string}"},"query-input":{"@type":"PropertyValueSpecification","valueRequired":true,"valueName":"search_term_string"}}],"inLanguage":"cs"}]}},"_links":{"self":[{"href":"https:\/\/www.domstavpro.com\/index.php\/wp-json\/wp\/v2\/product\/54785","targetHints":{"allow":["GET"]}}],"collection":[{"href":"https:\/\/www.domstavpro.com\/index.php\/wp-json\/wp\/v2\/product"}],"about":[{"href":"https:\/\/www.domstavpro.com\/index.php\/wp-json\/wp\/v2\/types\/product"}],"replies":[{"embeddable":true,"href":"https:\/\/www.domstavpro.com\/index.php\/wp-json\/wp\/v2\/comments?post=54785"}],"wp:featuredmedia":[{"embeddable":true,"href":"https:\/\/www.domstavpro.com\/index.php\/wp-json\/wp\/v2\/media\/54885"}],"wp:attachment":[{"href":"https:\/\/www.domstavpro.com\/index.php\/wp-json\/wp\/v2\/media?parent=54785"}],"wp:term":[{"taxonomy":"product_brand","embeddable":true,"href":"https:\/\/www.domstavpro.com\/index.php\/wp-json\/wp\/v2\/product_brand?post=54785"},{"taxonomy":"product_cat","embeddable":true,"href":"https:\/\/www.domstavpro.com\/index.php\/wp-json\/wp\/v2\/product_cat?post=54785"},{"taxonomy":"product_tag","embeddable":true,"href":"https:\/\/www.domstavpro.com\/index.php\/wp-json\/wp\/v2\/product_tag?post=54785"}],"curies":[{"name":"wp","href":"https:\/\/api.w.org\/{rel}","templated":true}]}}