{"id":54583,"date":"2026-04-27T15:10:04","date_gmt":"2026-04-27T15:10:04","guid":{"rendered":""},"modified":"2026-04-27T15:10:04","modified_gmt":"2026-04-27T15:10:04","slug":"zlevneny-opto-koupelnova-skrinka-vysoka-leve-otevirani-bila-400x1250x360-mm-54583","status":"publish","type":"product","link":"https:\/\/www.domstavpro.com\/index.php\/produkt\/zlevneny-opto-koupelnova-skrinka-vysoka-leve-otevirani-bila-400x1250x360-mm-54583\/","title":{"rendered":"Zlevn\u011bn\u00fd Opto, koupelnov\u00e1 sk\u0159\u00ed\u0148ka, vysok\u00e1, lev\u00e9 otev\u00edr\u00e1n\u00ed, b\u00edl\u00e1, 400x1250x360 mm"},"content":{"rendered":"<div id=\"e9204509\" class=\"pages\">\n<div>\n<div id=\"PDDescription\" class=\"UserContentView userContent v1a v1 bs-view dcon dc164 PDDescription\" ><dc-con><dc-con><bs-empty><\/bs-empty><\/dc-con><dc-con>        <\/p>\n<div class=\"customDescription\">                    <\/div>\n<p><\/dc-con><dc-con><\/p>\n<div>Jednoduchost, efektivnost, elegance. To jsou hlavn\u00ed spole\u010dn\u00e9 jmenovatele koupelnov\u00e9ho n\u00e1bytku, kter\u00fd ozdob\u00ed ka\u017edou koupelnu. Hrany sk\u0159\u00edn\u011bk jsou laserov\u011b opracov\u00e1ny. Sk\u0159\u00ed\u0148ka obsahuje 2 z\u00e1suvky a dv\u00ed\u0159ka za kter\u00fdmi se ukr\u00fdvaj\u00ed 2 police. Vyb\u00edrat m\u016f\u017eete ze 2 typ\u016f otev\u00edr\u00e1n\u00ed (lev\u00e9, prav\u00e9) a 3 barevn\u00fdch odst\u00edn\u016f: leskl\u00e1 b\u00edl\u00e1, dub Riviera a \u010dern\u00e1 supermat. Sk\u0159\u00ed\u0148ka se dod\u00e1v\u00e1 ve slo\u017een\u00e9m stavu.<\/div>\n<table class='techparam_table'>\n<tr>\n<td>Typ<\/td>\n<td>Vysok\u00e1<\/td>\n<\/tr>\n<tr>\n<td>Barva<\/td>\n<td>B\u00edl\u00e1<\/td>\n<\/tr>\n<tr>\n<td>S\u00e9rie<\/td>\n<td>Opto<\/td>\n<\/tr>\n<tr>\n<td>\u0160\u00ed\u0159ka<\/td>\n<td>401 mm<\/td>\n<\/tr>\n<tr>\n<td>Hloubka<\/td>\n<td>360 mm<\/td>\n<\/tr>\n<tr>\n<td>Um\u00edst\u011bn\u00ed<\/td>\n<td>K zav\u011b\u0161en\u00ed<\/td>\n<\/tr>\n<tr>\n<td>D\u00e9lka\/V\u00fd\u0161ka<\/td>\n<td>1247 mm<\/td>\n<\/tr>\n<\/table>\n<p><\/dc-con><\/dc-con><\/div>\n<\/p><\/div>\n<div id=\"PDTable3\" class=\"ProductDetailTableView v3a v3 bs-view dcon dc185 PDTable3\" >\n<table>\n<thead><\/thead>\n<tbody>\n<tr class=\"attribute attr_bsshop_maker\">\n<td class=\"caption\">V\u00fdrobce<\/td>\n<td class=\"value\">Mereo<\/td>\n<\/tr>\n<\/tbody>\n<\/table>\n<\/div>\n<div id=\"ProductMedia\" class=\"ProductMediaView MediaViewBase v1a v1 bs-view dcon dc409 ProductMedia\" ><bs-empty><\/bs-empty><\/p>\n<div class=\"files\">\n<div class=\"title sub\">Soubory<\/div>\n<p><a href=\"\/media\/11195\/opto-zavesne-skrinky.pdf?&amp;key=ZGpmIyQwNUZfMTExOTU=\" class=\"pdf\">Opto_zavesne_skrinky.pdf<\/a><a href=\"\/media\/31992\/opto-skrinky-navod-jazyky.pdf?&amp;key=ZGpmIyQwNUZfMzE5OTI=\" class=\"pdf\">OPTO_skrinky_navod_jazyky.pdf<\/a><a href=\"\/media\/43328\/w6756483e1e5d2-opto-skrinky-navod-jazyky-pdf-2024-04-02-12-01-09.pdf?&amp;key=ZGpmIyQwNUZfNDMzMjg=\" class=\"pdf\">w6756483e1e5d2-opto-skrinky-navod-jazyky-pdf-2024-04-02-12-01-09.pdf<\/a><\/div>\n<p><bs-empty><\/bs-empty><\/div>\n<div id=\"PdProductGpsr\" class=\"ProductGpsrView v1a v1 bs-view dcon dc217 PdProductGpsr\" >\n<div class=\"subject\"><dc-root class=\"dcon dc219\"><span class=\"title\">Zodpov\u011bdn&#253; subjekt:<\/span><dc-con><dc-con><span class=\"company\">MSO Trade a.s.<\/span><span class=\"name\">MSO Trade<\/span><\/dc-con><dc-con><span class=\"street\">Svatoborsk&#225; 1431\/87c<\/span><span class=\"city\">Kyjov<\/span><span class=\"zip\">697 01<\/span><span class=\"country\">\u010cesko<\/span><\/dc-con><span class=\"email\">objednavky@msotrade.cz<\/span><span class=\"phone\">518 398 831<\/span><bs-empty><\/bs-empty><a href=\"https:\/\/www.msotrade.cz\/kontakt\/\" class=\"link\" target=\"_blank\">https:\/\/www.msotrade.cz\/kontakt\/<\/a><\/dc-con><bs-empty><\/bs-empty><\/dc-root><\/div>\n<p><bs-empty><\/bs-empty><\/div>\n<\/div>\n<div id=\"e9204510\" class=\"tabs\">\n","protected":false},"excerpt":{"rendered":"<p>Jednoduchost, efektivnost, elegance. To jsou hlavn\u00ed spole\u010dn\u00e9 jmenovatele koupelnov\u00e9ho n\u00e1bytku, kter\u00fd ozdob\u00ed ka\u017edou koupelnu. Hrany sk\u0159\u00edn\u011bk jsou laserov\u011b opracov\u00e1ny. Sk\u0159\u00ed\u0148ka obsahuje 2 z\u00e1suvky a dv\u00ed\u0159ka za kter\u00fdmi se ukr\u00fdvaj\u00ed 2 police. Vyb\u00edrat m\u016f\u017eete ze 2 typ\u016f otev\u00edr\u00e1n\u00ed (lev\u00e9, prav\u00e9) a 3 barevn\u00fdch odst\u00edn\u016f: leskl\u00e1 b\u00edl\u00e1, dub Riviera a \u010dern\u00e1 supermat. Sk\u0159\u00ed\u0148ka se dod\u00e1v\u00e1 ve slo\u017een\u00e9m [&hellip;]<\/p>\n","protected":false},"featured_media":54683,"comment_status":"open","ping_status":"open","template":"","meta":[],"product_brand":[],"product_cat":[61],"product_tag":[],"class_list":{"0":"post-54583","1":"product","2":"type-product","3":"status-publish","4":"has-post-thumbnail","6":"product_cat-vybaven-237-koupelny","8":"first","9":"instock","10":"sale","11":"shipping-taxable","12":"purchasable","13":"product-type-simple"},"yoast_head":"<!-- This site is optimized with the Yoast SEO plugin v26.8 - https:\/\/yoast.com\/product\/yoast-seo-wordpress\/ -->\n<title>Zlevn\u011bn\u00fd Opto, koupelnov\u00e1 sk\u0159\u00ed\u0148ka, vysok\u00e1, lev\u00e9 otev\u00edr\u00e1n\u00ed, b\u00edl\u00e1, 400x1250x360 mm -<\/title>\n<meta name=\"robots\" content=\"index, follow, max-snippet:-1, max-image-preview:large, max-video-preview:-1\" \/>\n<link rel=\"canonical\" href=\"https:\/\/www.domstavpro.com\/index.php\/produkt\/zlevneny-opto-koupelnova-skrinka-vysoka-leve-otevirani-bila-400x1250x360-mm-54583\/\" \/>\n<meta property=\"og:locale\" content=\"cs_CZ\" \/>\n<meta property=\"og:type\" content=\"article\" \/>\n<meta property=\"og:title\" content=\"Zlevn\u011bn\u00fd Opto, koupelnov\u00e1 sk\u0159\u00ed\u0148ka, vysok\u00e1, lev\u00e9 otev\u00edr\u00e1n\u00ed, b\u00edl\u00e1, 400x1250x360 mm -\" \/>\n<meta property=\"og:description\" content=\"Jednoduchost, efektivnost, elegance. To jsou hlavn\u00ed spole\u010dn\u00e9 jmenovatele koupelnov\u00e9ho n\u00e1bytku, kter\u00fd ozdob\u00ed ka\u017edou koupelnu. Hrany sk\u0159\u00edn\u011bk jsou laserov\u011b opracov\u00e1ny. Sk\u0159\u00ed\u0148ka obsahuje 2 z\u00e1suvky a dv\u00ed\u0159ka za kter\u00fdmi se ukr\u00fdvaj\u00ed 2 police. Vyb\u00edrat m\u016f\u017eete ze 2 typ\u016f otev\u00edr\u00e1n\u00ed (lev\u00e9, prav\u00e9) a 3 barevn\u00fdch odst\u00edn\u016f: leskl\u00e1 b\u00edl\u00e1, dub Riviera a \u010dern\u00e1 supermat. Sk\u0159\u00ed\u0148ka se dod\u00e1v\u00e1 ve slo\u017een\u00e9m [&hellip;]\" \/>\n<meta property=\"og:url\" content=\"https:\/\/www.domstavpro.com\/index.php\/produkt\/zlevneny-opto-koupelnova-skrinka-vysoka-leve-otevirani-bila-400x1250x360-mm-54583\/\" \/>\n<meta property=\"og:image\" content=\"https:\/\/www.domstavpro.com\/wp-content\/uploads\/2026\/SK0030739-CZ20260425-093449-0-1777080896-opto-koupelnova-skrinka-vysoka-leve-otevirani-bila-400x1250.webp\" \/>\n\t<meta property=\"og:image:width\" content=\"1000\" \/>\n\t<meta property=\"og:image:height\" content=\"525\" \/>\n\t<meta property=\"og:image:type\" content=\"image\/webp\" \/>\n<meta name=\"twitter:card\" content=\"summary_large_image\" \/>\n<meta name=\"twitter:label1\" content=\"Odhadovan\u00e1 doba \u010dten\u00ed\" \/>\n\t<meta name=\"twitter:data1\" content=\"1 minuta\" \/>\n<script type=\"application\/ld+json\" class=\"yoast-schema-graph\">{\"@context\":\"https:\/\/schema.org\",\"@graph\":[{\"@type\":\"WebPage\",\"@id\":\"https:\/\/www.domstavpro.com\/index.php\/produkt\/zlevneny-opto-koupelnova-skrinka-vysoka-leve-otevirani-bila-400x1250x360-mm-54583\/\",\"url\":\"https:\/\/www.domstavpro.com\/index.php\/produkt\/zlevneny-opto-koupelnova-skrinka-vysoka-leve-otevirani-bila-400x1250x360-mm-54583\/\",\"name\":\"Zlevn\u011bn\u00fd Opto, koupelnov\u00e1 sk\u0159\u00ed\u0148ka, vysok\u00e1, lev\u00e9 otev\u00edr\u00e1n\u00ed, b\u00edl\u00e1, 400x1250x360 mm -\",\"isPartOf\":{\"@id\":\"https:\/\/www.domstavpro.com\/#website\"},\"primaryImageOfPage\":{\"@id\":\"https:\/\/www.domstavpro.com\/index.php\/produkt\/zlevneny-opto-koupelnova-skrinka-vysoka-leve-otevirani-bila-400x1250x360-mm-54583\/#primaryimage\"},\"image\":{\"@id\":\"https:\/\/www.domstavpro.com\/index.php\/produkt\/zlevneny-opto-koupelnova-skrinka-vysoka-leve-otevirani-bila-400x1250x360-mm-54583\/#primaryimage\"},\"thumbnailUrl\":\"https:\/\/www.domstavpro.com\/wp-content\/uploads\/2026\/SK0030739-CZ20260425-093449-0-1777080896-opto-koupelnova-skrinka-vysoka-leve-otevirani-bila-400x1250.webp\",\"datePublished\":\"2026-04-27T15:10:04+00:00\",\"breadcrumb\":{\"@id\":\"https:\/\/www.domstavpro.com\/index.php\/produkt\/zlevneny-opto-koupelnova-skrinka-vysoka-leve-otevirani-bila-400x1250x360-mm-54583\/#breadcrumb\"},\"inLanguage\":\"cs\",\"potentialAction\":[{\"@type\":\"ReadAction\",\"target\":[\"https:\/\/www.domstavpro.com\/index.php\/produkt\/zlevneny-opto-koupelnova-skrinka-vysoka-leve-otevirani-bila-400x1250x360-mm-54583\/\"]}]},{\"@type\":\"ImageObject\",\"inLanguage\":\"cs\",\"@id\":\"https:\/\/www.domstavpro.com\/index.php\/produkt\/zlevneny-opto-koupelnova-skrinka-vysoka-leve-otevirani-bila-400x1250x360-mm-54583\/#primaryimage\",\"url\":\"https:\/\/www.domstavpro.com\/wp-content\/uploads\/2026\/SK0030739-CZ20260425-093449-0-1777080896-opto-koupelnova-skrinka-vysoka-leve-otevirani-bila-400x1250.webp\",\"contentUrl\":\"https:\/\/www.domstavpro.com\/wp-content\/uploads\/2026\/SK0030739-CZ20260425-093449-0-1777080896-opto-koupelnova-skrinka-vysoka-leve-otevirani-bila-400x1250.webp\",\"width\":1000,\"height\":525},{\"@type\":\"BreadcrumbList\",\"@id\":\"https:\/\/www.domstavpro.com\/index.php\/produkt\/zlevneny-opto-koupelnova-skrinka-vysoka-leve-otevirani-bila-400x1250x360-mm-54583\/#breadcrumb\",\"itemListElement\":[{\"@type\":\"ListItem\",\"position\":1,\"name\":\"Home\",\"item\":\"https:\/\/www.domstavpro.com\/\"},{\"@type\":\"ListItem\",\"position\":2,\"name\":\"Products\",\"item\":\"https:\/\/www.domstavpro.com\/index.php\/products\/\"},{\"@type\":\"ListItem\",\"position\":3,\"name\":\"Zlevn\u011bn\u00fd Opto, koupelnov\u00e1 sk\u0159\u00ed\u0148ka, vysok\u00e1, lev\u00e9 otev\u00edr\u00e1n\u00ed, b\u00edl\u00e1, 400x1250x360 mm\"}]},{\"@type\":\"WebSite\",\"@id\":\"https:\/\/www.domstavpro.com\/#website\",\"url\":\"https:\/\/www.domstavpro.com\/\",\"name\":\"\",\"description\":\"\",\"potentialAction\":[{\"@type\":\"SearchAction\",\"target\":{\"@type\":\"EntryPoint\",\"urlTemplate\":\"https:\/\/www.domstavpro.com\/?s={search_term_string}\"},\"query-input\":{\"@type\":\"PropertyValueSpecification\",\"valueRequired\":true,\"valueName\":\"search_term_string\"}}],\"inLanguage\":\"cs\"}]}<\/script>\n<!-- \/ Yoast SEO plugin. -->","yoast_head_json":{"title":"Zlevn\u011bn\u00fd Opto, koupelnov\u00e1 sk\u0159\u00ed\u0148ka, vysok\u00e1, lev\u00e9 otev\u00edr\u00e1n\u00ed, b\u00edl\u00e1, 400x1250x360 mm -","robots":{"index":"index","follow":"follow","max-snippet":"max-snippet:-1","max-image-preview":"max-image-preview:large","max-video-preview":"max-video-preview:-1"},"canonical":"https:\/\/www.domstavpro.com\/index.php\/produkt\/zlevneny-opto-koupelnova-skrinka-vysoka-leve-otevirani-bila-400x1250x360-mm-54583\/","og_locale":"cs_CZ","og_type":"article","og_title":"Zlevn\u011bn\u00fd Opto, koupelnov\u00e1 sk\u0159\u00ed\u0148ka, vysok\u00e1, lev\u00e9 otev\u00edr\u00e1n\u00ed, b\u00edl\u00e1, 400x1250x360 mm -","og_description":"Jednoduchost, efektivnost, elegance. To jsou hlavn\u00ed spole\u010dn\u00e9 jmenovatele koupelnov\u00e9ho n\u00e1bytku, kter\u00fd ozdob\u00ed ka\u017edou koupelnu. Hrany sk\u0159\u00edn\u011bk jsou laserov\u011b opracov\u00e1ny. Sk\u0159\u00ed\u0148ka obsahuje 2 z\u00e1suvky a dv\u00ed\u0159ka za kter\u00fdmi se ukr\u00fdvaj\u00ed 2 police. Vyb\u00edrat m\u016f\u017eete ze 2 typ\u016f otev\u00edr\u00e1n\u00ed (lev\u00e9, prav\u00e9) a 3 barevn\u00fdch odst\u00edn\u016f: leskl\u00e1 b\u00edl\u00e1, dub Riviera a \u010dern\u00e1 supermat. Sk\u0159\u00ed\u0148ka se dod\u00e1v\u00e1 ve slo\u017een\u00e9m [&hellip;]","og_url":"https:\/\/www.domstavpro.com\/index.php\/produkt\/zlevneny-opto-koupelnova-skrinka-vysoka-leve-otevirani-bila-400x1250x360-mm-54583\/","og_image":[{"width":1000,"height":525,"url":"https:\/\/www.domstavpro.com\/wp-content\/uploads\/2026\/SK0030739-CZ20260425-093449-0-1777080896-opto-koupelnova-skrinka-vysoka-leve-otevirani-bila-400x1250.webp","type":"image\/webp"}],"twitter_card":"summary_large_image","twitter_misc":{"Odhadovan\u00e1 doba \u010dten\u00ed":"1 minuta"},"schema":{"@context":"https:\/\/schema.org","@graph":[{"@type":"WebPage","@id":"https:\/\/www.domstavpro.com\/index.php\/produkt\/zlevneny-opto-koupelnova-skrinka-vysoka-leve-otevirani-bila-400x1250x360-mm-54583\/","url":"https:\/\/www.domstavpro.com\/index.php\/produkt\/zlevneny-opto-koupelnova-skrinka-vysoka-leve-otevirani-bila-400x1250x360-mm-54583\/","name":"Zlevn\u011bn\u00fd Opto, koupelnov\u00e1 sk\u0159\u00ed\u0148ka, vysok\u00e1, lev\u00e9 otev\u00edr\u00e1n\u00ed, b\u00edl\u00e1, 400x1250x360 mm -","isPartOf":{"@id":"https:\/\/www.domstavpro.com\/#website"},"primaryImageOfPage":{"@id":"https:\/\/www.domstavpro.com\/index.php\/produkt\/zlevneny-opto-koupelnova-skrinka-vysoka-leve-otevirani-bila-400x1250x360-mm-54583\/#primaryimage"},"image":{"@id":"https:\/\/www.domstavpro.com\/index.php\/produkt\/zlevneny-opto-koupelnova-skrinka-vysoka-leve-otevirani-bila-400x1250x360-mm-54583\/#primaryimage"},"thumbnailUrl":"https:\/\/www.domstavpro.com\/wp-content\/uploads\/2026\/SK0030739-CZ20260425-093449-0-1777080896-opto-koupelnova-skrinka-vysoka-leve-otevirani-bila-400x1250.webp","datePublished":"2026-04-27T15:10:04+00:00","breadcrumb":{"@id":"https:\/\/www.domstavpro.com\/index.php\/produkt\/zlevneny-opto-koupelnova-skrinka-vysoka-leve-otevirani-bila-400x1250x360-mm-54583\/#breadcrumb"},"inLanguage":"cs","potentialAction":[{"@type":"ReadAction","target":["https:\/\/www.domstavpro.com\/index.php\/produkt\/zlevneny-opto-koupelnova-skrinka-vysoka-leve-otevirani-bila-400x1250x360-mm-54583\/"]}]},{"@type":"ImageObject","inLanguage":"cs","@id":"https:\/\/www.domstavpro.com\/index.php\/produkt\/zlevneny-opto-koupelnova-skrinka-vysoka-leve-otevirani-bila-400x1250x360-mm-54583\/#primaryimage","url":"https:\/\/www.domstavpro.com\/wp-content\/uploads\/2026\/SK0030739-CZ20260425-093449-0-1777080896-opto-koupelnova-skrinka-vysoka-leve-otevirani-bila-400x1250.webp","contentUrl":"https:\/\/www.domstavpro.com\/wp-content\/uploads\/2026\/SK0030739-CZ20260425-093449-0-1777080896-opto-koupelnova-skrinka-vysoka-leve-otevirani-bila-400x1250.webp","width":1000,"height":525},{"@type":"BreadcrumbList","@id":"https:\/\/www.domstavpro.com\/index.php\/produkt\/zlevneny-opto-koupelnova-skrinka-vysoka-leve-otevirani-bila-400x1250x360-mm-54583\/#breadcrumb","itemListElement":[{"@type":"ListItem","position":1,"name":"Home","item":"https:\/\/www.domstavpro.com\/"},{"@type":"ListItem","position":2,"name":"Products","item":"https:\/\/www.domstavpro.com\/index.php\/products\/"},{"@type":"ListItem","position":3,"name":"Zlevn\u011bn\u00fd Opto, koupelnov\u00e1 sk\u0159\u00ed\u0148ka, vysok\u00e1, lev\u00e9 otev\u00edr\u00e1n\u00ed, b\u00edl\u00e1, 400x1250x360 mm"}]},{"@type":"WebSite","@id":"https:\/\/www.domstavpro.com\/#website","url":"https:\/\/www.domstavpro.com\/","name":"","description":"","potentialAction":[{"@type":"SearchAction","target":{"@type":"EntryPoint","urlTemplate":"https:\/\/www.domstavpro.com\/?s={search_term_string}"},"query-input":{"@type":"PropertyValueSpecification","valueRequired":true,"valueName":"search_term_string"}}],"inLanguage":"cs"}]}},"_links":{"self":[{"href":"https:\/\/www.domstavpro.com\/index.php\/wp-json\/wp\/v2\/product\/54583","targetHints":{"allow":["GET"]}}],"collection":[{"href":"https:\/\/www.domstavpro.com\/index.php\/wp-json\/wp\/v2\/product"}],"about":[{"href":"https:\/\/www.domstavpro.com\/index.php\/wp-json\/wp\/v2\/types\/product"}],"replies":[{"embeddable":true,"href":"https:\/\/www.domstavpro.com\/index.php\/wp-json\/wp\/v2\/comments?post=54583"}],"wp:featuredmedia":[{"embeddable":true,"href":"https:\/\/www.domstavpro.com\/index.php\/wp-json\/wp\/v2\/media\/54683"}],"wp:attachment":[{"href":"https:\/\/www.domstavpro.com\/index.php\/wp-json\/wp\/v2\/media?parent=54583"}],"wp:term":[{"taxonomy":"product_brand","embeddable":true,"href":"https:\/\/www.domstavpro.com\/index.php\/wp-json\/wp\/v2\/product_brand?post=54583"},{"taxonomy":"product_cat","embeddable":true,"href":"https:\/\/www.domstavpro.com\/index.php\/wp-json\/wp\/v2\/product_cat?post=54583"},{"taxonomy":"product_tag","embeddable":true,"href":"https:\/\/www.domstavpro.com\/index.php\/wp-json\/wp\/v2\/product_tag?post=54583"}],"curies":[{"name":"wp","href":"https:\/\/api.w.org\/{rel}","templated":true}]}}