{"id":53561,"date":"2026-04-27T15:10:02","date_gmt":"2026-04-27T15:10:02","guid":{"rendered":""},"modified":"2026-04-27T15:10:02","modified_gmt":"2026-04-27T15:10:02","slug":"akce-koupelnova-skrinka-take-it-szd2-120-n01-bila-lesk-uchytka-t01-n01-bila-lesk-53561","status":"publish","type":"product","link":"https:\/\/www.domstavpro.com\/index.php\/produkt\/akce-koupelnova-skrinka-take-it-szd2-120-n01-bila-lesk-uchytka-t01-n01-bila-lesk-53561\/","title":{"rendered":"Akce Koupelnov\u00e1 sk\u0159\u00ed\u0148ka TAKE IT SZD2 120 &#8211; N01 B\u00edl\u00e1 lesk \/ \u00dachytka T01 \/ N01 B\u00edl\u00e1 lesk"},"content":{"rendered":"<div class=\"basic-description\">\n<h3>Detailn\u00ed popis produktu<\/h3>\n<p>Hled\u00e1te praktickou a prostornou umyvadlovou sk\u0159\u00ed\u0148ku s elegantn\u00edm a designov\u00fdm umyvadlem? Vsa\u010fte na kolekci<span> <\/span>TAKE IT, kter\u00e1 krom\u011b jedno a dvouz\u00e1suvkov\u00e9ho proveden\u00ed nab\u00edz\u00ed i dve\u0159ovou variantu. Umyvadlov\u00e1 sk\u0159\u00ed\u0148ka<span> <\/span><strong>TAKE IT SZD2 120<\/strong><span> m\u00e1 sn\u00ed\u017eenou hloubku a d\u00edky tomu v\u00e1m u\u0161et\u0159\u00ed m\u00edsto v kter\u00e9koliv koupeln\u011b.<\/span><\/p>\n<h2><strong>Parametry<\/strong><\/h2>\n<p>Umyvadlov\u00e1 sk\u0159\u00ed\u0148ka<span> <\/span><strong>TAKE IT SZD2 120<\/strong><span> je konstruov\u00e1na ve dve\u0159ov\u00e9m proveden\u00ed a s dv\u00ed\u0159ky, kter\u00e1 jsou usazena na zna\u010dkov\u00e9m kov\u00e1n\u00ed Hettich s do\u017eivotn\u00ed z\u00e1rukou. Vnit\u0159n\u00ed prostor nen\u00ed d\u011blen, tud\u00ed\u017e do sk\u0159\u00ed\u0148ky bez probl\u00e9m\u016f ulo\u017e\u00edte i objemn\u011bj\u0161\u00ed p\u0159edm\u011bty.<\/span> <\/p>\n<p>Dv\u00ed\u0159ka sk\u0159\u00ed\u0148ky se otev\u00edraj\u00ed pomoc\u00ed \u00fachytky, vybrat si m\u016f\u017eete ze sedmi typ\u016f:<\/p>\n<ul>\n<li>T01 &#8211; obl\u00e1 \u00fachytka s matn\u00fdm povrchem<\/li>\n<li>T02 &#8211; elegantn\u00ed kovov\u00e1 \u00fachytka vyroben\u00e1 z ocele<\/li>\n<li>T03 &#8211; hranat\u00e1 \u00fachytka s pochromovan\u00fdm povrchem<\/li>\n<li>T04 &#8211; \u00fachytka s pochromovan\u00fdm a bly\u0161tiv\u00fdm povrchem<\/li>\n<li>T05 &#8211; chromovan\u00e1 \u00fachytka<\/li>\n<li>T06 &#8211; tmav\u00e1 \u00fachytka<\/li>\n<li>T07 &#8211; \u010dern\u00e1 mat<\/li>\n<\/ul>\n<h3><strong>Umyvadlo<\/strong><\/h3>\n<p><span>Cena sk\u0159\u00ed\u0148ky zahrnuje elegantn\u00ed keramick\u00e9 <\/span>umyvadlo Drea Plus 120 <span style=\"font-size: 16px;\">s v\u00fdjime\u010dn\u00fdmi tvary, kter\u00e9 vnesou do va\u0161\u00ed koupelny pot\u0159ebnou d\u00e1vku sv\u011b\u017eesti a pohybu. Umyvadlo je velmi prostorn\u00e9 a zaru\u010d\u00ed v\u00e1m dostate\u010dn\u00fd komfort p\u0159i b\u011b\u017en\u00e9 hygien\u011b.<\/span><\/p>\n<h3><strong>Povrchov\u00e9 \u00fapravy<\/strong><\/h3>\n<p>Vyb\u00edrat m\u016f\u017eete z klasick\u00fdch dekor\u016f, nebo elegantn\u00edch d\u0159evodekor\u016f, kter\u00e9 prom\u011bn\u00ed va\u0161i koupelnu v \u00fatuln\u00fd a p\u0159\u00edjemn\u00fd prostor. <\/p>\n<h2><strong>V\u00fdhody sk\u0159\u00ed\u0148ky<\/strong><\/h2>\n<ul>\n<li>Na umyvadlovou sk\u0159\u00ed\u0148ku a umyvadlo se vztahuje<span> <\/span><strong>prodlou\u017een\u00e1 z\u00e1ruka 5 let<\/strong>.<\/li>\n<li>Dv\u00ed\u0159ka sk\u0159\u00ed\u0148ky jsou usazena na zna\u010dkov\u00e9mu kov\u00e1n\u00ed Hettich.<\/li>\n<li><strong>Na kov\u00e1n\u00ed d\u00e1v\u00e1me do\u017eivotn\u00ed z\u00e1ruku<\/strong>.<\/li>\n<li>Sou\u010d\u00e1st\u00ed ceny sk\u0159\u00ed\u0148ky je elegantn\u011b tvarovan\u00e9 umyvadlo Dreja Plus 120.<\/li>\n<li>Sk\u0159\u00ed\u0148ka m\u00e1 sn\u00ed\u017eenou hloubku, d\u00edky tomu v\u00e1m v prostoru u\u0161et\u0159\u00ed mnoho m\u00edsta.<\/li>\n<\/ul><\/div>\n","protected":false},"excerpt":{"rendered":"<p>Detailn\u00ed popis produktu Hled\u00e1te praktickou a prostornou umyvadlovou sk\u0159\u00ed\u0148ku s elegantn\u00edm a designov\u00fdm umyvadlem? Vsa\u010fte na kolekci TAKE IT, kter\u00e1 krom\u011b jedno a dvouz\u00e1suvkov\u00e9ho proveden\u00ed nab\u00edz\u00ed i dve\u0159ovou variantu. Umyvadlov\u00e1 sk\u0159\u00ed\u0148ka TAKE IT SZD2 120 m\u00e1 sn\u00ed\u017eenou hloubku a d\u00edky tomu v\u00e1m u\u0161et\u0159\u00ed m\u00edsto v kter\u00e9koliv koupeln\u011b. Parametry Umyvadlov\u00e1 sk\u0159\u00ed\u0148ka TAKE IT SZD2 120 je [&hellip;]<\/p>\n","protected":false},"featured_media":53661,"comment_status":"open","ping_status":"open","template":"","meta":[],"product_brand":[],"product_cat":[56],"product_tag":[],"class_list":{"0":"post-53561","1":"product","2":"type-product","3":"status-publish","4":"has-post-thumbnail","6":"product_cat-koupelny-a-sanitarni-technika","8":"first","9":"instock","10":"sale","11":"shipping-taxable","12":"purchasable","13":"product-type-simple"},"yoast_head":"<!-- This site is optimized with the Yoast SEO plugin v26.8 - https:\/\/yoast.com\/product\/yoast-seo-wordpress\/ -->\n<title>Akce Koupelnov\u00e1 sk\u0159\u00ed\u0148ka TAKE IT SZD2 120 - N01 B\u00edl\u00e1 lesk \/ \u00dachytka T01 \/ N01 B\u00edl\u00e1 lesk -<\/title>\n<meta name=\"robots\" content=\"index, follow, max-snippet:-1, max-image-preview:large, max-video-preview:-1\" \/>\n<link rel=\"canonical\" href=\"https:\/\/www.domstavpro.com\/index.php\/produkt\/akce-koupelnova-skrinka-take-it-szd2-120-n01-bila-lesk-uchytka-t01-n01-bila-lesk-53561\/\" \/>\n<meta property=\"og:locale\" content=\"cs_CZ\" \/>\n<meta property=\"og:type\" content=\"article\" \/>\n<meta property=\"og:title\" content=\"Akce Koupelnov\u00e1 sk\u0159\u00ed\u0148ka TAKE IT SZD2 120 - N01 B\u00edl\u00e1 lesk \/ \u00dachytka T01 \/ N01 B\u00edl\u00e1 lesk -\" \/>\n<meta property=\"og:description\" content=\"Detailn\u00ed popis produktu Hled\u00e1te praktickou a prostornou umyvadlovou sk\u0159\u00ed\u0148ku s elegantn\u00edm a designov\u00fdm umyvadlem? Vsa\u010fte na kolekci TAKE IT, kter\u00e1 krom\u011b jedno a dvouz\u00e1suvkov\u00e9ho proveden\u00ed nab\u00edz\u00ed i dve\u0159ovou variantu. Umyvadlov\u00e1 sk\u0159\u00ed\u0148ka TAKE IT SZD2 120 m\u00e1 sn\u00ed\u017eenou hloubku a d\u00edky tomu v\u00e1m u\u0161et\u0159\u00ed m\u00edsto v kter\u00e9koliv koupeln\u011b. Parametry Umyvadlov\u00e1 sk\u0159\u00ed\u0148ka TAKE IT SZD2 120 je [&hellip;]\" \/>\n<meta property=\"og:url\" content=\"https:\/\/www.domstavpro.com\/index.php\/produkt\/akce-koupelnova-skrinka-take-it-szd2-120-n01-bila-lesk-uchytka-t01-n01-bila-lesk-53561\/\" \/>\n<meta property=\"og:image\" content=\"https:\/\/www.domstavpro.com\/wp-content\/uploads\/2026\/SK0034690-CZ20260425-093351-0-1777080838-871896_koupelnova-skrinka-take-it-szd2-120-n01-bila-lesk-uc.webp\" \/>\n\t<meta property=\"og:image:width\" content=\"1000\" \/>\n\t<meta property=\"og:image:height\" content=\"750\" \/>\n\t<meta property=\"og:image:type\" content=\"image\/webp\" \/>\n<meta name=\"twitter:card\" content=\"summary_large_image\" \/>\n<meta name=\"twitter:label1\" content=\"Odhadovan\u00e1 doba \u010dten\u00ed\" \/>\n\t<meta name=\"twitter:data1\" content=\"2 minuty\" \/>\n<script type=\"application\/ld+json\" class=\"yoast-schema-graph\">{\"@context\":\"https:\/\/schema.org\",\"@graph\":[{\"@type\":\"WebPage\",\"@id\":\"https:\/\/www.domstavpro.com\/index.php\/produkt\/akce-koupelnova-skrinka-take-it-szd2-120-n01-bila-lesk-uchytka-t01-n01-bila-lesk-53561\/\",\"url\":\"https:\/\/www.domstavpro.com\/index.php\/produkt\/akce-koupelnova-skrinka-take-it-szd2-120-n01-bila-lesk-uchytka-t01-n01-bila-lesk-53561\/\",\"name\":\"Akce Koupelnov\u00e1 sk\u0159\u00ed\u0148ka TAKE IT SZD2 120 - N01 B\u00edl\u00e1 lesk \/ \u00dachytka T01 \/ N01 B\u00edl\u00e1 lesk -\",\"isPartOf\":{\"@id\":\"https:\/\/www.domstavpro.com\/#website\"},\"primaryImageOfPage\":{\"@id\":\"https:\/\/www.domstavpro.com\/index.php\/produkt\/akce-koupelnova-skrinka-take-it-szd2-120-n01-bila-lesk-uchytka-t01-n01-bila-lesk-53561\/#primaryimage\"},\"image\":{\"@id\":\"https:\/\/www.domstavpro.com\/index.php\/produkt\/akce-koupelnova-skrinka-take-it-szd2-120-n01-bila-lesk-uchytka-t01-n01-bila-lesk-53561\/#primaryimage\"},\"thumbnailUrl\":\"https:\/\/www.domstavpro.com\/wp-content\/uploads\/2026\/SK0034690-CZ20260425-093351-0-1777080838-871896_koupelnova-skrinka-take-it-szd2-120-n01-bila-lesk-uc.webp\",\"datePublished\":\"2026-04-27T15:10:02+00:00\",\"breadcrumb\":{\"@id\":\"https:\/\/www.domstavpro.com\/index.php\/produkt\/akce-koupelnova-skrinka-take-it-szd2-120-n01-bila-lesk-uchytka-t01-n01-bila-lesk-53561\/#breadcrumb\"},\"inLanguage\":\"cs\",\"potentialAction\":[{\"@type\":\"ReadAction\",\"target\":[\"https:\/\/www.domstavpro.com\/index.php\/produkt\/akce-koupelnova-skrinka-take-it-szd2-120-n01-bila-lesk-uchytka-t01-n01-bila-lesk-53561\/\"]}]},{\"@type\":\"ImageObject\",\"inLanguage\":\"cs\",\"@id\":\"https:\/\/www.domstavpro.com\/index.php\/produkt\/akce-koupelnova-skrinka-take-it-szd2-120-n01-bila-lesk-uchytka-t01-n01-bila-lesk-53561\/#primaryimage\",\"url\":\"https:\/\/www.domstavpro.com\/wp-content\/uploads\/2026\/SK0034690-CZ20260425-093351-0-1777080838-871896_koupelnova-skrinka-take-it-szd2-120-n01-bila-lesk-uc.webp\",\"contentUrl\":\"https:\/\/www.domstavpro.com\/wp-content\/uploads\/2026\/SK0034690-CZ20260425-093351-0-1777080838-871896_koupelnova-skrinka-take-it-szd2-120-n01-bila-lesk-uc.webp\",\"width\":1000,\"height\":750},{\"@type\":\"BreadcrumbList\",\"@id\":\"https:\/\/www.domstavpro.com\/index.php\/produkt\/akce-koupelnova-skrinka-take-it-szd2-120-n01-bila-lesk-uchytka-t01-n01-bila-lesk-53561\/#breadcrumb\",\"itemListElement\":[{\"@type\":\"ListItem\",\"position\":1,\"name\":\"Home\",\"item\":\"https:\/\/www.domstavpro.com\/\"},{\"@type\":\"ListItem\",\"position\":2,\"name\":\"Products\",\"item\":\"https:\/\/www.domstavpro.com\/index.php\/products\/\"},{\"@type\":\"ListItem\",\"position\":3,\"name\":\"Akce Koupelnov\u00e1 sk\u0159\u00ed\u0148ka TAKE IT SZD2 120 &#8211; N01 B\u00edl\u00e1 lesk \/ \u00dachytka T01 \/ N01 B\u00edl\u00e1 lesk\"}]},{\"@type\":\"WebSite\",\"@id\":\"https:\/\/www.domstavpro.com\/#website\",\"url\":\"https:\/\/www.domstavpro.com\/\",\"name\":\"\",\"description\":\"\",\"potentialAction\":[{\"@type\":\"SearchAction\",\"target\":{\"@type\":\"EntryPoint\",\"urlTemplate\":\"https:\/\/www.domstavpro.com\/?s={search_term_string}\"},\"query-input\":{\"@type\":\"PropertyValueSpecification\",\"valueRequired\":true,\"valueName\":\"search_term_string\"}}],\"inLanguage\":\"cs\"}]}<\/script>\n<!-- \/ Yoast SEO plugin. -->","yoast_head_json":{"title":"Akce Koupelnov\u00e1 sk\u0159\u00ed\u0148ka TAKE IT SZD2 120 - N01 B\u00edl\u00e1 lesk \/ \u00dachytka T01 \/ N01 B\u00edl\u00e1 lesk -","robots":{"index":"index","follow":"follow","max-snippet":"max-snippet:-1","max-image-preview":"max-image-preview:large","max-video-preview":"max-video-preview:-1"},"canonical":"https:\/\/www.domstavpro.com\/index.php\/produkt\/akce-koupelnova-skrinka-take-it-szd2-120-n01-bila-lesk-uchytka-t01-n01-bila-lesk-53561\/","og_locale":"cs_CZ","og_type":"article","og_title":"Akce Koupelnov\u00e1 sk\u0159\u00ed\u0148ka TAKE IT SZD2 120 - N01 B\u00edl\u00e1 lesk \/ \u00dachytka T01 \/ N01 B\u00edl\u00e1 lesk -","og_description":"Detailn\u00ed popis produktu Hled\u00e1te praktickou a prostornou umyvadlovou sk\u0159\u00ed\u0148ku s elegantn\u00edm a designov\u00fdm umyvadlem? Vsa\u010fte na kolekci TAKE IT, kter\u00e1 krom\u011b jedno a dvouz\u00e1suvkov\u00e9ho proveden\u00ed nab\u00edz\u00ed i dve\u0159ovou variantu. Umyvadlov\u00e1 sk\u0159\u00ed\u0148ka TAKE IT SZD2 120 m\u00e1 sn\u00ed\u017eenou hloubku a d\u00edky tomu v\u00e1m u\u0161et\u0159\u00ed m\u00edsto v kter\u00e9koliv koupeln\u011b. Parametry Umyvadlov\u00e1 sk\u0159\u00ed\u0148ka TAKE IT SZD2 120 je [&hellip;]","og_url":"https:\/\/www.domstavpro.com\/index.php\/produkt\/akce-koupelnova-skrinka-take-it-szd2-120-n01-bila-lesk-uchytka-t01-n01-bila-lesk-53561\/","og_image":[{"width":1000,"height":750,"url":"https:\/\/www.domstavpro.com\/wp-content\/uploads\/2026\/SK0034690-CZ20260425-093351-0-1777080838-871896_koupelnova-skrinka-take-it-szd2-120-n01-bila-lesk-uc.webp","type":"image\/webp"}],"twitter_card":"summary_large_image","twitter_misc":{"Odhadovan\u00e1 doba \u010dten\u00ed":"2 minuty"},"schema":{"@context":"https:\/\/schema.org","@graph":[{"@type":"WebPage","@id":"https:\/\/www.domstavpro.com\/index.php\/produkt\/akce-koupelnova-skrinka-take-it-szd2-120-n01-bila-lesk-uchytka-t01-n01-bila-lesk-53561\/","url":"https:\/\/www.domstavpro.com\/index.php\/produkt\/akce-koupelnova-skrinka-take-it-szd2-120-n01-bila-lesk-uchytka-t01-n01-bila-lesk-53561\/","name":"Akce Koupelnov\u00e1 sk\u0159\u00ed\u0148ka TAKE IT SZD2 120 - N01 B\u00edl\u00e1 lesk \/ \u00dachytka T01 \/ N01 B\u00edl\u00e1 lesk -","isPartOf":{"@id":"https:\/\/www.domstavpro.com\/#website"},"primaryImageOfPage":{"@id":"https:\/\/www.domstavpro.com\/index.php\/produkt\/akce-koupelnova-skrinka-take-it-szd2-120-n01-bila-lesk-uchytka-t01-n01-bila-lesk-53561\/#primaryimage"},"image":{"@id":"https:\/\/www.domstavpro.com\/index.php\/produkt\/akce-koupelnova-skrinka-take-it-szd2-120-n01-bila-lesk-uchytka-t01-n01-bila-lesk-53561\/#primaryimage"},"thumbnailUrl":"https:\/\/www.domstavpro.com\/wp-content\/uploads\/2026\/SK0034690-CZ20260425-093351-0-1777080838-871896_koupelnova-skrinka-take-it-szd2-120-n01-bila-lesk-uc.webp","datePublished":"2026-04-27T15:10:02+00:00","breadcrumb":{"@id":"https:\/\/www.domstavpro.com\/index.php\/produkt\/akce-koupelnova-skrinka-take-it-szd2-120-n01-bila-lesk-uchytka-t01-n01-bila-lesk-53561\/#breadcrumb"},"inLanguage":"cs","potentialAction":[{"@type":"ReadAction","target":["https:\/\/www.domstavpro.com\/index.php\/produkt\/akce-koupelnova-skrinka-take-it-szd2-120-n01-bila-lesk-uchytka-t01-n01-bila-lesk-53561\/"]}]},{"@type":"ImageObject","inLanguage":"cs","@id":"https:\/\/www.domstavpro.com\/index.php\/produkt\/akce-koupelnova-skrinka-take-it-szd2-120-n01-bila-lesk-uchytka-t01-n01-bila-lesk-53561\/#primaryimage","url":"https:\/\/www.domstavpro.com\/wp-content\/uploads\/2026\/SK0034690-CZ20260425-093351-0-1777080838-871896_koupelnova-skrinka-take-it-szd2-120-n01-bila-lesk-uc.webp","contentUrl":"https:\/\/www.domstavpro.com\/wp-content\/uploads\/2026\/SK0034690-CZ20260425-093351-0-1777080838-871896_koupelnova-skrinka-take-it-szd2-120-n01-bila-lesk-uc.webp","width":1000,"height":750},{"@type":"BreadcrumbList","@id":"https:\/\/www.domstavpro.com\/index.php\/produkt\/akce-koupelnova-skrinka-take-it-szd2-120-n01-bila-lesk-uchytka-t01-n01-bila-lesk-53561\/#breadcrumb","itemListElement":[{"@type":"ListItem","position":1,"name":"Home","item":"https:\/\/www.domstavpro.com\/"},{"@type":"ListItem","position":2,"name":"Products","item":"https:\/\/www.domstavpro.com\/index.php\/products\/"},{"@type":"ListItem","position":3,"name":"Akce Koupelnov\u00e1 sk\u0159\u00ed\u0148ka TAKE IT SZD2 120 &#8211; N01 B\u00edl\u00e1 lesk \/ \u00dachytka T01 \/ N01 B\u00edl\u00e1 lesk"}]},{"@type":"WebSite","@id":"https:\/\/www.domstavpro.com\/#website","url":"https:\/\/www.domstavpro.com\/","name":"","description":"","potentialAction":[{"@type":"SearchAction","target":{"@type":"EntryPoint","urlTemplate":"https:\/\/www.domstavpro.com\/?s={search_term_string}"},"query-input":{"@type":"PropertyValueSpecification","valueRequired":true,"valueName":"search_term_string"}}],"inLanguage":"cs"}]}},"_links":{"self":[{"href":"https:\/\/www.domstavpro.com\/index.php\/wp-json\/wp\/v2\/product\/53561","targetHints":{"allow":["GET"]}}],"collection":[{"href":"https:\/\/www.domstavpro.com\/index.php\/wp-json\/wp\/v2\/product"}],"about":[{"href":"https:\/\/www.domstavpro.com\/index.php\/wp-json\/wp\/v2\/types\/product"}],"replies":[{"embeddable":true,"href":"https:\/\/www.domstavpro.com\/index.php\/wp-json\/wp\/v2\/comments?post=53561"}],"wp:featuredmedia":[{"embeddable":true,"href":"https:\/\/www.domstavpro.com\/index.php\/wp-json\/wp\/v2\/media\/53661"}],"wp:attachment":[{"href":"https:\/\/www.domstavpro.com\/index.php\/wp-json\/wp\/v2\/media?parent=53561"}],"wp:term":[{"taxonomy":"product_brand","embeddable":true,"href":"https:\/\/www.domstavpro.com\/index.php\/wp-json\/wp\/v2\/product_brand?post=53561"},{"taxonomy":"product_cat","embeddable":true,"href":"https:\/\/www.domstavpro.com\/index.php\/wp-json\/wp\/v2\/product_cat?post=53561"},{"taxonomy":"product_tag","embeddable":true,"href":"https:\/\/www.domstavpro.com\/index.php\/wp-json\/wp\/v2\/product_tag?post=53561"}],"curies":[{"name":"wp","href":"https:\/\/api.w.org\/{rel}","templated":true}]}}