{"id":52952,"date":"2026-04-27T15:10:00","date_gmt":"2026-04-27T15:10:00","guid":{"rendered":""},"modified":"2026-04-27T15:10:00","modified_gmt":"2026-04-27T15:10:00","slug":"znackovy-vysoka-skrin-invence-svd2o-35-l01-bila-vysoky-lesk-d10-borovice-jackson-leve-52952","status":"publish","type":"product","link":"https:\/\/www.domstavpro.com\/index.php\/produkt\/znackovy-vysoka-skrin-invence-svd2o-35-l01-bila-vysoky-lesk-d10-borovice-jackson-leve-52952\/","title":{"rendered":"Zna\u010dkov\u00fd Vysok\u00e1 sk\u0159\u00ed\u0148 INVENCE SVD2O 35 &#8211; L01 B\u00edl\u00e1 vysok\u00fd lesk \/ D10 Borovice Jackson \/ Lev\u00e9"},"content":{"rendered":"<div class=\"basic-description\">\n<h3>Detailn\u00ed popis produktu<\/h3>\n<p>Tou\u017e\u00edte po sjednocen\u00e9 koupeln\u011b, ve kter\u00e9 vynikne ka\u017ed\u00fd detail? Kolekce INVENCE, jedna z nejprod\u00e1van\u011bj\u0161\u00edch kolekc\u00ed koupelnov\u00e9ho n\u00e1bytku D\u0159evojas, je vybavena i dopl\u0148kov\u00fdmi sk\u0159\u00ed\u0148kami, zrcadly a vysok\u00fdm reg\u00e1lem. Vybavte si koupelnu n\u00e1bytkem v obl\u00edben\u00e9m designu i barevn\u00fdch t\u00f3nech tak, aby bylo jej\u00ed za\u0159\u00edzen\u00ed nejen kr\u00e1sn\u00e9, ale tak\u00e9 praktick\u00e9.<\/p>\n<h2><strong>Parametry vysok\u00e9 sk\u0159\u00edn\u011b<\/strong><\/h2>\n<p>Z\u00e1v\u011bsn\u00e1 vysok\u00e1 sk\u0159\u00ed\u0148 <strong>INVENCE SVD2O 35<\/strong> se z\u00e1kladnou pouh\u00fdch 36\u00d735 cm snadno najde sv\u00e9 m\u00edsto i v <strong>mal\u00fdch prostor\u00e1ch a z\u00e1rove\u0148 vytvo\u0159\u00ed v koupeln\u011b p\u0159ehledn\u00fd \u00falo\u017en\u00fd prostor<\/strong>. Otev\u00edr\u00e1n\u00ed sk\u0159\u00edn\u011b si m\u016f\u017eete zvolit na <strong>pravou \u010di levou stranu<\/strong>, co\u017e je velice praktick\u00e9. Design dvoudv\u00e9\u0159ov\u00e9 sk\u0159\u00ed\u0148ky je dopln\u011bn o stylovou niku ve st\u0159edu a ve spodn\u00ed \u010d\u00e1sti sk\u0159\u00edn\u011b. Otev\u0159en\u00e9 niky jsou obl\u00edben\u00e9 jako prostor pro ka\u017edodenn\u00ed drobnosti. Dv\u00ed\u0159ka s bez\u00fachytkov\u00fdm syst\u00e9mem otev\u00edr\u00e1n\u00ed Push-to-open maj\u00ed tlumen\u00e9 dov\u00edr\u00e1n\u00ed a jsou opat\u0159ena kov\u00e1n\u00edm Hettich, na kter\u00e9 <strong>z\u00edsk\u00e1te do\u017eivotn\u00ed z\u00e1ruku<\/strong>. <\/p>\n<p>Stejn\u011b jako u umyvadlov\u00e9 sk\u0159\u00ed\u0148ky INVENCE, i u vysok\u00e9 sk\u0159\u00edn\u011b najdete <strong>\u0161irokou \u0161k\u00e1lu barevn\u00fdch mo\u017enost\u00ed a dekor\u016f<\/strong>. Vyb\u00edrat m\u016f\u017eete z mnoha modern\u00edch dekor\u016f a lak\u016f, r\u016fzn\u00fdch odst\u00edn\u016f podle vzorn\u00edku RAL\/NCS zcela na m\u00edru, d\u0159evodekor\u016f i z proveden\u00ed z masivn\u00edho d\u0159eva. Na vysok\u00e9 sk\u0159\u00edni INVENCE m\u016f\u017eeme podle va\u0161ich po\u017eadavk\u016f zkombinovat a\u017e <strong>4 r\u016fzn\u011b zvolen\u00e9 povrchov\u00e9 \u00fapravy<\/strong>. Neomezujte sv\u00e1 p\u0159\u00e1n\u00ed a vybavte si koupelnu podle va\u0161ich p\u0159edstav.<\/p>\n<p><span>Koupelnov\u00fd n\u00e1bytek z masivu vyroben\u00fd po <\/span><span>1<\/span><span>. 10. 2022 je v\u017edy o\u0161et\u0159en tenk\u00fdm <\/span><strong>transparentn\u00edm lakem pro vy\u0161\u0161\u00ed odolnost<\/strong><span>. Pokud jste si vybrali sk\u0159\u00ed\u0148ku vyrobenou p\u0159ed t\u00edmto datem, pak do ko\u0161\u00edku nezapome\u0148te p\u0159idat <\/span>speci\u00e1ln\u00ed olejovosk<span>, kter\u00fdm doporu\u010dujeme sk\u0159\u00ed\u0148ku po 6 m\u011bs\u00edc\u00edch o\u0161et\u0159it. Pokud byste m\u011bli jak\u00e9koliv dotazy, obra\u0165te se na na\u0161i z\u00e1kaznickou podporu.<\/span><\/p>\n<h2><strong>5 d\u016fvod\u016f, pro\u010d se rozhodnout pro dopl\u0148kov\u00e9 sk\u0159\u00ed\u0148ky INVENCE<\/strong><\/h2>\n<ul>\n<li>kov\u00e1n\u00ed Hettich s do\u017eivotn\u00ed z\u00e1rukou<\/li>\n<li>prodlou\u017een\u00e1 z\u00e1ruka 5 let na v\u00fdrobky D\u0159evojas<\/li>\n<li>stejn\u00fd design jako hlavn\u00ed umyvadlov\u00e1 sk\u0159\u00ed\u0148ka<\/li>\n<li>mo\u017enost v\u00fdroby koupelnov\u00e9ho n\u00e1bytku na m\u00edru z masivu<\/li>\n<li>\u0161irok\u00e1 nab\u00eddka barevn\u00fdch mo\u017enost\u00ed ze vzorn\u00edku RAL, d\u0159evodekor\u016f i dekor\u016f<\/li>\n<\/ul>\n<h3><strong>Koupelna = relaxace na prvn\u00ed pohled<\/strong><\/h3>\n<p>P\u0159i za\u0159izov\u00e1n\u00ed koupelny myslete na to, \u017ee i na nejmen\u0161\u00ed detaily se budete d\u00edvat ka\u017ed\u00fd den hned n\u011bkolikr\u00e1t. Proto je z\u00e1sadn\u00ed aby v\u0161e sed\u011blo a m\u011blo svou praktickou i estetickou str\u00e1nku 100% spln\u011bnou. Vybrali jste si umyvadlovou sk\u0159\u00ed\u0148ku INVENCE? Pak zcela jist\u011b najdete zal\u00edben\u00ed i v zrcadlech, vysok\u00e9 sk\u0159\u00edni a mal\u00fdch sk\u0159\u00ed\u0148k\u00e1ch. Prohl\u00e9dn\u011bte si celou kolekci a vytvo\u0159te si dom\u00e1c\u00ed wellness. <\/p>\n<h3><strong>Mont\u00e1\u017e raz dva<\/strong><\/h3>\n<p>V\u0161echny produkty D\u0159evojas v\u00e1m p\u0159ijdou ji\u017e smontovan\u00e9 a p\u0159ipraven\u00e9 na instalaci. Sta\u010d\u00ed sk\u0159\u00ed\u0148ky bezpe\u010dn\u011b zav\u011bsit a p\u0159\u00edpadn\u011b upravit panty dv\u00ed\u0159ek. Pokud byste p\u0159i mont\u00e1\u017ei nev\u011bd\u011bli, jak pokra\u010dovat, pod\u00edvejte se na mont\u00e1\u017en\u00ed n\u00e1vod, kter\u00fd <strong>najdete na produktov\u00e9 str\u00e1nce ka\u017ed\u00e9ho v\u00fdrobku<\/strong>. V na\u0161\u00ed poradn\u011b najdete velk\u00e9 mno\u017estv\u00ed situac\u00ed, se kter\u00fdmi se pot\u00fdkali jin\u00ed z\u00e1kazn\u00edci a tak jsme pro v\u00e1s sepsali kr\u00e1tk\u00fd n\u00e1vod. P\u00e1r kliknut\u00ed, minutka \u010dten\u00ed a probl\u00e9m je vy\u0159e\u0161en!<\/p>\n<\/p><\/div>\n","protected":false},"excerpt":{"rendered":"<p>Detailn\u00ed popis produktu Tou\u017e\u00edte po sjednocen\u00e9 koupeln\u011b, ve kter\u00e9 vynikne ka\u017ed\u00fd detail? Kolekce INVENCE, jedna z nejprod\u00e1van\u011bj\u0161\u00edch kolekc\u00ed koupelnov\u00e9ho n\u00e1bytku D\u0159evojas, je vybavena i dopl\u0148kov\u00fdmi sk\u0159\u00ed\u0148kami, zrcadly a vysok\u00fdm reg\u00e1lem. Vybavte si koupelnu n\u00e1bytkem v obl\u00edben\u00e9m designu i barevn\u00fdch t\u00f3nech tak, aby bylo jej\u00ed za\u0159\u00edzen\u00ed nejen kr\u00e1sn\u00e9, ale tak\u00e9 praktick\u00e9. Parametry vysok\u00e9 sk\u0159\u00edn\u011b Z\u00e1v\u011bsn\u00e1 vysok\u00e1 [&hellip;]<\/p>\n","protected":false},"featured_media":53052,"comment_status":"open","ping_status":"open","template":"","meta":[],"product_brand":[],"product_cat":[56],"product_tag":[],"class_list":{"0":"post-52952","1":"product","2":"type-product","3":"status-publish","4":"has-post-thumbnail","6":"product_cat-koupelny-a-sanitarni-technika","8":"first","9":"instock","10":"sale","11":"shipping-taxable","12":"purchasable","13":"product-type-simple"},"yoast_head":"<!-- This site is optimized with the Yoast SEO plugin v26.8 - https:\/\/yoast.com\/product\/yoast-seo-wordpress\/ -->\n<title>Zna\u010dkov\u00fd Vysok\u00e1 sk\u0159\u00ed\u0148 INVENCE SVD2O 35 - L01 B\u00edl\u00e1 vysok\u00fd lesk \/ D10 Borovice Jackson \/ Lev\u00e9 -<\/title>\n<meta name=\"robots\" content=\"index, follow, max-snippet:-1, max-image-preview:large, max-video-preview:-1\" \/>\n<link rel=\"canonical\" href=\"https:\/\/www.domstavpro.com\/index.php\/produkt\/znackovy-vysoka-skrin-invence-svd2o-35-l01-bila-vysoky-lesk-d10-borovice-jackson-leve-52952\/\" \/>\n<meta property=\"og:locale\" content=\"cs_CZ\" \/>\n<meta property=\"og:type\" content=\"article\" \/>\n<meta property=\"og:title\" content=\"Zna\u010dkov\u00fd Vysok\u00e1 sk\u0159\u00ed\u0148 INVENCE SVD2O 35 - L01 B\u00edl\u00e1 vysok\u00fd lesk \/ D10 Borovice Jackson \/ Lev\u00e9 -\" \/>\n<meta property=\"og:description\" content=\"Detailn\u00ed popis produktu Tou\u017e\u00edte po sjednocen\u00e9 koupeln\u011b, ve kter\u00e9 vynikne ka\u017ed\u00fd detail? Kolekce INVENCE, jedna z nejprod\u00e1van\u011bj\u0161\u00edch kolekc\u00ed koupelnov\u00e9ho n\u00e1bytku D\u0159evojas, je vybavena i dopl\u0148kov\u00fdmi sk\u0159\u00ed\u0148kami, zrcadly a vysok\u00fdm reg\u00e1lem. Vybavte si koupelnu n\u00e1bytkem v obl\u00edben\u00e9m designu i barevn\u00fdch t\u00f3nech tak, aby bylo jej\u00ed za\u0159\u00edzen\u00ed nejen kr\u00e1sn\u00e9, ale tak\u00e9 praktick\u00e9. Parametry vysok\u00e9 sk\u0159\u00edn\u011b Z\u00e1v\u011bsn\u00e1 vysok\u00e1 [&hellip;]\" \/>\n<meta property=\"og:url\" content=\"https:\/\/www.domstavpro.com\/index.php\/produkt\/znackovy-vysoka-skrin-invence-svd2o-35-l01-bila-vysoky-lesk-d10-borovice-jackson-leve-52952\/\" \/>\n<meta property=\"og:image\" content=\"https:\/\/www.domstavpro.com\/wp-content\/uploads\/2026\/SK0034298-CZ20260425-093351-0-1777080838-873252_vysoka-skrin-invence-svd2o-35-l01-bila-vysoky-lesk-d.webp\" \/>\n\t<meta property=\"og:image:width\" content=\"1000\" \/>\n\t<meta property=\"og:image:height\" content=\"750\" \/>\n\t<meta property=\"og:image:type\" content=\"image\/webp\" \/>\n<meta name=\"twitter:card\" content=\"summary_large_image\" \/>\n<meta name=\"twitter:label1\" content=\"Odhadovan\u00e1 doba \u010dten\u00ed\" \/>\n\t<meta name=\"twitter:data1\" content=\"3 minuty\" \/>\n<script type=\"application\/ld+json\" class=\"yoast-schema-graph\">{\"@context\":\"https:\/\/schema.org\",\"@graph\":[{\"@type\":\"WebPage\",\"@id\":\"https:\/\/www.domstavpro.com\/index.php\/produkt\/znackovy-vysoka-skrin-invence-svd2o-35-l01-bila-vysoky-lesk-d10-borovice-jackson-leve-52952\/\",\"url\":\"https:\/\/www.domstavpro.com\/index.php\/produkt\/znackovy-vysoka-skrin-invence-svd2o-35-l01-bila-vysoky-lesk-d10-borovice-jackson-leve-52952\/\",\"name\":\"Zna\u010dkov\u00fd Vysok\u00e1 sk\u0159\u00ed\u0148 INVENCE SVD2O 35 - L01 B\u00edl\u00e1 vysok\u00fd lesk \/ D10 Borovice Jackson \/ Lev\u00e9 -\",\"isPartOf\":{\"@id\":\"https:\/\/www.domstavpro.com\/#website\"},\"primaryImageOfPage\":{\"@id\":\"https:\/\/www.domstavpro.com\/index.php\/produkt\/znackovy-vysoka-skrin-invence-svd2o-35-l01-bila-vysoky-lesk-d10-borovice-jackson-leve-52952\/#primaryimage\"},\"image\":{\"@id\":\"https:\/\/www.domstavpro.com\/index.php\/produkt\/znackovy-vysoka-skrin-invence-svd2o-35-l01-bila-vysoky-lesk-d10-borovice-jackson-leve-52952\/#primaryimage\"},\"thumbnailUrl\":\"https:\/\/www.domstavpro.com\/wp-content\/uploads\/2026\/SK0034298-CZ20260425-093351-0-1777080838-873252_vysoka-skrin-invence-svd2o-35-l01-bila-vysoky-lesk-d.webp\",\"datePublished\":\"2026-04-27T15:10:00+00:00\",\"breadcrumb\":{\"@id\":\"https:\/\/www.domstavpro.com\/index.php\/produkt\/znackovy-vysoka-skrin-invence-svd2o-35-l01-bila-vysoky-lesk-d10-borovice-jackson-leve-52952\/#breadcrumb\"},\"inLanguage\":\"cs\",\"potentialAction\":[{\"@type\":\"ReadAction\",\"target\":[\"https:\/\/www.domstavpro.com\/index.php\/produkt\/znackovy-vysoka-skrin-invence-svd2o-35-l01-bila-vysoky-lesk-d10-borovice-jackson-leve-52952\/\"]}]},{\"@type\":\"ImageObject\",\"inLanguage\":\"cs\",\"@id\":\"https:\/\/www.domstavpro.com\/index.php\/produkt\/znackovy-vysoka-skrin-invence-svd2o-35-l01-bila-vysoky-lesk-d10-borovice-jackson-leve-52952\/#primaryimage\",\"url\":\"https:\/\/www.domstavpro.com\/wp-content\/uploads\/2026\/SK0034298-CZ20260425-093351-0-1777080838-873252_vysoka-skrin-invence-svd2o-35-l01-bila-vysoky-lesk-d.webp\",\"contentUrl\":\"https:\/\/www.domstavpro.com\/wp-content\/uploads\/2026\/SK0034298-CZ20260425-093351-0-1777080838-873252_vysoka-skrin-invence-svd2o-35-l01-bila-vysoky-lesk-d.webp\",\"width\":1000,\"height\":750},{\"@type\":\"BreadcrumbList\",\"@id\":\"https:\/\/www.domstavpro.com\/index.php\/produkt\/znackovy-vysoka-skrin-invence-svd2o-35-l01-bila-vysoky-lesk-d10-borovice-jackson-leve-52952\/#breadcrumb\",\"itemListElement\":[{\"@type\":\"ListItem\",\"position\":1,\"name\":\"Home\",\"item\":\"https:\/\/www.domstavpro.com\/\"},{\"@type\":\"ListItem\",\"position\":2,\"name\":\"Products\",\"item\":\"https:\/\/www.domstavpro.com\/index.php\/products\/\"},{\"@type\":\"ListItem\",\"position\":3,\"name\":\"Zna\u010dkov\u00fd Vysok\u00e1 sk\u0159\u00ed\u0148 INVENCE SVD2O 35 &#8211; L01 B\u00edl\u00e1 vysok\u00fd lesk \/ D10 Borovice Jackson \/ Lev\u00e9\"}]},{\"@type\":\"WebSite\",\"@id\":\"https:\/\/www.domstavpro.com\/#website\",\"url\":\"https:\/\/www.domstavpro.com\/\",\"name\":\"\",\"description\":\"\",\"potentialAction\":[{\"@type\":\"SearchAction\",\"target\":{\"@type\":\"EntryPoint\",\"urlTemplate\":\"https:\/\/www.domstavpro.com\/?s={search_term_string}\"},\"query-input\":{\"@type\":\"PropertyValueSpecification\",\"valueRequired\":true,\"valueName\":\"search_term_string\"}}],\"inLanguage\":\"cs\"}]}<\/script>\n<!-- \/ Yoast SEO plugin. -->","yoast_head_json":{"title":"Zna\u010dkov\u00fd Vysok\u00e1 sk\u0159\u00ed\u0148 INVENCE SVD2O 35 - L01 B\u00edl\u00e1 vysok\u00fd lesk \/ D10 Borovice Jackson \/ Lev\u00e9 -","robots":{"index":"index","follow":"follow","max-snippet":"max-snippet:-1","max-image-preview":"max-image-preview:large","max-video-preview":"max-video-preview:-1"},"canonical":"https:\/\/www.domstavpro.com\/index.php\/produkt\/znackovy-vysoka-skrin-invence-svd2o-35-l01-bila-vysoky-lesk-d10-borovice-jackson-leve-52952\/","og_locale":"cs_CZ","og_type":"article","og_title":"Zna\u010dkov\u00fd Vysok\u00e1 sk\u0159\u00ed\u0148 INVENCE SVD2O 35 - L01 B\u00edl\u00e1 vysok\u00fd lesk \/ D10 Borovice Jackson \/ Lev\u00e9 -","og_description":"Detailn\u00ed popis produktu Tou\u017e\u00edte po sjednocen\u00e9 koupeln\u011b, ve kter\u00e9 vynikne ka\u017ed\u00fd detail? Kolekce INVENCE, jedna z nejprod\u00e1van\u011bj\u0161\u00edch kolekc\u00ed koupelnov\u00e9ho n\u00e1bytku D\u0159evojas, je vybavena i dopl\u0148kov\u00fdmi sk\u0159\u00ed\u0148kami, zrcadly a vysok\u00fdm reg\u00e1lem. Vybavte si koupelnu n\u00e1bytkem v obl\u00edben\u00e9m designu i barevn\u00fdch t\u00f3nech tak, aby bylo jej\u00ed za\u0159\u00edzen\u00ed nejen kr\u00e1sn\u00e9, ale tak\u00e9 praktick\u00e9. Parametry vysok\u00e9 sk\u0159\u00edn\u011b Z\u00e1v\u011bsn\u00e1 vysok\u00e1 [&hellip;]","og_url":"https:\/\/www.domstavpro.com\/index.php\/produkt\/znackovy-vysoka-skrin-invence-svd2o-35-l01-bila-vysoky-lesk-d10-borovice-jackson-leve-52952\/","og_image":[{"width":1000,"height":750,"url":"https:\/\/www.domstavpro.com\/wp-content\/uploads\/2026\/SK0034298-CZ20260425-093351-0-1777080838-873252_vysoka-skrin-invence-svd2o-35-l01-bila-vysoky-lesk-d.webp","type":"image\/webp"}],"twitter_card":"summary_large_image","twitter_misc":{"Odhadovan\u00e1 doba \u010dten\u00ed":"3 minuty"},"schema":{"@context":"https:\/\/schema.org","@graph":[{"@type":"WebPage","@id":"https:\/\/www.domstavpro.com\/index.php\/produkt\/znackovy-vysoka-skrin-invence-svd2o-35-l01-bila-vysoky-lesk-d10-borovice-jackson-leve-52952\/","url":"https:\/\/www.domstavpro.com\/index.php\/produkt\/znackovy-vysoka-skrin-invence-svd2o-35-l01-bila-vysoky-lesk-d10-borovice-jackson-leve-52952\/","name":"Zna\u010dkov\u00fd Vysok\u00e1 sk\u0159\u00ed\u0148 INVENCE SVD2O 35 - L01 B\u00edl\u00e1 vysok\u00fd lesk \/ D10 Borovice Jackson \/ Lev\u00e9 -","isPartOf":{"@id":"https:\/\/www.domstavpro.com\/#website"},"primaryImageOfPage":{"@id":"https:\/\/www.domstavpro.com\/index.php\/produkt\/znackovy-vysoka-skrin-invence-svd2o-35-l01-bila-vysoky-lesk-d10-borovice-jackson-leve-52952\/#primaryimage"},"image":{"@id":"https:\/\/www.domstavpro.com\/index.php\/produkt\/znackovy-vysoka-skrin-invence-svd2o-35-l01-bila-vysoky-lesk-d10-borovice-jackson-leve-52952\/#primaryimage"},"thumbnailUrl":"https:\/\/www.domstavpro.com\/wp-content\/uploads\/2026\/SK0034298-CZ20260425-093351-0-1777080838-873252_vysoka-skrin-invence-svd2o-35-l01-bila-vysoky-lesk-d.webp","datePublished":"2026-04-27T15:10:00+00:00","breadcrumb":{"@id":"https:\/\/www.domstavpro.com\/index.php\/produkt\/znackovy-vysoka-skrin-invence-svd2o-35-l01-bila-vysoky-lesk-d10-borovice-jackson-leve-52952\/#breadcrumb"},"inLanguage":"cs","potentialAction":[{"@type":"ReadAction","target":["https:\/\/www.domstavpro.com\/index.php\/produkt\/znackovy-vysoka-skrin-invence-svd2o-35-l01-bila-vysoky-lesk-d10-borovice-jackson-leve-52952\/"]}]},{"@type":"ImageObject","inLanguage":"cs","@id":"https:\/\/www.domstavpro.com\/index.php\/produkt\/znackovy-vysoka-skrin-invence-svd2o-35-l01-bila-vysoky-lesk-d10-borovice-jackson-leve-52952\/#primaryimage","url":"https:\/\/www.domstavpro.com\/wp-content\/uploads\/2026\/SK0034298-CZ20260425-093351-0-1777080838-873252_vysoka-skrin-invence-svd2o-35-l01-bila-vysoky-lesk-d.webp","contentUrl":"https:\/\/www.domstavpro.com\/wp-content\/uploads\/2026\/SK0034298-CZ20260425-093351-0-1777080838-873252_vysoka-skrin-invence-svd2o-35-l01-bila-vysoky-lesk-d.webp","width":1000,"height":750},{"@type":"BreadcrumbList","@id":"https:\/\/www.domstavpro.com\/index.php\/produkt\/znackovy-vysoka-skrin-invence-svd2o-35-l01-bila-vysoky-lesk-d10-borovice-jackson-leve-52952\/#breadcrumb","itemListElement":[{"@type":"ListItem","position":1,"name":"Home","item":"https:\/\/www.domstavpro.com\/"},{"@type":"ListItem","position":2,"name":"Products","item":"https:\/\/www.domstavpro.com\/index.php\/products\/"},{"@type":"ListItem","position":3,"name":"Zna\u010dkov\u00fd Vysok\u00e1 sk\u0159\u00ed\u0148 INVENCE SVD2O 35 &#8211; L01 B\u00edl\u00e1 vysok\u00fd lesk \/ D10 Borovice Jackson \/ Lev\u00e9"}]},{"@type":"WebSite","@id":"https:\/\/www.domstavpro.com\/#website","url":"https:\/\/www.domstavpro.com\/","name":"","description":"","potentialAction":[{"@type":"SearchAction","target":{"@type":"EntryPoint","urlTemplate":"https:\/\/www.domstavpro.com\/?s={search_term_string}"},"query-input":{"@type":"PropertyValueSpecification","valueRequired":true,"valueName":"search_term_string"}}],"inLanguage":"cs"}]}},"_links":{"self":[{"href":"https:\/\/www.domstavpro.com\/index.php\/wp-json\/wp\/v2\/product\/52952","targetHints":{"allow":["GET"]}}],"collection":[{"href":"https:\/\/www.domstavpro.com\/index.php\/wp-json\/wp\/v2\/product"}],"about":[{"href":"https:\/\/www.domstavpro.com\/index.php\/wp-json\/wp\/v2\/types\/product"}],"replies":[{"embeddable":true,"href":"https:\/\/www.domstavpro.com\/index.php\/wp-json\/wp\/v2\/comments?post=52952"}],"wp:featuredmedia":[{"embeddable":true,"href":"https:\/\/www.domstavpro.com\/index.php\/wp-json\/wp\/v2\/media\/53052"}],"wp:attachment":[{"href":"https:\/\/www.domstavpro.com\/index.php\/wp-json\/wp\/v2\/media?parent=52952"}],"wp:term":[{"taxonomy":"product_brand","embeddable":true,"href":"https:\/\/www.domstavpro.com\/index.php\/wp-json\/wp\/v2\/product_brand?post=52952"},{"taxonomy":"product_cat","embeddable":true,"href":"https:\/\/www.domstavpro.com\/index.php\/wp-json\/wp\/v2\/product_cat?post=52952"},{"taxonomy":"product_tag","embeddable":true,"href":"https:\/\/www.domstavpro.com\/index.php\/wp-json\/wp\/v2\/product_tag?post=52952"}],"curies":[{"name":"wp","href":"https:\/\/api.w.org\/{rel}","templated":true}]}}