{"id":52788,"date":"2026-04-27T15:10:00","date_gmt":"2026-04-27T15:10:00","guid":{"rendered":""},"modified":"2026-04-27T15:10:00","modified_gmt":"2026-04-27T15:10:00","slug":"znackovy-vysoka-skrin-dos-svd2z2-35-d04-dub-uchytka-t07-d04-dub-leve-52788","status":"publish","type":"product","link":"https:\/\/www.domstavpro.com\/index.php\/produkt\/znackovy-vysoka-skrin-dos-svd2z2-35-d04-dub-uchytka-t07-d04-dub-leve-52788\/","title":{"rendered":"Zna\u010dkov\u00fd Vysok\u00e1 sk\u0159\u00ed\u0148 DOS SVD2Z2 35 &#8211; D04 Dub \/ \u00dachytka T07 \/ D04 Dub \/ Lev\u00e9"},"content":{"rendered":"<div class=\"basic-description\">\n<h3>Detailn\u00ed popis produktu<\/h3>\n<p>Ru\u010dn\u00edky a osu\u0161ky a drobn\u00e9 p\u0159edm\u011bty pro ka\u017edodenn\u00ed hygienu na jednom m\u00edst\u011b. Vysok\u00e1 sk\u0159\u00ed\u0148 DOS SVD2Z2 35 je skute\u010dn\u00fdm pomocn\u00edkem v boji za po\u0159\u00e1dek v koupeln\u011b. A nejen to. Je velmi elegantn\u00ed.<\/p>\n<h2><strong>Parametry sk\u0159\u00edn\u011b<\/strong><\/h2>\n<p>Vysok\u00e1 sk\u0159\u00ed\u0148 DOS SVD2Z2K 35 je konstruov\u00e1na jako z\u00e1v\u011bsn\u00e1 ve dvoudve\u0159ov\u00e9m proveden\u00ed a se dv\u011bma z\u00e1suvkami. Vnit\u0159n\u00ed prostory sk\u0159\u00edn\u011b jsou vybaveny <strong>\u010dty\u0159mi sklen\u011bn\u00fdmi, v\u00fd\u0161kov\u011b nastaviteln\u00fdmi, policemi<\/strong>. Z\u00e1suvky a dv\u00ed\u0159ka jsou ulo\u017eeny na zna\u010dkov\u00e9m kov\u00e1n\u00ed Hettich, kter\u00e9 jim zaji\u0161\u0165uje tlumen\u00e9 dov\u00edr\u00e1n\u00ed. Na kov\u00e1n\u00ed Hettich od n\u00e1s nav\u00edc dostanete <strong>do\u017eivotn\u00ed z\u00e1ruku.<\/strong><\/p>\n<p>Spodn\u00ed dv\u00ed\u0159ka sk\u0159\u00edn\u011b jsou automaticky z v\u00fdroby p\u0159ipraven\u00e1 pro uchycen\u00ed pr\u00e1deln\u00edho ko\u0161e, kter\u00fd si lze zakoupit samostatn\u011b nebo m\u016f\u017eete zvolit variantu sk\u0159\u00edn\u011b s v\u00fdklopn\u00fdm ko\u0161em.<\/p>\n<h3><strong>Velk\u00fd v\u00fdb\u011br \u00fachytek<\/strong><\/h3>\n<p>Dv\u00ed\u0159ka a z\u00e1suvky sk\u0159\u00edn\u011b se otev\u00edraj\u00ed pomoc\u00ed n\u011bkter\u00e9 z na\u0161ich kovov\u00fdch \u00fachytek. Aktu\u00e1ln\u011b m\u00e1te na v\u00fdb\u011br z t\u011bchto typ\u016f:<\/p>\n<ul>\n<li><strong>T01<\/strong> &#8211; obl\u00e1 \u00fachytka z hlin\u00edku v proveden\u00ed mat<\/li>\n<li><strong>T02<\/strong> &#8211; obl\u00e1 \u00fachytka z brou\u0161en\u00e9ho niklu<\/li>\n<li><strong>T03<\/strong> &#8211; hranat\u00e1 \u00fachytka z chromu v proveden\u00ed lesk<\/li>\n<li><strong>T04<\/strong> &#8211; hranat\u00e1 \u00fachytka s v\u00fdrazn\u00fdmi hranami v proveden\u00ed lesk<\/li>\n<li><strong>T05<\/strong> &#8211; hranat\u00e1 profilov\u00e1 \u00fachytka v proveden\u00ed lesk. Montov\u00e1na k horn\u00ed \u010d\u00e1sti z\u00e1suvky a na bok dv\u00ed\u0159ek<\/li>\n<li><strong>T06<\/strong> &#8211; hranat\u00e1 \u00fachytka v proveden\u00ed \u010dern\u00e1 mat<\/li>\n<li><strong>T07<\/strong> &#8211; hranat\u00e1 profilov\u00e1 \u00fachytka v proveden\u00ed \u010dern\u00e1 mat. Montov\u00e1na k horn\u00ed \u010d\u00e1sti z\u00e1suvky a na bok dv\u00ed\u0159ek<\/li>\n<\/ul>\n<h3><strong>Povrchov\u00e9 \u00fapravy<\/strong><\/h3>\n<p>Vysokou sk\u0159\u00ed\u0148 DOS SVD2Z2 35 vyr\u00e1b\u00edme v cel\u00e9 \u0159ad\u011b dekor\u016f, d\u0159evodekor\u016f a lak\u016f v proveden\u00ed lesk\/mat. Samoz\u0159ejmost\u00ed je tak\u00e9 \u00faprava v proveden\u00ed Individual dle vzorn\u00edku RAL\/NCS. <\/p>\n<h2><strong>P\u0159ednosti sk\u0159\u00edn\u011b:<\/strong><\/h2>\n<ul>\n<li>Na sk\u0159\u00ed\u0148 od n\u00e1s dostanete <strong>prodlou\u017eenou z\u00e1ruku 5 let<\/strong>. Na kov\u00e1n\u00ed zna\u010dky Hettich pak dokonce <strong>z\u00e1ruku do\u017eivotn\u00ed<\/strong>. <\/li>\n<li>Sk\u0159\u00ed\u0148 je velmi prostorn\u00e1 a univerz\u00e1ln\u00ed. Krom\u011b standardn\u00edho prostoru m\u00e1te k dispozici i dv\u011b z\u00e1suvky pro ulo\u017een\u00ed drobn\u011bj\u0161\u00edch p\u0159edm\u011bt\u016f. Do sk\u0159\u00edn\u011b si nav\u00edc m\u016f\u017eete p\u0159ikoupit <strong>pr\u00e1deln\u00ed ko\u0161<\/strong>.<\/li>\n<li>Pro v\u011bt\u0161\u00ed komfort jsou dv\u00ed\u0159ka vybavena zna\u010dkov\u00fdm kov\u00e1n\u00edm Hettich s <strong>tlumen\u00fdm dov\u00edr\u00e1n\u00edm<\/strong>.<\/li>\n<li>D\u00edky velk\u00e9mu v\u00fdb\u011bru \u00fachytek a barevn\u00fdch proveden\u00ed je vysok\u00e1 sk\u0159\u00ed\u0148 DOS SVD2Z2 35 vhodn\u00e1 k jak\u00e9koliv umyvadlov\u00e9 sk\u0159\u00ed\u0148ce.<\/li>\n<\/ul><\/div>\n","protected":false},"excerpt":{"rendered":"<p>Detailn\u00ed popis produktu Ru\u010dn\u00edky a osu\u0161ky a drobn\u00e9 p\u0159edm\u011bty pro ka\u017edodenn\u00ed hygienu na jednom m\u00edst\u011b. Vysok\u00e1 sk\u0159\u00ed\u0148 DOS SVD2Z2 35 je skute\u010dn\u00fdm pomocn\u00edkem v boji za po\u0159\u00e1dek v koupeln\u011b. A nejen to. Je velmi elegantn\u00ed. Parametry sk\u0159\u00edn\u011b Vysok\u00e1 sk\u0159\u00ed\u0148 DOS SVD2Z2K 35 je konstruov\u00e1na jako z\u00e1v\u011bsn\u00e1 ve dvoudve\u0159ov\u00e9m proveden\u00ed a se dv\u011bma z\u00e1suvkami. Vnit\u0159n\u00ed prostory [&hellip;]<\/p>\n","protected":false},"featured_media":52888,"comment_status":"open","ping_status":"open","template":"","meta":[],"product_brand":[],"product_cat":[56],"product_tag":[],"class_list":{"0":"post-52788","1":"product","2":"type-product","3":"status-publish","4":"has-post-thumbnail","6":"product_cat-koupelny-a-sanitarni-technika","8":"first","9":"instock","10":"sale","11":"shipping-taxable","12":"purchasable","13":"product-type-simple"},"yoast_head":"<!-- This site is optimized with the Yoast SEO plugin v26.8 - https:\/\/yoast.com\/product\/yoast-seo-wordpress\/ -->\n<title>Zna\u010dkov\u00fd Vysok\u00e1 sk\u0159\u00ed\u0148 DOS SVD2Z2 35 - D04 Dub \/ \u00dachytka T07 \/ D04 Dub \/ Lev\u00e9 -<\/title>\n<meta name=\"robots\" content=\"index, follow, max-snippet:-1, max-image-preview:large, max-video-preview:-1\" \/>\n<link rel=\"canonical\" href=\"https:\/\/www.domstavpro.com\/index.php\/produkt\/znackovy-vysoka-skrin-dos-svd2z2-35-d04-dub-uchytka-t07-d04-dub-leve-52788\/\" \/>\n<meta property=\"og:locale\" content=\"cs_CZ\" \/>\n<meta property=\"og:type\" content=\"article\" \/>\n<meta property=\"og:title\" content=\"Zna\u010dkov\u00fd Vysok\u00e1 sk\u0159\u00ed\u0148 DOS SVD2Z2 35 - D04 Dub \/ \u00dachytka T07 \/ D04 Dub \/ Lev\u00e9 -\" \/>\n<meta property=\"og:description\" content=\"Detailn\u00ed popis produktu Ru\u010dn\u00edky a osu\u0161ky a drobn\u00e9 p\u0159edm\u011bty pro ka\u017edodenn\u00ed hygienu na jednom m\u00edst\u011b. Vysok\u00e1 sk\u0159\u00ed\u0148 DOS SVD2Z2 35 je skute\u010dn\u00fdm pomocn\u00edkem v boji za po\u0159\u00e1dek v koupeln\u011b. A nejen to. Je velmi elegantn\u00ed. Parametry sk\u0159\u00edn\u011b Vysok\u00e1 sk\u0159\u00ed\u0148 DOS SVD2Z2K 35 je konstruov\u00e1na jako z\u00e1v\u011bsn\u00e1 ve dvoudve\u0159ov\u00e9m proveden\u00ed a se dv\u011bma z\u00e1suvkami. Vnit\u0159n\u00ed prostory [&hellip;]\" \/>\n<meta property=\"og:url\" content=\"https:\/\/www.domstavpro.com\/index.php\/produkt\/znackovy-vysoka-skrin-dos-svd2z2-35-d04-dub-uchytka-t07-d04-dub-leve-52788\/\" \/>\n<meta property=\"og:image\" content=\"https:\/\/www.domstavpro.com\/wp-content\/uploads\/2026\/SK0034234-CZ20260425-093351-0-1777080838-873444_vysoka-skrin-dos-svd2z2-35-d04-dub-uchytka-t07-d04-d.webp\" \/>\n\t<meta property=\"og:image:width\" content=\"1000\" \/>\n\t<meta property=\"og:image:height\" content=\"750\" \/>\n\t<meta property=\"og:image:type\" content=\"image\/webp\" \/>\n<meta name=\"twitter:card\" content=\"summary_large_image\" \/>\n<meta name=\"twitter:label1\" content=\"Odhadovan\u00e1 doba \u010dten\u00ed\" \/>\n\t<meta name=\"twitter:data1\" content=\"2 minuty\" \/>\n<script type=\"application\/ld+json\" class=\"yoast-schema-graph\">{\"@context\":\"https:\/\/schema.org\",\"@graph\":[{\"@type\":\"WebPage\",\"@id\":\"https:\/\/www.domstavpro.com\/index.php\/produkt\/znackovy-vysoka-skrin-dos-svd2z2-35-d04-dub-uchytka-t07-d04-dub-leve-52788\/\",\"url\":\"https:\/\/www.domstavpro.com\/index.php\/produkt\/znackovy-vysoka-skrin-dos-svd2z2-35-d04-dub-uchytka-t07-d04-dub-leve-52788\/\",\"name\":\"Zna\u010dkov\u00fd Vysok\u00e1 sk\u0159\u00ed\u0148 DOS SVD2Z2 35 - D04 Dub \/ \u00dachytka T07 \/ D04 Dub \/ Lev\u00e9 -\",\"isPartOf\":{\"@id\":\"https:\/\/www.domstavpro.com\/#website\"},\"primaryImageOfPage\":{\"@id\":\"https:\/\/www.domstavpro.com\/index.php\/produkt\/znackovy-vysoka-skrin-dos-svd2z2-35-d04-dub-uchytka-t07-d04-dub-leve-52788\/#primaryimage\"},\"image\":{\"@id\":\"https:\/\/www.domstavpro.com\/index.php\/produkt\/znackovy-vysoka-skrin-dos-svd2z2-35-d04-dub-uchytka-t07-d04-dub-leve-52788\/#primaryimage\"},\"thumbnailUrl\":\"https:\/\/www.domstavpro.com\/wp-content\/uploads\/2026\/SK0034234-CZ20260425-093351-0-1777080838-873444_vysoka-skrin-dos-svd2z2-35-d04-dub-uchytka-t07-d04-d.webp\",\"datePublished\":\"2026-04-27T15:10:00+00:00\",\"breadcrumb\":{\"@id\":\"https:\/\/www.domstavpro.com\/index.php\/produkt\/znackovy-vysoka-skrin-dos-svd2z2-35-d04-dub-uchytka-t07-d04-dub-leve-52788\/#breadcrumb\"},\"inLanguage\":\"cs\",\"potentialAction\":[{\"@type\":\"ReadAction\",\"target\":[\"https:\/\/www.domstavpro.com\/index.php\/produkt\/znackovy-vysoka-skrin-dos-svd2z2-35-d04-dub-uchytka-t07-d04-dub-leve-52788\/\"]}]},{\"@type\":\"ImageObject\",\"inLanguage\":\"cs\",\"@id\":\"https:\/\/www.domstavpro.com\/index.php\/produkt\/znackovy-vysoka-skrin-dos-svd2z2-35-d04-dub-uchytka-t07-d04-dub-leve-52788\/#primaryimage\",\"url\":\"https:\/\/www.domstavpro.com\/wp-content\/uploads\/2026\/SK0034234-CZ20260425-093351-0-1777080838-873444_vysoka-skrin-dos-svd2z2-35-d04-dub-uchytka-t07-d04-d.webp\",\"contentUrl\":\"https:\/\/www.domstavpro.com\/wp-content\/uploads\/2026\/SK0034234-CZ20260425-093351-0-1777080838-873444_vysoka-skrin-dos-svd2z2-35-d04-dub-uchytka-t07-d04-d.webp\",\"width\":1000,\"height\":750},{\"@type\":\"BreadcrumbList\",\"@id\":\"https:\/\/www.domstavpro.com\/index.php\/produkt\/znackovy-vysoka-skrin-dos-svd2z2-35-d04-dub-uchytka-t07-d04-dub-leve-52788\/#breadcrumb\",\"itemListElement\":[{\"@type\":\"ListItem\",\"position\":1,\"name\":\"Home\",\"item\":\"https:\/\/www.domstavpro.com\/\"},{\"@type\":\"ListItem\",\"position\":2,\"name\":\"Products\",\"item\":\"https:\/\/www.domstavpro.com\/index.php\/products\/\"},{\"@type\":\"ListItem\",\"position\":3,\"name\":\"Zna\u010dkov\u00fd Vysok\u00e1 sk\u0159\u00ed\u0148 DOS SVD2Z2 35 &#8211; D04 Dub \/ \u00dachytka T07 \/ D04 Dub \/ Lev\u00e9\"}]},{\"@type\":\"WebSite\",\"@id\":\"https:\/\/www.domstavpro.com\/#website\",\"url\":\"https:\/\/www.domstavpro.com\/\",\"name\":\"\",\"description\":\"\",\"potentialAction\":[{\"@type\":\"SearchAction\",\"target\":{\"@type\":\"EntryPoint\",\"urlTemplate\":\"https:\/\/www.domstavpro.com\/?s={search_term_string}\"},\"query-input\":{\"@type\":\"PropertyValueSpecification\",\"valueRequired\":true,\"valueName\":\"search_term_string\"}}],\"inLanguage\":\"cs\"}]}<\/script>\n<!-- \/ Yoast SEO plugin. -->","yoast_head_json":{"title":"Zna\u010dkov\u00fd Vysok\u00e1 sk\u0159\u00ed\u0148 DOS SVD2Z2 35 - D04 Dub \/ \u00dachytka T07 \/ D04 Dub \/ Lev\u00e9 -","robots":{"index":"index","follow":"follow","max-snippet":"max-snippet:-1","max-image-preview":"max-image-preview:large","max-video-preview":"max-video-preview:-1"},"canonical":"https:\/\/www.domstavpro.com\/index.php\/produkt\/znackovy-vysoka-skrin-dos-svd2z2-35-d04-dub-uchytka-t07-d04-dub-leve-52788\/","og_locale":"cs_CZ","og_type":"article","og_title":"Zna\u010dkov\u00fd Vysok\u00e1 sk\u0159\u00ed\u0148 DOS SVD2Z2 35 - D04 Dub \/ \u00dachytka T07 \/ D04 Dub \/ Lev\u00e9 -","og_description":"Detailn\u00ed popis produktu Ru\u010dn\u00edky a osu\u0161ky a drobn\u00e9 p\u0159edm\u011bty pro ka\u017edodenn\u00ed hygienu na jednom m\u00edst\u011b. Vysok\u00e1 sk\u0159\u00ed\u0148 DOS SVD2Z2 35 je skute\u010dn\u00fdm pomocn\u00edkem v boji za po\u0159\u00e1dek v koupeln\u011b. A nejen to. Je velmi elegantn\u00ed. Parametry sk\u0159\u00edn\u011b Vysok\u00e1 sk\u0159\u00ed\u0148 DOS SVD2Z2K 35 je konstruov\u00e1na jako z\u00e1v\u011bsn\u00e1 ve dvoudve\u0159ov\u00e9m proveden\u00ed a se dv\u011bma z\u00e1suvkami. Vnit\u0159n\u00ed prostory [&hellip;]","og_url":"https:\/\/www.domstavpro.com\/index.php\/produkt\/znackovy-vysoka-skrin-dos-svd2z2-35-d04-dub-uchytka-t07-d04-dub-leve-52788\/","og_image":[{"width":1000,"height":750,"url":"https:\/\/www.domstavpro.com\/wp-content\/uploads\/2026\/SK0034234-CZ20260425-093351-0-1777080838-873444_vysoka-skrin-dos-svd2z2-35-d04-dub-uchytka-t07-d04-d.webp","type":"image\/webp"}],"twitter_card":"summary_large_image","twitter_misc":{"Odhadovan\u00e1 doba \u010dten\u00ed":"2 minuty"},"schema":{"@context":"https:\/\/schema.org","@graph":[{"@type":"WebPage","@id":"https:\/\/www.domstavpro.com\/index.php\/produkt\/znackovy-vysoka-skrin-dos-svd2z2-35-d04-dub-uchytka-t07-d04-dub-leve-52788\/","url":"https:\/\/www.domstavpro.com\/index.php\/produkt\/znackovy-vysoka-skrin-dos-svd2z2-35-d04-dub-uchytka-t07-d04-dub-leve-52788\/","name":"Zna\u010dkov\u00fd Vysok\u00e1 sk\u0159\u00ed\u0148 DOS SVD2Z2 35 - D04 Dub \/ \u00dachytka T07 \/ D04 Dub \/ Lev\u00e9 -","isPartOf":{"@id":"https:\/\/www.domstavpro.com\/#website"},"primaryImageOfPage":{"@id":"https:\/\/www.domstavpro.com\/index.php\/produkt\/znackovy-vysoka-skrin-dos-svd2z2-35-d04-dub-uchytka-t07-d04-dub-leve-52788\/#primaryimage"},"image":{"@id":"https:\/\/www.domstavpro.com\/index.php\/produkt\/znackovy-vysoka-skrin-dos-svd2z2-35-d04-dub-uchytka-t07-d04-dub-leve-52788\/#primaryimage"},"thumbnailUrl":"https:\/\/www.domstavpro.com\/wp-content\/uploads\/2026\/SK0034234-CZ20260425-093351-0-1777080838-873444_vysoka-skrin-dos-svd2z2-35-d04-dub-uchytka-t07-d04-d.webp","datePublished":"2026-04-27T15:10:00+00:00","breadcrumb":{"@id":"https:\/\/www.domstavpro.com\/index.php\/produkt\/znackovy-vysoka-skrin-dos-svd2z2-35-d04-dub-uchytka-t07-d04-dub-leve-52788\/#breadcrumb"},"inLanguage":"cs","potentialAction":[{"@type":"ReadAction","target":["https:\/\/www.domstavpro.com\/index.php\/produkt\/znackovy-vysoka-skrin-dos-svd2z2-35-d04-dub-uchytka-t07-d04-dub-leve-52788\/"]}]},{"@type":"ImageObject","inLanguage":"cs","@id":"https:\/\/www.domstavpro.com\/index.php\/produkt\/znackovy-vysoka-skrin-dos-svd2z2-35-d04-dub-uchytka-t07-d04-dub-leve-52788\/#primaryimage","url":"https:\/\/www.domstavpro.com\/wp-content\/uploads\/2026\/SK0034234-CZ20260425-093351-0-1777080838-873444_vysoka-skrin-dos-svd2z2-35-d04-dub-uchytka-t07-d04-d.webp","contentUrl":"https:\/\/www.domstavpro.com\/wp-content\/uploads\/2026\/SK0034234-CZ20260425-093351-0-1777080838-873444_vysoka-skrin-dos-svd2z2-35-d04-dub-uchytka-t07-d04-d.webp","width":1000,"height":750},{"@type":"BreadcrumbList","@id":"https:\/\/www.domstavpro.com\/index.php\/produkt\/znackovy-vysoka-skrin-dos-svd2z2-35-d04-dub-uchytka-t07-d04-dub-leve-52788\/#breadcrumb","itemListElement":[{"@type":"ListItem","position":1,"name":"Home","item":"https:\/\/www.domstavpro.com\/"},{"@type":"ListItem","position":2,"name":"Products","item":"https:\/\/www.domstavpro.com\/index.php\/products\/"},{"@type":"ListItem","position":3,"name":"Zna\u010dkov\u00fd Vysok\u00e1 sk\u0159\u00ed\u0148 DOS SVD2Z2 35 &#8211; D04 Dub \/ \u00dachytka T07 \/ D04 Dub \/ Lev\u00e9"}]},{"@type":"WebSite","@id":"https:\/\/www.domstavpro.com\/#website","url":"https:\/\/www.domstavpro.com\/","name":"","description":"","potentialAction":[{"@type":"SearchAction","target":{"@type":"EntryPoint","urlTemplate":"https:\/\/www.domstavpro.com\/?s={search_term_string}"},"query-input":{"@type":"PropertyValueSpecification","valueRequired":true,"valueName":"search_term_string"}}],"inLanguage":"cs"}]}},"_links":{"self":[{"href":"https:\/\/www.domstavpro.com\/index.php\/wp-json\/wp\/v2\/product\/52788","targetHints":{"allow":["GET"]}}],"collection":[{"href":"https:\/\/www.domstavpro.com\/index.php\/wp-json\/wp\/v2\/product"}],"about":[{"href":"https:\/\/www.domstavpro.com\/index.php\/wp-json\/wp\/v2\/types\/product"}],"replies":[{"embeddable":true,"href":"https:\/\/www.domstavpro.com\/index.php\/wp-json\/wp\/v2\/comments?post=52788"}],"wp:featuredmedia":[{"embeddable":true,"href":"https:\/\/www.domstavpro.com\/index.php\/wp-json\/wp\/v2\/media\/52888"}],"wp:attachment":[{"href":"https:\/\/www.domstavpro.com\/index.php\/wp-json\/wp\/v2\/media?parent=52788"}],"wp:term":[{"taxonomy":"product_brand","embeddable":true,"href":"https:\/\/www.domstavpro.com\/index.php\/wp-json\/wp\/v2\/product_brand?post=52788"},{"taxonomy":"product_cat","embeddable":true,"href":"https:\/\/www.domstavpro.com\/index.php\/wp-json\/wp\/v2\/product_cat?post=52788"},{"taxonomy":"product_tag","embeddable":true,"href":"https:\/\/www.domstavpro.com\/index.php\/wp-json\/wp\/v2\/product_tag?post=52788"}],"curies":[{"name":"wp","href":"https:\/\/api.w.org\/{rel}","templated":true}]}}