{"id":51533,"date":"2026-04-27T15:09:57","date_gmt":"2026-04-27T15:09:57","guid":{"rendered":""},"modified":"2026-04-27T15:09:57","modified_gmt":"2026-04-27T15:09:57","slug":"rea-umyvadlo-na-desku-livia-kamen-rea-u3800-tovarni-cena-51533","status":"publish","type":"product","link":"https:\/\/www.domstavpro.com\/index.php\/produkt\/rea-umyvadlo-na-desku-livia-kamen-rea-u3800-tovarni-cena-51533\/","title":{"rendered":"REA &#8211; Umyvadlo na desku Livia k\u00e1men REA-U3800 Tov\u00e1rn\u00ed Cena"},"content":{"rendered":"<div class=\"basic-description\">\n<h3>Detailn\u00ed popis produktu<\/h3>\n<p>Kr\u00e1sn\u00e9 umyvadlo na desku Rea Livia napodobuj\u00edc\u00ed k\u00e1men. D\u00edky technice, p\u0159i n\u00ed\u017e byla vyrobena horn\u00ed vrstva umyvadla, m\u00e1 ka\u017ed\u00e1 polo\u017eka jedine\u010dn\u00fd vzor. Tento efekt napodobuje dokonale p\u0159\u00edrodn\u00ed k\u00e1men. Umyvadlo je p\u0159izp\u016fsoben\u00e9 pro mont\u00e1\u017e na desku. Bylo vyrobeno z vysoce kvalitn\u00ed sanit\u00e1rn\u00ed keramiky. D\u00edky speci\u00e1ln\u00ed f\u00e1zi v\u00fdroby je odoln\u00e9 a snadno se \u010dist\u00ed.<\/p>\n<table class=\"product_desc__table\">\n<tr>\n<th style=\"text-align: left;\">Zp\u016fsob mont\u00e1\u017ee:<\/th>\n<td>na desku<\/td>\n<\/tr>\n<tr>\n<th style=\"text-align: left;\">Barva:<\/th>\n<td>k\u00e1men<\/td>\n<\/tr>\n<tr>\n<th style=\"text-align: left;\">Materi\u00e1l:<\/th>\n<td>sanit\u00e1rn\u00ed keramika<\/td>\n<\/tr>\n<tr>\n<th style=\"text-align: left;\">Otvor pro baterii:<\/th>\n<td>ne<\/td>\n<\/tr>\n<tr>\n<th style=\"text-align: left;\">P\u0159epadov\u00fd otvor:<\/th>\n<td>ne<\/td>\n<\/tr>\n<tr>\n<th style=\"text-align: left;\">Pr\u016fm\u011br vypou\u0161t\u011bc\u00edho otvoru:<\/th>\n<td>45 mm<\/td>\n<\/tr>\n<\/table>\n<p><strong>Baterie nen\u00ed sou\u010d\u00e1st\u00ed balen\u00ed.<\/strong><\/p>\n<\/p><\/div>\n<div class=\"extended-description\">\n<h3>Dopl\u0148kov\u00e9 parametry<\/h3>\n<table class=\"detail-parameters\">\n<tbody>\n<tr>\n<th>        <span class=\"row-header-label\">            Kategorie<span class=\"row-header-label-colon\">:<\/span>        <\/span>    <\/th>\n<td>            <\/td>\n<\/tr>\n<tr>\n<th>            <span class=\"row-header-label\">                Z\u00e1ruka<span class=\"row-header-label-colon\">:<\/span>            <\/span>        <\/th>\n<td>            2 roky        <\/td>\n<\/tr>\n<tr>\n<th>            <span class=\"row-header-label\">                Hmotnost<span class=\"row-header-label-colon\">:<\/span>            <\/span>        <\/th>\n<td>            8 kg        <\/td>\n<\/tr>\n<tr class=\"productEan\">\n<th>          <span class=\"row-header-label productEan__label\">              EAN<span class=\"row-header-label-colon\">:<\/span>          <\/span>      <\/th>\n<td>          <span class=\"productEan__value\">5902557350209<\/span>      <\/td>\n<\/tr>\n<tr>\n<th>                <span class=\"row-header-label\">                                            Dostupnost<span class=\"row-header-label-colon\">:<\/span>                                    <\/span>            <\/th>\n<td>                                                            Dod\u00e1n\u00ed do 14ti dn\u016f                                                <\/td>\n<\/tr>\n<\/tbody>\n<\/table><\/div>\n<\/p><\/div>\n<\/p><\/div>\n","protected":false},"excerpt":{"rendered":"<p>Detailn\u00ed popis produktu Kr\u00e1sn\u00e9 umyvadlo na desku Rea Livia napodobuj\u00edc\u00ed k\u00e1men. D\u00edky technice, p\u0159i n\u00ed\u017e byla vyrobena horn\u00ed vrstva umyvadla, m\u00e1 ka\u017ed\u00e1 polo\u017eka jedine\u010dn\u00fd vzor. Tento efekt napodobuje dokonale p\u0159\u00edrodn\u00ed k\u00e1men. Umyvadlo je p\u0159izp\u016fsoben\u00e9 pro mont\u00e1\u017e na desku. Bylo vyrobeno z vysoce kvalitn\u00ed sanit\u00e1rn\u00ed keramiky. D\u00edky speci\u00e1ln\u00ed f\u00e1zi v\u00fdroby je odoln\u00e9 a snadno se \u010dist\u00ed. [&hellip;]<\/p>\n","protected":false},"featured_media":51633,"comment_status":"open","ping_status":"open","template":"","meta":[],"product_brand":[],"product_cat":[76],"product_tag":[],"class_list":{"0":"post-51533","1":"product","2":"type-product","3":"status-publish","4":"has-post-thumbnail","6":"product_cat-umyvadla","8":"first","9":"instock","10":"sale","11":"shipping-taxable","12":"purchasable","13":"product-type-simple"},"yoast_head":"<!-- This site is optimized with the Yoast SEO plugin v26.8 - https:\/\/yoast.com\/product\/yoast-seo-wordpress\/ -->\n<title>REA - Umyvadlo na desku Livia k\u00e1men REA-U3800 Tov\u00e1rn\u00ed Cena -<\/title>\n<meta name=\"robots\" content=\"index, follow, max-snippet:-1, max-image-preview:large, max-video-preview:-1\" \/>\n<link rel=\"canonical\" href=\"https:\/\/www.domstavpro.com\/index.php\/produkt\/rea-umyvadlo-na-desku-livia-kamen-rea-u3800-tovarni-cena-51533\/\" \/>\n<meta property=\"og:locale\" content=\"cs_CZ\" \/>\n<meta property=\"og:type\" content=\"article\" \/>\n<meta property=\"og:title\" content=\"REA - Umyvadlo na desku Livia k\u00e1men REA-U3800 Tov\u00e1rn\u00ed Cena -\" \/>\n<meta property=\"og:description\" content=\"Detailn\u00ed popis produktu Kr\u00e1sn\u00e9 umyvadlo na desku Rea Livia napodobuj\u00edc\u00ed k\u00e1men. D\u00edky technice, p\u0159i n\u00ed\u017e byla vyrobena horn\u00ed vrstva umyvadla, m\u00e1 ka\u017ed\u00e1 polo\u017eka jedine\u010dn\u00fd vzor. Tento efekt napodobuje dokonale p\u0159\u00edrodn\u00ed k\u00e1men. Umyvadlo je p\u0159izp\u016fsoben\u00e9 pro mont\u00e1\u017e na desku. Bylo vyrobeno z vysoce kvalitn\u00ed sanit\u00e1rn\u00ed keramiky. D\u00edky speci\u00e1ln\u00ed f\u00e1zi v\u00fdroby je odoln\u00e9 a snadno se \u010dist\u00ed. [&hellip;]\" \/>\n<meta property=\"og:url\" content=\"https:\/\/www.domstavpro.com\/index.php\/produkt\/rea-umyvadlo-na-desku-livia-kamen-rea-u3800-tovarni-cena-51533\/\" \/>\n<meta property=\"og:image\" content=\"https:\/\/www.domstavpro.com\/wp-content\/uploads\/2026\/SK0034124-CZ20260425-092556-0-1777080363-1976776_rea-umyvadlo-na-desku-livia-kamen-rea-u3800.webp\" \/>\n\t<meta property=\"og:image:width\" content=\"1000\" \/>\n\t<meta property=\"og:image:height\" content=\"750\" \/>\n\t<meta property=\"og:image:type\" content=\"image\/webp\" \/>\n<meta name=\"twitter:card\" content=\"summary_large_image\" \/>\n<meta name=\"twitter:label1\" content=\"Odhadovan\u00e1 doba \u010dten\u00ed\" \/>\n\t<meta name=\"twitter:data1\" content=\"1 minuta\" \/>\n<script type=\"application\/ld+json\" class=\"yoast-schema-graph\">{\"@context\":\"https:\/\/schema.org\",\"@graph\":[{\"@type\":\"WebPage\",\"@id\":\"https:\/\/www.domstavpro.com\/index.php\/produkt\/rea-umyvadlo-na-desku-livia-kamen-rea-u3800-tovarni-cena-51533\/\",\"url\":\"https:\/\/www.domstavpro.com\/index.php\/produkt\/rea-umyvadlo-na-desku-livia-kamen-rea-u3800-tovarni-cena-51533\/\",\"name\":\"REA - Umyvadlo na desku Livia k\u00e1men REA-U3800 Tov\u00e1rn\u00ed Cena -\",\"isPartOf\":{\"@id\":\"https:\/\/www.domstavpro.com\/#website\"},\"primaryImageOfPage\":{\"@id\":\"https:\/\/www.domstavpro.com\/index.php\/produkt\/rea-umyvadlo-na-desku-livia-kamen-rea-u3800-tovarni-cena-51533\/#primaryimage\"},\"image\":{\"@id\":\"https:\/\/www.domstavpro.com\/index.php\/produkt\/rea-umyvadlo-na-desku-livia-kamen-rea-u3800-tovarni-cena-51533\/#primaryimage\"},\"thumbnailUrl\":\"https:\/\/www.domstavpro.com\/wp-content\/uploads\/2026\/SK0034124-CZ20260425-092556-0-1777080363-1976776_rea-umyvadlo-na-desku-livia-kamen-rea-u3800.webp\",\"datePublished\":\"2026-04-27T15:09:57+00:00\",\"breadcrumb\":{\"@id\":\"https:\/\/www.domstavpro.com\/index.php\/produkt\/rea-umyvadlo-na-desku-livia-kamen-rea-u3800-tovarni-cena-51533\/#breadcrumb\"},\"inLanguage\":\"cs\",\"potentialAction\":[{\"@type\":\"ReadAction\",\"target\":[\"https:\/\/www.domstavpro.com\/index.php\/produkt\/rea-umyvadlo-na-desku-livia-kamen-rea-u3800-tovarni-cena-51533\/\"]}]},{\"@type\":\"ImageObject\",\"inLanguage\":\"cs\",\"@id\":\"https:\/\/www.domstavpro.com\/index.php\/produkt\/rea-umyvadlo-na-desku-livia-kamen-rea-u3800-tovarni-cena-51533\/#primaryimage\",\"url\":\"https:\/\/www.domstavpro.com\/wp-content\/uploads\/2026\/SK0034124-CZ20260425-092556-0-1777080363-1976776_rea-umyvadlo-na-desku-livia-kamen-rea-u3800.webp\",\"contentUrl\":\"https:\/\/www.domstavpro.com\/wp-content\/uploads\/2026\/SK0034124-CZ20260425-092556-0-1777080363-1976776_rea-umyvadlo-na-desku-livia-kamen-rea-u3800.webp\",\"width\":1000,\"height\":750},{\"@type\":\"BreadcrumbList\",\"@id\":\"https:\/\/www.domstavpro.com\/index.php\/produkt\/rea-umyvadlo-na-desku-livia-kamen-rea-u3800-tovarni-cena-51533\/#breadcrumb\",\"itemListElement\":[{\"@type\":\"ListItem\",\"position\":1,\"name\":\"Home\",\"item\":\"https:\/\/www.domstavpro.com\/\"},{\"@type\":\"ListItem\",\"position\":2,\"name\":\"Products\",\"item\":\"https:\/\/www.domstavpro.com\/index.php\/products\/\"},{\"@type\":\"ListItem\",\"position\":3,\"name\":\"REA &#8211; Umyvadlo na desku Livia k\u00e1men REA-U3800 Tov\u00e1rn\u00ed Cena\"}]},{\"@type\":\"WebSite\",\"@id\":\"https:\/\/www.domstavpro.com\/#website\",\"url\":\"https:\/\/www.domstavpro.com\/\",\"name\":\"\",\"description\":\"\",\"potentialAction\":[{\"@type\":\"SearchAction\",\"target\":{\"@type\":\"EntryPoint\",\"urlTemplate\":\"https:\/\/www.domstavpro.com\/?s={search_term_string}\"},\"query-input\":{\"@type\":\"PropertyValueSpecification\",\"valueRequired\":true,\"valueName\":\"search_term_string\"}}],\"inLanguage\":\"cs\"}]}<\/script>\n<!-- \/ Yoast SEO plugin. -->","yoast_head_json":{"title":"REA - Umyvadlo na desku Livia k\u00e1men REA-U3800 Tov\u00e1rn\u00ed Cena -","robots":{"index":"index","follow":"follow","max-snippet":"max-snippet:-1","max-image-preview":"max-image-preview:large","max-video-preview":"max-video-preview:-1"},"canonical":"https:\/\/www.domstavpro.com\/index.php\/produkt\/rea-umyvadlo-na-desku-livia-kamen-rea-u3800-tovarni-cena-51533\/","og_locale":"cs_CZ","og_type":"article","og_title":"REA - Umyvadlo na desku Livia k\u00e1men REA-U3800 Tov\u00e1rn\u00ed Cena -","og_description":"Detailn\u00ed popis produktu Kr\u00e1sn\u00e9 umyvadlo na desku Rea Livia napodobuj\u00edc\u00ed k\u00e1men. D\u00edky technice, p\u0159i n\u00ed\u017e byla vyrobena horn\u00ed vrstva umyvadla, m\u00e1 ka\u017ed\u00e1 polo\u017eka jedine\u010dn\u00fd vzor. Tento efekt napodobuje dokonale p\u0159\u00edrodn\u00ed k\u00e1men. Umyvadlo je p\u0159izp\u016fsoben\u00e9 pro mont\u00e1\u017e na desku. Bylo vyrobeno z vysoce kvalitn\u00ed sanit\u00e1rn\u00ed keramiky. D\u00edky speci\u00e1ln\u00ed f\u00e1zi v\u00fdroby je odoln\u00e9 a snadno se \u010dist\u00ed. [&hellip;]","og_url":"https:\/\/www.domstavpro.com\/index.php\/produkt\/rea-umyvadlo-na-desku-livia-kamen-rea-u3800-tovarni-cena-51533\/","og_image":[{"width":1000,"height":750,"url":"https:\/\/www.domstavpro.com\/wp-content\/uploads\/2026\/SK0034124-CZ20260425-092556-0-1777080363-1976776_rea-umyvadlo-na-desku-livia-kamen-rea-u3800.webp","type":"image\/webp"}],"twitter_card":"summary_large_image","twitter_misc":{"Odhadovan\u00e1 doba \u010dten\u00ed":"1 minuta"},"schema":{"@context":"https:\/\/schema.org","@graph":[{"@type":"WebPage","@id":"https:\/\/www.domstavpro.com\/index.php\/produkt\/rea-umyvadlo-na-desku-livia-kamen-rea-u3800-tovarni-cena-51533\/","url":"https:\/\/www.domstavpro.com\/index.php\/produkt\/rea-umyvadlo-na-desku-livia-kamen-rea-u3800-tovarni-cena-51533\/","name":"REA - Umyvadlo na desku Livia k\u00e1men REA-U3800 Tov\u00e1rn\u00ed Cena -","isPartOf":{"@id":"https:\/\/www.domstavpro.com\/#website"},"primaryImageOfPage":{"@id":"https:\/\/www.domstavpro.com\/index.php\/produkt\/rea-umyvadlo-na-desku-livia-kamen-rea-u3800-tovarni-cena-51533\/#primaryimage"},"image":{"@id":"https:\/\/www.domstavpro.com\/index.php\/produkt\/rea-umyvadlo-na-desku-livia-kamen-rea-u3800-tovarni-cena-51533\/#primaryimage"},"thumbnailUrl":"https:\/\/www.domstavpro.com\/wp-content\/uploads\/2026\/SK0034124-CZ20260425-092556-0-1777080363-1976776_rea-umyvadlo-na-desku-livia-kamen-rea-u3800.webp","datePublished":"2026-04-27T15:09:57+00:00","breadcrumb":{"@id":"https:\/\/www.domstavpro.com\/index.php\/produkt\/rea-umyvadlo-na-desku-livia-kamen-rea-u3800-tovarni-cena-51533\/#breadcrumb"},"inLanguage":"cs","potentialAction":[{"@type":"ReadAction","target":["https:\/\/www.domstavpro.com\/index.php\/produkt\/rea-umyvadlo-na-desku-livia-kamen-rea-u3800-tovarni-cena-51533\/"]}]},{"@type":"ImageObject","inLanguage":"cs","@id":"https:\/\/www.domstavpro.com\/index.php\/produkt\/rea-umyvadlo-na-desku-livia-kamen-rea-u3800-tovarni-cena-51533\/#primaryimage","url":"https:\/\/www.domstavpro.com\/wp-content\/uploads\/2026\/SK0034124-CZ20260425-092556-0-1777080363-1976776_rea-umyvadlo-na-desku-livia-kamen-rea-u3800.webp","contentUrl":"https:\/\/www.domstavpro.com\/wp-content\/uploads\/2026\/SK0034124-CZ20260425-092556-0-1777080363-1976776_rea-umyvadlo-na-desku-livia-kamen-rea-u3800.webp","width":1000,"height":750},{"@type":"BreadcrumbList","@id":"https:\/\/www.domstavpro.com\/index.php\/produkt\/rea-umyvadlo-na-desku-livia-kamen-rea-u3800-tovarni-cena-51533\/#breadcrumb","itemListElement":[{"@type":"ListItem","position":1,"name":"Home","item":"https:\/\/www.domstavpro.com\/"},{"@type":"ListItem","position":2,"name":"Products","item":"https:\/\/www.domstavpro.com\/index.php\/products\/"},{"@type":"ListItem","position":3,"name":"REA &#8211; Umyvadlo na desku Livia k\u00e1men REA-U3800 Tov\u00e1rn\u00ed Cena"}]},{"@type":"WebSite","@id":"https:\/\/www.domstavpro.com\/#website","url":"https:\/\/www.domstavpro.com\/","name":"","description":"","potentialAction":[{"@type":"SearchAction","target":{"@type":"EntryPoint","urlTemplate":"https:\/\/www.domstavpro.com\/?s={search_term_string}"},"query-input":{"@type":"PropertyValueSpecification","valueRequired":true,"valueName":"search_term_string"}}],"inLanguage":"cs"}]}},"_links":{"self":[{"href":"https:\/\/www.domstavpro.com\/index.php\/wp-json\/wp\/v2\/product\/51533","targetHints":{"allow":["GET"]}}],"collection":[{"href":"https:\/\/www.domstavpro.com\/index.php\/wp-json\/wp\/v2\/product"}],"about":[{"href":"https:\/\/www.domstavpro.com\/index.php\/wp-json\/wp\/v2\/types\/product"}],"replies":[{"embeddable":true,"href":"https:\/\/www.domstavpro.com\/index.php\/wp-json\/wp\/v2\/comments?post=51533"}],"wp:featuredmedia":[{"embeddable":true,"href":"https:\/\/www.domstavpro.com\/index.php\/wp-json\/wp\/v2\/media\/51633"}],"wp:attachment":[{"href":"https:\/\/www.domstavpro.com\/index.php\/wp-json\/wp\/v2\/media?parent=51533"}],"wp:term":[{"taxonomy":"product_brand","embeddable":true,"href":"https:\/\/www.domstavpro.com\/index.php\/wp-json\/wp\/v2\/product_brand?post=51533"},{"taxonomy":"product_cat","embeddable":true,"href":"https:\/\/www.domstavpro.com\/index.php\/wp-json\/wp\/v2\/product_cat?post=51533"},{"taxonomy":"product_tag","embeddable":true,"href":"https:\/\/www.domstavpro.com\/index.php\/wp-json\/wp\/v2\/product_tag?post=51533"}],"curies":[{"name":"wp","href":"https:\/\/api.w.org\/{rel}","templated":true}]}}