{"id":51532,"date":"2026-04-27T15:09:57","date_gmt":"2026-04-27T15:09:57","guid":{"rendered":""},"modified":"2026-04-27T15:09:57","modified_gmt":"2026-04-27T15:09:57","slug":"omezena-nabidka-rea-umyvadlo-na-desku-freja-beige-51x39-5-rea-u6647-51532","status":"publish","type":"product","link":"https:\/\/www.domstavpro.com\/index.php\/produkt\/omezena-nabidka-rea-umyvadlo-na-desku-freja-beige-51x39-5-rea-u6647-51532\/","title":{"rendered":"Omezen\u00e1 Nab\u00eddka REA &#8211; Umyvadlo na desku Freja Beige 51&#215;39,5 REA-U6647"},"content":{"rendered":"<div class=\"basic-description\">\n<h3>Detailn\u00ed popis produktu<\/h3>\n<p>Modern\u00ed \u0159ada kamenn\u00fdch imitac\u00ed d\u0159ez\u016f.\u00a0D\u00edky technice, p\u0159i kter\u00e9 byla vyrobena horn\u00ed vrstva umyvadla, m\u00e1 ka\u017ed\u00e1 polo\u017eka jedine\u010dn\u00fd a jedine\u010dn\u00fd vzor.\u00a0Tento efekt napodobuje p\u0159\u00edrodn\u00ed k\u00e1men.\u00a0Ergonomick\u00fd tvar misky umo\u017e\u0148uje voln\u00fd odtok vody.\u00a0Umyvadlo lze namontovat na desku nebo sk\u0159\u00ed\u0148ku.\u00a0Nab\u00edz\u00edme perfektn\u00ed vysok\u00e9 kohoutky a sifony v mnoha barv\u00e1ch, ur\u010den\u00e9 pro toto umyvadlo.<\/p>\n<p><strong>Baterie nen\u00ed sou\u010d\u00e1st\u00ed balen\u00ed.<\/strong><\/p>\n<\/p><\/div>\n<div class=\"extended-description\">\n<h3>Dopl\u0148kov\u00e9 parametry<\/h3>\n<table class=\"detail-parameters\">\n<tbody>\n<tr>\n<th>        <span class=\"row-header-label\">            Kategorie<span class=\"row-header-label-colon\">:<\/span>        <\/span>    <\/th>\n<td>            <\/td>\n<\/tr>\n<tr>\n<th>            <span class=\"row-header-label\">                Z\u00e1ruka<span class=\"row-header-label-colon\">:<\/span>            <\/span>        <\/th>\n<td>            2 roky        <\/td>\n<\/tr>\n<tr>\n<th>            <span class=\"row-header-label\">                Hmotnost<span class=\"row-header-label-colon\">:<\/span>            <\/span>        <\/th>\n<td>            8 kg        <\/td>\n<\/tr>\n<tr class=\"productEan\">\n<th>          <span class=\"row-header-label productEan__label\">              EAN<span class=\"row-header-label-colon\">:<\/span>          <\/span>      <\/th>\n<td>          <span class=\"productEan__value\">5902557335688<\/span>      <\/td>\n<\/tr>\n<tr>\n<th>                <span class=\"row-header-label\">                                            Dostupnost<span class=\"row-header-label-colon\">:<\/span>                                    <\/span>            <\/th>\n<td>                                                            Dod\u00e1n\u00ed do 14ti dn\u016f                                                <\/td>\n<\/tr>\n<\/tbody>\n<\/table><\/div>\n<\/p><\/div>\n<\/p><\/div>\n","protected":false},"excerpt":{"rendered":"<p>Detailn\u00ed popis produktu Modern\u00ed \u0159ada kamenn\u00fdch imitac\u00ed d\u0159ez\u016f.\u00a0D\u00edky technice, p\u0159i kter\u00e9 byla vyrobena horn\u00ed vrstva umyvadla, m\u00e1 ka\u017ed\u00e1 polo\u017eka jedine\u010dn\u00fd a jedine\u010dn\u00fd vzor.\u00a0Tento efekt napodobuje p\u0159\u00edrodn\u00ed k\u00e1men.\u00a0Ergonomick\u00fd tvar misky umo\u017e\u0148uje voln\u00fd odtok vody.\u00a0Umyvadlo lze namontovat na desku nebo sk\u0159\u00ed\u0148ku.\u00a0Nab\u00edz\u00edme perfektn\u00ed vysok\u00e9 kohoutky a sifony v mnoha barv\u00e1ch, ur\u010den\u00e9 pro toto umyvadlo. Baterie nen\u00ed sou\u010d\u00e1st\u00ed balen\u00ed. [&hellip;]<\/p>\n","protected":false},"featured_media":51632,"comment_status":"open","ping_status":"open","template":"","meta":[],"product_brand":[],"product_cat":[76],"product_tag":[],"class_list":{"0":"post-51532","1":"product","2":"type-product","3":"status-publish","4":"has-post-thumbnail","6":"product_cat-umyvadla","8":"first","9":"instock","10":"sale","11":"shipping-taxable","12":"purchasable","13":"product-type-simple"},"yoast_head":"<!-- This site is optimized with the Yoast SEO plugin v26.8 - https:\/\/yoast.com\/product\/yoast-seo-wordpress\/ -->\n<title>Omezen\u00e1 Nab\u00eddka REA - Umyvadlo na desku Freja Beige 51x39,5 REA-U6647 -<\/title>\n<meta name=\"robots\" content=\"index, follow, max-snippet:-1, max-image-preview:large, max-video-preview:-1\" \/>\n<link rel=\"canonical\" href=\"https:\/\/www.domstavpro.com\/index.php\/produkt\/omezena-nabidka-rea-umyvadlo-na-desku-freja-beige-51x39-5-rea-u6647-51532\/\" \/>\n<meta property=\"og:locale\" content=\"cs_CZ\" \/>\n<meta property=\"og:type\" content=\"article\" \/>\n<meta property=\"og:title\" content=\"Omezen\u00e1 Nab\u00eddka REA - Umyvadlo na desku Freja Beige 51x39,5 REA-U6647 -\" \/>\n<meta property=\"og:description\" content=\"Detailn\u00ed popis produktu Modern\u00ed \u0159ada kamenn\u00fdch imitac\u00ed d\u0159ez\u016f.\u00a0D\u00edky technice, p\u0159i kter\u00e9 byla vyrobena horn\u00ed vrstva umyvadla, m\u00e1 ka\u017ed\u00e1 polo\u017eka jedine\u010dn\u00fd a jedine\u010dn\u00fd vzor.\u00a0Tento efekt napodobuje p\u0159\u00edrodn\u00ed k\u00e1men.\u00a0Ergonomick\u00fd tvar misky umo\u017e\u0148uje voln\u00fd odtok vody.\u00a0Umyvadlo lze namontovat na desku nebo sk\u0159\u00ed\u0148ku.\u00a0Nab\u00edz\u00edme perfektn\u00ed vysok\u00e9 kohoutky a sifony v mnoha barv\u00e1ch, ur\u010den\u00e9 pro toto umyvadlo. Baterie nen\u00ed sou\u010d\u00e1st\u00ed balen\u00ed. [&hellip;]\" \/>\n<meta property=\"og:url\" content=\"https:\/\/www.domstavpro.com\/index.php\/produkt\/omezena-nabidka-rea-umyvadlo-na-desku-freja-beige-51x39-5-rea-u6647-51532\/\" \/>\n<meta property=\"og:image\" content=\"https:\/\/www.domstavpro.com\/wp-content\/uploads\/2026\/SK0034123-CZ20260425-092556-0-1777080363-1976767_rea-umyvadlo-na-desku-freja-beige-51x39-5-rea-u6647.webp\" \/>\n\t<meta property=\"og:image:width\" content=\"1000\" \/>\n\t<meta property=\"og:image:height\" content=\"750\" \/>\n\t<meta property=\"og:image:type\" content=\"image\/webp\" \/>\n<meta name=\"twitter:card\" content=\"summary_large_image\" \/>\n<script type=\"application\/ld+json\" class=\"yoast-schema-graph\">{\"@context\":\"https:\/\/schema.org\",\"@graph\":[{\"@type\":\"WebPage\",\"@id\":\"https:\/\/www.domstavpro.com\/index.php\/produkt\/omezena-nabidka-rea-umyvadlo-na-desku-freja-beige-51x39-5-rea-u6647-51532\/\",\"url\":\"https:\/\/www.domstavpro.com\/index.php\/produkt\/omezena-nabidka-rea-umyvadlo-na-desku-freja-beige-51x39-5-rea-u6647-51532\/\",\"name\":\"Omezen\u00e1 Nab\u00eddka REA - Umyvadlo na desku Freja Beige 51x39,5 REA-U6647 -\",\"isPartOf\":{\"@id\":\"https:\/\/www.domstavpro.com\/#website\"},\"primaryImageOfPage\":{\"@id\":\"https:\/\/www.domstavpro.com\/index.php\/produkt\/omezena-nabidka-rea-umyvadlo-na-desku-freja-beige-51x39-5-rea-u6647-51532\/#primaryimage\"},\"image\":{\"@id\":\"https:\/\/www.domstavpro.com\/index.php\/produkt\/omezena-nabidka-rea-umyvadlo-na-desku-freja-beige-51x39-5-rea-u6647-51532\/#primaryimage\"},\"thumbnailUrl\":\"https:\/\/www.domstavpro.com\/wp-content\/uploads\/2026\/SK0034123-CZ20260425-092556-0-1777080363-1976767_rea-umyvadlo-na-desku-freja-beige-51x39-5-rea-u6647.webp\",\"datePublished\":\"2026-04-27T15:09:57+00:00\",\"breadcrumb\":{\"@id\":\"https:\/\/www.domstavpro.com\/index.php\/produkt\/omezena-nabidka-rea-umyvadlo-na-desku-freja-beige-51x39-5-rea-u6647-51532\/#breadcrumb\"},\"inLanguage\":\"cs\",\"potentialAction\":[{\"@type\":\"ReadAction\",\"target\":[\"https:\/\/www.domstavpro.com\/index.php\/produkt\/omezena-nabidka-rea-umyvadlo-na-desku-freja-beige-51x39-5-rea-u6647-51532\/\"]}]},{\"@type\":\"ImageObject\",\"inLanguage\":\"cs\",\"@id\":\"https:\/\/www.domstavpro.com\/index.php\/produkt\/omezena-nabidka-rea-umyvadlo-na-desku-freja-beige-51x39-5-rea-u6647-51532\/#primaryimage\",\"url\":\"https:\/\/www.domstavpro.com\/wp-content\/uploads\/2026\/SK0034123-CZ20260425-092556-0-1777080363-1976767_rea-umyvadlo-na-desku-freja-beige-51x39-5-rea-u6647.webp\",\"contentUrl\":\"https:\/\/www.domstavpro.com\/wp-content\/uploads\/2026\/SK0034123-CZ20260425-092556-0-1777080363-1976767_rea-umyvadlo-na-desku-freja-beige-51x39-5-rea-u6647.webp\",\"width\":1000,\"height\":750},{\"@type\":\"BreadcrumbList\",\"@id\":\"https:\/\/www.domstavpro.com\/index.php\/produkt\/omezena-nabidka-rea-umyvadlo-na-desku-freja-beige-51x39-5-rea-u6647-51532\/#breadcrumb\",\"itemListElement\":[{\"@type\":\"ListItem\",\"position\":1,\"name\":\"Home\",\"item\":\"https:\/\/www.domstavpro.com\/\"},{\"@type\":\"ListItem\",\"position\":2,\"name\":\"Products\",\"item\":\"https:\/\/www.domstavpro.com\/index.php\/products\/\"},{\"@type\":\"ListItem\",\"position\":3,\"name\":\"Omezen\u00e1 Nab\u00eddka REA &#8211; Umyvadlo na desku Freja Beige 51&#215;39,5 REA-U6647\"}]},{\"@type\":\"WebSite\",\"@id\":\"https:\/\/www.domstavpro.com\/#website\",\"url\":\"https:\/\/www.domstavpro.com\/\",\"name\":\"\",\"description\":\"\",\"potentialAction\":[{\"@type\":\"SearchAction\",\"target\":{\"@type\":\"EntryPoint\",\"urlTemplate\":\"https:\/\/www.domstavpro.com\/?s={search_term_string}\"},\"query-input\":{\"@type\":\"PropertyValueSpecification\",\"valueRequired\":true,\"valueName\":\"search_term_string\"}}],\"inLanguage\":\"cs\"}]}<\/script>\n<!-- \/ Yoast SEO plugin. -->","yoast_head_json":{"title":"Omezen\u00e1 Nab\u00eddka REA - Umyvadlo na desku Freja Beige 51x39,5 REA-U6647 -","robots":{"index":"index","follow":"follow","max-snippet":"max-snippet:-1","max-image-preview":"max-image-preview:large","max-video-preview":"max-video-preview:-1"},"canonical":"https:\/\/www.domstavpro.com\/index.php\/produkt\/omezena-nabidka-rea-umyvadlo-na-desku-freja-beige-51x39-5-rea-u6647-51532\/","og_locale":"cs_CZ","og_type":"article","og_title":"Omezen\u00e1 Nab\u00eddka REA - Umyvadlo na desku Freja Beige 51x39,5 REA-U6647 -","og_description":"Detailn\u00ed popis produktu Modern\u00ed \u0159ada kamenn\u00fdch imitac\u00ed d\u0159ez\u016f.\u00a0D\u00edky technice, p\u0159i kter\u00e9 byla vyrobena horn\u00ed vrstva umyvadla, m\u00e1 ka\u017ed\u00e1 polo\u017eka jedine\u010dn\u00fd a jedine\u010dn\u00fd vzor.\u00a0Tento efekt napodobuje p\u0159\u00edrodn\u00ed k\u00e1men.\u00a0Ergonomick\u00fd tvar misky umo\u017e\u0148uje voln\u00fd odtok vody.\u00a0Umyvadlo lze namontovat na desku nebo sk\u0159\u00ed\u0148ku.\u00a0Nab\u00edz\u00edme perfektn\u00ed vysok\u00e9 kohoutky a sifony v mnoha barv\u00e1ch, ur\u010den\u00e9 pro toto umyvadlo. Baterie nen\u00ed sou\u010d\u00e1st\u00ed balen\u00ed. [&hellip;]","og_url":"https:\/\/www.domstavpro.com\/index.php\/produkt\/omezena-nabidka-rea-umyvadlo-na-desku-freja-beige-51x39-5-rea-u6647-51532\/","og_image":[{"width":1000,"height":750,"url":"https:\/\/www.domstavpro.com\/wp-content\/uploads\/2026\/SK0034123-CZ20260425-092556-0-1777080363-1976767_rea-umyvadlo-na-desku-freja-beige-51x39-5-rea-u6647.webp","type":"image\/webp"}],"twitter_card":"summary_large_image","schema":{"@context":"https:\/\/schema.org","@graph":[{"@type":"WebPage","@id":"https:\/\/www.domstavpro.com\/index.php\/produkt\/omezena-nabidka-rea-umyvadlo-na-desku-freja-beige-51x39-5-rea-u6647-51532\/","url":"https:\/\/www.domstavpro.com\/index.php\/produkt\/omezena-nabidka-rea-umyvadlo-na-desku-freja-beige-51x39-5-rea-u6647-51532\/","name":"Omezen\u00e1 Nab\u00eddka REA - Umyvadlo na desku Freja Beige 51x39,5 REA-U6647 -","isPartOf":{"@id":"https:\/\/www.domstavpro.com\/#website"},"primaryImageOfPage":{"@id":"https:\/\/www.domstavpro.com\/index.php\/produkt\/omezena-nabidka-rea-umyvadlo-na-desku-freja-beige-51x39-5-rea-u6647-51532\/#primaryimage"},"image":{"@id":"https:\/\/www.domstavpro.com\/index.php\/produkt\/omezena-nabidka-rea-umyvadlo-na-desku-freja-beige-51x39-5-rea-u6647-51532\/#primaryimage"},"thumbnailUrl":"https:\/\/www.domstavpro.com\/wp-content\/uploads\/2026\/SK0034123-CZ20260425-092556-0-1777080363-1976767_rea-umyvadlo-na-desku-freja-beige-51x39-5-rea-u6647.webp","datePublished":"2026-04-27T15:09:57+00:00","breadcrumb":{"@id":"https:\/\/www.domstavpro.com\/index.php\/produkt\/omezena-nabidka-rea-umyvadlo-na-desku-freja-beige-51x39-5-rea-u6647-51532\/#breadcrumb"},"inLanguage":"cs","potentialAction":[{"@type":"ReadAction","target":["https:\/\/www.domstavpro.com\/index.php\/produkt\/omezena-nabidka-rea-umyvadlo-na-desku-freja-beige-51x39-5-rea-u6647-51532\/"]}]},{"@type":"ImageObject","inLanguage":"cs","@id":"https:\/\/www.domstavpro.com\/index.php\/produkt\/omezena-nabidka-rea-umyvadlo-na-desku-freja-beige-51x39-5-rea-u6647-51532\/#primaryimage","url":"https:\/\/www.domstavpro.com\/wp-content\/uploads\/2026\/SK0034123-CZ20260425-092556-0-1777080363-1976767_rea-umyvadlo-na-desku-freja-beige-51x39-5-rea-u6647.webp","contentUrl":"https:\/\/www.domstavpro.com\/wp-content\/uploads\/2026\/SK0034123-CZ20260425-092556-0-1777080363-1976767_rea-umyvadlo-na-desku-freja-beige-51x39-5-rea-u6647.webp","width":1000,"height":750},{"@type":"BreadcrumbList","@id":"https:\/\/www.domstavpro.com\/index.php\/produkt\/omezena-nabidka-rea-umyvadlo-na-desku-freja-beige-51x39-5-rea-u6647-51532\/#breadcrumb","itemListElement":[{"@type":"ListItem","position":1,"name":"Home","item":"https:\/\/www.domstavpro.com\/"},{"@type":"ListItem","position":2,"name":"Products","item":"https:\/\/www.domstavpro.com\/index.php\/products\/"},{"@type":"ListItem","position":3,"name":"Omezen\u00e1 Nab\u00eddka REA &#8211; Umyvadlo na desku Freja Beige 51&#215;39,5 REA-U6647"}]},{"@type":"WebSite","@id":"https:\/\/www.domstavpro.com\/#website","url":"https:\/\/www.domstavpro.com\/","name":"","description":"","potentialAction":[{"@type":"SearchAction","target":{"@type":"EntryPoint","urlTemplate":"https:\/\/www.domstavpro.com\/?s={search_term_string}"},"query-input":{"@type":"PropertyValueSpecification","valueRequired":true,"valueName":"search_term_string"}}],"inLanguage":"cs"}]}},"_links":{"self":[{"href":"https:\/\/www.domstavpro.com\/index.php\/wp-json\/wp\/v2\/product\/51532","targetHints":{"allow":["GET"]}}],"collection":[{"href":"https:\/\/www.domstavpro.com\/index.php\/wp-json\/wp\/v2\/product"}],"about":[{"href":"https:\/\/www.domstavpro.com\/index.php\/wp-json\/wp\/v2\/types\/product"}],"replies":[{"embeddable":true,"href":"https:\/\/www.domstavpro.com\/index.php\/wp-json\/wp\/v2\/comments?post=51532"}],"wp:featuredmedia":[{"embeddable":true,"href":"https:\/\/www.domstavpro.com\/index.php\/wp-json\/wp\/v2\/media\/51632"}],"wp:attachment":[{"href":"https:\/\/www.domstavpro.com\/index.php\/wp-json\/wp\/v2\/media?parent=51532"}],"wp:term":[{"taxonomy":"product_brand","embeddable":true,"href":"https:\/\/www.domstavpro.com\/index.php\/wp-json\/wp\/v2\/product_brand?post=51532"},{"taxonomy":"product_cat","embeddable":true,"href":"https:\/\/www.domstavpro.com\/index.php\/wp-json\/wp\/v2\/product_cat?post=51532"},{"taxonomy":"product_tag","embeddable":true,"href":"https:\/\/www.domstavpro.com\/index.php\/wp-json\/wp\/v2\/product_tag?post=51532"}],"curies":[{"name":"wp","href":"https:\/\/api.w.org\/{rel}","templated":true}]}}