{"id":51120,"date":"2026-04-27T15:09:56","date_gmt":"2026-04-27T15:09:56","guid":{"rendered":""},"modified":"2026-04-27T15:09:56","modified_gmt":"2026-04-27T15:09:56","slug":"rea-umyvadlo-na-desku-pearl-gold-edge-rea-u0696-sleva-51120","status":"publish","type":"product","link":"https:\/\/www.domstavpro.com\/index.php\/produkt\/rea-umyvadlo-na-desku-pearl-gold-edge-rea-u0696-sleva-51120\/","title":{"rendered":"REA &#8211; Umyvadlo na desku Pearl Gold Edge REA-U0696 Sleva"},"content":{"rendered":"<div class=\"basic-description\">\n<h3>Detailn\u00ed popis produktu<\/h3>\n<p>                                    Umyvadlo je vyrobeno z nejkvalitn\u011bj\u0161\u00ed b\u00edl\u00e9 keramiky a m\u00e1 ov\u00e1ln\u00fd, vlnit\u00fd tvar. Umyvadlo je zakon\u010deno zlat\u00fdm lemem, kter\u00fd d\u00e1v\u00e1 kr\u00e1sn\u00fd kone\u010dn\u00fd v\u00fdsledek. Umyvadlo je neuv\u011b\u0159iteln\u011b atraktivn\u00ed na pohled, je ide\u00e1ln\u00ed pro milovn\u00edky nestandardn\u00edch tvar\u016f, vn\u00e1\u0161\u00ed eleganci do za\u0159\u00edzen\u00ed koupelny doma i v kancel\u00e1\u0159i. Umyvadlo je uzp\u016fsobeno k mont\u00e1\u017ei na desku nebo sk\u0159\u00ed\u0148ku. Byl vyroben z vysoce kvalitn\u00ed sanit\u00e1rn\u00ed keramiky. D\u00edky speci\u00e1ln\u00ed v\u00fdrobn\u00ed f\u00e1zi je odoln\u00fd a snadno se \u010dist\u00ed.                            <\/p><\/div>\n<div class=\"extended-description\">\n<h3>Dopl\u0148kov\u00e9 parametry<\/h3>\n<table class=\"detail-parameters\">\n<tbody>\n<tr>\n<th>        <span class=\"row-header-label\">            Kategorie<span class=\"row-header-label-colon\">:<\/span>        <\/span>    <\/th>\n<td>            <\/td>\n<\/tr>\n<tr>\n<th>            <span class=\"row-header-label\">                Z\u00e1ruka<span class=\"row-header-label-colon\">:<\/span>            <\/span>        <\/th>\n<td>            2 roky        <\/td>\n<\/tr>\n<tr>\n<th>            <span class=\"row-header-label\">                Hmotnost<span class=\"row-header-label-colon\">:<\/span>            <\/span>        <\/th>\n<td>            8 kg        <\/td>\n<\/tr>\n<tr class=\"productEan\">\n<th>          <span class=\"row-header-label productEan__label\">              EAN<span class=\"row-header-label-colon\">:<\/span>          <\/span>      <\/th>\n<td>          <span class=\"productEan__value\">5902557356867<\/span>      <\/td>\n<\/tr>\n<tr>\n<th>                <span class=\"row-header-label\">                                            Dostupnost<span class=\"row-header-label-colon\">:<\/span>                                    <\/span>            <\/th>\n<td>                                                            Dod\u00e1n\u00ed do 14ti dn\u016f                                                <\/td>\n<\/tr>\n<\/tbody>\n<\/table><\/div>\n<\/p><\/div>\n<\/p><\/div>\n","protected":false},"excerpt":{"rendered":"<p>Detailn\u00ed popis produktu Umyvadlo je vyrobeno z nejkvalitn\u011bj\u0161\u00ed b\u00edl\u00e9 keramiky a m\u00e1 ov\u00e1ln\u00fd, vlnit\u00fd tvar. Umyvadlo je zakon\u010deno zlat\u00fdm lemem, kter\u00fd d\u00e1v\u00e1 kr\u00e1sn\u00fd kone\u010dn\u00fd v\u00fdsledek. Umyvadlo je neuv\u011b\u0159iteln\u011b atraktivn\u00ed na pohled, je ide\u00e1ln\u00ed pro milovn\u00edky nestandardn\u00edch tvar\u016f, vn\u00e1\u0161\u00ed eleganci do za\u0159\u00edzen\u00ed koupelny doma i v kancel\u00e1\u0159i. Umyvadlo je uzp\u016fsobeno k mont\u00e1\u017ei na desku nebo sk\u0159\u00ed\u0148ku. [&hellip;]<\/p>\n","protected":false},"featured_media":51220,"comment_status":"open","ping_status":"open","template":"","meta":[],"product_brand":[],"product_cat":[76],"product_tag":[],"class_list":{"0":"post-51120","1":"product","2":"type-product","3":"status-publish","4":"has-post-thumbnail","6":"product_cat-umyvadla","8":"first","9":"instock","10":"sale","11":"shipping-taxable","12":"purchasable","13":"product-type-simple"},"yoast_head":"<!-- This site is optimized with the Yoast SEO plugin v26.8 - https:\/\/yoast.com\/product\/yoast-seo-wordpress\/ -->\n<title>REA - Umyvadlo na desku Pearl Gold Edge REA-U0696 Sleva -<\/title>\n<meta name=\"robots\" content=\"index, follow, max-snippet:-1, max-image-preview:large, max-video-preview:-1\" \/>\n<link rel=\"canonical\" href=\"https:\/\/www.domstavpro.com\/index.php\/produkt\/rea-umyvadlo-na-desku-pearl-gold-edge-rea-u0696-sleva-51120\/\" \/>\n<meta property=\"og:locale\" content=\"cs_CZ\" \/>\n<meta property=\"og:type\" content=\"article\" \/>\n<meta property=\"og:title\" content=\"REA - Umyvadlo na desku Pearl Gold Edge REA-U0696 Sleva -\" \/>\n<meta property=\"og:description\" content=\"Detailn\u00ed popis produktu Umyvadlo je vyrobeno z nejkvalitn\u011bj\u0161\u00ed b\u00edl\u00e9 keramiky a m\u00e1 ov\u00e1ln\u00fd, vlnit\u00fd tvar. Umyvadlo je zakon\u010deno zlat\u00fdm lemem, kter\u00fd d\u00e1v\u00e1 kr\u00e1sn\u00fd kone\u010dn\u00fd v\u00fdsledek. Umyvadlo je neuv\u011b\u0159iteln\u011b atraktivn\u00ed na pohled, je ide\u00e1ln\u00ed pro milovn\u00edky nestandardn\u00edch tvar\u016f, vn\u00e1\u0161\u00ed eleganci do za\u0159\u00edzen\u00ed koupelny doma i v kancel\u00e1\u0159i. Umyvadlo je uzp\u016fsobeno k mont\u00e1\u017ei na desku nebo sk\u0159\u00ed\u0148ku. [&hellip;]\" \/>\n<meta property=\"og:url\" content=\"https:\/\/www.domstavpro.com\/index.php\/produkt\/rea-umyvadlo-na-desku-pearl-gold-edge-rea-u0696-sleva-51120\/\" \/>\n<meta property=\"og:image\" content=\"https:\/\/www.domstavpro.com\/wp-content\/uploads\/2026\/SK0033903-CZ20260425-092556-0-1777080363-1971640_rea-umyvadlo-na-desku-pearl-gold-edge-rea-u0696.webp\" \/>\n\t<meta property=\"og:image:width\" content=\"1000\" \/>\n\t<meta property=\"og:image:height\" content=\"750\" \/>\n\t<meta property=\"og:image:type\" content=\"image\/webp\" \/>\n<meta name=\"twitter:card\" content=\"summary_large_image\" \/>\n<meta name=\"twitter:label1\" content=\"Odhadovan\u00e1 doba \u010dten\u00ed\" \/>\n\t<meta name=\"twitter:data1\" content=\"1 minuta\" \/>\n<script type=\"application\/ld+json\" class=\"yoast-schema-graph\">{\"@context\":\"https:\/\/schema.org\",\"@graph\":[{\"@type\":\"WebPage\",\"@id\":\"https:\/\/www.domstavpro.com\/index.php\/produkt\/rea-umyvadlo-na-desku-pearl-gold-edge-rea-u0696-sleva-51120\/\",\"url\":\"https:\/\/www.domstavpro.com\/index.php\/produkt\/rea-umyvadlo-na-desku-pearl-gold-edge-rea-u0696-sleva-51120\/\",\"name\":\"REA - Umyvadlo na desku Pearl Gold Edge REA-U0696 Sleva -\",\"isPartOf\":{\"@id\":\"https:\/\/www.domstavpro.com\/#website\"},\"primaryImageOfPage\":{\"@id\":\"https:\/\/www.domstavpro.com\/index.php\/produkt\/rea-umyvadlo-na-desku-pearl-gold-edge-rea-u0696-sleva-51120\/#primaryimage\"},\"image\":{\"@id\":\"https:\/\/www.domstavpro.com\/index.php\/produkt\/rea-umyvadlo-na-desku-pearl-gold-edge-rea-u0696-sleva-51120\/#primaryimage\"},\"thumbnailUrl\":\"https:\/\/www.domstavpro.com\/wp-content\/uploads\/2026\/SK0033903-CZ20260425-092556-0-1777080363-1971640_rea-umyvadlo-na-desku-pearl-gold-edge-rea-u0696.webp\",\"datePublished\":\"2026-04-27T15:09:56+00:00\",\"breadcrumb\":{\"@id\":\"https:\/\/www.domstavpro.com\/index.php\/produkt\/rea-umyvadlo-na-desku-pearl-gold-edge-rea-u0696-sleva-51120\/#breadcrumb\"},\"inLanguage\":\"cs\",\"potentialAction\":[{\"@type\":\"ReadAction\",\"target\":[\"https:\/\/www.domstavpro.com\/index.php\/produkt\/rea-umyvadlo-na-desku-pearl-gold-edge-rea-u0696-sleva-51120\/\"]}]},{\"@type\":\"ImageObject\",\"inLanguage\":\"cs\",\"@id\":\"https:\/\/www.domstavpro.com\/index.php\/produkt\/rea-umyvadlo-na-desku-pearl-gold-edge-rea-u0696-sleva-51120\/#primaryimage\",\"url\":\"https:\/\/www.domstavpro.com\/wp-content\/uploads\/2026\/SK0033903-CZ20260425-092556-0-1777080363-1971640_rea-umyvadlo-na-desku-pearl-gold-edge-rea-u0696.webp\",\"contentUrl\":\"https:\/\/www.domstavpro.com\/wp-content\/uploads\/2026\/SK0033903-CZ20260425-092556-0-1777080363-1971640_rea-umyvadlo-na-desku-pearl-gold-edge-rea-u0696.webp\",\"width\":1000,\"height\":750},{\"@type\":\"BreadcrumbList\",\"@id\":\"https:\/\/www.domstavpro.com\/index.php\/produkt\/rea-umyvadlo-na-desku-pearl-gold-edge-rea-u0696-sleva-51120\/#breadcrumb\",\"itemListElement\":[{\"@type\":\"ListItem\",\"position\":1,\"name\":\"Home\",\"item\":\"https:\/\/www.domstavpro.com\/\"},{\"@type\":\"ListItem\",\"position\":2,\"name\":\"Products\",\"item\":\"https:\/\/www.domstavpro.com\/index.php\/products\/\"},{\"@type\":\"ListItem\",\"position\":3,\"name\":\"REA &#8211; Umyvadlo na desku Pearl Gold Edge REA-U0696 Sleva\"}]},{\"@type\":\"WebSite\",\"@id\":\"https:\/\/www.domstavpro.com\/#website\",\"url\":\"https:\/\/www.domstavpro.com\/\",\"name\":\"\",\"description\":\"\",\"potentialAction\":[{\"@type\":\"SearchAction\",\"target\":{\"@type\":\"EntryPoint\",\"urlTemplate\":\"https:\/\/www.domstavpro.com\/?s={search_term_string}\"},\"query-input\":{\"@type\":\"PropertyValueSpecification\",\"valueRequired\":true,\"valueName\":\"search_term_string\"}}],\"inLanguage\":\"cs\"}]}<\/script>\n<!-- \/ Yoast SEO plugin. -->","yoast_head_json":{"title":"REA - Umyvadlo na desku Pearl Gold Edge REA-U0696 Sleva -","robots":{"index":"index","follow":"follow","max-snippet":"max-snippet:-1","max-image-preview":"max-image-preview:large","max-video-preview":"max-video-preview:-1"},"canonical":"https:\/\/www.domstavpro.com\/index.php\/produkt\/rea-umyvadlo-na-desku-pearl-gold-edge-rea-u0696-sleva-51120\/","og_locale":"cs_CZ","og_type":"article","og_title":"REA - Umyvadlo na desku Pearl Gold Edge REA-U0696 Sleva -","og_description":"Detailn\u00ed popis produktu Umyvadlo je vyrobeno z nejkvalitn\u011bj\u0161\u00ed b\u00edl\u00e9 keramiky a m\u00e1 ov\u00e1ln\u00fd, vlnit\u00fd tvar. Umyvadlo je zakon\u010deno zlat\u00fdm lemem, kter\u00fd d\u00e1v\u00e1 kr\u00e1sn\u00fd kone\u010dn\u00fd v\u00fdsledek. Umyvadlo je neuv\u011b\u0159iteln\u011b atraktivn\u00ed na pohled, je ide\u00e1ln\u00ed pro milovn\u00edky nestandardn\u00edch tvar\u016f, vn\u00e1\u0161\u00ed eleganci do za\u0159\u00edzen\u00ed koupelny doma i v kancel\u00e1\u0159i. Umyvadlo je uzp\u016fsobeno k mont\u00e1\u017ei na desku nebo sk\u0159\u00ed\u0148ku. [&hellip;]","og_url":"https:\/\/www.domstavpro.com\/index.php\/produkt\/rea-umyvadlo-na-desku-pearl-gold-edge-rea-u0696-sleva-51120\/","og_image":[{"width":1000,"height":750,"url":"https:\/\/www.domstavpro.com\/wp-content\/uploads\/2026\/SK0033903-CZ20260425-092556-0-1777080363-1971640_rea-umyvadlo-na-desku-pearl-gold-edge-rea-u0696.webp","type":"image\/webp"}],"twitter_card":"summary_large_image","twitter_misc":{"Odhadovan\u00e1 doba \u010dten\u00ed":"1 minuta"},"schema":{"@context":"https:\/\/schema.org","@graph":[{"@type":"WebPage","@id":"https:\/\/www.domstavpro.com\/index.php\/produkt\/rea-umyvadlo-na-desku-pearl-gold-edge-rea-u0696-sleva-51120\/","url":"https:\/\/www.domstavpro.com\/index.php\/produkt\/rea-umyvadlo-na-desku-pearl-gold-edge-rea-u0696-sleva-51120\/","name":"REA - Umyvadlo na desku Pearl Gold Edge REA-U0696 Sleva -","isPartOf":{"@id":"https:\/\/www.domstavpro.com\/#website"},"primaryImageOfPage":{"@id":"https:\/\/www.domstavpro.com\/index.php\/produkt\/rea-umyvadlo-na-desku-pearl-gold-edge-rea-u0696-sleva-51120\/#primaryimage"},"image":{"@id":"https:\/\/www.domstavpro.com\/index.php\/produkt\/rea-umyvadlo-na-desku-pearl-gold-edge-rea-u0696-sleva-51120\/#primaryimage"},"thumbnailUrl":"https:\/\/www.domstavpro.com\/wp-content\/uploads\/2026\/SK0033903-CZ20260425-092556-0-1777080363-1971640_rea-umyvadlo-na-desku-pearl-gold-edge-rea-u0696.webp","datePublished":"2026-04-27T15:09:56+00:00","breadcrumb":{"@id":"https:\/\/www.domstavpro.com\/index.php\/produkt\/rea-umyvadlo-na-desku-pearl-gold-edge-rea-u0696-sleva-51120\/#breadcrumb"},"inLanguage":"cs","potentialAction":[{"@type":"ReadAction","target":["https:\/\/www.domstavpro.com\/index.php\/produkt\/rea-umyvadlo-na-desku-pearl-gold-edge-rea-u0696-sleva-51120\/"]}]},{"@type":"ImageObject","inLanguage":"cs","@id":"https:\/\/www.domstavpro.com\/index.php\/produkt\/rea-umyvadlo-na-desku-pearl-gold-edge-rea-u0696-sleva-51120\/#primaryimage","url":"https:\/\/www.domstavpro.com\/wp-content\/uploads\/2026\/SK0033903-CZ20260425-092556-0-1777080363-1971640_rea-umyvadlo-na-desku-pearl-gold-edge-rea-u0696.webp","contentUrl":"https:\/\/www.domstavpro.com\/wp-content\/uploads\/2026\/SK0033903-CZ20260425-092556-0-1777080363-1971640_rea-umyvadlo-na-desku-pearl-gold-edge-rea-u0696.webp","width":1000,"height":750},{"@type":"BreadcrumbList","@id":"https:\/\/www.domstavpro.com\/index.php\/produkt\/rea-umyvadlo-na-desku-pearl-gold-edge-rea-u0696-sleva-51120\/#breadcrumb","itemListElement":[{"@type":"ListItem","position":1,"name":"Home","item":"https:\/\/www.domstavpro.com\/"},{"@type":"ListItem","position":2,"name":"Products","item":"https:\/\/www.domstavpro.com\/index.php\/products\/"},{"@type":"ListItem","position":3,"name":"REA &#8211; Umyvadlo na desku Pearl Gold Edge REA-U0696 Sleva"}]},{"@type":"WebSite","@id":"https:\/\/www.domstavpro.com\/#website","url":"https:\/\/www.domstavpro.com\/","name":"","description":"","potentialAction":[{"@type":"SearchAction","target":{"@type":"EntryPoint","urlTemplate":"https:\/\/www.domstavpro.com\/?s={search_term_string}"},"query-input":{"@type":"PropertyValueSpecification","valueRequired":true,"valueName":"search_term_string"}}],"inLanguage":"cs"}]}},"_links":{"self":[{"href":"https:\/\/www.domstavpro.com\/index.php\/wp-json\/wp\/v2\/product\/51120","targetHints":{"allow":["GET"]}}],"collection":[{"href":"https:\/\/www.domstavpro.com\/index.php\/wp-json\/wp\/v2\/product"}],"about":[{"href":"https:\/\/www.domstavpro.com\/index.php\/wp-json\/wp\/v2\/types\/product"}],"replies":[{"embeddable":true,"href":"https:\/\/www.domstavpro.com\/index.php\/wp-json\/wp\/v2\/comments?post=51120"}],"wp:featuredmedia":[{"embeddable":true,"href":"https:\/\/www.domstavpro.com\/index.php\/wp-json\/wp\/v2\/media\/51220"}],"wp:attachment":[{"href":"https:\/\/www.domstavpro.com\/index.php\/wp-json\/wp\/v2\/media?parent=51120"}],"wp:term":[{"taxonomy":"product_brand","embeddable":true,"href":"https:\/\/www.domstavpro.com\/index.php\/wp-json\/wp\/v2\/product_brand?post=51120"},{"taxonomy":"product_cat","embeddable":true,"href":"https:\/\/www.domstavpro.com\/index.php\/wp-json\/wp\/v2\/product_cat?post=51120"},{"taxonomy":"product_tag","embeddable":true,"href":"https:\/\/www.domstavpro.com\/index.php\/wp-json\/wp\/v2\/product_tag?post=51120"}],"curies":[{"name":"wp","href":"https:\/\/api.w.org\/{rel}","templated":true}]}}