{"id":50990,"date":"2026-04-27T15:09:56","date_gmt":"2026-04-27T15:09:56","guid":{"rendered":""},"modified":"2026-04-27T15:09:56","modified_gmt":"2026-04-27T15:09:56","slug":"mexen-flat-odtokovy-zlab-bez-rostu-90-cm-zlata-1515090-overeny-50990","status":"publish","type":"product","link":"https:\/\/www.domstavpro.com\/index.php\/produkt\/mexen-flat-odtokovy-zlab-bez-rostu-90-cm-zlata-1515090-overeny-50990\/","title":{"rendered":"MEXEN &#8211; Flat odtokov\u00fd \u017elab bez ro\u0161tu 90 cm zlata 1515090 Ov\u011b\u0159en\u00fd"},"content":{"rendered":"<div class=\"basic-description\">\n<h3>Detailn\u00ed popis produktu<\/h3>\n<p>Technick\u00e1 data:<\/p>\n<p>Materi\u00e1l: nerezov\u00e1 ocel AISI 304<\/p>\n<p>Povrchov\u00e1 \u00faprava: zlato<\/p>\n<p>\u0160\u00ed\u0159ka: 90 cm<\/p>\n<p>Hloubka mont\u00e1\u017ee: 52 mm<\/p>\n<p>Kapacita: 50 l \/ min<\/p>\n<p>Dopl\u0148te M panely<\/p>\n<p>Zahrnuta:<\/p>\n<p>Mont\u00e1\u017en\u00ed stabiliz\u00e1tory<\/p>\n<p>Nastaviteln\u00e9 nohy<\/p>\n<p>Vyj\u00edmateln\u00fd filtr na ne\u010distoty<\/p>\n<p>Kulat\u00fd l\u00edmec &#8211; 2 cm<\/p>\n<p>Sifon zastavuj\u00edc\u00ed z\u00e1pach<\/p>\n<p>\u017dlab na odvod vody<\/p>\n<p>Redukce 50\/40 mm<\/p>\n<\/p>\n<\/p><\/div>\n<div class=\"extended-description\">\n<h3>Dopl\u0148kov\u00e9 parametry<\/h3>\n<table class=\"detail-parameters\">\n<tbody>\n<tr>\n<th>        <span class=\"row-header-label\">            Kategorie<span class=\"row-header-label-colon\">:<\/span>        <\/span>    <\/th>\n<td>            <\/td>\n<\/tr>\n<tr>\n<th>            <span class=\"row-header-label\">                Hmotnost<span class=\"row-header-label-colon\">:<\/span>            <\/span>        <\/th>\n<td>            2.03 kg        <\/td>\n<\/tr>\n<tr class=\"productEan\">\n<th>          <span class=\"row-header-label productEan__label\">              EAN<span class=\"row-header-label-colon\">:<\/span>          <\/span>      <\/th>\n<td>          <span class=\"productEan__value\">5907709190085<\/span>      <\/td>\n<\/tr>\n<tr>\n<th>                <span class=\"row-header-label\">                                            Dostupnost<span class=\"row-header-label-colon\">:<\/span>                                    <\/span>            <\/th>\n<td>                                                            Skladem                                                <\/td>\n<\/tr>\n<\/tbody>\n<\/table><\/div>\n<\/p><\/div>\n<\/p><\/div>\n","protected":false},"excerpt":{"rendered":"<p>Detailn\u00ed popis produktu Technick\u00e1 data: Materi\u00e1l: nerezov\u00e1 ocel AISI 304 Povrchov\u00e1 \u00faprava: zlato \u0160\u00ed\u0159ka: 90 cm Hloubka mont\u00e1\u017ee: 52 mm Kapacita: 50 l \/ min Dopl\u0148te M panely Zahrnuta: Mont\u00e1\u017en\u00ed stabiliz\u00e1tory Nastaviteln\u00e9 nohy Vyj\u00edmateln\u00fd filtr na ne\u010distoty Kulat\u00fd l\u00edmec &#8211; 2 cm Sifon zastavuj\u00edc\u00ed z\u00e1pach \u017dlab na odvod vody Redukce 50\/40 mm Dopl\u0148kov\u00e9 parametry Kategorie: [&hellip;]<\/p>\n","protected":false},"featured_media":51090,"comment_status":"open","ping_status":"open","template":"","meta":[],"product_brand":[],"product_cat":[79],"product_tag":[],"class_list":{"0":"post-50990","1":"product","2":"type-product","3":"status-publish","4":"has-post-thumbnail","6":"product_cat-odtokove-kanalky","8":"first","9":"instock","10":"sale","11":"shipping-taxable","12":"purchasable","13":"product-type-simple"},"yoast_head":"<!-- This site is optimized with the Yoast SEO plugin v26.8 - https:\/\/yoast.com\/product\/yoast-seo-wordpress\/ -->\n<title>MEXEN - Flat odtokov\u00fd \u017elab bez ro\u0161tu 90 cm zlata 1515090 Ov\u011b\u0159en\u00fd -<\/title>\n<meta name=\"robots\" content=\"index, follow, max-snippet:-1, max-image-preview:large, max-video-preview:-1\" \/>\n<link rel=\"canonical\" href=\"https:\/\/www.domstavpro.com\/index.php\/produkt\/mexen-flat-odtokovy-zlab-bez-rostu-90-cm-zlata-1515090-overeny-50990\/\" \/>\n<meta property=\"og:locale\" content=\"cs_CZ\" \/>\n<meta property=\"og:type\" content=\"article\" \/>\n<meta property=\"og:title\" content=\"MEXEN - Flat odtokov\u00fd \u017elab bez ro\u0161tu 90 cm zlata 1515090 Ov\u011b\u0159en\u00fd -\" \/>\n<meta property=\"og:description\" content=\"Detailn\u00ed popis produktu Technick\u00e1 data: Materi\u00e1l: nerezov\u00e1 ocel AISI 304 Povrchov\u00e1 \u00faprava: zlato \u0160\u00ed\u0159ka: 90 cm Hloubka mont\u00e1\u017ee: 52 mm Kapacita: 50 l \/ min Dopl\u0148te M panely Zahrnuta: Mont\u00e1\u017en\u00ed stabiliz\u00e1tory Nastaviteln\u00e9 nohy Vyj\u00edmateln\u00fd filtr na ne\u010distoty Kulat\u00fd l\u00edmec &#8211; 2 cm Sifon zastavuj\u00edc\u00ed z\u00e1pach \u017dlab na odvod vody Redukce 50\/40 mm Dopl\u0148kov\u00e9 parametry Kategorie: [&hellip;]\" \/>\n<meta property=\"og:url\" content=\"https:\/\/www.domstavpro.com\/index.php\/produkt\/mexen-flat-odtokovy-zlab-bez-rostu-90-cm-zlata-1515090-overeny-50990\/\" \/>\n<meta property=\"og:image\" content=\"https:\/\/www.domstavpro.com\/wp-content\/uploads\/2026\/SK0033872-CZ20260425-092556-0-1777080363-1967599_mexen-flat-odtokovy-zlab-bez-rostu-90-cm-zlata-1515.webp\" \/>\n\t<meta property=\"og:image:width\" content=\"1000\" \/>\n\t<meta property=\"og:image:height\" content=\"750\" \/>\n\t<meta property=\"og:image:type\" content=\"image\/webp\" \/>\n<meta name=\"twitter:card\" content=\"summary_large_image\" \/>\n<script type=\"application\/ld+json\" class=\"yoast-schema-graph\">{\"@context\":\"https:\/\/schema.org\",\"@graph\":[{\"@type\":\"WebPage\",\"@id\":\"https:\/\/www.domstavpro.com\/index.php\/produkt\/mexen-flat-odtokovy-zlab-bez-rostu-90-cm-zlata-1515090-overeny-50990\/\",\"url\":\"https:\/\/www.domstavpro.com\/index.php\/produkt\/mexen-flat-odtokovy-zlab-bez-rostu-90-cm-zlata-1515090-overeny-50990\/\",\"name\":\"MEXEN - Flat odtokov\u00fd \u017elab bez ro\u0161tu 90 cm zlata 1515090 Ov\u011b\u0159en\u00fd -\",\"isPartOf\":{\"@id\":\"https:\/\/www.domstavpro.com\/#website\"},\"primaryImageOfPage\":{\"@id\":\"https:\/\/www.domstavpro.com\/index.php\/produkt\/mexen-flat-odtokovy-zlab-bez-rostu-90-cm-zlata-1515090-overeny-50990\/#primaryimage\"},\"image\":{\"@id\":\"https:\/\/www.domstavpro.com\/index.php\/produkt\/mexen-flat-odtokovy-zlab-bez-rostu-90-cm-zlata-1515090-overeny-50990\/#primaryimage\"},\"thumbnailUrl\":\"https:\/\/www.domstavpro.com\/wp-content\/uploads\/2026\/SK0033872-CZ20260425-092556-0-1777080363-1967599_mexen-flat-odtokovy-zlab-bez-rostu-90-cm-zlata-1515.webp\",\"datePublished\":\"2026-04-27T15:09:56+00:00\",\"breadcrumb\":{\"@id\":\"https:\/\/www.domstavpro.com\/index.php\/produkt\/mexen-flat-odtokovy-zlab-bez-rostu-90-cm-zlata-1515090-overeny-50990\/#breadcrumb\"},\"inLanguage\":\"cs\",\"potentialAction\":[{\"@type\":\"ReadAction\",\"target\":[\"https:\/\/www.domstavpro.com\/index.php\/produkt\/mexen-flat-odtokovy-zlab-bez-rostu-90-cm-zlata-1515090-overeny-50990\/\"]}]},{\"@type\":\"ImageObject\",\"inLanguage\":\"cs\",\"@id\":\"https:\/\/www.domstavpro.com\/index.php\/produkt\/mexen-flat-odtokovy-zlab-bez-rostu-90-cm-zlata-1515090-overeny-50990\/#primaryimage\",\"url\":\"https:\/\/www.domstavpro.com\/wp-content\/uploads\/2026\/SK0033872-CZ20260425-092556-0-1777080363-1967599_mexen-flat-odtokovy-zlab-bez-rostu-90-cm-zlata-1515.webp\",\"contentUrl\":\"https:\/\/www.domstavpro.com\/wp-content\/uploads\/2026\/SK0033872-CZ20260425-092556-0-1777080363-1967599_mexen-flat-odtokovy-zlab-bez-rostu-90-cm-zlata-1515.webp\",\"width\":1000,\"height\":750},{\"@type\":\"BreadcrumbList\",\"@id\":\"https:\/\/www.domstavpro.com\/index.php\/produkt\/mexen-flat-odtokovy-zlab-bez-rostu-90-cm-zlata-1515090-overeny-50990\/#breadcrumb\",\"itemListElement\":[{\"@type\":\"ListItem\",\"position\":1,\"name\":\"Home\",\"item\":\"https:\/\/www.domstavpro.com\/\"},{\"@type\":\"ListItem\",\"position\":2,\"name\":\"Products\",\"item\":\"https:\/\/www.domstavpro.com\/index.php\/products\/\"},{\"@type\":\"ListItem\",\"position\":3,\"name\":\"MEXEN &#8211; Flat odtokov\u00fd \u017elab bez ro\u0161tu 90 cm zlata 1515090 Ov\u011b\u0159en\u00fd\"}]},{\"@type\":\"WebSite\",\"@id\":\"https:\/\/www.domstavpro.com\/#website\",\"url\":\"https:\/\/www.domstavpro.com\/\",\"name\":\"\",\"description\":\"\",\"potentialAction\":[{\"@type\":\"SearchAction\",\"target\":{\"@type\":\"EntryPoint\",\"urlTemplate\":\"https:\/\/www.domstavpro.com\/?s={search_term_string}\"},\"query-input\":{\"@type\":\"PropertyValueSpecification\",\"valueRequired\":true,\"valueName\":\"search_term_string\"}}],\"inLanguage\":\"cs\"}]}<\/script>\n<!-- \/ Yoast SEO plugin. -->","yoast_head_json":{"title":"MEXEN - Flat odtokov\u00fd \u017elab bez ro\u0161tu 90 cm zlata 1515090 Ov\u011b\u0159en\u00fd -","robots":{"index":"index","follow":"follow","max-snippet":"max-snippet:-1","max-image-preview":"max-image-preview:large","max-video-preview":"max-video-preview:-1"},"canonical":"https:\/\/www.domstavpro.com\/index.php\/produkt\/mexen-flat-odtokovy-zlab-bez-rostu-90-cm-zlata-1515090-overeny-50990\/","og_locale":"cs_CZ","og_type":"article","og_title":"MEXEN - Flat odtokov\u00fd \u017elab bez ro\u0161tu 90 cm zlata 1515090 Ov\u011b\u0159en\u00fd -","og_description":"Detailn\u00ed popis produktu Technick\u00e1 data: Materi\u00e1l: nerezov\u00e1 ocel AISI 304 Povrchov\u00e1 \u00faprava: zlato \u0160\u00ed\u0159ka: 90 cm Hloubka mont\u00e1\u017ee: 52 mm Kapacita: 50 l \/ min Dopl\u0148te M panely Zahrnuta: Mont\u00e1\u017en\u00ed stabiliz\u00e1tory Nastaviteln\u00e9 nohy Vyj\u00edmateln\u00fd filtr na ne\u010distoty Kulat\u00fd l\u00edmec &#8211; 2 cm Sifon zastavuj\u00edc\u00ed z\u00e1pach \u017dlab na odvod vody Redukce 50\/40 mm Dopl\u0148kov\u00e9 parametry Kategorie: [&hellip;]","og_url":"https:\/\/www.domstavpro.com\/index.php\/produkt\/mexen-flat-odtokovy-zlab-bez-rostu-90-cm-zlata-1515090-overeny-50990\/","og_image":[{"width":1000,"height":750,"url":"https:\/\/www.domstavpro.com\/wp-content\/uploads\/2026\/SK0033872-CZ20260425-092556-0-1777080363-1967599_mexen-flat-odtokovy-zlab-bez-rostu-90-cm-zlata-1515.webp","type":"image\/webp"}],"twitter_card":"summary_large_image","schema":{"@context":"https:\/\/schema.org","@graph":[{"@type":"WebPage","@id":"https:\/\/www.domstavpro.com\/index.php\/produkt\/mexen-flat-odtokovy-zlab-bez-rostu-90-cm-zlata-1515090-overeny-50990\/","url":"https:\/\/www.domstavpro.com\/index.php\/produkt\/mexen-flat-odtokovy-zlab-bez-rostu-90-cm-zlata-1515090-overeny-50990\/","name":"MEXEN - Flat odtokov\u00fd \u017elab bez ro\u0161tu 90 cm zlata 1515090 Ov\u011b\u0159en\u00fd -","isPartOf":{"@id":"https:\/\/www.domstavpro.com\/#website"},"primaryImageOfPage":{"@id":"https:\/\/www.domstavpro.com\/index.php\/produkt\/mexen-flat-odtokovy-zlab-bez-rostu-90-cm-zlata-1515090-overeny-50990\/#primaryimage"},"image":{"@id":"https:\/\/www.domstavpro.com\/index.php\/produkt\/mexen-flat-odtokovy-zlab-bez-rostu-90-cm-zlata-1515090-overeny-50990\/#primaryimage"},"thumbnailUrl":"https:\/\/www.domstavpro.com\/wp-content\/uploads\/2026\/SK0033872-CZ20260425-092556-0-1777080363-1967599_mexen-flat-odtokovy-zlab-bez-rostu-90-cm-zlata-1515.webp","datePublished":"2026-04-27T15:09:56+00:00","breadcrumb":{"@id":"https:\/\/www.domstavpro.com\/index.php\/produkt\/mexen-flat-odtokovy-zlab-bez-rostu-90-cm-zlata-1515090-overeny-50990\/#breadcrumb"},"inLanguage":"cs","potentialAction":[{"@type":"ReadAction","target":["https:\/\/www.domstavpro.com\/index.php\/produkt\/mexen-flat-odtokovy-zlab-bez-rostu-90-cm-zlata-1515090-overeny-50990\/"]}]},{"@type":"ImageObject","inLanguage":"cs","@id":"https:\/\/www.domstavpro.com\/index.php\/produkt\/mexen-flat-odtokovy-zlab-bez-rostu-90-cm-zlata-1515090-overeny-50990\/#primaryimage","url":"https:\/\/www.domstavpro.com\/wp-content\/uploads\/2026\/SK0033872-CZ20260425-092556-0-1777080363-1967599_mexen-flat-odtokovy-zlab-bez-rostu-90-cm-zlata-1515.webp","contentUrl":"https:\/\/www.domstavpro.com\/wp-content\/uploads\/2026\/SK0033872-CZ20260425-092556-0-1777080363-1967599_mexen-flat-odtokovy-zlab-bez-rostu-90-cm-zlata-1515.webp","width":1000,"height":750},{"@type":"BreadcrumbList","@id":"https:\/\/www.domstavpro.com\/index.php\/produkt\/mexen-flat-odtokovy-zlab-bez-rostu-90-cm-zlata-1515090-overeny-50990\/#breadcrumb","itemListElement":[{"@type":"ListItem","position":1,"name":"Home","item":"https:\/\/www.domstavpro.com\/"},{"@type":"ListItem","position":2,"name":"Products","item":"https:\/\/www.domstavpro.com\/index.php\/products\/"},{"@type":"ListItem","position":3,"name":"MEXEN &#8211; Flat odtokov\u00fd \u017elab bez ro\u0161tu 90 cm zlata 1515090 Ov\u011b\u0159en\u00fd"}]},{"@type":"WebSite","@id":"https:\/\/www.domstavpro.com\/#website","url":"https:\/\/www.domstavpro.com\/","name":"","description":"","potentialAction":[{"@type":"SearchAction","target":{"@type":"EntryPoint","urlTemplate":"https:\/\/www.domstavpro.com\/?s={search_term_string}"},"query-input":{"@type":"PropertyValueSpecification","valueRequired":true,"valueName":"search_term_string"}}],"inLanguage":"cs"}]}},"_links":{"self":[{"href":"https:\/\/www.domstavpro.com\/index.php\/wp-json\/wp\/v2\/product\/50990","targetHints":{"allow":["GET"]}}],"collection":[{"href":"https:\/\/www.domstavpro.com\/index.php\/wp-json\/wp\/v2\/product"}],"about":[{"href":"https:\/\/www.domstavpro.com\/index.php\/wp-json\/wp\/v2\/types\/product"}],"replies":[{"embeddable":true,"href":"https:\/\/www.domstavpro.com\/index.php\/wp-json\/wp\/v2\/comments?post=50990"}],"wp:featuredmedia":[{"embeddable":true,"href":"https:\/\/www.domstavpro.com\/index.php\/wp-json\/wp\/v2\/media\/51090"}],"wp:attachment":[{"href":"https:\/\/www.domstavpro.com\/index.php\/wp-json\/wp\/v2\/media?parent=50990"}],"wp:term":[{"taxonomy":"product_brand","embeddable":true,"href":"https:\/\/www.domstavpro.com\/index.php\/wp-json\/wp\/v2\/product_brand?post=50990"},{"taxonomy":"product_cat","embeddable":true,"href":"https:\/\/www.domstavpro.com\/index.php\/wp-json\/wp\/v2\/product_cat?post=50990"},{"taxonomy":"product_tag","embeddable":true,"href":"https:\/\/www.domstavpro.com\/index.php\/wp-json\/wp\/v2\/product_tag?post=50990"}],"curies":[{"name":"wp","href":"https:\/\/api.w.org\/{rel}","templated":true}]}}