{"id":43741,"date":"2026-04-27T15:09:38","date_gmt":"2026-04-27T15:09:38","guid":{"rendered":""},"modified":"2026-04-27T15:09:38","modified_gmt":"2026-04-27T15:09:38","slug":"znackovy-gelco-vario-chrome-jednodilna-sprchova-zastena-do-prostoru-matne-sklo-1400-mm-43741","status":"publish","type":"product","link":"https:\/\/www.domstavpro.com\/index.php\/produkt\/znackovy-gelco-vario-chrome-jednodilna-sprchova-zastena-do-prostoru-matne-sklo-1400-mm-43741\/","title":{"rendered":"Zna\u010dkov\u00fd GELCO VARIO CHROME jednod\u00edln\u00e1 sprchov\u00e1 z\u00e1st\u011bna do prostoru, matn\u00e9 sklo, 1400 mm"},"content":{"rendered":"<div id=\"e9133602\" class=\"pages\">\n<div>\n<div id=\"PDDescription\" class=\"UserContentView userContent v1a v1 bs-view dcon dc164 PDDescription\" ><dc-con><dc-con><bs-empty><\/bs-empty><\/dc-con><dc-con>        <\/p>\n<div class=\"customDescription\">                    <\/div>\n<p><\/dc-con><dc-con><\/p>\n<p style=\"text-align: justify;\">Kolekce walk-in z\u00e1st\u011bn VARIO nab\u00edz\u00ed chytr\u00e9 a flexibiln\u00ed \u0159e\u0161en\u00ed podle individu\u00e1ln\u00edch a prostorov\u00fdch dispozic. Stavebnicov\u00fd syst\u00e9m v\u00fdpln\u00ed, vzp\u011br a profil\u016f umo\u017e\u0148uje promy\u0161len\u00e9 kombinace rozm\u011br\u016f, barev a tvar\u016f z\u00e1st\u011bn \u2013 a\u0165 u\u017e ke st\u011bn\u011b nebo do prostoru. Elegantn\u00ed vzhled d\u00edky minimu komponent\u016f v chromov\u00e9m, \u010dern\u00e9m matn\u00e9m, b\u00edl\u00e9m matn\u00e9m, zlat\u00e9m nebo zlat\u00e9m matn\u00e9m proveden\u00ed je vhodn\u00fd pro ka\u017edou koupelnu.<\/p>\n<p><strong>Charakteristika sprchov\u00fdch walk-in z\u00e1st\u011bn s\u00e9rie VARIO<\/strong><\/p>\n<ul>\n<li>Z\u00e1st\u011bny v&nbsp;\u0161\u00ed\u0159k\u00e1ch 700 a\u017e 1400 mm<\/li>\n<li>Bezpe\u010dnostn\u00ed sklo o&nbsp;s\u00edle 8 mm na v\u00fdb\u011br v&nbsp;proveden\u00ed \u010dir\u00e9 \/ kou\u0159ov\u00e9 \/ matn\u00e9 \/ nordic nebo deska z&nbsp;vysokotlak\u00e9ho HPL lamin\u00e1tu o&nbsp;s\u00edle 8 mm<\/li>\n<li>Povrchov\u00e1 \u00faprava sklen\u011bn\u00fdch v\u00fdpln\u00ed Coated Glass zabra\u0148uje usazov\u00e1n\u00ed vodn\u00edho kamene a usnad\u0148uje \u010di\u0161t\u011bn\u00ed<\/li>\n<li>St\u011bnov\u00e9 profily s toleranc\u00ed 15 mm usnad\u0148uj\u00ed stabiln\u00ed mont\u00e1\u017e z\u00e1st\u011bn, instalace je mo\u017en\u00e1 na dla\u017ebu nebo sprchovou vani\u010dku<\/li>\n<li>St\u011bnov\u00fd profil z\u00e1st\u011bn na v\u00fdb\u011br z proveden\u00ed: chrom \/ \u010dern\u00e1 mat \/ b\u00edl\u00e1 mat \/ zlat\u00e1 mat<\/li>\n<li>Kolm\u00e1 vzp\u011bra o&nbsp;d\u00e9lce 1400 mm na v\u00fdb\u011br v&nbsp;proveden\u00ed chrom \/ \u010dern\u00e1 mat \/ b\u00edl\u00e1 mat \/ zlat\u00e1 mat<\/li>\n<li>Kolmou vzp\u011bru lze zkr\u00e1tit na po\u017eadovan\u00fd rozm\u011br<\/li>\n<li>Rohov\u00e1 vzp\u011bra o&nbsp;d\u00e9lce 650 mm na v\u00fdb\u011br v&nbsp;proveden\u00ed chrom \/ \u010dern\u00e1 mat&nbsp;\/ b\u00edl\u00e1 mat \/ zlat\u00e1 mat<\/li>\n<li><span>Mo\u017enost p\u0159id\u00e1n\u00ed pevn\u00e9ho p\u0159\u00eddavn\u00e9ho panelu o&nbsp;\u0161\u00ed\u0159ce 350 mm v proveden\u00ed \u010dir\u00e9 sklo a barv\u011b profilu chrom \/ \u010dern\u00e1 mat ke sklen\u011bn\u00fdm v\u00fdpln\u00edm<\/span><\/li>\n<li>Variabiln\u00ed proveden\u00ed L\/R<\/li>\n<li>V\u00fd\u0161ka 2000 mm<\/li>\n<\/ul>\n<h4>Kombinace sestaven\u00ed sprchov\u00e9ho koutu:<\/h4>\n<div style=\"float: left; text-align: justify; width: 23%; padding-right: 10px;\"><a href=\"https:\/\/eshop.sapho.cz\/img\/_\/serie.795\/perovka-stena-vzpera-roh.jpg\" class=\"fancybox\"><img decoding=\"async\" src=\"https:\/\/eshop.sapho.cz\/img\/_\/serie.795\/perovka-stena-vzpera-roh.jpg\" caption=\"false\" height=\"180\" \/><\/a><br \/>S rohovou vzp\u011brou <br \/>a st\u011bnov\u00fdm profilem <br \/>Z\u00e1st\u011bny do \u0161\u00ed\u0159ky 1000 mm<\/p>\n<\/div>\n<div style=\"float: left; text-align: justify; width: 23%; padding-right: 10px;\"><a href=\"https:\/\/eshop.sapho.cz\/img\/_\/serie.795\/perovka-stena-vzpera-kolma.jpg\" class=\"fancybox\"><img decoding=\"async\" src=\"https:\/\/eshop.sapho.cz\/img\/_\/serie.795\/perovka-stena-vzpera-kolma.jpg\" caption=\"false\" height=\"180\" \/><\/a><br \/>S kolmou vzp\u011brou <br \/>a st\u011bnov\u00fdm profilem<\/div>\n<div style=\"float: left; text-align: justify; width: 23%; padding-right: 10px;\"><a href=\"https:\/\/eshop.sapho.cz\/img\/_\/serie.795\/perovka-dve-steny.jpg\" class=\"fancybox\"><img decoding=\"async\" src=\"https:\/\/eshop.sapho.cz\/img\/_\/serie.795\/perovka-dve-steny.jpg\" caption=\"false\" height=\"180\" \/><\/a><br \/>Dv\u011b z\u00e1st\u011bny se st\u011bnov\u00fdm <br \/>profilem&nbsp;spojen\u00e9&nbsp;kolm\u00fdmi <br \/>vzp\u011brami&nbsp;a T-spojkou<\/div>\n<div style=\"float: left; text-align: justify; width: 23%; padding-right: 10px;\"><a href=\"https:\/\/eshop.sapho.cz\/img\/_\/serie.795\/perovka-prostor.jpg\" class=\"fancybox\"><img decoding=\"async\" src=\"https:\/\/eshop.sapho.cz\/img\/_\/serie.795\/perovka-prostor.jpg\" caption=\"false\" height=\"180\" \/><\/a><br \/>Z\u00e1st\u011bna v prostoru <br \/>s dv\u011bma kolm\u00fdmi vzp\u011brami<\/div>\n<div style=\"clear: both;\"><\/div>\n<h2 class=\"props-title\">Vlastnosti<\/h2>\n<table>\n<tr>\n<th>Zna\u010dka<\/th>\n<td>GELCO<\/td>\n<\/tr>\n<tr>\n<th>S\u00e9rie<\/th>\n<td>VARIO<\/td>\n<\/tr>\n<tr>\n<th>3D model<\/th>\n<td>ANO<\/td>\n<\/tr>\n<tr>\n<th>\u0160\u00ed\u0159ka<\/th>\n<td>1400&nbsp;mm<\/td>\n<\/tr>\n<tr>\n<th>V\u00fd\u0161ka<\/th>\n<td>2000&nbsp;mm<\/td>\n<\/tr>\n<tr>\n<th>Barva profilu<\/th>\n<td>Chrom &#8211; Le\u0161t\u011bn\u00fd hlin\u00edk<\/td>\n<\/tr>\n<tr>\n<th>Tvar<\/th>\n<td>Jednost\u011bnn\u00e1 Walk<\/td>\n<\/tr>\n<tr>\n<th>Typ v\u00fdpln\u011b<\/th>\n<td>Matn\u00e9 sklo<\/td>\n<\/tr>\n<tr>\n<th>\u00daprava skla<\/th>\n<td>Coated glass<\/td>\n<\/tr>\n<tr>\n<th>Tlou\u0161\u0165ka skla<\/th>\n<td>8&nbsp;mm<\/td>\n<\/tr>\n<tr>\n<th>Hmotnost \/ ks<\/th>\n<td>73.0000&nbsp;kg<\/td>\n<\/tr>\n<tr>\n<th>Balen\u00ed<\/th>\n<td>3&nbsp;ks<\/td>\n<\/tr>\n<tr>\n<th>EAN<\/th>\n<td>8590913908941<\/td>\n<\/tr>\n<tr>\n<th>Z\u00e1ruka<\/th>\n<td>3 roky<\/td>\n<\/tr>\n<\/table>\n<div class=\"product-explanation-item\">\n<h3><span><strong>Coated glass<\/strong><\/span><\/h3>\n<p style=\"text-align: justify;\">Coated glass p\u0159edstavuje jednu z nejkvalitn\u011bj\u0161\u00edch \u00faprav skla sprchov\u00fdch kout\u016f. Jedn\u00e1 se o chemickou slou\u010deninu sm\u011bsi polymer\u016f, kter\u00e1 ve spojen\u00ed s katalyz\u00e1tory reaguje s k\u0159emi\u010ditanov\u00fdmi skupinami obsa\u017een\u00fdmi ve skle. Na sklen\u011bn\u00fdch ploch\u00e1ch tak vytv\u00e1\u0159\u00ed souvislou vrstvu filmu, kter\u00e1 vypln\u00ed mikrop\u00f3ry ve skle a odpuzuje vodu. Vlivem vod\u011bodpudiv\u00e9ho filmu se kapky vody shlukuj\u00ed a st\u00e9kaj\u00ed z povrchu skla. I kdy\u017e dojde k nepatrn\u00e9mu udr\u017een\u00ed men\u0161\u00edch kapek na skle, nedojde k chemick\u00e9 vazb\u011b, sklo nebude naru\u0161eno a neze\u0161edne.<\/p>\n<\/div>\n<h2 class=\"props-title\">Videa<\/h2>\n<p><a target=\"_blank\"  href=\"https:\/\/ubc.k2.cz\/K2FTPdata\/UBC\/video\/produkt_ostatne\/gelco-vario-navod.mp4\">https:\/\/ubc.k2.cz\/K2FTPdata\/UBC\/video\/produkt_ostatne\/gelco-vario-navod.mp4<\/a><br \/><\/dc-con><\/dc-con><\/div>\n<\/p><\/div>\n<div id=\"PDTable3\" class=\"ProductDetailTableView v3a v3 bs-view dcon dc185 PDTable3\" >\n<table>\n<thead><\/thead>\n<tbody>\n<tr class=\"attribute attr_kategorie\">\n<td class=\"caption\">Kategorie<\/td>\n<td class=\"value\">Walk-in<\/td>\n<\/tr>\n<tr class=\"attribute attr_typskla\">\n<td class=\"caption\">Typ skla<\/td>\n<td class=\"value\">Matn\u00e9 sklo<\/td>\n<\/tr>\n<tr class=\"attribute attr_bsshop_maker\">\n<td class=\"caption\">V\u00fdrobce<\/td>\n<td class=\"value\">Gelco<\/td>\n<\/tr>\n<tr class=\"weight\">\n<td class=\"caption\"><span>Hmotnost<\/span><\/td>\n<td class=\"value\"><span>73,00 kg<\/span><\/td>\n<\/tr>\n<\/tbody>\n<\/table>\n<\/div>\n<div id=\"ProductMedia\" class=\"ProductMediaView MediaViewBase v1a v1 bs-view dcon dc409 ProductMedia\" ><bs-empty><\/bs-empty><\/p>\n<div class=\"files\">\n<div class=\"title sub\">Soubory<\/div>\n<p><a href=\"\/media\/33743\/44733-vario-insturction-manual-re-240507.pdf?&amp;key=ZGpmIyQwNUZfMzM3NDM=\" class=\"pdf\">Dokumenty &#8211; N&#225;vod_priloha_0<\/a><a href=\"\/media\/48496\/44733-gx1214-02.dxf?&amp;key=ZGpmIyQwNUZfNDg0OTY=\" class=\"dxf\">Dokumenty &#8211; 3D modely_priloha_3<\/a><a href=\"\/media\/48497\/44733-gx1214-02.3ds?&amp;key=ZGpmIyQwNUZfNDg0OTc=\" class=\"3ds\">Dokumenty &#8211; 3D modely_priloha_1<\/a><a href=\"\/media\/48498\/44733-gx1214-02.dwg?&amp;key=ZGpmIyQwNUZfNDg0OTg=\" class=\"dwg\">Dokumenty &#8211; 3D modely_priloha_2<\/a><\/div>\n<p><bs-empty><\/bs-empty><\/div>\n<\/div>\n<div id=\"e9133603\" class=\"tabs\">\n","protected":false},"excerpt":{"rendered":"<p>Kolekce walk-in z\u00e1st\u011bn VARIO nab\u00edz\u00ed chytr\u00e9 a flexibiln\u00ed \u0159e\u0161en\u00ed podle individu\u00e1ln\u00edch a prostorov\u00fdch dispozic. Stavebnicov\u00fd syst\u00e9m v\u00fdpln\u00ed, vzp\u011br a profil\u016f umo\u017e\u0148uje promy\u0161len\u00e9 kombinace rozm\u011br\u016f, barev a tvar\u016f z\u00e1st\u011bn \u2013 a\u0165 u\u017e ke st\u011bn\u011b nebo do prostoru. Elegantn\u00ed vzhled d\u00edky minimu komponent\u016f v chromov\u00e9m, \u010dern\u00e9m matn\u00e9m, b\u00edl\u00e9m matn\u00e9m, zlat\u00e9m nebo zlat\u00e9m matn\u00e9m proveden\u00ed je vhodn\u00fd pro [&hellip;]<\/p>\n","protected":false},"featured_media":43841,"comment_status":"open","ping_status":"open","template":"","meta":[],"product_brand":[],"product_cat":[61],"product_tag":[],"class_list":{"0":"post-43741","1":"product","2":"type-product","3":"status-publish","4":"has-post-thumbnail","6":"product_cat-vybaven-237-koupelny","8":"first","9":"instock","10":"sale","11":"shipping-taxable","12":"purchasable","13":"product-type-simple"},"yoast_head":"<!-- This site is optimized with the Yoast SEO plugin v26.8 - https:\/\/yoast.com\/product\/yoast-seo-wordpress\/ -->\n<title>Zna\u010dkov\u00fd GELCO VARIO CHROME jednod\u00edln\u00e1 sprchov\u00e1 z\u00e1st\u011bna do prostoru, matn\u00e9 sklo, 1400 mm -<\/title>\n<meta name=\"robots\" content=\"index, follow, max-snippet:-1, max-image-preview:large, max-video-preview:-1\" \/>\n<link rel=\"canonical\" href=\"https:\/\/www.domstavpro.com\/index.php\/produkt\/znackovy-gelco-vario-chrome-jednodilna-sprchova-zastena-do-prostoru-matne-sklo-1400-mm-43741\/\" \/>\n<meta property=\"og:locale\" content=\"cs_CZ\" \/>\n<meta property=\"og:type\" content=\"article\" \/>\n<meta property=\"og:title\" content=\"Zna\u010dkov\u00fd GELCO VARIO CHROME jednod\u00edln\u00e1 sprchov\u00e1 z\u00e1st\u011bna do prostoru, matn\u00e9 sklo, 1400 mm -\" \/>\n<meta property=\"og:description\" content=\"Kolekce walk-in z\u00e1st\u011bn VARIO nab\u00edz\u00ed chytr\u00e9 a flexibiln\u00ed \u0159e\u0161en\u00ed podle individu\u00e1ln\u00edch a prostorov\u00fdch dispozic. Stavebnicov\u00fd syst\u00e9m v\u00fdpln\u00ed, vzp\u011br a profil\u016f umo\u017e\u0148uje promy\u0161len\u00e9 kombinace rozm\u011br\u016f, barev a tvar\u016f z\u00e1st\u011bn \u2013 a\u0165 u\u017e ke st\u011bn\u011b nebo do prostoru. Elegantn\u00ed vzhled d\u00edky minimu komponent\u016f v chromov\u00e9m, \u010dern\u00e9m matn\u00e9m, b\u00edl\u00e9m matn\u00e9m, zlat\u00e9m nebo zlat\u00e9m matn\u00e9m proveden\u00ed je vhodn\u00fd pro [&hellip;]\" \/>\n<meta property=\"og:url\" content=\"https:\/\/www.domstavpro.com\/index.php\/produkt\/znackovy-gelco-vario-chrome-jednodilna-sprchova-zastena-do-prostoru-matne-sklo-1400-mm-43741\/\" \/>\n<meta property=\"og:image\" content=\"https:\/\/www.domstavpro.com\/wp-content\/uploads\/2026\/SK0030566-CZ20260425-093449-0-1777080896-gelco-vario-chrome-jednodilna-sprchova-zastena-do-prostoru-.webp\" \/>\n\t<meta property=\"og:image:width\" content=\"1000\" \/>\n\t<meta property=\"og:image:height\" content=\"525\" \/>\n\t<meta property=\"og:image:type\" content=\"image\/webp\" \/>\n<meta name=\"twitter:card\" content=\"summary_large_image\" \/>\n<meta name=\"twitter:label1\" content=\"Odhadovan\u00e1 doba \u010dten\u00ed\" \/>\n\t<meta name=\"twitter:data1\" content=\"3 minuty\" \/>\n<script type=\"application\/ld+json\" class=\"yoast-schema-graph\">{\"@context\":\"https:\/\/schema.org\",\"@graph\":[{\"@type\":\"WebPage\",\"@id\":\"https:\/\/www.domstavpro.com\/index.php\/produkt\/znackovy-gelco-vario-chrome-jednodilna-sprchova-zastena-do-prostoru-matne-sklo-1400-mm-43741\/\",\"url\":\"https:\/\/www.domstavpro.com\/index.php\/produkt\/znackovy-gelco-vario-chrome-jednodilna-sprchova-zastena-do-prostoru-matne-sklo-1400-mm-43741\/\",\"name\":\"Zna\u010dkov\u00fd GELCO VARIO CHROME jednod\u00edln\u00e1 sprchov\u00e1 z\u00e1st\u011bna do prostoru, matn\u00e9 sklo, 1400 mm -\",\"isPartOf\":{\"@id\":\"https:\/\/www.domstavpro.com\/#website\"},\"primaryImageOfPage\":{\"@id\":\"https:\/\/www.domstavpro.com\/index.php\/produkt\/znackovy-gelco-vario-chrome-jednodilna-sprchova-zastena-do-prostoru-matne-sklo-1400-mm-43741\/#primaryimage\"},\"image\":{\"@id\":\"https:\/\/www.domstavpro.com\/index.php\/produkt\/znackovy-gelco-vario-chrome-jednodilna-sprchova-zastena-do-prostoru-matne-sklo-1400-mm-43741\/#primaryimage\"},\"thumbnailUrl\":\"https:\/\/www.domstavpro.com\/wp-content\/uploads\/2026\/SK0030566-CZ20260425-093449-0-1777080896-gelco-vario-chrome-jednodilna-sprchova-zastena-do-prostoru-.webp\",\"datePublished\":\"2026-04-27T15:09:38+00:00\",\"breadcrumb\":{\"@id\":\"https:\/\/www.domstavpro.com\/index.php\/produkt\/znackovy-gelco-vario-chrome-jednodilna-sprchova-zastena-do-prostoru-matne-sklo-1400-mm-43741\/#breadcrumb\"},\"inLanguage\":\"cs\",\"potentialAction\":[{\"@type\":\"ReadAction\",\"target\":[\"https:\/\/www.domstavpro.com\/index.php\/produkt\/znackovy-gelco-vario-chrome-jednodilna-sprchova-zastena-do-prostoru-matne-sklo-1400-mm-43741\/\"]}]},{\"@type\":\"ImageObject\",\"inLanguage\":\"cs\",\"@id\":\"https:\/\/www.domstavpro.com\/index.php\/produkt\/znackovy-gelco-vario-chrome-jednodilna-sprchova-zastena-do-prostoru-matne-sklo-1400-mm-43741\/#primaryimage\",\"url\":\"https:\/\/www.domstavpro.com\/wp-content\/uploads\/2026\/SK0030566-CZ20260425-093449-0-1777080896-gelco-vario-chrome-jednodilna-sprchova-zastena-do-prostoru-.webp\",\"contentUrl\":\"https:\/\/www.domstavpro.com\/wp-content\/uploads\/2026\/SK0030566-CZ20260425-093449-0-1777080896-gelco-vario-chrome-jednodilna-sprchova-zastena-do-prostoru-.webp\",\"width\":1000,\"height\":525},{\"@type\":\"BreadcrumbList\",\"@id\":\"https:\/\/www.domstavpro.com\/index.php\/produkt\/znackovy-gelco-vario-chrome-jednodilna-sprchova-zastena-do-prostoru-matne-sklo-1400-mm-43741\/#breadcrumb\",\"itemListElement\":[{\"@type\":\"ListItem\",\"position\":1,\"name\":\"Home\",\"item\":\"https:\/\/www.domstavpro.com\/\"},{\"@type\":\"ListItem\",\"position\":2,\"name\":\"Products\",\"item\":\"https:\/\/www.domstavpro.com\/index.php\/products\/\"},{\"@type\":\"ListItem\",\"position\":3,\"name\":\"Zna\u010dkov\u00fd GELCO VARIO CHROME jednod\u00edln\u00e1 sprchov\u00e1 z\u00e1st\u011bna do prostoru, matn\u00e9 sklo, 1400 mm\"}]},{\"@type\":\"WebSite\",\"@id\":\"https:\/\/www.domstavpro.com\/#website\",\"url\":\"https:\/\/www.domstavpro.com\/\",\"name\":\"\",\"description\":\"\",\"potentialAction\":[{\"@type\":\"SearchAction\",\"target\":{\"@type\":\"EntryPoint\",\"urlTemplate\":\"https:\/\/www.domstavpro.com\/?s={search_term_string}\"},\"query-input\":{\"@type\":\"PropertyValueSpecification\",\"valueRequired\":true,\"valueName\":\"search_term_string\"}}],\"inLanguage\":\"cs\"}]}<\/script>\n<!-- \/ Yoast SEO plugin. -->","yoast_head_json":{"title":"Zna\u010dkov\u00fd GELCO VARIO CHROME jednod\u00edln\u00e1 sprchov\u00e1 z\u00e1st\u011bna do prostoru, matn\u00e9 sklo, 1400 mm -","robots":{"index":"index","follow":"follow","max-snippet":"max-snippet:-1","max-image-preview":"max-image-preview:large","max-video-preview":"max-video-preview:-1"},"canonical":"https:\/\/www.domstavpro.com\/index.php\/produkt\/znackovy-gelco-vario-chrome-jednodilna-sprchova-zastena-do-prostoru-matne-sklo-1400-mm-43741\/","og_locale":"cs_CZ","og_type":"article","og_title":"Zna\u010dkov\u00fd GELCO VARIO CHROME jednod\u00edln\u00e1 sprchov\u00e1 z\u00e1st\u011bna do prostoru, matn\u00e9 sklo, 1400 mm -","og_description":"Kolekce walk-in z\u00e1st\u011bn VARIO nab\u00edz\u00ed chytr\u00e9 a flexibiln\u00ed \u0159e\u0161en\u00ed podle individu\u00e1ln\u00edch a prostorov\u00fdch dispozic. Stavebnicov\u00fd syst\u00e9m v\u00fdpln\u00ed, vzp\u011br a profil\u016f umo\u017e\u0148uje promy\u0161len\u00e9 kombinace rozm\u011br\u016f, barev a tvar\u016f z\u00e1st\u011bn \u2013 a\u0165 u\u017e ke st\u011bn\u011b nebo do prostoru. Elegantn\u00ed vzhled d\u00edky minimu komponent\u016f v chromov\u00e9m, \u010dern\u00e9m matn\u00e9m, b\u00edl\u00e9m matn\u00e9m, zlat\u00e9m nebo zlat\u00e9m matn\u00e9m proveden\u00ed je vhodn\u00fd pro [&hellip;]","og_url":"https:\/\/www.domstavpro.com\/index.php\/produkt\/znackovy-gelco-vario-chrome-jednodilna-sprchova-zastena-do-prostoru-matne-sklo-1400-mm-43741\/","og_image":[{"width":1000,"height":525,"url":"https:\/\/www.domstavpro.com\/wp-content\/uploads\/2026\/SK0030566-CZ20260425-093449-0-1777080896-gelco-vario-chrome-jednodilna-sprchova-zastena-do-prostoru-.webp","type":"image\/webp"}],"twitter_card":"summary_large_image","twitter_misc":{"Odhadovan\u00e1 doba \u010dten\u00ed":"3 minuty"},"schema":{"@context":"https:\/\/schema.org","@graph":[{"@type":"WebPage","@id":"https:\/\/www.domstavpro.com\/index.php\/produkt\/znackovy-gelco-vario-chrome-jednodilna-sprchova-zastena-do-prostoru-matne-sklo-1400-mm-43741\/","url":"https:\/\/www.domstavpro.com\/index.php\/produkt\/znackovy-gelco-vario-chrome-jednodilna-sprchova-zastena-do-prostoru-matne-sklo-1400-mm-43741\/","name":"Zna\u010dkov\u00fd GELCO VARIO CHROME jednod\u00edln\u00e1 sprchov\u00e1 z\u00e1st\u011bna do prostoru, matn\u00e9 sklo, 1400 mm -","isPartOf":{"@id":"https:\/\/www.domstavpro.com\/#website"},"primaryImageOfPage":{"@id":"https:\/\/www.domstavpro.com\/index.php\/produkt\/znackovy-gelco-vario-chrome-jednodilna-sprchova-zastena-do-prostoru-matne-sklo-1400-mm-43741\/#primaryimage"},"image":{"@id":"https:\/\/www.domstavpro.com\/index.php\/produkt\/znackovy-gelco-vario-chrome-jednodilna-sprchova-zastena-do-prostoru-matne-sklo-1400-mm-43741\/#primaryimage"},"thumbnailUrl":"https:\/\/www.domstavpro.com\/wp-content\/uploads\/2026\/SK0030566-CZ20260425-093449-0-1777080896-gelco-vario-chrome-jednodilna-sprchova-zastena-do-prostoru-.webp","datePublished":"2026-04-27T15:09:38+00:00","breadcrumb":{"@id":"https:\/\/www.domstavpro.com\/index.php\/produkt\/znackovy-gelco-vario-chrome-jednodilna-sprchova-zastena-do-prostoru-matne-sklo-1400-mm-43741\/#breadcrumb"},"inLanguage":"cs","potentialAction":[{"@type":"ReadAction","target":["https:\/\/www.domstavpro.com\/index.php\/produkt\/znackovy-gelco-vario-chrome-jednodilna-sprchova-zastena-do-prostoru-matne-sklo-1400-mm-43741\/"]}]},{"@type":"ImageObject","inLanguage":"cs","@id":"https:\/\/www.domstavpro.com\/index.php\/produkt\/znackovy-gelco-vario-chrome-jednodilna-sprchova-zastena-do-prostoru-matne-sklo-1400-mm-43741\/#primaryimage","url":"https:\/\/www.domstavpro.com\/wp-content\/uploads\/2026\/SK0030566-CZ20260425-093449-0-1777080896-gelco-vario-chrome-jednodilna-sprchova-zastena-do-prostoru-.webp","contentUrl":"https:\/\/www.domstavpro.com\/wp-content\/uploads\/2026\/SK0030566-CZ20260425-093449-0-1777080896-gelco-vario-chrome-jednodilna-sprchova-zastena-do-prostoru-.webp","width":1000,"height":525},{"@type":"BreadcrumbList","@id":"https:\/\/www.domstavpro.com\/index.php\/produkt\/znackovy-gelco-vario-chrome-jednodilna-sprchova-zastena-do-prostoru-matne-sklo-1400-mm-43741\/#breadcrumb","itemListElement":[{"@type":"ListItem","position":1,"name":"Home","item":"https:\/\/www.domstavpro.com\/"},{"@type":"ListItem","position":2,"name":"Products","item":"https:\/\/www.domstavpro.com\/index.php\/products\/"},{"@type":"ListItem","position":3,"name":"Zna\u010dkov\u00fd GELCO VARIO CHROME jednod\u00edln\u00e1 sprchov\u00e1 z\u00e1st\u011bna do prostoru, matn\u00e9 sklo, 1400 mm"}]},{"@type":"WebSite","@id":"https:\/\/www.domstavpro.com\/#website","url":"https:\/\/www.domstavpro.com\/","name":"","description":"","potentialAction":[{"@type":"SearchAction","target":{"@type":"EntryPoint","urlTemplate":"https:\/\/www.domstavpro.com\/?s={search_term_string}"},"query-input":{"@type":"PropertyValueSpecification","valueRequired":true,"valueName":"search_term_string"}}],"inLanguage":"cs"}]}},"_links":{"self":[{"href":"https:\/\/www.domstavpro.com\/index.php\/wp-json\/wp\/v2\/product\/43741","targetHints":{"allow":["GET"]}}],"collection":[{"href":"https:\/\/www.domstavpro.com\/index.php\/wp-json\/wp\/v2\/product"}],"about":[{"href":"https:\/\/www.domstavpro.com\/index.php\/wp-json\/wp\/v2\/types\/product"}],"replies":[{"embeddable":true,"href":"https:\/\/www.domstavpro.com\/index.php\/wp-json\/wp\/v2\/comments?post=43741"}],"wp:featuredmedia":[{"embeddable":true,"href":"https:\/\/www.domstavpro.com\/index.php\/wp-json\/wp\/v2\/media\/43841"}],"wp:attachment":[{"href":"https:\/\/www.domstavpro.com\/index.php\/wp-json\/wp\/v2\/media?parent=43741"}],"wp:term":[{"taxonomy":"product_brand","embeddable":true,"href":"https:\/\/www.domstavpro.com\/index.php\/wp-json\/wp\/v2\/product_brand?post=43741"},{"taxonomy":"product_cat","embeddable":true,"href":"https:\/\/www.domstavpro.com\/index.php\/wp-json\/wp\/v2\/product_cat?post=43741"},{"taxonomy":"product_tag","embeddable":true,"href":"https:\/\/www.domstavpro.com\/index.php\/wp-json\/wp\/v2\/product_tag?post=43741"}],"curies":[{"name":"wp","href":"https:\/\/api.w.org\/{rel}","templated":true}]}}