{"id":43292,"date":"2026-04-27T15:09:37","date_gmt":"2026-04-27T15:09:37","guid":{"rendered":""},"modified":"2026-04-27T15:09:37","modified_gmt":"2026-04-27T15:09:37","slug":"akce-polysan-easy-obdelnikovy-sprchovy-kout-1500x900mm-cire-sklo-l-p-varianta-43292","status":"publish","type":"product","link":"https:\/\/www.domstavpro.com\/index.php\/produkt\/akce-polysan-easy-obdelnikovy-sprchovy-kout-1500x900mm-cire-sklo-l-p-varianta-43292\/","title":{"rendered":"Akce POLYSAN EASY obd\u00e9ln\u00edkov\u00fd sprchov\u00fd kout 1500x900mm, \u010dir\u00e9 sklo L\/P varianta"},"content":{"rendered":"<div id=\"e8970549\" class=\"pages\">\n<div>\n<div id=\"PDDescription\" class=\"UserContentView userContent v1a v1 bs-view dcon dc164 PDDescription\" ><dc-con><dc-con><bs-empty><\/bs-empty><\/dc-con><dc-con>        <\/p>\n<div class=\"customDescription\">                    <\/div>\n<p><\/dc-con><dc-con><\/p>\n<p style=\"text-align: justify;\">Elegantn\u00ed \u0159ada sprchov\u00fdch z\u00e1st\u011bn EASY p\u0159edstavuje jednoduch\u00e9 a praktick\u00e9 \u0159e\u0161en\u00ed pro sprchov\u00e1n\u00ed ve sv\u011b\u017e\u00edm a lehk\u00e9m designu. Z\u00e1st\u011bny s posuvn\u00fdmi dve\u0159mi se posouvaj\u00ed na zdvojen\u00fdch kuli\u010dkov\u00fdch pojezdech, tak\u017ee p\u0159i otev\u00edr\u00e1n\u00ed neub\u00edraj\u00ed na prostoru kolem sprchov\u00e9ho koutu. V s\u00e9rii jsou zastoupeny i z\u00e1st\u011bny s dve\u0159mi pivotov\u00fdmi a skl\u00e1dac\u00edmi. Z\u00e1st\u011bny disponuj\u00ed bezpe\u010dnostn\u00edm sklem o s\u00edle 6 mm zasazen\u00fdm do profil\u016f z le\u0161t\u011bn\u00e9ho hlin\u00edku.&nbsp;K \u010di\u0161t\u011bn\u00ed skel doporu\u010dujeme ASC \u010dist\u00edc\u00ed a ochrann\u00fd prost\u0159edek, 94000.<\/p>\n<p><strong>Celkov\u00e1 charakteristika&nbsp;sprchov\u00fdch z\u00e1st\u011bn&nbsp;s\u00e9rie EASY:<\/strong><\/p>\n<ul>\n<li>\u010ctvrtkruhov\u00e9 z\u00e1st\u011bny s&nbsp;dvoud\u00edln\u00fdmi posuvn\u00fdmi obloukov\u00fdmi dve\u0159mi, rohov\u00fd vstup<\/li>\n<li>\u010ctvercov\u00e9 z\u00e1st\u011bny s&nbsp;dvoud\u00edln\u00fdmi posuvn\u00fdmi dve\u0159mi, rohov\u00fd vstup<\/li>\n<li>P\u016flkruhov\u00e9 z\u00e1st\u011bny s dvoud\u00edln\u00fdmi posuvn\u00fdmi dve\u0159mi<\/li>\n<li>Posuvn\u00e9 dve\u0159e se syst\u00e9mem vykl\u00e1p\u011bn\u00ed pomoc\u00ed spodn\u00edch lo\u017eisek pro snadn\u00e9 \u010di\u0161t\u011bn\u00ed<\/li>\n<li>Horn\u00ed a spodn\u00ed zdvojen\u00e9 lo\u017eiskov\u00e9 pojezdy posuvn\u00fdch dve\u0159\u00ed zaru\u010duj\u00ed bezprobl\u00e9mov\u00fd chod<\/li>\n<li>Snadn\u00e1 mont\u00e1\u017e, u posuvn\u00fdch a skl\u00e1dac\u00edch dve\u0159\u00ed tolerance 20 mm nastaven\u00edm skel v&nbsp;profilu<\/li>\n<li>Pivotov\u00e9 dve\u0159e umo\u017e\u0148uj\u00ed nastaven\u00ed instala\u010dn\u00ed \u0161\u00ed\u0159ky v rozsahu a\u017e 140 mm<\/li>\n<li>U pivotov\u00fdch dve\u0159\u00ed je sklo uchyceno v&nbsp;oto\u010dn\u00e9m pivotov\u00e9m pantu, co\u017e je mechanismus s dlouhou \u017eivotnost\u00ed<\/li>\n<li>Kombinac\u00ed bo\u010dn\u00ed st\u011bny a dve\u0159\u00ed z\u00edsk\u00e1te obd\u00e9ln\u00edkovou z\u00e1st\u011bnu &#8211; na v\u00fdb\u011br dve\u0159e posuvn\u00e9, pivotov\u00e9 a skl\u00e1dac\u00ed<\/li>\n<li>Bezpe\u010dnostn\u00ed \u010dir\u00e9 sklo z\u00e1st\u011bn o&nbsp;s\u00edle 6 mm<\/li>\n<li>U vybran\u00fdch model\u016f na v\u00fdb\u011br i Brick sklo<\/li>\n<li>Le\u0161t\u011bn\u00e9 hlin\u00edkov\u00e9 profily umoc\u0148uj\u00ed eleganci z\u00e1st\u011bn<\/li>\n<li>Instala\u010dn\u00ed rozm\u011br dve\u0159\u00ed do niky lze d\u00edky roz\u0161i\u0159ovac\u00edmu profilu EL825 zv\u011bt\u0161it o 25 mm na ka\u017edou stranu, celkem o 50 mm<\/li>\n<li>Bo\u010dn\u00ed st\u011bnu lze ke v\u0161em typ\u016fm dve\u0159\u00ed instalovat z lev\u00e9 i prav\u00e9 strany, bez ohledu na stranu otev\u00edr\u00e1n\u00ed dve\u0159\u00ed<\/li>\n<li>Dve\u0159e umo\u017e\u0148uj\u00ed variabiln\u00ed instalaci s&nbsp;lev\u00fdm nebo prav\u00fdm otev\u00edr\u00e1n\u00edm<\/li>\n<\/ul>\n<div style=\"float: left; width: 30%; text-align: justify;\"><a href=\"https:\/\/eshop.sapho.cz\/img\/_\/serie.327\/madlo-det-posuv.jpg\" class=\"fancybox\"><img decoding=\"async\" src=\"https:\/\/eshop.sapho.cz\/img\/_\/serie.327\/madlo-det-posuv.jpg\" width=\"200\" caption=\"false\" \/><\/a><\/p>\n<div style=\"padding-right: 25px;\">Prakticky&nbsp;navr\u017een\u00e9 madlo pro pohodln\u00e9 otev\u00edr\u00e1n\u00ed dve\u0159\u00ed<\/div>\n<\/div>\n<div style=\"float: left; width: 30%; text-align: justify;\"><a href=\"https:\/\/eshop.sapho.cz\/img\/_\/serie.327\/profil-det.jpg\" class=\"fancybox\"><img decoding=\"async\" src=\"https:\/\/eshop.sapho.cz\/img\/_\/serie.327\/profil-det.jpg\" width=\"200\" caption=\"false\" \/><\/a><\/p>\n<div style=\"padding-right: 25px;\">P\u0159\u00edpadn\u00e9 nerovnosti st\u011bny elegantn\u011b skryje profil, do kter\u00e9ho se zasouv\u00e1 sklo dle pot\u0159eby a\u017e 20 mm<\/div>\n<\/div>\n<div style=\"float: left; width: 30%; text-align: justify;\"><a href=\"https:\/\/eshop.sapho.cz\/img\/_\/serie.327\/kolecka.jpg\" class=\"fancybox\"><img decoding=\"async\" src=\"https:\/\/eshop.sapho.cz\/img\/_\/serie.327\/kolecka.jpg\" width=\"200\" caption=\"false\" \/><\/a><\/p>\n<div style=\"padding-right: 25px;\">Bezprobl\u00e9mov\u00fd chod a snadn\u00e9 \u010di\u0161t\u011bn\u00ed posuvn\u00fdch dve\u0159\u00ed zaji\u0161\u0165uj\u00ed zdvojen\u00e9 v\u00fdklopn\u00e9 pojezdy<\/div>\n<\/div>\n<div style=\"clear: both;\"><\/div>\n<p>Na v\u00fdb\u011br jsou dve\u0159e:<\/p>\n<div style=\"float: left; width: 30%; text-align: justify;\"><a href=\"https:\/\/eshop.sapho.cz\/img\/_\/serie.327\/dvere-posun-det.jpg\" class=\"fancybox\"><img decoding=\"async\" src=\"https:\/\/eshop.sapho.cz\/img\/_\/serie.327\/dvere-posun-det.jpg\" width=\"200\" caption=\"false\" \/><\/a><\/p>\n<div style=\"padding-right: 25px;\">&#8230; posuvn\u00e9<\/div>\n<\/div>\n<div style=\"float: left; width: 30%; text-align: justify;\"><a href=\"https:\/\/eshop.sapho.cz\/img\/_\/serie.327\/dvere-pivot-det2.jpg\" class=\"fancybox\"><img decoding=\"async\" src=\"https:\/\/eshop.sapho.cz\/img\/_\/serie.327\/dvere-pivot-det2.jpg\" width=\"200\" caption=\"false\" \/><\/a><\/p>\n<div style=\"padding-right: 25px;\">&#8230;pivotov\u00e9, <br \/>kter\u00e9 umo\u017en\u00ed nastaven\u00ed instala\u010dn\u00ed \u0161\u00ed\u0159ky v rozsahu a\u017e 140 mm<\/div>\n<\/div>\n<div style=\"float: left; width: 30%; text-align: justify;\"><a href=\"https:\/\/eshop.sapho.cz\/img\/_\/serie.327\/dvere-skladaci-det.jpg\" class=\"fancybox\"><img decoding=\"async\" src=\"https:\/\/eshop.sapho.cz\/img\/_\/serie.327\/dvere-skladaci-det.jpg\" width=\"200\" caption=\"false\" \/><\/a><\/p>\n<div style=\"padding-right: 25px;\">&#8230; skl\u00e1dac\u00ed<\/div>\n<\/div>\n<div style=\"clear: both;\"><\/div>\n<h2 class=\"props-title\">Vlastnosti<\/h2>\n<table>\n<tr>\n<th>Zna\u010dka<\/th>\n<td>POLYSAN<\/td>\n<\/tr>\n<tr>\n<th>S\u00e9rie<\/th>\n<td>EASY<\/td>\n<\/tr>\n<tr>\n<th>3D model<\/th>\n<td>ANO<\/td>\n<\/tr>\n<tr>\n<th>Rozm\u011br<\/th>\n<td>150&#215;90 cm<\/td>\n<\/tr>\n<tr>\n<th>\u0160\u00ed\u0159ka<\/th>\n<td>1500&nbsp;mm<\/td>\n<\/tr>\n<tr>\n<th>V\u00fd\u0161ka<\/th>\n<td>1900&nbsp;mm<\/td>\n<\/tr>\n<tr>\n<th>Hloubka<\/th>\n<td>900&nbsp;mm<\/td>\n<\/tr>\n<tr>\n<th>Barva profilu<\/th>\n<td>Chrom &#8211; Le\u0161t\u011bn\u00fd hlin\u00edk<\/td>\n<\/tr>\n<tr>\n<th>Tvar<\/th>\n<td>Obd\u00e9ln\u00edkov\u00e9 z\u00e1st\u011bny<\/td>\n<\/tr>\n<tr>\n<th>Typ otev\u00edr\u00e1n\u00ed<\/th>\n<td>Posuvn\u00e9<\/td>\n<\/tr>\n<tr>\n<th>Sm\u011br otev\u00edr\u00e1n\u00ed<\/th>\n<td>Univerz\u00e1ln\u00ed<\/td>\n<\/tr>\n<tr>\n<th>\u0160\u00ed\u0159ka vstupu<\/th>\n<td>630&nbsp;mm<\/td>\n<\/tr>\n<tr>\n<th>Typ v\u00fdpln\u011b<\/th>\n<td>\u010cir\u00e9 sklo<\/td>\n<\/tr>\n<tr>\n<th>Tlou\u0161\u0165ka skla<\/th>\n<td>6&nbsp;mm<\/td>\n<\/tr>\n<tr>\n<th>Vlastnosti<\/th>\n<td>R\u00e1mov\u00e9 proveden\u00ed<\/td>\n<\/tr>\n<tr>\n<th>Hmotnost \/ ks<\/th>\n<td>73.0000&nbsp;kg<\/td>\n<\/tr>\n<tr>\n<th>Balen\u00ed<\/th>\n<td>2&nbsp;ks<\/td>\n<\/tr>\n<tr>\n<th>EAN<\/th>\n<td>8590913901928<\/td>\n<\/tr>\n<tr>\n<th>Z\u00e1ruka<\/th>\n<td>2 roky<\/td>\n<\/tr>\n<\/table>\n<div class=\"product-explanation-item\">\n<h3>Sm\u011br otev\u00edr\u00e1n\u00ed &#8211; univerz\u00e1ln\u00ed<\/h3>\n<p style=\"text-align: justify;\">Instalace je mo\u017en\u00e1 s lev\u00fdm nebo prav\u00fdm otev\u00edr\u00e1n\u00edm dve\u0159\u00ed.<\/p>\n<\/div>\n<div class=\"product-explanation-item\">\n<h3>R\u00e1mov\u00e9 sprchov\u00e9 z\u00e1st\u011bny<\/h3>\n<p style=\"text-align: justify;\">V\u00fdhodou r\u00e1mov\u00e9ho proveden\u00ed z\u00e1st\u011bny je lep\u0161\u00ed ochrana proti st\u0159\u00edkaj\u00edc\u00ed vod\u011b. I v p\u0159\u00edpad\u011b intenzivn\u00edho sprchov\u00e1n\u00ed zabr\u00e1n\u00ed r\u00e1m ve spodn\u00ed vodorovn\u00e9 \u010d\u00e1sti dve\u0159\u00ed p\u0159ete\u010den\u00ed vody mimo sprchov\u00fd kout. Ur\u010ditou nev\u00fdhodou je, \u017ee tyto z\u00e1st\u011bny nejsou bezbari\u00e9rov\u00e9 a r\u00e1m p\u016fsob\u00ed robustn\u011b.<\/p>\n<p><img decoding=\"async\" src=\"https:\/\/eshop.sapho.cz\/img\/_\/i.001008\/ramove.jpg\" caption=\"false\" width=\"600\" \/><\/p>\n<\/div>\n<h2 class=\"props-title\">Videa<\/h2>\n<p><a target=\"_blank\"  href=\"https:\/\/ubc.k2.cz\/K2FTPdata\/UBC\/video\/produkt_ostatne\/polysan-easy-line-ctvrtkruhova-zastena.mp4\">https:\/\/ubc.k2.cz\/K2FTPdata\/UBC\/video\/produkt_ostatne\/polysan-easy-line-ctvrtkruhova-zastena.mp4<\/a><br \/><a target=\"_blank\"  href=\"https:\/\/ubc.k2.cz\/K2FTPdata\/UBC\/video\/produkt_ostatne\/polysan-easy-line-ctvercova-zastena.mp4\">https:\/\/ubc.k2.cz\/K2FTPdata\/UBC\/video\/produkt_ostatne\/polysan-easy-line-ctvercova-zastena.mp4<\/a><br \/><\/dc-con><\/dc-con><\/div>\n<\/p><\/div>\n<div id=\"PDTable3\" class=\"ProductDetailTableView v3a v3 bs-view dcon dc185 PDTable3\" >\n<table>\n<thead><\/thead>\n<tbody>\n<tr class=\"attribute attr_kategorie\">\n<td class=\"caption\">Kategorie<\/td>\n<td class=\"value\">Obd\u00e9ln\u00edkov\u00e9<\/td>\n<\/tr>\n<tr class=\"attribute attr_typskla\">\n<td class=\"caption\">Typ skla<\/td>\n<td class=\"value\">Transparent<\/td>\n<\/tr>\n<tr class=\"attribute attr_bsshop_maker\">\n<td class=\"caption\">V\u00fdrobce<\/td>\n<td class=\"value\">Polysan<\/td>\n<\/tr>\n<tr class=\"weight\">\n<td class=\"caption\"><span>Hmotnost<\/span><\/td>\n<td class=\"value\"><span>73,00 kg<\/span><\/td>\n<\/tr>\n<\/tbody>\n<\/table>\n<\/div>\n<div id=\"ProductMedia\" class=\"ProductMediaView MediaViewBase v1a v1 bs-view dcon dc409 ProductMedia\" ><bs-empty><\/bs-empty><\/p>\n<div class=\"files\">\n<div class=\"title sub\">Soubory<\/div>\n<p><a href=\"\/media\/19586\/30073-cisteni-a-udrzba-sprchovych-zasten-polysan.PDF?&amp;key=ZGpmIyQwNUZfMTk1ODY=\" class=\"PDF\">Dokumenty &#8211; &#218;dr\u017eba_priloha_0<\/a><a href=\"\/media\/34623\/30073-el1015-el1115-el1138-el1215-el1238-el1315-el1415-el1515-el1815.pdf?&amp;key=ZGpmIyQwNUZfMzQ2MjM=\" class=\"pdf\">Dokumenty &#8211; N&#225;vod_priloha_1<\/a><a href=\"\/media\/34624\/30073-el3115-el3138-el3215-el3238-el3315-el3338-el3415-el3438.pdf?&amp;key=ZGpmIyQwNUZfMzQ2MjQ=\" class=\"pdf\">Dokumenty &#8211; N&#225;vod_priloha_2<\/a><a href=\"\/media\/35636\/30073-el1515l-el3315l.dwg?&amp;key=ZGpmIyQwNUZfMzU2MzY=\" class=\"dwg\">Dokumenty &#8211; 3D modely_priloha_4<\/a><a href=\"\/media\/35637\/30073-el1515l-el3315l.3ds?&amp;key=ZGpmIyQwNUZfMzU2Mzc=\" class=\"3ds\">Dokumenty &#8211; 3D modely_priloha_3<\/a><a href=\"\/media\/35638\/30073-el1515l-el3315l.dxf?&amp;key=ZGpmIyQwNUZfMzU2Mzg=\" class=\"dxf\">Dokumenty &#8211; 3D modely_priloha_5<\/a><\/div>\n<p><bs-empty><\/bs-empty><\/div>\n<\/div>\n<div id=\"e8970550\" class=\"tabs\">\n","protected":false},"excerpt":{"rendered":"<p>Elegantn\u00ed \u0159ada sprchov\u00fdch z\u00e1st\u011bn EASY p\u0159edstavuje jednoduch\u00e9 a praktick\u00e9 \u0159e\u0161en\u00ed pro sprchov\u00e1n\u00ed ve sv\u011b\u017e\u00edm a lehk\u00e9m designu. Z\u00e1st\u011bny s posuvn\u00fdmi dve\u0159mi se posouvaj\u00ed na zdvojen\u00fdch kuli\u010dkov\u00fdch pojezdech, tak\u017ee p\u0159i otev\u00edr\u00e1n\u00ed neub\u00edraj\u00ed na prostoru kolem sprchov\u00e9ho koutu. V s\u00e9rii jsou zastoupeny i z\u00e1st\u011bny s dve\u0159mi pivotov\u00fdmi a skl\u00e1dac\u00edmi. Z\u00e1st\u011bny disponuj\u00ed bezpe\u010dnostn\u00edm sklem o s\u00edle 6 mm [&hellip;]<\/p>\n","protected":false},"featured_media":43392,"comment_status":"open","ping_status":"open","template":"","meta":[],"product_brand":[],"product_cat":[61],"product_tag":[],"class_list":{"0":"post-43292","1":"product","2":"type-product","3":"status-publish","4":"has-post-thumbnail","6":"product_cat-vybaven-237-koupelny","8":"first","9":"instock","10":"sale","11":"shipping-taxable","12":"purchasable","13":"product-type-simple"},"yoast_head":"<!-- This site is optimized with the Yoast SEO plugin v26.8 - https:\/\/yoast.com\/product\/yoast-seo-wordpress\/ -->\n<title>Akce POLYSAN EASY obd\u00e9ln\u00edkov\u00fd sprchov\u00fd kout 1500x900mm, \u010dir\u00e9 sklo L\/P varianta -<\/title>\n<meta name=\"robots\" content=\"index, follow, max-snippet:-1, max-image-preview:large, max-video-preview:-1\" \/>\n<link rel=\"canonical\" href=\"https:\/\/www.domstavpro.com\/index.php\/produkt\/akce-polysan-easy-obdelnikovy-sprchovy-kout-1500x900mm-cire-sklo-l-p-varianta-43292\/\" \/>\n<meta property=\"og:locale\" content=\"cs_CZ\" \/>\n<meta property=\"og:type\" content=\"article\" \/>\n<meta property=\"og:title\" content=\"Akce POLYSAN EASY obd\u00e9ln\u00edkov\u00fd sprchov\u00fd kout 1500x900mm, \u010dir\u00e9 sklo L\/P varianta -\" \/>\n<meta property=\"og:description\" content=\"Elegantn\u00ed \u0159ada sprchov\u00fdch z\u00e1st\u011bn EASY p\u0159edstavuje jednoduch\u00e9 a praktick\u00e9 \u0159e\u0161en\u00ed pro sprchov\u00e1n\u00ed ve sv\u011b\u017e\u00edm a lehk\u00e9m designu. Z\u00e1st\u011bny s posuvn\u00fdmi dve\u0159mi se posouvaj\u00ed na zdvojen\u00fdch kuli\u010dkov\u00fdch pojezdech, tak\u017ee p\u0159i otev\u00edr\u00e1n\u00ed neub\u00edraj\u00ed na prostoru kolem sprchov\u00e9ho koutu. V s\u00e9rii jsou zastoupeny i z\u00e1st\u011bny s dve\u0159mi pivotov\u00fdmi a skl\u00e1dac\u00edmi. Z\u00e1st\u011bny disponuj\u00ed bezpe\u010dnostn\u00edm sklem o s\u00edle 6 mm [&hellip;]\" \/>\n<meta property=\"og:url\" content=\"https:\/\/www.domstavpro.com\/index.php\/produkt\/akce-polysan-easy-obdelnikovy-sprchovy-kout-1500x900mm-cire-sklo-l-p-varianta-43292\/\" \/>\n<meta property=\"og:image\" content=\"https:\/\/www.domstavpro.com\/wp-content\/uploads\/2026\/SK0030228-CZ20260425-093449-0-1777080896-polysan-easy-obdelnikovy-sprchovy-kout-1500x900mm-cire-sklo.webp\" \/>\n\t<meta property=\"og:image:width\" content=\"1000\" \/>\n\t<meta property=\"og:image:height\" content=\"525\" \/>\n\t<meta property=\"og:image:type\" content=\"image\/webp\" \/>\n<meta name=\"twitter:card\" content=\"summary_large_image\" \/>\n<meta name=\"twitter:label1\" content=\"Odhadovan\u00e1 doba \u010dten\u00ed\" \/>\n\t<meta name=\"twitter:data1\" content=\"3 minuty\" \/>\n<script type=\"application\/ld+json\" class=\"yoast-schema-graph\">{\"@context\":\"https:\/\/schema.org\",\"@graph\":[{\"@type\":\"WebPage\",\"@id\":\"https:\/\/www.domstavpro.com\/index.php\/produkt\/akce-polysan-easy-obdelnikovy-sprchovy-kout-1500x900mm-cire-sklo-l-p-varianta-43292\/\",\"url\":\"https:\/\/www.domstavpro.com\/index.php\/produkt\/akce-polysan-easy-obdelnikovy-sprchovy-kout-1500x900mm-cire-sklo-l-p-varianta-43292\/\",\"name\":\"Akce POLYSAN EASY obd\u00e9ln\u00edkov\u00fd sprchov\u00fd kout 1500x900mm, \u010dir\u00e9 sklo L\/P varianta -\",\"isPartOf\":{\"@id\":\"https:\/\/www.domstavpro.com\/#website\"},\"primaryImageOfPage\":{\"@id\":\"https:\/\/www.domstavpro.com\/index.php\/produkt\/akce-polysan-easy-obdelnikovy-sprchovy-kout-1500x900mm-cire-sklo-l-p-varianta-43292\/#primaryimage\"},\"image\":{\"@id\":\"https:\/\/www.domstavpro.com\/index.php\/produkt\/akce-polysan-easy-obdelnikovy-sprchovy-kout-1500x900mm-cire-sklo-l-p-varianta-43292\/#primaryimage\"},\"thumbnailUrl\":\"https:\/\/www.domstavpro.com\/wp-content\/uploads\/2026\/SK0030228-CZ20260425-093449-0-1777080896-polysan-easy-obdelnikovy-sprchovy-kout-1500x900mm-cire-sklo.webp\",\"datePublished\":\"2026-04-27T15:09:37+00:00\",\"breadcrumb\":{\"@id\":\"https:\/\/www.domstavpro.com\/index.php\/produkt\/akce-polysan-easy-obdelnikovy-sprchovy-kout-1500x900mm-cire-sklo-l-p-varianta-43292\/#breadcrumb\"},\"inLanguage\":\"cs\",\"potentialAction\":[{\"@type\":\"ReadAction\",\"target\":[\"https:\/\/www.domstavpro.com\/index.php\/produkt\/akce-polysan-easy-obdelnikovy-sprchovy-kout-1500x900mm-cire-sklo-l-p-varianta-43292\/\"]}]},{\"@type\":\"ImageObject\",\"inLanguage\":\"cs\",\"@id\":\"https:\/\/www.domstavpro.com\/index.php\/produkt\/akce-polysan-easy-obdelnikovy-sprchovy-kout-1500x900mm-cire-sklo-l-p-varianta-43292\/#primaryimage\",\"url\":\"https:\/\/www.domstavpro.com\/wp-content\/uploads\/2026\/SK0030228-CZ20260425-093449-0-1777080896-polysan-easy-obdelnikovy-sprchovy-kout-1500x900mm-cire-sklo.webp\",\"contentUrl\":\"https:\/\/www.domstavpro.com\/wp-content\/uploads\/2026\/SK0030228-CZ20260425-093449-0-1777080896-polysan-easy-obdelnikovy-sprchovy-kout-1500x900mm-cire-sklo.webp\",\"width\":1000,\"height\":525},{\"@type\":\"BreadcrumbList\",\"@id\":\"https:\/\/www.domstavpro.com\/index.php\/produkt\/akce-polysan-easy-obdelnikovy-sprchovy-kout-1500x900mm-cire-sklo-l-p-varianta-43292\/#breadcrumb\",\"itemListElement\":[{\"@type\":\"ListItem\",\"position\":1,\"name\":\"Home\",\"item\":\"https:\/\/www.domstavpro.com\/\"},{\"@type\":\"ListItem\",\"position\":2,\"name\":\"Products\",\"item\":\"https:\/\/www.domstavpro.com\/index.php\/products\/\"},{\"@type\":\"ListItem\",\"position\":3,\"name\":\"Akce POLYSAN EASY obd\u00e9ln\u00edkov\u00fd sprchov\u00fd kout 1500x900mm, \u010dir\u00e9 sklo L\/P varianta\"}]},{\"@type\":\"WebSite\",\"@id\":\"https:\/\/www.domstavpro.com\/#website\",\"url\":\"https:\/\/www.domstavpro.com\/\",\"name\":\"\",\"description\":\"\",\"potentialAction\":[{\"@type\":\"SearchAction\",\"target\":{\"@type\":\"EntryPoint\",\"urlTemplate\":\"https:\/\/www.domstavpro.com\/?s={search_term_string}\"},\"query-input\":{\"@type\":\"PropertyValueSpecification\",\"valueRequired\":true,\"valueName\":\"search_term_string\"}}],\"inLanguage\":\"cs\"}]}<\/script>\n<!-- \/ Yoast SEO plugin. -->","yoast_head_json":{"title":"Akce POLYSAN EASY obd\u00e9ln\u00edkov\u00fd sprchov\u00fd kout 1500x900mm, \u010dir\u00e9 sklo L\/P varianta -","robots":{"index":"index","follow":"follow","max-snippet":"max-snippet:-1","max-image-preview":"max-image-preview:large","max-video-preview":"max-video-preview:-1"},"canonical":"https:\/\/www.domstavpro.com\/index.php\/produkt\/akce-polysan-easy-obdelnikovy-sprchovy-kout-1500x900mm-cire-sklo-l-p-varianta-43292\/","og_locale":"cs_CZ","og_type":"article","og_title":"Akce POLYSAN EASY obd\u00e9ln\u00edkov\u00fd sprchov\u00fd kout 1500x900mm, \u010dir\u00e9 sklo L\/P varianta -","og_description":"Elegantn\u00ed \u0159ada sprchov\u00fdch z\u00e1st\u011bn EASY p\u0159edstavuje jednoduch\u00e9 a praktick\u00e9 \u0159e\u0161en\u00ed pro sprchov\u00e1n\u00ed ve sv\u011b\u017e\u00edm a lehk\u00e9m designu. Z\u00e1st\u011bny s posuvn\u00fdmi dve\u0159mi se posouvaj\u00ed na zdvojen\u00fdch kuli\u010dkov\u00fdch pojezdech, tak\u017ee p\u0159i otev\u00edr\u00e1n\u00ed neub\u00edraj\u00ed na prostoru kolem sprchov\u00e9ho koutu. V s\u00e9rii jsou zastoupeny i z\u00e1st\u011bny s dve\u0159mi pivotov\u00fdmi a skl\u00e1dac\u00edmi. Z\u00e1st\u011bny disponuj\u00ed bezpe\u010dnostn\u00edm sklem o s\u00edle 6 mm [&hellip;]","og_url":"https:\/\/www.domstavpro.com\/index.php\/produkt\/akce-polysan-easy-obdelnikovy-sprchovy-kout-1500x900mm-cire-sklo-l-p-varianta-43292\/","og_image":[{"width":1000,"height":525,"url":"https:\/\/www.domstavpro.com\/wp-content\/uploads\/2026\/SK0030228-CZ20260425-093449-0-1777080896-polysan-easy-obdelnikovy-sprchovy-kout-1500x900mm-cire-sklo.webp","type":"image\/webp"}],"twitter_card":"summary_large_image","twitter_misc":{"Odhadovan\u00e1 doba \u010dten\u00ed":"3 minuty"},"schema":{"@context":"https:\/\/schema.org","@graph":[{"@type":"WebPage","@id":"https:\/\/www.domstavpro.com\/index.php\/produkt\/akce-polysan-easy-obdelnikovy-sprchovy-kout-1500x900mm-cire-sklo-l-p-varianta-43292\/","url":"https:\/\/www.domstavpro.com\/index.php\/produkt\/akce-polysan-easy-obdelnikovy-sprchovy-kout-1500x900mm-cire-sklo-l-p-varianta-43292\/","name":"Akce POLYSAN EASY obd\u00e9ln\u00edkov\u00fd sprchov\u00fd kout 1500x900mm, \u010dir\u00e9 sklo L\/P varianta -","isPartOf":{"@id":"https:\/\/www.domstavpro.com\/#website"},"primaryImageOfPage":{"@id":"https:\/\/www.domstavpro.com\/index.php\/produkt\/akce-polysan-easy-obdelnikovy-sprchovy-kout-1500x900mm-cire-sklo-l-p-varianta-43292\/#primaryimage"},"image":{"@id":"https:\/\/www.domstavpro.com\/index.php\/produkt\/akce-polysan-easy-obdelnikovy-sprchovy-kout-1500x900mm-cire-sklo-l-p-varianta-43292\/#primaryimage"},"thumbnailUrl":"https:\/\/www.domstavpro.com\/wp-content\/uploads\/2026\/SK0030228-CZ20260425-093449-0-1777080896-polysan-easy-obdelnikovy-sprchovy-kout-1500x900mm-cire-sklo.webp","datePublished":"2026-04-27T15:09:37+00:00","breadcrumb":{"@id":"https:\/\/www.domstavpro.com\/index.php\/produkt\/akce-polysan-easy-obdelnikovy-sprchovy-kout-1500x900mm-cire-sklo-l-p-varianta-43292\/#breadcrumb"},"inLanguage":"cs","potentialAction":[{"@type":"ReadAction","target":["https:\/\/www.domstavpro.com\/index.php\/produkt\/akce-polysan-easy-obdelnikovy-sprchovy-kout-1500x900mm-cire-sklo-l-p-varianta-43292\/"]}]},{"@type":"ImageObject","inLanguage":"cs","@id":"https:\/\/www.domstavpro.com\/index.php\/produkt\/akce-polysan-easy-obdelnikovy-sprchovy-kout-1500x900mm-cire-sklo-l-p-varianta-43292\/#primaryimage","url":"https:\/\/www.domstavpro.com\/wp-content\/uploads\/2026\/SK0030228-CZ20260425-093449-0-1777080896-polysan-easy-obdelnikovy-sprchovy-kout-1500x900mm-cire-sklo.webp","contentUrl":"https:\/\/www.domstavpro.com\/wp-content\/uploads\/2026\/SK0030228-CZ20260425-093449-0-1777080896-polysan-easy-obdelnikovy-sprchovy-kout-1500x900mm-cire-sklo.webp","width":1000,"height":525},{"@type":"BreadcrumbList","@id":"https:\/\/www.domstavpro.com\/index.php\/produkt\/akce-polysan-easy-obdelnikovy-sprchovy-kout-1500x900mm-cire-sklo-l-p-varianta-43292\/#breadcrumb","itemListElement":[{"@type":"ListItem","position":1,"name":"Home","item":"https:\/\/www.domstavpro.com\/"},{"@type":"ListItem","position":2,"name":"Products","item":"https:\/\/www.domstavpro.com\/index.php\/products\/"},{"@type":"ListItem","position":3,"name":"Akce POLYSAN EASY obd\u00e9ln\u00edkov\u00fd sprchov\u00fd kout 1500x900mm, \u010dir\u00e9 sklo L\/P varianta"}]},{"@type":"WebSite","@id":"https:\/\/www.domstavpro.com\/#website","url":"https:\/\/www.domstavpro.com\/","name":"","description":"","potentialAction":[{"@type":"SearchAction","target":{"@type":"EntryPoint","urlTemplate":"https:\/\/www.domstavpro.com\/?s={search_term_string}"},"query-input":{"@type":"PropertyValueSpecification","valueRequired":true,"valueName":"search_term_string"}}],"inLanguage":"cs"}]}},"_links":{"self":[{"href":"https:\/\/www.domstavpro.com\/index.php\/wp-json\/wp\/v2\/product\/43292","targetHints":{"allow":["GET"]}}],"collection":[{"href":"https:\/\/www.domstavpro.com\/index.php\/wp-json\/wp\/v2\/product"}],"about":[{"href":"https:\/\/www.domstavpro.com\/index.php\/wp-json\/wp\/v2\/types\/product"}],"replies":[{"embeddable":true,"href":"https:\/\/www.domstavpro.com\/index.php\/wp-json\/wp\/v2\/comments?post=43292"}],"wp:featuredmedia":[{"embeddable":true,"href":"https:\/\/www.domstavpro.com\/index.php\/wp-json\/wp\/v2\/media\/43392"}],"wp:attachment":[{"href":"https:\/\/www.domstavpro.com\/index.php\/wp-json\/wp\/v2\/media?parent=43292"}],"wp:term":[{"taxonomy":"product_brand","embeddable":true,"href":"https:\/\/www.domstavpro.com\/index.php\/wp-json\/wp\/v2\/product_brand?post=43292"},{"taxonomy":"product_cat","embeddable":true,"href":"https:\/\/www.domstavpro.com\/index.php\/wp-json\/wp\/v2\/product_cat?post=43292"},{"taxonomy":"product_tag","embeddable":true,"href":"https:\/\/www.domstavpro.com\/index.php\/wp-json\/wp\/v2\/product_tag?post=43292"}],"curies":[{"name":"wp","href":"https:\/\/api.w.org\/{rel}","templated":true}]}}