{"id":42982,"date":"2026-04-27T15:09:36","date_gmt":"2026-04-27T15:09:36","guid":{"rendered":""},"modified":"2026-04-27T15:09:36","modified_gmt":"2026-04-27T15:09:36","slug":"znackovy-polysan-altis-black-posuvne-dvere-1570-1610mm-vyska-2000mm-cire-sklo-42982","status":"publish","type":"product","link":"https:\/\/www.domstavpro.com\/index.php\/produkt\/znackovy-polysan-altis-black-posuvne-dvere-1570-1610mm-vyska-2000mm-cire-sklo-42982\/","title":{"rendered":"Zna\u010dkov\u00fd POLYSAN ALTIS BLACK posuvn\u00e9 dve\u0159e 1570-1610mm, v\u00fd\u0161ka 2000mm, \u010dir\u00e9 sklo"},"content":{"rendered":"<div id=\"e8872004\" class=\"pages\">\n<div>\n<div id=\"PDDescription\" class=\"UserContentView userContent v1a v1 bs-view dcon dc164 PDDescription\" ><dc-con><dc-con><bs-empty><\/bs-empty><\/dc-con><dc-con>        <\/p>\n<div class=\"customDescription\">                    <\/div>\n<p><\/dc-con><dc-con><\/p>\n<p style=\"text-align: justify;\">ALTIS vynik\u00e1 minimem kovov\u00fdch&nbsp;profil\u016f v&nbsp;kombinaci s&nbsp;eleganc\u00ed \u010dir\u00e9ho&nbsp;skla. Odleh\u010den\u00fd dojem umoc\u0148uje&nbsp;i jednoduch\u00e9 a praktick\u00e9 madlo.&nbsp;Sprchov\u00e9 dve\u0159e \u0159ady ALTIS se&nbsp;posouvaj\u00ed na vod\u00edc\u00edch d\u00edlech, tak\u017ee&nbsp;p\u0159i otev\u00edr\u00e1n\u00ed nezab\u00edraj\u00ed \u017e\u00e1dn\u00fd prostor&nbsp;okolo sprchov\u00e9ho koutu. Jednoduchost&nbsp;designu zaru\u010duje i snadnou&nbsp;\u00fadr\u017ebu.&nbsp;<\/p>\n<p><strong>Celkov\u00e1 charakteristika sprchov\u00fdch z\u00e1st\u011bn s\u00e9rie ALTIS:<\/strong><\/p>\n<ul>\n<li>Velkopr\u016fm\u011brov\u00e1 lo\u017eiskov\u00e1 kola skryt\u00e1 v profilu zaru\u010duj\u00ed bezvadn\u00fd chod na mnoho let.<\/li>\n<li>P\u0159i v\u00fdrob\u011b dve\u0159\u00ed je pou\u017eito bezpe\u010dnostn\u00ed sklo o s\u00edle 8 mm s oboustrannou povrchovou \u00fapravou ANTIDROP pro snadnou \u00fadr\u017ebu.<\/li>\n<li>Rozst\u0159iku vody zabra\u0148uje prahov\u00e1 li\u0161ta a magnetick\u00e9 t\u011bsn\u011bn\u00ed.<\/li>\n<li>Dve\u0159e jsou d\u011bleny na \u010d\u00e1st posuvnou a \u010d\u00e1st pevnou &#8211; umo\u017e\u0148uj\u00ed variabiln\u00ed instalaci s lev\u00fdm nebo prav\u00fdm otev\u00edr\u00e1n\u00edm.<\/li>\n<li>Profily ve dvou barevn\u00fdch variant\u00e1ch &#8211; chrom a matn\u00e1 \u010dern\u00e1<\/li>\n<li>Sklo dve\u0159\u00ed je voln\u011b zav\u011b\u0161en\u00e9 bez spodn\u00edho vod\u00edc\u00edho profilu, vstup je bezbari\u00e9rov\u00fd.<\/li>\n<\/ul>\n<p>K \u010di\u0161t\u011bn\u00ed skel doporu\u010dujeme ASC \u010dist\u00edc\u00ed a ochrann\u00fd prost\u0159edek,&nbsp;94000.<\/p>\n<\/p>\n<div style=\"float: left; width: 25%; text-align: justify;\"><a href=\"https:\/\/eshop.sapho.cz\/img\/_\/serie.142\/al3015-detail-2.jpg\" class=\"fancybox\"><img decoding=\"async\" src=\"https:\/\/eshop.sapho.cz\/img\/_\/serie.142\/al3015-detail-2.jpg\" width=\"180\" caption=\"false\" \/><\/a><\/p>\n<div style=\"padding-right: 10px;\">Velkopr\u016fm\u011brov\u00e1 lo\u017eiskov\u00e1 kola skryt\u00e1 v profilu zaru\u010duj\u00ed bezchybn\u00fd chod po mnoho let.<\/div>\n<\/div>\n<div style=\"float: left; width: 25%; text-align: justify;\"><a href=\"https:\/\/eshop.sapho.cz\/img\/_\/serie.142\/altis-line---pridrzeni-dveri.jpg\" class=\"fancybox\"><img decoding=\"async\" src=\"https:\/\/eshop.sapho.cz\/img\/_\/serie.142\/altis-line---pridrzeni-dveri.jpg\" width=\"180\" caption=\"false\" \/><\/a><\/p>\n<div style=\"padding-right: 10px;\">Integrovan\u00fd syst\u00e9m p\u0159idr\u017een\u00ed dve\u0159\u00ed v otev\u0159en\u00e9 i zav\u0159en\u00e9 pozici br\u00e1n\u00ed&nbsp; jejich samovoln\u00e9mu pohybu.<br \/>Z\u00e1rove\u0148 umo\u017e\u0148uje instalovat dve\u0159e do niky bez magnetick\u00e9ho t\u011bsn\u011bn\u00ed pro \u010dist\u00fd design a v\u011bt\u0161\u00ed vstup.<\/div>\n<\/div>\n<div style=\"float: left; width: 25%; text-align: justify;\"><a href=\"https:\/\/eshop.sapho.cz\/img\/_\/serie.142\/al3015-detail-3.jpg\" class=\"fancybox\"><img decoding=\"async\" src=\"https:\/\/eshop.sapho.cz\/img\/_\/serie.142\/al3015-detail-3.jpg\" caption=\"false\" width=\"180\" \/><\/a><\/p>\n<div style=\"padding-right: 10px;\">Vod\u00edc\u00ed d\u00edl je z\u00e1kladem spolehliv\u00e9ho a tich\u00e9ho posuvn\u00e9ho syst\u00e9mu, kter\u00fd zaji\u0161\u0165uje pohodln\u00e9 otev\u00edr\u00e1n\u00ed dve\u0159\u00ed v mal\u00e9m prostoru.<\/div>\n<\/div>\n<div style=\"float: left; width: 25%; text-align: justify;\"><a href=\"https:\/\/eshop.sapho.cz\/img\/_\/serie.142\/al3015-detail-4.jpg\" class=\"fancybox\"><img decoding=\"async\" src=\"https:\/\/eshop.sapho.cz\/img\/_\/serie.142\/al3015-detail-4.jpg\" caption=\"false\" width=\"180\" \/><\/a><\/p>\n<div style=\"padding-right: 2px;\">P\u0159etokov\u00e1 li\u0161ta br\u00e1n\u00ed \u00faniku vody mimo sprchov\u00fd kout. Z\u00e1st\u011bny lze instalovat p\u0159\u00edmo na podlahu bez sprchov\u00e9 vani\u010dky a umo\u017e\u0148uj\u00ed tak bezbari\u00e9rov\u00fd p\u0159\u00edstup.<\/div>\n<\/div>\n<div style=\"clear: both;\"><\/div>\n<h2 class=\"props-title\">Vlastnosti<\/h2>\n<table>\n<tr>\n<th>Zna\u010dka<\/th>\n<td>POLYSAN<\/td>\n<\/tr>\n<tr>\n<th>S\u00e9rie<\/th>\n<td>ALTIS<\/td>\n<\/tr>\n<tr>\n<th>\u0160\u00ed\u0159ka<\/th>\n<td>1600&nbsp;mm<\/td>\n<\/tr>\n<tr>\n<th>V\u00fd\u0161ka<\/th>\n<td>2000&nbsp;mm<\/td>\n<\/tr>\n<tr>\n<th>Barva profilu<\/th>\n<td>\u010cern\u00e1 mat<\/td>\n<\/tr>\n<tr>\n<th>Tvar<\/th>\n<td>Dve\u0159e do niky<\/td>\n<\/tr>\n<tr>\n<th>Typ otev\u00edr\u00e1n\u00ed<\/th>\n<td>Posuvn\u00e9<\/td>\n<\/tr>\n<tr>\n<th>Sm\u011br otev\u00edr\u00e1n\u00ed<\/th>\n<td>Univerz\u00e1ln\u00ed<\/td>\n<\/tr>\n<tr>\n<th>\u0160\u00ed\u0159ka vstupu<\/th>\n<td>675&nbsp;mm<\/td>\n<\/tr>\n<tr>\n<th>Typ v\u00fdpln\u011b<\/th>\n<td>\u010cir\u00e9 sklo<\/td>\n<\/tr>\n<tr>\n<th>\u00daprava skla<\/th>\n<td>Antidrop<\/td>\n<\/tr>\n<tr>\n<th>Tlou\u0161\u0165ka skla<\/th>\n<td>8&nbsp;mm<\/td>\n<\/tr>\n<tr>\n<th>Instala\u010dn\u00ed \u0161\u00ed\u0159ka od<\/th>\n<td>1570&nbsp;mm<\/td>\n<\/tr>\n<tr>\n<th>Instala\u010dn\u00ed \u0161\u00ed\u0159ka do<\/th>\n<td>1610&nbsp;mm<\/td>\n<\/tr>\n<tr>\n<th>Vlastnosti<\/th>\n<td>Bezr\u00e1mov\u00e9 proveden\u00ed<\/td>\n<\/tr>\n<tr>\n<th>Hmotnost \/ ks<\/th>\n<td>37.0000&nbsp;kg<\/td>\n<\/tr>\n<tr>\n<th>Balen\u00ed<\/th>\n<td>2&nbsp;ks<\/td>\n<\/tr>\n<tr>\n<th>EAN<\/th>\n<td>8590913885914<\/td>\n<\/tr>\n<tr>\n<th>Taric<\/th>\n<td>70200080<\/td>\n<\/tr>\n<tr>\n<th>Z\u00e1ruka<\/th>\n<td>2 roky<\/td>\n<\/tr>\n<\/table>\n<div class=\"product-explanation-item\">\n<h3>Sm\u011br otev\u00edr\u00e1n\u00ed &#8211; univerz\u00e1ln\u00ed<\/h3>\n<p style=\"text-align: justify;\">Instalace je mo\u017en\u00e1 s lev\u00fdm nebo prav\u00fdm otev\u00edr\u00e1n\u00edm dve\u0159\u00ed.<\/p>\n<\/div>\n<div class=\"product-explanation-item\">\n<h3>Antidrop<\/h3>\n<p style=\"text-align: justify;\">Antidrop je povrchov\u00e1 \u00faprava skla pro jeho snadnou \u00fadr\u017ebu. P\u0159i v\u00fdrob\u011b skla je nan\u00e1\u0161ena na jeho povrch s pou\u017eit\u00edm nanotechnologie a je obsa\u017eena v cen\u011b z\u00e1st\u011bn.<\/p>\n<\/div>\n<div class=\"product-explanation-item\">\n<h3>Bezr\u00e1mov\u00e9 sprchov\u00e9 z\u00e1st\u011bny<\/h3>\n<p style=\"text-align: justify;\">Ochranu proti p\u0159ete\u010den\u00ed vody u bezr\u00e1mov\u00fdch z\u00e1st\u011bn zaji\u0161\u0165uje n\u00edzk\u00e1 p\u0159etokov\u00e1 li\u0161ta, kter\u00e1 dotv\u00e1\u0159\u00ed \u010dist\u00fd vzhled z\u00e1st\u011bny. Bezr\u00e1mov\u00e9 z\u00e1st\u011bny tak p\u016fsob\u00ed sv\u011b\u017e\u00edm elegantn\u00edm dojmem.<\/p>\n<p><img decoding=\"async\" src=\"https:\/\/eshop.sapho.cz\/img\/_\/i.001009\/bezramove-2a.jpg\" alt=\"\" width=\"600\" caption=\"false\" class=\"\" \/><\/p>\n<\/div>\n<h2 class=\"props-title\">Videa<\/h2>\n<p><a target=\"_blank\"  href=\"https:\/\/ubc.k2.cz\/K2FTPdata\/UBC\/video\/produkt_ostatne\/polysan-altis-line-navod-dvere-s-bocni-stenou.mp4\">https:\/\/ubc.k2.cz\/K2FTPdata\/UBC\/video\/produkt_ostatne\/polysan-altis-line-navod-dvere-s-bocni-stenou.mp4<\/a><br \/><\/dc-con><\/dc-con><\/div>\n<\/p><\/div>\n<div id=\"PDTable3\" class=\"ProductDetailTableView v3a v3 bs-view dcon dc185 PDTable3\" >\n<table>\n<thead><\/thead>\n<tbody>\n<tr class=\"attribute attr_typskla\">\n<td class=\"caption\">Typ skla<\/td>\n<td class=\"value\">Transparent<\/td>\n<\/tr>\n<tr class=\"attribute attr_bsshop_maker\">\n<td class=\"caption\">V\u00fdrobce<\/td>\n<td class=\"value\">Polysan<\/td>\n<\/tr>\n<tr class=\"attribute attr_sirka\">\n<td class=\"caption\">\u0160\u00ed\u0159ka v mm<\/td>\n<td class=\"value\">930<\/td>\n<\/tr>\n<tr class=\"attribute attr_Vyska\">\n<td class=\"caption\">V\u00fd\u0161ka v mm<\/td>\n<td class=\"value\">2080<\/td>\n<\/tr>\n<tr class=\"weight\">\n<td class=\"caption\"><span>Hmotnost<\/span><\/td>\n<td class=\"value\"><span>37,00 kg<\/span><\/td>\n<\/tr>\n<\/tbody>\n<\/table>\n<\/div>\n<div id=\"ProductMedia\" class=\"ProductMediaView MediaViewBase v1a v1 bs-view dcon dc409 ProductMedia\" ><bs-empty><\/bs-empty><\/p>\n<div class=\"files\">\n<div class=\"title sub\">Soubory<\/div>\n<p><a href=\"\/media\/22216\/41815-cisteni-a-udrzba-sprchovych-zasten-polysan.PDF?&amp;key=ZGpmIyQwNUZfMjIyMTY=\" class=\"PDF\">Dokumenty &#8211; &#218;dr\u017eba_priloha_0<\/a><a href=\"\/media\/47568\/41815-manual-altis-al3915c-2025-9-10.pdf?&amp;key=ZGpmIyQwNUZfNDc1Njg=\" class=\"pdf\">Dokumenty &#8211; N&#225;vod_priloha_1<\/a><\/div>\n<p><bs-empty><\/bs-empty><\/div>\n<\/div>\n<div id=\"e8872005\" class=\"tabs\">\n","protected":false},"excerpt":{"rendered":"<p>ALTIS vynik\u00e1 minimem kovov\u00fdch&nbsp;profil\u016f v&nbsp;kombinaci s&nbsp;eleganc\u00ed \u010dir\u00e9ho&nbsp;skla. Odleh\u010den\u00fd dojem umoc\u0148uje&nbsp;i jednoduch\u00e9 a praktick\u00e9 madlo.&nbsp;Sprchov\u00e9 dve\u0159e \u0159ady ALTIS se&nbsp;posouvaj\u00ed na vod\u00edc\u00edch d\u00edlech, tak\u017ee&nbsp;p\u0159i otev\u00edr\u00e1n\u00ed nezab\u00edraj\u00ed \u017e\u00e1dn\u00fd prostor&nbsp;okolo sprchov\u00e9ho koutu. Jednoduchost&nbsp;designu zaru\u010duje i snadnou&nbsp;\u00fadr\u017ebu.&nbsp; Celkov\u00e1 charakteristika sprchov\u00fdch z\u00e1st\u011bn s\u00e9rie ALTIS: Velkopr\u016fm\u011brov\u00e1 lo\u017eiskov\u00e1 kola skryt\u00e1 v profilu zaru\u010duj\u00ed bezvadn\u00fd chod na mnoho let. P\u0159i v\u00fdrob\u011b dve\u0159\u00ed je pou\u017eito [&hellip;]<\/p>\n","protected":false},"featured_media":43082,"comment_status":"open","ping_status":"open","template":"","meta":[],"product_brand":[],"product_cat":[61],"product_tag":[],"class_list":{"0":"post-42982","1":"product","2":"type-product","3":"status-publish","4":"has-post-thumbnail","6":"product_cat-vybaven-237-koupelny","8":"first","9":"instock","10":"sale","11":"shipping-taxable","12":"purchasable","13":"product-type-simple"},"yoast_head":"<!-- This site is optimized with the Yoast SEO plugin v26.8 - https:\/\/yoast.com\/product\/yoast-seo-wordpress\/ -->\n<title>Zna\u010dkov\u00fd POLYSAN ALTIS BLACK posuvn\u00e9 dve\u0159e 1570-1610mm, v\u00fd\u0161ka 2000mm, \u010dir\u00e9 sklo -<\/title>\n<meta name=\"robots\" content=\"index, follow, max-snippet:-1, max-image-preview:large, max-video-preview:-1\" \/>\n<link rel=\"canonical\" href=\"https:\/\/www.domstavpro.com\/index.php\/produkt\/znackovy-polysan-altis-black-posuvne-dvere-1570-1610mm-vyska-2000mm-cire-sklo-42982\/\" \/>\n<meta property=\"og:locale\" content=\"cs_CZ\" \/>\n<meta property=\"og:type\" content=\"article\" \/>\n<meta property=\"og:title\" content=\"Zna\u010dkov\u00fd POLYSAN ALTIS BLACK posuvn\u00e9 dve\u0159e 1570-1610mm, v\u00fd\u0161ka 2000mm, \u010dir\u00e9 sklo -\" \/>\n<meta property=\"og:description\" content=\"ALTIS vynik\u00e1 minimem kovov\u00fdch&nbsp;profil\u016f v&nbsp;kombinaci s&nbsp;eleganc\u00ed \u010dir\u00e9ho&nbsp;skla. Odleh\u010den\u00fd dojem umoc\u0148uje&nbsp;i jednoduch\u00e9 a praktick\u00e9 madlo.&nbsp;Sprchov\u00e9 dve\u0159e \u0159ady ALTIS se&nbsp;posouvaj\u00ed na vod\u00edc\u00edch d\u00edlech, tak\u017ee&nbsp;p\u0159i otev\u00edr\u00e1n\u00ed nezab\u00edraj\u00ed \u017e\u00e1dn\u00fd prostor&nbsp;okolo sprchov\u00e9ho koutu. Jednoduchost&nbsp;designu zaru\u010duje i snadnou&nbsp;\u00fadr\u017ebu.&nbsp; Celkov\u00e1 charakteristika sprchov\u00fdch z\u00e1st\u011bn s\u00e9rie ALTIS: Velkopr\u016fm\u011brov\u00e1 lo\u017eiskov\u00e1 kola skryt\u00e1 v profilu zaru\u010duj\u00ed bezvadn\u00fd chod na mnoho let. P\u0159i v\u00fdrob\u011b dve\u0159\u00ed je pou\u017eito [&hellip;]\" \/>\n<meta property=\"og:url\" content=\"https:\/\/www.domstavpro.com\/index.php\/produkt\/znackovy-polysan-altis-black-posuvne-dvere-1570-1610mm-vyska-2000mm-cire-sklo-42982\/\" \/>\n<meta property=\"og:image\" content=\"https:\/\/www.domstavpro.com\/wp-content\/uploads\/2026\/SK0030028-CZ20260425-093449-0-1777080896-polysan-altis-black-posuvne-dvere-1570-1610mm-vyska-2000mm-.webp\" \/>\n\t<meta property=\"og:image:width\" content=\"1000\" \/>\n\t<meta property=\"og:image:height\" content=\"525\" \/>\n\t<meta property=\"og:image:type\" content=\"image\/webp\" \/>\n<meta name=\"twitter:card\" content=\"summary_large_image\" \/>\n<meta name=\"twitter:label1\" content=\"Odhadovan\u00e1 doba \u010dten\u00ed\" \/>\n\t<meta name=\"twitter:data1\" content=\"3 minuty\" \/>\n<script type=\"application\/ld+json\" class=\"yoast-schema-graph\">{\"@context\":\"https:\/\/schema.org\",\"@graph\":[{\"@type\":\"WebPage\",\"@id\":\"https:\/\/www.domstavpro.com\/index.php\/produkt\/znackovy-polysan-altis-black-posuvne-dvere-1570-1610mm-vyska-2000mm-cire-sklo-42982\/\",\"url\":\"https:\/\/www.domstavpro.com\/index.php\/produkt\/znackovy-polysan-altis-black-posuvne-dvere-1570-1610mm-vyska-2000mm-cire-sklo-42982\/\",\"name\":\"Zna\u010dkov\u00fd POLYSAN ALTIS BLACK posuvn\u00e9 dve\u0159e 1570-1610mm, v\u00fd\u0161ka 2000mm, \u010dir\u00e9 sklo -\",\"isPartOf\":{\"@id\":\"https:\/\/www.domstavpro.com\/#website\"},\"primaryImageOfPage\":{\"@id\":\"https:\/\/www.domstavpro.com\/index.php\/produkt\/znackovy-polysan-altis-black-posuvne-dvere-1570-1610mm-vyska-2000mm-cire-sklo-42982\/#primaryimage\"},\"image\":{\"@id\":\"https:\/\/www.domstavpro.com\/index.php\/produkt\/znackovy-polysan-altis-black-posuvne-dvere-1570-1610mm-vyska-2000mm-cire-sklo-42982\/#primaryimage\"},\"thumbnailUrl\":\"https:\/\/www.domstavpro.com\/wp-content\/uploads\/2026\/SK0030028-CZ20260425-093449-0-1777080896-polysan-altis-black-posuvne-dvere-1570-1610mm-vyska-2000mm-.webp\",\"datePublished\":\"2026-04-27T15:09:36+00:00\",\"breadcrumb\":{\"@id\":\"https:\/\/www.domstavpro.com\/index.php\/produkt\/znackovy-polysan-altis-black-posuvne-dvere-1570-1610mm-vyska-2000mm-cire-sklo-42982\/#breadcrumb\"},\"inLanguage\":\"cs\",\"potentialAction\":[{\"@type\":\"ReadAction\",\"target\":[\"https:\/\/www.domstavpro.com\/index.php\/produkt\/znackovy-polysan-altis-black-posuvne-dvere-1570-1610mm-vyska-2000mm-cire-sklo-42982\/\"]}]},{\"@type\":\"ImageObject\",\"inLanguage\":\"cs\",\"@id\":\"https:\/\/www.domstavpro.com\/index.php\/produkt\/znackovy-polysan-altis-black-posuvne-dvere-1570-1610mm-vyska-2000mm-cire-sklo-42982\/#primaryimage\",\"url\":\"https:\/\/www.domstavpro.com\/wp-content\/uploads\/2026\/SK0030028-CZ20260425-093449-0-1777080896-polysan-altis-black-posuvne-dvere-1570-1610mm-vyska-2000mm-.webp\",\"contentUrl\":\"https:\/\/www.domstavpro.com\/wp-content\/uploads\/2026\/SK0030028-CZ20260425-093449-0-1777080896-polysan-altis-black-posuvne-dvere-1570-1610mm-vyska-2000mm-.webp\",\"width\":1000,\"height\":525},{\"@type\":\"BreadcrumbList\",\"@id\":\"https:\/\/www.domstavpro.com\/index.php\/produkt\/znackovy-polysan-altis-black-posuvne-dvere-1570-1610mm-vyska-2000mm-cire-sklo-42982\/#breadcrumb\",\"itemListElement\":[{\"@type\":\"ListItem\",\"position\":1,\"name\":\"Home\",\"item\":\"https:\/\/www.domstavpro.com\/\"},{\"@type\":\"ListItem\",\"position\":2,\"name\":\"Products\",\"item\":\"https:\/\/www.domstavpro.com\/index.php\/products\/\"},{\"@type\":\"ListItem\",\"position\":3,\"name\":\"Zna\u010dkov\u00fd POLYSAN ALTIS BLACK posuvn\u00e9 dve\u0159e 1570-1610mm, v\u00fd\u0161ka 2000mm, \u010dir\u00e9 sklo\"}]},{\"@type\":\"WebSite\",\"@id\":\"https:\/\/www.domstavpro.com\/#website\",\"url\":\"https:\/\/www.domstavpro.com\/\",\"name\":\"\",\"description\":\"\",\"potentialAction\":[{\"@type\":\"SearchAction\",\"target\":{\"@type\":\"EntryPoint\",\"urlTemplate\":\"https:\/\/www.domstavpro.com\/?s={search_term_string}\"},\"query-input\":{\"@type\":\"PropertyValueSpecification\",\"valueRequired\":true,\"valueName\":\"search_term_string\"}}],\"inLanguage\":\"cs\"}]}<\/script>\n<!-- \/ Yoast SEO plugin. -->","yoast_head_json":{"title":"Zna\u010dkov\u00fd POLYSAN ALTIS BLACK posuvn\u00e9 dve\u0159e 1570-1610mm, v\u00fd\u0161ka 2000mm, \u010dir\u00e9 sklo -","robots":{"index":"index","follow":"follow","max-snippet":"max-snippet:-1","max-image-preview":"max-image-preview:large","max-video-preview":"max-video-preview:-1"},"canonical":"https:\/\/www.domstavpro.com\/index.php\/produkt\/znackovy-polysan-altis-black-posuvne-dvere-1570-1610mm-vyska-2000mm-cire-sklo-42982\/","og_locale":"cs_CZ","og_type":"article","og_title":"Zna\u010dkov\u00fd POLYSAN ALTIS BLACK posuvn\u00e9 dve\u0159e 1570-1610mm, v\u00fd\u0161ka 2000mm, \u010dir\u00e9 sklo -","og_description":"ALTIS vynik\u00e1 minimem kovov\u00fdch&nbsp;profil\u016f v&nbsp;kombinaci s&nbsp;eleganc\u00ed \u010dir\u00e9ho&nbsp;skla. Odleh\u010den\u00fd dojem umoc\u0148uje&nbsp;i jednoduch\u00e9 a praktick\u00e9 madlo.&nbsp;Sprchov\u00e9 dve\u0159e \u0159ady ALTIS se&nbsp;posouvaj\u00ed na vod\u00edc\u00edch d\u00edlech, tak\u017ee&nbsp;p\u0159i otev\u00edr\u00e1n\u00ed nezab\u00edraj\u00ed \u017e\u00e1dn\u00fd prostor&nbsp;okolo sprchov\u00e9ho koutu. Jednoduchost&nbsp;designu zaru\u010duje i snadnou&nbsp;\u00fadr\u017ebu.&nbsp; Celkov\u00e1 charakteristika sprchov\u00fdch z\u00e1st\u011bn s\u00e9rie ALTIS: Velkopr\u016fm\u011brov\u00e1 lo\u017eiskov\u00e1 kola skryt\u00e1 v profilu zaru\u010duj\u00ed bezvadn\u00fd chod na mnoho let. P\u0159i v\u00fdrob\u011b dve\u0159\u00ed je pou\u017eito [&hellip;]","og_url":"https:\/\/www.domstavpro.com\/index.php\/produkt\/znackovy-polysan-altis-black-posuvne-dvere-1570-1610mm-vyska-2000mm-cire-sklo-42982\/","og_image":[{"width":1000,"height":525,"url":"https:\/\/www.domstavpro.com\/wp-content\/uploads\/2026\/SK0030028-CZ20260425-093449-0-1777080896-polysan-altis-black-posuvne-dvere-1570-1610mm-vyska-2000mm-.webp","type":"image\/webp"}],"twitter_card":"summary_large_image","twitter_misc":{"Odhadovan\u00e1 doba \u010dten\u00ed":"3 minuty"},"schema":{"@context":"https:\/\/schema.org","@graph":[{"@type":"WebPage","@id":"https:\/\/www.domstavpro.com\/index.php\/produkt\/znackovy-polysan-altis-black-posuvne-dvere-1570-1610mm-vyska-2000mm-cire-sklo-42982\/","url":"https:\/\/www.domstavpro.com\/index.php\/produkt\/znackovy-polysan-altis-black-posuvne-dvere-1570-1610mm-vyska-2000mm-cire-sklo-42982\/","name":"Zna\u010dkov\u00fd POLYSAN ALTIS BLACK posuvn\u00e9 dve\u0159e 1570-1610mm, v\u00fd\u0161ka 2000mm, \u010dir\u00e9 sklo -","isPartOf":{"@id":"https:\/\/www.domstavpro.com\/#website"},"primaryImageOfPage":{"@id":"https:\/\/www.domstavpro.com\/index.php\/produkt\/znackovy-polysan-altis-black-posuvne-dvere-1570-1610mm-vyska-2000mm-cire-sklo-42982\/#primaryimage"},"image":{"@id":"https:\/\/www.domstavpro.com\/index.php\/produkt\/znackovy-polysan-altis-black-posuvne-dvere-1570-1610mm-vyska-2000mm-cire-sklo-42982\/#primaryimage"},"thumbnailUrl":"https:\/\/www.domstavpro.com\/wp-content\/uploads\/2026\/SK0030028-CZ20260425-093449-0-1777080896-polysan-altis-black-posuvne-dvere-1570-1610mm-vyska-2000mm-.webp","datePublished":"2026-04-27T15:09:36+00:00","breadcrumb":{"@id":"https:\/\/www.domstavpro.com\/index.php\/produkt\/znackovy-polysan-altis-black-posuvne-dvere-1570-1610mm-vyska-2000mm-cire-sklo-42982\/#breadcrumb"},"inLanguage":"cs","potentialAction":[{"@type":"ReadAction","target":["https:\/\/www.domstavpro.com\/index.php\/produkt\/znackovy-polysan-altis-black-posuvne-dvere-1570-1610mm-vyska-2000mm-cire-sklo-42982\/"]}]},{"@type":"ImageObject","inLanguage":"cs","@id":"https:\/\/www.domstavpro.com\/index.php\/produkt\/znackovy-polysan-altis-black-posuvne-dvere-1570-1610mm-vyska-2000mm-cire-sklo-42982\/#primaryimage","url":"https:\/\/www.domstavpro.com\/wp-content\/uploads\/2026\/SK0030028-CZ20260425-093449-0-1777080896-polysan-altis-black-posuvne-dvere-1570-1610mm-vyska-2000mm-.webp","contentUrl":"https:\/\/www.domstavpro.com\/wp-content\/uploads\/2026\/SK0030028-CZ20260425-093449-0-1777080896-polysan-altis-black-posuvne-dvere-1570-1610mm-vyska-2000mm-.webp","width":1000,"height":525},{"@type":"BreadcrumbList","@id":"https:\/\/www.domstavpro.com\/index.php\/produkt\/znackovy-polysan-altis-black-posuvne-dvere-1570-1610mm-vyska-2000mm-cire-sklo-42982\/#breadcrumb","itemListElement":[{"@type":"ListItem","position":1,"name":"Home","item":"https:\/\/www.domstavpro.com\/"},{"@type":"ListItem","position":2,"name":"Products","item":"https:\/\/www.domstavpro.com\/index.php\/products\/"},{"@type":"ListItem","position":3,"name":"Zna\u010dkov\u00fd POLYSAN ALTIS BLACK posuvn\u00e9 dve\u0159e 1570-1610mm, v\u00fd\u0161ka 2000mm, \u010dir\u00e9 sklo"}]},{"@type":"WebSite","@id":"https:\/\/www.domstavpro.com\/#website","url":"https:\/\/www.domstavpro.com\/","name":"","description":"","potentialAction":[{"@type":"SearchAction","target":{"@type":"EntryPoint","urlTemplate":"https:\/\/www.domstavpro.com\/?s={search_term_string}"},"query-input":{"@type":"PropertyValueSpecification","valueRequired":true,"valueName":"search_term_string"}}],"inLanguage":"cs"}]}},"_links":{"self":[{"href":"https:\/\/www.domstavpro.com\/index.php\/wp-json\/wp\/v2\/product\/42982","targetHints":{"allow":["GET"]}}],"collection":[{"href":"https:\/\/www.domstavpro.com\/index.php\/wp-json\/wp\/v2\/product"}],"about":[{"href":"https:\/\/www.domstavpro.com\/index.php\/wp-json\/wp\/v2\/types\/product"}],"replies":[{"embeddable":true,"href":"https:\/\/www.domstavpro.com\/index.php\/wp-json\/wp\/v2\/comments?post=42982"}],"wp:featuredmedia":[{"embeddable":true,"href":"https:\/\/www.domstavpro.com\/index.php\/wp-json\/wp\/v2\/media\/43082"}],"wp:attachment":[{"href":"https:\/\/www.domstavpro.com\/index.php\/wp-json\/wp\/v2\/media?parent=42982"}],"wp:term":[{"taxonomy":"product_brand","embeddable":true,"href":"https:\/\/www.domstavpro.com\/index.php\/wp-json\/wp\/v2\/product_brand?post=42982"},{"taxonomy":"product_cat","embeddable":true,"href":"https:\/\/www.domstavpro.com\/index.php\/wp-json\/wp\/v2\/product_cat?post=42982"},{"taxonomy":"product_tag","embeddable":true,"href":"https:\/\/www.domstavpro.com\/index.php\/wp-json\/wp\/v2\/product_tag?post=42982"}],"curies":[{"name":"wp","href":"https:\/\/api.w.org\/{rel}","templated":true}]}}