{"id":42756,"date":"2026-04-27T15:09:35","date_gmt":"2026-04-27T15:09:35","guid":{"rendered":""},"modified":"2026-04-27T15:09:35","modified_gmt":"2026-04-27T15:09:35","slug":"akce-gelco-sigma-simply-bocni-stena-750-mm-cire-sklo-42756","status":"publish","type":"product","link":"https:\/\/www.domstavpro.com\/index.php\/produkt\/akce-gelco-sigma-simply-bocni-stena-750-mm-cire-sklo-42756\/","title":{"rendered":"Akce GELCO SIGMA SIMPLY bo\u010dn\u00ed st\u011bna 750 mm, \u010dir\u00e9 sklo"},"content":{"rendered":"<div id=\"e9493296\" class=\"pages\">\n<div>\n<div id=\"PDDescription\" class=\"UserContentView userContent v1a v1 bs-view dcon dc164 PDDescription\" ><dc-con><dc-con><bs-empty><\/bs-empty><\/dc-con><dc-con>        <\/p>\n<div class=\"customDescription\">                    <\/div>\n<p><\/dc-con><dc-con><\/p>\n<p style=\"text-align: justify;\">P\u0159i n\u00e1vrhu r\u00e1mov\u00fdch sprchov\u00fdch z\u00e1st\u011bn SIGMA SIMPLY byl kladen d\u016fraz na eleganci, funk\u010dnost a zejm\u00e9na snadnou a rychlou instalaci. Tenk\u00e9 profily z le\u0161t\u011bn\u00e9ho hlin\u00edku zachov\u00e1vaj\u00ed vzdu\u0161nost a pro pohodln\u00fd \u00fachop navr\u017een\u00e9 kovov\u00e9 madlo v chromu pot\u011b\u0161\u00ed ka\u017ed\u00e9ho p\u0159\u00edznivce modern\u00edho stylu. Pro snadnou \u00fadr\u017ebu u posuvn\u00fdch dve\u0159\u00ed slou\u017e\u00ed spodn\u00ed odklopn\u00fd syst\u00e9m pojezd\u016f, snadnost otev\u00edr\u00e1n\u00ed zaji\u0161\u0165uj\u00ed zdvojen\u00e9 lo\u017eiskov\u00e9 pojezdy.<br \/>K \u010di\u0161t\u011bn\u00ed skel doporu\u010dujeme speci\u00e1ln\u00ed sadu p\u0159\u00edpravk\u016f PRO COMFORT a TOP COMFORT.<\/p>\n<p><strong>Celkov\u00e1 charakteristika sprchov\u00fdch z\u00e1st\u011bn s\u00e9rie SIGMA SIMPLY:<\/strong><\/p>\n<ul>\n<li>Bezpe\u010dnostn\u00ed sklo z\u00e1st\u011bn o s\u00edle 6 mm s povrchovou \u00fapravou COATED GLASS pro snadnou \u00fadr\u017ebu<\/li>\n<li>Na v\u00fdb\u011br 2 druhy sklen\u011bn\u00fdch v\u00fdpln\u00ed: \u010dir\u00e9 sklo a Brick sklo<\/li>\n<li>Zdvojen\u00e9 lo\u017eiskov\u00e9 pojezdy, spodn\u00ed v\u00fdklopn\u00e9 pro pohodln\u00e9 \u010di\u0161t\u011bn\u00ed<\/li>\n<li>Profily z le\u0161t\u011bn\u00e9ho hlin\u00edku<\/li>\n<li>Projmut\u00e9 obl\u00e9 madlo, kter\u00e9 je sou\u010d\u00e1st\u00ed z\u00e1st\u011bn, lze vym\u011bnit za hranat\u00e9 (k dokoupen\u00ed)<\/li>\n<li>Rozst\u0159iku vody zabra\u0148uje svisl\u00e9 silikonov\u00e9 a magnetick\u00e9 t\u011bsn\u011bn\u00ed<\/li>\n<li>\u010ctvrtkruhov\u00e9 z\u00e1st\u011bny a \u010dtvrtkruhov\u00e9 z\u00e1st\u011bny s prodlou\u017eenou st\u011bnou s posuvn\u00fdmi dve\u0159mi<\/li>\n<li>\u010ctvercov\u00e9 a obd\u00e9ln\u00edkov\u00e9 z\u00e1st\u011bny s rohov\u00fdm vstupem vytvo\u0159\u00edte spojen\u00edm dvou posuvn\u00fdch dve\u0159\u00ed pro rohov\u00fd vstup<\/li>\n<li>Kombinac\u00ed bo\u010dn\u00ed st\u011bny a dve\u0159\u00ed z\u00edsk\u00e1te obd\u00e9ln\u00edkovou\/\u010dtvercovou z\u00e1st\u011bnu &#8211; na v\u00fdb\u011br dve\u0159e posuvn\u00e9 a pivotov\u00e9<\/li>\n<li>U pivotov\u00fdch dve\u0159\u00ed je sklo uchyceno v oto\u010dn\u00e9m pivotov\u00e9m pantu, tento mechanismus poskytuje dlouhou \u017eivotnost<\/li>\n<li>Dve\u0159e umo\u017e\u0148uj\u00ed variabiln\u00ed instalaci s lev\u00fdm nebo prav\u00fdm otev\u00edr\u00e1n\u00edm<\/li>\n<li>Snadn\u00e1 a rychl\u00e1 instalace<\/li>\n<li>Mo\u017enost v\u00fdb\u011bru ze 3 typ\u016f madel: nam\u00edsto standardn\u011b dod\u00e1van\u00e9ho obl\u00e9ho lze zakoupit vybranou variantu hranat\u00e9ho&nbsp;<\/li>\n<li>Prodlou\u017een\u00e1 z\u00e1ruka 3 roky<\/li>\n<\/ul>\n<div style=\"float: left; width: 33%; text-align: justify;\"><a href=\"https:\/\/eshop.sapho.cz\/img\/_\/serie.771\/stenovy-profil.jpg\" class=\"fancybox\"><img decoding=\"async\" src=\"https:\/\/eshop.sapho.cz\/img\/_\/serie.771\/stenovy-profil.jpg\" caption=\"false\" width=\"220\" \/><\/a><\/p>\n<div style=\"padding-right: 25px;\">St\u011bnov\u00fd profil poskytuje nastavitelnost a\u017e&nbsp; 20 mm pro vyrovn\u00e1n\u00ed nerovnost\u00ed.<br \/>Snadn\u00e1 fixace z\u00e1st\u011bny ke st\u011bnov\u00e9mu profilu pouze jedn\u00edm vrutem zaji\u0161\u0165uje dostate\u010dnou stabilitu.<\/p>\n<\/div>\n<\/div>\n<div style=\"float: left; width: 33%; text-align: justify;\"><a href=\"https:\/\/eshop.sapho.cz\/img\/_\/serie.771\/pojezdy-2.jpg\" class=\"fancybox\"><img decoding=\"async\" src=\"https:\/\/eshop.sapho.cz\/img\/_\/serie.771\/pojezdy-2.jpg\" caption=\"false\" width=\"220\" \/><\/a><\/p>\n<div style=\"padding-right: 25px;\">Zdvojen\u00e9 lo\u017eiskov\u00e9 pojezdy pro bezprobl\u00e9mov\u00fd chod, spodn\u00ed v\u00fdklopn\u00e9 pro lep\u0161\u00ed p\u0159\u00edstup p\u0159i \u010di\u0161t\u011bn\u00ed.<\/div>\n<\/div>\n<div style=\"float: left; width: 33%; text-align: justify;\"><a href=\"https:\/\/eshop.sapho.cz\/img\/_\/serie.771\/pojezdy.jpg\" class=\"fancybox\"><img decoding=\"async\" src=\"https:\/\/eshop.sapho.cz\/img\/_\/serie.771\/pojezdy.jpg\" caption=\"false\" width=\"220\" \/><\/a><\/p>\n<div style=\"padding-right: 25px;\">P\u0159edinstalovan\u00e9 patky na skle, na kter\u00e9 se pojezdy jen nasunou, zkr\u00e1t\u00ed \u010das instalace.<\/div>\n<\/div>\n<div style=\"clear: both;\"><\/div>\n<div style=\"float: left; width: 33%; text-align: justify;\"><a href=\"https:\/\/eshop.sapho.cz\/img\/_\/serie.771\/madlo.jpg\" class=\"fancybox\"><img decoding=\"async\" src=\"https:\/\/eshop.sapho.cz\/img\/_\/serie.771\/madlo.jpg\" caption=\"false\" width=\"220\" \/><\/a><\/p>\n<div style=\"padding-right: 25px;\">Elegantn\u00ed praktick\u00e9 madlo pro pohodln\u00e9 otev\u00edr\u00e1n\u00ed.<\/div>\n<\/div>\n<div style=\"float: left; width: 33%; text-align: justify;\"><a href=\"https:\/\/eshop.sapho.cz\/img\/_\/serie.771\/pivot-horni.jpg\" class=\"fancybox\"><img decoding=\"async\" src=\"https:\/\/eshop.sapho.cz\/img\/_\/serie.771\/pivot-horni.jpg\" caption=\"false\" width=\"220\" \/><\/a><\/p>\n<div style=\"padding-right: 25px;\">U pivotov\u00fdch dve\u0159\u00ed je sklo uchyceno v oto\u010dn\u00e9m pivotov\u00e9m pantu.<\/div>\n<\/div>\n<div style=\"float: left; width: 33%; text-align: justify;\"><a href=\"https:\/\/eshop.sapho.cz\/img\/_\/serie.771\/pivot-spodni.jpg\" class=\"fancybox\"><img decoding=\"async\" src=\"https:\/\/eshop.sapho.cz\/img\/_\/serie.771\/pivot-spodni.jpg\" caption=\"false\" width=\"220\" \/><\/a><\/p>\n<div style=\"padding-right: 25px;\">Pivot = mechanismus s dlouhou \u017eivotnost\u00ed.<\/div>\n<\/div>\n<div style=\"clear: both;\"><\/div>\n<h2 class=\"props-title\">Vlastnosti<\/h2>\n<table>\n<tr>\n<th>Zna\u010dka<\/th>\n<td>GELCO<\/td>\n<\/tr>\n<tr>\n<th>S\u00e9rie<\/th>\n<td>SIGMA SIMPLY<\/td>\n<\/tr>\n<tr>\n<th>3D model<\/th>\n<td>ANO<\/td>\n<\/tr>\n<tr>\n<th>\u0160\u00ed\u0159ka<\/th>\n<td>750&nbsp;mm<\/td>\n<\/tr>\n<tr>\n<th>V\u00fd\u0161ka<\/th>\n<td>1900&nbsp;mm<\/td>\n<\/tr>\n<tr>\n<th>Barva profilu<\/th>\n<td>Chrom &#8211; Le\u0161t\u011bn\u00fd hlin\u00edk<\/td>\n<\/tr>\n<tr>\n<th>Tvar<\/th>\n<td>Pevn\u00e1 st\u011bna ke sprchov\u00fdm dve\u0159\u00edm<\/td>\n<\/tr>\n<tr>\n<th>Typ v\u00fdpln\u011b<\/th>\n<td>\u010cir\u00e9 sklo<\/td>\n<\/tr>\n<tr>\n<th>\u00daprava skla<\/th>\n<td>Coated glass<\/td>\n<\/tr>\n<tr>\n<th>Tlou\u0161\u0165ka skla<\/th>\n<td>6&nbsp;mm<\/td>\n<\/tr>\n<tr>\n<th>Hmotnost \/ ks<\/th>\n<td>26.5000&nbsp;kg<\/td>\n<\/tr>\n<tr>\n<th>Balen\u00ed<\/th>\n<td>1&nbsp;ks<\/td>\n<\/tr>\n<tr>\n<th>EAN<\/th>\n<td>8590913879777<\/td>\n<\/tr>\n<tr>\n<th>Taric<\/th>\n<td>70200080<\/td>\n<\/tr>\n<tr>\n<th>Z\u00e1ruka<\/th>\n<td>3 roky<\/td>\n<\/tr>\n<\/table>\n<div class=\"product-explanation-item\">\n<h3><span><strong>Coated glass<\/strong><\/span><\/h3>\n<p style=\"text-align: justify;\">Coated glass p\u0159edstavuje jednu z nejkvalitn\u011bj\u0161\u00edch \u00faprav skla sprchov\u00fdch kout\u016f. Jedn\u00e1 se o chemickou slou\u010deninu sm\u011bsi polymer\u016f, kter\u00e1 ve spojen\u00ed s katalyz\u00e1tory reaguje s k\u0159emi\u010ditanov\u00fdmi skupinami obsa\u017een\u00fdmi ve skle. Na sklen\u011bn\u00fdch ploch\u00e1ch tak vytv\u00e1\u0159\u00ed souvislou vrstvu filmu, kter\u00e1 vypln\u00ed mikrop\u00f3ry ve skle a odpuzuje vodu. Vlivem vod\u011bodpudiv\u00e9ho filmu se kapky vody shlukuj\u00ed a st\u00e9kaj\u00ed z povrchu skla. I kdy\u017e dojde k nepatrn\u00e9mu udr\u017een\u00ed men\u0161\u00edch kapek na skle, nedojde k chemick\u00e9 vazb\u011b, sklo nebude naru\u0161eno a neze\u0161edne.<\/p>\n<\/div>\n<h2 class=\"props-title\">Videa<\/h2>\n<p><a target=\"_blank\"  href=\"https:\/\/ubc.k2.cz\/K2FTPdata\/UBC\/video\/produkt\/gelco-sigma-simply-navod-posuvne-dvere-bocni-stena.mp4\">https:\/\/ubc.k2.cz\/K2FTPdata\/UBC\/video\/produkt\/gelco-sigma-simply-navod-posuvne-dvere-bocni-stena.mp4<\/a><br \/><\/dc-con><\/dc-con><\/div>\n<\/p><\/div>\n<div id=\"PDTable3\" class=\"ProductDetailTableView v3a v3 bs-view dcon dc185 PDTable3\" >\n<table>\n<thead><\/thead>\n<tbody>\n<tr class=\"attribute attr_typskla\">\n<td class=\"caption\">Typ skla<\/td>\n<td class=\"value\">Transparent<\/td>\n<\/tr>\n<tr class=\"attribute attr_bsshop_maker\">\n<td class=\"caption\">V\u00fdrobce<\/td>\n<td class=\"value\">Gelco<\/td>\n<\/tr>\n<tr class=\"attribute attr_sirka\">\n<td class=\"caption\">\u0160\u00ed\u0159ka v mm<\/td>\n<td class=\"value\">790<\/td>\n<\/tr>\n<tr class=\"attribute attr_Vyska\">\n<td class=\"caption\">V\u00fd\u0161ka v mm<\/td>\n<td class=\"value\">1970<\/td>\n<\/tr>\n<tr class=\"weight\">\n<td class=\"caption\"><span>Hmotnost<\/span><\/td>\n<td class=\"value\"><span>26,50 kg<\/span><\/td>\n<\/tr>\n<\/tbody>\n<\/table>\n<\/div>\n<div id=\"ProductMedia\" class=\"ProductMediaView MediaViewBase v1a v1 bs-view dcon dc409 ProductMedia\" ><bs-empty><\/bs-empty><\/p>\n<div class=\"files\">\n<div class=\"title sub\">Soubory<\/div>\n<p><a href=\"\/media\/21135\/39819-sm-0005-return-panel-re-230626a.pdf?&amp;key=ZGpmIyQwNUZfMjExMzU=\" class=\"pdf\">Dokumenty &#8211; N&#225;vod_priloha_1<\/a><a href=\"\/media\/21136\/39819-sigma-simply-bocni-stena.PDF?&amp;key=ZGpmIyQwNUZfMjExMzY=\" class=\"PDF\">Dokumenty &#8211; Rozpis n&#225;hradn&#237;ch d&#237;l\u016f_priloha_0<\/a><a href=\"\/media\/50297\/39819-gs3175.dwg?&amp;key=ZGpmIyQwNUZfNTAyOTc=\" class=\"dwg\">Dokumenty &#8211; 3D modely_priloha_3<\/a><a href=\"\/media\/50298\/39819-gs3175.dxf?&amp;key=ZGpmIyQwNUZfNTAyOTg=\" class=\"dxf\">Dokumenty &#8211; 3D modely_priloha_4<\/a><a href=\"\/media\/50299\/39819-gs3175.3ds?&amp;key=ZGpmIyQwNUZfNTAyOTk=\" class=\"3ds\">Dokumenty &#8211; 3D modely_priloha_2<\/a><\/div>\n<p><bs-empty><\/bs-empty><\/div>\n<\/div>\n<div id=\"e9493297\" class=\"tabs\">\n","protected":false},"excerpt":{"rendered":"<p>P\u0159i n\u00e1vrhu r\u00e1mov\u00fdch sprchov\u00fdch z\u00e1st\u011bn SIGMA SIMPLY byl kladen d\u016fraz na eleganci, funk\u010dnost a zejm\u00e9na snadnou a rychlou instalaci. Tenk\u00e9 profily z le\u0161t\u011bn\u00e9ho hlin\u00edku zachov\u00e1vaj\u00ed vzdu\u0161nost a pro pohodln\u00fd \u00fachop navr\u017een\u00e9 kovov\u00e9 madlo v chromu pot\u011b\u0161\u00ed ka\u017ed\u00e9ho p\u0159\u00edznivce modern\u00edho stylu. Pro snadnou \u00fadr\u017ebu u posuvn\u00fdch dve\u0159\u00ed slou\u017e\u00ed spodn\u00ed odklopn\u00fd syst\u00e9m pojezd\u016f, snadnost otev\u00edr\u00e1n\u00ed zaji\u0161\u0165uj\u00ed zdvojen\u00e9 [&hellip;]<\/p>\n","protected":false},"featured_media":42856,"comment_status":"open","ping_status":"open","template":"","meta":[],"product_brand":[],"product_cat":[61],"product_tag":[],"class_list":{"0":"post-42756","1":"product","2":"type-product","3":"status-publish","4":"has-post-thumbnail","6":"product_cat-vybaven-237-koupelny","8":"first","9":"instock","10":"sale","11":"shipping-taxable","12":"purchasable","13":"product-type-simple"},"yoast_head":"<!-- This site is optimized with the Yoast SEO plugin v26.8 - https:\/\/yoast.com\/product\/yoast-seo-wordpress\/ -->\n<title>Akce GELCO SIGMA SIMPLY bo\u010dn\u00ed st\u011bna 750 mm, \u010dir\u00e9 sklo -<\/title>\n<meta name=\"robots\" content=\"index, follow, max-snippet:-1, max-image-preview:large, max-video-preview:-1\" \/>\n<link rel=\"canonical\" href=\"https:\/\/www.domstavpro.com\/index.php\/produkt\/akce-gelco-sigma-simply-bocni-stena-750-mm-cire-sklo-42756\/\" \/>\n<meta property=\"og:locale\" content=\"cs_CZ\" \/>\n<meta property=\"og:type\" content=\"article\" \/>\n<meta property=\"og:title\" content=\"Akce GELCO SIGMA SIMPLY bo\u010dn\u00ed st\u011bna 750 mm, \u010dir\u00e9 sklo -\" \/>\n<meta property=\"og:description\" content=\"P\u0159i n\u00e1vrhu r\u00e1mov\u00fdch sprchov\u00fdch z\u00e1st\u011bn SIGMA SIMPLY byl kladen d\u016fraz na eleganci, funk\u010dnost a zejm\u00e9na snadnou a rychlou instalaci. Tenk\u00e9 profily z le\u0161t\u011bn\u00e9ho hlin\u00edku zachov\u00e1vaj\u00ed vzdu\u0161nost a pro pohodln\u00fd \u00fachop navr\u017een\u00e9 kovov\u00e9 madlo v chromu pot\u011b\u0161\u00ed ka\u017ed\u00e9ho p\u0159\u00edznivce modern\u00edho stylu. Pro snadnou \u00fadr\u017ebu u posuvn\u00fdch dve\u0159\u00ed slou\u017e\u00ed spodn\u00ed odklopn\u00fd syst\u00e9m pojezd\u016f, snadnost otev\u00edr\u00e1n\u00ed zaji\u0161\u0165uj\u00ed zdvojen\u00e9 [&hellip;]\" \/>\n<meta property=\"og:url\" content=\"https:\/\/www.domstavpro.com\/index.php\/produkt\/akce-gelco-sigma-simply-bocni-stena-750-mm-cire-sklo-42756\/\" \/>\n<meta property=\"og:image\" content=\"https:\/\/www.domstavpro.com\/wp-content\/uploads\/2026\/SK0029896-CZ20260425-093449-0-1777080896-gelco-sigma-simply-bocni-stena-750-mm-cire-sklo.webp\" \/>\n\t<meta property=\"og:image:width\" content=\"1000\" \/>\n\t<meta property=\"og:image:height\" content=\"525\" \/>\n\t<meta property=\"og:image:type\" content=\"image\/webp\" \/>\n<meta name=\"twitter:card\" content=\"summary_large_image\" \/>\n<meta name=\"twitter:label1\" content=\"Odhadovan\u00e1 doba \u010dten\u00ed\" \/>\n\t<meta name=\"twitter:data1\" content=\"3 minuty\" \/>\n<script type=\"application\/ld+json\" class=\"yoast-schema-graph\">{\"@context\":\"https:\/\/schema.org\",\"@graph\":[{\"@type\":\"WebPage\",\"@id\":\"https:\/\/www.domstavpro.com\/index.php\/produkt\/akce-gelco-sigma-simply-bocni-stena-750-mm-cire-sklo-42756\/\",\"url\":\"https:\/\/www.domstavpro.com\/index.php\/produkt\/akce-gelco-sigma-simply-bocni-stena-750-mm-cire-sklo-42756\/\",\"name\":\"Akce GELCO SIGMA SIMPLY bo\u010dn\u00ed st\u011bna 750 mm, \u010dir\u00e9 sklo -\",\"isPartOf\":{\"@id\":\"https:\/\/www.domstavpro.com\/#website\"},\"primaryImageOfPage\":{\"@id\":\"https:\/\/www.domstavpro.com\/index.php\/produkt\/akce-gelco-sigma-simply-bocni-stena-750-mm-cire-sklo-42756\/#primaryimage\"},\"image\":{\"@id\":\"https:\/\/www.domstavpro.com\/index.php\/produkt\/akce-gelco-sigma-simply-bocni-stena-750-mm-cire-sklo-42756\/#primaryimage\"},\"thumbnailUrl\":\"https:\/\/www.domstavpro.com\/wp-content\/uploads\/2026\/SK0029896-CZ20260425-093449-0-1777080896-gelco-sigma-simply-bocni-stena-750-mm-cire-sklo.webp\",\"datePublished\":\"2026-04-27T15:09:35+00:00\",\"breadcrumb\":{\"@id\":\"https:\/\/www.domstavpro.com\/index.php\/produkt\/akce-gelco-sigma-simply-bocni-stena-750-mm-cire-sklo-42756\/#breadcrumb\"},\"inLanguage\":\"cs\",\"potentialAction\":[{\"@type\":\"ReadAction\",\"target\":[\"https:\/\/www.domstavpro.com\/index.php\/produkt\/akce-gelco-sigma-simply-bocni-stena-750-mm-cire-sklo-42756\/\"]}]},{\"@type\":\"ImageObject\",\"inLanguage\":\"cs\",\"@id\":\"https:\/\/www.domstavpro.com\/index.php\/produkt\/akce-gelco-sigma-simply-bocni-stena-750-mm-cire-sklo-42756\/#primaryimage\",\"url\":\"https:\/\/www.domstavpro.com\/wp-content\/uploads\/2026\/SK0029896-CZ20260425-093449-0-1777080896-gelco-sigma-simply-bocni-stena-750-mm-cire-sklo.webp\",\"contentUrl\":\"https:\/\/www.domstavpro.com\/wp-content\/uploads\/2026\/SK0029896-CZ20260425-093449-0-1777080896-gelco-sigma-simply-bocni-stena-750-mm-cire-sklo.webp\",\"width\":1000,\"height\":525},{\"@type\":\"BreadcrumbList\",\"@id\":\"https:\/\/www.domstavpro.com\/index.php\/produkt\/akce-gelco-sigma-simply-bocni-stena-750-mm-cire-sklo-42756\/#breadcrumb\",\"itemListElement\":[{\"@type\":\"ListItem\",\"position\":1,\"name\":\"Home\",\"item\":\"https:\/\/www.domstavpro.com\/\"},{\"@type\":\"ListItem\",\"position\":2,\"name\":\"Products\",\"item\":\"https:\/\/www.domstavpro.com\/index.php\/products\/\"},{\"@type\":\"ListItem\",\"position\":3,\"name\":\"Akce GELCO SIGMA SIMPLY bo\u010dn\u00ed st\u011bna 750 mm, \u010dir\u00e9 sklo\"}]},{\"@type\":\"WebSite\",\"@id\":\"https:\/\/www.domstavpro.com\/#website\",\"url\":\"https:\/\/www.domstavpro.com\/\",\"name\":\"\",\"description\":\"\",\"potentialAction\":[{\"@type\":\"SearchAction\",\"target\":{\"@type\":\"EntryPoint\",\"urlTemplate\":\"https:\/\/www.domstavpro.com\/?s={search_term_string}\"},\"query-input\":{\"@type\":\"PropertyValueSpecification\",\"valueRequired\":true,\"valueName\":\"search_term_string\"}}],\"inLanguage\":\"cs\"}]}<\/script>\n<!-- \/ Yoast SEO plugin. -->","yoast_head_json":{"title":"Akce GELCO SIGMA SIMPLY bo\u010dn\u00ed st\u011bna 750 mm, \u010dir\u00e9 sklo -","robots":{"index":"index","follow":"follow","max-snippet":"max-snippet:-1","max-image-preview":"max-image-preview:large","max-video-preview":"max-video-preview:-1"},"canonical":"https:\/\/www.domstavpro.com\/index.php\/produkt\/akce-gelco-sigma-simply-bocni-stena-750-mm-cire-sklo-42756\/","og_locale":"cs_CZ","og_type":"article","og_title":"Akce GELCO SIGMA SIMPLY bo\u010dn\u00ed st\u011bna 750 mm, \u010dir\u00e9 sklo -","og_description":"P\u0159i n\u00e1vrhu r\u00e1mov\u00fdch sprchov\u00fdch z\u00e1st\u011bn SIGMA SIMPLY byl kladen d\u016fraz na eleganci, funk\u010dnost a zejm\u00e9na snadnou a rychlou instalaci. Tenk\u00e9 profily z le\u0161t\u011bn\u00e9ho hlin\u00edku zachov\u00e1vaj\u00ed vzdu\u0161nost a pro pohodln\u00fd \u00fachop navr\u017een\u00e9 kovov\u00e9 madlo v chromu pot\u011b\u0161\u00ed ka\u017ed\u00e9ho p\u0159\u00edznivce modern\u00edho stylu. Pro snadnou \u00fadr\u017ebu u posuvn\u00fdch dve\u0159\u00ed slou\u017e\u00ed spodn\u00ed odklopn\u00fd syst\u00e9m pojezd\u016f, snadnost otev\u00edr\u00e1n\u00ed zaji\u0161\u0165uj\u00ed zdvojen\u00e9 [&hellip;]","og_url":"https:\/\/www.domstavpro.com\/index.php\/produkt\/akce-gelco-sigma-simply-bocni-stena-750-mm-cire-sklo-42756\/","og_image":[{"width":1000,"height":525,"url":"https:\/\/www.domstavpro.com\/wp-content\/uploads\/2026\/SK0029896-CZ20260425-093449-0-1777080896-gelco-sigma-simply-bocni-stena-750-mm-cire-sklo.webp","type":"image\/webp"}],"twitter_card":"summary_large_image","twitter_misc":{"Odhadovan\u00e1 doba \u010dten\u00ed":"3 minuty"},"schema":{"@context":"https:\/\/schema.org","@graph":[{"@type":"WebPage","@id":"https:\/\/www.domstavpro.com\/index.php\/produkt\/akce-gelco-sigma-simply-bocni-stena-750-mm-cire-sklo-42756\/","url":"https:\/\/www.domstavpro.com\/index.php\/produkt\/akce-gelco-sigma-simply-bocni-stena-750-mm-cire-sklo-42756\/","name":"Akce GELCO SIGMA SIMPLY bo\u010dn\u00ed st\u011bna 750 mm, \u010dir\u00e9 sklo -","isPartOf":{"@id":"https:\/\/www.domstavpro.com\/#website"},"primaryImageOfPage":{"@id":"https:\/\/www.domstavpro.com\/index.php\/produkt\/akce-gelco-sigma-simply-bocni-stena-750-mm-cire-sklo-42756\/#primaryimage"},"image":{"@id":"https:\/\/www.domstavpro.com\/index.php\/produkt\/akce-gelco-sigma-simply-bocni-stena-750-mm-cire-sklo-42756\/#primaryimage"},"thumbnailUrl":"https:\/\/www.domstavpro.com\/wp-content\/uploads\/2026\/SK0029896-CZ20260425-093449-0-1777080896-gelco-sigma-simply-bocni-stena-750-mm-cire-sklo.webp","datePublished":"2026-04-27T15:09:35+00:00","breadcrumb":{"@id":"https:\/\/www.domstavpro.com\/index.php\/produkt\/akce-gelco-sigma-simply-bocni-stena-750-mm-cire-sklo-42756\/#breadcrumb"},"inLanguage":"cs","potentialAction":[{"@type":"ReadAction","target":["https:\/\/www.domstavpro.com\/index.php\/produkt\/akce-gelco-sigma-simply-bocni-stena-750-mm-cire-sklo-42756\/"]}]},{"@type":"ImageObject","inLanguage":"cs","@id":"https:\/\/www.domstavpro.com\/index.php\/produkt\/akce-gelco-sigma-simply-bocni-stena-750-mm-cire-sklo-42756\/#primaryimage","url":"https:\/\/www.domstavpro.com\/wp-content\/uploads\/2026\/SK0029896-CZ20260425-093449-0-1777080896-gelco-sigma-simply-bocni-stena-750-mm-cire-sklo.webp","contentUrl":"https:\/\/www.domstavpro.com\/wp-content\/uploads\/2026\/SK0029896-CZ20260425-093449-0-1777080896-gelco-sigma-simply-bocni-stena-750-mm-cire-sklo.webp","width":1000,"height":525},{"@type":"BreadcrumbList","@id":"https:\/\/www.domstavpro.com\/index.php\/produkt\/akce-gelco-sigma-simply-bocni-stena-750-mm-cire-sklo-42756\/#breadcrumb","itemListElement":[{"@type":"ListItem","position":1,"name":"Home","item":"https:\/\/www.domstavpro.com\/"},{"@type":"ListItem","position":2,"name":"Products","item":"https:\/\/www.domstavpro.com\/index.php\/products\/"},{"@type":"ListItem","position":3,"name":"Akce GELCO SIGMA SIMPLY bo\u010dn\u00ed st\u011bna 750 mm, \u010dir\u00e9 sklo"}]},{"@type":"WebSite","@id":"https:\/\/www.domstavpro.com\/#website","url":"https:\/\/www.domstavpro.com\/","name":"","description":"","potentialAction":[{"@type":"SearchAction","target":{"@type":"EntryPoint","urlTemplate":"https:\/\/www.domstavpro.com\/?s={search_term_string}"},"query-input":{"@type":"PropertyValueSpecification","valueRequired":true,"valueName":"search_term_string"}}],"inLanguage":"cs"}]}},"_links":{"self":[{"href":"https:\/\/www.domstavpro.com\/index.php\/wp-json\/wp\/v2\/product\/42756","targetHints":{"allow":["GET"]}}],"collection":[{"href":"https:\/\/www.domstavpro.com\/index.php\/wp-json\/wp\/v2\/product"}],"about":[{"href":"https:\/\/www.domstavpro.com\/index.php\/wp-json\/wp\/v2\/types\/product"}],"replies":[{"embeddable":true,"href":"https:\/\/www.domstavpro.com\/index.php\/wp-json\/wp\/v2\/comments?post=42756"}],"wp:featuredmedia":[{"embeddable":true,"href":"https:\/\/www.domstavpro.com\/index.php\/wp-json\/wp\/v2\/media\/42856"}],"wp:attachment":[{"href":"https:\/\/www.domstavpro.com\/index.php\/wp-json\/wp\/v2\/media?parent=42756"}],"wp:term":[{"taxonomy":"product_brand","embeddable":true,"href":"https:\/\/www.domstavpro.com\/index.php\/wp-json\/wp\/v2\/product_brand?post=42756"},{"taxonomy":"product_cat","embeddable":true,"href":"https:\/\/www.domstavpro.com\/index.php\/wp-json\/wp\/v2\/product_cat?post=42756"},{"taxonomy":"product_tag","embeddable":true,"href":"https:\/\/www.domstavpro.com\/index.php\/wp-json\/wp\/v2\/product_tag?post=42756"}],"curies":[{"name":"wp","href":"https:\/\/api.w.org\/{rel}","templated":true}]}}