{"id":42710,"date":"2026-04-27T15:09:35","date_gmt":"2026-04-27T15:09:35","guid":{"rendered":""},"modified":"2026-04-27T15:09:35","modified_gmt":"2026-04-27T15:09:35","slug":"akce-gelco-dragon-bocni-stena-700mm-cire-sklo-42710","status":"publish","type":"product","link":"https:\/\/www.domstavpro.com\/index.php\/produkt\/akce-gelco-dragon-bocni-stena-700mm-cire-sklo-42710\/","title":{"rendered":"Akce GELCO DRAGON bo\u010dn\u00ed st\u011bna 700mm, \u010dir\u00e9 sklo"},"content":{"rendered":"<div id=\"e8796703\" class=\"pages\">\n<div>\n<div id=\"PDDescription\" class=\"UserContentView userContent v1a v1 bs-view dcon dc164 PDDescription\" ><dc-con><dc-con><bs-empty><\/bs-empty><\/dc-con><dc-con>        <\/p>\n<div class=\"customDescription\">                    <\/div>\n<p><\/dc-con><dc-con><\/p>\n<p>V\u00fdjime\u010dn\u00e1 s\u00e9rie sprchov\u00fdch z\u00e1st\u011bn pro v\u0161echny generace. \u010cist\u00fd design umocn\u00ed modern\u00ed vzhled Va\u0161\u00ed koupelny.<\/p>\n<p><strong>Charakteristika sprchov\u00fdch z\u00e1st\u011bn s\u00e9rie DRAGON:<\/strong><\/p>\n<ul>\n<li>Masivn\u00ed lo\u017eiskov\u00e1 kola a spodn\u00ed vod\u00edc\u00ed d\u00edl zaru\u010duj\u00ed bezvadn\u00fd chod na mnoho let<\/li>\n<li>Hlin\u00edkov\u00e9 profily ve dvou barevn\u00fdch variant\u00e1ch &#8211; chrom a \u010dern\u00e1 matn\u00e1<\/li>\n<li>Bezpe\u010dnostn\u00ed sklo o s\u00edle 8 mm s oboustrannou povrchovou \u00fapravou COATED GLASS pro snadnou \u00fadr\u017ebu<\/li>\n<li>Rozst\u0159iku vody zabra\u0148uje prahov\u00e1 li\u0161ta a magnetick\u00e9 t\u011bsn\u011bn\u00ed<\/li>\n<li>Dve\u0159e jsou d\u011bleny na \u010d\u00e1st posuvnou a \u010d\u00e1st pevnou<\/li>\n<li>Sklo dve\u0159\u00ed je voln\u011b zav\u011b\u0161en\u00e9 bez spodn\u00edho vod\u00edc\u00edho profilu<\/li>\n<li>Proveden\u00ed je variabiln\u00ed pro instalaci s lev\u00fdm i prav\u00fdm otev\u00edr\u00e1n\u00edm<\/li>\n<li>Pro vy\u0161\u0161\u00ed stabilitu doporu\u010dujeme instalovat z\u00e1st\u011bnu se <strong>vzp\u011brou GDV300\/GDV300B<\/strong><\/li>\n<li>Prodlou\u017een\u00e1 z\u00e1ruka 3 roky<\/li>\n<\/ul>\n<div style=\"float: left; width: 30%; text-align: justify;\"><a href=\"https:\/\/eshop.sapho.cz\/img\/_\/serie.143\/dragon-prahova-lista.jpg\" class=\"fancybox\" rel=\"noopener\" target=\"_blank\"><img decoding=\"async\" src=\"https:\/\/eshop.sapho.cz\/img\/_\/serie.143\/dragon-prahova-lista.jpg\" width=\"200\" height=\"133\" \/><\/a><\/p>\n<div style=\"padding-right: 25px;\">Prahovou li\u0161tu lze p\u0159ilepit k podlaze\/vani\u010dce nebo ji zafixovat pomoc\u00ed p\u0159ilo\u017een\u00fdch vrut\u016f, kter\u00e9 zaslep\u00edte krytkami.<\/div>\n<\/div>\n<div style=\"float: left; width: 30%; text-align: justify;\"><a href=\"https:\/\/eshop.sapho.cz\/img\/_\/serie.143\/dragon-vodici-dil.jpg\" class=\"fancybox\" rel=\"noopener\" target=\"_blank\"><img decoding=\"async\" src=\"https:\/\/eshop.sapho.cz\/img\/_\/serie.143\/dragon-vodici-dil.jpg\" width=\"200\" height=\"133\" \/><\/a><\/p>\n<div style=\"padding-right: 25px;\">Dve\u0159e z bezpe\u010dnostn\u00edho skla jsou zav\u011b\u0161eny a jejich pohyb usm\u011br\u0148uje vod\u00edc\u00ed d\u00edl na podlaze. Je tak umo\u017en\u011bn bezbari\u00e9rov\u00fd vstup.<\/div>\n<\/div>\n<div style=\"float: left; width: 30%; text-align: justify;\"><a href=\"https:\/\/eshop.sapho.cz\/img\/_\/serie.143\/dragon-loziskova-kola.jpg\" class=\"fancybox\" rel=\"noopener\" target=\"_blank\"><img decoding=\"async\" src=\"https:\/\/eshop.sapho.cz\/img\/_\/serie.143\/dragon-loziskova-kola.jpg\" width=\"200\" height=\"133\" \/><br \/><\/a><\/p>\n<div style=\"padding-right: 25px;\">Masivn\u00ed lo\u017eiskov\u00e1 kola zaru\u010duj\u00ed bezvadn\u00fd chod z\u00e1st\u011bny na mnoho let.<\/div>\n<\/div>\n<div style=\"clear: both;\"><\/div>\n<p><img loading=\"lazy\" decoding=\"async\" src=\"https:\/\/eshop.sapho.cz\/img\/_\/serie.143\/atyp-zastena.png\" alt=\"\" caption=\"false\" class=\"\" width=\"57\" height=\"57\" \/>&nbsp;Mo\u017enost v\u00fdroby z\u00e1st\u011bn na m\u00edru dle po\u017eadavk\u016f klienta do v\u00fd\u0161ky 2000 mm<\/p>\n<p>&nbsp;<img loading=\"lazy\" decoding=\"async\" src=\"https:\/\/eshop.sapho.cz\/img\/_\/serie.148\/obdelnik_166.jpg\" width=\"166\" height=\"225\" \/><\/p>\n<ul>\n<li>Variabiln\u00ed \u0159e\u0161en\u00ed z\u00e1st\u011bn na m\u00edru<\/li>\n<li>V\u00fd\u0161ka do 2000 mm<\/li>\n<li>Cena je nav\u00fd\u0161ena o 40 % (k typu s nejbli\u017e\u0161\u00edm rozm\u011brem)<\/li>\n<li>ATYPick\u00e9 \u0159e\u0161en\u00ed bude nacen\u011bno a zhotoveno pouze na z\u00e1klad\u011b n\u00e1\u010drtku od z\u00e1kazn\u00edka<\/li>\n<li>U \u010dtvrtkruhov\u00e9 z\u00e1st\u011bny atypick\u00e9 \u0159e\u0161en\u00ed nen\u00ed mo\u017en\u00e9<\/li>\n<li>Pro v\u00edce informac\u00ed kontaktujte na\u0161i podporu<\/li>\n<\/ul>\n<h2 class=\"props-title\">Vlastnosti<\/h2>\n<table>\n<tr>\n<th>Zna\u010dka<\/th>\n<td>GELCO<\/td>\n<\/tr>\n<tr>\n<th>S\u00e9rie<\/th>\n<td>DRAGON<\/td>\n<\/tr>\n<tr>\n<th>3D model<\/th>\n<td>ANO<\/td>\n<\/tr>\n<tr>\n<th>V\u00fd\u0161ka<\/th>\n<td>2000&nbsp;mm<\/td>\n<\/tr>\n<tr>\n<th>Hloubka<\/th>\n<td>700&nbsp;mm<\/td>\n<\/tr>\n<tr>\n<th>Barva profilu<\/th>\n<td>Chrom &#8211; Le\u0161t\u011bn\u00fd hlin\u00edk<\/td>\n<\/tr>\n<tr>\n<th>Tvar<\/th>\n<td>Pevn\u00e1 st\u011bna ke sprchov\u00fdm dve\u0159\u00edm<\/td>\n<\/tr>\n<tr>\n<th>Typ v\u00fdpln\u011b<\/th>\n<td>\u010cir\u00e9 sklo<\/td>\n<\/tr>\n<tr>\n<th>\u00daprava skla<\/th>\n<td>Coated glass<\/td>\n<\/tr>\n<tr>\n<th>Tlou\u0161\u0165ka skla<\/th>\n<td>8&nbsp;mm<\/td>\n<\/tr>\n<tr>\n<th>Hmotnost \/ ks<\/th>\n<td>32.0000&nbsp;kg<\/td>\n<\/tr>\n<tr>\n<th>Balen\u00ed<\/th>\n<td>1&nbsp;ks<\/td>\n<\/tr>\n<tr>\n<th>EAN<\/th>\n<td>8590913821240<\/td>\n<\/tr>\n<tr>\n<th>Taric<\/th>\n<td>70200080<\/td>\n<\/tr>\n<tr>\n<th>Z\u00e1ruka<\/th>\n<td>3 roky<\/td>\n<\/tr>\n<\/table>\n<div class=\"product-explanation-item\">\n<h3><span><strong>Coated glass<\/strong><\/span><\/h3>\n<p style=\"text-align: justify;\">Coated glass p\u0159edstavuje jednu z nejkvalitn\u011bj\u0161\u00edch \u00faprav skla sprchov\u00fdch kout\u016f. Jedn\u00e1 se o chemickou slou\u010deninu sm\u011bsi polymer\u016f, kter\u00e1 ve spojen\u00ed s katalyz\u00e1tory reaguje s k\u0159emi\u010ditanov\u00fdmi skupinami obsa\u017een\u00fdmi ve skle. Na sklen\u011bn\u00fdch ploch\u00e1ch tak vytv\u00e1\u0159\u00ed souvislou vrstvu filmu, kter\u00e1 vypln\u00ed mikrop\u00f3ry ve skle a odpuzuje vodu. Vlivem vod\u011bodpudiv\u00e9ho filmu se kapky vody shlukuj\u00ed a st\u00e9kaj\u00ed z povrchu skla. I kdy\u017e dojde k nepatrn\u00e9mu udr\u017een\u00ed men\u0161\u00edch kapek na skle, nedojde k chemick\u00e9 vazb\u011b, sklo nebude naru\u0161eno a neze\u0161edne.<\/p>\n<\/div>\n<p><\/dc-con><\/dc-con><\/div>\n<\/p><\/div>\n<div id=\"PDTable3\" class=\"ProductDetailTableView v3a v3 bs-view dcon dc185 PDTable3\" >\n<table>\n<thead><\/thead>\n<tbody>\n<tr class=\"attribute attr_typskla\">\n<td class=\"caption\">Typ skla<\/td>\n<td class=\"value\">Transparent<\/td>\n<\/tr>\n<tr class=\"attribute attr_bsshop_maker\">\n<td class=\"caption\">V\u00fdrobce<\/td>\n<td class=\"value\">Gelco<\/td>\n<\/tr>\n<tr class=\"attribute attr_sirka\">\n<td class=\"caption\">\u0160\u00ed\u0159ka v mm<\/td>\n<td class=\"value\">770<\/td>\n<\/tr>\n<tr class=\"attribute attr_Vyska\">\n<td class=\"caption\">V\u00fd\u0161ka v mm<\/td>\n<td class=\"value\">2080<\/td>\n<\/tr>\n<tr class=\"weight\">\n<td class=\"caption\"><span>Hmotnost<\/span><\/td>\n<td class=\"value\"><span>32,00 kg<\/span><\/td>\n<\/tr>\n<\/tbody>\n<\/table>\n<\/div>\n<div id=\"ProductMedia\" class=\"ProductMediaView MediaViewBase v1a v1 bs-view dcon dc409 ProductMedia\" ><bs-empty><\/bs-empty><\/p>\n<div class=\"files\">\n<div class=\"title sub\">Soubory<\/div>\n<p><a href=\"\/media\/47478\/17092-manual-dragon-gd7280-2025-9-5.pdf?&amp;key=ZGpmIyQwNUZfNDc0Nzg=\" class=\"pdf\">Dokumenty &#8211; N&#225;vod_priloha_0<\/a><a href=\"\/media\/49659\/17092-gd7270.dwg?&amp;key=ZGpmIyQwNUZfNDk2NTk=\" class=\"dwg\">Dokumenty &#8211; 3D modely_priloha_2<\/a><a href=\"\/media\/49660\/17092-gd7270.3ds?&amp;key=ZGpmIyQwNUZfNDk2NjA=\" class=\"3ds\">Dokumenty &#8211; 3D modely_priloha_1<\/a><a href=\"\/media\/49661\/17092-gd7270.dxf?&amp;key=ZGpmIyQwNUZfNDk2NjE=\" class=\"dxf\">Dokumenty &#8211; 3D modely_priloha_3<\/a><\/div>\n<p><bs-empty><\/bs-empty><\/div>\n<\/div>\n<div id=\"e8796704\" class=\"tabs\">\n","protected":false},"excerpt":{"rendered":"<p>V\u00fdjime\u010dn\u00e1 s\u00e9rie sprchov\u00fdch z\u00e1st\u011bn pro v\u0161echny generace. \u010cist\u00fd design umocn\u00ed modern\u00ed vzhled Va\u0161\u00ed koupelny. Charakteristika sprchov\u00fdch z\u00e1st\u011bn s\u00e9rie DRAGON: Masivn\u00ed lo\u017eiskov\u00e1 kola a spodn\u00ed vod\u00edc\u00ed d\u00edl zaru\u010duj\u00ed bezvadn\u00fd chod na mnoho let Hlin\u00edkov\u00e9 profily ve dvou barevn\u00fdch variant\u00e1ch &#8211; chrom a \u010dern\u00e1 matn\u00e1 Bezpe\u010dnostn\u00ed sklo o s\u00edle 8 mm s oboustrannou povrchovou \u00fapravou COATED GLASS [&hellip;]<\/p>\n","protected":false},"featured_media":42810,"comment_status":"open","ping_status":"open","template":"","meta":[],"product_brand":[],"product_cat":[61],"product_tag":[],"class_list":{"0":"post-42710","1":"product","2":"type-product","3":"status-publish","4":"has-post-thumbnail","6":"product_cat-vybaven-237-koupelny","8":"first","9":"instock","10":"sale","11":"shipping-taxable","12":"purchasable","13":"product-type-simple"},"yoast_head":"<!-- This site is optimized with the Yoast SEO plugin v26.8 - https:\/\/yoast.com\/product\/yoast-seo-wordpress\/ -->\n<title>Akce GELCO DRAGON bo\u010dn\u00ed st\u011bna 700mm, \u010dir\u00e9 sklo -<\/title>\n<meta name=\"robots\" content=\"index, follow, max-snippet:-1, max-image-preview:large, max-video-preview:-1\" \/>\n<link rel=\"canonical\" href=\"https:\/\/www.domstavpro.com\/index.php\/produkt\/akce-gelco-dragon-bocni-stena-700mm-cire-sklo-42710\/\" \/>\n<meta property=\"og:locale\" content=\"cs_CZ\" \/>\n<meta property=\"og:type\" content=\"article\" \/>\n<meta property=\"og:title\" content=\"Akce GELCO DRAGON bo\u010dn\u00ed st\u011bna 700mm, \u010dir\u00e9 sklo -\" \/>\n<meta property=\"og:description\" content=\"V\u00fdjime\u010dn\u00e1 s\u00e9rie sprchov\u00fdch z\u00e1st\u011bn pro v\u0161echny generace. \u010cist\u00fd design umocn\u00ed modern\u00ed vzhled Va\u0161\u00ed koupelny. Charakteristika sprchov\u00fdch z\u00e1st\u011bn s\u00e9rie DRAGON: Masivn\u00ed lo\u017eiskov\u00e1 kola a spodn\u00ed vod\u00edc\u00ed d\u00edl zaru\u010duj\u00ed bezvadn\u00fd chod na mnoho let Hlin\u00edkov\u00e9 profily ve dvou barevn\u00fdch variant\u00e1ch &#8211; chrom a \u010dern\u00e1 matn\u00e1 Bezpe\u010dnostn\u00ed sklo o s\u00edle 8 mm s oboustrannou povrchovou \u00fapravou COATED GLASS [&hellip;]\" \/>\n<meta property=\"og:url\" content=\"https:\/\/www.domstavpro.com\/index.php\/produkt\/akce-gelco-dragon-bocni-stena-700mm-cire-sklo-42710\/\" \/>\n<meta property=\"og:image\" content=\"https:\/\/www.domstavpro.com\/wp-content\/uploads\/2026\/SK0029850-CZ20260425-093449-0-1777080896-gelco-dragon-bocni-stena-700mm-cire-sklo.webp\" \/>\n\t<meta property=\"og:image:width\" content=\"1000\" \/>\n\t<meta property=\"og:image:height\" content=\"525\" \/>\n\t<meta property=\"og:image:type\" content=\"image\/webp\" \/>\n<meta name=\"twitter:card\" content=\"summary_large_image\" \/>\n<meta name=\"twitter:label1\" content=\"Odhadovan\u00e1 doba \u010dten\u00ed\" \/>\n\t<meta name=\"twitter:data1\" content=\"2 minuty\" \/>\n<script type=\"application\/ld+json\" class=\"yoast-schema-graph\">{\"@context\":\"https:\/\/schema.org\",\"@graph\":[{\"@type\":\"WebPage\",\"@id\":\"https:\/\/www.domstavpro.com\/index.php\/produkt\/akce-gelco-dragon-bocni-stena-700mm-cire-sklo-42710\/\",\"url\":\"https:\/\/www.domstavpro.com\/index.php\/produkt\/akce-gelco-dragon-bocni-stena-700mm-cire-sklo-42710\/\",\"name\":\"Akce GELCO DRAGON bo\u010dn\u00ed st\u011bna 700mm, \u010dir\u00e9 sklo -\",\"isPartOf\":{\"@id\":\"https:\/\/www.domstavpro.com\/#website\"},\"primaryImageOfPage\":{\"@id\":\"https:\/\/www.domstavpro.com\/index.php\/produkt\/akce-gelco-dragon-bocni-stena-700mm-cire-sklo-42710\/#primaryimage\"},\"image\":{\"@id\":\"https:\/\/www.domstavpro.com\/index.php\/produkt\/akce-gelco-dragon-bocni-stena-700mm-cire-sklo-42710\/#primaryimage\"},\"thumbnailUrl\":\"https:\/\/www.domstavpro.com\/wp-content\/uploads\/2026\/SK0029850-CZ20260425-093449-0-1777080896-gelco-dragon-bocni-stena-700mm-cire-sklo.webp\",\"datePublished\":\"2026-04-27T15:09:35+00:00\",\"breadcrumb\":{\"@id\":\"https:\/\/www.domstavpro.com\/index.php\/produkt\/akce-gelco-dragon-bocni-stena-700mm-cire-sklo-42710\/#breadcrumb\"},\"inLanguage\":\"cs\",\"potentialAction\":[{\"@type\":\"ReadAction\",\"target\":[\"https:\/\/www.domstavpro.com\/index.php\/produkt\/akce-gelco-dragon-bocni-stena-700mm-cire-sklo-42710\/\"]}]},{\"@type\":\"ImageObject\",\"inLanguage\":\"cs\",\"@id\":\"https:\/\/www.domstavpro.com\/index.php\/produkt\/akce-gelco-dragon-bocni-stena-700mm-cire-sklo-42710\/#primaryimage\",\"url\":\"https:\/\/www.domstavpro.com\/wp-content\/uploads\/2026\/SK0029850-CZ20260425-093449-0-1777080896-gelco-dragon-bocni-stena-700mm-cire-sklo.webp\",\"contentUrl\":\"https:\/\/www.domstavpro.com\/wp-content\/uploads\/2026\/SK0029850-CZ20260425-093449-0-1777080896-gelco-dragon-bocni-stena-700mm-cire-sklo.webp\",\"width\":1000,\"height\":525},{\"@type\":\"BreadcrumbList\",\"@id\":\"https:\/\/www.domstavpro.com\/index.php\/produkt\/akce-gelco-dragon-bocni-stena-700mm-cire-sklo-42710\/#breadcrumb\",\"itemListElement\":[{\"@type\":\"ListItem\",\"position\":1,\"name\":\"Home\",\"item\":\"https:\/\/www.domstavpro.com\/\"},{\"@type\":\"ListItem\",\"position\":2,\"name\":\"Products\",\"item\":\"https:\/\/www.domstavpro.com\/index.php\/products\/\"},{\"@type\":\"ListItem\",\"position\":3,\"name\":\"Akce GELCO DRAGON bo\u010dn\u00ed st\u011bna 700mm, \u010dir\u00e9 sklo\"}]},{\"@type\":\"WebSite\",\"@id\":\"https:\/\/www.domstavpro.com\/#website\",\"url\":\"https:\/\/www.domstavpro.com\/\",\"name\":\"\",\"description\":\"\",\"potentialAction\":[{\"@type\":\"SearchAction\",\"target\":{\"@type\":\"EntryPoint\",\"urlTemplate\":\"https:\/\/www.domstavpro.com\/?s={search_term_string}\"},\"query-input\":{\"@type\":\"PropertyValueSpecification\",\"valueRequired\":true,\"valueName\":\"search_term_string\"}}],\"inLanguage\":\"cs\"}]}<\/script>\n<!-- \/ Yoast SEO plugin. -->","yoast_head_json":{"title":"Akce GELCO DRAGON bo\u010dn\u00ed st\u011bna 700mm, \u010dir\u00e9 sklo -","robots":{"index":"index","follow":"follow","max-snippet":"max-snippet:-1","max-image-preview":"max-image-preview:large","max-video-preview":"max-video-preview:-1"},"canonical":"https:\/\/www.domstavpro.com\/index.php\/produkt\/akce-gelco-dragon-bocni-stena-700mm-cire-sklo-42710\/","og_locale":"cs_CZ","og_type":"article","og_title":"Akce GELCO DRAGON bo\u010dn\u00ed st\u011bna 700mm, \u010dir\u00e9 sklo -","og_description":"V\u00fdjime\u010dn\u00e1 s\u00e9rie sprchov\u00fdch z\u00e1st\u011bn pro v\u0161echny generace. \u010cist\u00fd design umocn\u00ed modern\u00ed vzhled Va\u0161\u00ed koupelny. Charakteristika sprchov\u00fdch z\u00e1st\u011bn s\u00e9rie DRAGON: Masivn\u00ed lo\u017eiskov\u00e1 kola a spodn\u00ed vod\u00edc\u00ed d\u00edl zaru\u010duj\u00ed bezvadn\u00fd chod na mnoho let Hlin\u00edkov\u00e9 profily ve dvou barevn\u00fdch variant\u00e1ch &#8211; chrom a \u010dern\u00e1 matn\u00e1 Bezpe\u010dnostn\u00ed sklo o s\u00edle 8 mm s oboustrannou povrchovou \u00fapravou COATED GLASS [&hellip;]","og_url":"https:\/\/www.domstavpro.com\/index.php\/produkt\/akce-gelco-dragon-bocni-stena-700mm-cire-sklo-42710\/","og_image":[{"width":1000,"height":525,"url":"https:\/\/www.domstavpro.com\/wp-content\/uploads\/2026\/SK0029850-CZ20260425-093449-0-1777080896-gelco-dragon-bocni-stena-700mm-cire-sklo.webp","type":"image\/webp"}],"twitter_card":"summary_large_image","twitter_misc":{"Odhadovan\u00e1 doba \u010dten\u00ed":"2 minuty"},"schema":{"@context":"https:\/\/schema.org","@graph":[{"@type":"WebPage","@id":"https:\/\/www.domstavpro.com\/index.php\/produkt\/akce-gelco-dragon-bocni-stena-700mm-cire-sklo-42710\/","url":"https:\/\/www.domstavpro.com\/index.php\/produkt\/akce-gelco-dragon-bocni-stena-700mm-cire-sklo-42710\/","name":"Akce GELCO DRAGON bo\u010dn\u00ed st\u011bna 700mm, \u010dir\u00e9 sklo -","isPartOf":{"@id":"https:\/\/www.domstavpro.com\/#website"},"primaryImageOfPage":{"@id":"https:\/\/www.domstavpro.com\/index.php\/produkt\/akce-gelco-dragon-bocni-stena-700mm-cire-sklo-42710\/#primaryimage"},"image":{"@id":"https:\/\/www.domstavpro.com\/index.php\/produkt\/akce-gelco-dragon-bocni-stena-700mm-cire-sklo-42710\/#primaryimage"},"thumbnailUrl":"https:\/\/www.domstavpro.com\/wp-content\/uploads\/2026\/SK0029850-CZ20260425-093449-0-1777080896-gelco-dragon-bocni-stena-700mm-cire-sklo.webp","datePublished":"2026-04-27T15:09:35+00:00","breadcrumb":{"@id":"https:\/\/www.domstavpro.com\/index.php\/produkt\/akce-gelco-dragon-bocni-stena-700mm-cire-sklo-42710\/#breadcrumb"},"inLanguage":"cs","potentialAction":[{"@type":"ReadAction","target":["https:\/\/www.domstavpro.com\/index.php\/produkt\/akce-gelco-dragon-bocni-stena-700mm-cire-sklo-42710\/"]}]},{"@type":"ImageObject","inLanguage":"cs","@id":"https:\/\/www.domstavpro.com\/index.php\/produkt\/akce-gelco-dragon-bocni-stena-700mm-cire-sklo-42710\/#primaryimage","url":"https:\/\/www.domstavpro.com\/wp-content\/uploads\/2026\/SK0029850-CZ20260425-093449-0-1777080896-gelco-dragon-bocni-stena-700mm-cire-sklo.webp","contentUrl":"https:\/\/www.domstavpro.com\/wp-content\/uploads\/2026\/SK0029850-CZ20260425-093449-0-1777080896-gelco-dragon-bocni-stena-700mm-cire-sklo.webp","width":1000,"height":525},{"@type":"BreadcrumbList","@id":"https:\/\/www.domstavpro.com\/index.php\/produkt\/akce-gelco-dragon-bocni-stena-700mm-cire-sklo-42710\/#breadcrumb","itemListElement":[{"@type":"ListItem","position":1,"name":"Home","item":"https:\/\/www.domstavpro.com\/"},{"@type":"ListItem","position":2,"name":"Products","item":"https:\/\/www.domstavpro.com\/index.php\/products\/"},{"@type":"ListItem","position":3,"name":"Akce GELCO DRAGON bo\u010dn\u00ed st\u011bna 700mm, \u010dir\u00e9 sklo"}]},{"@type":"WebSite","@id":"https:\/\/www.domstavpro.com\/#website","url":"https:\/\/www.domstavpro.com\/","name":"","description":"","potentialAction":[{"@type":"SearchAction","target":{"@type":"EntryPoint","urlTemplate":"https:\/\/www.domstavpro.com\/?s={search_term_string}"},"query-input":{"@type":"PropertyValueSpecification","valueRequired":true,"valueName":"search_term_string"}}],"inLanguage":"cs"}]}},"_links":{"self":[{"href":"https:\/\/www.domstavpro.com\/index.php\/wp-json\/wp\/v2\/product\/42710","targetHints":{"allow":["GET"]}}],"collection":[{"href":"https:\/\/www.domstavpro.com\/index.php\/wp-json\/wp\/v2\/product"}],"about":[{"href":"https:\/\/www.domstavpro.com\/index.php\/wp-json\/wp\/v2\/types\/product"}],"replies":[{"embeddable":true,"href":"https:\/\/www.domstavpro.com\/index.php\/wp-json\/wp\/v2\/comments?post=42710"}],"wp:featuredmedia":[{"embeddable":true,"href":"https:\/\/www.domstavpro.com\/index.php\/wp-json\/wp\/v2\/media\/42810"}],"wp:attachment":[{"href":"https:\/\/www.domstavpro.com\/index.php\/wp-json\/wp\/v2\/media?parent=42710"}],"wp:term":[{"taxonomy":"product_brand","embeddable":true,"href":"https:\/\/www.domstavpro.com\/index.php\/wp-json\/wp\/v2\/product_brand?post=42710"},{"taxonomy":"product_cat","embeddable":true,"href":"https:\/\/www.domstavpro.com\/index.php\/wp-json\/wp\/v2\/product_cat?post=42710"},{"taxonomy":"product_tag","embeddable":true,"href":"https:\/\/www.domstavpro.com\/index.php\/wp-json\/wp\/v2\/product_tag?post=42710"}],"curies":[{"name":"wp","href":"https:\/\/api.w.org\/{rel}","templated":true}]}}