{"id":42577,"date":"2026-04-27T15:09:34","date_gmt":"2026-04-27T15:09:34","guid":{"rendered":""},"modified":"2026-04-27T15:09:34","modified_gmt":"2026-04-27T15:09:34","slug":"akce-aqualine-krokus-nerezovy-podlahovy-zlab-s-rostem-l-960-dn50-42577","status":"publish","type":"product","link":"https:\/\/www.domstavpro.com\/index.php\/produkt\/akce-aqualine-krokus-nerezovy-podlahovy-zlab-s-rostem-l-960-dn50-42577\/","title":{"rendered":"Akce AQUALINE KROKUS nerezov\u00fd podlahov\u00fd \u017elab s ro\u0161tem, L-960, DN50"},"content":{"rendered":"<div id=\"e8779895\" class=\"pages\">\n<div>\n<div id=\"PDDescription\" class=\"UserContentView userContent v1a v1 bs-view dcon dc164 PDDescription\" ><dc-con><dc-con><bs-empty><\/bs-empty><\/dc-con><dc-con>        <\/p>\n<div class=\"customDescription\">                    <\/div>\n<p><\/dc-con><dc-con><\/p>\n<ul>\n<li>Oh\u00fdbateln\u00e9 nohy, lem pro napojen\u00ed hydroizolace   <\/li>\n<li>Odtokov\u00fd pr\u016ftok 48 l\/min\u00a0   <\/li>\n<li>Sifon 2705-FP je sou\u010d\u00e1st\u00ed dod\u00e1vky<\/li>\n<\/ul>\n<p style=\"text-align: justify;\">Odtokov\u00fd \u017elab slou\u017e\u00ed k odvodn\u011bn\u00ed podlahov\u00fdch ploch uvnit\u0159 budov, zejm\u00e9na sprchov\u00fdch kout\u016f a koupelen. Ve sprchov\u00fdch koutech nahrazuje vani\u010dku nebo podlahovou vpus\u0165. Toto \u0159e\u0161en\u00ed umo\u017e\u0148uje neomezenou velikost sprchov\u00e9ho koutu, slad\u011bn\u00fd vzhled koupelny, jedno\u00farov\u0148ovou podlahu v cel\u00e9 koupeln\u011b a mo\u017enost pou\u017eit\u00ed podlahov\u00e9ho vyt\u00e1p\u011bn\u00ed.<\/p>\n<ul>\n<li><span style=\"line-height: 1.5;\">Staviteln\u00e9 nohy: oh\u00fdbateln\u00e9 nohy kan\u00e1lku pomohou usadit kan\u00e1lek do pot\u0159ebn\u00e9 polohy a v\u00fd\u0161ky a v\u00fdrazn\u011b usnadn\u00ed instalaci<\/span><\/li>\n<li><span style=\"line-height: 1.5;\">O 360\u00b0 oto\u010dn\u00fd sifon umo\u017e\u0148uje p\u0159\u00edm\u00e9 napojen\u00ed do odpadn\u00edho potrub\u00ed (bez pou\u017eit\u00ed kolen)<\/span><\/li>\n<li><span style=\"line-height: 1.5;\">Horizont\u00e1ln\u00ed lem pro napojen\u00ed hydroizolace<\/span><\/li>\n<li><span style=\"line-height: 1.5;\">Pr\u016fchoz\u00ed sifon umo\u017e\u0148uje pln\u00fd p\u0159\u00edstup do odpadn\u00edho potrub\u00ed a snadn\u00e9 \u010di\u0161t\u011bn\u00ed a\u017e do stoupa\u010dky<\/span><\/li>\n<li><span style=\"line-height: 1.5;\">\u017dlab je vysp\u00e1dov\u00e1n sm\u011brem k sifonu, d\u00edky \u010demu\u017e nebude po sprchov\u00e1n\u00ed z\u016fst\u00e1vat st\u00e1t voda v kan\u00e1lku&nbsp;<\/span><\/li>\n<li><span style=\"line-height: 1.5;\">Ro\u0161t z le\u0161t\u011bn\u00e9ho nerezu, na kter\u00e9m se nebudou usazovat zbytky vody a ne\u010distot<\/span><\/li>\n<\/ul>\n<h2 class=\"props-title\">Vlastnosti<\/h2>\n<table>\n<tr>\n<th>Zna\u010dka<\/th>\n<td>AQUALINE<\/td>\n<\/tr>\n<tr>\n<th>S\u00e9rie<\/th>\n<td>AQUALINE KAN\u00c1LKY<\/td>\n<\/tr>\n<tr>\n<th>Rozm\u011br<\/th>\n<td>96x14x9,2 cm<\/td>\n<\/tr>\n<tr>\n<th>D\u00e9lka<\/th>\n<td>960&nbsp;mm<\/td>\n<\/tr>\n<tr>\n<th>\u0160\u00ed\u0159ka<\/th>\n<td>140&nbsp;mm<\/td>\n<\/tr>\n<tr>\n<th>V\u00fd\u0161ka<\/th>\n<td>92&nbsp;mm<\/td>\n<\/tr>\n<tr>\n<th>Barva<\/th>\n<td>Nerez<\/td>\n<\/tr>\n<tr>\n<th>Materi\u00e1l<\/th>\n<td>Nerez<\/td>\n<\/tr>\n<tr>\n<th>Instalace<\/th>\n<td>Do prostoru &#8211; ro\u0161t<\/td>\n<\/tr>\n<tr>\n<th>Pr\u016fm\u011br odpadu<\/th>\n<td>50&nbsp;mm<\/td>\n<\/tr>\n<tr>\n<th>D\u00e9lka sprchov\u00e9ho kan\u00e1lku od<\/th>\n<td>960&nbsp;mm<\/td>\n<\/tr>\n<tr>\n<th>D\u00e9lka sprchov\u00e9ho kan\u00e1lku do<\/th>\n<td>960&nbsp;mm<\/td>\n<\/tr>\n<tr>\n<th>Pr\u016ftok<\/th>\n<td>48&nbsp;l\/min<\/td>\n<\/tr>\n<tr>\n<th>Hmotnost \/ ks<\/th>\n<td>2.8000&nbsp;kg<\/td>\n<\/tr>\n<tr>\n<th>Balen\u00ed<\/th>\n<td>1&nbsp;ks<\/td>\n<\/tr>\n<tr>\n<th>EAN<\/th>\n<td>8590913850769<\/td>\n<\/tr>\n<tr>\n<th>Taric<\/th>\n<td>73249000<\/td>\n<\/tr>\n<tr>\n<th>Z\u00e1ruka<\/th>\n<td>2 roky<\/td>\n<\/tr>\n<\/table>\n<p><\/dc-con><\/dc-con><\/div>\n<\/p><\/div>\n<div id=\"PDTable3\" class=\"ProductDetailTableView v3a v3 bs-view dcon dc185 PDTable3\" >\n<table>\n<thead><\/thead>\n<tbody>\n<tr class=\"attribute attr_typ\">\n<td class=\"caption\">Typ<\/td>\n<td class=\"value\">Odtokov\u00e9 \u017elaby<\/td>\n<\/tr>\n<tr class=\"attribute attr_material\">\n<td class=\"caption\">Materi\u00e1l<\/td>\n<td class=\"value\">Nerez<\/td>\n<\/tr>\n<tr class=\"attribute attr_bsshop_maker\">\n<td class=\"caption\">V\u00fdrobce<\/td>\n<td class=\"value\">Aqualine<\/td>\n<\/tr>\n<tr class=\"attribute attr_sirka\">\n<td class=\"caption\">\u0160\u00ed\u0159ka v mm<\/td>\n<td class=\"value\">980<\/td>\n<\/tr>\n<tr class=\"attribute attr_Vyska\">\n<td class=\"caption\">V\u00fd\u0161ka v mm<\/td>\n<td class=\"value\">70<\/td>\n<\/tr>\n<tr class=\"weight\">\n<td class=\"caption\"><span>Hmotnost<\/span><\/td>\n<td class=\"value\"><span>2,80 kg<\/span><\/td>\n<\/tr>\n<\/tbody>\n<\/table>\n<\/div>\n<div id=\"ProductMedia\" class=\"ProductMediaView MediaViewBase v1a v1 bs-view dcon dc409 ProductMedia\" ><bs-empty><\/bs-empty><\/p>\n<div class=\"files\">\n<div class=\"title sub\">Soubory<\/div>\n<p><a href=\"\/media\/19463\/29804-navod.PDF?&amp;key=ZGpmIyQwNUZfMTk0NjM=\" class=\"PDF\">Dokumenty &#8211; N&#225;vod_priloha_0<\/a><\/div>\n<p><bs-empty><\/bs-empty><\/div>\n<div id=\"PdProductGpsr\" class=\"ProductGpsrView v1a v1 bs-view dcon dc217 PdProductGpsr\" >\n<div class=\"subject\"><dc-root class=\"dcon dc219\"><span class=\"title\">Zodpov\u011bdn&#253; subjekt:<\/span><dc-con><dc-con><span class=\"company\">UBC s.r.o.<\/span><span class=\"name\">Ubc<\/span><\/dc-con><dc-con><span class=\"street\">M\u011blnick&#225; 87<\/span><span class=\"city\">L&#237;beznice<\/span><span class=\"zip\">250 65<\/span><span class=\"country\">\u010cesko<\/span><\/dc-con><span class=\"email\">info@ubc-group.cz<\/span><span class=\"phone\">283 090 704<\/span><bs-empty><\/bs-empty><a href=\"https:\/\/www.ubc-group.cz\/#kontakt\" class=\"link\" target=\"_blank\">https:\/\/www.ubc-group.cz\/#kontakt<\/a><\/dc-con><bs-empty><\/bs-empty><\/dc-root><\/div>\n<p><bs-empty><\/bs-empty><\/div>\n<\/div>\n<div id=\"e8779896\" class=\"tabs\">\n","protected":false},"excerpt":{"rendered":"<p>Oh\u00fdbateln\u00e9 nohy, lem pro napojen\u00ed hydroizolace Odtokov\u00fd pr\u016ftok 48 l\/min\u00a0 Sifon 2705-FP je sou\u010d\u00e1st\u00ed dod\u00e1vky Odtokov\u00fd \u017elab slou\u017e\u00ed k odvodn\u011bn\u00ed podlahov\u00fdch ploch uvnit\u0159 budov, zejm\u00e9na sprchov\u00fdch kout\u016f a koupelen. Ve sprchov\u00fdch koutech nahrazuje vani\u010dku nebo podlahovou vpus\u0165. Toto \u0159e\u0161en\u00ed umo\u017e\u0148uje neomezenou velikost sprchov\u00e9ho koutu, slad\u011bn\u00fd vzhled koupelny, jedno\u00farov\u0148ovou podlahu v cel\u00e9 koupeln\u011b a mo\u017enost pou\u017eit\u00ed [&hellip;]<\/p>\n","protected":false},"featured_media":42677,"comment_status":"open","ping_status":"open","template":"","meta":[],"product_brand":[],"product_cat":[61],"product_tag":[],"class_list":{"0":"post-42577","1":"product","2":"type-product","3":"status-publish","4":"has-post-thumbnail","6":"product_cat-vybaven-237-koupelny","8":"first","9":"instock","10":"sale","11":"shipping-taxable","12":"purchasable","13":"product-type-simple"},"yoast_head":"<!-- This site is optimized with the Yoast SEO plugin v26.8 - https:\/\/yoast.com\/product\/yoast-seo-wordpress\/ -->\n<title>Akce AQUALINE KROKUS nerezov\u00fd podlahov\u00fd \u017elab s ro\u0161tem, L-960, DN50 -<\/title>\n<meta name=\"robots\" content=\"index, follow, max-snippet:-1, max-image-preview:large, max-video-preview:-1\" \/>\n<link rel=\"canonical\" href=\"https:\/\/www.domstavpro.com\/index.php\/produkt\/akce-aqualine-krokus-nerezovy-podlahovy-zlab-s-rostem-l-960-dn50-42577\/\" \/>\n<meta property=\"og:locale\" content=\"cs_CZ\" \/>\n<meta property=\"og:type\" content=\"article\" \/>\n<meta property=\"og:title\" content=\"Akce AQUALINE KROKUS nerezov\u00fd podlahov\u00fd \u017elab s ro\u0161tem, L-960, DN50 -\" \/>\n<meta property=\"og:description\" content=\"Oh\u00fdbateln\u00e9 nohy, lem pro napojen\u00ed hydroizolace Odtokov\u00fd pr\u016ftok 48 l\/min\u00a0 Sifon 2705-FP je sou\u010d\u00e1st\u00ed dod\u00e1vky Odtokov\u00fd \u017elab slou\u017e\u00ed k odvodn\u011bn\u00ed podlahov\u00fdch ploch uvnit\u0159 budov, zejm\u00e9na sprchov\u00fdch kout\u016f a koupelen. Ve sprchov\u00fdch koutech nahrazuje vani\u010dku nebo podlahovou vpus\u0165. Toto \u0159e\u0161en\u00ed umo\u017e\u0148uje neomezenou velikost sprchov\u00e9ho koutu, slad\u011bn\u00fd vzhled koupelny, jedno\u00farov\u0148ovou podlahu v cel\u00e9 koupeln\u011b a mo\u017enost pou\u017eit\u00ed [&hellip;]\" \/>\n<meta property=\"og:url\" content=\"https:\/\/www.domstavpro.com\/index.php\/produkt\/akce-aqualine-krokus-nerezovy-podlahovy-zlab-s-rostem-l-960-dn50-42577\/\" \/>\n<meta property=\"og:image\" content=\"https:\/\/www.domstavpro.com\/wp-content\/uploads\/2026\/SK0029817-CZ20260425-093449-0-1777080896-aqualine-krokus-nerezovy-podlahovy-zlab-s-rostem-l-960-dn50.webp\" \/>\n\t<meta property=\"og:image:width\" content=\"1000\" \/>\n\t<meta property=\"og:image:height\" content=\"525\" \/>\n\t<meta property=\"og:image:type\" content=\"image\/webp\" \/>\n<meta name=\"twitter:card\" content=\"summary_large_image\" \/>\n<meta name=\"twitter:label1\" content=\"Odhadovan\u00e1 doba \u010dten\u00ed\" \/>\n\t<meta name=\"twitter:data1\" content=\"1 minuta\" \/>\n<script type=\"application\/ld+json\" class=\"yoast-schema-graph\">{\"@context\":\"https:\/\/schema.org\",\"@graph\":[{\"@type\":\"WebPage\",\"@id\":\"https:\/\/www.domstavpro.com\/index.php\/produkt\/akce-aqualine-krokus-nerezovy-podlahovy-zlab-s-rostem-l-960-dn50-42577\/\",\"url\":\"https:\/\/www.domstavpro.com\/index.php\/produkt\/akce-aqualine-krokus-nerezovy-podlahovy-zlab-s-rostem-l-960-dn50-42577\/\",\"name\":\"Akce AQUALINE KROKUS nerezov\u00fd podlahov\u00fd \u017elab s ro\u0161tem, L-960, DN50 -\",\"isPartOf\":{\"@id\":\"https:\/\/www.domstavpro.com\/#website\"},\"primaryImageOfPage\":{\"@id\":\"https:\/\/www.domstavpro.com\/index.php\/produkt\/akce-aqualine-krokus-nerezovy-podlahovy-zlab-s-rostem-l-960-dn50-42577\/#primaryimage\"},\"image\":{\"@id\":\"https:\/\/www.domstavpro.com\/index.php\/produkt\/akce-aqualine-krokus-nerezovy-podlahovy-zlab-s-rostem-l-960-dn50-42577\/#primaryimage\"},\"thumbnailUrl\":\"https:\/\/www.domstavpro.com\/wp-content\/uploads\/2026\/SK0029817-CZ20260425-093449-0-1777080896-aqualine-krokus-nerezovy-podlahovy-zlab-s-rostem-l-960-dn50.webp\",\"datePublished\":\"2026-04-27T15:09:34+00:00\",\"breadcrumb\":{\"@id\":\"https:\/\/www.domstavpro.com\/index.php\/produkt\/akce-aqualine-krokus-nerezovy-podlahovy-zlab-s-rostem-l-960-dn50-42577\/#breadcrumb\"},\"inLanguage\":\"cs\",\"potentialAction\":[{\"@type\":\"ReadAction\",\"target\":[\"https:\/\/www.domstavpro.com\/index.php\/produkt\/akce-aqualine-krokus-nerezovy-podlahovy-zlab-s-rostem-l-960-dn50-42577\/\"]}]},{\"@type\":\"ImageObject\",\"inLanguage\":\"cs\",\"@id\":\"https:\/\/www.domstavpro.com\/index.php\/produkt\/akce-aqualine-krokus-nerezovy-podlahovy-zlab-s-rostem-l-960-dn50-42577\/#primaryimage\",\"url\":\"https:\/\/www.domstavpro.com\/wp-content\/uploads\/2026\/SK0029817-CZ20260425-093449-0-1777080896-aqualine-krokus-nerezovy-podlahovy-zlab-s-rostem-l-960-dn50.webp\",\"contentUrl\":\"https:\/\/www.domstavpro.com\/wp-content\/uploads\/2026\/SK0029817-CZ20260425-093449-0-1777080896-aqualine-krokus-nerezovy-podlahovy-zlab-s-rostem-l-960-dn50.webp\",\"width\":1000,\"height\":525},{\"@type\":\"BreadcrumbList\",\"@id\":\"https:\/\/www.domstavpro.com\/index.php\/produkt\/akce-aqualine-krokus-nerezovy-podlahovy-zlab-s-rostem-l-960-dn50-42577\/#breadcrumb\",\"itemListElement\":[{\"@type\":\"ListItem\",\"position\":1,\"name\":\"Home\",\"item\":\"https:\/\/www.domstavpro.com\/\"},{\"@type\":\"ListItem\",\"position\":2,\"name\":\"Products\",\"item\":\"https:\/\/www.domstavpro.com\/index.php\/products\/\"},{\"@type\":\"ListItem\",\"position\":3,\"name\":\"Akce AQUALINE KROKUS nerezov\u00fd podlahov\u00fd \u017elab s ro\u0161tem, L-960, DN50\"}]},{\"@type\":\"WebSite\",\"@id\":\"https:\/\/www.domstavpro.com\/#website\",\"url\":\"https:\/\/www.domstavpro.com\/\",\"name\":\"\",\"description\":\"\",\"potentialAction\":[{\"@type\":\"SearchAction\",\"target\":{\"@type\":\"EntryPoint\",\"urlTemplate\":\"https:\/\/www.domstavpro.com\/?s={search_term_string}\"},\"query-input\":{\"@type\":\"PropertyValueSpecification\",\"valueRequired\":true,\"valueName\":\"search_term_string\"}}],\"inLanguage\":\"cs\"}]}<\/script>\n<!-- \/ Yoast SEO plugin. -->","yoast_head_json":{"title":"Akce AQUALINE KROKUS nerezov\u00fd podlahov\u00fd \u017elab s ro\u0161tem, L-960, DN50 -","robots":{"index":"index","follow":"follow","max-snippet":"max-snippet:-1","max-image-preview":"max-image-preview:large","max-video-preview":"max-video-preview:-1"},"canonical":"https:\/\/www.domstavpro.com\/index.php\/produkt\/akce-aqualine-krokus-nerezovy-podlahovy-zlab-s-rostem-l-960-dn50-42577\/","og_locale":"cs_CZ","og_type":"article","og_title":"Akce AQUALINE KROKUS nerezov\u00fd podlahov\u00fd \u017elab s ro\u0161tem, L-960, DN50 -","og_description":"Oh\u00fdbateln\u00e9 nohy, lem pro napojen\u00ed hydroizolace Odtokov\u00fd pr\u016ftok 48 l\/min\u00a0 Sifon 2705-FP je sou\u010d\u00e1st\u00ed dod\u00e1vky Odtokov\u00fd \u017elab slou\u017e\u00ed k odvodn\u011bn\u00ed podlahov\u00fdch ploch uvnit\u0159 budov, zejm\u00e9na sprchov\u00fdch kout\u016f a koupelen. Ve sprchov\u00fdch koutech nahrazuje vani\u010dku nebo podlahovou vpus\u0165. Toto \u0159e\u0161en\u00ed umo\u017e\u0148uje neomezenou velikost sprchov\u00e9ho koutu, slad\u011bn\u00fd vzhled koupelny, jedno\u00farov\u0148ovou podlahu v cel\u00e9 koupeln\u011b a mo\u017enost pou\u017eit\u00ed [&hellip;]","og_url":"https:\/\/www.domstavpro.com\/index.php\/produkt\/akce-aqualine-krokus-nerezovy-podlahovy-zlab-s-rostem-l-960-dn50-42577\/","og_image":[{"width":1000,"height":525,"url":"https:\/\/www.domstavpro.com\/wp-content\/uploads\/2026\/SK0029817-CZ20260425-093449-0-1777080896-aqualine-krokus-nerezovy-podlahovy-zlab-s-rostem-l-960-dn50.webp","type":"image\/webp"}],"twitter_card":"summary_large_image","twitter_misc":{"Odhadovan\u00e1 doba \u010dten\u00ed":"1 minuta"},"schema":{"@context":"https:\/\/schema.org","@graph":[{"@type":"WebPage","@id":"https:\/\/www.domstavpro.com\/index.php\/produkt\/akce-aqualine-krokus-nerezovy-podlahovy-zlab-s-rostem-l-960-dn50-42577\/","url":"https:\/\/www.domstavpro.com\/index.php\/produkt\/akce-aqualine-krokus-nerezovy-podlahovy-zlab-s-rostem-l-960-dn50-42577\/","name":"Akce AQUALINE KROKUS nerezov\u00fd podlahov\u00fd \u017elab s ro\u0161tem, L-960, DN50 -","isPartOf":{"@id":"https:\/\/www.domstavpro.com\/#website"},"primaryImageOfPage":{"@id":"https:\/\/www.domstavpro.com\/index.php\/produkt\/akce-aqualine-krokus-nerezovy-podlahovy-zlab-s-rostem-l-960-dn50-42577\/#primaryimage"},"image":{"@id":"https:\/\/www.domstavpro.com\/index.php\/produkt\/akce-aqualine-krokus-nerezovy-podlahovy-zlab-s-rostem-l-960-dn50-42577\/#primaryimage"},"thumbnailUrl":"https:\/\/www.domstavpro.com\/wp-content\/uploads\/2026\/SK0029817-CZ20260425-093449-0-1777080896-aqualine-krokus-nerezovy-podlahovy-zlab-s-rostem-l-960-dn50.webp","datePublished":"2026-04-27T15:09:34+00:00","breadcrumb":{"@id":"https:\/\/www.domstavpro.com\/index.php\/produkt\/akce-aqualine-krokus-nerezovy-podlahovy-zlab-s-rostem-l-960-dn50-42577\/#breadcrumb"},"inLanguage":"cs","potentialAction":[{"@type":"ReadAction","target":["https:\/\/www.domstavpro.com\/index.php\/produkt\/akce-aqualine-krokus-nerezovy-podlahovy-zlab-s-rostem-l-960-dn50-42577\/"]}]},{"@type":"ImageObject","inLanguage":"cs","@id":"https:\/\/www.domstavpro.com\/index.php\/produkt\/akce-aqualine-krokus-nerezovy-podlahovy-zlab-s-rostem-l-960-dn50-42577\/#primaryimage","url":"https:\/\/www.domstavpro.com\/wp-content\/uploads\/2026\/SK0029817-CZ20260425-093449-0-1777080896-aqualine-krokus-nerezovy-podlahovy-zlab-s-rostem-l-960-dn50.webp","contentUrl":"https:\/\/www.domstavpro.com\/wp-content\/uploads\/2026\/SK0029817-CZ20260425-093449-0-1777080896-aqualine-krokus-nerezovy-podlahovy-zlab-s-rostem-l-960-dn50.webp","width":1000,"height":525},{"@type":"BreadcrumbList","@id":"https:\/\/www.domstavpro.com\/index.php\/produkt\/akce-aqualine-krokus-nerezovy-podlahovy-zlab-s-rostem-l-960-dn50-42577\/#breadcrumb","itemListElement":[{"@type":"ListItem","position":1,"name":"Home","item":"https:\/\/www.domstavpro.com\/"},{"@type":"ListItem","position":2,"name":"Products","item":"https:\/\/www.domstavpro.com\/index.php\/products\/"},{"@type":"ListItem","position":3,"name":"Akce AQUALINE KROKUS nerezov\u00fd podlahov\u00fd \u017elab s ro\u0161tem, L-960, DN50"}]},{"@type":"WebSite","@id":"https:\/\/www.domstavpro.com\/#website","url":"https:\/\/www.domstavpro.com\/","name":"","description":"","potentialAction":[{"@type":"SearchAction","target":{"@type":"EntryPoint","urlTemplate":"https:\/\/www.domstavpro.com\/?s={search_term_string}"},"query-input":{"@type":"PropertyValueSpecification","valueRequired":true,"valueName":"search_term_string"}}],"inLanguage":"cs"}]}},"_links":{"self":[{"href":"https:\/\/www.domstavpro.com\/index.php\/wp-json\/wp\/v2\/product\/42577","targetHints":{"allow":["GET"]}}],"collection":[{"href":"https:\/\/www.domstavpro.com\/index.php\/wp-json\/wp\/v2\/product"}],"about":[{"href":"https:\/\/www.domstavpro.com\/index.php\/wp-json\/wp\/v2\/types\/product"}],"replies":[{"embeddable":true,"href":"https:\/\/www.domstavpro.com\/index.php\/wp-json\/wp\/v2\/comments?post=42577"}],"wp:featuredmedia":[{"embeddable":true,"href":"https:\/\/www.domstavpro.com\/index.php\/wp-json\/wp\/v2\/media\/42677"}],"wp:attachment":[{"href":"https:\/\/www.domstavpro.com\/index.php\/wp-json\/wp\/v2\/media?parent=42577"}],"wp:term":[{"taxonomy":"product_brand","embeddable":true,"href":"https:\/\/www.domstavpro.com\/index.php\/wp-json\/wp\/v2\/product_brand?post=42577"},{"taxonomy":"product_cat","embeddable":true,"href":"https:\/\/www.domstavpro.com\/index.php\/wp-json\/wp\/v2\/product_cat?post=42577"},{"taxonomy":"product_tag","embeddable":true,"href":"https:\/\/www.domstavpro.com\/index.php\/wp-json\/wp\/v2\/product_tag?post=42577"}],"curies":[{"name":"wp","href":"https:\/\/api.w.org\/{rel}","templated":true}]}}