{"id":42334,"date":"2026-04-27T15:09:34","date_gmt":"2026-04-27T15:09:34","guid":{"rendered":""},"modified":"2026-04-27T15:09:34","modified_gmt":"2026-04-27T15:09:34","slug":"akcni-cena-aqualine-opava-vana-170x70x44cm-leva-bila-42334","status":"publish","type":"product","link":"https:\/\/www.domstavpro.com\/index.php\/produkt\/akcni-cena-aqualine-opava-vana-170x70x44cm-leva-bila-42334\/","title":{"rendered":"Ak\u010dn\u00ed Cena AQUALINE OPAVA vana 170x70x44cm, lev\u00e1, b\u00edl\u00e1"},"content":{"rendered":"<div id=\"e8688159\" class=\"pages\">\n<div>\n<div id=\"PDDescription\" class=\"UserContentView userContent v1a v1 bs-view dcon dc164 PDDescription\" ><dc-con><dc-con><bs-empty><\/bs-empty><\/dc-con><dc-con>        <\/p>\n<div class=\"customDescription\">                    <\/div>\n<p><\/dc-con><dc-con><\/p>\n<div>\n<p>Asymetrick\u00e1 rohov\u00e1 vana, kter\u00e1 se dob\u0159e uplatn\u00ed v mal\u00fdch koupeln\u00e1ch s nedostatkem prostoru. P\u0159i instalaci s vanovou z\u00e1st\u011bnou nav\u00edc umo\u017e\u0148uje tvar vany pohodln\u00e9 sprchov\u00e1n\u00ed v roz\u0161\u00ed\u0159en\u00e9 \u010d\u00e1sti. <\/p>\n<ul>\n<li>Vanov\u00e1 sko\u0159epina je vyrobena ze sendvi\u010de plast\u016f &#8211; koextrudovan\u00e9ho   sanit\u00e1rn\u00edho materi\u00e1lu ABS\/PMMA (polymetylmetakryl\u00e1t). Na rubov\u00e9 stran\u011b je vana   opat\u0159ena laminac\u00ed polyesterovou prysky\u0159ic\u00ed se skeln\u00fdm vl\u00e1knem.<\/li>\n<\/ul>\n<\/div>\n<h2 class=\"props-title\">Vlastnosti<\/h2>\n<table>\n<tr>\n<th>Zna\u010dka<\/th>\n<td>AQUALINE<\/td>\n<\/tr>\n<tr>\n<th>Rozm\u011br<\/th>\n<td>170x70x44 cm<\/td>\n<\/tr>\n<tr>\n<th>D\u00e9lka<\/th>\n<td>1700&nbsp;mm<\/td>\n<\/tr>\n<tr>\n<th>\u0160\u00ed\u0159ka<\/th>\n<td>700&nbsp;mm<\/td>\n<\/tr>\n<tr>\n<th>V\u00fd\u0161ka<\/th>\n<td>440&nbsp;mm<\/td>\n<\/tr>\n<tr>\n<th>Objem<\/th>\n<td>170.00&nbsp;l<\/td>\n<\/tr>\n<tr>\n<th>Barva<\/th>\n<td>B\u00edl\u00e1<\/td>\n<\/tr>\n<tr>\n<th>Materi\u00e1l<\/th>\n<td>ABS\/PMMA<\/td>\n<\/tr>\n<tr>\n<th>Tvar<\/th>\n<td>Asymetrick\u00e9<\/td>\n<\/tr>\n<tr>\n<th>Instalace<\/th>\n<td>Vestavn\u00e1 (k obezd\u011bn\u00ed)<\/td>\n<\/tr>\n<tr>\n<th>Pr\u016fm\u011br odpadu<\/th>\n<td>52&nbsp;mm<\/td>\n<\/tr>\n<tr>\n<th>Vlastnosti<\/th>\n<td>V\u00fd\u0161ka okraje 40 mm (Standard)<\/td>\n<\/tr>\n<tr>\n<th>Hmotnost \/ ks<\/th>\n<td>19.0000&nbsp;kg<\/td>\n<\/tr>\n<tr>\n<th>Balen\u00ed<\/th>\n<td>1&nbsp;ks<\/td>\n<\/tr>\n<tr>\n<th>EAN<\/th>\n<td>8590913851735<\/td>\n<\/tr>\n<tr>\n<th>Taric<\/th>\n<td>39221000<\/td>\n<\/tr>\n<tr>\n<th>Z\u00e1ruka<\/th>\n<td>2 roky<\/td>\n<\/tr>\n<\/table>\n<div class=\"product-explanation-item\">\n<h3><span>ABS\/PMMA<\/span><\/h3>\n<p style=\"text-align: justify;\">ABS\/PMMA je z pohledov\u00e9 \u010d\u00e1sti tvo\u0159en slabou vrstvou akryl\u00e1tu, kter\u00fd je ve spodn\u00ed \u010d\u00e1sti dopln\u011bn vrstvou ABS plastu. Celkov\u00e1 tlou\u0161\u0165ka vstupn\u00edho materi\u00e1lu je 3,2 mm a tuhost fin\u00e1ln\u00edho v\u00fdrobku je na podobn\u00e9 \u00farovni jako u produkt\u016f ze 100% akryl\u00e1tu.<\/p>\n<\/div>\n<p><\/dc-con><\/dc-con><\/div>\n<\/p><\/div>\n<div id=\"PDTable3\" class=\"ProductDetailTableView v3a v3 bs-view dcon dc185 PDTable3\" >\n<table>\n<thead><\/thead>\n<tbody>\n<tr class=\"attribute attr_typ\">\n<td class=\"caption\">Typ<\/td>\n<td class=\"value\">Asymetrick\u00e9 vany<\/td>\n<\/tr>\n<tr class=\"attribute attr_delka\">\n<td class=\"caption\">D\u00e9lka v mm<\/td>\n<td class=\"value\">1700 mm<\/td>\n<\/tr>\n<tr class=\"attribute attr_pouziti\">\n<td class=\"caption\">Pou\u017eit\u00ed<\/td>\n<td class=\"value\">Lev\u00e1<\/td>\n<\/tr>\n<tr class=\"attribute attr_bsshop_maker\">\n<td class=\"caption\">V\u00fdrobce<\/td>\n<td class=\"value\">Aqualine<\/td>\n<\/tr>\n<tr class=\"attribute attr_sirka\">\n<td class=\"caption\">\u0160\u00ed\u0159ka v mm<\/td>\n<td class=\"value\">720<\/td>\n<\/tr>\n<tr class=\"attribute attr_Vyska\">\n<td class=\"caption\">V\u00fd\u0161ka v mm<\/td>\n<td class=\"value\">450<\/td>\n<\/tr>\n<tr class=\"weight\">\n<td class=\"caption\"><span>Hmotnost<\/span><\/td>\n<td class=\"value\"><span>19,00 kg<\/span><\/td>\n<\/tr>\n<\/tbody>\n<\/table>\n<\/div>\n<div id=\"ProductMedia\" class=\"ProductMediaView MediaViewBase v1a v1 bs-view dcon dc409 ProductMedia\" ><bs-empty><\/bs-empty><\/p>\n<div class=\"files\">\n<div class=\"title sub\">Soubory<\/div>\n<p><a href=\"\/media\/19660\/30708-anh55-navod-na-montaz.PDF?&amp;key=ZGpmIyQwNUZfMTk2NjA=\" class=\"PDF\">Dokumenty &#8211; N&#225;vod_priloha_0<\/a><\/div>\n<p><bs-empty><\/bs-empty><\/div>\n<div id=\"PdProductGpsr\" class=\"ProductGpsrView v1a v1 bs-view dcon dc217 PdProductGpsr\" >\n<div class=\"subject\"><dc-root class=\"dcon dc219\"><span class=\"title\">Zodpov\u011bdn&#253; subjekt:<\/span><dc-con><dc-con><span class=\"company\">UBC s.r.o.<\/span><span class=\"name\">Ubc<\/span><\/dc-con><dc-con><span class=\"street\">M\u011blnick&#225; 87<\/span><span class=\"city\">L&#237;beznice<\/span><span class=\"zip\">250 65<\/span><span class=\"country\">\u010cesko<\/span><\/dc-con><span class=\"email\">info@ubc-group.cz<\/span><span class=\"phone\">283 090 704<\/span><bs-empty><\/bs-empty><a href=\"https:\/\/www.ubc-group.cz\/#kontakt\" class=\"link\" target=\"_blank\">https:\/\/www.ubc-group.cz\/#kontakt<\/a><\/dc-con><bs-empty><\/bs-empty><\/dc-root><\/div>\n<p><bs-empty><\/bs-empty><\/div>\n<\/div>\n<div id=\"e8688160\" class=\"tabs\">\n","protected":false},"excerpt":{"rendered":"<p>Asymetrick\u00e1 rohov\u00e1 vana, kter\u00e1 se dob\u0159e uplatn\u00ed v mal\u00fdch koupeln\u00e1ch s nedostatkem prostoru. P\u0159i instalaci s vanovou z\u00e1st\u011bnou nav\u00edc umo\u017e\u0148uje tvar vany pohodln\u00e9 sprchov\u00e1n\u00ed v roz\u0161\u00ed\u0159en\u00e9 \u010d\u00e1sti. Vanov\u00e1 sko\u0159epina je vyrobena ze sendvi\u010de plast\u016f &#8211; koextrudovan\u00e9ho sanit\u00e1rn\u00edho materi\u00e1lu ABS\/PMMA (polymetylmetakryl\u00e1t). Na rubov\u00e9 stran\u011b je vana opat\u0159ena laminac\u00ed polyesterovou prysky\u0159ic\u00ed se skeln\u00fdm vl\u00e1knem. Vlastnosti Zna\u010dka AQUALINE [&hellip;]<\/p>\n","protected":false},"featured_media":42434,"comment_status":"open","ping_status":"open","template":"","meta":[],"product_brand":[],"product_cat":[61],"product_tag":[],"class_list":{"0":"post-42334","1":"product","2":"type-product","3":"status-publish","4":"has-post-thumbnail","6":"product_cat-vybaven-237-koupelny","8":"first","9":"instock","10":"sale","11":"shipping-taxable","12":"purchasable","13":"product-type-simple"},"yoast_head":"<!-- This site is optimized with the Yoast SEO plugin v26.8 - https:\/\/yoast.com\/product\/yoast-seo-wordpress\/ -->\n<title>Ak\u010dn\u00ed Cena AQUALINE OPAVA vana 170x70x44cm, lev\u00e1, b\u00edl\u00e1 -<\/title>\n<meta name=\"robots\" content=\"index, follow, max-snippet:-1, max-image-preview:large, max-video-preview:-1\" \/>\n<link rel=\"canonical\" href=\"https:\/\/www.domstavpro.com\/index.php\/produkt\/akcni-cena-aqualine-opava-vana-170x70x44cm-leva-bila-42334\/\" \/>\n<meta property=\"og:locale\" content=\"cs_CZ\" \/>\n<meta property=\"og:type\" content=\"article\" \/>\n<meta property=\"og:title\" content=\"Ak\u010dn\u00ed Cena AQUALINE OPAVA vana 170x70x44cm, lev\u00e1, b\u00edl\u00e1 -\" \/>\n<meta property=\"og:description\" content=\"Asymetrick\u00e1 rohov\u00e1 vana, kter\u00e1 se dob\u0159e uplatn\u00ed v mal\u00fdch koupeln\u00e1ch s nedostatkem prostoru. P\u0159i instalaci s vanovou z\u00e1st\u011bnou nav\u00edc umo\u017e\u0148uje tvar vany pohodln\u00e9 sprchov\u00e1n\u00ed v roz\u0161\u00ed\u0159en\u00e9 \u010d\u00e1sti. Vanov\u00e1 sko\u0159epina je vyrobena ze sendvi\u010de plast\u016f &#8211; koextrudovan\u00e9ho sanit\u00e1rn\u00edho materi\u00e1lu ABS\/PMMA (polymetylmetakryl\u00e1t). Na rubov\u00e9 stran\u011b je vana opat\u0159ena laminac\u00ed polyesterovou prysky\u0159ic\u00ed se skeln\u00fdm vl\u00e1knem. Vlastnosti Zna\u010dka AQUALINE [&hellip;]\" \/>\n<meta property=\"og:url\" content=\"https:\/\/www.domstavpro.com\/index.php\/produkt\/akcni-cena-aqualine-opava-vana-170x70x44cm-leva-bila-42334\/\" \/>\n<meta property=\"og:image\" content=\"https:\/\/www.domstavpro.com\/wp-content\/uploads\/2026\/SK0029621-CZ20260425-093449-0-1777080896-aqualine-opava-vana-170x70x44cm-leva-bila.webp\" \/>\n\t<meta property=\"og:image:width\" content=\"1000\" \/>\n\t<meta property=\"og:image:height\" content=\"525\" \/>\n\t<meta property=\"og:image:type\" content=\"image\/webp\" \/>\n<meta name=\"twitter:card\" content=\"summary_large_image\" \/>\n<meta name=\"twitter:label1\" content=\"Odhadovan\u00e1 doba \u010dten\u00ed\" \/>\n\t<meta name=\"twitter:data1\" content=\"1 minuta\" \/>\n<script type=\"application\/ld+json\" class=\"yoast-schema-graph\">{\"@context\":\"https:\/\/schema.org\",\"@graph\":[{\"@type\":\"WebPage\",\"@id\":\"https:\/\/www.domstavpro.com\/index.php\/produkt\/akcni-cena-aqualine-opava-vana-170x70x44cm-leva-bila-42334\/\",\"url\":\"https:\/\/www.domstavpro.com\/index.php\/produkt\/akcni-cena-aqualine-opava-vana-170x70x44cm-leva-bila-42334\/\",\"name\":\"Ak\u010dn\u00ed Cena AQUALINE OPAVA vana 170x70x44cm, lev\u00e1, b\u00edl\u00e1 -\",\"isPartOf\":{\"@id\":\"https:\/\/www.domstavpro.com\/#website\"},\"primaryImageOfPage\":{\"@id\":\"https:\/\/www.domstavpro.com\/index.php\/produkt\/akcni-cena-aqualine-opava-vana-170x70x44cm-leva-bila-42334\/#primaryimage\"},\"image\":{\"@id\":\"https:\/\/www.domstavpro.com\/index.php\/produkt\/akcni-cena-aqualine-opava-vana-170x70x44cm-leva-bila-42334\/#primaryimage\"},\"thumbnailUrl\":\"https:\/\/www.domstavpro.com\/wp-content\/uploads\/2026\/SK0029621-CZ20260425-093449-0-1777080896-aqualine-opava-vana-170x70x44cm-leva-bila.webp\",\"datePublished\":\"2026-04-27T15:09:34+00:00\",\"breadcrumb\":{\"@id\":\"https:\/\/www.domstavpro.com\/index.php\/produkt\/akcni-cena-aqualine-opava-vana-170x70x44cm-leva-bila-42334\/#breadcrumb\"},\"inLanguage\":\"cs\",\"potentialAction\":[{\"@type\":\"ReadAction\",\"target\":[\"https:\/\/www.domstavpro.com\/index.php\/produkt\/akcni-cena-aqualine-opava-vana-170x70x44cm-leva-bila-42334\/\"]}]},{\"@type\":\"ImageObject\",\"inLanguage\":\"cs\",\"@id\":\"https:\/\/www.domstavpro.com\/index.php\/produkt\/akcni-cena-aqualine-opava-vana-170x70x44cm-leva-bila-42334\/#primaryimage\",\"url\":\"https:\/\/www.domstavpro.com\/wp-content\/uploads\/2026\/SK0029621-CZ20260425-093449-0-1777080896-aqualine-opava-vana-170x70x44cm-leva-bila.webp\",\"contentUrl\":\"https:\/\/www.domstavpro.com\/wp-content\/uploads\/2026\/SK0029621-CZ20260425-093449-0-1777080896-aqualine-opava-vana-170x70x44cm-leva-bila.webp\",\"width\":1000,\"height\":525},{\"@type\":\"BreadcrumbList\",\"@id\":\"https:\/\/www.domstavpro.com\/index.php\/produkt\/akcni-cena-aqualine-opava-vana-170x70x44cm-leva-bila-42334\/#breadcrumb\",\"itemListElement\":[{\"@type\":\"ListItem\",\"position\":1,\"name\":\"Home\",\"item\":\"https:\/\/www.domstavpro.com\/\"},{\"@type\":\"ListItem\",\"position\":2,\"name\":\"Products\",\"item\":\"https:\/\/www.domstavpro.com\/index.php\/products\/\"},{\"@type\":\"ListItem\",\"position\":3,\"name\":\"Ak\u010dn\u00ed Cena AQUALINE OPAVA vana 170x70x44cm, lev\u00e1, b\u00edl\u00e1\"}]},{\"@type\":\"WebSite\",\"@id\":\"https:\/\/www.domstavpro.com\/#website\",\"url\":\"https:\/\/www.domstavpro.com\/\",\"name\":\"\",\"description\":\"\",\"potentialAction\":[{\"@type\":\"SearchAction\",\"target\":{\"@type\":\"EntryPoint\",\"urlTemplate\":\"https:\/\/www.domstavpro.com\/?s={search_term_string}\"},\"query-input\":{\"@type\":\"PropertyValueSpecification\",\"valueRequired\":true,\"valueName\":\"search_term_string\"}}],\"inLanguage\":\"cs\"}]}<\/script>\n<!-- \/ Yoast SEO plugin. -->","yoast_head_json":{"title":"Ak\u010dn\u00ed Cena AQUALINE OPAVA vana 170x70x44cm, lev\u00e1, b\u00edl\u00e1 -","robots":{"index":"index","follow":"follow","max-snippet":"max-snippet:-1","max-image-preview":"max-image-preview:large","max-video-preview":"max-video-preview:-1"},"canonical":"https:\/\/www.domstavpro.com\/index.php\/produkt\/akcni-cena-aqualine-opava-vana-170x70x44cm-leva-bila-42334\/","og_locale":"cs_CZ","og_type":"article","og_title":"Ak\u010dn\u00ed Cena AQUALINE OPAVA vana 170x70x44cm, lev\u00e1, b\u00edl\u00e1 -","og_description":"Asymetrick\u00e1 rohov\u00e1 vana, kter\u00e1 se dob\u0159e uplatn\u00ed v mal\u00fdch koupeln\u00e1ch s nedostatkem prostoru. P\u0159i instalaci s vanovou z\u00e1st\u011bnou nav\u00edc umo\u017e\u0148uje tvar vany pohodln\u00e9 sprchov\u00e1n\u00ed v roz\u0161\u00ed\u0159en\u00e9 \u010d\u00e1sti. Vanov\u00e1 sko\u0159epina je vyrobena ze sendvi\u010de plast\u016f &#8211; koextrudovan\u00e9ho sanit\u00e1rn\u00edho materi\u00e1lu ABS\/PMMA (polymetylmetakryl\u00e1t). Na rubov\u00e9 stran\u011b je vana opat\u0159ena laminac\u00ed polyesterovou prysky\u0159ic\u00ed se skeln\u00fdm vl\u00e1knem. Vlastnosti Zna\u010dka AQUALINE [&hellip;]","og_url":"https:\/\/www.domstavpro.com\/index.php\/produkt\/akcni-cena-aqualine-opava-vana-170x70x44cm-leva-bila-42334\/","og_image":[{"width":1000,"height":525,"url":"https:\/\/www.domstavpro.com\/wp-content\/uploads\/2026\/SK0029621-CZ20260425-093449-0-1777080896-aqualine-opava-vana-170x70x44cm-leva-bila.webp","type":"image\/webp"}],"twitter_card":"summary_large_image","twitter_misc":{"Odhadovan\u00e1 doba \u010dten\u00ed":"1 minuta"},"schema":{"@context":"https:\/\/schema.org","@graph":[{"@type":"WebPage","@id":"https:\/\/www.domstavpro.com\/index.php\/produkt\/akcni-cena-aqualine-opava-vana-170x70x44cm-leva-bila-42334\/","url":"https:\/\/www.domstavpro.com\/index.php\/produkt\/akcni-cena-aqualine-opava-vana-170x70x44cm-leva-bila-42334\/","name":"Ak\u010dn\u00ed Cena AQUALINE OPAVA vana 170x70x44cm, lev\u00e1, b\u00edl\u00e1 -","isPartOf":{"@id":"https:\/\/www.domstavpro.com\/#website"},"primaryImageOfPage":{"@id":"https:\/\/www.domstavpro.com\/index.php\/produkt\/akcni-cena-aqualine-opava-vana-170x70x44cm-leva-bila-42334\/#primaryimage"},"image":{"@id":"https:\/\/www.domstavpro.com\/index.php\/produkt\/akcni-cena-aqualine-opava-vana-170x70x44cm-leva-bila-42334\/#primaryimage"},"thumbnailUrl":"https:\/\/www.domstavpro.com\/wp-content\/uploads\/2026\/SK0029621-CZ20260425-093449-0-1777080896-aqualine-opava-vana-170x70x44cm-leva-bila.webp","datePublished":"2026-04-27T15:09:34+00:00","breadcrumb":{"@id":"https:\/\/www.domstavpro.com\/index.php\/produkt\/akcni-cena-aqualine-opava-vana-170x70x44cm-leva-bila-42334\/#breadcrumb"},"inLanguage":"cs","potentialAction":[{"@type":"ReadAction","target":["https:\/\/www.domstavpro.com\/index.php\/produkt\/akcni-cena-aqualine-opava-vana-170x70x44cm-leva-bila-42334\/"]}]},{"@type":"ImageObject","inLanguage":"cs","@id":"https:\/\/www.domstavpro.com\/index.php\/produkt\/akcni-cena-aqualine-opava-vana-170x70x44cm-leva-bila-42334\/#primaryimage","url":"https:\/\/www.domstavpro.com\/wp-content\/uploads\/2026\/SK0029621-CZ20260425-093449-0-1777080896-aqualine-opava-vana-170x70x44cm-leva-bila.webp","contentUrl":"https:\/\/www.domstavpro.com\/wp-content\/uploads\/2026\/SK0029621-CZ20260425-093449-0-1777080896-aqualine-opava-vana-170x70x44cm-leva-bila.webp","width":1000,"height":525},{"@type":"BreadcrumbList","@id":"https:\/\/www.domstavpro.com\/index.php\/produkt\/akcni-cena-aqualine-opava-vana-170x70x44cm-leva-bila-42334\/#breadcrumb","itemListElement":[{"@type":"ListItem","position":1,"name":"Home","item":"https:\/\/www.domstavpro.com\/"},{"@type":"ListItem","position":2,"name":"Products","item":"https:\/\/www.domstavpro.com\/index.php\/products\/"},{"@type":"ListItem","position":3,"name":"Ak\u010dn\u00ed Cena AQUALINE OPAVA vana 170x70x44cm, lev\u00e1, b\u00edl\u00e1"}]},{"@type":"WebSite","@id":"https:\/\/www.domstavpro.com\/#website","url":"https:\/\/www.domstavpro.com\/","name":"","description":"","potentialAction":[{"@type":"SearchAction","target":{"@type":"EntryPoint","urlTemplate":"https:\/\/www.domstavpro.com\/?s={search_term_string}"},"query-input":{"@type":"PropertyValueSpecification","valueRequired":true,"valueName":"search_term_string"}}],"inLanguage":"cs"}]}},"_links":{"self":[{"href":"https:\/\/www.domstavpro.com\/index.php\/wp-json\/wp\/v2\/product\/42334","targetHints":{"allow":["GET"]}}],"collection":[{"href":"https:\/\/www.domstavpro.com\/index.php\/wp-json\/wp\/v2\/product"}],"about":[{"href":"https:\/\/www.domstavpro.com\/index.php\/wp-json\/wp\/v2\/types\/product"}],"replies":[{"embeddable":true,"href":"https:\/\/www.domstavpro.com\/index.php\/wp-json\/wp\/v2\/comments?post=42334"}],"wp:featuredmedia":[{"embeddable":true,"href":"https:\/\/www.domstavpro.com\/index.php\/wp-json\/wp\/v2\/media\/42434"}],"wp:attachment":[{"href":"https:\/\/www.domstavpro.com\/index.php\/wp-json\/wp\/v2\/media?parent=42334"}],"wp:term":[{"taxonomy":"product_brand","embeddable":true,"href":"https:\/\/www.domstavpro.com\/index.php\/wp-json\/wp\/v2\/product_brand?post=42334"},{"taxonomy":"product_cat","embeddable":true,"href":"https:\/\/www.domstavpro.com\/index.php\/wp-json\/wp\/v2\/product_cat?post=42334"},{"taxonomy":"product_tag","embeddable":true,"href":"https:\/\/www.domstavpro.com\/index.php\/wp-json\/wp\/v2\/product_tag?post=42334"}],"curies":[{"name":"wp","href":"https:\/\/api.w.org\/{rel}","templated":true}]}}