{"id":42323,"date":"2026-04-27T15:09:34","date_gmt":"2026-04-27T15:09:34","guid":{"rendered":""},"modified":"2026-04-27T15:09:34","modified_gmt":"2026-04-27T15:09:34","slug":"zlevneny-polysan-viva-r-asymetricka-vana-185x80x47cm-bila-42323","status":"publish","type":"product","link":"https:\/\/www.domstavpro.com\/produkt\/zlevneny-polysan-viva-r-asymetricka-vana-185x80x47cm-bila-42323\/","title":{"rendered":"Zlevn\u011bn\u00fd POLYSAN VIVA R asymetrick\u00e1 vana 185x80x47cm, b\u00edl\u00e1"},"content":{"rendered":"<div id=\"e8680662\" class=\"pages\">\n<div>\n<div id=\"PDDescription\" class=\"UserContentView userContent v1a v1 bs-view dcon dc164 PDDescription\" ><dc-con><dc-con><bs-empty><\/bs-empty><\/dc-con><dc-con>        <\/p>\n<div class=\"customDescription\">                    <\/div>\n<p><\/dc-con><dc-con><\/p>\n<div>\n<p>\u0160irok\u00e1 nab\u00eddka tvar\u016f van VIVA &#8211; od klasick\u00e9ho a\u017e po ov\u00e1ln\u00fd tvar. Vana byla navr\u017eena s d\u016frazem na prakti\u010dnost a tvarovou variabilitu do r\u016fzn\u00fdch velikost\u00ed koupelen. Pro sv\u016fj design a pohodlnost se pr\u00e1vem \u0159ad\u00ed k nejprod\u00e1van\u011bj\u0161\u00edm. V kombinaci s vanovou z\u00e1st\u011bnou z\u00edsk\u00e1te pohodln\u00fd sprchovac\u00ed kout.<\/p>\n<ul>\n<li>Podm\u00ednkou z\u00e1ruky na produkt je pou\u017eit\u00ed doporu\u010den\u00e9ho typu podstavce.<\/li>\n<\/ul>\n<\/div>\n<h2 class=\"props-title\">Vlastnosti<\/h2>\n<table>\n<tr>\n<th>Zna\u010dka<\/th>\n<td>POLYSAN<\/td>\n<\/tr>\n<tr>\n<th>3D model<\/th>\n<td>ANO<\/td>\n<\/tr>\n<tr>\n<th>Rozm\u011br<\/th>\n<td>185x80x47 cm<\/td>\n<\/tr>\n<tr>\n<th>D\u00e9lka<\/th>\n<td>1850&nbsp;mm<\/td>\n<\/tr>\n<tr>\n<th>\u0160\u00ed\u0159ka<\/th>\n<td>800&nbsp;mm<\/td>\n<\/tr>\n<tr>\n<th>V\u00fd\u0161ka<\/th>\n<td>470&nbsp;mm<\/td>\n<\/tr>\n<tr>\n<th>Objem<\/th>\n<td>267.00&nbsp;l<\/td>\n<\/tr>\n<tr>\n<th>Barva<\/th>\n<td>B\u00edl\u00e1<\/td>\n<\/tr>\n<tr>\n<th>Jin\u00e9 barevn\u00e9 proveden\u00ed<\/th>\n<td>Dle vzorn\u00edku<\/td>\n<\/tr>\n<tr>\n<th>Materi\u00e1l<\/th>\n<td>Akryl\u00e1t<\/td>\n<\/tr>\n<tr>\n<th>Tvar<\/th>\n<td>Asymetrick\u00e9<\/td>\n<\/tr>\n<tr>\n<th>Instalace<\/th>\n<td>Vestavn\u00e1 (k obezd\u011bn\u00ed)<\/td>\n<\/tr>\n<tr>\n<th>Pr\u016fm\u011br odpadu<\/th>\n<td>52&nbsp;mm<\/td>\n<\/tr>\n<tr>\n<th>Vlastnosti<\/th>\n<td>Oboustrann\u00e1, V\u00fd\u0161ka okraje 40 mm (Standard)<\/td>\n<\/tr>\n<tr>\n<th>Balen\u00ed neobsahuje<\/th>\n<td>Sifon, Vanov\u00e1 souprava<\/td>\n<\/tr>\n<tr>\n<th>Hmotnost \/ ks<\/th>\n<td>25.7100&nbsp;kg<\/td>\n<\/tr>\n<tr>\n<th>Balen\u00ed<\/th>\n<td>1&nbsp;ks<\/td>\n<\/tr>\n<tr>\n<th>EAN<\/th>\n<td>8590729072553<\/td>\n<\/tr>\n<tr>\n<th>Taric<\/th>\n<td>39221000<\/td>\n<\/tr>\n<tr>\n<th>Z\u00e1ruka<\/th>\n<td>10 let<\/td>\n<\/tr>\n<\/table>\n<div class=\"product-explanation-item\">\n<h3>Vanu lze vyrobit v tomto barevn\u00e9m proveden\u00ed:<\/h3>\n<p><strong>P\u0159\u00edplatek 50 % k z\u00e1kladn\u011b cen\u011b v b\u00edl\u00e9m proveden\u00ed:<\/strong><\/p>\n<div style=\"float: left; width: 16%; text-align: center;\"><a href=\"https:\/\/eshop.sapho.cz\/img\/vany\/vana-bila_mat.jpg\" class=\"fancybox\" rel=\"noopener\" target=\"_blank\"><img decoding=\"async\" src=\"https:\/\/eshop.sapho.cz\/img\/vany\/vana-bila_mat.jpg\" width=\"100\" style=\"display: block; margin-left: auto; margin-right: auto;\" \/><\/a>B\u00edl\u00e1 mat<\/div>\n<div style=\"float: left; width: 16%; text-align: center;\"><a href=\"https:\/\/eshop.sapho.cz\/img\/vany\/vana-cerna_mat.jpg\" class=\"fancybox\" rel=\"noopener\" target=\"_blank\"><img decoding=\"async\" src=\"https:\/\/eshop.sapho.cz\/img\/vany\/vana-cerna_mat.jpg\" width=\"100\" style=\"display: block; margin-left: auto; margin-right: auto;\" \/><\/a>\u010cern\u00e1 mat<\/div>\n<div style=\"clear: both;\"><\/div>\n<p><strong>P\u0159\u00edplatek 30 % k z\u00e1kladn\u011b cen\u011b v b\u00edl\u00e9m proveden\u00ed:<\/strong><\/p>\n<div style=\"float: left; width: 16%; text-align: center;\"><a href=\"https:\/\/eshop.sapho.cz\/img\/vany\/seda-polysan.jpg\" class=\"fancybox\" rel=\"noopener\" target=\"_blank\"><img decoding=\"async\" src=\"https:\/\/eshop.sapho.cz\/img\/vany\/seda-polysan.jpg\" width=\"100\" style=\"display: block; margin-left: auto; margin-right: auto;\" caption=\"false\" \/><\/a>\u0160ed\u00e1<\/div>\n<div style=\"float: left; width: 16%; text-align: center;\"><a href=\"https:\/\/eshop.sapho.cz\/img\/vany\/ivory-polysan.jpg\" class=\"fancybox\" rel=\"noopener\" target=\"_blank\"><img decoding=\"async\" src=\"https:\/\/eshop.sapho.cz\/img\/vany\/ivory-polysan.jpg\" width=\"100\" style=\"display: block; margin-left: auto; margin-right: auto;\" caption=\"false\" \/><\/a>Ivory<\/div>\n<div style=\"clear: both;\"><\/div>\n<\/div>\n<div class=\"product-explanation-item\">\n<h3>Akryl\u00e1t<\/h3>\n<p style=\"text-align: justify;\">Akryl\u00e1tov\u00e9 vany a vani\u010dky jsou vyr\u00e1b\u011bny ze zna\u010dkov\u00e9ho akryl\u00e1tu. Na rozd\u00edl od koextrudovan\u00fdch akryl\u00e1tov\u00fdch desek, kter\u00e9 maj\u00ed m\u011bk\u010d\u00ed povrch a men\u0161\u00ed chemickou odolnost, se vyr\u00e1b\u00ed lit\u00edm. To mj. znamen\u00e1, \u017ee je probarven\u00fd v cel\u00e9 tlou\u0161\u0165ce, pln\u011b st\u00e1lobarevn\u00fd, nepor\u00e9zn\u00ed a s vysokou povrchovou pevnost\u00ed. M\u00e1 hladk\u00fd povrch s minim\u00e1ln\u00ed mo\u017enost\u00ed uklouznut\u00ed a dob\u0159e tlum\u00ed hluk dopadaj\u00edc\u00ed vody.<\/p>\n<\/div>\n<div class=\"product-explanation-item\">\n<h3><strong>Oboustrann\u00e1 vana<\/strong><\/h3>\n<p style=\"text-align: justify;\">Vana s pohodln\u011b tvarovan\u00fdmi st\u011bnami pro op\u0159en\u00ed zad na obou stran\u00e1ch a odtokem um\u00edst\u011bn\u00fdm uprost\u0159ed.<\/p>\n<\/div>\n<p><\/dc-con><\/dc-con><\/div>\n<\/p><\/div>\n<div id=\"PDTable3\" class=\"ProductDetailTableView v3a v3 bs-view dcon dc185 PDTable3\" >\n<table>\n<thead><\/thead>\n<tbody>\n<tr class=\"attribute attr_typ\">\n<td class=\"caption\">Typ<\/td>\n<td class=\"value\">Asymetrick\u00e9 vany<\/td>\n<\/tr>\n<tr class=\"attribute attr_delka\">\n<td class=\"caption\">D\u00e9lka v mm<\/td>\n<td class=\"value\">1850 mm<\/td>\n<\/tr>\n<tr class=\"attribute attr_pouziti\">\n<td class=\"caption\">Pou\u017eit\u00ed<\/td>\n<td class=\"value\">Prav\u00e1<\/td>\n<\/tr>\n<tr class=\"attribute attr_bsshop_maker\">\n<td class=\"caption\">V\u00fdrobce<\/td>\n<td class=\"value\">Polysan<\/td>\n<\/tr>\n<tr class=\"attribute attr_sirka\">\n<td class=\"caption\">\u0160\u00ed\u0159ka v mm<\/td>\n<td class=\"value\">1880<\/td>\n<\/tr>\n<tr class=\"attribute attr_Vyska\">\n<td class=\"caption\">V\u00fd\u0161ka v mm<\/td>\n<td class=\"value\">500<\/td>\n<\/tr>\n<tr class=\"weight\">\n<td class=\"caption\"><span>Hmotnost<\/span><\/td>\n<td class=\"value\"><span>25,71 kg<\/span><\/td>\n<\/tr>\n<\/tbody>\n<\/table>\n<\/div>\n<div id=\"ProductMedia\" class=\"ProductMediaView MediaViewBase v1a v1 bs-view dcon dc409 ProductMedia\" ><bs-empty><\/bs-empty><\/p>\n<div class=\"files\">\n<div class=\"title sub\">Soubory<\/div>\n<p><a href=\"\/media\/17795\/19668-navod-nohy-polysan-mn001.PDF?&amp;key=ZGpmIyQwNUZfMTc3OTU=\" class=\"PDF\">Dokumenty &#8211; N&#225;vod_priloha_0<\/a><a href=\"\/media\/40446\/19668-web-navod-akrylatove-vany-a5.pdf?&amp;key=ZGpmIyQwNUZfNDA0NDY=\" class=\"pdf\">Dokumenty &#8211; N&#225;vod_priloha_1<\/a><a href=\"\/media\/45894\/19668-72129.dwg?&amp;key=ZGpmIyQwNUZfNDU4OTQ=\" class=\"dwg\">Dokumenty &#8211; 3D modely_priloha_3<\/a><a href=\"\/media\/45895\/19668-72129.3ds?&amp;key=ZGpmIyQwNUZfNDU4OTU=\" class=\"3ds\">Dokumenty &#8211; 3D modely_priloha_2<\/a><a href=\"\/media\/45896\/19668-72129.dxf?&amp;key=ZGpmIyQwNUZfNDU4OTY=\" class=\"dxf\">Dokumenty &#8211; 3D modely_priloha_4<\/a><\/div>\n<p><bs-empty><\/bs-empty><\/div>\n<\/div>\n<div id=\"e8680663\" class=\"tabs\">\n","protected":false},"excerpt":{"rendered":"<p>\u0160irok\u00e1 nab\u00eddka tvar\u016f van VIVA &#8211; od klasick\u00e9ho a\u017e po ov\u00e1ln\u00fd tvar. Vana byla navr\u017eena s d\u016frazem na prakti\u010dnost a tvarovou variabilitu do r\u016fzn\u00fdch velikost\u00ed koupelen. Pro sv\u016fj design a pohodlnost se pr\u00e1vem \u0159ad\u00ed k nejprod\u00e1van\u011bj\u0161\u00edm. V kombinaci s vanovou z\u00e1st\u011bnou z\u00edsk\u00e1te pohodln\u00fd sprchovac\u00ed kout. Podm\u00ednkou z\u00e1ruky na produkt je pou\u017eit\u00ed doporu\u010den\u00e9ho typu podstavce. Vlastnosti [&hellip;]<\/p>\n","protected":false},"featured_media":42423,"template":"","meta":[],"product_brand":[],"product_cat":[61],"product_tag":[],"class_list":{"0":"post-42323","1":"product","2":"type-product","3":"status-publish","4":"has-post-thumbnail","6":"product_cat-vybaven-237-koupelny","8":"first","9":"instock","10":"sale","11":"shipping-taxable","12":"purchasable","13":"product-type-simple"},"yoast_head":"<!-- This site is optimized with the Yoast SEO plugin v26.8 - https:\/\/yoast.com\/product\/yoast-seo-wordpress\/ -->\n<title>Zlevn\u011bn\u00fd POLYSAN VIVA R asymetrick\u00e1 vana 185x80x47cm, b\u00edl\u00e1 - Hlavn\u00ed kl\u00ed\u010dov\u00e1 slova<\/title>\n<meta name=\"robots\" content=\"index, follow, max-snippet:-1, max-image-preview:large, max-video-preview:-1\" \/>\n<link rel=\"canonical\" href=\"https:\/\/www.domstavpro.com\/index.php\/produkt\/zlevneny-polysan-viva-r-asymetricka-vana-185x80x47cm-bila-42323\/\" \/>\n<meta property=\"og:locale\" content=\"cs_CZ\" \/>\n<meta property=\"og:type\" content=\"article\" \/>\n<meta property=\"og:title\" content=\"Zlevn\u011bn\u00fd POLYSAN VIVA R asymetrick\u00e1 vana 185x80x47cm, b\u00edl\u00e1 - Hlavn\u00ed kl\u00ed\u010dov\u00e1 slova\" \/>\n<meta property=\"og:description\" content=\"\u0160irok\u00e1 nab\u00eddka tvar\u016f van VIVA &#8211; od klasick\u00e9ho a\u017e po ov\u00e1ln\u00fd tvar. Vana byla navr\u017eena s d\u016frazem na prakti\u010dnost a tvarovou variabilitu do r\u016fzn\u00fdch velikost\u00ed koupelen. Pro sv\u016fj design a pohodlnost se pr\u00e1vem \u0159ad\u00ed k nejprod\u00e1van\u011bj\u0161\u00edm. V kombinaci s vanovou z\u00e1st\u011bnou z\u00edsk\u00e1te pohodln\u00fd sprchovac\u00ed kout. Podm\u00ednkou z\u00e1ruky na produkt je pou\u017eit\u00ed doporu\u010den\u00e9ho typu podstavce. Vlastnosti [&hellip;]\" \/>\n<meta property=\"og:url\" content=\"https:\/\/www.domstavpro.com\/index.php\/produkt\/zlevneny-polysan-viva-r-asymetricka-vana-185x80x47cm-bila-42323\/\" \/>\n<meta property=\"og:site_name\" content=\"Hlavn\u00ed kl\u00ed\u010dov\u00e1 slova\" \/>\n<meta property=\"og:image\" content=\"https:\/\/www.domstavpro.com\/wp-content\/uploads\/2026\/SK0029610-CZ20260425-093449-0-1777080896-polysan-viva-r-asymetricka-vana-185x80x47cm-bila.webp\" \/>\n\t<meta property=\"og:image:width\" content=\"1000\" \/>\n\t<meta property=\"og:image:height\" content=\"525\" \/>\n\t<meta property=\"og:image:type\" content=\"image\/webp\" \/>\n<meta name=\"twitter:card\" content=\"summary_large_image\" \/>\n<meta name=\"twitter:label1\" content=\"Odhadovan\u00e1 doba \u010dten\u00ed\" \/>\n\t<meta name=\"twitter:data1\" content=\"2 minuty\" \/>\n<script type=\"application\/ld+json\" class=\"yoast-schema-graph\">{\"@context\":\"https:\/\/schema.org\",\"@graph\":[{\"@type\":\"WebPage\",\"@id\":\"https:\/\/www.domstavpro.com\/index.php\/produkt\/zlevneny-polysan-viva-r-asymetricka-vana-185x80x47cm-bila-42323\/\",\"url\":\"https:\/\/www.domstavpro.com\/index.php\/produkt\/zlevneny-polysan-viva-r-asymetricka-vana-185x80x47cm-bila-42323\/\",\"name\":\"Zlevn\u011bn\u00fd POLYSAN VIVA R asymetrick\u00e1 vana 185x80x47cm, b\u00edl\u00e1 - Hlavn\u00ed kl\u00ed\u010dov\u00e1 slova\",\"isPartOf\":{\"@id\":\"https:\/\/www.domstavpro.com\/#website\"},\"primaryImageOfPage\":{\"@id\":\"https:\/\/www.domstavpro.com\/index.php\/produkt\/zlevneny-polysan-viva-r-asymetricka-vana-185x80x47cm-bila-42323\/#primaryimage\"},\"image\":{\"@id\":\"https:\/\/www.domstavpro.com\/index.php\/produkt\/zlevneny-polysan-viva-r-asymetricka-vana-185x80x47cm-bila-42323\/#primaryimage\"},\"thumbnailUrl\":\"https:\/\/www.domstavpro.com\/wp-content\/uploads\/2026\/SK0029610-CZ20260425-093449-0-1777080896-polysan-viva-r-asymetricka-vana-185x80x47cm-bila.webp\",\"datePublished\":\"2026-04-27T15:09:34+00:00\",\"breadcrumb\":{\"@id\":\"https:\/\/www.domstavpro.com\/index.php\/produkt\/zlevneny-polysan-viva-r-asymetricka-vana-185x80x47cm-bila-42323\/#breadcrumb\"},\"inLanguage\":\"cs\",\"potentialAction\":[{\"@type\":\"ReadAction\",\"target\":[\"https:\/\/www.domstavpro.com\/index.php\/produkt\/zlevneny-polysan-viva-r-asymetricka-vana-185x80x47cm-bila-42323\/\"]}]},{\"@type\":\"ImageObject\",\"inLanguage\":\"cs\",\"@id\":\"https:\/\/www.domstavpro.com\/index.php\/produkt\/zlevneny-polysan-viva-r-asymetricka-vana-185x80x47cm-bila-42323\/#primaryimage\",\"url\":\"https:\/\/www.domstavpro.com\/wp-content\/uploads\/2026\/SK0029610-CZ20260425-093449-0-1777080896-polysan-viva-r-asymetricka-vana-185x80x47cm-bila.webp\",\"contentUrl\":\"https:\/\/www.domstavpro.com\/wp-content\/uploads\/2026\/SK0029610-CZ20260425-093449-0-1777080896-polysan-viva-r-asymetricka-vana-185x80x47cm-bila.webp\",\"width\":1000,\"height\":525},{\"@type\":\"BreadcrumbList\",\"@id\":\"https:\/\/www.domstavpro.com\/index.php\/produkt\/zlevneny-polysan-viva-r-asymetricka-vana-185x80x47cm-bila-42323\/#breadcrumb\",\"itemListElement\":[{\"@type\":\"ListItem\",\"position\":1,\"name\":\"Home\",\"item\":\"https:\/\/www.domstavpro.com\/\"},{\"@type\":\"ListItem\",\"position\":2,\"name\":\"Products\",\"item\":\"https:\/\/www.domstavpro.com\/products\/\"},{\"@type\":\"ListItem\",\"position\":3,\"name\":\"Zlevn\u011bn\u00fd POLYSAN VIVA R asymetrick\u00e1 vana 185x80x47cm, b\u00edl\u00e1\"}]},{\"@type\":\"WebSite\",\"@id\":\"https:\/\/www.domstavpro.com\/#website\",\"url\":\"https:\/\/www.domstavpro.com\/\",\"name\":\"Hlavn\u00ed kl\u00ed\u010dov\u00e1 slova\",\"description\":\"Hlavn\u00ed kl\u00ed\u010dov\u00e1 slova\",\"publisher\":{\"@id\":\"https:\/\/www.domstavpro.com\/#organization\"},\"potentialAction\":[{\"@type\":\"SearchAction\",\"target\":{\"@type\":\"EntryPoint\",\"urlTemplate\":\"https:\/\/www.domstavpro.com\/?s={search_term_string}\"},\"query-input\":{\"@type\":\"PropertyValueSpecification\",\"valueRequired\":true,\"valueName\":\"search_term_string\"}}],\"inLanguage\":\"cs\"},{\"@type\":\"Organization\",\"@id\":\"https:\/\/www.domstavpro.com\/#organization\",\"name\":\"Hlavn\u00ed kl\u00ed\u010dov\u00e1 slova\",\"url\":\"https:\/\/www.domstavpro.com\/\",\"logo\":{\"@type\":\"ImageObject\",\"inLanguage\":\"cs\",\"@id\":\"https:\/\/www.domstavpro.com\/#\/schema\/logo\/image\/\",\"url\":\"https:\/\/www.domstavpro.com\/wp-content\/uploads\/2026\/04\/domstavpro_vector_logo.svg\",\"contentUrl\":\"https:\/\/www.domstavpro.com\/wp-content\/uploads\/2026\/04\/domstavpro_vector_logo.svg\",\"width\":820,\"height\":180,\"caption\":\"Hlavn\u00ed kl\u00ed\u010dov\u00e1 slova\"},\"image\":{\"@id\":\"https:\/\/www.domstavpro.com\/#\/schema\/logo\/image\/\"}}]}<\/script>\n<!-- \/ Yoast SEO plugin. -->","yoast_head_json":{"title":"Zlevn\u011bn\u00fd POLYSAN VIVA R asymetrick\u00e1 vana 185x80x47cm, b\u00edl\u00e1 - Hlavn\u00ed kl\u00ed\u010dov\u00e1 slova","robots":{"index":"index","follow":"follow","max-snippet":"max-snippet:-1","max-image-preview":"max-image-preview:large","max-video-preview":"max-video-preview:-1"},"canonical":"https:\/\/www.domstavpro.com\/index.php\/produkt\/zlevneny-polysan-viva-r-asymetricka-vana-185x80x47cm-bila-42323\/","og_locale":"cs_CZ","og_type":"article","og_title":"Zlevn\u011bn\u00fd POLYSAN VIVA R asymetrick\u00e1 vana 185x80x47cm, b\u00edl\u00e1 - Hlavn\u00ed kl\u00ed\u010dov\u00e1 slova","og_description":"\u0160irok\u00e1 nab\u00eddka tvar\u016f van VIVA &#8211; od klasick\u00e9ho a\u017e po ov\u00e1ln\u00fd tvar. Vana byla navr\u017eena s d\u016frazem na prakti\u010dnost a tvarovou variabilitu do r\u016fzn\u00fdch velikost\u00ed koupelen. Pro sv\u016fj design a pohodlnost se pr\u00e1vem \u0159ad\u00ed k nejprod\u00e1van\u011bj\u0161\u00edm. V kombinaci s vanovou z\u00e1st\u011bnou z\u00edsk\u00e1te pohodln\u00fd sprchovac\u00ed kout. Podm\u00ednkou z\u00e1ruky na produkt je pou\u017eit\u00ed doporu\u010den\u00e9ho typu podstavce. Vlastnosti [&hellip;]","og_url":"https:\/\/www.domstavpro.com\/index.php\/produkt\/zlevneny-polysan-viva-r-asymetricka-vana-185x80x47cm-bila-42323\/","og_site_name":"Hlavn\u00ed kl\u00ed\u010dov\u00e1 slova","og_image":[{"width":1000,"height":525,"url":"https:\/\/www.domstavpro.com\/wp-content\/uploads\/2026\/SK0029610-CZ20260425-093449-0-1777080896-polysan-viva-r-asymetricka-vana-185x80x47cm-bila.webp","type":"image\/webp"}],"twitter_card":"summary_large_image","twitter_misc":{"Odhadovan\u00e1 doba \u010dten\u00ed":"2 minuty"},"schema":{"@context":"https:\/\/schema.org","@graph":[{"@type":"WebPage","@id":"https:\/\/www.domstavpro.com\/index.php\/produkt\/zlevneny-polysan-viva-r-asymetricka-vana-185x80x47cm-bila-42323\/","url":"https:\/\/www.domstavpro.com\/index.php\/produkt\/zlevneny-polysan-viva-r-asymetricka-vana-185x80x47cm-bila-42323\/","name":"Zlevn\u011bn\u00fd POLYSAN VIVA R asymetrick\u00e1 vana 185x80x47cm, b\u00edl\u00e1 - Hlavn\u00ed kl\u00ed\u010dov\u00e1 slova","isPartOf":{"@id":"https:\/\/www.domstavpro.com\/#website"},"primaryImageOfPage":{"@id":"https:\/\/www.domstavpro.com\/index.php\/produkt\/zlevneny-polysan-viva-r-asymetricka-vana-185x80x47cm-bila-42323\/#primaryimage"},"image":{"@id":"https:\/\/www.domstavpro.com\/index.php\/produkt\/zlevneny-polysan-viva-r-asymetricka-vana-185x80x47cm-bila-42323\/#primaryimage"},"thumbnailUrl":"https:\/\/www.domstavpro.com\/wp-content\/uploads\/2026\/SK0029610-CZ20260425-093449-0-1777080896-polysan-viva-r-asymetricka-vana-185x80x47cm-bila.webp","datePublished":"2026-04-27T15:09:34+00:00","breadcrumb":{"@id":"https:\/\/www.domstavpro.com\/index.php\/produkt\/zlevneny-polysan-viva-r-asymetricka-vana-185x80x47cm-bila-42323\/#breadcrumb"},"inLanguage":"cs","potentialAction":[{"@type":"ReadAction","target":["https:\/\/www.domstavpro.com\/index.php\/produkt\/zlevneny-polysan-viva-r-asymetricka-vana-185x80x47cm-bila-42323\/"]}]},{"@type":"ImageObject","inLanguage":"cs","@id":"https:\/\/www.domstavpro.com\/index.php\/produkt\/zlevneny-polysan-viva-r-asymetricka-vana-185x80x47cm-bila-42323\/#primaryimage","url":"https:\/\/www.domstavpro.com\/wp-content\/uploads\/2026\/SK0029610-CZ20260425-093449-0-1777080896-polysan-viva-r-asymetricka-vana-185x80x47cm-bila.webp","contentUrl":"https:\/\/www.domstavpro.com\/wp-content\/uploads\/2026\/SK0029610-CZ20260425-093449-0-1777080896-polysan-viva-r-asymetricka-vana-185x80x47cm-bila.webp","width":1000,"height":525},{"@type":"BreadcrumbList","@id":"https:\/\/www.domstavpro.com\/index.php\/produkt\/zlevneny-polysan-viva-r-asymetricka-vana-185x80x47cm-bila-42323\/#breadcrumb","itemListElement":[{"@type":"ListItem","position":1,"name":"Home","item":"https:\/\/www.domstavpro.com\/"},{"@type":"ListItem","position":2,"name":"Products","item":"https:\/\/www.domstavpro.com\/products\/"},{"@type":"ListItem","position":3,"name":"Zlevn\u011bn\u00fd POLYSAN VIVA R asymetrick\u00e1 vana 185x80x47cm, b\u00edl\u00e1"}]},{"@type":"WebSite","@id":"https:\/\/www.domstavpro.com\/#website","url":"https:\/\/www.domstavpro.com\/","name":"Hlavn\u00ed kl\u00ed\u010dov\u00e1 slova","description":"Hlavn\u00ed kl\u00ed\u010dov\u00e1 slova","publisher":{"@id":"https:\/\/www.domstavpro.com\/#organization"},"potentialAction":[{"@type":"SearchAction","target":{"@type":"EntryPoint","urlTemplate":"https:\/\/www.domstavpro.com\/?s={search_term_string}"},"query-input":{"@type":"PropertyValueSpecification","valueRequired":true,"valueName":"search_term_string"}}],"inLanguage":"cs"},{"@type":"Organization","@id":"https:\/\/www.domstavpro.com\/#organization","name":"Hlavn\u00ed kl\u00ed\u010dov\u00e1 slova","url":"https:\/\/www.domstavpro.com\/","logo":{"@type":"ImageObject","inLanguage":"cs","@id":"https:\/\/www.domstavpro.com\/#\/schema\/logo\/image\/","url":"https:\/\/www.domstavpro.com\/wp-content\/uploads\/2026\/04\/domstavpro_vector_logo.svg","contentUrl":"https:\/\/www.domstavpro.com\/wp-content\/uploads\/2026\/04\/domstavpro_vector_logo.svg","width":820,"height":180,"caption":"Hlavn\u00ed kl\u00ed\u010dov\u00e1 slova"},"image":{"@id":"https:\/\/www.domstavpro.com\/#\/schema\/logo\/image\/"}}]}},"_links":{"self":[{"href":"https:\/\/www.domstavpro.com\/wp-json\/wp\/v2\/product\/42323","targetHints":{"allow":["GET"]}}],"collection":[{"href":"https:\/\/www.domstavpro.com\/wp-json\/wp\/v2\/product"}],"about":[{"href":"https:\/\/www.domstavpro.com\/wp-json\/wp\/v2\/types\/product"}],"wp:featuredmedia":[{"embeddable":true,"href":"https:\/\/www.domstavpro.com\/wp-json\/wp\/v2\/media\/42423"}],"wp:attachment":[{"href":"https:\/\/www.domstavpro.com\/wp-json\/wp\/v2\/media?parent=42323"}],"wp:term":[{"taxonomy":"product_brand","embeddable":true,"href":"https:\/\/www.domstavpro.com\/wp-json\/wp\/v2\/product_brand?post=42323"},{"taxonomy":"product_cat","embeddable":true,"href":"https:\/\/www.domstavpro.com\/wp-json\/wp\/v2\/product_cat?post=42323"},{"taxonomy":"product_tag","embeddable":true,"href":"https:\/\/www.domstavpro.com\/wp-json\/wp\/v2\/product_tag?post=42323"}],"curies":[{"name":"wp","href":"https:\/\/api.w.org\/{rel}","templated":true}]}}