{"id":42169,"date":"2026-04-27T15:09:33","date_gmt":"2026-04-27T15:09:33","guid":{"rendered":""},"modified":"2026-04-27T15:09:33","modified_gmt":"2026-04-27T15:09:33","slug":"znackovy-polysan-flexia-vanicka-z-liteho-mramoru-s-moznosti-upravy-rozmeru-100x80cm-42169","status":"publish","type":"product","link":"https:\/\/www.domstavpro.com\/index.php\/produkt\/znackovy-polysan-flexia-vanicka-z-liteho-mramoru-s-moznosti-upravy-rozmeru-100x80cm-42169\/","title":{"rendered":"Zna\u010dkov\u00fd POLYSAN FLEXIA vani\u010dka z lit\u00e9ho mramoru s mo\u017enost\u00ed \u00fapravy rozm\u011bru, 100x80cm"},"content":{"rendered":"<div id=\"e8657573\" class=\"pages\">\n<div>\n<div id=\"PDDescription\" class=\"UserContentView userContent v1a v1 bs-view dcon dc164 PDDescription\" ><dc-con><dc-con><bs-empty><\/bs-empty><\/dc-con><dc-con>        <\/p>\n<div class=\"customDescription\">                    <\/div>\n<p><\/dc-con><dc-con><\/p>\n<p>Tento rozm\u011br m\u00e1 jednu ze stran \u0159ezanou, a tak nen\u00ed pohledov\u00e1. Viz sch\u00e9ma, kde  je tato strana ozna\u010dena.<br \/>Mo\u017enost \u00fapravy rozm\u011br\u016f vani\u010dky sv\u00e9pomoc\u00ed dle  p\u0159ilo\u017een\u00e9ho n\u00e1vodu. \u00dapravou rozm\u011br\u016f vani\u010dky je zachov\u00e1na standardn\u00ed z\u00e1ruka na  v\u00fdrobek.<\/p>\n<p style=\"text-align: justify;\"><span>Vani\u010dka z lit\u00e9ho mramoru FLEXIA je prav\u00fdm \u0159e\u0161en\u00edm zejm\u00e9na p\u0159i v\u00fdm\u011bn\u011b vany za sprchov\u00fd kout. Elegantn\u00ed design vani\u010dky, ke kter\u00e9 je na v\u00fdb\u011br sifon s krytkou ve t\u0159ech barevn\u00fdch proveden\u00edch, dod\u00e1 va\u0161emu sprchov\u00e9mu koutu nezam\u011bniteln\u00fd a origin\u00e1ln\u00ed vzhled.<\/span><\/p>\n<ul style=\"text-align: justify;\">\n<li style=\"text-align: justify;\">Konstrukce podlahy &#8211; vani\u010dky umo\u017e\u0148uje jej\u00ed instalaci i do zcela netypick\u00fdch prostor jako jsou kouty s v\u00fd\u0159ezy, pop\u0159. do kout\u016f nepravideln\u00e9ho tvaru (vani\u010dky s \u00fakosem)<\/li>\n<li style=\"text-align: justify;\"><span>Sprchovou podlahu je mo\u017en\u00e9 \u0159ezem upravit na po\u017eadovan\u00fd rozm\u011br. \u0158ez podlahou FLEXIA mus\u00ed b\u00fdt rovn\u00fd (kr\u00e1cen\u00ed, \u00fakosy, v\u00fd\u0159ezy), nelze \u0159ezat do r\u00e1diusu (oblouky). Po\u017eadavek na \u00fapravu rozm\u011bru uv\u00e1d\u011bjte z\u00e1rove\u0148 s objedn\u00e1vkou vani\u010dky.<\/span><\/li>\n<li>P\u0159\u00edplatek za \u00fapravu rozm\u011bru dle platn\u00e9ho cen\u00edku<span><\/span><\/li>\n<li style=\"text-align: justify;\">\u010ctvercov\u00e9 a obd\u00e9ln\u00edkov\u00e9 vani\u010dky nab\u00edz\u00edme v \u0161\u00ed\u0159ce od 80 do 180 cm a v d\u00e9lce od 70 do 100 cm<\/li>\n<li style=\"text-align: justify;\">\u010ctvrtkruhov\u00e9 vani\u010dky nab\u00edz\u00edme v rozm\u011brech 80&#215;80 a\u017e 120&#215;90 cm<\/li>\n<li style=\"text-align: justify;\">Vani\u010dky lze instalovat s no\u017ei\u010dkami; vhodn\u00fd typ no\u017ei\u010dek je uveden u ka\u017ed\u00e9 vani\u010dky.&nbsp;<\/li>\n<li style=\"text-align: justify;\">Standardn\u00ed proveden\u00ed v b\u00edl\u00e9 barv\u011b, mo\u017eno objednat i barevn\u00e9 proveden\u00ed dle vzorn\u00edku RAL za p\u0159\u00edplatek 30 % k z\u00e1kladn\u00ed cen\u011b<\/li>\n<\/ul>\n<p style=\"text-align: justify;\">P\u0159i zad\u00e1v\u00e1n\u00ed rozm\u011br\u016f je d\u016fle\u017eit\u00e9 po\u010d\u00edtat s toleranc\u00ed na p\u0159esnost \u0159ezu. Sprchov\u00e9 podlahy FLEXIA jsou \u0159ez\u00e1ny na po\u017eadovan\u00fd rozm\u011br na strojn\u00ed form\u00e1tovac\u00ed pile s toleranc\u00ed \u00b1 2 mm na metr \u0159ezu. N\u00e1sledn\u00fd \u0159ez nen\u00ed pohledov\u00fd.<br \/><span style=\"line-height: 1.5;\">Um\u00edst\u011bn\u00ed otvoru na sifon je pevn\u011b dan\u00fd a nelze ho zm\u011bnit. Okolo sifonu je, vzhledem k pevnosti podlahy, doporu\u010deno p\u0159\u00edpadn\u00fd \u0159ez v\u00e9st minim\u00e1ln\u011b 15 cm od st\u0159edu sifonu.&nbsp;<br \/><span>Z&nbsp;d\u016fvodu dilatace nedoporu\u010dujeme mont\u00e1\u017e vani\u010dek pod obklad.<\/span><\/span><\/p>\n<ul>\n<li style=\"text-align: justify;\"><strong>Nutno objednat samostatn\u011b speci\u00e1ln\u00ed sifon s krytkou. Na v\u00fdb\u011br je sifon s krytkou v nerezu, b\u00edl\u00e9, \u010dern\u00e9 nebo zlat\u00e9 matn\u00e9 barv\u011b.<\/strong><\/li>\n<\/ul>\n<p style=\"text-align: justify;\">Na sprchov\u00e9 vani\u010dky POLYSAN vyroben\u00e9 z lit\u00e9ho mramoru poskytujeme z\u00e1ruku 2 roky.&nbsp;Podm\u00ednkou z\u00e1ruky je spr\u00e1vn\u00e9 usazen\u00ed podle n\u00e1vodu.<\/p>\n<p>P\u0159\u00edklady atypick\u00e9ho \u0159ezu:<\/p>\n<p style=\"float: left; width: 50%;\"><img decoding=\"async\" src=\"https:\/\/eshop.sapho.cz\/img\/_\/serie.550\/flexia-atyp-2-or.jpg\" width=\"350\" caption=\"false\" \/><\/p>\n<p style=\"float: left; width: 50%;\"><img decoding=\"async\" src=\"https:\/\/eshop.sapho.cz\/img\/_\/serie.550\/flexia-atyp-1-or.jpg\" width=\"350\" caption=\"false\" \/><\/p>\n<p style=\"clear: both;\">\n<h2 class=\"props-title\">Vlastnosti<\/h2>\n<table>\n<tr>\n<th>Zna\u010dka<\/th>\n<td>POLYSAN<\/td>\n<\/tr>\n<tr>\n<th>S\u00e9rie<\/th>\n<td>FLEXIA<\/td>\n<\/tr>\n<tr>\n<th>Rozm\u011br<\/th>\n<td>100x80x3 cm<\/td>\n<\/tr>\n<tr>\n<th>D\u00e9lka<\/th>\n<td>1000&nbsp;mm<\/td>\n<\/tr>\n<tr>\n<th>\u0160\u00ed\u0159ka<\/th>\n<td>800&nbsp;mm<\/td>\n<\/tr>\n<tr>\n<th>V\u00fd\u0161ka<\/th>\n<td>30&nbsp;mm<\/td>\n<\/tr>\n<tr>\n<th>Barva<\/th>\n<td>B\u00edl\u00e1<\/td>\n<\/tr>\n<tr>\n<th>Materi\u00e1l<\/th>\n<td>Lit\u00fd mramor<\/td>\n<\/tr>\n<tr>\n<th>Tvar<\/th>\n<td>Obd\u00e9ln\u00edkov\u00e9<\/td>\n<\/tr>\n<tr>\n<th>Pr\u016fm\u011br odpadu<\/th>\n<td>90&nbsp;mm<\/td>\n<\/tr>\n<tr>\n<th>Hmotnost \/ ks<\/th>\n<td>43.0000&nbsp;kg<\/td>\n<\/tr>\n<tr>\n<th>Balen\u00ed<\/th>\n<td>1&nbsp;ks<\/td>\n<\/tr>\n<tr>\n<th>EAN<\/th>\n<td>8590729080794<\/td>\n<\/tr>\n<tr>\n<th>Taric<\/th>\n<td>39221000<\/td>\n<\/tr>\n<tr>\n<th>Z\u00e1ruka<\/th>\n<td>2 roky<\/td>\n<\/tr>\n<\/table>\n<div class=\"product-explanation-item\">\n<h3><strong>Lit\u00fd mramor &#8211; materi\u00e1l s tepeln\u011b-izola\u010dn\u00edmi vlastnostmi, kter\u00e9 ocen\u00edte p\u0159i ka\u017ed\u00e9m doteku<\/strong><\/h3>\n<p style=\"text-align: justify;\">Pou\u017e\u00edv\u00e1 se pro v\u00fdrobu sprchov\u00fdch vani\u010dek, van, umyvadel i dal\u0161\u00edch produkt\u016f. Vyr\u00e1b\u00ed se ze sm\u011bsi mlet\u00e9ho v\u00e1pence, skl\u00e1\u0159sk\u00e9ho p\u00edsku, polyesterov\u00e9 prysky\u0159ice a barviv. V\u00fdrobky z lit\u00e9ho mramoru se vyzna\u010duj\u00ed vysokou pevnost\u00ed, nulov\u00fdm pr\u016fhybem, stabilitou a elegantn\u00edm designem.<\/p>\n<\/div>\n<p><\/dc-con><\/dc-con><\/div>\n<\/p><\/div>\n<div id=\"PDTable3\" class=\"ProductDetailTableView v3a v3 bs-view dcon dc185 PDTable3\" >\n<table>\n<thead><\/thead>\n<tbody>\n<tr class=\"attribute attr_typ\">\n<td class=\"caption\">Typ<\/td>\n<td class=\"value\">Obd\u00e9ln\u00edkov\u00e9<\/td>\n<\/tr>\n<tr class=\"attribute attr_material\">\n<td class=\"caption\">Materi\u00e1l<\/td>\n<td class=\"value\">Lit\u00fd mramor<\/td>\n<\/tr>\n<tr class=\"attribute attr_bsshop_maker\">\n<td class=\"caption\">V\u00fdrobce<\/td>\n<td class=\"value\">Polysan<\/td>\n<\/tr>\n<tr class=\"attribute attr_sirka\">\n<td class=\"caption\">\u0160\u00ed\u0159ka v mm<\/td>\n<td class=\"value\">1025<\/td>\n<\/tr>\n<tr class=\"attribute attr_Vyska\">\n<td class=\"caption\">V\u00fd\u0161ka v mm<\/td>\n<td class=\"value\">40<\/td>\n<\/tr>\n<tr class=\"weight\">\n<td class=\"caption\"><span>Hmotnost<\/span><\/td>\n<td class=\"value\"><span>43,00 kg<\/span><\/td>\n<\/tr>\n<\/tbody>\n<\/table>\n<\/div>\n<div id=\"ProductMedia\" class=\"ProductMediaView MediaViewBase v1a v1 bs-view dcon dc409 ProductMedia\" ><bs-empty><\/bs-empty><\/p>\n<div class=\"files\">\n<div class=\"title sub\">Soubory<\/div>\n<p><a href=\"\/media\/19775\/31894-navod-na-rezani-vanicky-flexia.PDF?&amp;key=ZGpmIyQwNUZfMTk3NzU=\" class=\"PDF\">Dokumenty &#8211; N&#225;vod_priloha_0<\/a><a href=\"\/media\/49768\/31894-web-59292-installation-manual-flexia.pdf?&amp;key=ZGpmIyQwNUZfNDk3Njg=\" class=\"pdf\">Dokumenty &#8211; N&#225;vod_priloha_1<\/a><a href=\"\/media\/50557\/31894-lity-mramor-pece-o-vyrobky.pdf?&amp;key=ZGpmIyQwNUZfNTA1NTc=\" class=\"pdf\">Dokumenty &#8211; &#218;dr\u017eba_priloha_2<\/a><\/div>\n<p><bs-empty><\/bs-empty><\/div>\n<\/div>\n<div id=\"e8657574\" class=\"tabs\">\n","protected":false},"excerpt":{"rendered":"<p>Tento rozm\u011br m\u00e1 jednu ze stran \u0159ezanou, a tak nen\u00ed pohledov\u00e1. Viz sch\u00e9ma, kde je tato strana ozna\u010dena.Mo\u017enost \u00fapravy rozm\u011br\u016f vani\u010dky sv\u00e9pomoc\u00ed dle p\u0159ilo\u017een\u00e9ho n\u00e1vodu. \u00dapravou rozm\u011br\u016f vani\u010dky je zachov\u00e1na standardn\u00ed z\u00e1ruka na v\u00fdrobek. Vani\u010dka z lit\u00e9ho mramoru FLEXIA je prav\u00fdm \u0159e\u0161en\u00edm zejm\u00e9na p\u0159i v\u00fdm\u011bn\u011b vany za sprchov\u00fd kout. Elegantn\u00ed design vani\u010dky, ke kter\u00e9 je [&hellip;]<\/p>\n","protected":false},"featured_media":42269,"comment_status":"open","ping_status":"open","template":"","meta":[],"product_brand":[],"product_cat":[61],"product_tag":[],"class_list":{"0":"post-42169","1":"product","2":"type-product","3":"status-publish","4":"has-post-thumbnail","6":"product_cat-vybaven-237-koupelny","8":"first","9":"instock","10":"sale","11":"shipping-taxable","12":"purchasable","13":"product-type-simple"},"yoast_head":"<!-- This site is optimized with the Yoast SEO plugin v26.8 - https:\/\/yoast.com\/product\/yoast-seo-wordpress\/ -->\n<title>Zna\u010dkov\u00fd POLYSAN FLEXIA vani\u010dka z lit\u00e9ho mramoru s mo\u017enost\u00ed \u00fapravy rozm\u011bru, 100x80cm -<\/title>\n<meta name=\"robots\" content=\"index, follow, max-snippet:-1, max-image-preview:large, max-video-preview:-1\" \/>\n<link rel=\"canonical\" href=\"https:\/\/www.domstavpro.com\/index.php\/produkt\/znackovy-polysan-flexia-vanicka-z-liteho-mramoru-s-moznosti-upravy-rozmeru-100x80cm-42169\/\" \/>\n<meta property=\"og:locale\" content=\"cs_CZ\" \/>\n<meta property=\"og:type\" content=\"article\" \/>\n<meta property=\"og:title\" content=\"Zna\u010dkov\u00fd POLYSAN FLEXIA vani\u010dka z lit\u00e9ho mramoru s mo\u017enost\u00ed \u00fapravy rozm\u011bru, 100x80cm -\" \/>\n<meta property=\"og:description\" content=\"Tento rozm\u011br m\u00e1 jednu ze stran \u0159ezanou, a tak nen\u00ed pohledov\u00e1. Viz sch\u00e9ma, kde je tato strana ozna\u010dena.Mo\u017enost \u00fapravy rozm\u011br\u016f vani\u010dky sv\u00e9pomoc\u00ed dle p\u0159ilo\u017een\u00e9ho n\u00e1vodu. \u00dapravou rozm\u011br\u016f vani\u010dky je zachov\u00e1na standardn\u00ed z\u00e1ruka na v\u00fdrobek. Vani\u010dka z lit\u00e9ho mramoru FLEXIA je prav\u00fdm \u0159e\u0161en\u00edm zejm\u00e9na p\u0159i v\u00fdm\u011bn\u011b vany za sprchov\u00fd kout. Elegantn\u00ed design vani\u010dky, ke kter\u00e9 je [&hellip;]\" \/>\n<meta property=\"og:url\" content=\"https:\/\/www.domstavpro.com\/index.php\/produkt\/znackovy-polysan-flexia-vanicka-z-liteho-mramoru-s-moznosti-upravy-rozmeru-100x80cm-42169\/\" \/>\n<meta property=\"og:image\" content=\"https:\/\/www.domstavpro.com\/wp-content\/uploads\/2026\/SK0029555-CZ20260425-093449-0-1777080896-polysan-flexia-vanicka-z-liteho-mramoru-s-moznosti-upravy-r.webp\" \/>\n\t<meta property=\"og:image:width\" content=\"1000\" \/>\n\t<meta property=\"og:image:height\" content=\"525\" \/>\n\t<meta property=\"og:image:type\" content=\"image\/webp\" \/>\n<meta name=\"twitter:card\" content=\"summary_large_image\" \/>\n<meta name=\"twitter:label1\" content=\"Odhadovan\u00e1 doba \u010dten\u00ed\" \/>\n\t<meta name=\"twitter:data1\" content=\"3 minuty\" \/>\n<script type=\"application\/ld+json\" class=\"yoast-schema-graph\">{\"@context\":\"https:\/\/schema.org\",\"@graph\":[{\"@type\":\"WebPage\",\"@id\":\"https:\/\/www.domstavpro.com\/index.php\/produkt\/znackovy-polysan-flexia-vanicka-z-liteho-mramoru-s-moznosti-upravy-rozmeru-100x80cm-42169\/\",\"url\":\"https:\/\/www.domstavpro.com\/index.php\/produkt\/znackovy-polysan-flexia-vanicka-z-liteho-mramoru-s-moznosti-upravy-rozmeru-100x80cm-42169\/\",\"name\":\"Zna\u010dkov\u00fd POLYSAN FLEXIA vani\u010dka z lit\u00e9ho mramoru s mo\u017enost\u00ed \u00fapravy rozm\u011bru, 100x80cm -\",\"isPartOf\":{\"@id\":\"https:\/\/www.domstavpro.com\/#website\"},\"primaryImageOfPage\":{\"@id\":\"https:\/\/www.domstavpro.com\/index.php\/produkt\/znackovy-polysan-flexia-vanicka-z-liteho-mramoru-s-moznosti-upravy-rozmeru-100x80cm-42169\/#primaryimage\"},\"image\":{\"@id\":\"https:\/\/www.domstavpro.com\/index.php\/produkt\/znackovy-polysan-flexia-vanicka-z-liteho-mramoru-s-moznosti-upravy-rozmeru-100x80cm-42169\/#primaryimage\"},\"thumbnailUrl\":\"https:\/\/www.domstavpro.com\/wp-content\/uploads\/2026\/SK0029555-CZ20260425-093449-0-1777080896-polysan-flexia-vanicka-z-liteho-mramoru-s-moznosti-upravy-r.webp\",\"datePublished\":\"2026-04-27T15:09:33+00:00\",\"breadcrumb\":{\"@id\":\"https:\/\/www.domstavpro.com\/index.php\/produkt\/znackovy-polysan-flexia-vanicka-z-liteho-mramoru-s-moznosti-upravy-rozmeru-100x80cm-42169\/#breadcrumb\"},\"inLanguage\":\"cs\",\"potentialAction\":[{\"@type\":\"ReadAction\",\"target\":[\"https:\/\/www.domstavpro.com\/index.php\/produkt\/znackovy-polysan-flexia-vanicka-z-liteho-mramoru-s-moznosti-upravy-rozmeru-100x80cm-42169\/\"]}]},{\"@type\":\"ImageObject\",\"inLanguage\":\"cs\",\"@id\":\"https:\/\/www.domstavpro.com\/index.php\/produkt\/znackovy-polysan-flexia-vanicka-z-liteho-mramoru-s-moznosti-upravy-rozmeru-100x80cm-42169\/#primaryimage\",\"url\":\"https:\/\/www.domstavpro.com\/wp-content\/uploads\/2026\/SK0029555-CZ20260425-093449-0-1777080896-polysan-flexia-vanicka-z-liteho-mramoru-s-moznosti-upravy-r.webp\",\"contentUrl\":\"https:\/\/www.domstavpro.com\/wp-content\/uploads\/2026\/SK0029555-CZ20260425-093449-0-1777080896-polysan-flexia-vanicka-z-liteho-mramoru-s-moznosti-upravy-r.webp\",\"width\":1000,\"height\":525},{\"@type\":\"BreadcrumbList\",\"@id\":\"https:\/\/www.domstavpro.com\/index.php\/produkt\/znackovy-polysan-flexia-vanicka-z-liteho-mramoru-s-moznosti-upravy-rozmeru-100x80cm-42169\/#breadcrumb\",\"itemListElement\":[{\"@type\":\"ListItem\",\"position\":1,\"name\":\"Home\",\"item\":\"https:\/\/www.domstavpro.com\/\"},{\"@type\":\"ListItem\",\"position\":2,\"name\":\"Products\",\"item\":\"https:\/\/www.domstavpro.com\/index.php\/products\/\"},{\"@type\":\"ListItem\",\"position\":3,\"name\":\"Zna\u010dkov\u00fd POLYSAN FLEXIA vani\u010dka z lit\u00e9ho mramoru s mo\u017enost\u00ed \u00fapravy rozm\u011bru, 100x80cm\"}]},{\"@type\":\"WebSite\",\"@id\":\"https:\/\/www.domstavpro.com\/#website\",\"url\":\"https:\/\/www.domstavpro.com\/\",\"name\":\"\",\"description\":\"\",\"potentialAction\":[{\"@type\":\"SearchAction\",\"target\":{\"@type\":\"EntryPoint\",\"urlTemplate\":\"https:\/\/www.domstavpro.com\/?s={search_term_string}\"},\"query-input\":{\"@type\":\"PropertyValueSpecification\",\"valueRequired\":true,\"valueName\":\"search_term_string\"}}],\"inLanguage\":\"cs\"}]}<\/script>\n<!-- \/ Yoast SEO plugin. -->","yoast_head_json":{"title":"Zna\u010dkov\u00fd POLYSAN FLEXIA vani\u010dka z lit\u00e9ho mramoru s mo\u017enost\u00ed \u00fapravy rozm\u011bru, 100x80cm -","robots":{"index":"index","follow":"follow","max-snippet":"max-snippet:-1","max-image-preview":"max-image-preview:large","max-video-preview":"max-video-preview:-1"},"canonical":"https:\/\/www.domstavpro.com\/index.php\/produkt\/znackovy-polysan-flexia-vanicka-z-liteho-mramoru-s-moznosti-upravy-rozmeru-100x80cm-42169\/","og_locale":"cs_CZ","og_type":"article","og_title":"Zna\u010dkov\u00fd POLYSAN FLEXIA vani\u010dka z lit\u00e9ho mramoru s mo\u017enost\u00ed \u00fapravy rozm\u011bru, 100x80cm -","og_description":"Tento rozm\u011br m\u00e1 jednu ze stran \u0159ezanou, a tak nen\u00ed pohledov\u00e1. Viz sch\u00e9ma, kde je tato strana ozna\u010dena.Mo\u017enost \u00fapravy rozm\u011br\u016f vani\u010dky sv\u00e9pomoc\u00ed dle p\u0159ilo\u017een\u00e9ho n\u00e1vodu. \u00dapravou rozm\u011br\u016f vani\u010dky je zachov\u00e1na standardn\u00ed z\u00e1ruka na v\u00fdrobek. Vani\u010dka z lit\u00e9ho mramoru FLEXIA je prav\u00fdm \u0159e\u0161en\u00edm zejm\u00e9na p\u0159i v\u00fdm\u011bn\u011b vany za sprchov\u00fd kout. Elegantn\u00ed design vani\u010dky, ke kter\u00e9 je [&hellip;]","og_url":"https:\/\/www.domstavpro.com\/index.php\/produkt\/znackovy-polysan-flexia-vanicka-z-liteho-mramoru-s-moznosti-upravy-rozmeru-100x80cm-42169\/","og_image":[{"width":1000,"height":525,"url":"https:\/\/www.domstavpro.com\/wp-content\/uploads\/2026\/SK0029555-CZ20260425-093449-0-1777080896-polysan-flexia-vanicka-z-liteho-mramoru-s-moznosti-upravy-r.webp","type":"image\/webp"}],"twitter_card":"summary_large_image","twitter_misc":{"Odhadovan\u00e1 doba \u010dten\u00ed":"3 minuty"},"schema":{"@context":"https:\/\/schema.org","@graph":[{"@type":"WebPage","@id":"https:\/\/www.domstavpro.com\/index.php\/produkt\/znackovy-polysan-flexia-vanicka-z-liteho-mramoru-s-moznosti-upravy-rozmeru-100x80cm-42169\/","url":"https:\/\/www.domstavpro.com\/index.php\/produkt\/znackovy-polysan-flexia-vanicka-z-liteho-mramoru-s-moznosti-upravy-rozmeru-100x80cm-42169\/","name":"Zna\u010dkov\u00fd POLYSAN FLEXIA vani\u010dka z lit\u00e9ho mramoru s mo\u017enost\u00ed \u00fapravy rozm\u011bru, 100x80cm -","isPartOf":{"@id":"https:\/\/www.domstavpro.com\/#website"},"primaryImageOfPage":{"@id":"https:\/\/www.domstavpro.com\/index.php\/produkt\/znackovy-polysan-flexia-vanicka-z-liteho-mramoru-s-moznosti-upravy-rozmeru-100x80cm-42169\/#primaryimage"},"image":{"@id":"https:\/\/www.domstavpro.com\/index.php\/produkt\/znackovy-polysan-flexia-vanicka-z-liteho-mramoru-s-moznosti-upravy-rozmeru-100x80cm-42169\/#primaryimage"},"thumbnailUrl":"https:\/\/www.domstavpro.com\/wp-content\/uploads\/2026\/SK0029555-CZ20260425-093449-0-1777080896-polysan-flexia-vanicka-z-liteho-mramoru-s-moznosti-upravy-r.webp","datePublished":"2026-04-27T15:09:33+00:00","breadcrumb":{"@id":"https:\/\/www.domstavpro.com\/index.php\/produkt\/znackovy-polysan-flexia-vanicka-z-liteho-mramoru-s-moznosti-upravy-rozmeru-100x80cm-42169\/#breadcrumb"},"inLanguage":"cs","potentialAction":[{"@type":"ReadAction","target":["https:\/\/www.domstavpro.com\/index.php\/produkt\/znackovy-polysan-flexia-vanicka-z-liteho-mramoru-s-moznosti-upravy-rozmeru-100x80cm-42169\/"]}]},{"@type":"ImageObject","inLanguage":"cs","@id":"https:\/\/www.domstavpro.com\/index.php\/produkt\/znackovy-polysan-flexia-vanicka-z-liteho-mramoru-s-moznosti-upravy-rozmeru-100x80cm-42169\/#primaryimage","url":"https:\/\/www.domstavpro.com\/wp-content\/uploads\/2026\/SK0029555-CZ20260425-093449-0-1777080896-polysan-flexia-vanicka-z-liteho-mramoru-s-moznosti-upravy-r.webp","contentUrl":"https:\/\/www.domstavpro.com\/wp-content\/uploads\/2026\/SK0029555-CZ20260425-093449-0-1777080896-polysan-flexia-vanicka-z-liteho-mramoru-s-moznosti-upravy-r.webp","width":1000,"height":525},{"@type":"BreadcrumbList","@id":"https:\/\/www.domstavpro.com\/index.php\/produkt\/znackovy-polysan-flexia-vanicka-z-liteho-mramoru-s-moznosti-upravy-rozmeru-100x80cm-42169\/#breadcrumb","itemListElement":[{"@type":"ListItem","position":1,"name":"Home","item":"https:\/\/www.domstavpro.com\/"},{"@type":"ListItem","position":2,"name":"Products","item":"https:\/\/www.domstavpro.com\/index.php\/products\/"},{"@type":"ListItem","position":3,"name":"Zna\u010dkov\u00fd POLYSAN FLEXIA vani\u010dka z lit\u00e9ho mramoru s mo\u017enost\u00ed \u00fapravy rozm\u011bru, 100x80cm"}]},{"@type":"WebSite","@id":"https:\/\/www.domstavpro.com\/#website","url":"https:\/\/www.domstavpro.com\/","name":"","description":"","potentialAction":[{"@type":"SearchAction","target":{"@type":"EntryPoint","urlTemplate":"https:\/\/www.domstavpro.com\/?s={search_term_string}"},"query-input":{"@type":"PropertyValueSpecification","valueRequired":true,"valueName":"search_term_string"}}],"inLanguage":"cs"}]}},"_links":{"self":[{"href":"https:\/\/www.domstavpro.com\/index.php\/wp-json\/wp\/v2\/product\/42169","targetHints":{"allow":["GET"]}}],"collection":[{"href":"https:\/\/www.domstavpro.com\/index.php\/wp-json\/wp\/v2\/product"}],"about":[{"href":"https:\/\/www.domstavpro.com\/index.php\/wp-json\/wp\/v2\/types\/product"}],"replies":[{"embeddable":true,"href":"https:\/\/www.domstavpro.com\/index.php\/wp-json\/wp\/v2\/comments?post=42169"}],"wp:featuredmedia":[{"embeddable":true,"href":"https:\/\/www.domstavpro.com\/index.php\/wp-json\/wp\/v2\/media\/42269"}],"wp:attachment":[{"href":"https:\/\/www.domstavpro.com\/index.php\/wp-json\/wp\/v2\/media?parent=42169"}],"wp:term":[{"taxonomy":"product_brand","embeddable":true,"href":"https:\/\/www.domstavpro.com\/index.php\/wp-json\/wp\/v2\/product_brand?post=42169"},{"taxonomy":"product_cat","embeddable":true,"href":"https:\/\/www.domstavpro.com\/index.php\/wp-json\/wp\/v2\/product_cat?post=42169"},{"taxonomy":"product_tag","embeddable":true,"href":"https:\/\/www.domstavpro.com\/index.php\/wp-json\/wp\/v2\/product_tag?post=42169"}],"curies":[{"name":"wp","href":"https:\/\/api.w.org\/{rel}","templated":true}]}}