{"id":42146,"date":"2026-04-27T15:09:33","date_gmt":"2026-04-27T15:09:33","guid":{"rendered":""},"modified":"2026-04-27T15:09:33","modified_gmt":"2026-04-27T15:09:33","slug":"znackovy-gelco-ema-sprchova-vanicka-z-liteho-mramoru-obdelnik-140x80cm-bila-42146","status":"publish","type":"product","link":"https:\/\/www.domstavpro.com\/index.php\/produkt\/znackovy-gelco-ema-sprchova-vanicka-z-liteho-mramoru-obdelnik-140x80cm-bila-42146\/","title":{"rendered":"Zna\u010dkov\u00fd GELCO EMA sprchov\u00e1 vani\u010dka z lit\u00e9ho mramoru, obd\u00e9ln\u00edk 140x80cm, b\u00edl\u00e1"},"content":{"rendered":"<div id=\"e8647578\" class=\"pages\">\n<div>\n<div id=\"PDDescription\" class=\"UserContentView userContent v1a v1 bs-view dcon dc164 PDDescription\" ><dc-con><dc-con><bs-empty><\/bs-empty><\/dc-con><dc-con>        <\/p>\n<div class=\"customDescription\">                    <\/div>\n<p><\/dc-con><dc-con><\/p>\n<p>Kryt sifonu je z lit\u00e9ho mramoru.<\/p>\n<h2 class=\"props-title\">Vlastnosti<\/h2>\n<table>\n<tr>\n<th>Zna\u010dka<\/th>\n<td>GELCO<\/td>\n<\/tr>\n<tr>\n<th>Rozm\u011br<\/th>\n<td>140x80x3 cm<\/td>\n<\/tr>\n<tr>\n<th>D\u00e9lka<\/th>\n<td>1400&nbsp;mm<\/td>\n<\/tr>\n<tr>\n<th>\u0160\u00ed\u0159ka<\/th>\n<td>800&nbsp;mm<\/td>\n<\/tr>\n<tr>\n<th>V\u00fd\u0161ka<\/th>\n<td>30&nbsp;mm<\/td>\n<\/tr>\n<tr>\n<th>Hloubka<\/th>\n<td>18&nbsp;mm<\/td>\n<\/tr>\n<tr>\n<th>Barva<\/th>\n<td>B\u00edl\u00e1<\/td>\n<\/tr>\n<tr>\n<th>Materi\u00e1l<\/th>\n<td>Lit\u00fd mramor<\/td>\n<\/tr>\n<tr>\n<th>Tvar<\/th>\n<td>Obd\u00e9ln\u00edkov\u00e9<\/td>\n<\/tr>\n<tr>\n<th>Pr\u016fm\u011br odpadu<\/th>\n<td>90&nbsp;mm<\/td>\n<\/tr>\n<tr>\n<th>Nosnost<\/th>\n<td>300.0000&nbsp;kg<\/td>\n<\/tr>\n<tr>\n<th>Reli\u00e9f (povrch) dna<\/th>\n<td>Profilovan\u00fd<\/td>\n<\/tr>\n<tr>\n<th>Hmotnost \/ ks<\/th>\n<td>82.0000&nbsp;kg<\/td>\n<\/tr>\n<tr>\n<th>Balen\u00ed<\/th>\n<td>1&nbsp;ks<\/td>\n<\/tr>\n<tr>\n<th>EAN<\/th>\n<td>8590913862717<\/td>\n<\/tr>\n<tr>\n<th>Taric<\/th>\n<td>39221000<\/td>\n<\/tr>\n<tr>\n<th>Z\u00e1ruka<\/th>\n<td>3 roky<\/td>\n<\/tr>\n<\/table>\n<div class=\"product-explanation-item\">\n<h3><strong>Lit\u00fd mramor &#8211; materi\u00e1l s tepeln\u011b-izola\u010dn\u00edmi vlastnostmi, kter\u00e9 ocen\u00edte p\u0159i ka\u017ed\u00e9m doteku<\/strong><\/h3>\n<p style=\"text-align: justify;\">Pou\u017e\u00edv\u00e1 se pro v\u00fdrobu sprchov\u00fdch vani\u010dek, van, umyvadel i dal\u0161\u00edch produkt\u016f. Vyr\u00e1b\u00ed se ze sm\u011bsi mlet\u00e9ho v\u00e1pence, skl\u00e1\u0159sk\u00e9ho p\u00edsku, polyesterov\u00e9 prysky\u0159ice a barviv. V\u00fdrobky z lit\u00e9ho mramoru se vyzna\u010duj\u00ed vysokou pevnost\u00ed, nulov\u00fdm pr\u016fhybem, stabilitou a elegantn\u00edm designem.<\/p>\n<\/div>\n<p><\/dc-con><\/dc-con><\/div>\n<\/p><\/div>\n<div id=\"PDTable3\" class=\"ProductDetailTableView v3a v3 bs-view dcon dc185 PDTable3\" >\n<table>\n<thead><\/thead>\n<tbody>\n<tr class=\"attribute attr_typ\">\n<td class=\"caption\">Typ<\/td>\n<td class=\"value\">Obd\u00e9ln\u00edkov\u00e9<\/td>\n<\/tr>\n<tr class=\"attribute attr_material\">\n<td class=\"caption\">Materi\u00e1l<\/td>\n<td class=\"value\">Lit\u00fd mramor<\/td>\n<\/tr>\n<tr class=\"attribute attr_bsshop_maker\">\n<td class=\"caption\">V\u00fdrobce<\/td>\n<td class=\"value\">Gelco<\/td>\n<\/tr>\n<tr class=\"attribute attr_sirka\">\n<td class=\"caption\">\u0160\u00ed\u0159ka v mm<\/td>\n<td class=\"value\">1420<\/td>\n<\/tr>\n<tr class=\"attribute attr_Vyska\">\n<td class=\"caption\">V\u00fd\u0161ka v mm<\/td>\n<td class=\"value\">60<\/td>\n<\/tr>\n<tr class=\"weight\">\n<td class=\"caption\"><span>Hmotnost<\/span><\/td>\n<td class=\"value\"><span>82,00 kg<\/span><\/td>\n<\/tr>\n<\/tbody>\n<\/table>\n<\/div>\n<div id=\"ProductMedia\" class=\"ProductMediaView MediaViewBase v1a v1 bs-view dcon dc409 ProductMedia\" ><bs-empty><\/bs-empty><\/p>\n<div class=\"files\">\n<div class=\"title sub\">Soubory<\/div>\n<p><a href=\"\/media\/20437\/36440-montazni-navod-vanicky-2021.PDF?&amp;key=ZGpmIyQwNUZfMjA0Mzc=\" class=\"PDF\">Dokumenty &#8211; N&#225;vod_priloha_0<\/a><\/div>\n<p><bs-empty><\/bs-empty><\/div>\n<\/div>\n<div id=\"e8647579\" class=\"tabs\">\n","protected":false},"excerpt":{"rendered":"<p>Kryt sifonu je z lit\u00e9ho mramoru. Vlastnosti Zna\u010dka GELCO Rozm\u011br 140x80x3 cm D\u00e9lka 1400&nbsp;mm \u0160\u00ed\u0159ka 800&nbsp;mm V\u00fd\u0161ka 30&nbsp;mm Hloubka 18&nbsp;mm Barva B\u00edl\u00e1 Materi\u00e1l Lit\u00fd mramor Tvar Obd\u00e9ln\u00edkov\u00e9 Pr\u016fm\u011br odpadu 90&nbsp;mm Nosnost 300.0000&nbsp;kg Reli\u00e9f (povrch) dna Profilovan\u00fd Hmotnost \/ ks 82.0000&nbsp;kg Balen\u00ed 1&nbsp;ks EAN 8590913862717 Taric 39221000 Z\u00e1ruka 3 roky Lit\u00fd mramor &#8211; materi\u00e1l s tepeln\u011b-izola\u010dn\u00edmi [&hellip;]<\/p>\n","protected":false},"featured_media":42246,"comment_status":"open","ping_status":"open","template":"","meta":[],"product_brand":[],"product_cat":[61],"product_tag":[],"class_list":{"0":"post-42146","1":"product","2":"type-product","3":"status-publish","4":"has-post-thumbnail","6":"product_cat-vybaven-237-koupelny","8":"first","9":"instock","10":"sale","11":"shipping-taxable","12":"purchasable","13":"product-type-simple"},"yoast_head":"<!-- This site is optimized with the Yoast SEO plugin v26.8 - https:\/\/yoast.com\/product\/yoast-seo-wordpress\/ -->\n<title>Zna\u010dkov\u00fd GELCO EMA sprchov\u00e1 vani\u010dka z lit\u00e9ho mramoru, obd\u00e9ln\u00edk 140x80cm, b\u00edl\u00e1 -<\/title>\n<meta name=\"robots\" content=\"index, follow, max-snippet:-1, max-image-preview:large, max-video-preview:-1\" \/>\n<link rel=\"canonical\" href=\"https:\/\/www.domstavpro.com\/index.php\/produkt\/znackovy-gelco-ema-sprchova-vanicka-z-liteho-mramoru-obdelnik-140x80cm-bila-42146\/\" \/>\n<meta property=\"og:locale\" content=\"cs_CZ\" \/>\n<meta property=\"og:type\" content=\"article\" \/>\n<meta property=\"og:title\" content=\"Zna\u010dkov\u00fd GELCO EMA sprchov\u00e1 vani\u010dka z lit\u00e9ho mramoru, obd\u00e9ln\u00edk 140x80cm, b\u00edl\u00e1 -\" \/>\n<meta property=\"og:description\" content=\"Kryt sifonu je z lit\u00e9ho mramoru. Vlastnosti Zna\u010dka GELCO Rozm\u011br 140x80x3 cm D\u00e9lka 1400&nbsp;mm \u0160\u00ed\u0159ka 800&nbsp;mm V\u00fd\u0161ka 30&nbsp;mm Hloubka 18&nbsp;mm Barva B\u00edl\u00e1 Materi\u00e1l Lit\u00fd mramor Tvar Obd\u00e9ln\u00edkov\u00e9 Pr\u016fm\u011br odpadu 90&nbsp;mm Nosnost 300.0000&nbsp;kg Reli\u00e9f (povrch) dna Profilovan\u00fd Hmotnost \/ ks 82.0000&nbsp;kg Balen\u00ed 1&nbsp;ks EAN 8590913862717 Taric 39221000 Z\u00e1ruka 3 roky Lit\u00fd mramor &#8211; materi\u00e1l s tepeln\u011b-izola\u010dn\u00edmi [&hellip;]\" \/>\n<meta property=\"og:url\" content=\"https:\/\/www.domstavpro.com\/index.php\/produkt\/znackovy-gelco-ema-sprchova-vanicka-z-liteho-mramoru-obdelnik-140x80cm-bila-42146\/\" \/>\n<meta property=\"og:image\" content=\"https:\/\/www.domstavpro.com\/wp-content\/uploads\/2026\/SK0029532-CZ20260425-093449-0-1777080896-gelco-ema-sprchova-vanicka-z-liteho-mramoru-obdelnik-140x80.webp\" \/>\n\t<meta property=\"og:image:width\" content=\"1000\" \/>\n\t<meta property=\"og:image:height\" content=\"525\" \/>\n\t<meta property=\"og:image:type\" content=\"image\/webp\" \/>\n<meta name=\"twitter:card\" content=\"summary_large_image\" \/>\n<meta name=\"twitter:label1\" content=\"Odhadovan\u00e1 doba \u010dten\u00ed\" \/>\n\t<meta name=\"twitter:data1\" content=\"1 minuta\" \/>\n<script type=\"application\/ld+json\" class=\"yoast-schema-graph\">{\"@context\":\"https:\/\/schema.org\",\"@graph\":[{\"@type\":\"WebPage\",\"@id\":\"https:\/\/www.domstavpro.com\/index.php\/produkt\/znackovy-gelco-ema-sprchova-vanicka-z-liteho-mramoru-obdelnik-140x80cm-bila-42146\/\",\"url\":\"https:\/\/www.domstavpro.com\/index.php\/produkt\/znackovy-gelco-ema-sprchova-vanicka-z-liteho-mramoru-obdelnik-140x80cm-bila-42146\/\",\"name\":\"Zna\u010dkov\u00fd GELCO EMA sprchov\u00e1 vani\u010dka z lit\u00e9ho mramoru, obd\u00e9ln\u00edk 140x80cm, b\u00edl\u00e1 -\",\"isPartOf\":{\"@id\":\"https:\/\/www.domstavpro.com\/#website\"},\"primaryImageOfPage\":{\"@id\":\"https:\/\/www.domstavpro.com\/index.php\/produkt\/znackovy-gelco-ema-sprchova-vanicka-z-liteho-mramoru-obdelnik-140x80cm-bila-42146\/#primaryimage\"},\"image\":{\"@id\":\"https:\/\/www.domstavpro.com\/index.php\/produkt\/znackovy-gelco-ema-sprchova-vanicka-z-liteho-mramoru-obdelnik-140x80cm-bila-42146\/#primaryimage\"},\"thumbnailUrl\":\"https:\/\/www.domstavpro.com\/wp-content\/uploads\/2026\/SK0029532-CZ20260425-093449-0-1777080896-gelco-ema-sprchova-vanicka-z-liteho-mramoru-obdelnik-140x80.webp\",\"datePublished\":\"2026-04-27T15:09:33+00:00\",\"breadcrumb\":{\"@id\":\"https:\/\/www.domstavpro.com\/index.php\/produkt\/znackovy-gelco-ema-sprchova-vanicka-z-liteho-mramoru-obdelnik-140x80cm-bila-42146\/#breadcrumb\"},\"inLanguage\":\"cs\",\"potentialAction\":[{\"@type\":\"ReadAction\",\"target\":[\"https:\/\/www.domstavpro.com\/index.php\/produkt\/znackovy-gelco-ema-sprchova-vanicka-z-liteho-mramoru-obdelnik-140x80cm-bila-42146\/\"]}]},{\"@type\":\"ImageObject\",\"inLanguage\":\"cs\",\"@id\":\"https:\/\/www.domstavpro.com\/index.php\/produkt\/znackovy-gelco-ema-sprchova-vanicka-z-liteho-mramoru-obdelnik-140x80cm-bila-42146\/#primaryimage\",\"url\":\"https:\/\/www.domstavpro.com\/wp-content\/uploads\/2026\/SK0029532-CZ20260425-093449-0-1777080896-gelco-ema-sprchova-vanicka-z-liteho-mramoru-obdelnik-140x80.webp\",\"contentUrl\":\"https:\/\/www.domstavpro.com\/wp-content\/uploads\/2026\/SK0029532-CZ20260425-093449-0-1777080896-gelco-ema-sprchova-vanicka-z-liteho-mramoru-obdelnik-140x80.webp\",\"width\":1000,\"height\":525},{\"@type\":\"BreadcrumbList\",\"@id\":\"https:\/\/www.domstavpro.com\/index.php\/produkt\/znackovy-gelco-ema-sprchova-vanicka-z-liteho-mramoru-obdelnik-140x80cm-bila-42146\/#breadcrumb\",\"itemListElement\":[{\"@type\":\"ListItem\",\"position\":1,\"name\":\"Home\",\"item\":\"https:\/\/www.domstavpro.com\/\"},{\"@type\":\"ListItem\",\"position\":2,\"name\":\"Products\",\"item\":\"https:\/\/www.domstavpro.com\/index.php\/products\/\"},{\"@type\":\"ListItem\",\"position\":3,\"name\":\"Zna\u010dkov\u00fd GELCO EMA sprchov\u00e1 vani\u010dka z lit\u00e9ho mramoru, obd\u00e9ln\u00edk 140x80cm, b\u00edl\u00e1\"}]},{\"@type\":\"WebSite\",\"@id\":\"https:\/\/www.domstavpro.com\/#website\",\"url\":\"https:\/\/www.domstavpro.com\/\",\"name\":\"\",\"description\":\"\",\"potentialAction\":[{\"@type\":\"SearchAction\",\"target\":{\"@type\":\"EntryPoint\",\"urlTemplate\":\"https:\/\/www.domstavpro.com\/?s={search_term_string}\"},\"query-input\":{\"@type\":\"PropertyValueSpecification\",\"valueRequired\":true,\"valueName\":\"search_term_string\"}}],\"inLanguage\":\"cs\"}]}<\/script>\n<!-- \/ Yoast SEO plugin. -->","yoast_head_json":{"title":"Zna\u010dkov\u00fd GELCO EMA sprchov\u00e1 vani\u010dka z lit\u00e9ho mramoru, obd\u00e9ln\u00edk 140x80cm, b\u00edl\u00e1 -","robots":{"index":"index","follow":"follow","max-snippet":"max-snippet:-1","max-image-preview":"max-image-preview:large","max-video-preview":"max-video-preview:-1"},"canonical":"https:\/\/www.domstavpro.com\/index.php\/produkt\/znackovy-gelco-ema-sprchova-vanicka-z-liteho-mramoru-obdelnik-140x80cm-bila-42146\/","og_locale":"cs_CZ","og_type":"article","og_title":"Zna\u010dkov\u00fd GELCO EMA sprchov\u00e1 vani\u010dka z lit\u00e9ho mramoru, obd\u00e9ln\u00edk 140x80cm, b\u00edl\u00e1 -","og_description":"Kryt sifonu je z lit\u00e9ho mramoru. Vlastnosti Zna\u010dka GELCO Rozm\u011br 140x80x3 cm D\u00e9lka 1400&nbsp;mm \u0160\u00ed\u0159ka 800&nbsp;mm V\u00fd\u0161ka 30&nbsp;mm Hloubka 18&nbsp;mm Barva B\u00edl\u00e1 Materi\u00e1l Lit\u00fd mramor Tvar Obd\u00e9ln\u00edkov\u00e9 Pr\u016fm\u011br odpadu 90&nbsp;mm Nosnost 300.0000&nbsp;kg Reli\u00e9f (povrch) dna Profilovan\u00fd Hmotnost \/ ks 82.0000&nbsp;kg Balen\u00ed 1&nbsp;ks EAN 8590913862717 Taric 39221000 Z\u00e1ruka 3 roky Lit\u00fd mramor &#8211; materi\u00e1l s tepeln\u011b-izola\u010dn\u00edmi [&hellip;]","og_url":"https:\/\/www.domstavpro.com\/index.php\/produkt\/znackovy-gelco-ema-sprchova-vanicka-z-liteho-mramoru-obdelnik-140x80cm-bila-42146\/","og_image":[{"width":1000,"height":525,"url":"https:\/\/www.domstavpro.com\/wp-content\/uploads\/2026\/SK0029532-CZ20260425-093449-0-1777080896-gelco-ema-sprchova-vanicka-z-liteho-mramoru-obdelnik-140x80.webp","type":"image\/webp"}],"twitter_card":"summary_large_image","twitter_misc":{"Odhadovan\u00e1 doba \u010dten\u00ed":"1 minuta"},"schema":{"@context":"https:\/\/schema.org","@graph":[{"@type":"WebPage","@id":"https:\/\/www.domstavpro.com\/index.php\/produkt\/znackovy-gelco-ema-sprchova-vanicka-z-liteho-mramoru-obdelnik-140x80cm-bila-42146\/","url":"https:\/\/www.domstavpro.com\/index.php\/produkt\/znackovy-gelco-ema-sprchova-vanicka-z-liteho-mramoru-obdelnik-140x80cm-bila-42146\/","name":"Zna\u010dkov\u00fd GELCO EMA sprchov\u00e1 vani\u010dka z lit\u00e9ho mramoru, obd\u00e9ln\u00edk 140x80cm, b\u00edl\u00e1 -","isPartOf":{"@id":"https:\/\/www.domstavpro.com\/#website"},"primaryImageOfPage":{"@id":"https:\/\/www.domstavpro.com\/index.php\/produkt\/znackovy-gelco-ema-sprchova-vanicka-z-liteho-mramoru-obdelnik-140x80cm-bila-42146\/#primaryimage"},"image":{"@id":"https:\/\/www.domstavpro.com\/index.php\/produkt\/znackovy-gelco-ema-sprchova-vanicka-z-liteho-mramoru-obdelnik-140x80cm-bila-42146\/#primaryimage"},"thumbnailUrl":"https:\/\/www.domstavpro.com\/wp-content\/uploads\/2026\/SK0029532-CZ20260425-093449-0-1777080896-gelco-ema-sprchova-vanicka-z-liteho-mramoru-obdelnik-140x80.webp","datePublished":"2026-04-27T15:09:33+00:00","breadcrumb":{"@id":"https:\/\/www.domstavpro.com\/index.php\/produkt\/znackovy-gelco-ema-sprchova-vanicka-z-liteho-mramoru-obdelnik-140x80cm-bila-42146\/#breadcrumb"},"inLanguage":"cs","potentialAction":[{"@type":"ReadAction","target":["https:\/\/www.domstavpro.com\/index.php\/produkt\/znackovy-gelco-ema-sprchova-vanicka-z-liteho-mramoru-obdelnik-140x80cm-bila-42146\/"]}]},{"@type":"ImageObject","inLanguage":"cs","@id":"https:\/\/www.domstavpro.com\/index.php\/produkt\/znackovy-gelco-ema-sprchova-vanicka-z-liteho-mramoru-obdelnik-140x80cm-bila-42146\/#primaryimage","url":"https:\/\/www.domstavpro.com\/wp-content\/uploads\/2026\/SK0029532-CZ20260425-093449-0-1777080896-gelco-ema-sprchova-vanicka-z-liteho-mramoru-obdelnik-140x80.webp","contentUrl":"https:\/\/www.domstavpro.com\/wp-content\/uploads\/2026\/SK0029532-CZ20260425-093449-0-1777080896-gelco-ema-sprchova-vanicka-z-liteho-mramoru-obdelnik-140x80.webp","width":1000,"height":525},{"@type":"BreadcrumbList","@id":"https:\/\/www.domstavpro.com\/index.php\/produkt\/znackovy-gelco-ema-sprchova-vanicka-z-liteho-mramoru-obdelnik-140x80cm-bila-42146\/#breadcrumb","itemListElement":[{"@type":"ListItem","position":1,"name":"Home","item":"https:\/\/www.domstavpro.com\/"},{"@type":"ListItem","position":2,"name":"Products","item":"https:\/\/www.domstavpro.com\/index.php\/products\/"},{"@type":"ListItem","position":3,"name":"Zna\u010dkov\u00fd GELCO EMA sprchov\u00e1 vani\u010dka z lit\u00e9ho mramoru, obd\u00e9ln\u00edk 140x80cm, b\u00edl\u00e1"}]},{"@type":"WebSite","@id":"https:\/\/www.domstavpro.com\/#website","url":"https:\/\/www.domstavpro.com\/","name":"","description":"","potentialAction":[{"@type":"SearchAction","target":{"@type":"EntryPoint","urlTemplate":"https:\/\/www.domstavpro.com\/?s={search_term_string}"},"query-input":{"@type":"PropertyValueSpecification","valueRequired":true,"valueName":"search_term_string"}}],"inLanguage":"cs"}]}},"_links":{"self":[{"href":"https:\/\/www.domstavpro.com\/index.php\/wp-json\/wp\/v2\/product\/42146","targetHints":{"allow":["GET"]}}],"collection":[{"href":"https:\/\/www.domstavpro.com\/index.php\/wp-json\/wp\/v2\/product"}],"about":[{"href":"https:\/\/www.domstavpro.com\/index.php\/wp-json\/wp\/v2\/types\/product"}],"replies":[{"embeddable":true,"href":"https:\/\/www.domstavpro.com\/index.php\/wp-json\/wp\/v2\/comments?post=42146"}],"wp:featuredmedia":[{"embeddable":true,"href":"https:\/\/www.domstavpro.com\/index.php\/wp-json\/wp\/v2\/media\/42246"}],"wp:attachment":[{"href":"https:\/\/www.domstavpro.com\/index.php\/wp-json\/wp\/v2\/media?parent=42146"}],"wp:term":[{"taxonomy":"product_brand","embeddable":true,"href":"https:\/\/www.domstavpro.com\/index.php\/wp-json\/wp\/v2\/product_brand?post=42146"},{"taxonomy":"product_cat","embeddable":true,"href":"https:\/\/www.domstavpro.com\/index.php\/wp-json\/wp\/v2\/product_cat?post=42146"},{"taxonomy":"product_tag","embeddable":true,"href":"https:\/\/www.domstavpro.com\/index.php\/wp-json\/wp\/v2\/product_tag?post=42146"}],"curies":[{"name":"wp","href":"https:\/\/api.w.org\/{rel}","templated":true}]}}