{"id":41895,"date":"2026-04-27T15:09:33","date_gmt":"2026-04-27T15:09:33","guid":{"rendered":""},"modified":"2026-04-27T15:09:33","modified_gmt":"2026-04-27T15:09:33","slug":"akce-aqualine-simplex-eco-vysoka-skrinka-s-kosem-30x180x30cm-41895","status":"publish","type":"product","link":"https:\/\/www.domstavpro.com\/index.php\/produkt\/akce-aqualine-simplex-eco-vysoka-skrinka-s-kosem-30x180x30cm-41895\/","title":{"rendered":"Akce AQUALINE SIMPLEX ECO vysok\u00e1 sk\u0159\u00ed\u0148ka s ko\u0161em 30x180x30cm"},"content":{"rendered":"<div id=\"e9249242\" class=\"pages\">\n<div>\n<div id=\"PDDescription\" class=\"UserContentView userContent v1a v1 bs-view dcon dc164 PDDescription\" ><dc-con><dc-con><bs-empty><\/bs-empty><\/dc-con><dc-con>        <\/p>\n<div class=\"customDescription\">                    <\/div>\n<p><\/dc-con><dc-con><\/p>\n<p style=\"text-align: justify;\">Koupelnov\u00fd n\u00e1bytek z&nbsp;b\u00edl\u00e9ho lamina, nejjednodu\u0161\u0161\u00ed \u0159e\u0161en\u00ed pro Va\u0161i koupelnu. Nab\u00eddka umyvadlov\u00fdch sk\u0159\u00edn\u011bk ve 4 rozm\u011brech v&nbsp;\u0161\u00ed\u0159k\u00e1ch od 50 cm do 65 cm v&nbsp;kombinaci s n\u011bkolika variantami dopl\u0148kov\u00fdch sk\u0159\u00edn\u011bk nab\u00edz\u00ed p\u0159\u00edzniv\u00e9 uspo\u0159\u00e1d\u00e1n\u00ed n\u00e1bytku t\u00e9m\u011b\u0159 do ka\u017ed\u00e9 koupelny za nejlep\u0161\u00ed cenu.<\/p>\n<ul>\n<li>ABS hrany 0,5 mm dostate\u010dn\u011b chr\u00e1n\u00ed p\u0159ed vlhkost\u00ed<\/li>\n<li>Mo\u017enost v\u00fdb\u011bru strany otev\u00edr\u00e1n\u00ed dv\u00ed\u0159ek p\u0159i mont\u00e1\u017ei<\/li>\n<li>Pochromovan\u00e9 madlo pro pohodln\u00e9 otev\u00edr\u00e1n\u00ed<\/li>\n<li>Dod\u00e1v\u00e1no v&nbsp;rozmontovan\u00e9m stavu pro snaz\u0161\u00ed manipulaci<\/li>\n<li>Matn\u00e9 proveden\u00ed<\/li>\n<\/ul>\n<h2 class=\"props-title\">Vlastnosti<\/h2>\n<table>\n<tr>\n<th>Zna\u010dka<\/th>\n<td>AQUALINE<\/td>\n<\/tr>\n<tr>\n<th>S\u00e9rie<\/th>\n<td>SIMPLEX ECO<\/td>\n<\/tr>\n<tr>\n<th>Rozm\u011br<\/th>\n<td>30x180x30cm<\/td>\n<\/tr>\n<tr>\n<th>\u0160\u00ed\u0159ka<\/th>\n<td>300&nbsp;mm<\/td>\n<\/tr>\n<tr>\n<th>V\u00fd\u0161ka<\/th>\n<td>1800&nbsp;mm<\/td>\n<\/tr>\n<tr>\n<th>Hloubka<\/th>\n<td>300&nbsp;mm<\/td>\n<\/tr>\n<tr>\n<th>Barva<\/th>\n<td>B\u00edl\u00e1<\/td>\n<\/tr>\n<tr>\n<th>Materi\u00e1l<\/th>\n<td>MDF\/lamino<\/td>\n<\/tr>\n<tr>\n<th>Instalace<\/th>\n<td>K postaven\u00ed<\/td>\n<\/tr>\n<tr>\n<th>Typ sk\u0159\u00ed\u0148ky<\/th>\n<td>Dv\u00ed\u0159ka<\/td>\n<\/tr>\n<tr>\n<th>Sm\u011br otev\u00edr\u00e1n\u00ed<\/th>\n<td>Univerz\u00e1ln\u00ed<\/td>\n<\/tr>\n<tr>\n<th>V\u00fdbava<\/th>\n<td>Ko\u0161 na pr\u00e1dlo: sou\u010d\u00e1st\u00ed, Nutn\u00e1 mont\u00e1\u017e<\/td>\n<\/tr>\n<tr>\n<th>Hmotnost \/ ks<\/th>\n<td>23.5000&nbsp;kg<\/td>\n<\/tr>\n<tr>\n<th>Balen\u00ed<\/th>\n<td>1&nbsp;ks<\/td>\n<\/tr>\n<tr>\n<th>EAN<\/th>\n<td>8590913852183<\/td>\n<\/tr>\n<tr>\n<th>Taric<\/th>\n<td>94036090<\/td>\n<\/tr>\n<tr>\n<th>Z\u00e1ruka<\/th>\n<td>2 roky<\/td>\n<\/tr>\n<\/table>\n<div class=\"product-explanation-item\">\n<h3>Sm\u011br otev\u00edr\u00e1n\u00ed &#8211; univerz\u00e1ln\u00ed<\/h3>\n<p style=\"text-align: justify;\">Instalace je mo\u017en\u00e1 s lev\u00fdm nebo prav\u00fdm otev\u00edr\u00e1n\u00edm dve\u0159\u00ed.<\/p>\n<\/div>\n<div class=\"product-explanation-item\">\n<h3>Nutn\u00e1 mont\u00e1\u017e<\/h3>\n<p style=\"text-align: justify;\">Z d\u016fvodu lep\u0161\u00ed manipulace je v\u00fdrobek dod\u00e1v\u00e1n v rozmontovan\u00e9m stavu (Flat pack).<\/p>\n<\/div>\n<p><\/dc-con><\/dc-con><\/div>\n<\/p><\/div>\n<div id=\"PDTable3\" class=\"ProductDetailTableView v3a v3 bs-view dcon dc185 PDTable3\" >\n<table>\n<thead><\/thead>\n<tbody>\n<tr class=\"attribute attr_bsshop_maker\">\n<td class=\"caption\">V\u00fdrobce<\/td>\n<td class=\"value\">Aqualine<\/td>\n<\/tr>\n<tr class=\"attribute attr_sirka\">\n<td class=\"caption\">\u0160\u00ed\u0159ka v mm<\/td>\n<td class=\"value\">1820<\/td>\n<\/tr>\n<tr class=\"attribute attr_Vyska\">\n<td class=\"caption\">V\u00fd\u0161ka v mm<\/td>\n<td class=\"value\">95<\/td>\n<\/tr>\n<tr class=\"weight\">\n<td class=\"caption\"><span>Hmotnost<\/span><\/td>\n<td class=\"value\"><span>23,50 kg<\/span><\/td>\n<\/tr>\n<\/tbody>\n<\/table>\n<\/div>\n<div id=\"ProductMedia\" class=\"ProductMediaView MediaViewBase v1a v1 bs-view dcon dc409 ProductMedia\" ><bs-empty><\/bs-empty><\/p>\n<div class=\"files\">\n<div class=\"title sub\">Soubory<\/div>\n<p><a href=\"\/media\/19676\/31429-sime310-510.PDF?&amp;key=ZGpmIyQwNUZfMTk2NzY=\" class=\"PDF\">Dokumenty &#8211; N&#225;vod_priloha_0<\/a><\/div>\n<p><bs-empty><\/bs-empty><\/div>\n<div id=\"PdProductGpsr\" class=\"ProductGpsrView v1a v1 bs-view dcon dc217 PdProductGpsr\" >\n<div class=\"subject\"><dc-root class=\"dcon dc219\"><span class=\"title\">Zodpov\u011bdn&#253; subjekt:<\/span><dc-con><dc-con><span class=\"company\">UBC s.r.o.<\/span><span class=\"name\">Ubc<\/span><\/dc-con><dc-con><span class=\"street\">M\u011blnick&#225; 87<\/span><span class=\"city\">L&#237;beznice<\/span><span class=\"zip\">250 65<\/span><span class=\"country\">\u010cesko<\/span><\/dc-con><span class=\"email\">info@ubc-group.cz<\/span><span class=\"phone\">283 090 704<\/span><bs-empty><\/bs-empty><a href=\"https:\/\/www.ubc-group.cz\/#kontakt\" class=\"link\" target=\"_blank\">https:\/\/www.ubc-group.cz\/#kontakt<\/a><\/dc-con><bs-empty><\/bs-empty><\/dc-root><\/div>\n<p><bs-empty><\/bs-empty><\/div>\n<\/div>\n<div id=\"e9249243\" class=\"tabs\">\n","protected":false},"excerpt":{"rendered":"<p>Koupelnov\u00fd n\u00e1bytek z&nbsp;b\u00edl\u00e9ho lamina, nejjednodu\u0161\u0161\u00ed \u0159e\u0161en\u00ed pro Va\u0161i koupelnu. Nab\u00eddka umyvadlov\u00fdch sk\u0159\u00edn\u011bk ve 4 rozm\u011brech v&nbsp;\u0161\u00ed\u0159k\u00e1ch od 50 cm do 65 cm v&nbsp;kombinaci s n\u011bkolika variantami dopl\u0148kov\u00fdch sk\u0159\u00edn\u011bk nab\u00edz\u00ed p\u0159\u00edzniv\u00e9 uspo\u0159\u00e1d\u00e1n\u00ed n\u00e1bytku t\u00e9m\u011b\u0159 do ka\u017ed\u00e9 koupelny za nejlep\u0161\u00ed cenu. ABS hrany 0,5 mm dostate\u010dn\u011b chr\u00e1n\u00ed p\u0159ed vlhkost\u00ed Mo\u017enost v\u00fdb\u011bru strany otev\u00edr\u00e1n\u00ed dv\u00ed\u0159ek p\u0159i mont\u00e1\u017ei Pochromovan\u00e9 [&hellip;]<\/p>\n","protected":false},"featured_media":41995,"comment_status":"open","ping_status":"open","template":"","meta":[],"product_brand":[],"product_cat":[61],"product_tag":[],"class_list":{"0":"post-41895","1":"product","2":"type-product","3":"status-publish","4":"has-post-thumbnail","6":"product_cat-vybaven-237-koupelny","8":"first","9":"instock","10":"sale","11":"shipping-taxable","12":"purchasable","13":"product-type-simple"},"yoast_head":"<!-- This site is optimized with the Yoast SEO plugin v26.8 - https:\/\/yoast.com\/product\/yoast-seo-wordpress\/ -->\n<title>Akce AQUALINE SIMPLEX ECO vysok\u00e1 sk\u0159\u00ed\u0148ka s ko\u0161em 30x180x30cm -<\/title>\n<meta name=\"robots\" content=\"index, follow, max-snippet:-1, max-image-preview:large, max-video-preview:-1\" \/>\n<link rel=\"canonical\" href=\"https:\/\/www.domstavpro.com\/index.php\/produkt\/akce-aqualine-simplex-eco-vysoka-skrinka-s-kosem-30x180x30cm-41895\/\" \/>\n<meta property=\"og:locale\" content=\"cs_CZ\" \/>\n<meta property=\"og:type\" content=\"article\" \/>\n<meta property=\"og:title\" content=\"Akce AQUALINE SIMPLEX ECO vysok\u00e1 sk\u0159\u00ed\u0148ka s ko\u0161em 30x180x30cm -\" \/>\n<meta property=\"og:description\" content=\"Koupelnov\u00fd n\u00e1bytek z&nbsp;b\u00edl\u00e9ho lamina, nejjednodu\u0161\u0161\u00ed \u0159e\u0161en\u00ed pro Va\u0161i koupelnu. Nab\u00eddka umyvadlov\u00fdch sk\u0159\u00edn\u011bk ve 4 rozm\u011brech v&nbsp;\u0161\u00ed\u0159k\u00e1ch od 50 cm do 65 cm v&nbsp;kombinaci s n\u011bkolika variantami dopl\u0148kov\u00fdch sk\u0159\u00edn\u011bk nab\u00edz\u00ed p\u0159\u00edzniv\u00e9 uspo\u0159\u00e1d\u00e1n\u00ed n\u00e1bytku t\u00e9m\u011b\u0159 do ka\u017ed\u00e9 koupelny za nejlep\u0161\u00ed cenu. ABS hrany 0,5 mm dostate\u010dn\u011b chr\u00e1n\u00ed p\u0159ed vlhkost\u00ed Mo\u017enost v\u00fdb\u011bru strany otev\u00edr\u00e1n\u00ed dv\u00ed\u0159ek p\u0159i mont\u00e1\u017ei Pochromovan\u00e9 [&hellip;]\" \/>\n<meta property=\"og:url\" content=\"https:\/\/www.domstavpro.com\/index.php\/produkt\/akce-aqualine-simplex-eco-vysoka-skrinka-s-kosem-30x180x30cm-41895\/\" \/>\n<meta property=\"og:image\" content=\"https:\/\/www.domstavpro.com\/wp-content\/uploads\/2026\/SK0029380-CZ20260425-093449-0-1777080896-aqualine-simplex-eco-vysoka-skrinka-s-kosem-30x180x30cm.webp\" \/>\n\t<meta property=\"og:image:width\" content=\"1000\" \/>\n\t<meta property=\"og:image:height\" content=\"525\" \/>\n\t<meta property=\"og:image:type\" content=\"image\/webp\" \/>\n<meta name=\"twitter:card\" content=\"summary_large_image\" \/>\n<meta name=\"twitter:label1\" content=\"Odhadovan\u00e1 doba \u010dten\u00ed\" \/>\n\t<meta name=\"twitter:data1\" content=\"1 minuta\" \/>\n<script type=\"application\/ld+json\" class=\"yoast-schema-graph\">{\"@context\":\"https:\/\/schema.org\",\"@graph\":[{\"@type\":\"WebPage\",\"@id\":\"https:\/\/www.domstavpro.com\/index.php\/produkt\/akce-aqualine-simplex-eco-vysoka-skrinka-s-kosem-30x180x30cm-41895\/\",\"url\":\"https:\/\/www.domstavpro.com\/index.php\/produkt\/akce-aqualine-simplex-eco-vysoka-skrinka-s-kosem-30x180x30cm-41895\/\",\"name\":\"Akce AQUALINE SIMPLEX ECO vysok\u00e1 sk\u0159\u00ed\u0148ka s ko\u0161em 30x180x30cm -\",\"isPartOf\":{\"@id\":\"https:\/\/www.domstavpro.com\/#website\"},\"primaryImageOfPage\":{\"@id\":\"https:\/\/www.domstavpro.com\/index.php\/produkt\/akce-aqualine-simplex-eco-vysoka-skrinka-s-kosem-30x180x30cm-41895\/#primaryimage\"},\"image\":{\"@id\":\"https:\/\/www.domstavpro.com\/index.php\/produkt\/akce-aqualine-simplex-eco-vysoka-skrinka-s-kosem-30x180x30cm-41895\/#primaryimage\"},\"thumbnailUrl\":\"https:\/\/www.domstavpro.com\/wp-content\/uploads\/2026\/SK0029380-CZ20260425-093449-0-1777080896-aqualine-simplex-eco-vysoka-skrinka-s-kosem-30x180x30cm.webp\",\"datePublished\":\"2026-04-27T15:09:33+00:00\",\"breadcrumb\":{\"@id\":\"https:\/\/www.domstavpro.com\/index.php\/produkt\/akce-aqualine-simplex-eco-vysoka-skrinka-s-kosem-30x180x30cm-41895\/#breadcrumb\"},\"inLanguage\":\"cs\",\"potentialAction\":[{\"@type\":\"ReadAction\",\"target\":[\"https:\/\/www.domstavpro.com\/index.php\/produkt\/akce-aqualine-simplex-eco-vysoka-skrinka-s-kosem-30x180x30cm-41895\/\"]}]},{\"@type\":\"ImageObject\",\"inLanguage\":\"cs\",\"@id\":\"https:\/\/www.domstavpro.com\/index.php\/produkt\/akce-aqualine-simplex-eco-vysoka-skrinka-s-kosem-30x180x30cm-41895\/#primaryimage\",\"url\":\"https:\/\/www.domstavpro.com\/wp-content\/uploads\/2026\/SK0029380-CZ20260425-093449-0-1777080896-aqualine-simplex-eco-vysoka-skrinka-s-kosem-30x180x30cm.webp\",\"contentUrl\":\"https:\/\/www.domstavpro.com\/wp-content\/uploads\/2026\/SK0029380-CZ20260425-093449-0-1777080896-aqualine-simplex-eco-vysoka-skrinka-s-kosem-30x180x30cm.webp\",\"width\":1000,\"height\":525},{\"@type\":\"BreadcrumbList\",\"@id\":\"https:\/\/www.domstavpro.com\/index.php\/produkt\/akce-aqualine-simplex-eco-vysoka-skrinka-s-kosem-30x180x30cm-41895\/#breadcrumb\",\"itemListElement\":[{\"@type\":\"ListItem\",\"position\":1,\"name\":\"Home\",\"item\":\"https:\/\/www.domstavpro.com\/\"},{\"@type\":\"ListItem\",\"position\":2,\"name\":\"Products\",\"item\":\"https:\/\/www.domstavpro.com\/index.php\/products\/\"},{\"@type\":\"ListItem\",\"position\":3,\"name\":\"Akce AQUALINE SIMPLEX ECO vysok\u00e1 sk\u0159\u00ed\u0148ka s ko\u0161em 30x180x30cm\"}]},{\"@type\":\"WebSite\",\"@id\":\"https:\/\/www.domstavpro.com\/#website\",\"url\":\"https:\/\/www.domstavpro.com\/\",\"name\":\"\",\"description\":\"\",\"potentialAction\":[{\"@type\":\"SearchAction\",\"target\":{\"@type\":\"EntryPoint\",\"urlTemplate\":\"https:\/\/www.domstavpro.com\/?s={search_term_string}\"},\"query-input\":{\"@type\":\"PropertyValueSpecification\",\"valueRequired\":true,\"valueName\":\"search_term_string\"}}],\"inLanguage\":\"cs\"}]}<\/script>\n<!-- \/ Yoast SEO plugin. -->","yoast_head_json":{"title":"Akce AQUALINE SIMPLEX ECO vysok\u00e1 sk\u0159\u00ed\u0148ka s ko\u0161em 30x180x30cm -","robots":{"index":"index","follow":"follow","max-snippet":"max-snippet:-1","max-image-preview":"max-image-preview:large","max-video-preview":"max-video-preview:-1"},"canonical":"https:\/\/www.domstavpro.com\/index.php\/produkt\/akce-aqualine-simplex-eco-vysoka-skrinka-s-kosem-30x180x30cm-41895\/","og_locale":"cs_CZ","og_type":"article","og_title":"Akce AQUALINE SIMPLEX ECO vysok\u00e1 sk\u0159\u00ed\u0148ka s ko\u0161em 30x180x30cm -","og_description":"Koupelnov\u00fd n\u00e1bytek z&nbsp;b\u00edl\u00e9ho lamina, nejjednodu\u0161\u0161\u00ed \u0159e\u0161en\u00ed pro Va\u0161i koupelnu. Nab\u00eddka umyvadlov\u00fdch sk\u0159\u00edn\u011bk ve 4 rozm\u011brech v&nbsp;\u0161\u00ed\u0159k\u00e1ch od 50 cm do 65 cm v&nbsp;kombinaci s n\u011bkolika variantami dopl\u0148kov\u00fdch sk\u0159\u00edn\u011bk nab\u00edz\u00ed p\u0159\u00edzniv\u00e9 uspo\u0159\u00e1d\u00e1n\u00ed n\u00e1bytku t\u00e9m\u011b\u0159 do ka\u017ed\u00e9 koupelny za nejlep\u0161\u00ed cenu. ABS hrany 0,5 mm dostate\u010dn\u011b chr\u00e1n\u00ed p\u0159ed vlhkost\u00ed Mo\u017enost v\u00fdb\u011bru strany otev\u00edr\u00e1n\u00ed dv\u00ed\u0159ek p\u0159i mont\u00e1\u017ei Pochromovan\u00e9 [&hellip;]","og_url":"https:\/\/www.domstavpro.com\/index.php\/produkt\/akce-aqualine-simplex-eco-vysoka-skrinka-s-kosem-30x180x30cm-41895\/","og_image":[{"width":1000,"height":525,"url":"https:\/\/www.domstavpro.com\/wp-content\/uploads\/2026\/SK0029380-CZ20260425-093449-0-1777080896-aqualine-simplex-eco-vysoka-skrinka-s-kosem-30x180x30cm.webp","type":"image\/webp"}],"twitter_card":"summary_large_image","twitter_misc":{"Odhadovan\u00e1 doba \u010dten\u00ed":"1 minuta"},"schema":{"@context":"https:\/\/schema.org","@graph":[{"@type":"WebPage","@id":"https:\/\/www.domstavpro.com\/index.php\/produkt\/akce-aqualine-simplex-eco-vysoka-skrinka-s-kosem-30x180x30cm-41895\/","url":"https:\/\/www.domstavpro.com\/index.php\/produkt\/akce-aqualine-simplex-eco-vysoka-skrinka-s-kosem-30x180x30cm-41895\/","name":"Akce AQUALINE SIMPLEX ECO vysok\u00e1 sk\u0159\u00ed\u0148ka s ko\u0161em 30x180x30cm -","isPartOf":{"@id":"https:\/\/www.domstavpro.com\/#website"},"primaryImageOfPage":{"@id":"https:\/\/www.domstavpro.com\/index.php\/produkt\/akce-aqualine-simplex-eco-vysoka-skrinka-s-kosem-30x180x30cm-41895\/#primaryimage"},"image":{"@id":"https:\/\/www.domstavpro.com\/index.php\/produkt\/akce-aqualine-simplex-eco-vysoka-skrinka-s-kosem-30x180x30cm-41895\/#primaryimage"},"thumbnailUrl":"https:\/\/www.domstavpro.com\/wp-content\/uploads\/2026\/SK0029380-CZ20260425-093449-0-1777080896-aqualine-simplex-eco-vysoka-skrinka-s-kosem-30x180x30cm.webp","datePublished":"2026-04-27T15:09:33+00:00","breadcrumb":{"@id":"https:\/\/www.domstavpro.com\/index.php\/produkt\/akce-aqualine-simplex-eco-vysoka-skrinka-s-kosem-30x180x30cm-41895\/#breadcrumb"},"inLanguage":"cs","potentialAction":[{"@type":"ReadAction","target":["https:\/\/www.domstavpro.com\/index.php\/produkt\/akce-aqualine-simplex-eco-vysoka-skrinka-s-kosem-30x180x30cm-41895\/"]}]},{"@type":"ImageObject","inLanguage":"cs","@id":"https:\/\/www.domstavpro.com\/index.php\/produkt\/akce-aqualine-simplex-eco-vysoka-skrinka-s-kosem-30x180x30cm-41895\/#primaryimage","url":"https:\/\/www.domstavpro.com\/wp-content\/uploads\/2026\/SK0029380-CZ20260425-093449-0-1777080896-aqualine-simplex-eco-vysoka-skrinka-s-kosem-30x180x30cm.webp","contentUrl":"https:\/\/www.domstavpro.com\/wp-content\/uploads\/2026\/SK0029380-CZ20260425-093449-0-1777080896-aqualine-simplex-eco-vysoka-skrinka-s-kosem-30x180x30cm.webp","width":1000,"height":525},{"@type":"BreadcrumbList","@id":"https:\/\/www.domstavpro.com\/index.php\/produkt\/akce-aqualine-simplex-eco-vysoka-skrinka-s-kosem-30x180x30cm-41895\/#breadcrumb","itemListElement":[{"@type":"ListItem","position":1,"name":"Home","item":"https:\/\/www.domstavpro.com\/"},{"@type":"ListItem","position":2,"name":"Products","item":"https:\/\/www.domstavpro.com\/index.php\/products\/"},{"@type":"ListItem","position":3,"name":"Akce AQUALINE SIMPLEX ECO vysok\u00e1 sk\u0159\u00ed\u0148ka s ko\u0161em 30x180x30cm"}]},{"@type":"WebSite","@id":"https:\/\/www.domstavpro.com\/#website","url":"https:\/\/www.domstavpro.com\/","name":"","description":"","potentialAction":[{"@type":"SearchAction","target":{"@type":"EntryPoint","urlTemplate":"https:\/\/www.domstavpro.com\/?s={search_term_string}"},"query-input":{"@type":"PropertyValueSpecification","valueRequired":true,"valueName":"search_term_string"}}],"inLanguage":"cs"}]}},"_links":{"self":[{"href":"https:\/\/www.domstavpro.com\/index.php\/wp-json\/wp\/v2\/product\/41895","targetHints":{"allow":["GET"]}}],"collection":[{"href":"https:\/\/www.domstavpro.com\/index.php\/wp-json\/wp\/v2\/product"}],"about":[{"href":"https:\/\/www.domstavpro.com\/index.php\/wp-json\/wp\/v2\/types\/product"}],"replies":[{"embeddable":true,"href":"https:\/\/www.domstavpro.com\/index.php\/wp-json\/wp\/v2\/comments?post=41895"}],"wp:featuredmedia":[{"embeddable":true,"href":"https:\/\/www.domstavpro.com\/index.php\/wp-json\/wp\/v2\/media\/41995"}],"wp:attachment":[{"href":"https:\/\/www.domstavpro.com\/index.php\/wp-json\/wp\/v2\/media?parent=41895"}],"wp:term":[{"taxonomy":"product_brand","embeddable":true,"href":"https:\/\/www.domstavpro.com\/index.php\/wp-json\/wp\/v2\/product_brand?post=41895"},{"taxonomy":"product_cat","embeddable":true,"href":"https:\/\/www.domstavpro.com\/index.php\/wp-json\/wp\/v2\/product_cat?post=41895"},{"taxonomy":"product_tag","embeddable":true,"href":"https:\/\/www.domstavpro.com\/index.php\/wp-json\/wp\/v2\/product_tag?post=41895"}],"curies":[{"name":"wp","href":"https:\/\/api.w.org\/{rel}","templated":true}]}}