{"id":41784,"date":"2026-04-27T15:09:33","date_gmt":"2026-04-27T15:09:33","guid":{"rendered":""},"modified":"2026-04-27T15:09:33","modified_gmt":"2026-04-27T15:09:33","slug":"akce-aqualine-zoja-keramia-fresh-skrinka-vysoka-s-kosem-35x184x29cm-bila-41784","status":"publish","type":"product","link":"https:\/\/www.domstavpro.com\/index.php\/produkt\/akce-aqualine-zoja-keramia-fresh-skrinka-vysoka-s-kosem-35x184x29cm-bila-41784\/","title":{"rendered":"Akce AQUALINE ZOJA\/KERAMIA FRESH sk\u0159\u00ed\u0148ka vysok\u00e1 s ko\u0161em 35x184x29cm, b\u00edl\u00e1"},"content":{"rendered":"<div id=\"e8560947\" class=\"pages\">\n<div>\n<div id=\"PDDescription\" class=\"UserContentView userContent v1a v1 bs-view dcon dc164 PDDescription\" ><dc-con><dc-con><bs-empty><\/bs-empty><\/dc-con><dc-con>        <\/p>\n<div class=\"customDescription\">                    <\/div>\n<p><\/dc-con><dc-con><\/p>\n<ul>\n<li>Otvory pro \u00fachytku jsou z vnit\u0159n\u00ed strany nazna\u010deny,\u00a0dle zvolen\u00e9   strany otev\u00edr\u00e1n\u00ed je t\u0159eba je vyvrtat   <\/li>\n<li>Sk\u0159\u00ed\u0148ka je standardn\u011b dod\u00e1v\u00e1na se 2 druhy \u00fachytek \u2013 hranat\u00e9 (Zoja) a   kulat\u00e9 (Keramia Fresh), aby ji bylo mo\u017eno kombinovat s dal\u0161\u00edmi sk\u0159\u00ed\u0148kami Zoja   i Keramia Fresh<\/li>\n<\/ul>\n<p style=\"text-align: justify;\">ZOJA &#8211; nov\u00e1 generace koupelnov\u00e9ho n\u00e1bytku. Modern\u00ed design umyvadel je slad\u011bn s&nbsp;ostr\u00fdmi hranami sk\u0159\u00edn\u011bk a podtr\u017een elegantn\u00edmi ploch\u00fdmi \u00fachytkami v chromu. Umyvadlov\u00e9 sk\u0159\u00ed\u0148ky jsou z\u00e1v\u011bsn\u00e9, ale n\u011bkter\u00e9 z nich lze opat\u0159it i podp\u011brn\u00fdmi nohami pro jednodu\u0161\u0161\u00ed instalaci. Sk\u0159\u00ed\u0148ky jsou nab\u00edzeny v proveden\u00ed leskl\u00e1 b\u00edl\u00e1 a <span>ve sv\u011btl\u00e9m d\u0159ev\u011bn\u00e9m dekoru dub platin<\/span>. Kolekci&nbsp;lze kombinovat s \u0161irokou nab\u00eddkou dopl\u0148kov\u00fdch sk\u0159\u00edn\u011bk, zrcadel a galerek.<\/p>\n<p style=\"text-align: justify;\">Nevystavujte n\u00e1bytek trval\u00e9 vlhkosti a styku s vodou. Koupelnu v\u017edy&nbsp;\u0159\u00e1dn\u011b&nbsp;odv\u011btrejte. P\u0159i zkroucen\u00ed korpusu sk\u0159\u00ed\u0148ky m\u016f\u017ee doj\u00edt&nbsp;k poru\u0161e funkce dov\u00edrac\u00edch mechanism\u016f.&nbsp;Proti p\u0159\u00edpadn\u00e9mu zat\u00e9k\u00e1n\u00ed vody do sk\u0159\u00ed\u0148ky pou\u017eijte silikonov\u00fd tmel.<\/p>\n<h2 class=\"props-title\">Vlastnosti<\/h2>\n<table>\n<tr>\n<th>Zna\u010dka<\/th>\n<td>AQUALINE<\/td>\n<\/tr>\n<tr>\n<th>S\u00e9rie<\/th>\n<td>ZOJA<\/td>\n<\/tr>\n<tr>\n<th>3D model<\/th>\n<td>ANO<\/td>\n<\/tr>\n<tr>\n<th>Rozm\u011br<\/th>\n<td>35x184x29 cm<\/td>\n<\/tr>\n<tr>\n<th>\u0160\u00ed\u0159ka<\/th>\n<td>350&nbsp;mm<\/td>\n<\/tr>\n<tr>\n<th>V\u00fd\u0161ka<\/th>\n<td>1840&nbsp;mm<\/td>\n<\/tr>\n<tr>\n<th>Hloubka<\/th>\n<td>290&nbsp;mm<\/td>\n<\/tr>\n<tr>\n<th>Barva<\/th>\n<td>B\u00edl\u00e1<\/td>\n<\/tr>\n<tr>\n<th>Materi\u00e1l<\/th>\n<td>MDF\/lamino<\/td>\n<\/tr>\n<tr>\n<th>Instalace<\/th>\n<td>Z\u00e1v\u011bsn\u00e9\/k postaven\u00ed<\/td>\n<\/tr>\n<tr>\n<th>Typ sk\u0159\u00ed\u0148ky<\/th>\n<td>Z\u00e1suvky a dv\u00ed\u0159ka<\/td>\n<\/tr>\n<tr>\n<th>Sm\u011br otev\u00edr\u00e1n\u00ed<\/th>\n<td>Univerz\u00e1ln\u00ed<\/td>\n<\/tr>\n<tr>\n<th>V\u00fdbava<\/th>\n<td>Ko\u0161 na pr\u00e1dlo: sou\u010d\u00e1st\u00ed, Nutn\u00e1 mont\u00e1\u017e<\/td>\n<\/tr>\n<tr>\n<th>Balen\u00ed obsahuje<\/th>\n<td>\u00dachytka<\/td>\n<\/tr>\n<tr>\n<th>Hmotnost \/ ks<\/th>\n<td>30.0000&nbsp;kg<\/td>\n<\/tr>\n<tr>\n<th>Balen\u00ed<\/th>\n<td>1&nbsp;ks<\/td>\n<\/tr>\n<tr>\n<th>EAN<\/th>\n<td>8590913839702<\/td>\n<\/tr>\n<tr>\n<th>Taric<\/th>\n<td>94036090<\/td>\n<\/tr>\n<tr>\n<th>Z\u00e1ruka<\/th>\n<td>2 roky<\/td>\n<\/tr>\n<\/table>\n<div class=\"product-explanation-item\">\n<h3>Sm\u011br otev\u00edr\u00e1n\u00ed &#8211; univerz\u00e1ln\u00ed<\/h3>\n<p style=\"text-align: justify;\">Instalace je mo\u017en\u00e1 s lev\u00fdm nebo prav\u00fdm otev\u00edr\u00e1n\u00edm dve\u0159\u00ed.<\/p>\n<\/div>\n<div class=\"product-explanation-item\">\n<h3>Nutn\u00e1 mont\u00e1\u017e<\/h3>\n<p style=\"text-align: justify;\">Z d\u016fvodu lep\u0161\u00ed manipulace je v\u00fdrobek dod\u00e1v\u00e1n v rozmontovan\u00e9m stavu (Flat pack).<\/p>\n<\/div>\n<h2 class=\"props-title\">Videa<\/h2>\n<p><a target=\"_blank\"  href=\"https:\/\/ubc.k2.cz\/K2FTPdata\/UBC\/video\/produkt_ostatne\/aqualine-nabytek-zoja.mp4\">https:\/\/ubc.k2.cz\/K2FTPdata\/UBC\/video\/produkt_ostatne\/aqualine-nabytek-zoja.mp4<\/a><br \/><\/dc-con><\/dc-con><\/div>\n<\/p><\/div>\n<div id=\"PDTable3\" class=\"ProductDetailTableView v3a v3 bs-view dcon dc185 PDTable3\" >\n<table>\n<thead><\/thead>\n<tbody>\n<tr class=\"attribute attr_bsshop_maker\">\n<td class=\"caption\">V\u00fdrobce<\/td>\n<td class=\"value\">Aqualine<\/td>\n<\/tr>\n<tr class=\"attribute attr_sirka\">\n<td class=\"caption\">\u0160\u00ed\u0159ka v mm<\/td>\n<td class=\"value\">1855<\/td>\n<\/tr>\n<tr class=\"attribute attr_Vyska\">\n<td class=\"caption\">V\u00fd\u0161ka v mm<\/td>\n<td class=\"value\">95<\/td>\n<\/tr>\n<tr class=\"weight\">\n<td class=\"caption\"><span>Hmotnost<\/span><\/td>\n<td class=\"value\"><span>30,00 kg<\/span><\/td>\n<\/tr>\n<\/tbody>\n<\/table>\n<\/div>\n<div id=\"ProductMedia\" class=\"ProductMediaView MediaViewBase v1a v1 bs-view dcon dc409 ProductMedia\" ><bs-empty><\/bs-empty><\/p>\n<div class=\"files\">\n<div class=\"title sub\">Soubory<\/div>\n<p><a href=\"\/media\/16526\/12506-51230.DXF?&amp;key=ZGpmIyQwNUZfMTY1MjY=\" class=\"DXF\">Dokumenty &#8211; 3D modely_priloha_3<\/a><a href=\"\/media\/16527\/12506-51230.3DS?&amp;key=ZGpmIyQwNUZfMTY1Mjc=\" class=\"3DS\">Dokumenty &#8211; 3D modely_priloha_4<\/a><a href=\"\/media\/16528\/12506-51230.O2C?&amp;key=ZGpmIyQwNUZfMTY1Mjg=\" class=\"O2C\">Dokumenty &#8211; 3D modely_priloha_1<\/a><a href=\"\/media\/16529\/12506-51230-51231-51232-navod.PDF?&amp;key=ZGpmIyQwNUZfMTY1Mjk=\" class=\"PDF\">Dokumenty &#8211; N&#225;vod_priloha_0<\/a><a href=\"\/media\/16530\/12506-51230.DWG?&amp;key=ZGpmIyQwNUZfMTY1MzA=\" class=\"DWG\">Dokumenty &#8211; 3D modely_priloha_2<\/a><\/div>\n<p><bs-empty><\/bs-empty><\/div>\n<div id=\"PdProductGpsr\" class=\"ProductGpsrView v1a v1 bs-view dcon dc217 PdProductGpsr\" >\n<div class=\"subject\"><dc-root class=\"dcon dc219\"><span class=\"title\">Zodpov\u011bdn&#253; subjekt:<\/span><dc-con><dc-con><span class=\"company\">UBC s.r.o.<\/span><span class=\"name\">Ubc<\/span><\/dc-con><dc-con><span class=\"street\">M\u011blnick&#225; 87<\/span><span class=\"city\">L&#237;beznice<\/span><span class=\"zip\">250 65<\/span><span class=\"country\">\u010cesko<\/span><\/dc-con><span class=\"email\">info@ubc-group.cz<\/span><span class=\"phone\">283 090 704<\/span><bs-empty><\/bs-empty><a href=\"https:\/\/www.ubc-group.cz\/#kontakt\" class=\"link\" target=\"_blank\">https:\/\/www.ubc-group.cz\/#kontakt<\/a><\/dc-con><bs-empty><\/bs-empty><\/dc-root><\/div>\n<p><bs-empty><\/bs-empty><\/div>\n<\/div>\n<div id=\"e8560948\" class=\"tabs\">\n","protected":false},"excerpt":{"rendered":"<p>Otvory pro \u00fachytku jsou z vnit\u0159n\u00ed strany nazna\u010deny,\u00a0dle zvolen\u00e9 strany otev\u00edr\u00e1n\u00ed je t\u0159eba je vyvrtat Sk\u0159\u00ed\u0148ka je standardn\u011b dod\u00e1v\u00e1na se 2 druhy \u00fachytek \u2013 hranat\u00e9 (Zoja) a kulat\u00e9 (Keramia Fresh), aby ji bylo mo\u017eno kombinovat s dal\u0161\u00edmi sk\u0159\u00ed\u0148kami Zoja i Keramia Fresh ZOJA &#8211; nov\u00e1 generace koupelnov\u00e9ho n\u00e1bytku. Modern\u00ed design umyvadel je slad\u011bn s&nbsp;ostr\u00fdmi hranami [&hellip;]<\/p>\n","protected":false},"featured_media":41884,"comment_status":"open","ping_status":"open","template":"","meta":[],"product_brand":[],"product_cat":[61],"product_tag":[],"class_list":{"0":"post-41784","1":"product","2":"type-product","3":"status-publish","4":"has-post-thumbnail","6":"product_cat-vybaven-237-koupelny","8":"first","9":"instock","10":"sale","11":"shipping-taxable","12":"purchasable","13":"product-type-simple"},"yoast_head":"<!-- This site is optimized with the Yoast SEO plugin v26.8 - https:\/\/yoast.com\/product\/yoast-seo-wordpress\/ -->\n<title>Akce AQUALINE ZOJA\/KERAMIA FRESH sk\u0159\u00ed\u0148ka vysok\u00e1 s ko\u0161em 35x184x29cm, b\u00edl\u00e1 -<\/title>\n<meta name=\"robots\" content=\"index, follow, max-snippet:-1, max-image-preview:large, max-video-preview:-1\" \/>\n<link rel=\"canonical\" href=\"https:\/\/www.domstavpro.com\/index.php\/produkt\/akce-aqualine-zoja-keramia-fresh-skrinka-vysoka-s-kosem-35x184x29cm-bila-41784\/\" \/>\n<meta property=\"og:locale\" content=\"cs_CZ\" \/>\n<meta property=\"og:type\" content=\"article\" \/>\n<meta property=\"og:title\" content=\"Akce AQUALINE ZOJA\/KERAMIA FRESH sk\u0159\u00ed\u0148ka vysok\u00e1 s ko\u0161em 35x184x29cm, b\u00edl\u00e1 -\" \/>\n<meta property=\"og:description\" content=\"Otvory pro \u00fachytku jsou z vnit\u0159n\u00ed strany nazna\u010deny,\u00a0dle zvolen\u00e9 strany otev\u00edr\u00e1n\u00ed je t\u0159eba je vyvrtat Sk\u0159\u00ed\u0148ka je standardn\u011b dod\u00e1v\u00e1na se 2 druhy \u00fachytek \u2013 hranat\u00e9 (Zoja) a kulat\u00e9 (Keramia Fresh), aby ji bylo mo\u017eno kombinovat s dal\u0161\u00edmi sk\u0159\u00ed\u0148kami Zoja i Keramia Fresh ZOJA &#8211; nov\u00e1 generace koupelnov\u00e9ho n\u00e1bytku. Modern\u00ed design umyvadel je slad\u011bn s&nbsp;ostr\u00fdmi hranami [&hellip;]\" \/>\n<meta property=\"og:url\" content=\"https:\/\/www.domstavpro.com\/index.php\/produkt\/akce-aqualine-zoja-keramia-fresh-skrinka-vysoka-s-kosem-35x184x29cm-bila-41784\/\" \/>\n<meta property=\"og:image\" content=\"https:\/\/www.domstavpro.com\/wp-content\/uploads\/2026\/SK0029369-CZ20260425-093449-0-1777080896-aqualine-zoja-keramia-fresh-skrinka-vysoka-s-kosem-35x184x2.webp\" \/>\n\t<meta property=\"og:image:width\" content=\"1000\" \/>\n\t<meta property=\"og:image:height\" content=\"525\" \/>\n\t<meta property=\"og:image:type\" content=\"image\/webp\" \/>\n<meta name=\"twitter:card\" content=\"summary_large_image\" \/>\n<meta name=\"twitter:label1\" content=\"Odhadovan\u00e1 doba \u010dten\u00ed\" \/>\n\t<meta name=\"twitter:data1\" content=\"2 minuty\" \/>\n<script type=\"application\/ld+json\" class=\"yoast-schema-graph\">{\"@context\":\"https:\/\/schema.org\",\"@graph\":[{\"@type\":\"WebPage\",\"@id\":\"https:\/\/www.domstavpro.com\/index.php\/produkt\/akce-aqualine-zoja-keramia-fresh-skrinka-vysoka-s-kosem-35x184x29cm-bila-41784\/\",\"url\":\"https:\/\/www.domstavpro.com\/index.php\/produkt\/akce-aqualine-zoja-keramia-fresh-skrinka-vysoka-s-kosem-35x184x29cm-bila-41784\/\",\"name\":\"Akce AQUALINE ZOJA\/KERAMIA FRESH sk\u0159\u00ed\u0148ka vysok\u00e1 s ko\u0161em 35x184x29cm, b\u00edl\u00e1 -\",\"isPartOf\":{\"@id\":\"https:\/\/www.domstavpro.com\/#website\"},\"primaryImageOfPage\":{\"@id\":\"https:\/\/www.domstavpro.com\/index.php\/produkt\/akce-aqualine-zoja-keramia-fresh-skrinka-vysoka-s-kosem-35x184x29cm-bila-41784\/#primaryimage\"},\"image\":{\"@id\":\"https:\/\/www.domstavpro.com\/index.php\/produkt\/akce-aqualine-zoja-keramia-fresh-skrinka-vysoka-s-kosem-35x184x29cm-bila-41784\/#primaryimage\"},\"thumbnailUrl\":\"https:\/\/www.domstavpro.com\/wp-content\/uploads\/2026\/SK0029369-CZ20260425-093449-0-1777080896-aqualine-zoja-keramia-fresh-skrinka-vysoka-s-kosem-35x184x2.webp\",\"datePublished\":\"2026-04-27T15:09:33+00:00\",\"breadcrumb\":{\"@id\":\"https:\/\/www.domstavpro.com\/index.php\/produkt\/akce-aqualine-zoja-keramia-fresh-skrinka-vysoka-s-kosem-35x184x29cm-bila-41784\/#breadcrumb\"},\"inLanguage\":\"cs\",\"potentialAction\":[{\"@type\":\"ReadAction\",\"target\":[\"https:\/\/www.domstavpro.com\/index.php\/produkt\/akce-aqualine-zoja-keramia-fresh-skrinka-vysoka-s-kosem-35x184x29cm-bila-41784\/\"]}]},{\"@type\":\"ImageObject\",\"inLanguage\":\"cs\",\"@id\":\"https:\/\/www.domstavpro.com\/index.php\/produkt\/akce-aqualine-zoja-keramia-fresh-skrinka-vysoka-s-kosem-35x184x29cm-bila-41784\/#primaryimage\",\"url\":\"https:\/\/www.domstavpro.com\/wp-content\/uploads\/2026\/SK0029369-CZ20260425-093449-0-1777080896-aqualine-zoja-keramia-fresh-skrinka-vysoka-s-kosem-35x184x2.webp\",\"contentUrl\":\"https:\/\/www.domstavpro.com\/wp-content\/uploads\/2026\/SK0029369-CZ20260425-093449-0-1777080896-aqualine-zoja-keramia-fresh-skrinka-vysoka-s-kosem-35x184x2.webp\",\"width\":1000,\"height\":525},{\"@type\":\"BreadcrumbList\",\"@id\":\"https:\/\/www.domstavpro.com\/index.php\/produkt\/akce-aqualine-zoja-keramia-fresh-skrinka-vysoka-s-kosem-35x184x29cm-bila-41784\/#breadcrumb\",\"itemListElement\":[{\"@type\":\"ListItem\",\"position\":1,\"name\":\"Home\",\"item\":\"https:\/\/www.domstavpro.com\/\"},{\"@type\":\"ListItem\",\"position\":2,\"name\":\"Products\",\"item\":\"https:\/\/www.domstavpro.com\/index.php\/products\/\"},{\"@type\":\"ListItem\",\"position\":3,\"name\":\"Akce AQUALINE ZOJA\/KERAMIA FRESH sk\u0159\u00ed\u0148ka vysok\u00e1 s ko\u0161em 35x184x29cm, b\u00edl\u00e1\"}]},{\"@type\":\"WebSite\",\"@id\":\"https:\/\/www.domstavpro.com\/#website\",\"url\":\"https:\/\/www.domstavpro.com\/\",\"name\":\"\",\"description\":\"\",\"potentialAction\":[{\"@type\":\"SearchAction\",\"target\":{\"@type\":\"EntryPoint\",\"urlTemplate\":\"https:\/\/www.domstavpro.com\/?s={search_term_string}\"},\"query-input\":{\"@type\":\"PropertyValueSpecification\",\"valueRequired\":true,\"valueName\":\"search_term_string\"}}],\"inLanguage\":\"cs\"}]}<\/script>\n<!-- \/ Yoast SEO plugin. -->","yoast_head_json":{"title":"Akce AQUALINE ZOJA\/KERAMIA FRESH sk\u0159\u00ed\u0148ka vysok\u00e1 s ko\u0161em 35x184x29cm, b\u00edl\u00e1 -","robots":{"index":"index","follow":"follow","max-snippet":"max-snippet:-1","max-image-preview":"max-image-preview:large","max-video-preview":"max-video-preview:-1"},"canonical":"https:\/\/www.domstavpro.com\/index.php\/produkt\/akce-aqualine-zoja-keramia-fresh-skrinka-vysoka-s-kosem-35x184x29cm-bila-41784\/","og_locale":"cs_CZ","og_type":"article","og_title":"Akce AQUALINE ZOJA\/KERAMIA FRESH sk\u0159\u00ed\u0148ka vysok\u00e1 s ko\u0161em 35x184x29cm, b\u00edl\u00e1 -","og_description":"Otvory pro \u00fachytku jsou z vnit\u0159n\u00ed strany nazna\u010deny,\u00a0dle zvolen\u00e9 strany otev\u00edr\u00e1n\u00ed je t\u0159eba je vyvrtat Sk\u0159\u00ed\u0148ka je standardn\u011b dod\u00e1v\u00e1na se 2 druhy \u00fachytek \u2013 hranat\u00e9 (Zoja) a kulat\u00e9 (Keramia Fresh), aby ji bylo mo\u017eno kombinovat s dal\u0161\u00edmi sk\u0159\u00ed\u0148kami Zoja i Keramia Fresh ZOJA &#8211; nov\u00e1 generace koupelnov\u00e9ho n\u00e1bytku. Modern\u00ed design umyvadel je slad\u011bn s&nbsp;ostr\u00fdmi hranami [&hellip;]","og_url":"https:\/\/www.domstavpro.com\/index.php\/produkt\/akce-aqualine-zoja-keramia-fresh-skrinka-vysoka-s-kosem-35x184x29cm-bila-41784\/","og_image":[{"width":1000,"height":525,"url":"https:\/\/www.domstavpro.com\/wp-content\/uploads\/2026\/SK0029369-CZ20260425-093449-0-1777080896-aqualine-zoja-keramia-fresh-skrinka-vysoka-s-kosem-35x184x2.webp","type":"image\/webp"}],"twitter_card":"summary_large_image","twitter_misc":{"Odhadovan\u00e1 doba \u010dten\u00ed":"2 minuty"},"schema":{"@context":"https:\/\/schema.org","@graph":[{"@type":"WebPage","@id":"https:\/\/www.domstavpro.com\/index.php\/produkt\/akce-aqualine-zoja-keramia-fresh-skrinka-vysoka-s-kosem-35x184x29cm-bila-41784\/","url":"https:\/\/www.domstavpro.com\/index.php\/produkt\/akce-aqualine-zoja-keramia-fresh-skrinka-vysoka-s-kosem-35x184x29cm-bila-41784\/","name":"Akce AQUALINE ZOJA\/KERAMIA FRESH sk\u0159\u00ed\u0148ka vysok\u00e1 s ko\u0161em 35x184x29cm, b\u00edl\u00e1 -","isPartOf":{"@id":"https:\/\/www.domstavpro.com\/#website"},"primaryImageOfPage":{"@id":"https:\/\/www.domstavpro.com\/index.php\/produkt\/akce-aqualine-zoja-keramia-fresh-skrinka-vysoka-s-kosem-35x184x29cm-bila-41784\/#primaryimage"},"image":{"@id":"https:\/\/www.domstavpro.com\/index.php\/produkt\/akce-aqualine-zoja-keramia-fresh-skrinka-vysoka-s-kosem-35x184x29cm-bila-41784\/#primaryimage"},"thumbnailUrl":"https:\/\/www.domstavpro.com\/wp-content\/uploads\/2026\/SK0029369-CZ20260425-093449-0-1777080896-aqualine-zoja-keramia-fresh-skrinka-vysoka-s-kosem-35x184x2.webp","datePublished":"2026-04-27T15:09:33+00:00","breadcrumb":{"@id":"https:\/\/www.domstavpro.com\/index.php\/produkt\/akce-aqualine-zoja-keramia-fresh-skrinka-vysoka-s-kosem-35x184x29cm-bila-41784\/#breadcrumb"},"inLanguage":"cs","potentialAction":[{"@type":"ReadAction","target":["https:\/\/www.domstavpro.com\/index.php\/produkt\/akce-aqualine-zoja-keramia-fresh-skrinka-vysoka-s-kosem-35x184x29cm-bila-41784\/"]}]},{"@type":"ImageObject","inLanguage":"cs","@id":"https:\/\/www.domstavpro.com\/index.php\/produkt\/akce-aqualine-zoja-keramia-fresh-skrinka-vysoka-s-kosem-35x184x29cm-bila-41784\/#primaryimage","url":"https:\/\/www.domstavpro.com\/wp-content\/uploads\/2026\/SK0029369-CZ20260425-093449-0-1777080896-aqualine-zoja-keramia-fresh-skrinka-vysoka-s-kosem-35x184x2.webp","contentUrl":"https:\/\/www.domstavpro.com\/wp-content\/uploads\/2026\/SK0029369-CZ20260425-093449-0-1777080896-aqualine-zoja-keramia-fresh-skrinka-vysoka-s-kosem-35x184x2.webp","width":1000,"height":525},{"@type":"BreadcrumbList","@id":"https:\/\/www.domstavpro.com\/index.php\/produkt\/akce-aqualine-zoja-keramia-fresh-skrinka-vysoka-s-kosem-35x184x29cm-bila-41784\/#breadcrumb","itemListElement":[{"@type":"ListItem","position":1,"name":"Home","item":"https:\/\/www.domstavpro.com\/"},{"@type":"ListItem","position":2,"name":"Products","item":"https:\/\/www.domstavpro.com\/index.php\/products\/"},{"@type":"ListItem","position":3,"name":"Akce AQUALINE ZOJA\/KERAMIA FRESH sk\u0159\u00ed\u0148ka vysok\u00e1 s ko\u0161em 35x184x29cm, b\u00edl\u00e1"}]},{"@type":"WebSite","@id":"https:\/\/www.domstavpro.com\/#website","url":"https:\/\/www.domstavpro.com\/","name":"","description":"","potentialAction":[{"@type":"SearchAction","target":{"@type":"EntryPoint","urlTemplate":"https:\/\/www.domstavpro.com\/?s={search_term_string}"},"query-input":{"@type":"PropertyValueSpecification","valueRequired":true,"valueName":"search_term_string"}}],"inLanguage":"cs"}]}},"_links":{"self":[{"href":"https:\/\/www.domstavpro.com\/index.php\/wp-json\/wp\/v2\/product\/41784","targetHints":{"allow":["GET"]}}],"collection":[{"href":"https:\/\/www.domstavpro.com\/index.php\/wp-json\/wp\/v2\/product"}],"about":[{"href":"https:\/\/www.domstavpro.com\/index.php\/wp-json\/wp\/v2\/types\/product"}],"replies":[{"embeddable":true,"href":"https:\/\/www.domstavpro.com\/index.php\/wp-json\/wp\/v2\/comments?post=41784"}],"wp:featuredmedia":[{"embeddable":true,"href":"https:\/\/www.domstavpro.com\/index.php\/wp-json\/wp\/v2\/media\/41884"}],"wp:attachment":[{"href":"https:\/\/www.domstavpro.com\/index.php\/wp-json\/wp\/v2\/media?parent=41784"}],"wp:term":[{"taxonomy":"product_brand","embeddable":true,"href":"https:\/\/www.domstavpro.com\/index.php\/wp-json\/wp\/v2\/product_brand?post=41784"},{"taxonomy":"product_cat","embeddable":true,"href":"https:\/\/www.domstavpro.com\/index.php\/wp-json\/wp\/v2\/product_cat?post=41784"},{"taxonomy":"product_tag","embeddable":true,"href":"https:\/\/www.domstavpro.com\/index.php\/wp-json\/wp\/v2\/product_tag?post=41784"}],"curies":[{"name":"wp","href":"https:\/\/api.w.org\/{rel}","templated":true}]}}