{"id":41542,"date":"2026-04-27T15:09:32","date_gmt":"2026-04-27T15:09:32","guid":{"rendered":""},"modified":"2026-04-27T15:09:32","modified_gmt":"2026-04-27T15:09:32","slug":"akce-sapho-x-steel-drzak-rucniku-600mm-nerez-mat-41542","status":"publish","type":"product","link":"https:\/\/www.domstavpro.com\/index.php\/produkt\/akce-sapho-x-steel-drzak-rucniku-600mm-nerez-mat-41542\/","title":{"rendered":"Akce SAPHO X-STEEL dr\u017e\u00e1k ru\u010dn\u00edk\u016f 600mm, nerez mat"},"content":{"rendered":"<div id=\"e8497465\" class=\"pages\">\n<div>\n<div id=\"PDDescription\" class=\"UserContentView userContent v1a v1 bs-view dcon dc164 PDDescription\" ><dc-con><dc-con><bs-empty><\/bs-empty><\/dc-con><dc-con>        <\/p>\n<div class=\"customDescription\">                    <\/div>\n<p><\/dc-con><dc-con><\/p>\n<li>Lepidlo nen\u00ed sou\u010d\u00e1st\u00ed balen\u00ed. V p\u0159\u00edpad\u011b instalace lepen\u00edm doporu\u010dujeme p\u0159ikoupit Upev\u0148ovac\u00ed sadu pro lepen\u00ed (MS287) a\u00a0Mamut lepidlo.<\/li>\n<p style=\"text-align: justify;\">S\u00e9rie X-STEEL z&nbsp;kvalitn\u00edho brou\u0161en\u00e9ho nerezu se d\u00edky sv\u00e9mu tvaru \u00fachytu stala dopl\u0148kem, kter\u00fd se hod\u00ed do v\u011bt\u0161iny koupelnov\u00fdch interi\u00e9r\u016f. V\u00fdborn\u011b lad\u00ed s&nbsp;ostatn\u00edm vybaven\u00edm v&nbsp;proveden\u00ed nerez mat. V&nbsp;tomto proveden\u00ed nab\u00edz\u00edme vodovodn\u00ed baterie i&nbsp;sprchov\u00fd program. Nejen, \u017ee je toto proveden\u00ed kr\u00e1sn\u00e9, ale nav\u00edc praktick\u00e9 na \u00fadr\u017ebu. D\u00edky pou\u017eit\u00e9mu materi\u00e1lu se vyzna\u010duje i dlouhou \u017eivotnost\u00ed.<\/p>\n<h2 class=\"props-title\">Vlastnosti<\/h2>\n<table>\n<tr>\n<th>Zna\u010dka<\/th>\n<td>SAPHO<\/td>\n<\/tr>\n<tr>\n<th>S\u00e9rie<\/th>\n<td>X-STEEL<\/td>\n<\/tr>\n<tr>\n<th>Rozm\u011br<\/th>\n<td>655x55x65 mm<\/td>\n<\/tr>\n<tr>\n<th>D\u00e9lka<\/th>\n<td>655&nbsp;mm<\/td>\n<\/tr>\n<tr>\n<th>\u0160\u00ed\u0159ka<\/th>\n<td>655&nbsp;mm<\/td>\n<\/tr>\n<tr>\n<th>V\u00fd\u0161ka<\/th>\n<td>55&nbsp;mm<\/td>\n<\/tr>\n<tr>\n<th>Hloubka<\/th>\n<td>65&nbsp;mm<\/td>\n<\/tr>\n<tr>\n<th>Barva<\/th>\n<td>Nerez mat<\/td>\n<\/tr>\n<tr>\n<th>Materi\u00e1l<\/th>\n<td>Nerez<\/td>\n<\/tr>\n<tr>\n<th>Tvar<\/th>\n<td>Kruhov\u00e9<\/td>\n<\/tr>\n<tr>\n<th>Druh<\/th>\n<td>Dr\u017e\u00e1k ru\u010dn\u00edk\u016f jednoramenn\u00fd<\/td>\n<\/tr>\n<tr>\n<th>Instalace<\/th>\n<td>Lepen\u00ed, Vrt\u00e1n\u00ed<\/td>\n<\/tr>\n<tr>\n<th>Hmotnost \/ ks<\/th>\n<td>0.4700&nbsp;kg<\/td>\n<\/tr>\n<tr>\n<th>Balen\u00ed<\/th>\n<td>1&nbsp;ks<\/td>\n<\/tr>\n<tr>\n<th>EAN<\/th>\n<td>8590913128592<\/td>\n<\/tr>\n<tr>\n<th>Taric<\/th>\n<td>73249000<\/td>\n<\/tr>\n<tr>\n<th>Z\u00e1ruka<\/th>\n<td>10 let<\/td>\n<\/tr>\n<\/table>\n<p><\/dc-con><\/dc-con><\/div>\n<\/p><\/div>\n<div id=\"PDTable3\" class=\"ProductDetailTableView v3a v3 bs-view dcon dc185 PDTable3\" >\n<table>\n<thead><\/thead>\n<tbody>\n<tr class=\"attribute attr_bsshop_maker\">\n<td class=\"caption\">V\u00fdrobce<\/td>\n<td class=\"value\">Sapho<\/td>\n<\/tr>\n<tr class=\"attribute attr_sirka\">\n<td class=\"caption\">\u0160\u00ed\u0159ka v mm<\/td>\n<td class=\"value\">655<\/td>\n<\/tr>\n<tr class=\"attribute attr_Vyska\">\n<td class=\"caption\">V\u00fd\u0161ka v mm<\/td>\n<td class=\"value\">55<\/td>\n<\/tr>\n<tr class=\"weight\">\n<td class=\"caption\"><span>Hmotnost<\/span><\/td>\n<td class=\"value\"><span>0,47 kg<\/span><\/td>\n<\/tr>\n<\/tbody>\n<\/table>\n<\/div>\n<div id=\"ProductMedia\" class=\"ProductMediaView MediaViewBase v1a v1 bs-view dcon dc409 ProductMedia\" ><bs-empty><\/bs-empty><\/p>\n<div class=\"files\">\n<div class=\"title sub\">Soubory<\/div>\n<p><a href=\"\/media\/43650\/515-sapho-zaruka-10let-304x45mm-3.pdf?&amp;key=ZGpmIyQwNUZfNDM2NTA=\" class=\"pdf\">Dokumenty &#8211; Z&#225;ru\u010dn&#237; list_priloha_0<\/a><\/div>\n<p><bs-empty><\/bs-empty><\/div>\n<div id=\"PdProductGpsr\" class=\"ProductGpsrView v1a v1 bs-view dcon dc217 PdProductGpsr\" >\n<div class=\"subject\"><dc-root class=\"dcon dc219\"><span class=\"title\">Zodpov\u011bdn&#253; subjekt:<\/span><dc-con><dc-con><span class=\"company\">UBC s.r.o.<\/span><span class=\"name\">Sapho<\/span><\/dc-con><dc-con><span class=\"street\">M\u011blnick&#225; 87<\/span><span class=\"city\">L&#237;beznice<\/span><span class=\"zip\">250 65<\/span><span class=\"country\">\u010cesko<\/span><\/dc-con><span class=\"email\">info@ubc-group.cz<\/span><span class=\"phone\">283 090 704<\/span><bs-empty><\/bs-empty><a href=\"https:\/\/www.ubc-group.cz\/#kontakt\" class=\"link\" target=\"_blank\">https:\/\/www.ubc-group.cz\/#kontakt<\/a><\/dc-con><bs-empty><\/bs-empty><\/dc-root><\/div>\n<p><bs-empty><\/bs-empty><\/div>\n<\/div>\n<div id=\"e8497466\" class=\"tabs\">\n","protected":false},"excerpt":{"rendered":"<p>Lepidlo nen\u00ed sou\u010d\u00e1st\u00ed balen\u00ed. V p\u0159\u00edpad\u011b instalace lepen\u00edm doporu\u010dujeme p\u0159ikoupit Upev\u0148ovac\u00ed sadu pro lepen\u00ed (MS287) a\u00a0Mamut lepidlo. S\u00e9rie X-STEEL z&nbsp;kvalitn\u00edho brou\u0161en\u00e9ho nerezu se d\u00edky sv\u00e9mu tvaru \u00fachytu stala dopl\u0148kem, kter\u00fd se hod\u00ed do v\u011bt\u0161iny koupelnov\u00fdch interi\u00e9r\u016f. V\u00fdborn\u011b lad\u00ed s&nbsp;ostatn\u00edm vybaven\u00edm v&nbsp;proveden\u00ed nerez mat. V&nbsp;tomto proveden\u00ed nab\u00edz\u00edme vodovodn\u00ed baterie i&nbsp;sprchov\u00fd program. Nejen, \u017ee je toto proveden\u00ed [&hellip;]<\/p>\n","protected":false},"featured_media":41642,"comment_status":"open","ping_status":"open","template":"","meta":[],"product_brand":[],"product_cat":[61],"product_tag":[],"class_list":{"0":"post-41542","1":"product","2":"type-product","3":"status-publish","4":"has-post-thumbnail","6":"product_cat-vybaven-237-koupelny","8":"first","9":"instock","10":"sale","11":"shipping-taxable","12":"purchasable","13":"product-type-simple"},"yoast_head":"<!-- This site is optimized with the Yoast SEO plugin v26.8 - https:\/\/yoast.com\/product\/yoast-seo-wordpress\/ -->\n<title>Akce SAPHO X-STEEL dr\u017e\u00e1k ru\u010dn\u00edk\u016f 600mm, nerez mat -<\/title>\n<meta name=\"robots\" content=\"index, follow, max-snippet:-1, max-image-preview:large, max-video-preview:-1\" \/>\n<link rel=\"canonical\" href=\"https:\/\/www.domstavpro.com\/index.php\/produkt\/akce-sapho-x-steel-drzak-rucniku-600mm-nerez-mat-41542\/\" \/>\n<meta property=\"og:locale\" content=\"cs_CZ\" \/>\n<meta property=\"og:type\" content=\"article\" \/>\n<meta property=\"og:title\" content=\"Akce SAPHO X-STEEL dr\u017e\u00e1k ru\u010dn\u00edk\u016f 600mm, nerez mat -\" \/>\n<meta property=\"og:description\" content=\"Lepidlo nen\u00ed sou\u010d\u00e1st\u00ed balen\u00ed. V p\u0159\u00edpad\u011b instalace lepen\u00edm doporu\u010dujeme p\u0159ikoupit Upev\u0148ovac\u00ed sadu pro lepen\u00ed (MS287) a\u00a0Mamut lepidlo. S\u00e9rie X-STEEL z&nbsp;kvalitn\u00edho brou\u0161en\u00e9ho nerezu se d\u00edky sv\u00e9mu tvaru \u00fachytu stala dopl\u0148kem, kter\u00fd se hod\u00ed do v\u011bt\u0161iny koupelnov\u00fdch interi\u00e9r\u016f. V\u00fdborn\u011b lad\u00ed s&nbsp;ostatn\u00edm vybaven\u00edm v&nbsp;proveden\u00ed nerez mat. V&nbsp;tomto proveden\u00ed nab\u00edz\u00edme vodovodn\u00ed baterie i&nbsp;sprchov\u00fd program. Nejen, \u017ee je toto proveden\u00ed [&hellip;]\" \/>\n<meta property=\"og:url\" content=\"https:\/\/www.domstavpro.com\/index.php\/produkt\/akce-sapho-x-steel-drzak-rucniku-600mm-nerez-mat-41542\/\" \/>\n<meta property=\"og:image\" content=\"https:\/\/www.domstavpro.com\/wp-content\/uploads\/2026\/SK0029223-CZ20260425-093449-0-1777080896-sapho-x-steel-drzak-rucniku-600mm-nerez-mat.webp\" \/>\n\t<meta property=\"og:image:width\" content=\"1000\" \/>\n\t<meta property=\"og:image:height\" content=\"525\" \/>\n\t<meta property=\"og:image:type\" content=\"image\/webp\" \/>\n<meta name=\"twitter:card\" content=\"summary_large_image\" \/>\n<meta name=\"twitter:label1\" content=\"Odhadovan\u00e1 doba \u010dten\u00ed\" \/>\n\t<meta name=\"twitter:data1\" content=\"1 minuta\" \/>\n<script type=\"application\/ld+json\" class=\"yoast-schema-graph\">{\"@context\":\"https:\/\/schema.org\",\"@graph\":[{\"@type\":\"WebPage\",\"@id\":\"https:\/\/www.domstavpro.com\/index.php\/produkt\/akce-sapho-x-steel-drzak-rucniku-600mm-nerez-mat-41542\/\",\"url\":\"https:\/\/www.domstavpro.com\/index.php\/produkt\/akce-sapho-x-steel-drzak-rucniku-600mm-nerez-mat-41542\/\",\"name\":\"Akce SAPHO X-STEEL dr\u017e\u00e1k ru\u010dn\u00edk\u016f 600mm, nerez mat -\",\"isPartOf\":{\"@id\":\"https:\/\/www.domstavpro.com\/#website\"},\"primaryImageOfPage\":{\"@id\":\"https:\/\/www.domstavpro.com\/index.php\/produkt\/akce-sapho-x-steel-drzak-rucniku-600mm-nerez-mat-41542\/#primaryimage\"},\"image\":{\"@id\":\"https:\/\/www.domstavpro.com\/index.php\/produkt\/akce-sapho-x-steel-drzak-rucniku-600mm-nerez-mat-41542\/#primaryimage\"},\"thumbnailUrl\":\"https:\/\/www.domstavpro.com\/wp-content\/uploads\/2026\/SK0029223-CZ20260425-093449-0-1777080896-sapho-x-steel-drzak-rucniku-600mm-nerez-mat.webp\",\"datePublished\":\"2026-04-27T15:09:32+00:00\",\"breadcrumb\":{\"@id\":\"https:\/\/www.domstavpro.com\/index.php\/produkt\/akce-sapho-x-steel-drzak-rucniku-600mm-nerez-mat-41542\/#breadcrumb\"},\"inLanguage\":\"cs\",\"potentialAction\":[{\"@type\":\"ReadAction\",\"target\":[\"https:\/\/www.domstavpro.com\/index.php\/produkt\/akce-sapho-x-steel-drzak-rucniku-600mm-nerez-mat-41542\/\"]}]},{\"@type\":\"ImageObject\",\"inLanguage\":\"cs\",\"@id\":\"https:\/\/www.domstavpro.com\/index.php\/produkt\/akce-sapho-x-steel-drzak-rucniku-600mm-nerez-mat-41542\/#primaryimage\",\"url\":\"https:\/\/www.domstavpro.com\/wp-content\/uploads\/2026\/SK0029223-CZ20260425-093449-0-1777080896-sapho-x-steel-drzak-rucniku-600mm-nerez-mat.webp\",\"contentUrl\":\"https:\/\/www.domstavpro.com\/wp-content\/uploads\/2026\/SK0029223-CZ20260425-093449-0-1777080896-sapho-x-steel-drzak-rucniku-600mm-nerez-mat.webp\",\"width\":1000,\"height\":525},{\"@type\":\"BreadcrumbList\",\"@id\":\"https:\/\/www.domstavpro.com\/index.php\/produkt\/akce-sapho-x-steel-drzak-rucniku-600mm-nerez-mat-41542\/#breadcrumb\",\"itemListElement\":[{\"@type\":\"ListItem\",\"position\":1,\"name\":\"Home\",\"item\":\"https:\/\/www.domstavpro.com\/\"},{\"@type\":\"ListItem\",\"position\":2,\"name\":\"Products\",\"item\":\"https:\/\/www.domstavpro.com\/index.php\/products\/\"},{\"@type\":\"ListItem\",\"position\":3,\"name\":\"Akce SAPHO X-STEEL dr\u017e\u00e1k ru\u010dn\u00edk\u016f 600mm, nerez mat\"}]},{\"@type\":\"WebSite\",\"@id\":\"https:\/\/www.domstavpro.com\/#website\",\"url\":\"https:\/\/www.domstavpro.com\/\",\"name\":\"\",\"description\":\"\",\"potentialAction\":[{\"@type\":\"SearchAction\",\"target\":{\"@type\":\"EntryPoint\",\"urlTemplate\":\"https:\/\/www.domstavpro.com\/?s={search_term_string}\"},\"query-input\":{\"@type\":\"PropertyValueSpecification\",\"valueRequired\":true,\"valueName\":\"search_term_string\"}}],\"inLanguage\":\"cs\"}]}<\/script>\n<!-- \/ Yoast SEO plugin. -->","yoast_head_json":{"title":"Akce SAPHO X-STEEL dr\u017e\u00e1k ru\u010dn\u00edk\u016f 600mm, nerez mat -","robots":{"index":"index","follow":"follow","max-snippet":"max-snippet:-1","max-image-preview":"max-image-preview:large","max-video-preview":"max-video-preview:-1"},"canonical":"https:\/\/www.domstavpro.com\/index.php\/produkt\/akce-sapho-x-steel-drzak-rucniku-600mm-nerez-mat-41542\/","og_locale":"cs_CZ","og_type":"article","og_title":"Akce SAPHO X-STEEL dr\u017e\u00e1k ru\u010dn\u00edk\u016f 600mm, nerez mat -","og_description":"Lepidlo nen\u00ed sou\u010d\u00e1st\u00ed balen\u00ed. V p\u0159\u00edpad\u011b instalace lepen\u00edm doporu\u010dujeme p\u0159ikoupit Upev\u0148ovac\u00ed sadu pro lepen\u00ed (MS287) a\u00a0Mamut lepidlo. S\u00e9rie X-STEEL z&nbsp;kvalitn\u00edho brou\u0161en\u00e9ho nerezu se d\u00edky sv\u00e9mu tvaru \u00fachytu stala dopl\u0148kem, kter\u00fd se hod\u00ed do v\u011bt\u0161iny koupelnov\u00fdch interi\u00e9r\u016f. V\u00fdborn\u011b lad\u00ed s&nbsp;ostatn\u00edm vybaven\u00edm v&nbsp;proveden\u00ed nerez mat. V&nbsp;tomto proveden\u00ed nab\u00edz\u00edme vodovodn\u00ed baterie i&nbsp;sprchov\u00fd program. Nejen, \u017ee je toto proveden\u00ed [&hellip;]","og_url":"https:\/\/www.domstavpro.com\/index.php\/produkt\/akce-sapho-x-steel-drzak-rucniku-600mm-nerez-mat-41542\/","og_image":[{"width":1000,"height":525,"url":"https:\/\/www.domstavpro.com\/wp-content\/uploads\/2026\/SK0029223-CZ20260425-093449-0-1777080896-sapho-x-steel-drzak-rucniku-600mm-nerez-mat.webp","type":"image\/webp"}],"twitter_card":"summary_large_image","twitter_misc":{"Odhadovan\u00e1 doba \u010dten\u00ed":"1 minuta"},"schema":{"@context":"https:\/\/schema.org","@graph":[{"@type":"WebPage","@id":"https:\/\/www.domstavpro.com\/index.php\/produkt\/akce-sapho-x-steel-drzak-rucniku-600mm-nerez-mat-41542\/","url":"https:\/\/www.domstavpro.com\/index.php\/produkt\/akce-sapho-x-steel-drzak-rucniku-600mm-nerez-mat-41542\/","name":"Akce SAPHO X-STEEL dr\u017e\u00e1k ru\u010dn\u00edk\u016f 600mm, nerez mat -","isPartOf":{"@id":"https:\/\/www.domstavpro.com\/#website"},"primaryImageOfPage":{"@id":"https:\/\/www.domstavpro.com\/index.php\/produkt\/akce-sapho-x-steel-drzak-rucniku-600mm-nerez-mat-41542\/#primaryimage"},"image":{"@id":"https:\/\/www.domstavpro.com\/index.php\/produkt\/akce-sapho-x-steel-drzak-rucniku-600mm-nerez-mat-41542\/#primaryimage"},"thumbnailUrl":"https:\/\/www.domstavpro.com\/wp-content\/uploads\/2026\/SK0029223-CZ20260425-093449-0-1777080896-sapho-x-steel-drzak-rucniku-600mm-nerez-mat.webp","datePublished":"2026-04-27T15:09:32+00:00","breadcrumb":{"@id":"https:\/\/www.domstavpro.com\/index.php\/produkt\/akce-sapho-x-steel-drzak-rucniku-600mm-nerez-mat-41542\/#breadcrumb"},"inLanguage":"cs","potentialAction":[{"@type":"ReadAction","target":["https:\/\/www.domstavpro.com\/index.php\/produkt\/akce-sapho-x-steel-drzak-rucniku-600mm-nerez-mat-41542\/"]}]},{"@type":"ImageObject","inLanguage":"cs","@id":"https:\/\/www.domstavpro.com\/index.php\/produkt\/akce-sapho-x-steel-drzak-rucniku-600mm-nerez-mat-41542\/#primaryimage","url":"https:\/\/www.domstavpro.com\/wp-content\/uploads\/2026\/SK0029223-CZ20260425-093449-0-1777080896-sapho-x-steel-drzak-rucniku-600mm-nerez-mat.webp","contentUrl":"https:\/\/www.domstavpro.com\/wp-content\/uploads\/2026\/SK0029223-CZ20260425-093449-0-1777080896-sapho-x-steel-drzak-rucniku-600mm-nerez-mat.webp","width":1000,"height":525},{"@type":"BreadcrumbList","@id":"https:\/\/www.domstavpro.com\/index.php\/produkt\/akce-sapho-x-steel-drzak-rucniku-600mm-nerez-mat-41542\/#breadcrumb","itemListElement":[{"@type":"ListItem","position":1,"name":"Home","item":"https:\/\/www.domstavpro.com\/"},{"@type":"ListItem","position":2,"name":"Products","item":"https:\/\/www.domstavpro.com\/index.php\/products\/"},{"@type":"ListItem","position":3,"name":"Akce SAPHO X-STEEL dr\u017e\u00e1k ru\u010dn\u00edk\u016f 600mm, nerez mat"}]},{"@type":"WebSite","@id":"https:\/\/www.domstavpro.com\/#website","url":"https:\/\/www.domstavpro.com\/","name":"","description":"","potentialAction":[{"@type":"SearchAction","target":{"@type":"EntryPoint","urlTemplate":"https:\/\/www.domstavpro.com\/?s={search_term_string}"},"query-input":{"@type":"PropertyValueSpecification","valueRequired":true,"valueName":"search_term_string"}}],"inLanguage":"cs"}]}},"_links":{"self":[{"href":"https:\/\/www.domstavpro.com\/index.php\/wp-json\/wp\/v2\/product\/41542","targetHints":{"allow":["GET"]}}],"collection":[{"href":"https:\/\/www.domstavpro.com\/index.php\/wp-json\/wp\/v2\/product"}],"about":[{"href":"https:\/\/www.domstavpro.com\/index.php\/wp-json\/wp\/v2\/types\/product"}],"replies":[{"embeddable":true,"href":"https:\/\/www.domstavpro.com\/index.php\/wp-json\/wp\/v2\/comments?post=41542"}],"wp:featuredmedia":[{"embeddable":true,"href":"https:\/\/www.domstavpro.com\/index.php\/wp-json\/wp\/v2\/media\/41642"}],"wp:attachment":[{"href":"https:\/\/www.domstavpro.com\/index.php\/wp-json\/wp\/v2\/media?parent=41542"}],"wp:term":[{"taxonomy":"product_brand","embeddable":true,"href":"https:\/\/www.domstavpro.com\/index.php\/wp-json\/wp\/v2\/product_brand?post=41542"},{"taxonomy":"product_cat","embeddable":true,"href":"https:\/\/www.domstavpro.com\/index.php\/wp-json\/wp\/v2\/product_cat?post=41542"},{"taxonomy":"product_tag","embeddable":true,"href":"https:\/\/www.domstavpro.com\/index.php\/wp-json\/wp\/v2\/product_tag?post=41542"}],"curies":[{"name":"wp","href":"https:\/\/api.w.org\/{rel}","templated":true}]}}