{"id":41098,"date":"2026-04-27T15:09:31","date_gmt":"2026-04-27T15:09:31","guid":{"rendered":""},"modified":"2026-04-27T15:09:31","modified_gmt":"2026-04-27T15:09:31","slug":"znackovy-tridverova-galerka-q-ga3-120-l04-bezova-vysoky-lesk-41098","status":"publish","type":"product","link":"https:\/\/www.domstavpro.com\/index.php\/produkt\/znackovy-tridverova-galerka-q-ga3-120-l04-bezova-vysoky-lesk-41098\/","title":{"rendered":"Zna\u010dkov\u00fd T\u0159\u00eddve\u0159ov\u00e1 galerka Q GA3 120 &#8211; L04 Be\u0301z\u030cova\u0301 vysok\u00fd lesk"},"content":{"rendered":"<div class=\"basic-description\">\n<h3>Detailn\u00ed popis produktu<\/h3>\n<p>Jednoduch\u00e1, prostorn\u00e1 a p\u0159eci praktick\u00e1. Takov\u00e1 je galerka<span> <\/span><strong>Q GA2 120<\/strong>, jej\u00ed\u017e kvality a \u00falo\u017en\u00fd prostor ocen\u00edte zejm\u00e9na ve velk\u00fdch koupeln\u00e1ch. <\/p>\n<h2><strong>Parametry galerky<\/strong><\/h2>\n<p>Koupelnov\u00e1 galerka<span> <strong>Q GA3 120<\/strong><\/span> je konstruov\u00e1na jako t\u0159\u00eddve\u0159ov\u00e1. Vnit\u0159n\u00ed prostor galerky je \u010dlen\u011bn 6<strong> d\u0159ev\u011bn\u00fdmi a nastaviteln\u00fdmi policemi<\/strong>. Dv\u00ed\u0159ka galerky s nalepen\u00fdm zrcadlem jsou vyrobeny z kvalitn\u00edch<span> <\/span><strong>LTD desek<\/strong> a otev\u00edraj\u00ed se za p\u0159esah. Ten \u010din\u00ed v horn\u00ed a spodn\u00ed \u010d\u00e1sti cca 2 cm. P\u0159i pl\u00e1nov\u00e1n\u00ed koupelny pamatujte, \u017ee po otev\u0159en\u00ed nab\u00fdv\u00e1 galerka v\u011bt\u0161\u00edch rozm\u011br\u016f, proto\u017ee doch\u00e1z\u00ed k p\u0159esahu korpusu dv\u00ed\u0159ky.<\/p>\n<h3><strong>Mo\u017enost doobjednat LED osv\u011btlen\u00ed<\/strong><\/h3>\n<p>Galerku dod\u00e1v\u00e1me bez osv\u011btlen\u00ed. Pokud m\u00e1te ale v koupeln\u011b m\u00e1lo sv\u011btla, m\u016f\u017eete si ke galerce p\u0159iobjednat n\u011bkter\u00e9 z na\u0161ich LED sv\u011btel.<\/p>\n<p>Ke Q galerce jsou k dispozici:<\/p>\n<ul>\n<li>LED osv\u011btlen\u00ed \u0159ady<span> <\/span>PINO<\/li>\n<li>LED osv\u011btlen\u00ed \u0159ady<span> <\/span>FIDO<\/li>\n<li>\u010cern\u00e1 LED osv\u011btlen\u00ed<span> <\/span>NERO,<span> <\/span>TEZO,<span> <\/span>MOLY<span> <\/span>a<span> <\/span>KALA<\/li>\n<\/ul>\n<h3 style=\"line-height: 21px;\"><strong>Povrchov\u00e1 \u00faprava<\/strong><\/h3>\n<p>Galerku vyr\u00e1b\u00edme v cel\u00e9 \u0159ad\u011b<span> <\/span><strong>dekor\u016f<\/strong>,<span> <\/span><strong>d\u0159evodekor\u016f<\/strong><span> <\/span>nebo<span> <\/span><strong>lak\u016f<\/strong>. Pokud m\u00e1te svoj\u00ed obl\u00edbenou barvu, m\u016f\u017eete vyu\u017e\u00edt i v\u00fdrobu<span> <\/span><strong>Individual<\/strong><span> <\/span>dle vzorn\u00edku<span> <\/span><strong>RAL\/NCS<\/strong>. <\/p>\n<h2><strong>P\u0159ednosti galerky<\/strong><\/h2>\n<ul>\n<li>Zrcadlov\u00e1 sk\u0159\u00ed\u0148 je velmi praktick\u00e1 a vhodn\u00e1 do velk\u00fdch koupelen.<\/li>\n<li>Vnit\u0159n\u00ed police jsou voln\u011b nastaviteln\u00e9.<\/li>\n<li>V\u00fdb\u011br z cel\u00e9 \u0159ady povrchov\u00fdch \u00faprav, v\u010detn\u011b mo\u017enosti Individual.<\/li>\n<li>Mo\u017enost p\u0159iobjednat ke galerce LED osv\u011btlen\u00ed.<\/li>\n<\/ul><\/div>\n","protected":false},"excerpt":{"rendered":"<p>Detailn\u00ed popis produktu Jednoduch\u00e1, prostorn\u00e1 a p\u0159eci praktick\u00e1. Takov\u00e1 je galerka Q GA2 120, jej\u00ed\u017e kvality a \u00falo\u017en\u00fd prostor ocen\u00edte zejm\u00e9na ve velk\u00fdch koupeln\u00e1ch. Parametry galerky Koupelnov\u00e1 galerka Q GA3 120 je konstruov\u00e1na jako t\u0159\u00eddve\u0159ov\u00e1. Vnit\u0159n\u00ed prostor galerky je \u010dlen\u011bn 6 d\u0159ev\u011bn\u00fdmi a nastaviteln\u00fdmi policemi. Dv\u00ed\u0159ka galerky s nalepen\u00fdm zrcadlem jsou vyrobeny z kvalitn\u00edch LTD [&hellip;]<\/p>\n","protected":false},"featured_media":41198,"comment_status":"open","ping_status":"open","template":"","meta":[],"product_brand":[],"product_cat":[56],"product_tag":[],"class_list":{"0":"post-41098","1":"product","2":"type-product","3":"status-publish","4":"has-post-thumbnail","6":"product_cat-koupelny-a-sanitarni-technika","8":"first","9":"instock","10":"sale","11":"shipping-taxable","12":"purchasable","13":"product-type-simple"},"yoast_head":"<!-- This site is optimized with the Yoast SEO plugin v26.8 - https:\/\/yoast.com\/product\/yoast-seo-wordpress\/ -->\n<title>Zna\u010dkov\u00fd T\u0159\u00eddve\u0159ov\u00e1 galerka Q GA3 120 - L04 Be\u0301z\u030cova\u0301 vysok\u00fd lesk -<\/title>\n<meta name=\"robots\" content=\"index, follow, max-snippet:-1, max-image-preview:large, max-video-preview:-1\" \/>\n<link rel=\"canonical\" href=\"https:\/\/www.domstavpro.com\/index.php\/produkt\/znackovy-tridverova-galerka-q-ga3-120-l04-bezova-vysoky-lesk-41098\/\" \/>\n<meta property=\"og:locale\" content=\"cs_CZ\" \/>\n<meta property=\"og:type\" content=\"article\" \/>\n<meta property=\"og:title\" content=\"Zna\u010dkov\u00fd T\u0159\u00eddve\u0159ov\u00e1 galerka Q GA3 120 - L04 Be\u0301z\u030cova\u0301 vysok\u00fd lesk -\" \/>\n<meta property=\"og:description\" content=\"Detailn\u00ed popis produktu Jednoduch\u00e1, prostorn\u00e1 a p\u0159eci praktick\u00e1. Takov\u00e1 je galerka Q GA2 120, jej\u00ed\u017e kvality a \u00falo\u017en\u00fd prostor ocen\u00edte zejm\u00e9na ve velk\u00fdch koupeln\u00e1ch. Parametry galerky Koupelnov\u00e1 galerka Q GA3 120 je konstruov\u00e1na jako t\u0159\u00eddve\u0159ov\u00e1. Vnit\u0159n\u00ed prostor galerky je \u010dlen\u011bn 6 d\u0159ev\u011bn\u00fdmi a nastaviteln\u00fdmi policemi. Dv\u00ed\u0159ka galerky s nalepen\u00fdm zrcadlem jsou vyrobeny z kvalitn\u00edch LTD [&hellip;]\" \/>\n<meta property=\"og:url\" content=\"https:\/\/www.domstavpro.com\/index.php\/produkt\/znackovy-tridverova-galerka-q-ga3-120-l04-bezova-vysoky-lesk-41098\/\" \/>\n<meta property=\"og:image\" content=\"https:\/\/www.domstavpro.com\/wp-content\/uploads\/2026\/SK0033424-CZ20260425-093351-0-1777080838-876114-1_tridverova-galerka-q-ga3-120-l04-be--z--ova-vysoky.webp\" \/>\n\t<meta property=\"og:image:width\" content=\"1000\" \/>\n\t<meta property=\"og:image:height\" content=\"750\" \/>\n\t<meta property=\"og:image:type\" content=\"image\/webp\" \/>\n<meta name=\"twitter:card\" content=\"summary_large_image\" \/>\n<meta name=\"twitter:label1\" content=\"Odhadovan\u00e1 doba \u010dten\u00ed\" \/>\n\t<meta name=\"twitter:data1\" content=\"1 minuta\" \/>\n<script type=\"application\/ld+json\" class=\"yoast-schema-graph\">{\"@context\":\"https:\/\/schema.org\",\"@graph\":[{\"@type\":\"WebPage\",\"@id\":\"https:\/\/www.domstavpro.com\/index.php\/produkt\/znackovy-tridverova-galerka-q-ga3-120-l04-bezova-vysoky-lesk-41098\/\",\"url\":\"https:\/\/www.domstavpro.com\/index.php\/produkt\/znackovy-tridverova-galerka-q-ga3-120-l04-bezova-vysoky-lesk-41098\/\",\"name\":\"Zna\u010dkov\u00fd T\u0159\u00eddve\u0159ov\u00e1 galerka Q GA3 120 - L04 Be\u0301z\u030cova\u0301 vysok\u00fd lesk -\",\"isPartOf\":{\"@id\":\"https:\/\/www.domstavpro.com\/#website\"},\"primaryImageOfPage\":{\"@id\":\"https:\/\/www.domstavpro.com\/index.php\/produkt\/znackovy-tridverova-galerka-q-ga3-120-l04-bezova-vysoky-lesk-41098\/#primaryimage\"},\"image\":{\"@id\":\"https:\/\/www.domstavpro.com\/index.php\/produkt\/znackovy-tridverova-galerka-q-ga3-120-l04-bezova-vysoky-lesk-41098\/#primaryimage\"},\"thumbnailUrl\":\"https:\/\/www.domstavpro.com\/wp-content\/uploads\/2026\/SK0033424-CZ20260425-093351-0-1777080838-876114-1_tridverova-galerka-q-ga3-120-l04-be--z--ova-vysoky.webp\",\"datePublished\":\"2026-04-27T15:09:31+00:00\",\"breadcrumb\":{\"@id\":\"https:\/\/www.domstavpro.com\/index.php\/produkt\/znackovy-tridverova-galerka-q-ga3-120-l04-bezova-vysoky-lesk-41098\/#breadcrumb\"},\"inLanguage\":\"cs\",\"potentialAction\":[{\"@type\":\"ReadAction\",\"target\":[\"https:\/\/www.domstavpro.com\/index.php\/produkt\/znackovy-tridverova-galerka-q-ga3-120-l04-bezova-vysoky-lesk-41098\/\"]}]},{\"@type\":\"ImageObject\",\"inLanguage\":\"cs\",\"@id\":\"https:\/\/www.domstavpro.com\/index.php\/produkt\/znackovy-tridverova-galerka-q-ga3-120-l04-bezova-vysoky-lesk-41098\/#primaryimage\",\"url\":\"https:\/\/www.domstavpro.com\/wp-content\/uploads\/2026\/SK0033424-CZ20260425-093351-0-1777080838-876114-1_tridverova-galerka-q-ga3-120-l04-be--z--ova-vysoky.webp\",\"contentUrl\":\"https:\/\/www.domstavpro.com\/wp-content\/uploads\/2026\/SK0033424-CZ20260425-093351-0-1777080838-876114-1_tridverova-galerka-q-ga3-120-l04-be--z--ova-vysoky.webp\",\"width\":1000,\"height\":750},{\"@type\":\"BreadcrumbList\",\"@id\":\"https:\/\/www.domstavpro.com\/index.php\/produkt\/znackovy-tridverova-galerka-q-ga3-120-l04-bezova-vysoky-lesk-41098\/#breadcrumb\",\"itemListElement\":[{\"@type\":\"ListItem\",\"position\":1,\"name\":\"Home\",\"item\":\"https:\/\/www.domstavpro.com\/\"},{\"@type\":\"ListItem\",\"position\":2,\"name\":\"Products\",\"item\":\"https:\/\/www.domstavpro.com\/index.php\/products\/\"},{\"@type\":\"ListItem\",\"position\":3,\"name\":\"Zna\u010dkov\u00fd T\u0159\u00eddve\u0159ov\u00e1 galerka Q GA3 120 &#8211; L04 Be\u0301z\u030cova\u0301 vysok\u00fd lesk\"}]},{\"@type\":\"WebSite\",\"@id\":\"https:\/\/www.domstavpro.com\/#website\",\"url\":\"https:\/\/www.domstavpro.com\/\",\"name\":\"\",\"description\":\"\",\"potentialAction\":[{\"@type\":\"SearchAction\",\"target\":{\"@type\":\"EntryPoint\",\"urlTemplate\":\"https:\/\/www.domstavpro.com\/?s={search_term_string}\"},\"query-input\":{\"@type\":\"PropertyValueSpecification\",\"valueRequired\":true,\"valueName\":\"search_term_string\"}}],\"inLanguage\":\"cs\"}]}<\/script>\n<!-- \/ Yoast SEO plugin. -->","yoast_head_json":{"title":"Zna\u010dkov\u00fd T\u0159\u00eddve\u0159ov\u00e1 galerka Q GA3 120 - L04 Be\u0301z\u030cova\u0301 vysok\u00fd lesk -","robots":{"index":"index","follow":"follow","max-snippet":"max-snippet:-1","max-image-preview":"max-image-preview:large","max-video-preview":"max-video-preview:-1"},"canonical":"https:\/\/www.domstavpro.com\/index.php\/produkt\/znackovy-tridverova-galerka-q-ga3-120-l04-bezova-vysoky-lesk-41098\/","og_locale":"cs_CZ","og_type":"article","og_title":"Zna\u010dkov\u00fd T\u0159\u00eddve\u0159ov\u00e1 galerka Q GA3 120 - L04 Be\u0301z\u030cova\u0301 vysok\u00fd lesk -","og_description":"Detailn\u00ed popis produktu Jednoduch\u00e1, prostorn\u00e1 a p\u0159eci praktick\u00e1. Takov\u00e1 je galerka Q GA2 120, jej\u00ed\u017e kvality a \u00falo\u017en\u00fd prostor ocen\u00edte zejm\u00e9na ve velk\u00fdch koupeln\u00e1ch. Parametry galerky Koupelnov\u00e1 galerka Q GA3 120 je konstruov\u00e1na jako t\u0159\u00eddve\u0159ov\u00e1. Vnit\u0159n\u00ed prostor galerky je \u010dlen\u011bn 6 d\u0159ev\u011bn\u00fdmi a nastaviteln\u00fdmi policemi. Dv\u00ed\u0159ka galerky s nalepen\u00fdm zrcadlem jsou vyrobeny z kvalitn\u00edch LTD [&hellip;]","og_url":"https:\/\/www.domstavpro.com\/index.php\/produkt\/znackovy-tridverova-galerka-q-ga3-120-l04-bezova-vysoky-lesk-41098\/","og_image":[{"width":1000,"height":750,"url":"https:\/\/www.domstavpro.com\/wp-content\/uploads\/2026\/SK0033424-CZ20260425-093351-0-1777080838-876114-1_tridverova-galerka-q-ga3-120-l04-be--z--ova-vysoky.webp","type":"image\/webp"}],"twitter_card":"summary_large_image","twitter_misc":{"Odhadovan\u00e1 doba \u010dten\u00ed":"1 minuta"},"schema":{"@context":"https:\/\/schema.org","@graph":[{"@type":"WebPage","@id":"https:\/\/www.domstavpro.com\/index.php\/produkt\/znackovy-tridverova-galerka-q-ga3-120-l04-bezova-vysoky-lesk-41098\/","url":"https:\/\/www.domstavpro.com\/index.php\/produkt\/znackovy-tridverova-galerka-q-ga3-120-l04-bezova-vysoky-lesk-41098\/","name":"Zna\u010dkov\u00fd T\u0159\u00eddve\u0159ov\u00e1 galerka Q GA3 120 - L04 Be\u0301z\u030cova\u0301 vysok\u00fd lesk -","isPartOf":{"@id":"https:\/\/www.domstavpro.com\/#website"},"primaryImageOfPage":{"@id":"https:\/\/www.domstavpro.com\/index.php\/produkt\/znackovy-tridverova-galerka-q-ga3-120-l04-bezova-vysoky-lesk-41098\/#primaryimage"},"image":{"@id":"https:\/\/www.domstavpro.com\/index.php\/produkt\/znackovy-tridverova-galerka-q-ga3-120-l04-bezova-vysoky-lesk-41098\/#primaryimage"},"thumbnailUrl":"https:\/\/www.domstavpro.com\/wp-content\/uploads\/2026\/SK0033424-CZ20260425-093351-0-1777080838-876114-1_tridverova-galerka-q-ga3-120-l04-be--z--ova-vysoky.webp","datePublished":"2026-04-27T15:09:31+00:00","breadcrumb":{"@id":"https:\/\/www.domstavpro.com\/index.php\/produkt\/znackovy-tridverova-galerka-q-ga3-120-l04-bezova-vysoky-lesk-41098\/#breadcrumb"},"inLanguage":"cs","potentialAction":[{"@type":"ReadAction","target":["https:\/\/www.domstavpro.com\/index.php\/produkt\/znackovy-tridverova-galerka-q-ga3-120-l04-bezova-vysoky-lesk-41098\/"]}]},{"@type":"ImageObject","inLanguage":"cs","@id":"https:\/\/www.domstavpro.com\/index.php\/produkt\/znackovy-tridverova-galerka-q-ga3-120-l04-bezova-vysoky-lesk-41098\/#primaryimage","url":"https:\/\/www.domstavpro.com\/wp-content\/uploads\/2026\/SK0033424-CZ20260425-093351-0-1777080838-876114-1_tridverova-galerka-q-ga3-120-l04-be--z--ova-vysoky.webp","contentUrl":"https:\/\/www.domstavpro.com\/wp-content\/uploads\/2026\/SK0033424-CZ20260425-093351-0-1777080838-876114-1_tridverova-galerka-q-ga3-120-l04-be--z--ova-vysoky.webp","width":1000,"height":750},{"@type":"BreadcrumbList","@id":"https:\/\/www.domstavpro.com\/index.php\/produkt\/znackovy-tridverova-galerka-q-ga3-120-l04-bezova-vysoky-lesk-41098\/#breadcrumb","itemListElement":[{"@type":"ListItem","position":1,"name":"Home","item":"https:\/\/www.domstavpro.com\/"},{"@type":"ListItem","position":2,"name":"Products","item":"https:\/\/www.domstavpro.com\/index.php\/products\/"},{"@type":"ListItem","position":3,"name":"Zna\u010dkov\u00fd T\u0159\u00eddve\u0159ov\u00e1 galerka Q GA3 120 &#8211; L04 Be\u0301z\u030cova\u0301 vysok\u00fd lesk"}]},{"@type":"WebSite","@id":"https:\/\/www.domstavpro.com\/#website","url":"https:\/\/www.domstavpro.com\/","name":"","description":"","potentialAction":[{"@type":"SearchAction","target":{"@type":"EntryPoint","urlTemplate":"https:\/\/www.domstavpro.com\/?s={search_term_string}"},"query-input":{"@type":"PropertyValueSpecification","valueRequired":true,"valueName":"search_term_string"}}],"inLanguage":"cs"}]}},"_links":{"self":[{"href":"https:\/\/www.domstavpro.com\/index.php\/wp-json\/wp\/v2\/product\/41098","targetHints":{"allow":["GET"]}}],"collection":[{"href":"https:\/\/www.domstavpro.com\/index.php\/wp-json\/wp\/v2\/product"}],"about":[{"href":"https:\/\/www.domstavpro.com\/index.php\/wp-json\/wp\/v2\/types\/product"}],"replies":[{"embeddable":true,"href":"https:\/\/www.domstavpro.com\/index.php\/wp-json\/wp\/v2\/comments?post=41098"}],"wp:featuredmedia":[{"embeddable":true,"href":"https:\/\/www.domstavpro.com\/index.php\/wp-json\/wp\/v2\/media\/41198"}],"wp:attachment":[{"href":"https:\/\/www.domstavpro.com\/index.php\/wp-json\/wp\/v2\/media?parent=41098"}],"wp:term":[{"taxonomy":"product_brand","embeddable":true,"href":"https:\/\/www.domstavpro.com\/index.php\/wp-json\/wp\/v2\/product_brand?post=41098"},{"taxonomy":"product_cat","embeddable":true,"href":"https:\/\/www.domstavpro.com\/index.php\/wp-json\/wp\/v2\/product_cat?post=41098"},{"taxonomy":"product_tag","embeddable":true,"href":"https:\/\/www.domstavpro.com\/index.php\/wp-json\/wp\/v2\/product_tag?post=41098"}],"curies":[{"name":"wp","href":"https:\/\/api.w.org\/{rel}","templated":true}]}}