{"id":40566,"date":"2026-04-27T15:09:30","date_gmt":"2026-04-27T15:09:30","guid":{"rendered":""},"modified":"2026-04-27T15:09:30","modified_gmt":"2026-04-27T15:09:30","slug":"akce-koupelnova-skrinka-storm-szz-100-umyvadlo-triumph-d16-beton-tmavy-d16-beton-tmavy-40566","status":"publish","type":"product","link":"https:\/\/www.domstavpro.com\/index.php\/produkt\/akce-koupelnova-skrinka-storm-szz-100-umyvadlo-triumph-d16-beton-tmavy-d16-beton-tmavy-40566\/","title":{"rendered":"Akce Koupelnov\u00e1 sk\u0159\u00ed\u0148ka STORM SZZ 100 (umyvadlo Triumph) &#8211; D16 Beton tmav\u00fd \/ D16 Beton tmav\u00fd"},"content":{"rendered":"<div class=\"basic-description\">\n<h3>Detailn\u00ed popis produktu<\/h3>\n<p>Hravost pat\u0159\u00ed i do koupelny! A pokud jste stejn\u00e9ho n\u00e1zoru, pak pro v\u00e1s m\u00e1me stylov\u00e9 umyvadlov\u00e9 sk\u0159\u00ed\u0148ky i dopl\u0148kov\u00e9 sk\u0159\u00edn\u011b z<span> <\/span>kolekce STORM. Zamilujte se do vzdu\u0161n\u00e9 koupelny s praktick\u00fdmi sk\u0159\u00ed\u0148kami, kter\u00fdm dominuj\u00ed umyvadla na desku. Modern\u00ed, jednoduch\u00e9 \u0159e\u0161en\u00ed pro ka\u017ed\u00e9ho, kdo si r\u00e1d d\u011bl\u00e1 v\u011bci po sv\u00e9m. <\/p>\n<h2><strong>Parametry sk\u0159\u00ed\u0148ky<\/strong><\/h2>\n<p>Z\u00e1v\u011bsn\u00e1 umyvadlov\u00e1 sk\u0159\u00ed\u0148ka<span> <\/span><strong>STORM SZZ 100<\/strong><span> <\/span>se stane v\u00fdrazn\u00fdm prvkem va\u0161\u00ed koupelny i s tak minimalistick\u00fdm vzhledem, jak\u00fd m\u00e1. Jednoduch\u00e9 linky obd\u00e9ln\u00edku jsou dopln\u011bny<span> <\/span><strong>jednou z\u00e1suvkou bez \u00fachytky<\/strong>. \u0160lo by vymyslet n\u011bco je\u0161t\u011b jednodu\u0161\u0161\u00edho? Z\u00e1suvka se otev\u00edr\u00e1<span> <\/span><strong>pouh\u00fdm stla\u010den\u00edm pomoc\u00ed syst\u00e9mu Push-to-open<\/strong><span> <\/span>a na sv\u00e9m m\u00edst\u011b ji dr\u017e\u00ed kvalitn\u00ed pojezdy<span> <\/span><strong>n\u011bmeck\u00e9 zna\u010dky Hettich<\/strong>, na kter\u00e9 z\u00edsk\u00e1te<span> <\/span><strong>do\u017eivotn\u00ed z\u00e1ruku<\/strong>. Do z\u00e1suvky pohodln\u011b ulo\u017e\u00edte p\u0159edm\u011bty ka\u017edodenn\u00ed pot\u0159eby i choulostiv\u011bj\u0161\u00ed z\u00e1le\u017eitosti, kter\u00e9 maj\u00ed b\u00fdt uschovan\u00e9. <\/p>\n<p>Hr\u00e1t si m\u016f\u017eete nejen p\u0159i rozlo\u017een\u00ed sk\u0159\u00edn\u011bk v koupeln\u011b, ale i v jej\u00edm barevn\u00e9m proveden\u00ed. Na v\u00fdb\u011br m\u00e1te mo\u017enost v\u00fdroby z d\u0159evodekor\u016f, modern\u00edch dekor\u016f beton\u016f v r\u016fzn\u00fdch odst\u00ednech, ze z\u00e1kladn\u00edch barevn\u00fdch t\u00f3n\u016f ve vysok\u00e9m lesku a tak\u00e9 z odst\u00edn\u016f, kter\u00e9 si vyberete v nekon\u010d\u00edc\u00edm barevn\u00e9m<span> <\/span>vzorn\u00edku RAL\/NCS. <\/p>\n<p>Kvalitn\u00ed materi\u00e1l s vodoodpudivou \u00fapravou je z\u00e1rukou v\u00fddr\u017ee. P\u0159edev\u0161\u00edm horn\u00ed \u010d\u00e1st sk\u0159\u00ed\u0148ky v kolekci STORM je ka\u017edodenn\u011b vyu\u017e\u00edvan\u00e1 a ve v\u011bt\u0161in\u011b p\u0159\u00edpad\u016f bude ve va\u0161\u00ed koupeln\u011b zast\u00e1vat roli odkl\u00e1dac\u00ed plochy. Z\u00e1ruka na tuto sk\u0159\u00ed\u0148ku je<span> <\/span><strong>prodlou\u017eena na 5 let<\/strong>. Umyvadlov\u00e1 sk\u0159\u00ed\u0148ka je zcela z\u00e1v\u011bsn\u00e1 a nelze k n\u00ed p\u0159idat no\u017ei\u010dky!<\/p>\n<h3><strong>Umyvadlo na desku Triumph v cen\u011b<\/strong><\/h3>\n<p>P\u0159i n\u00e1kupu umyvadlov\u00e9 sk\u0159\u00ed\u0148ky STORM SZZ 100 z\u00edsk\u00e1te v cen\u011b i<span> <\/span>keramick\u00e9 umyvadlo na desku Triumph. Spojen\u00edm rovn\u00fdch lini\u00ed sk\u0159\u00ed\u0148ky a p\u0159\u00edrodn\u00edho vej\u010dit\u00e9ho tvaru umyvadla vznikne \u010dist\u00e1 a jednoduch\u00e1 kombinace, kter\u00e1 nadchne ka\u017ed\u00e9ho. Keramick\u00e9 umyvadlo je bez p\u0159epadu a baterii lze um\u00edstit na st\u011bnu \u010di desku umyvadlov\u00e9 sk\u0159\u00ed\u0148ky STORM. Umyvadlo Triumph je hlubok\u00e9 33,5 cm, nemus\u00edte tak m\u00edt obavy z kapek na desce a lze ho doplnit<span> <\/span>kovovou pr\u016ftokovou v\u00fdpust\u00ed a n\u011bkter\u00fdm z na\u0161ich<span> <\/span>sifon\u016f. <\/p>\n<h3><strong>Netradi\u010dn\u00ed \u0159e\u0161en\u00ed! Umyvadlov\u00e1 sk\u0159\u00ed\u0148ka bez umyvadla<\/strong><\/h3>\n<p>Pokud ji\u017e doma m\u00e1te vysn\u011bn\u00e9 umyvadlo vhodn\u00e9 pro um\u00edst\u011bn\u00ed na desku, m\u016f\u017eete si sk\u0159\u00ed\u0148ku<span> <\/span>STORM SZZ 100<span> <\/span>koupit i bez na\u0161eho umyvadla. V na\u0161\u00ed v\u00fdrobn\u011b v\u00e1m na p\u0159\u00e1n\u00ed m\u016f\u017eeme p\u0159ipravit i otvor na odtok \u010di dal\u0161\u00ed odborn\u00e9 z\u00e1sahy do materi\u00e1lu, sta\u010d\u00ed p\u0159i volb\u011b barevn\u00fdch variant zvolit mo\u017enost<span> <\/span><strong>\u201ePot\u0159ebuji v\u00fd\u0159ez\u201c<\/strong><span> <\/span>a d\u00e1le specifikovat p\u0159esn\u00e9 um\u00edst\u011bn\u00ed podle pl\u00e1nku. Pokud byste pot\u0159ebovali, m\u016f\u017eete kontaktovat na\u0161e kolegy ze z\u00e1kaznick\u00e9 podpory a poradit se s nimi po telefonu.<\/p>\n<h2><strong>Pro\u010d si zamilujete tuto sk\u0159\u00ed\u0148ku:<\/strong><\/h2>\n<ul>\n<li>Tlumen\u00e9 dov\u00edr\u00e1n\u00ed<\/li>\n<li>Bez\u00fachytkov\u00fd syst\u00e9m Push-to-open<\/li>\n<li>Umyvadlo na desku Triumph v cen\u011b sk\u0159\u00ed\u0148ky<\/li>\n<li>Do\u017eivotn\u00ed z\u00e1ruka na kovov\u00e9 pojezdy Hettich<\/li>\n<li>Prodlou\u017een\u00e1 z\u00e1ruka 5 let na sk\u0159\u00ed\u0148ku D\u0159evojas<\/li>\n<\/ul>\n<h3><strong>Kvalitn\u00ed koupelnov\u00fd n\u00e1bytek z D\u0159evojasu<\/strong><\/h3>\n<p>Vyberte si n\u00e1bytek do koupelny vyroben\u00fd v \u010cech\u00e1ch! Ve svitavsk\u00e9m v\u00fdrobn\u00edm z\u00e1vod\u011b m\u00e1me pod dohledem materi\u00e1l, jednotliv\u00e9 kroky v\u00fdroby, lakov\u00e1n\u00ed i dal\u0161\u00ed technologick\u00e9 \u00fapravy a samoz\u0159ejm\u011b v\u0161e i s pe\u010dlivost\u00ed sestavujeme a pos\u00edl\u00e1me za v\u00e1mi. Dop\u0159ejte sv\u00e9 koupeln\u011b kvalitu, kter\u00e1 vydr\u017e\u00ed (skoro) nav\u011bky.<\/p>\n<h3 style=\"text-align: justify;\"><strong>V D\u0159evojasu v\u00edme, co bude v koupeln\u011b sed\u011bt<\/strong><\/h3>\n<p>Koupelny jsou n\u00e1\u0161 obor! Proto na na\u0161em webu nenajdete pouze e-shop, ale tak\u00e9<span> <\/span>Poradnu<span> <\/span>s velk\u00fdm mno\u017estv\u00edm rad, kter\u00e9 v\u00e1m pomohou p\u0159i v\u00fdb\u011bru nebo mont\u00e1\u017ei, a tak\u00e9 mnoho inspirace. Pokud si nejste jist\u00ed sv\u00fdm v\u00fdb\u011brem, r\u00e1di v\u00e1m porad\u00edme po telefonu<span> <\/span><strong>+420 461 653 937<\/strong>, e-mailu<span> <\/span><strong>info@drevojas.cz<\/strong><span> <\/span>\u010di p\u0159\u00edmo v na\u0161em<span> <\/span>showroomu. V\u011bnujte \u010das sv\u00e9 nov\u00e9 koupeln\u011b a nebudete litovat.<\/p>\n<\/p><\/div>\n","protected":false},"excerpt":{"rendered":"<p>Detailn\u00ed popis produktu Hravost pat\u0159\u00ed i do koupelny! A pokud jste stejn\u00e9ho n\u00e1zoru, pak pro v\u00e1s m\u00e1me stylov\u00e9 umyvadlov\u00e9 sk\u0159\u00ed\u0148ky i dopl\u0148kov\u00e9 sk\u0159\u00edn\u011b z kolekce STORM. Zamilujte se do vzdu\u0161n\u00e9 koupelny s praktick\u00fdmi sk\u0159\u00ed\u0148kami, kter\u00fdm dominuj\u00ed umyvadla na desku. Modern\u00ed, jednoduch\u00e9 \u0159e\u0161en\u00ed pro ka\u017ed\u00e9ho, kdo si r\u00e1d d\u011bl\u00e1 v\u011bci po sv\u00e9m. Parametry sk\u0159\u00ed\u0148ky Z\u00e1v\u011bsn\u00e1 umyvadlov\u00e1 [&hellip;]<\/p>\n","protected":false},"featured_media":40666,"comment_status":"open","ping_status":"open","template":"","meta":[],"product_brand":[],"product_cat":[56],"product_tag":[],"class_list":{"0":"post-40566","1":"product","2":"type-product","3":"status-publish","4":"has-post-thumbnail","6":"product_cat-koupelny-a-sanitarni-technika","8":"first","9":"instock","10":"sale","11":"shipping-taxable","12":"purchasable","13":"product-type-simple"},"yoast_head":"<!-- This site is optimized with the Yoast SEO plugin v26.8 - https:\/\/yoast.com\/product\/yoast-seo-wordpress\/ -->\n<title>Akce Koupelnov\u00e1 sk\u0159\u00ed\u0148ka STORM SZZ 100 (umyvadlo Triumph) - D16 Beton tmav\u00fd \/ D16 Beton tmav\u00fd -<\/title>\n<meta name=\"robots\" content=\"index, follow, max-snippet:-1, max-image-preview:large, max-video-preview:-1\" \/>\n<link rel=\"canonical\" href=\"https:\/\/www.domstavpro.com\/index.php\/produkt\/akce-koupelnova-skrinka-storm-szz-100-umyvadlo-triumph-d16-beton-tmavy-d16-beton-tmavy-40566\/\" \/>\n<meta property=\"og:locale\" content=\"cs_CZ\" \/>\n<meta property=\"og:type\" content=\"article\" \/>\n<meta property=\"og:title\" content=\"Akce Koupelnov\u00e1 sk\u0159\u00ed\u0148ka STORM SZZ 100 (umyvadlo Triumph) - D16 Beton tmav\u00fd \/ D16 Beton tmav\u00fd -\" \/>\n<meta property=\"og:description\" content=\"Detailn\u00ed popis produktu Hravost pat\u0159\u00ed i do koupelny! A pokud jste stejn\u00e9ho n\u00e1zoru, pak pro v\u00e1s m\u00e1me stylov\u00e9 umyvadlov\u00e9 sk\u0159\u00ed\u0148ky i dopl\u0148kov\u00e9 sk\u0159\u00edn\u011b z kolekce STORM. Zamilujte se do vzdu\u0161n\u00e9 koupelny s praktick\u00fdmi sk\u0159\u00ed\u0148kami, kter\u00fdm dominuj\u00ed umyvadla na desku. Modern\u00ed, jednoduch\u00e9 \u0159e\u0161en\u00ed pro ka\u017ed\u00e9ho, kdo si r\u00e1d d\u011bl\u00e1 v\u011bci po sv\u00e9m. Parametry sk\u0159\u00ed\u0148ky Z\u00e1v\u011bsn\u00e1 umyvadlov\u00e1 [&hellip;]\" \/>\n<meta property=\"og:url\" content=\"https:\/\/www.domstavpro.com\/index.php\/produkt\/akce-koupelnova-skrinka-storm-szz-100-umyvadlo-triumph-d16-beton-tmavy-d16-beton-tmavy-40566\/\" \/>\n<meta property=\"og:image\" content=\"https:\/\/www.domstavpro.com\/wp-content\/uploads\/2026\/SK0033165-CZ20260425-093351-0-1777080838-876960_koupelnova-skrinka-storm-szz-100--umyvadlo-triumph-d.webp\" \/>\n\t<meta property=\"og:image:width\" content=\"1000\" \/>\n\t<meta property=\"og:image:height\" content=\"750\" \/>\n\t<meta property=\"og:image:type\" content=\"image\/webp\" \/>\n<meta name=\"twitter:card\" content=\"summary_large_image\" \/>\n<meta name=\"twitter:label1\" content=\"Odhadovan\u00e1 doba \u010dten\u00ed\" \/>\n\t<meta name=\"twitter:data1\" content=\"4 minuty\" \/>\n<script type=\"application\/ld+json\" class=\"yoast-schema-graph\">{\"@context\":\"https:\/\/schema.org\",\"@graph\":[{\"@type\":\"WebPage\",\"@id\":\"https:\/\/www.domstavpro.com\/index.php\/produkt\/akce-koupelnova-skrinka-storm-szz-100-umyvadlo-triumph-d16-beton-tmavy-d16-beton-tmavy-40566\/\",\"url\":\"https:\/\/www.domstavpro.com\/index.php\/produkt\/akce-koupelnova-skrinka-storm-szz-100-umyvadlo-triumph-d16-beton-tmavy-d16-beton-tmavy-40566\/\",\"name\":\"Akce Koupelnov\u00e1 sk\u0159\u00ed\u0148ka STORM SZZ 100 (umyvadlo Triumph) - D16 Beton tmav\u00fd \/ D16 Beton tmav\u00fd -\",\"isPartOf\":{\"@id\":\"https:\/\/www.domstavpro.com\/#website\"},\"primaryImageOfPage\":{\"@id\":\"https:\/\/www.domstavpro.com\/index.php\/produkt\/akce-koupelnova-skrinka-storm-szz-100-umyvadlo-triumph-d16-beton-tmavy-d16-beton-tmavy-40566\/#primaryimage\"},\"image\":{\"@id\":\"https:\/\/www.domstavpro.com\/index.php\/produkt\/akce-koupelnova-skrinka-storm-szz-100-umyvadlo-triumph-d16-beton-tmavy-d16-beton-tmavy-40566\/#primaryimage\"},\"thumbnailUrl\":\"https:\/\/www.domstavpro.com\/wp-content\/uploads\/2026\/SK0033165-CZ20260425-093351-0-1777080838-876960_koupelnova-skrinka-storm-szz-100--umyvadlo-triumph-d.webp\",\"datePublished\":\"2026-04-27T15:09:30+00:00\",\"breadcrumb\":{\"@id\":\"https:\/\/www.domstavpro.com\/index.php\/produkt\/akce-koupelnova-skrinka-storm-szz-100-umyvadlo-triumph-d16-beton-tmavy-d16-beton-tmavy-40566\/#breadcrumb\"},\"inLanguage\":\"cs\",\"potentialAction\":[{\"@type\":\"ReadAction\",\"target\":[\"https:\/\/www.domstavpro.com\/index.php\/produkt\/akce-koupelnova-skrinka-storm-szz-100-umyvadlo-triumph-d16-beton-tmavy-d16-beton-tmavy-40566\/\"]}]},{\"@type\":\"ImageObject\",\"inLanguage\":\"cs\",\"@id\":\"https:\/\/www.domstavpro.com\/index.php\/produkt\/akce-koupelnova-skrinka-storm-szz-100-umyvadlo-triumph-d16-beton-tmavy-d16-beton-tmavy-40566\/#primaryimage\",\"url\":\"https:\/\/www.domstavpro.com\/wp-content\/uploads\/2026\/SK0033165-CZ20260425-093351-0-1777080838-876960_koupelnova-skrinka-storm-szz-100--umyvadlo-triumph-d.webp\",\"contentUrl\":\"https:\/\/www.domstavpro.com\/wp-content\/uploads\/2026\/SK0033165-CZ20260425-093351-0-1777080838-876960_koupelnova-skrinka-storm-szz-100--umyvadlo-triumph-d.webp\",\"width\":1000,\"height\":750},{\"@type\":\"BreadcrumbList\",\"@id\":\"https:\/\/www.domstavpro.com\/index.php\/produkt\/akce-koupelnova-skrinka-storm-szz-100-umyvadlo-triumph-d16-beton-tmavy-d16-beton-tmavy-40566\/#breadcrumb\",\"itemListElement\":[{\"@type\":\"ListItem\",\"position\":1,\"name\":\"Home\",\"item\":\"https:\/\/www.domstavpro.com\/\"},{\"@type\":\"ListItem\",\"position\":2,\"name\":\"Products\",\"item\":\"https:\/\/www.domstavpro.com\/index.php\/products\/\"},{\"@type\":\"ListItem\",\"position\":3,\"name\":\"Akce Koupelnov\u00e1 sk\u0159\u00ed\u0148ka STORM SZZ 100 (umyvadlo Triumph) &#8211; D16 Beton tmav\u00fd \/ D16 Beton tmav\u00fd\"}]},{\"@type\":\"WebSite\",\"@id\":\"https:\/\/www.domstavpro.com\/#website\",\"url\":\"https:\/\/www.domstavpro.com\/\",\"name\":\"\",\"description\":\"\",\"potentialAction\":[{\"@type\":\"SearchAction\",\"target\":{\"@type\":\"EntryPoint\",\"urlTemplate\":\"https:\/\/www.domstavpro.com\/?s={search_term_string}\"},\"query-input\":{\"@type\":\"PropertyValueSpecification\",\"valueRequired\":true,\"valueName\":\"search_term_string\"}}],\"inLanguage\":\"cs\"}]}<\/script>\n<!-- \/ Yoast SEO plugin. -->","yoast_head_json":{"title":"Akce Koupelnov\u00e1 sk\u0159\u00ed\u0148ka STORM SZZ 100 (umyvadlo Triumph) - D16 Beton tmav\u00fd \/ D16 Beton tmav\u00fd -","robots":{"index":"index","follow":"follow","max-snippet":"max-snippet:-1","max-image-preview":"max-image-preview:large","max-video-preview":"max-video-preview:-1"},"canonical":"https:\/\/www.domstavpro.com\/index.php\/produkt\/akce-koupelnova-skrinka-storm-szz-100-umyvadlo-triumph-d16-beton-tmavy-d16-beton-tmavy-40566\/","og_locale":"cs_CZ","og_type":"article","og_title":"Akce Koupelnov\u00e1 sk\u0159\u00ed\u0148ka STORM SZZ 100 (umyvadlo Triumph) - D16 Beton tmav\u00fd \/ D16 Beton tmav\u00fd -","og_description":"Detailn\u00ed popis produktu Hravost pat\u0159\u00ed i do koupelny! A pokud jste stejn\u00e9ho n\u00e1zoru, pak pro v\u00e1s m\u00e1me stylov\u00e9 umyvadlov\u00e9 sk\u0159\u00ed\u0148ky i dopl\u0148kov\u00e9 sk\u0159\u00edn\u011b z kolekce STORM. Zamilujte se do vzdu\u0161n\u00e9 koupelny s praktick\u00fdmi sk\u0159\u00ed\u0148kami, kter\u00fdm dominuj\u00ed umyvadla na desku. Modern\u00ed, jednoduch\u00e9 \u0159e\u0161en\u00ed pro ka\u017ed\u00e9ho, kdo si r\u00e1d d\u011bl\u00e1 v\u011bci po sv\u00e9m. Parametry sk\u0159\u00ed\u0148ky Z\u00e1v\u011bsn\u00e1 umyvadlov\u00e1 [&hellip;]","og_url":"https:\/\/www.domstavpro.com\/index.php\/produkt\/akce-koupelnova-skrinka-storm-szz-100-umyvadlo-triumph-d16-beton-tmavy-d16-beton-tmavy-40566\/","og_image":[{"width":1000,"height":750,"url":"https:\/\/www.domstavpro.com\/wp-content\/uploads\/2026\/SK0033165-CZ20260425-093351-0-1777080838-876960_koupelnova-skrinka-storm-szz-100--umyvadlo-triumph-d.webp","type":"image\/webp"}],"twitter_card":"summary_large_image","twitter_misc":{"Odhadovan\u00e1 doba \u010dten\u00ed":"4 minuty"},"schema":{"@context":"https:\/\/schema.org","@graph":[{"@type":"WebPage","@id":"https:\/\/www.domstavpro.com\/index.php\/produkt\/akce-koupelnova-skrinka-storm-szz-100-umyvadlo-triumph-d16-beton-tmavy-d16-beton-tmavy-40566\/","url":"https:\/\/www.domstavpro.com\/index.php\/produkt\/akce-koupelnova-skrinka-storm-szz-100-umyvadlo-triumph-d16-beton-tmavy-d16-beton-tmavy-40566\/","name":"Akce Koupelnov\u00e1 sk\u0159\u00ed\u0148ka STORM SZZ 100 (umyvadlo Triumph) - D16 Beton tmav\u00fd \/ D16 Beton tmav\u00fd -","isPartOf":{"@id":"https:\/\/www.domstavpro.com\/#website"},"primaryImageOfPage":{"@id":"https:\/\/www.domstavpro.com\/index.php\/produkt\/akce-koupelnova-skrinka-storm-szz-100-umyvadlo-triumph-d16-beton-tmavy-d16-beton-tmavy-40566\/#primaryimage"},"image":{"@id":"https:\/\/www.domstavpro.com\/index.php\/produkt\/akce-koupelnova-skrinka-storm-szz-100-umyvadlo-triumph-d16-beton-tmavy-d16-beton-tmavy-40566\/#primaryimage"},"thumbnailUrl":"https:\/\/www.domstavpro.com\/wp-content\/uploads\/2026\/SK0033165-CZ20260425-093351-0-1777080838-876960_koupelnova-skrinka-storm-szz-100--umyvadlo-triumph-d.webp","datePublished":"2026-04-27T15:09:30+00:00","breadcrumb":{"@id":"https:\/\/www.domstavpro.com\/index.php\/produkt\/akce-koupelnova-skrinka-storm-szz-100-umyvadlo-triumph-d16-beton-tmavy-d16-beton-tmavy-40566\/#breadcrumb"},"inLanguage":"cs","potentialAction":[{"@type":"ReadAction","target":["https:\/\/www.domstavpro.com\/index.php\/produkt\/akce-koupelnova-skrinka-storm-szz-100-umyvadlo-triumph-d16-beton-tmavy-d16-beton-tmavy-40566\/"]}]},{"@type":"ImageObject","inLanguage":"cs","@id":"https:\/\/www.domstavpro.com\/index.php\/produkt\/akce-koupelnova-skrinka-storm-szz-100-umyvadlo-triumph-d16-beton-tmavy-d16-beton-tmavy-40566\/#primaryimage","url":"https:\/\/www.domstavpro.com\/wp-content\/uploads\/2026\/SK0033165-CZ20260425-093351-0-1777080838-876960_koupelnova-skrinka-storm-szz-100--umyvadlo-triumph-d.webp","contentUrl":"https:\/\/www.domstavpro.com\/wp-content\/uploads\/2026\/SK0033165-CZ20260425-093351-0-1777080838-876960_koupelnova-skrinka-storm-szz-100--umyvadlo-triumph-d.webp","width":1000,"height":750},{"@type":"BreadcrumbList","@id":"https:\/\/www.domstavpro.com\/index.php\/produkt\/akce-koupelnova-skrinka-storm-szz-100-umyvadlo-triumph-d16-beton-tmavy-d16-beton-tmavy-40566\/#breadcrumb","itemListElement":[{"@type":"ListItem","position":1,"name":"Home","item":"https:\/\/www.domstavpro.com\/"},{"@type":"ListItem","position":2,"name":"Products","item":"https:\/\/www.domstavpro.com\/index.php\/products\/"},{"@type":"ListItem","position":3,"name":"Akce Koupelnov\u00e1 sk\u0159\u00ed\u0148ka STORM SZZ 100 (umyvadlo Triumph) &#8211; D16 Beton tmav\u00fd \/ D16 Beton tmav\u00fd"}]},{"@type":"WebSite","@id":"https:\/\/www.domstavpro.com\/#website","url":"https:\/\/www.domstavpro.com\/","name":"","description":"","potentialAction":[{"@type":"SearchAction","target":{"@type":"EntryPoint","urlTemplate":"https:\/\/www.domstavpro.com\/?s={search_term_string}"},"query-input":{"@type":"PropertyValueSpecification","valueRequired":true,"valueName":"search_term_string"}}],"inLanguage":"cs"}]}},"_links":{"self":[{"href":"https:\/\/www.domstavpro.com\/index.php\/wp-json\/wp\/v2\/product\/40566","targetHints":{"allow":["GET"]}}],"collection":[{"href":"https:\/\/www.domstavpro.com\/index.php\/wp-json\/wp\/v2\/product"}],"about":[{"href":"https:\/\/www.domstavpro.com\/index.php\/wp-json\/wp\/v2\/types\/product"}],"replies":[{"embeddable":true,"href":"https:\/\/www.domstavpro.com\/index.php\/wp-json\/wp\/v2\/comments?post=40566"}],"wp:featuredmedia":[{"embeddable":true,"href":"https:\/\/www.domstavpro.com\/index.php\/wp-json\/wp\/v2\/media\/40666"}],"wp:attachment":[{"href":"https:\/\/www.domstavpro.com\/index.php\/wp-json\/wp\/v2\/media?parent=40566"}],"wp:term":[{"taxonomy":"product_brand","embeddable":true,"href":"https:\/\/www.domstavpro.com\/index.php\/wp-json\/wp\/v2\/product_brand?post=40566"},{"taxonomy":"product_cat","embeddable":true,"href":"https:\/\/www.domstavpro.com\/index.php\/wp-json\/wp\/v2\/product_cat?post=40566"},{"taxonomy":"product_tag","embeddable":true,"href":"https:\/\/www.domstavpro.com\/index.php\/wp-json\/wp\/v2\/product_tag?post=40566"}],"curies":[{"name":"wp","href":"https:\/\/api.w.org\/{rel}","templated":true}]}}