{"id":3961,"date":"2026-04-27T15:08:05","date_gmt":"2026-04-27T15:08:05","guid":{"rendered":""},"modified":"2026-04-27T15:08:05","modified_gmt":"2026-04-27T15:08:05","slug":"led-zarovka-cerna-7w-4000k-700lm-stary-kod-klb-4k-bk-kohl-lighting-primo-od-vyrobce-3961","status":"publish","type":"product","link":"https:\/\/www.domstavpro.com\/index.php\/produkt\/led-zarovka-cerna-7w-4000k-700lm-stary-kod-klb-4k-bk-kohl-lighting-primo-od-vyrobce-3961\/","title":{"rendered":"LED \u017e\u00e1rovka \u010dern\u00e1 7W 4000K 700lm (star\u00fd k\u00f3d: KLB.4K.BK) &#8211; KOHL-Lighting P\u0159\u00edmo Od V\u00fdrobce"},"content":{"rendered":"<p><\/p>\n<div class=\"top-params\">\n<h3 class=\"product-h3 collapse-header \" data-toggle=\"collapse\" data-target=\"#collapseOne\" aria-expanded=\"true\" aria-controls=\"collapseOne\">Parametry<\/h3>\n<div id=\"collapseOne\" class=\"collapse show\" aria-labelledby=\"headingOne\" data-parent=\"#product-info-accordion1\">\n<table class=\"table-striped\">\n<tr>\n<td>                V\u00fdrobce            <\/td>\n<td>                KOHL-LIGHTING            <\/td>\n<\/tr>\n<tr>\n<td>                Materi\u00e1l            <\/td>\n<td>                hlin\u00edk            <\/td>\n<\/tr>\n<tr>\n<td>                Teplota barvy sv\u011btla            <\/td>\n<td>                4000K            <\/td>\n<\/tr>\n<tr>\n<td>                Nap\u00e1jec\u00ed nap\u011bt\u00ed            <\/td>\n<td>                230V            <\/td>\n<\/tr>\n<tr>\n<td>                Patice            <\/td>\n<td>                GU10            <\/td>\n<\/tr>\n<tr>\n<td>                Energetick\u00e1 \u00fa\u010dinnost            <\/td>\n<td>                A+            <\/td>\n<\/tr>\n<tr>\n<td>                Barva            <\/td>\n<td>                \u010dern\u00e1            <\/td>\n<\/tr>\n<tr>\n<td>                Max. p\u0159\u00edkon sv\u011bteln\u00e9ho zdroje            <\/td>\n<td>                7W            <\/td>\n<\/tr>\n<tr>\n<td>                T\u0159\u00edda ochrany            <\/td>\n<td>                II            <\/td>\n<\/tr>\n<tr>\n<td>                V\u010detn\u011b sv\u011bteln\u00e9ho zdroje            <\/td>\n<td>                ano            <\/td>\n<\/tr>\n<tr>\n<td>                Index pod\u00e1n\u00ed barev            <\/td>\n<td>                80            <\/td>\n<\/tr>\n<tr>\n<td>                Pr\u016fm\u011br v mm            <\/td>\n<td>                50            <\/td>\n<\/tr>\n<tr>\n<td>                \u00dahel z\u00e1\u0159en\u00ed            <\/td>\n<td>                25\u00b0            <\/td>\n<\/tr>\n<tr>\n<td>                Sv\u011bteln\u00fd tok            <\/td>\n<td>                700lm            <\/td>\n<\/tr>\n<tr>\n<td>                Z\u00e1ru\u010dn\u00ed doba            <\/td>\n<td>                5 let            <\/td>\n<\/tr>\n<\/table>\n<\/div><\/div>\n<\/div>\n<div class=\"accordion\" id=\"product-info-accordion2\">\n","protected":false},"excerpt":{"rendered":"<p>Parametry V\u00fdrobce KOHL-LIGHTING Materi\u00e1l hlin\u00edk Teplota barvy sv\u011btla 4000K Nap\u00e1jec\u00ed nap\u011bt\u00ed 230V Patice GU10 Energetick\u00e1 \u00fa\u010dinnost A+ Barva \u010dern\u00e1 Max. p\u0159\u00edkon sv\u011bteln\u00e9ho zdroje 7W T\u0159\u00edda ochrany II V\u010detn\u011b sv\u011bteln\u00e9ho zdroje ano Index pod\u00e1n\u00ed barev 80 Pr\u016fm\u011br v mm 50 \u00dahel z\u00e1\u0159en\u00ed 25\u00b0 Sv\u011bteln\u00fd tok 700lm Z\u00e1ru\u010dn\u00ed doba 5 let<\/p>\n","protected":false},"featured_media":4061,"comment_status":"open","ping_status":"open","template":"","meta":[],"product_brand":[],"product_cat":[36],"product_tag":[],"class_list":{"0":"post-3961","1":"product","2":"type-product","3":"status-publish","4":"has-post-thumbnail","6":"product_cat-zarovky","8":"first","9":"instock","10":"sale","11":"shipping-taxable","12":"purchasable","13":"product-type-simple"},"yoast_head":"<!-- This site is optimized with the Yoast SEO plugin v26.8 - https:\/\/yoast.com\/product\/yoast-seo-wordpress\/ -->\n<title>LED \u017e\u00e1rovka \u010dern\u00e1 7W 4000K 700lm (star\u00fd k\u00f3d: KLB.4K.BK) - KOHL-Lighting P\u0159\u00edmo Od V\u00fdrobce -<\/title>\n<meta name=\"robots\" content=\"index, follow, max-snippet:-1, max-image-preview:large, max-video-preview:-1\" \/>\n<link rel=\"canonical\" href=\"https:\/\/www.domstavpro.com\/index.php\/produkt\/led-zarovka-cerna-7w-4000k-700lm-stary-kod-klb-4k-bk-kohl-lighting-primo-od-vyrobce-3961\/\" \/>\n<meta property=\"og:locale\" content=\"cs_CZ\" \/>\n<meta property=\"og:type\" content=\"article\" \/>\n<meta property=\"og:title\" content=\"LED \u017e\u00e1rovka \u010dern\u00e1 7W 4000K 700lm (star\u00fd k\u00f3d: KLB.4K.BK) - KOHL-Lighting P\u0159\u00edmo Od V\u00fdrobce -\" \/>\n<meta property=\"og:description\" content=\"Parametry V\u00fdrobce KOHL-LIGHTING Materi\u00e1l hlin\u00edk Teplota barvy sv\u011btla 4000K Nap\u00e1jec\u00ed nap\u011bt\u00ed 230V Patice GU10 Energetick\u00e1 \u00fa\u010dinnost A+ Barva \u010dern\u00e1 Max. p\u0159\u00edkon sv\u011bteln\u00e9ho zdroje 7W T\u0159\u00edda ochrany II V\u010detn\u011b sv\u011bteln\u00e9ho zdroje ano Index pod\u00e1n\u00ed barev 80 Pr\u016fm\u011br v mm 50 \u00dahel z\u00e1\u0159en\u00ed 25\u00b0 Sv\u011bteln\u00fd tok 700lm Z\u00e1ru\u010dn\u00ed doba 5 let\" \/>\n<meta property=\"og:url\" content=\"https:\/\/www.domstavpro.com\/index.php\/produkt\/led-zarovka-cerna-7w-4000k-700lm-stary-kod-klb-4k-bk-kohl-lighting-primo-od-vyrobce-3961\/\" \/>\n<meta property=\"og:image\" content=\"https:\/\/www.domstavpro.com\/wp-content\/uploads\/2026\/SK0024871-CZ20260425-091535-0-1777079744-KHL-KLB-BK-BK-25-40.webp\" \/>\n\t<meta property=\"og:image:width\" content=\"700\" \/>\n\t<meta property=\"og:image:height\" content=\"560\" \/>\n\t<meta property=\"og:image:type\" content=\"image\/webp\" \/>\n<meta name=\"twitter:card\" content=\"summary_large_image\" \/>\n<script type=\"application\/ld+json\" class=\"yoast-schema-graph\">{\"@context\":\"https:\/\/schema.org\",\"@graph\":[{\"@type\":\"WebPage\",\"@id\":\"https:\/\/www.domstavpro.com\/index.php\/produkt\/led-zarovka-cerna-7w-4000k-700lm-stary-kod-klb-4k-bk-kohl-lighting-primo-od-vyrobce-3961\/\",\"url\":\"https:\/\/www.domstavpro.com\/index.php\/produkt\/led-zarovka-cerna-7w-4000k-700lm-stary-kod-klb-4k-bk-kohl-lighting-primo-od-vyrobce-3961\/\",\"name\":\"LED \u017e\u00e1rovka \u010dern\u00e1 7W 4000K 700lm (star\u00fd k\u00f3d: KLB.4K.BK) - KOHL-Lighting P\u0159\u00edmo Od V\u00fdrobce -\",\"isPartOf\":{\"@id\":\"https:\/\/www.domstavpro.com\/#website\"},\"primaryImageOfPage\":{\"@id\":\"https:\/\/www.domstavpro.com\/index.php\/produkt\/led-zarovka-cerna-7w-4000k-700lm-stary-kod-klb-4k-bk-kohl-lighting-primo-od-vyrobce-3961\/#primaryimage\"},\"image\":{\"@id\":\"https:\/\/www.domstavpro.com\/index.php\/produkt\/led-zarovka-cerna-7w-4000k-700lm-stary-kod-klb-4k-bk-kohl-lighting-primo-od-vyrobce-3961\/#primaryimage\"},\"thumbnailUrl\":\"https:\/\/www.domstavpro.com\/wp-content\/uploads\/2026\/SK0024871-CZ20260425-091535-0-1777079744-KHL-KLB-BK-BK-25-40.webp\",\"datePublished\":\"2026-04-27T15:08:05+00:00\",\"breadcrumb\":{\"@id\":\"https:\/\/www.domstavpro.com\/index.php\/produkt\/led-zarovka-cerna-7w-4000k-700lm-stary-kod-klb-4k-bk-kohl-lighting-primo-od-vyrobce-3961\/#breadcrumb\"},\"inLanguage\":\"cs\",\"potentialAction\":[{\"@type\":\"ReadAction\",\"target\":[\"https:\/\/www.domstavpro.com\/index.php\/produkt\/led-zarovka-cerna-7w-4000k-700lm-stary-kod-klb-4k-bk-kohl-lighting-primo-od-vyrobce-3961\/\"]}]},{\"@type\":\"ImageObject\",\"inLanguage\":\"cs\",\"@id\":\"https:\/\/www.domstavpro.com\/index.php\/produkt\/led-zarovka-cerna-7w-4000k-700lm-stary-kod-klb-4k-bk-kohl-lighting-primo-od-vyrobce-3961\/#primaryimage\",\"url\":\"https:\/\/www.domstavpro.com\/wp-content\/uploads\/2026\/SK0024871-CZ20260425-091535-0-1777079744-KHL-KLB-BK-BK-25-40.webp\",\"contentUrl\":\"https:\/\/www.domstavpro.com\/wp-content\/uploads\/2026\/SK0024871-CZ20260425-091535-0-1777079744-KHL-KLB-BK-BK-25-40.webp\",\"width\":700,\"height\":560},{\"@type\":\"BreadcrumbList\",\"@id\":\"https:\/\/www.domstavpro.com\/index.php\/produkt\/led-zarovka-cerna-7w-4000k-700lm-stary-kod-klb-4k-bk-kohl-lighting-primo-od-vyrobce-3961\/#breadcrumb\",\"itemListElement\":[{\"@type\":\"ListItem\",\"position\":1,\"name\":\"Home\",\"item\":\"https:\/\/www.domstavpro.com\/\"},{\"@type\":\"ListItem\",\"position\":2,\"name\":\"Products\",\"item\":\"https:\/\/www.domstavpro.com\/index.php\/products\/\"},{\"@type\":\"ListItem\",\"position\":3,\"name\":\"LED \u017e\u00e1rovka \u010dern\u00e1 7W 4000K 700lm (star\u00fd k\u00f3d: KLB.4K.BK) &#8211; KOHL-Lighting P\u0159\u00edmo Od V\u00fdrobce\"}]},{\"@type\":\"WebSite\",\"@id\":\"https:\/\/www.domstavpro.com\/#website\",\"url\":\"https:\/\/www.domstavpro.com\/\",\"name\":\"\",\"description\":\"\",\"potentialAction\":[{\"@type\":\"SearchAction\",\"target\":{\"@type\":\"EntryPoint\",\"urlTemplate\":\"https:\/\/www.domstavpro.com\/?s={search_term_string}\"},\"query-input\":{\"@type\":\"PropertyValueSpecification\",\"valueRequired\":true,\"valueName\":\"search_term_string\"}}],\"inLanguage\":\"cs\"}]}<\/script>\n<!-- \/ Yoast SEO plugin. -->","yoast_head_json":{"title":"LED \u017e\u00e1rovka \u010dern\u00e1 7W 4000K 700lm (star\u00fd k\u00f3d: KLB.4K.BK) - KOHL-Lighting P\u0159\u00edmo Od V\u00fdrobce -","robots":{"index":"index","follow":"follow","max-snippet":"max-snippet:-1","max-image-preview":"max-image-preview:large","max-video-preview":"max-video-preview:-1"},"canonical":"https:\/\/www.domstavpro.com\/index.php\/produkt\/led-zarovka-cerna-7w-4000k-700lm-stary-kod-klb-4k-bk-kohl-lighting-primo-od-vyrobce-3961\/","og_locale":"cs_CZ","og_type":"article","og_title":"LED \u017e\u00e1rovka \u010dern\u00e1 7W 4000K 700lm (star\u00fd k\u00f3d: KLB.4K.BK) - KOHL-Lighting P\u0159\u00edmo Od V\u00fdrobce -","og_description":"Parametry V\u00fdrobce KOHL-LIGHTING Materi\u00e1l hlin\u00edk Teplota barvy sv\u011btla 4000K Nap\u00e1jec\u00ed nap\u011bt\u00ed 230V Patice GU10 Energetick\u00e1 \u00fa\u010dinnost A+ Barva \u010dern\u00e1 Max. p\u0159\u00edkon sv\u011bteln\u00e9ho zdroje 7W T\u0159\u00edda ochrany II V\u010detn\u011b sv\u011bteln\u00e9ho zdroje ano Index pod\u00e1n\u00ed barev 80 Pr\u016fm\u011br v mm 50 \u00dahel z\u00e1\u0159en\u00ed 25\u00b0 Sv\u011bteln\u00fd tok 700lm Z\u00e1ru\u010dn\u00ed doba 5 let","og_url":"https:\/\/www.domstavpro.com\/index.php\/produkt\/led-zarovka-cerna-7w-4000k-700lm-stary-kod-klb-4k-bk-kohl-lighting-primo-od-vyrobce-3961\/","og_image":[{"width":700,"height":560,"url":"https:\/\/www.domstavpro.com\/wp-content\/uploads\/2026\/SK0024871-CZ20260425-091535-0-1777079744-KHL-KLB-BK-BK-25-40.webp","type":"image\/webp"}],"twitter_card":"summary_large_image","schema":{"@context":"https:\/\/schema.org","@graph":[{"@type":"WebPage","@id":"https:\/\/www.domstavpro.com\/index.php\/produkt\/led-zarovka-cerna-7w-4000k-700lm-stary-kod-klb-4k-bk-kohl-lighting-primo-od-vyrobce-3961\/","url":"https:\/\/www.domstavpro.com\/index.php\/produkt\/led-zarovka-cerna-7w-4000k-700lm-stary-kod-klb-4k-bk-kohl-lighting-primo-od-vyrobce-3961\/","name":"LED \u017e\u00e1rovka \u010dern\u00e1 7W 4000K 700lm (star\u00fd k\u00f3d: KLB.4K.BK) - KOHL-Lighting P\u0159\u00edmo Od V\u00fdrobce -","isPartOf":{"@id":"https:\/\/www.domstavpro.com\/#website"},"primaryImageOfPage":{"@id":"https:\/\/www.domstavpro.com\/index.php\/produkt\/led-zarovka-cerna-7w-4000k-700lm-stary-kod-klb-4k-bk-kohl-lighting-primo-od-vyrobce-3961\/#primaryimage"},"image":{"@id":"https:\/\/www.domstavpro.com\/index.php\/produkt\/led-zarovka-cerna-7w-4000k-700lm-stary-kod-klb-4k-bk-kohl-lighting-primo-od-vyrobce-3961\/#primaryimage"},"thumbnailUrl":"https:\/\/www.domstavpro.com\/wp-content\/uploads\/2026\/SK0024871-CZ20260425-091535-0-1777079744-KHL-KLB-BK-BK-25-40.webp","datePublished":"2026-04-27T15:08:05+00:00","breadcrumb":{"@id":"https:\/\/www.domstavpro.com\/index.php\/produkt\/led-zarovka-cerna-7w-4000k-700lm-stary-kod-klb-4k-bk-kohl-lighting-primo-od-vyrobce-3961\/#breadcrumb"},"inLanguage":"cs","potentialAction":[{"@type":"ReadAction","target":["https:\/\/www.domstavpro.com\/index.php\/produkt\/led-zarovka-cerna-7w-4000k-700lm-stary-kod-klb-4k-bk-kohl-lighting-primo-od-vyrobce-3961\/"]}]},{"@type":"ImageObject","inLanguage":"cs","@id":"https:\/\/www.domstavpro.com\/index.php\/produkt\/led-zarovka-cerna-7w-4000k-700lm-stary-kod-klb-4k-bk-kohl-lighting-primo-od-vyrobce-3961\/#primaryimage","url":"https:\/\/www.domstavpro.com\/wp-content\/uploads\/2026\/SK0024871-CZ20260425-091535-0-1777079744-KHL-KLB-BK-BK-25-40.webp","contentUrl":"https:\/\/www.domstavpro.com\/wp-content\/uploads\/2026\/SK0024871-CZ20260425-091535-0-1777079744-KHL-KLB-BK-BK-25-40.webp","width":700,"height":560},{"@type":"BreadcrumbList","@id":"https:\/\/www.domstavpro.com\/index.php\/produkt\/led-zarovka-cerna-7w-4000k-700lm-stary-kod-klb-4k-bk-kohl-lighting-primo-od-vyrobce-3961\/#breadcrumb","itemListElement":[{"@type":"ListItem","position":1,"name":"Home","item":"https:\/\/www.domstavpro.com\/"},{"@type":"ListItem","position":2,"name":"Products","item":"https:\/\/www.domstavpro.com\/index.php\/products\/"},{"@type":"ListItem","position":3,"name":"LED \u017e\u00e1rovka \u010dern\u00e1 7W 4000K 700lm (star\u00fd k\u00f3d: KLB.4K.BK) &#8211; KOHL-Lighting P\u0159\u00edmo Od V\u00fdrobce"}]},{"@type":"WebSite","@id":"https:\/\/www.domstavpro.com\/#website","url":"https:\/\/www.domstavpro.com\/","name":"","description":"","potentialAction":[{"@type":"SearchAction","target":{"@type":"EntryPoint","urlTemplate":"https:\/\/www.domstavpro.com\/?s={search_term_string}"},"query-input":{"@type":"PropertyValueSpecification","valueRequired":true,"valueName":"search_term_string"}}],"inLanguage":"cs"}]}},"_links":{"self":[{"href":"https:\/\/www.domstavpro.com\/index.php\/wp-json\/wp\/v2\/product\/3961","targetHints":{"allow":["GET"]}}],"collection":[{"href":"https:\/\/www.domstavpro.com\/index.php\/wp-json\/wp\/v2\/product"}],"about":[{"href":"https:\/\/www.domstavpro.com\/index.php\/wp-json\/wp\/v2\/types\/product"}],"replies":[{"embeddable":true,"href":"https:\/\/www.domstavpro.com\/index.php\/wp-json\/wp\/v2\/comments?post=3961"}],"wp:featuredmedia":[{"embeddable":true,"href":"https:\/\/www.domstavpro.com\/index.php\/wp-json\/wp\/v2\/media\/4061"}],"wp:attachment":[{"href":"https:\/\/www.domstavpro.com\/index.php\/wp-json\/wp\/v2\/media?parent=3961"}],"wp:term":[{"taxonomy":"product_brand","embeddable":true,"href":"https:\/\/www.domstavpro.com\/index.php\/wp-json\/wp\/v2\/product_brand?post=3961"},{"taxonomy":"product_cat","embeddable":true,"href":"https:\/\/www.domstavpro.com\/index.php\/wp-json\/wp\/v2\/product_cat?post=3961"},{"taxonomy":"product_tag","embeddable":true,"href":"https:\/\/www.domstavpro.com\/index.php\/wp-json\/wp\/v2\/product_tag?post=3961"}],"curies":[{"name":"wp","href":"https:\/\/api.w.org\/{rel}","templated":true}]}}