{"id":39359,"date":"2026-04-27T15:09:27","date_gmt":"2026-04-27T15:09:27","guid":{"rendered":""},"modified":"2026-04-27T15:09:27","modified_gmt":"2026-04-27T15:09:27","slug":"znackovy-koupelnova-skrinka-variante-szz-105-pro-umyvadlo-laufen-pro-s-d15-nebraska-d15-nebraska-39359","status":"publish","type":"product","link":"https:\/\/www.domstavpro.com\/index.php\/produkt\/znackovy-koupelnova-skrinka-variante-szz-105-pro-umyvadlo-laufen-pro-s-d15-nebraska-d15-nebraska-39359\/","title":{"rendered":"Zna\u010dkov\u00fd Koupelnov\u00e1 sk\u0159\u00ed\u0148ka VARIANTE SZZ 105 pro umyvadlo Laufen Pro S &#8211; D15 Nebraska \/ D15 Nebraska"},"content":{"rendered":"<div class=\"basic-description\">\n<h3>Detailn\u00ed popis produktu<\/h3>\n<p>Hled\u00e1te tu pravou variantu? Pokud m\u00e1 b\u00fdt nad\u010dasov\u00e1, minimalistick\u00e1 a z\u00e1rove\u0148 splnit v\u0161echna va\u0161e p\u0159\u00e1n\u00ed ohledn\u011b barvy, velikosti i typu umyvadla, pak bude sk\u0159\u00ed\u0148ka z<span> <\/span>kolekce VARIANTE<span> <\/span>nejsp\u00ed\u0161 ta, kterou vybav\u00edte svou koupelnu.<span> <\/span><strong>Objevte mo\u017enosti v rozm\u00edst\u011bn\u00ed a po\u010dtu z\u00e1suvek, rozm\u011br\u016f i barev!<\/strong><\/p>\n<h2><strong>Parametry sk\u0159\u00ed\u0148ky<\/strong><\/h2>\n<p>Z\u00e1v\u011bsn\u00e1 umyvadlov\u00e1 sk\u0159\u00ed\u0148ka VARIANTE SZZ 105 s<span> <\/span><strong>jednou prostornou z\u00e1suvkou<\/strong><span> <\/span>si v\u00e1s z\u00edsk\u00e1 na prvn\u00ed pohled. Jednoduch\u00fd a velice nad\u010dasov\u00fd design ostr\u00fdch lini\u00ed, kter\u00fd neru\u0161\u00ed \u017e\u00e1dn\u00e1 \u00fachytka, bude pat\u0159it do modern\u00edch koupelen i za n\u011bkolik let. Bez\u00fachytkov\u00fd<span> <\/span><strong>syst\u00e9m Push-to-open<\/strong><span> <\/span>si obl\u00edb\u00ed ka\u017ed\u00fd \u010dlen dom\u00e1cnosti. Stejn\u011b tak<span> <\/span><strong>tlumen\u00e9 dov\u00edr\u00e1n\u00ed<\/strong>, kter\u00e9 ocen\u00ed p\u0159edev\u0161\u00edm ti, kte\u0159\u00ed si r\u00e1di dop\u0159ej\u00ed neru\u0161en\u00e9 r\u00e1no. Na ve\u0161ker\u00e9 kov\u00e1n\u00ed<span> <\/span><strong>n\u011bmeck\u00e9 zna\u010dky Hettich<\/strong> od n\u00e1s z\u00edsk\u00e1te<span> <\/span><strong>do\u017eivotn\u00ed z\u00e1ruku<\/strong>. Na umyvadlovou sk\u0159\u00ed\u0148ku nav\u00edc poskytujeme<span> <\/span><strong>prodlou\u017eenou z\u00e1ruku 5 let<\/strong>. <\/p>\n<p>V\u00fdb\u011br z mnoha variant a mo\u017enost\u00ed na v\u00e1s \u010dek\u00e1 i p\u0159i volb\u011b barvy a dekoru t\u00e9to umyvadlov\u00e9 sk\u0159\u00ed\u0148ky. Klasick\u00fd<span> <\/span><strong>d\u0159evodekor v p\u0159\u00edrodn\u00edch t\u00f3nech<\/strong><span> <\/span>pat\u0159\u00ed u na\u0161ich z\u00e1kazn\u00edk\u016f k velice obl\u00edben\u00fdm, ale i dekory betonu \u010di dal\u0161\u00edch povrch\u016f budou skv\u011blou volbou. P\u0159edev\u0161\u00edm pro ty, kte\u0159\u00ed cht\u011bj\u00ed v koupeln\u011b n\u011bco \u201ctrochu\u201d jin\u00e9ho. Mo\u017enost\u00ed jsou tak\u00e9 laky \u010di jednolit\u00e9<span> <\/span><strong>odst\u00edny ve vysok\u00e9m lesku \u010di matu<\/strong>. M\u00e1te specifickou p\u0159edstavu o barv\u011b? Dok\u00e1\u017eeme ji splnit! R\u00e1di v\u00e1m vyrob\u00edme sk\u0159\u00ed\u0148ku VARIANTE ve va\u0161\u00ed obl\u00edben\u00e9 barv\u011b ze<span> <\/span>vzorn\u00edku RAL\/NCS. <\/p>\n<h3><strong>Umyvadlo Laufen Pro S koup\u00edte i u n\u00e1s<\/strong><\/h3>\n<p>Sk\u0159\u00ed\u0148ka VARIANTE je vhodn\u00e1 i pro<span> <\/span>keramick\u00e9 umyvadlo Laufen Pro S 105, kter\u00e9 m\u016f\u017eete zakoupit i na na\u0161em<span> <\/span>e-shopu. Umyvadlo s postupn\u00fdm sva\u017eov\u00e1n\u00edm vani\u010dky a mohutn\u00fdmi st\u011bnami vypad\u00e1 na sk\u0159\u00ed\u0148ce s jednoduch\u00fdm designem skv\u011ble. \u0160irok\u00fd odkl\u00e1dac\u00ed prostor v zadn\u00ed \u010d\u00e1sti umyvadla ocen\u00ed ka\u017ed\u00fd \u010dlen dom\u00e1cnosti. Robustn\u011bj\u0161\u00ed vzhled umyvadla Laufen Pro S je snadnou volbou do rodinn\u00fdch koupelen. P\u0159i n\u00e1kupu nezapome\u0148te na vhodn\u00fd<span> <\/span>sifon<span> <\/span>\u010di<span> <\/span>kovovou v\u00fdpus\u0165 Click-clack.<\/p>\n<h2><strong>Pro\u010d si zamilujete tuto sk\u0159\u00ed\u0148ku<\/strong><\/h2>\n<ul>\n<li>Tlumen\u00e9 dov\u00edr\u00e1n\u00ed prostorn\u00e9 z\u00e1suvky<\/li>\n<li>Bez\u00fachytkov\u00fd syst\u00e9m Push-to-open<\/li>\n<li>Kompatibiln\u00ed s umyvadlem Laufen Pro 105<\/li>\n<li>Do\u017eivotn\u00ed z\u00e1ruka na kovov\u00e9 pojezdy Hettich<\/li>\n<li>Prodlou\u017een\u00e1 z\u00e1ruka 5 let na sk\u0159\u00ed\u0148ku D\u0159evojas<\/li>\n<\/ul>\n<h3><strong>Koupelna od D\u0159evojasu na cel\u00fd \u017eivot<\/strong><\/h3>\n<p>Vyberte si koupelnov\u00fd n\u00e1bytek od \u010desk\u00e9ho v\u00fdrobce D\u0159evojas. M\u00e1me mnohalet\u00e9 zku\u0161enosti s \u010desk\u00fdmi koupelnami, a proto vol\u00edme vhodn\u00e9 a kvalitn\u00ed materi\u00e1ly, pe\u010dlivou v\u00fdrobu a kovov\u00e9 komponenty, na kter\u00e9 se m\u016f\u017eeme spolehnout. A z \u010deho\u017ee je n\u00e1bytek vyroben? Z\u00e1le\u017e\u00ed na tom, jakou povrchovou \u00fapravu si vyberete. U dekor\u016f vol\u00edme LTD materi\u00e1l, u lakovan\u00fdch \u00faprav LTD a MDF materi\u00e1ly. Podrobn\u00e9 infomrace naleznete v<span> <\/span>na\u0161em \u010dl\u00e1nku<span> <\/span>v Poradn\u011b.<\/p>\n<h3><strong>R\u00e1di v\u00e1m porad\u00edme<\/strong><\/h3>\n<p>Koupelny jsou n\u00e1\u0161 \u017eivot! P\u00ed\u0161eme o nich na<span> <\/span>blogu<span> <\/span>a rad\u00edme v<span> <\/span>poradn\u011b. V\u0161e, co pot\u0159ebujete<span> <\/span><strong>v\u011bd\u011bt p\u0159ed n\u00e1kupem<\/strong>,<span> <\/span><strong>informace o instalaci i tipy<\/strong>, jak si z koupelny vytvo\u0159it soukrom\u00e9 l\u00e1zn\u011b, s t\u00edm v\u0161\u00edm v\u00e1m r\u00e1di porad\u00edme a pod\u011bl\u00edme se o na\u0161e zku\u0161enosti. Sta\u010d\u00ed n\u00e1m zavolat, poslat e-mail \u010di zpr\u00e1vu na soc. s\u00edt\u00edch. Ve\u0161ker\u00e9 kontakty najdete<span> <\/span>tady.<\/p>\n<\/p><\/div>\n","protected":false},"excerpt":{"rendered":"<p>Detailn\u00ed popis produktu Hled\u00e1te tu pravou variantu? Pokud m\u00e1 b\u00fdt nad\u010dasov\u00e1, minimalistick\u00e1 a z\u00e1rove\u0148 splnit v\u0161echna va\u0161e p\u0159\u00e1n\u00ed ohledn\u011b barvy, velikosti i typu umyvadla, pak bude sk\u0159\u00ed\u0148ka z kolekce VARIANTE nejsp\u00ed\u0161 ta, kterou vybav\u00edte svou koupelnu. Objevte mo\u017enosti v rozm\u00edst\u011bn\u00ed a po\u010dtu z\u00e1suvek, rozm\u011br\u016f i barev! Parametry sk\u0159\u00ed\u0148ky Z\u00e1v\u011bsn\u00e1 umyvadlov\u00e1 sk\u0159\u00ed\u0148ka VARIANTE SZZ 105 s [&hellip;]<\/p>\n","protected":false},"featured_media":39459,"comment_status":"open","ping_status":"open","template":"","meta":[],"product_brand":[],"product_cat":[56],"product_tag":[],"class_list":{"0":"post-39359","1":"product","2":"type-product","3":"status-publish","4":"has-post-thumbnail","6":"product_cat-koupelny-a-sanitarni-technika","8":"first","9":"instock","10":"sale","11":"shipping-taxable","12":"purchasable","13":"product-type-simple"},"yoast_head":"<!-- This site is optimized with the Yoast SEO plugin v26.8 - https:\/\/yoast.com\/product\/yoast-seo-wordpress\/ -->\n<title>Zna\u010dkov\u00fd Koupelnov\u00e1 sk\u0159\u00ed\u0148ka VARIANTE SZZ 105 pro umyvadlo Laufen Pro S - D15 Nebraska \/ D15 Nebraska -<\/title>\n<meta name=\"robots\" content=\"index, follow, max-snippet:-1, max-image-preview:large, max-video-preview:-1\" \/>\n<link rel=\"canonical\" href=\"https:\/\/www.domstavpro.com\/index.php\/produkt\/znackovy-koupelnova-skrinka-variante-szz-105-pro-umyvadlo-laufen-pro-s-d15-nebraska-d15-nebraska-39359\/\" \/>\n<meta property=\"og:locale\" content=\"cs_CZ\" \/>\n<meta property=\"og:type\" content=\"article\" \/>\n<meta property=\"og:title\" content=\"Zna\u010dkov\u00fd Koupelnov\u00e1 sk\u0159\u00ed\u0148ka VARIANTE SZZ 105 pro umyvadlo Laufen Pro S - D15 Nebraska \/ D15 Nebraska -\" \/>\n<meta property=\"og:description\" content=\"Detailn\u00ed popis produktu Hled\u00e1te tu pravou variantu? Pokud m\u00e1 b\u00fdt nad\u010dasov\u00e1, minimalistick\u00e1 a z\u00e1rove\u0148 splnit v\u0161echna va\u0161e p\u0159\u00e1n\u00ed ohledn\u011b barvy, velikosti i typu umyvadla, pak bude sk\u0159\u00ed\u0148ka z kolekce VARIANTE nejsp\u00ed\u0161 ta, kterou vybav\u00edte svou koupelnu. Objevte mo\u017enosti v rozm\u00edst\u011bn\u00ed a po\u010dtu z\u00e1suvek, rozm\u011br\u016f i barev! Parametry sk\u0159\u00ed\u0148ky Z\u00e1v\u011bsn\u00e1 umyvadlov\u00e1 sk\u0159\u00ed\u0148ka VARIANTE SZZ 105 s [&hellip;]\" \/>\n<meta property=\"og:url\" content=\"https:\/\/www.domstavpro.com\/index.php\/produkt\/znackovy-koupelnova-skrinka-variante-szz-105-pro-umyvadlo-laufen-pro-s-d15-nebraska-d15-nebraska-39359\/\" \/>\n<meta property=\"og:image\" content=\"https:\/\/www.domstavpro.com\/wp-content\/uploads\/2026\/SK0032249-CZ20260425-093351-0-1777080838-879972_koupelnova-skrinka-variante-szz-105-pro-umyvadlo-lau.webp\" \/>\n\t<meta property=\"og:image:width\" content=\"1000\" \/>\n\t<meta property=\"og:image:height\" content=\"750\" \/>\n\t<meta property=\"og:image:type\" content=\"image\/webp\" \/>\n<meta name=\"twitter:card\" content=\"summary_large_image\" \/>\n<meta name=\"twitter:label1\" content=\"Odhadovan\u00e1 doba \u010dten\u00ed\" \/>\n\t<meta name=\"twitter:data1\" content=\"3 minuty\" \/>\n<script type=\"application\/ld+json\" class=\"yoast-schema-graph\">{\"@context\":\"https:\/\/schema.org\",\"@graph\":[{\"@type\":\"WebPage\",\"@id\":\"https:\/\/www.domstavpro.com\/index.php\/produkt\/znackovy-koupelnova-skrinka-variante-szz-105-pro-umyvadlo-laufen-pro-s-d15-nebraska-d15-nebraska-39359\/\",\"url\":\"https:\/\/www.domstavpro.com\/index.php\/produkt\/znackovy-koupelnova-skrinka-variante-szz-105-pro-umyvadlo-laufen-pro-s-d15-nebraska-d15-nebraska-39359\/\",\"name\":\"Zna\u010dkov\u00fd Koupelnov\u00e1 sk\u0159\u00ed\u0148ka VARIANTE SZZ 105 pro umyvadlo Laufen Pro S - D15 Nebraska \/ D15 Nebraska -\",\"isPartOf\":{\"@id\":\"https:\/\/www.domstavpro.com\/#website\"},\"primaryImageOfPage\":{\"@id\":\"https:\/\/www.domstavpro.com\/index.php\/produkt\/znackovy-koupelnova-skrinka-variante-szz-105-pro-umyvadlo-laufen-pro-s-d15-nebraska-d15-nebraska-39359\/#primaryimage\"},\"image\":{\"@id\":\"https:\/\/www.domstavpro.com\/index.php\/produkt\/znackovy-koupelnova-skrinka-variante-szz-105-pro-umyvadlo-laufen-pro-s-d15-nebraska-d15-nebraska-39359\/#primaryimage\"},\"thumbnailUrl\":\"https:\/\/www.domstavpro.com\/wp-content\/uploads\/2026\/SK0032249-CZ20260425-093351-0-1777080838-879972_koupelnova-skrinka-variante-szz-105-pro-umyvadlo-lau.webp\",\"datePublished\":\"2026-04-27T15:09:27+00:00\",\"breadcrumb\":{\"@id\":\"https:\/\/www.domstavpro.com\/index.php\/produkt\/znackovy-koupelnova-skrinka-variante-szz-105-pro-umyvadlo-laufen-pro-s-d15-nebraska-d15-nebraska-39359\/#breadcrumb\"},\"inLanguage\":\"cs\",\"potentialAction\":[{\"@type\":\"ReadAction\",\"target\":[\"https:\/\/www.domstavpro.com\/index.php\/produkt\/znackovy-koupelnova-skrinka-variante-szz-105-pro-umyvadlo-laufen-pro-s-d15-nebraska-d15-nebraska-39359\/\"]}]},{\"@type\":\"ImageObject\",\"inLanguage\":\"cs\",\"@id\":\"https:\/\/www.domstavpro.com\/index.php\/produkt\/znackovy-koupelnova-skrinka-variante-szz-105-pro-umyvadlo-laufen-pro-s-d15-nebraska-d15-nebraska-39359\/#primaryimage\",\"url\":\"https:\/\/www.domstavpro.com\/wp-content\/uploads\/2026\/SK0032249-CZ20260425-093351-0-1777080838-879972_koupelnova-skrinka-variante-szz-105-pro-umyvadlo-lau.webp\",\"contentUrl\":\"https:\/\/www.domstavpro.com\/wp-content\/uploads\/2026\/SK0032249-CZ20260425-093351-0-1777080838-879972_koupelnova-skrinka-variante-szz-105-pro-umyvadlo-lau.webp\",\"width\":1000,\"height\":750},{\"@type\":\"BreadcrumbList\",\"@id\":\"https:\/\/www.domstavpro.com\/index.php\/produkt\/znackovy-koupelnova-skrinka-variante-szz-105-pro-umyvadlo-laufen-pro-s-d15-nebraska-d15-nebraska-39359\/#breadcrumb\",\"itemListElement\":[{\"@type\":\"ListItem\",\"position\":1,\"name\":\"Home\",\"item\":\"https:\/\/www.domstavpro.com\/\"},{\"@type\":\"ListItem\",\"position\":2,\"name\":\"Products\",\"item\":\"https:\/\/www.domstavpro.com\/index.php\/products\/\"},{\"@type\":\"ListItem\",\"position\":3,\"name\":\"Zna\u010dkov\u00fd Koupelnov\u00e1 sk\u0159\u00ed\u0148ka VARIANTE SZZ 105 pro umyvadlo Laufen Pro S &#8211; D15 Nebraska \/ D15 Nebraska\"}]},{\"@type\":\"WebSite\",\"@id\":\"https:\/\/www.domstavpro.com\/#website\",\"url\":\"https:\/\/www.domstavpro.com\/\",\"name\":\"\",\"description\":\"\",\"potentialAction\":[{\"@type\":\"SearchAction\",\"target\":{\"@type\":\"EntryPoint\",\"urlTemplate\":\"https:\/\/www.domstavpro.com\/?s={search_term_string}\"},\"query-input\":{\"@type\":\"PropertyValueSpecification\",\"valueRequired\":true,\"valueName\":\"search_term_string\"}}],\"inLanguage\":\"cs\"}]}<\/script>\n<!-- \/ Yoast SEO plugin. -->","yoast_head_json":{"title":"Zna\u010dkov\u00fd Koupelnov\u00e1 sk\u0159\u00ed\u0148ka VARIANTE SZZ 105 pro umyvadlo Laufen Pro S - D15 Nebraska \/ D15 Nebraska -","robots":{"index":"index","follow":"follow","max-snippet":"max-snippet:-1","max-image-preview":"max-image-preview:large","max-video-preview":"max-video-preview:-1"},"canonical":"https:\/\/www.domstavpro.com\/index.php\/produkt\/znackovy-koupelnova-skrinka-variante-szz-105-pro-umyvadlo-laufen-pro-s-d15-nebraska-d15-nebraska-39359\/","og_locale":"cs_CZ","og_type":"article","og_title":"Zna\u010dkov\u00fd Koupelnov\u00e1 sk\u0159\u00ed\u0148ka VARIANTE SZZ 105 pro umyvadlo Laufen Pro S - D15 Nebraska \/ D15 Nebraska -","og_description":"Detailn\u00ed popis produktu Hled\u00e1te tu pravou variantu? Pokud m\u00e1 b\u00fdt nad\u010dasov\u00e1, minimalistick\u00e1 a z\u00e1rove\u0148 splnit v\u0161echna va\u0161e p\u0159\u00e1n\u00ed ohledn\u011b barvy, velikosti i typu umyvadla, pak bude sk\u0159\u00ed\u0148ka z kolekce VARIANTE nejsp\u00ed\u0161 ta, kterou vybav\u00edte svou koupelnu. Objevte mo\u017enosti v rozm\u00edst\u011bn\u00ed a po\u010dtu z\u00e1suvek, rozm\u011br\u016f i barev! Parametry sk\u0159\u00ed\u0148ky Z\u00e1v\u011bsn\u00e1 umyvadlov\u00e1 sk\u0159\u00ed\u0148ka VARIANTE SZZ 105 s [&hellip;]","og_url":"https:\/\/www.domstavpro.com\/index.php\/produkt\/znackovy-koupelnova-skrinka-variante-szz-105-pro-umyvadlo-laufen-pro-s-d15-nebraska-d15-nebraska-39359\/","og_image":[{"width":1000,"height":750,"url":"https:\/\/www.domstavpro.com\/wp-content\/uploads\/2026\/SK0032249-CZ20260425-093351-0-1777080838-879972_koupelnova-skrinka-variante-szz-105-pro-umyvadlo-lau.webp","type":"image\/webp"}],"twitter_card":"summary_large_image","twitter_misc":{"Odhadovan\u00e1 doba \u010dten\u00ed":"3 minuty"},"schema":{"@context":"https:\/\/schema.org","@graph":[{"@type":"WebPage","@id":"https:\/\/www.domstavpro.com\/index.php\/produkt\/znackovy-koupelnova-skrinka-variante-szz-105-pro-umyvadlo-laufen-pro-s-d15-nebraska-d15-nebraska-39359\/","url":"https:\/\/www.domstavpro.com\/index.php\/produkt\/znackovy-koupelnova-skrinka-variante-szz-105-pro-umyvadlo-laufen-pro-s-d15-nebraska-d15-nebraska-39359\/","name":"Zna\u010dkov\u00fd Koupelnov\u00e1 sk\u0159\u00ed\u0148ka VARIANTE SZZ 105 pro umyvadlo Laufen Pro S - D15 Nebraska \/ D15 Nebraska -","isPartOf":{"@id":"https:\/\/www.domstavpro.com\/#website"},"primaryImageOfPage":{"@id":"https:\/\/www.domstavpro.com\/index.php\/produkt\/znackovy-koupelnova-skrinka-variante-szz-105-pro-umyvadlo-laufen-pro-s-d15-nebraska-d15-nebraska-39359\/#primaryimage"},"image":{"@id":"https:\/\/www.domstavpro.com\/index.php\/produkt\/znackovy-koupelnova-skrinka-variante-szz-105-pro-umyvadlo-laufen-pro-s-d15-nebraska-d15-nebraska-39359\/#primaryimage"},"thumbnailUrl":"https:\/\/www.domstavpro.com\/wp-content\/uploads\/2026\/SK0032249-CZ20260425-093351-0-1777080838-879972_koupelnova-skrinka-variante-szz-105-pro-umyvadlo-lau.webp","datePublished":"2026-04-27T15:09:27+00:00","breadcrumb":{"@id":"https:\/\/www.domstavpro.com\/index.php\/produkt\/znackovy-koupelnova-skrinka-variante-szz-105-pro-umyvadlo-laufen-pro-s-d15-nebraska-d15-nebraska-39359\/#breadcrumb"},"inLanguage":"cs","potentialAction":[{"@type":"ReadAction","target":["https:\/\/www.domstavpro.com\/index.php\/produkt\/znackovy-koupelnova-skrinka-variante-szz-105-pro-umyvadlo-laufen-pro-s-d15-nebraska-d15-nebraska-39359\/"]}]},{"@type":"ImageObject","inLanguage":"cs","@id":"https:\/\/www.domstavpro.com\/index.php\/produkt\/znackovy-koupelnova-skrinka-variante-szz-105-pro-umyvadlo-laufen-pro-s-d15-nebraska-d15-nebraska-39359\/#primaryimage","url":"https:\/\/www.domstavpro.com\/wp-content\/uploads\/2026\/SK0032249-CZ20260425-093351-0-1777080838-879972_koupelnova-skrinka-variante-szz-105-pro-umyvadlo-lau.webp","contentUrl":"https:\/\/www.domstavpro.com\/wp-content\/uploads\/2026\/SK0032249-CZ20260425-093351-0-1777080838-879972_koupelnova-skrinka-variante-szz-105-pro-umyvadlo-lau.webp","width":1000,"height":750},{"@type":"BreadcrumbList","@id":"https:\/\/www.domstavpro.com\/index.php\/produkt\/znackovy-koupelnova-skrinka-variante-szz-105-pro-umyvadlo-laufen-pro-s-d15-nebraska-d15-nebraska-39359\/#breadcrumb","itemListElement":[{"@type":"ListItem","position":1,"name":"Home","item":"https:\/\/www.domstavpro.com\/"},{"@type":"ListItem","position":2,"name":"Products","item":"https:\/\/www.domstavpro.com\/index.php\/products\/"},{"@type":"ListItem","position":3,"name":"Zna\u010dkov\u00fd Koupelnov\u00e1 sk\u0159\u00ed\u0148ka VARIANTE SZZ 105 pro umyvadlo Laufen Pro S &#8211; D15 Nebraska \/ D15 Nebraska"}]},{"@type":"WebSite","@id":"https:\/\/www.domstavpro.com\/#website","url":"https:\/\/www.domstavpro.com\/","name":"","description":"","potentialAction":[{"@type":"SearchAction","target":{"@type":"EntryPoint","urlTemplate":"https:\/\/www.domstavpro.com\/?s={search_term_string}"},"query-input":{"@type":"PropertyValueSpecification","valueRequired":true,"valueName":"search_term_string"}}],"inLanguage":"cs"}]}},"_links":{"self":[{"href":"https:\/\/www.domstavpro.com\/index.php\/wp-json\/wp\/v2\/product\/39359","targetHints":{"allow":["GET"]}}],"collection":[{"href":"https:\/\/www.domstavpro.com\/index.php\/wp-json\/wp\/v2\/product"}],"about":[{"href":"https:\/\/www.domstavpro.com\/index.php\/wp-json\/wp\/v2\/types\/product"}],"replies":[{"embeddable":true,"href":"https:\/\/www.domstavpro.com\/index.php\/wp-json\/wp\/v2\/comments?post=39359"}],"wp:featuredmedia":[{"embeddable":true,"href":"https:\/\/www.domstavpro.com\/index.php\/wp-json\/wp\/v2\/media\/39459"}],"wp:attachment":[{"href":"https:\/\/www.domstavpro.com\/index.php\/wp-json\/wp\/v2\/media?parent=39359"}],"wp:term":[{"taxonomy":"product_brand","embeddable":true,"href":"https:\/\/www.domstavpro.com\/index.php\/wp-json\/wp\/v2\/product_brand?post=39359"},{"taxonomy":"product_cat","embeddable":true,"href":"https:\/\/www.domstavpro.com\/index.php\/wp-json\/wp\/v2\/product_cat?post=39359"},{"taxonomy":"product_tag","embeddable":true,"href":"https:\/\/www.domstavpro.com\/index.php\/wp-json\/wp\/v2\/product_tag?post=39359"}],"curies":[{"name":"wp","href":"https:\/\/api.w.org\/{rel}","templated":true}]}}