{"id":39152,"date":"2026-04-27T15:09:26","date_gmt":"2026-04-27T15:09:26","guid":{"rendered":""},"modified":"2026-04-27T15:09:26","modified_gmt":"2026-04-27T15:09:26","slug":"akce-koupelnova-skrinka-variante-szz2-130-pro-umyvadlo-laufen-pro-s-n07-stone-n07-stone-39152","status":"publish","type":"product","link":"https:\/\/www.domstavpro.com\/index.php\/produkt\/akce-koupelnova-skrinka-variante-szz2-130-pro-umyvadlo-laufen-pro-s-n07-stone-n07-stone-39152\/","title":{"rendered":"Akce Koupelnov\u00e1 sk\u0159\u00ed\u0148ka VARIANTE SZZ2 130 pro umyvadlo Laufen Pro S &#8211; N07 Stone \/ N07 Stone"},"content":{"rendered":"<div class=\"basic-description\">\n<h3>Detailn\u00ed popis produktu<\/h3>\n<p>Kolekce<span> <\/span><strong>VARIANTE <\/strong>p\u0159ich\u00e1z\u00ed s velk\u00fdm v\u00fdb\u011brem koupelnov\u00fdch sk\u0159\u00edn\u00ed, mezi kter\u00e9 pat\u0159\u00ed i sk\u0159\u00ed\u0148<strong><span> <\/span>VARIANTE SZZ2<span> 130<\/span><\/strong>, kter\u00e1 je d\u00edky sv\u00fdm rozm\u011br\u016fm vhodnou alternativou do st\u0159edn\u00edch ale i velk\u00fdch koupelen. Prostorn\u00e9 z\u00e1suvky nav\u00edc <strong>poskytne dostatek \u00falo\u017en\u00e9ho prostoru<\/strong>. <\/p>\n<h2><strong>Parametry sk\u0159\u00edn\u011b<\/strong><\/h2>\n<p>Sk\u0159\u00ed\u0148<span> <\/span><strong>VARIANTE SZZ2<span> 130<\/span><\/strong><span> m\u00e1 <\/span><strong>dv\u011b prostorn\u00e9 z\u00e1suvky<\/strong> vedle sebe, ulo\u017een\u00e9 na <strong>zna\u010dkov\u00fdch v\u00fdsuvech<\/strong> <strong>Hettich<\/strong> s jemn\u00fdm dov\u00edr\u00e1n\u00edm. Design sk\u0159\u00edn\u011b je navr\u017een v minimalistick\u00e9m duchu, povrch je bez\u00fachytkov\u00fd a z\u00e1suvky jednodu\u0161e otev\u0159ete pomoc\u00ed syst\u00e9mu <strong>Push-to-Open.<\/strong><\/p>\n<p>Sk\u0159\u00ed\u0148 je vyrobena z <strong>kvalitn\u00edch materi\u00e1l\u016f<\/strong> a konstruk\u010dn\u011b je \u0159e\u0161en\u00e1 pro obl\u00edben\u00e9<span> <\/span><strong>keramick\u00e9 dvojumyvadlo<span> <\/span>Laufen Pro S 130<\/strong>. Samotn\u00e9 umyvadlo<span> <\/span><strong>nen\u00ed sou\u010d\u00e1st\u00ed ceny sk\u0159\u00edn\u011b<\/strong>, m\u016f\u017eete si ho ale u n\u00e1s dodate\u010dn\u011b objednat na<span> <\/span><strong>na\u0161em e-shopu<\/strong>. <span>Pro bezprobl\u00e9movou mont\u00e1\u017e sk\u0159\u00edn\u011b <strong>VARIANTE <\/strong>je nutn\u00e9 pou\u017e\u00edt <\/span><strong>prostorov\u011b \u00fasporn\u00fd sifon<\/strong><span>. Vhodn\u00fd je nap\u0159. <\/span>plastov\u00fd n\u00e1bytkov\u00fd sifon<span>.<\/span><\/p>\n<h3><strong>Povrchov\u00e1 \u00faprava a barevn\u00e9 proveden\u00ed sk\u0159\u00edn\u011b<\/strong><\/h3>\n<p>Koupelnovou sk\u0159\u00ed\u0148<span> <\/span><strong>VARIANTE SZZ2<span> 130<\/span><\/strong><span> <\/span>vyr\u00e1b\u00edme v mnoha proveden\u00edch. Vyb\u00edrat m\u016f\u017eete z klasick\u00fdch dekor\u016f, nap\u0159.<span> <\/span><strong>Beton<\/strong>,<span> <\/span><strong>Stone<\/strong><span> <\/span>\u010di<span> <\/span><strong>L\u00e1va<\/strong>, nebo d\u0159evodekor\u016f s obl\u00edben\u00fdmi<span> <\/span><strong>Arlington<\/strong>,<span> <\/span><strong>Nebraska<\/strong><span> <\/span>a dal\u0161\u00ed. Nechyb\u00ed ani lakovan\u00e1 proveden\u00ed v<span> <\/span><strong>lesku<\/strong><span> <\/span>a<span> <\/span><strong>matu<\/strong><span> <\/span>a samoz\u0159ejm\u011b i individu\u00e1ln\u00ed proveden\u00ed dle vzorn\u00edku<span> <\/span><strong>RAL\/NCS<\/strong>. <\/p>\n<h2><strong>Co by v\u00e1s mohlo na sk\u0159\u00edni zaujmout:<\/strong><\/h2>\n<ul>\n<li>prostorn\u00e1 sk\u0159\u00ed\u0148 vhodn\u00e1 pro ty nejn\u00e1ro\u010dn\u011bj\u0161\u00ed a velk\u00e9 koupelny.<\/li>\n<li>z\u00e1suvky jsou velmi prostorn\u00e9 a ulo\u017e\u00edte v nich i v\u011bt\u0161\u00ed p\u0159edm\u011bty.<\/li>\n<li>z\u00e1suvky jsou ulo\u017een\u00e9 na kov\u00e1n\u00ed Hettich, s jemn\u00fdm dov\u00edr\u00e1n\u00edm a do\u017eivotn\u00ed z\u00e1rukou kvality.<\/li>\n<li>ke sk\u0159\u00edni je mo\u017en\u00e9 dokoupit obl\u00edben\u00e9 umyvadlo Laufen Pro S.<\/li>\n<li>sk\u0159\u00ed\u0148 je vyrobena v duchu minimalismu a modern\u00edm stylu. <\/li>\n<\/ul><\/div>\n","protected":false},"excerpt":{"rendered":"<p>Detailn\u00ed popis produktu Kolekce VARIANTE p\u0159ich\u00e1z\u00ed s velk\u00fdm v\u00fdb\u011brem koupelnov\u00fdch sk\u0159\u00edn\u00ed, mezi kter\u00e9 pat\u0159\u00ed i sk\u0159\u00ed\u0148 VARIANTE SZZ2 130, kter\u00e1 je d\u00edky sv\u00fdm rozm\u011br\u016fm vhodnou alternativou do st\u0159edn\u00edch ale i velk\u00fdch koupelen. Prostorn\u00e9 z\u00e1suvky nav\u00edc poskytne dostatek \u00falo\u017en\u00e9ho prostoru. Parametry sk\u0159\u00edn\u011b Sk\u0159\u00ed\u0148 VARIANTE SZZ2 130 m\u00e1 dv\u011b prostorn\u00e9 z\u00e1suvky vedle sebe, ulo\u017een\u00e9 na zna\u010dkov\u00fdch v\u00fdsuvech [&hellip;]<\/p>\n","protected":false},"featured_media":39252,"comment_status":"open","ping_status":"open","template":"","meta":[],"product_brand":[],"product_cat":[56],"product_tag":[],"class_list":{"0":"post-39152","1":"product","2":"type-product","3":"status-publish","4":"has-post-thumbnail","6":"product_cat-koupelny-a-sanitarni-technika","8":"first","9":"instock","10":"sale","11":"shipping-taxable","12":"purchasable","13":"product-type-simple"},"yoast_head":"<!-- This site is optimized with the Yoast SEO plugin v26.8 - https:\/\/yoast.com\/product\/yoast-seo-wordpress\/ -->\n<title>Akce Koupelnov\u00e1 sk\u0159\u00ed\u0148ka VARIANTE SZZ2 130 pro umyvadlo Laufen Pro S - N07 Stone \/ N07 Stone -<\/title>\n<meta name=\"robots\" content=\"index, follow, max-snippet:-1, max-image-preview:large, max-video-preview:-1\" \/>\n<link rel=\"canonical\" href=\"https:\/\/www.domstavpro.com\/index.php\/produkt\/akce-koupelnova-skrinka-variante-szz2-130-pro-umyvadlo-laufen-pro-s-n07-stone-n07-stone-39152\/\" \/>\n<meta property=\"og:locale\" content=\"cs_CZ\" \/>\n<meta property=\"og:type\" content=\"article\" \/>\n<meta property=\"og:title\" content=\"Akce Koupelnov\u00e1 sk\u0159\u00ed\u0148ka VARIANTE SZZ2 130 pro umyvadlo Laufen Pro S - N07 Stone \/ N07 Stone -\" \/>\n<meta property=\"og:description\" content=\"Detailn\u00ed popis produktu Kolekce VARIANTE p\u0159ich\u00e1z\u00ed s velk\u00fdm v\u00fdb\u011brem koupelnov\u00fdch sk\u0159\u00edn\u00ed, mezi kter\u00e9 pat\u0159\u00ed i sk\u0159\u00ed\u0148 VARIANTE SZZ2 130, kter\u00e1 je d\u00edky sv\u00fdm rozm\u011br\u016fm vhodnou alternativou do st\u0159edn\u00edch ale i velk\u00fdch koupelen. Prostorn\u00e9 z\u00e1suvky nav\u00edc poskytne dostatek \u00falo\u017en\u00e9ho prostoru. Parametry sk\u0159\u00edn\u011b Sk\u0159\u00ed\u0148 VARIANTE SZZ2 130 m\u00e1 dv\u011b prostorn\u00e9 z\u00e1suvky vedle sebe, ulo\u017een\u00e9 na zna\u010dkov\u00fdch v\u00fdsuvech [&hellip;]\" \/>\n<meta property=\"og:url\" content=\"https:\/\/www.domstavpro.com\/index.php\/produkt\/akce-koupelnova-skrinka-variante-szz2-130-pro-umyvadlo-laufen-pro-s-n07-stone-n07-stone-39152\/\" \/>\n<meta property=\"og:image\" content=\"https:\/\/www.domstavpro.com\/wp-content\/uploads\/2026\/SK0032142-CZ20260425-093351-0-1777080838-880323_koupelnova-skrinka-variante-szz2-130-pro-umyvadlo-la.webp\" \/>\n\t<meta property=\"og:image:width\" content=\"1000\" \/>\n\t<meta property=\"og:image:height\" content=\"750\" \/>\n\t<meta property=\"og:image:type\" content=\"image\/webp\" \/>\n<meta name=\"twitter:card\" content=\"summary_large_image\" \/>\n<meta name=\"twitter:label1\" content=\"Odhadovan\u00e1 doba \u010dten\u00ed\" \/>\n\t<meta name=\"twitter:data1\" content=\"2 minuty\" \/>\n<script type=\"application\/ld+json\" class=\"yoast-schema-graph\">{\"@context\":\"https:\/\/schema.org\",\"@graph\":[{\"@type\":\"WebPage\",\"@id\":\"https:\/\/www.domstavpro.com\/index.php\/produkt\/akce-koupelnova-skrinka-variante-szz2-130-pro-umyvadlo-laufen-pro-s-n07-stone-n07-stone-39152\/\",\"url\":\"https:\/\/www.domstavpro.com\/index.php\/produkt\/akce-koupelnova-skrinka-variante-szz2-130-pro-umyvadlo-laufen-pro-s-n07-stone-n07-stone-39152\/\",\"name\":\"Akce Koupelnov\u00e1 sk\u0159\u00ed\u0148ka VARIANTE SZZ2 130 pro umyvadlo Laufen Pro S - N07 Stone \/ N07 Stone -\",\"isPartOf\":{\"@id\":\"https:\/\/www.domstavpro.com\/#website\"},\"primaryImageOfPage\":{\"@id\":\"https:\/\/www.domstavpro.com\/index.php\/produkt\/akce-koupelnova-skrinka-variante-szz2-130-pro-umyvadlo-laufen-pro-s-n07-stone-n07-stone-39152\/#primaryimage\"},\"image\":{\"@id\":\"https:\/\/www.domstavpro.com\/index.php\/produkt\/akce-koupelnova-skrinka-variante-szz2-130-pro-umyvadlo-laufen-pro-s-n07-stone-n07-stone-39152\/#primaryimage\"},\"thumbnailUrl\":\"https:\/\/www.domstavpro.com\/wp-content\/uploads\/2026\/SK0032142-CZ20260425-093351-0-1777080838-880323_koupelnova-skrinka-variante-szz2-130-pro-umyvadlo-la.webp\",\"datePublished\":\"2026-04-27T15:09:26+00:00\",\"breadcrumb\":{\"@id\":\"https:\/\/www.domstavpro.com\/index.php\/produkt\/akce-koupelnova-skrinka-variante-szz2-130-pro-umyvadlo-laufen-pro-s-n07-stone-n07-stone-39152\/#breadcrumb\"},\"inLanguage\":\"cs\",\"potentialAction\":[{\"@type\":\"ReadAction\",\"target\":[\"https:\/\/www.domstavpro.com\/index.php\/produkt\/akce-koupelnova-skrinka-variante-szz2-130-pro-umyvadlo-laufen-pro-s-n07-stone-n07-stone-39152\/\"]}]},{\"@type\":\"ImageObject\",\"inLanguage\":\"cs\",\"@id\":\"https:\/\/www.domstavpro.com\/index.php\/produkt\/akce-koupelnova-skrinka-variante-szz2-130-pro-umyvadlo-laufen-pro-s-n07-stone-n07-stone-39152\/#primaryimage\",\"url\":\"https:\/\/www.domstavpro.com\/wp-content\/uploads\/2026\/SK0032142-CZ20260425-093351-0-1777080838-880323_koupelnova-skrinka-variante-szz2-130-pro-umyvadlo-la.webp\",\"contentUrl\":\"https:\/\/www.domstavpro.com\/wp-content\/uploads\/2026\/SK0032142-CZ20260425-093351-0-1777080838-880323_koupelnova-skrinka-variante-szz2-130-pro-umyvadlo-la.webp\",\"width\":1000,\"height\":750},{\"@type\":\"BreadcrumbList\",\"@id\":\"https:\/\/www.domstavpro.com\/index.php\/produkt\/akce-koupelnova-skrinka-variante-szz2-130-pro-umyvadlo-laufen-pro-s-n07-stone-n07-stone-39152\/#breadcrumb\",\"itemListElement\":[{\"@type\":\"ListItem\",\"position\":1,\"name\":\"Home\",\"item\":\"https:\/\/www.domstavpro.com\/\"},{\"@type\":\"ListItem\",\"position\":2,\"name\":\"Products\",\"item\":\"https:\/\/www.domstavpro.com\/index.php\/products\/\"},{\"@type\":\"ListItem\",\"position\":3,\"name\":\"Akce Koupelnov\u00e1 sk\u0159\u00ed\u0148ka VARIANTE SZZ2 130 pro umyvadlo Laufen Pro S &#8211; N07 Stone \/ N07 Stone\"}]},{\"@type\":\"WebSite\",\"@id\":\"https:\/\/www.domstavpro.com\/#website\",\"url\":\"https:\/\/www.domstavpro.com\/\",\"name\":\"\",\"description\":\"\",\"potentialAction\":[{\"@type\":\"SearchAction\",\"target\":{\"@type\":\"EntryPoint\",\"urlTemplate\":\"https:\/\/www.domstavpro.com\/?s={search_term_string}\"},\"query-input\":{\"@type\":\"PropertyValueSpecification\",\"valueRequired\":true,\"valueName\":\"search_term_string\"}}],\"inLanguage\":\"cs\"}]}<\/script>\n<!-- \/ Yoast SEO plugin. -->","yoast_head_json":{"title":"Akce Koupelnov\u00e1 sk\u0159\u00ed\u0148ka VARIANTE SZZ2 130 pro umyvadlo Laufen Pro S - N07 Stone \/ N07 Stone -","robots":{"index":"index","follow":"follow","max-snippet":"max-snippet:-1","max-image-preview":"max-image-preview:large","max-video-preview":"max-video-preview:-1"},"canonical":"https:\/\/www.domstavpro.com\/index.php\/produkt\/akce-koupelnova-skrinka-variante-szz2-130-pro-umyvadlo-laufen-pro-s-n07-stone-n07-stone-39152\/","og_locale":"cs_CZ","og_type":"article","og_title":"Akce Koupelnov\u00e1 sk\u0159\u00ed\u0148ka VARIANTE SZZ2 130 pro umyvadlo Laufen Pro S - N07 Stone \/ N07 Stone -","og_description":"Detailn\u00ed popis produktu Kolekce VARIANTE p\u0159ich\u00e1z\u00ed s velk\u00fdm v\u00fdb\u011brem koupelnov\u00fdch sk\u0159\u00edn\u00ed, mezi kter\u00e9 pat\u0159\u00ed i sk\u0159\u00ed\u0148 VARIANTE SZZ2 130, kter\u00e1 je d\u00edky sv\u00fdm rozm\u011br\u016fm vhodnou alternativou do st\u0159edn\u00edch ale i velk\u00fdch koupelen. Prostorn\u00e9 z\u00e1suvky nav\u00edc poskytne dostatek \u00falo\u017en\u00e9ho prostoru. Parametry sk\u0159\u00edn\u011b Sk\u0159\u00ed\u0148 VARIANTE SZZ2 130 m\u00e1 dv\u011b prostorn\u00e9 z\u00e1suvky vedle sebe, ulo\u017een\u00e9 na zna\u010dkov\u00fdch v\u00fdsuvech [&hellip;]","og_url":"https:\/\/www.domstavpro.com\/index.php\/produkt\/akce-koupelnova-skrinka-variante-szz2-130-pro-umyvadlo-laufen-pro-s-n07-stone-n07-stone-39152\/","og_image":[{"width":1000,"height":750,"url":"https:\/\/www.domstavpro.com\/wp-content\/uploads\/2026\/SK0032142-CZ20260425-093351-0-1777080838-880323_koupelnova-skrinka-variante-szz2-130-pro-umyvadlo-la.webp","type":"image\/webp"}],"twitter_card":"summary_large_image","twitter_misc":{"Odhadovan\u00e1 doba \u010dten\u00ed":"2 minuty"},"schema":{"@context":"https:\/\/schema.org","@graph":[{"@type":"WebPage","@id":"https:\/\/www.domstavpro.com\/index.php\/produkt\/akce-koupelnova-skrinka-variante-szz2-130-pro-umyvadlo-laufen-pro-s-n07-stone-n07-stone-39152\/","url":"https:\/\/www.domstavpro.com\/index.php\/produkt\/akce-koupelnova-skrinka-variante-szz2-130-pro-umyvadlo-laufen-pro-s-n07-stone-n07-stone-39152\/","name":"Akce Koupelnov\u00e1 sk\u0159\u00ed\u0148ka VARIANTE SZZ2 130 pro umyvadlo Laufen Pro S - N07 Stone \/ N07 Stone -","isPartOf":{"@id":"https:\/\/www.domstavpro.com\/#website"},"primaryImageOfPage":{"@id":"https:\/\/www.domstavpro.com\/index.php\/produkt\/akce-koupelnova-skrinka-variante-szz2-130-pro-umyvadlo-laufen-pro-s-n07-stone-n07-stone-39152\/#primaryimage"},"image":{"@id":"https:\/\/www.domstavpro.com\/index.php\/produkt\/akce-koupelnova-skrinka-variante-szz2-130-pro-umyvadlo-laufen-pro-s-n07-stone-n07-stone-39152\/#primaryimage"},"thumbnailUrl":"https:\/\/www.domstavpro.com\/wp-content\/uploads\/2026\/SK0032142-CZ20260425-093351-0-1777080838-880323_koupelnova-skrinka-variante-szz2-130-pro-umyvadlo-la.webp","datePublished":"2026-04-27T15:09:26+00:00","breadcrumb":{"@id":"https:\/\/www.domstavpro.com\/index.php\/produkt\/akce-koupelnova-skrinka-variante-szz2-130-pro-umyvadlo-laufen-pro-s-n07-stone-n07-stone-39152\/#breadcrumb"},"inLanguage":"cs","potentialAction":[{"@type":"ReadAction","target":["https:\/\/www.domstavpro.com\/index.php\/produkt\/akce-koupelnova-skrinka-variante-szz2-130-pro-umyvadlo-laufen-pro-s-n07-stone-n07-stone-39152\/"]}]},{"@type":"ImageObject","inLanguage":"cs","@id":"https:\/\/www.domstavpro.com\/index.php\/produkt\/akce-koupelnova-skrinka-variante-szz2-130-pro-umyvadlo-laufen-pro-s-n07-stone-n07-stone-39152\/#primaryimage","url":"https:\/\/www.domstavpro.com\/wp-content\/uploads\/2026\/SK0032142-CZ20260425-093351-0-1777080838-880323_koupelnova-skrinka-variante-szz2-130-pro-umyvadlo-la.webp","contentUrl":"https:\/\/www.domstavpro.com\/wp-content\/uploads\/2026\/SK0032142-CZ20260425-093351-0-1777080838-880323_koupelnova-skrinka-variante-szz2-130-pro-umyvadlo-la.webp","width":1000,"height":750},{"@type":"BreadcrumbList","@id":"https:\/\/www.domstavpro.com\/index.php\/produkt\/akce-koupelnova-skrinka-variante-szz2-130-pro-umyvadlo-laufen-pro-s-n07-stone-n07-stone-39152\/#breadcrumb","itemListElement":[{"@type":"ListItem","position":1,"name":"Home","item":"https:\/\/www.domstavpro.com\/"},{"@type":"ListItem","position":2,"name":"Products","item":"https:\/\/www.domstavpro.com\/index.php\/products\/"},{"@type":"ListItem","position":3,"name":"Akce Koupelnov\u00e1 sk\u0159\u00ed\u0148ka VARIANTE SZZ2 130 pro umyvadlo Laufen Pro S &#8211; N07 Stone \/ N07 Stone"}]},{"@type":"WebSite","@id":"https:\/\/www.domstavpro.com\/#website","url":"https:\/\/www.domstavpro.com\/","name":"","description":"","potentialAction":[{"@type":"SearchAction","target":{"@type":"EntryPoint","urlTemplate":"https:\/\/www.domstavpro.com\/?s={search_term_string}"},"query-input":{"@type":"PropertyValueSpecification","valueRequired":true,"valueName":"search_term_string"}}],"inLanguage":"cs"}]}},"_links":{"self":[{"href":"https:\/\/www.domstavpro.com\/index.php\/wp-json\/wp\/v2\/product\/39152","targetHints":{"allow":["GET"]}}],"collection":[{"href":"https:\/\/www.domstavpro.com\/index.php\/wp-json\/wp\/v2\/product"}],"about":[{"href":"https:\/\/www.domstavpro.com\/index.php\/wp-json\/wp\/v2\/types\/product"}],"replies":[{"embeddable":true,"href":"https:\/\/www.domstavpro.com\/index.php\/wp-json\/wp\/v2\/comments?post=39152"}],"wp:featuredmedia":[{"embeddable":true,"href":"https:\/\/www.domstavpro.com\/index.php\/wp-json\/wp\/v2\/media\/39252"}],"wp:attachment":[{"href":"https:\/\/www.domstavpro.com\/index.php\/wp-json\/wp\/v2\/media?parent=39152"}],"wp:term":[{"taxonomy":"product_brand","embeddable":true,"href":"https:\/\/www.domstavpro.com\/index.php\/wp-json\/wp\/v2\/product_brand?post=39152"},{"taxonomy":"product_cat","embeddable":true,"href":"https:\/\/www.domstavpro.com\/index.php\/wp-json\/wp\/v2\/product_cat?post=39152"},{"taxonomy":"product_tag","embeddable":true,"href":"https:\/\/www.domstavpro.com\/index.php\/wp-json\/wp\/v2\/product_tag?post=39152"}],"curies":[{"name":"wp","href":"https:\/\/api.w.org\/{rel}","templated":true}]}}