{"id":39108,"date":"2026-04-27T15:09:26","date_gmt":"2026-04-27T15:09:26","guid":{"rendered":""},"modified":"2026-04-27T15:09:26","modified_gmt":"2026-04-27T15:09:26","slug":"akcni-cena-koupelnova-skrinka-q-dverove-szd2-60-n01-bila-lesk-uchytka-t04-l01-bila-vysoky-lesk-39108","status":"publish","type":"product","link":"https:\/\/www.domstavpro.com\/index.php\/produkt\/akcni-cena-koupelnova-skrinka-q-dverove-szd2-60-n01-bila-lesk-uchytka-t04-l01-bila-vysoky-lesk-39108\/","title":{"rendered":"Ak\u010dn\u00ed Cena Koupelnov\u00e1 sk\u0159\u00ed\u0148ka Q DVE\u0158OV\u00c9 SZD2 60 &#8211; N01 B\u00edl\u00e1 lesk \/ \u00dachytka T04 \/ L01 B\u00edl\u00e1 vysok\u00fd lesk"},"content":{"rendered":"<div class=\"basic-description\">\n<h3>Detailn\u00ed popis produktu<\/h3>\n<h2><strong>Pohodl\u00ed p\u0159i otev\u00edr\u00e1n\u00ed<\/strong><\/h2>\n<p>Umyvadlov\u00e1 sk\u0159\u00ed\u0148ka <strong>SZD2 60<\/strong> kolekce <strong>Q dve\u0159ov\u00e9<\/strong> je konstruk\u010dn\u011b \u0159e\u0161en\u00e1 pro zav\u011b\u0161en\u00ed s mo\u017enost\u00ed dodate\u010dn\u00e9ho p\u0159ipevn\u011bn\u00ed no\u017ei\u010dek.<\/p>\n<p>Sk\u0159\u00ed\u0148ka je velmi prostorn\u00e1, uvnit\u0159 nen\u00ed rozd\u011blena \u017e\u00e1dnou polic\u00ed, je tedy vhodn\u00e1 pro ulo\u017een\u00ed objemn\u011bj\u0161\u00edch prvk\u016f. Prostor sk\u0159\u00ed\u0148ky je zp\u0159\u00edstupn\u011bn pomoc\u00ed dv\u00ed\u0159ek, na kter\u00e1 si lze navolit jednu ze sedmi typ\u016f \u00fachytek:<\/p>\n<ul>\n<li>T01 &#8211; matn\u00e1 obl\u00e1 \u00fachytka<\/li>\n<li>T02 &#8211; elegantn\u00ed leskl\u00e1 \u00fachytka<\/li>\n<li>T03 &#8211; chromov\u00e1 \u00fachytka<\/li>\n<li>T04 &#8211; hranat\u00e1 leskl\u00e1 chromov\u00e1 \u00fachytka<\/li>\n<li>T05 &#8211; chrom lesk<\/li>\n<li>T06 &#8211; \u010dern\u00e1 mat<\/li>\n<li>T07 &#8211; \u010dern\u00e1 mat<\/li>\n<\/ul>\n<h3><strong>Barevn\u00e9 zpracov\u00e1n\u00ed <\/strong><\/h3>\n<p>Na v\u00fdb\u011br m\u00e1te ze dvou kr\u00e1sn\u00fdch d\u0159evodekor\u016f &#8211; <strong>O\u0159ech<\/strong> a <strong>Wenge<\/strong>, dal\u0161\u00ed mo\u017enost\u00ed je \u00faprava B\u00edl\u00e1 lesk \u010di proveden\u00ed <strong>Individual dle vzorn\u00edku RAL\/NCS<\/strong>. <\/p>\n<h3><strong>Umyvadlo<\/strong><\/h3>\n<p>Uveden\u00e1 cena sestavy je <strong>v\u010detn\u011b <\/strong>kvalitn\u00edho keramick\u00e9ho umyvadla Q 60.<\/p>\n<h2><strong>V\u00fdhody kolekce Q Dv\u00e9\u0159ov\u00e9:<\/strong><\/h2>\n<ul>\n<li>Dostatek \u00falo\u017en\u00e9ho prostoru.<\/li>\n<li>Kov\u00e1n\u00ed Hettich s <strong>do\u017eivotn\u00ed garanc\u00ed kvality<\/strong>.<\/li>\n<li>Prodlou\u017een\u00e1 z\u00e1ruka 5 let na umyvadlo i sk\u0159\u00ed\u0148ku.<\/li>\n<li>Velk\u00fd v\u00fdb\u011br typ\u016f \u00fachytek.<\/li>\n<\/ul><\/div>\n","protected":false},"excerpt":{"rendered":"<p>Detailn\u00ed popis produktu Pohodl\u00ed p\u0159i otev\u00edr\u00e1n\u00ed Umyvadlov\u00e1 sk\u0159\u00ed\u0148ka SZD2 60 kolekce Q dve\u0159ov\u00e9 je konstruk\u010dn\u011b \u0159e\u0161en\u00e1 pro zav\u011b\u0161en\u00ed s mo\u017enost\u00ed dodate\u010dn\u00e9ho p\u0159ipevn\u011bn\u00ed no\u017ei\u010dek. Sk\u0159\u00ed\u0148ka je velmi prostorn\u00e1, uvnit\u0159 nen\u00ed rozd\u011blena \u017e\u00e1dnou polic\u00ed, je tedy vhodn\u00e1 pro ulo\u017een\u00ed objemn\u011bj\u0161\u00edch prvk\u016f. Prostor sk\u0159\u00ed\u0148ky je zp\u0159\u00edstupn\u011bn pomoc\u00ed dv\u00ed\u0159ek, na kter\u00e1 si lze navolit jednu ze sedmi typ\u016f \u00fachytek: [&hellip;]<\/p>\n","protected":false},"featured_media":39208,"comment_status":"open","ping_status":"open","template":"","meta":[],"product_brand":[],"product_cat":[56],"product_tag":[],"class_list":{"0":"post-39108","1":"product","2":"type-product","3":"status-publish","4":"has-post-thumbnail","6":"product_cat-koupelny-a-sanitarni-technika","8":"first","9":"instock","10":"sale","11":"shipping-taxable","12":"purchasable","13":"product-type-simple"},"yoast_head":"<!-- This site is optimized with the Yoast SEO plugin v26.8 - https:\/\/yoast.com\/product\/yoast-seo-wordpress\/ -->\n<title>Ak\u010dn\u00ed Cena Koupelnov\u00e1 sk\u0159\u00ed\u0148ka Q DVE\u0158OV\u00c9 SZD2 60 - N01 B\u00edl\u00e1 lesk \/ \u00dachytka T04 \/ L01 B\u00edl\u00e1 vysok\u00fd lesk -<\/title>\n<meta name=\"robots\" content=\"index, follow, max-snippet:-1, max-image-preview:large, max-video-preview:-1\" \/>\n<link rel=\"canonical\" href=\"https:\/\/www.domstavpro.com\/index.php\/produkt\/akcni-cena-koupelnova-skrinka-q-dverove-szd2-60-n01-bila-lesk-uchytka-t04-l01-bila-vysoky-lesk-39108\/\" \/>\n<meta property=\"og:locale\" content=\"cs_CZ\" \/>\n<meta property=\"og:type\" content=\"article\" \/>\n<meta property=\"og:title\" content=\"Ak\u010dn\u00ed Cena Koupelnov\u00e1 sk\u0159\u00ed\u0148ka Q DVE\u0158OV\u00c9 SZD2 60 - N01 B\u00edl\u00e1 lesk \/ \u00dachytka T04 \/ L01 B\u00edl\u00e1 vysok\u00fd lesk -\" \/>\n<meta property=\"og:description\" content=\"Detailn\u00ed popis produktu Pohodl\u00ed p\u0159i otev\u00edr\u00e1n\u00ed Umyvadlov\u00e1 sk\u0159\u00ed\u0148ka SZD2 60 kolekce Q dve\u0159ov\u00e9 je konstruk\u010dn\u011b \u0159e\u0161en\u00e1 pro zav\u011b\u0161en\u00ed s mo\u017enost\u00ed dodate\u010dn\u00e9ho p\u0159ipevn\u011bn\u00ed no\u017ei\u010dek. Sk\u0159\u00ed\u0148ka je velmi prostorn\u00e1, uvnit\u0159 nen\u00ed rozd\u011blena \u017e\u00e1dnou polic\u00ed, je tedy vhodn\u00e1 pro ulo\u017een\u00ed objemn\u011bj\u0161\u00edch prvk\u016f. Prostor sk\u0159\u00ed\u0148ky je zp\u0159\u00edstupn\u011bn pomoc\u00ed dv\u00ed\u0159ek, na kter\u00e1 si lze navolit jednu ze sedmi typ\u016f \u00fachytek: [&hellip;]\" \/>\n<meta property=\"og:url\" content=\"https:\/\/www.domstavpro.com\/index.php\/produkt\/akcni-cena-koupelnova-skrinka-q-dverove-szd2-60-n01-bila-lesk-uchytka-t04-l01-bila-vysoky-lesk-39108\/\" \/>\n<meta property=\"og:image\" content=\"https:\/\/www.domstavpro.com\/wp-content\/uploads\/2026\/SK0032057-CZ20260425-093351-0-1777080838-880638_koupelnova-skrinka-q-dverove-szd2-60-n01-bila-lesk-u.webp\" \/>\n\t<meta property=\"og:image:width\" content=\"1000\" \/>\n\t<meta property=\"og:image:height\" content=\"750\" \/>\n\t<meta property=\"og:image:type\" content=\"image\/webp\" \/>\n<meta name=\"twitter:card\" content=\"summary_large_image\" \/>\n<meta name=\"twitter:label1\" content=\"Odhadovan\u00e1 doba \u010dten\u00ed\" \/>\n\t<meta name=\"twitter:data1\" content=\"1 minuta\" \/>\n<script type=\"application\/ld+json\" class=\"yoast-schema-graph\">{\"@context\":\"https:\/\/schema.org\",\"@graph\":[{\"@type\":\"WebPage\",\"@id\":\"https:\/\/www.domstavpro.com\/index.php\/produkt\/akcni-cena-koupelnova-skrinka-q-dverove-szd2-60-n01-bila-lesk-uchytka-t04-l01-bila-vysoky-lesk-39108\/\",\"url\":\"https:\/\/www.domstavpro.com\/index.php\/produkt\/akcni-cena-koupelnova-skrinka-q-dverove-szd2-60-n01-bila-lesk-uchytka-t04-l01-bila-vysoky-lesk-39108\/\",\"name\":\"Ak\u010dn\u00ed Cena Koupelnov\u00e1 sk\u0159\u00ed\u0148ka Q DVE\u0158OV\u00c9 SZD2 60 - N01 B\u00edl\u00e1 lesk \/ \u00dachytka T04 \/ L01 B\u00edl\u00e1 vysok\u00fd lesk -\",\"isPartOf\":{\"@id\":\"https:\/\/www.domstavpro.com\/#website\"},\"primaryImageOfPage\":{\"@id\":\"https:\/\/www.domstavpro.com\/index.php\/produkt\/akcni-cena-koupelnova-skrinka-q-dverove-szd2-60-n01-bila-lesk-uchytka-t04-l01-bila-vysoky-lesk-39108\/#primaryimage\"},\"image\":{\"@id\":\"https:\/\/www.domstavpro.com\/index.php\/produkt\/akcni-cena-koupelnova-skrinka-q-dverove-szd2-60-n01-bila-lesk-uchytka-t04-l01-bila-vysoky-lesk-39108\/#primaryimage\"},\"thumbnailUrl\":\"https:\/\/www.domstavpro.com\/wp-content\/uploads\/2026\/SK0032057-CZ20260425-093351-0-1777080838-880638_koupelnova-skrinka-q-dverove-szd2-60-n01-bila-lesk-u.webp\",\"datePublished\":\"2026-04-27T15:09:26+00:00\",\"breadcrumb\":{\"@id\":\"https:\/\/www.domstavpro.com\/index.php\/produkt\/akcni-cena-koupelnova-skrinka-q-dverove-szd2-60-n01-bila-lesk-uchytka-t04-l01-bila-vysoky-lesk-39108\/#breadcrumb\"},\"inLanguage\":\"cs\",\"potentialAction\":[{\"@type\":\"ReadAction\",\"target\":[\"https:\/\/www.domstavpro.com\/index.php\/produkt\/akcni-cena-koupelnova-skrinka-q-dverove-szd2-60-n01-bila-lesk-uchytka-t04-l01-bila-vysoky-lesk-39108\/\"]}]},{\"@type\":\"ImageObject\",\"inLanguage\":\"cs\",\"@id\":\"https:\/\/www.domstavpro.com\/index.php\/produkt\/akcni-cena-koupelnova-skrinka-q-dverove-szd2-60-n01-bila-lesk-uchytka-t04-l01-bila-vysoky-lesk-39108\/#primaryimage\",\"url\":\"https:\/\/www.domstavpro.com\/wp-content\/uploads\/2026\/SK0032057-CZ20260425-093351-0-1777080838-880638_koupelnova-skrinka-q-dverove-szd2-60-n01-bila-lesk-u.webp\",\"contentUrl\":\"https:\/\/www.domstavpro.com\/wp-content\/uploads\/2026\/SK0032057-CZ20260425-093351-0-1777080838-880638_koupelnova-skrinka-q-dverove-szd2-60-n01-bila-lesk-u.webp\",\"width\":1000,\"height\":750},{\"@type\":\"BreadcrumbList\",\"@id\":\"https:\/\/www.domstavpro.com\/index.php\/produkt\/akcni-cena-koupelnova-skrinka-q-dverove-szd2-60-n01-bila-lesk-uchytka-t04-l01-bila-vysoky-lesk-39108\/#breadcrumb\",\"itemListElement\":[{\"@type\":\"ListItem\",\"position\":1,\"name\":\"Home\",\"item\":\"https:\/\/www.domstavpro.com\/\"},{\"@type\":\"ListItem\",\"position\":2,\"name\":\"Products\",\"item\":\"https:\/\/www.domstavpro.com\/index.php\/products\/\"},{\"@type\":\"ListItem\",\"position\":3,\"name\":\"Ak\u010dn\u00ed Cena Koupelnov\u00e1 sk\u0159\u00ed\u0148ka Q DVE\u0158OV\u00c9 SZD2 60 &#8211; N01 B\u00edl\u00e1 lesk \/ \u00dachytka T04 \/ L01 B\u00edl\u00e1 vysok\u00fd lesk\"}]},{\"@type\":\"WebSite\",\"@id\":\"https:\/\/www.domstavpro.com\/#website\",\"url\":\"https:\/\/www.domstavpro.com\/\",\"name\":\"\",\"description\":\"\",\"potentialAction\":[{\"@type\":\"SearchAction\",\"target\":{\"@type\":\"EntryPoint\",\"urlTemplate\":\"https:\/\/www.domstavpro.com\/?s={search_term_string}\"},\"query-input\":{\"@type\":\"PropertyValueSpecification\",\"valueRequired\":true,\"valueName\":\"search_term_string\"}}],\"inLanguage\":\"cs\"}]}<\/script>\n<!-- \/ Yoast SEO plugin. -->","yoast_head_json":{"title":"Ak\u010dn\u00ed Cena Koupelnov\u00e1 sk\u0159\u00ed\u0148ka Q DVE\u0158OV\u00c9 SZD2 60 - N01 B\u00edl\u00e1 lesk \/ \u00dachytka T04 \/ L01 B\u00edl\u00e1 vysok\u00fd lesk -","robots":{"index":"index","follow":"follow","max-snippet":"max-snippet:-1","max-image-preview":"max-image-preview:large","max-video-preview":"max-video-preview:-1"},"canonical":"https:\/\/www.domstavpro.com\/index.php\/produkt\/akcni-cena-koupelnova-skrinka-q-dverove-szd2-60-n01-bila-lesk-uchytka-t04-l01-bila-vysoky-lesk-39108\/","og_locale":"cs_CZ","og_type":"article","og_title":"Ak\u010dn\u00ed Cena Koupelnov\u00e1 sk\u0159\u00ed\u0148ka Q DVE\u0158OV\u00c9 SZD2 60 - N01 B\u00edl\u00e1 lesk \/ \u00dachytka T04 \/ L01 B\u00edl\u00e1 vysok\u00fd lesk -","og_description":"Detailn\u00ed popis produktu Pohodl\u00ed p\u0159i otev\u00edr\u00e1n\u00ed Umyvadlov\u00e1 sk\u0159\u00ed\u0148ka SZD2 60 kolekce Q dve\u0159ov\u00e9 je konstruk\u010dn\u011b \u0159e\u0161en\u00e1 pro zav\u011b\u0161en\u00ed s mo\u017enost\u00ed dodate\u010dn\u00e9ho p\u0159ipevn\u011bn\u00ed no\u017ei\u010dek. Sk\u0159\u00ed\u0148ka je velmi prostorn\u00e1, uvnit\u0159 nen\u00ed rozd\u011blena \u017e\u00e1dnou polic\u00ed, je tedy vhodn\u00e1 pro ulo\u017een\u00ed objemn\u011bj\u0161\u00edch prvk\u016f. Prostor sk\u0159\u00ed\u0148ky je zp\u0159\u00edstupn\u011bn pomoc\u00ed dv\u00ed\u0159ek, na kter\u00e1 si lze navolit jednu ze sedmi typ\u016f \u00fachytek: [&hellip;]","og_url":"https:\/\/www.domstavpro.com\/index.php\/produkt\/akcni-cena-koupelnova-skrinka-q-dverove-szd2-60-n01-bila-lesk-uchytka-t04-l01-bila-vysoky-lesk-39108\/","og_image":[{"width":1000,"height":750,"url":"https:\/\/www.domstavpro.com\/wp-content\/uploads\/2026\/SK0032057-CZ20260425-093351-0-1777080838-880638_koupelnova-skrinka-q-dverove-szd2-60-n01-bila-lesk-u.webp","type":"image\/webp"}],"twitter_card":"summary_large_image","twitter_misc":{"Odhadovan\u00e1 doba \u010dten\u00ed":"1 minuta"},"schema":{"@context":"https:\/\/schema.org","@graph":[{"@type":"WebPage","@id":"https:\/\/www.domstavpro.com\/index.php\/produkt\/akcni-cena-koupelnova-skrinka-q-dverove-szd2-60-n01-bila-lesk-uchytka-t04-l01-bila-vysoky-lesk-39108\/","url":"https:\/\/www.domstavpro.com\/index.php\/produkt\/akcni-cena-koupelnova-skrinka-q-dverove-szd2-60-n01-bila-lesk-uchytka-t04-l01-bila-vysoky-lesk-39108\/","name":"Ak\u010dn\u00ed Cena Koupelnov\u00e1 sk\u0159\u00ed\u0148ka Q DVE\u0158OV\u00c9 SZD2 60 - N01 B\u00edl\u00e1 lesk \/ \u00dachytka T04 \/ L01 B\u00edl\u00e1 vysok\u00fd lesk -","isPartOf":{"@id":"https:\/\/www.domstavpro.com\/#website"},"primaryImageOfPage":{"@id":"https:\/\/www.domstavpro.com\/index.php\/produkt\/akcni-cena-koupelnova-skrinka-q-dverove-szd2-60-n01-bila-lesk-uchytka-t04-l01-bila-vysoky-lesk-39108\/#primaryimage"},"image":{"@id":"https:\/\/www.domstavpro.com\/index.php\/produkt\/akcni-cena-koupelnova-skrinka-q-dverove-szd2-60-n01-bila-lesk-uchytka-t04-l01-bila-vysoky-lesk-39108\/#primaryimage"},"thumbnailUrl":"https:\/\/www.domstavpro.com\/wp-content\/uploads\/2026\/SK0032057-CZ20260425-093351-0-1777080838-880638_koupelnova-skrinka-q-dverove-szd2-60-n01-bila-lesk-u.webp","datePublished":"2026-04-27T15:09:26+00:00","breadcrumb":{"@id":"https:\/\/www.domstavpro.com\/index.php\/produkt\/akcni-cena-koupelnova-skrinka-q-dverove-szd2-60-n01-bila-lesk-uchytka-t04-l01-bila-vysoky-lesk-39108\/#breadcrumb"},"inLanguage":"cs","potentialAction":[{"@type":"ReadAction","target":["https:\/\/www.domstavpro.com\/index.php\/produkt\/akcni-cena-koupelnova-skrinka-q-dverove-szd2-60-n01-bila-lesk-uchytka-t04-l01-bila-vysoky-lesk-39108\/"]}]},{"@type":"ImageObject","inLanguage":"cs","@id":"https:\/\/www.domstavpro.com\/index.php\/produkt\/akcni-cena-koupelnova-skrinka-q-dverove-szd2-60-n01-bila-lesk-uchytka-t04-l01-bila-vysoky-lesk-39108\/#primaryimage","url":"https:\/\/www.domstavpro.com\/wp-content\/uploads\/2026\/SK0032057-CZ20260425-093351-0-1777080838-880638_koupelnova-skrinka-q-dverove-szd2-60-n01-bila-lesk-u.webp","contentUrl":"https:\/\/www.domstavpro.com\/wp-content\/uploads\/2026\/SK0032057-CZ20260425-093351-0-1777080838-880638_koupelnova-skrinka-q-dverove-szd2-60-n01-bila-lesk-u.webp","width":1000,"height":750},{"@type":"BreadcrumbList","@id":"https:\/\/www.domstavpro.com\/index.php\/produkt\/akcni-cena-koupelnova-skrinka-q-dverove-szd2-60-n01-bila-lesk-uchytka-t04-l01-bila-vysoky-lesk-39108\/#breadcrumb","itemListElement":[{"@type":"ListItem","position":1,"name":"Home","item":"https:\/\/www.domstavpro.com\/"},{"@type":"ListItem","position":2,"name":"Products","item":"https:\/\/www.domstavpro.com\/index.php\/products\/"},{"@type":"ListItem","position":3,"name":"Ak\u010dn\u00ed Cena Koupelnov\u00e1 sk\u0159\u00ed\u0148ka Q DVE\u0158OV\u00c9 SZD2 60 &#8211; N01 B\u00edl\u00e1 lesk \/ \u00dachytka T04 \/ L01 B\u00edl\u00e1 vysok\u00fd lesk"}]},{"@type":"WebSite","@id":"https:\/\/www.domstavpro.com\/#website","url":"https:\/\/www.domstavpro.com\/","name":"","description":"","potentialAction":[{"@type":"SearchAction","target":{"@type":"EntryPoint","urlTemplate":"https:\/\/www.domstavpro.com\/?s={search_term_string}"},"query-input":{"@type":"PropertyValueSpecification","valueRequired":true,"valueName":"search_term_string"}}],"inLanguage":"cs"}]}},"_links":{"self":[{"href":"https:\/\/www.domstavpro.com\/index.php\/wp-json\/wp\/v2\/product\/39108","targetHints":{"allow":["GET"]}}],"collection":[{"href":"https:\/\/www.domstavpro.com\/index.php\/wp-json\/wp\/v2\/product"}],"about":[{"href":"https:\/\/www.domstavpro.com\/index.php\/wp-json\/wp\/v2\/types\/product"}],"replies":[{"embeddable":true,"href":"https:\/\/www.domstavpro.com\/index.php\/wp-json\/wp\/v2\/comments?post=39108"}],"wp:featuredmedia":[{"embeddable":true,"href":"https:\/\/www.domstavpro.com\/index.php\/wp-json\/wp\/v2\/media\/39208"}],"wp:attachment":[{"href":"https:\/\/www.domstavpro.com\/index.php\/wp-json\/wp\/v2\/media?parent=39108"}],"wp:term":[{"taxonomy":"product_brand","embeddable":true,"href":"https:\/\/www.domstavpro.com\/index.php\/wp-json\/wp\/v2\/product_brand?post=39108"},{"taxonomy":"product_cat","embeddable":true,"href":"https:\/\/www.domstavpro.com\/index.php\/wp-json\/wp\/v2\/product_cat?post=39108"},{"taxonomy":"product_tag","embeddable":true,"href":"https:\/\/www.domstavpro.com\/index.php\/wp-json\/wp\/v2\/product_tag?post=39108"}],"curies":[{"name":"wp","href":"https:\/\/api.w.org\/{rel}","templated":true}]}}