{"id":38968,"date":"2026-04-27T15:09:26","date_gmt":"2026-04-27T15:09:26","guid":{"rendered":""},"modified":"2026-04-27T15:09:26","modified_gmt":"2026-04-27T15:09:26","slug":"akce-vysoka-skrin-dos-sv1d4-50-n01-bila-lesk-bez-uchytky-t31-d21-tobacco-38968","status":"publish","type":"product","link":"https:\/\/www.domstavpro.com\/index.php\/produkt\/akce-vysoka-skrin-dos-sv1d4-50-n01-bila-lesk-bez-uchytky-t31-d21-tobacco-38968\/","title":{"rendered":"Akce Vysok\u00e1 sk\u0159\u00ed\u0148 DOS SV1D4 50 &#8211; N01 B\u00edl\u00e1 lesk \/ Bez \u00fachytky T31 \/ D21 Tobacco"},"content":{"rendered":"<div class=\"basic-description\">\n<h3>Detailn\u00ed popis produktu<\/h3>\n<p>Milujete ru\u010dn\u00edky, osu\u0161ky a chcete je m\u00edt hezky srovnan\u00e9 na jednom m\u00edst\u011b? Nebo jste po\u010detn\u00e1 rodina a pot\u0159ebujete pro ka\u017ed\u00e9ho \u010dlena dom\u00e1cnosti v\u00edce \u00falo\u017en\u00e9ho prostoru, ale mus\u00edte \u0161et\u0159it s prostorem ve va\u0161\u00ed koupeln\u011b? \u010cty\u0159dve\u0159ov\u00e1 vysok\u00e1 sk\u0159\u00ed\u0148 DOS SV1D4 50 je navr\u017eena pr\u00e1v\u011b pro tyto \u00fa\u010dely.<\/p>\n<h2>Parametry sk\u0159\u00edn\u011b<\/h2>\n<p>Vysok\u00e1 sk\u0159\u00ed\u0148 <strong>DOS SV1D4 50<\/strong> je konstruov\u00e1na jako z\u00e1v\u011bsn\u00e1 ve \u010dty\u0159dve\u0159ov\u00e9m proveden\u00ed a se <strong>sn\u00ed\u017eenou hloubkou 25 cm<\/strong>. V koupeln\u011b tak v\u00fdrazn\u011b u\u0161et\u0159\u00edte m\u00edsto a sou\u010dasn\u011b budete m\u00edt k dispozici maximum \u00falo\u017en\u00e9ho prostoru. <\/p>\n<p>Uvnit\u0159 sk\u0159\u00edn\u011b se nach\u00e1z\u00ed \u010dty\u0159i sklen\u011bn\u00e9, v\u00fd\u0161kov\u011b nastaviteln\u00e9 police. Komfort d\u00e1le zvy\u0161uje kov\u00e1n\u00ed zna\u010dky Hettich, d\u00edky kter\u00e9mu je <strong>dov\u00edr\u00e1n\u00ed dv\u00ed\u0159ek tlumen\u00e9<\/strong>. Na kov\u00e1n\u00ed od n\u00e1s nav\u00edc dostanete <strong>do\u017eivotn\u00ed z\u00e1ruku<\/strong>. <\/p>\n<h3><strong>Velk\u00fd v\u00fdb\u011br \u00fachytek<\/strong><\/h3>\n<p>Dv\u00ed\u0159ka sk\u0159\u00edn\u011b se otev\u00edraj\u00ed pomoc\u00ed n\u011bkter\u00e9 z na\u0161ich kovov\u00fdch \u00fachytek. Aktu\u00e1ln\u011b m\u00e1te na v\u00fdb\u011br z t\u011bchto typ\u016f:<\/p>\n<ul>\n<li>T01 &#8211; obl\u00e1 \u00fachytka z hlin\u00edku v proveden\u00ed mat<\/li>\n<li>T02 &#8211; obl\u00e1 \u00fachytka z brou\u0161en\u00e9ho niklu<\/li>\n<li>T03 &#8211; hranat\u00e1 \u00fachytka z chromu v proveden\u00ed lesk<\/li>\n<li>T04 &#8211; hranat\u00e1 \u00fachytka s v\u00fdrazn\u00fdmi hranami v proveden\u00ed lesk<\/li>\n<li>T06 &#8211; hranat\u00e1 \u00fachytka v proveden\u00ed \u010dern\u00e1 mat<\/li>\n<li>mo\u017enost bez\u00fachytkov\u00e9ho proveden\u00ed T31- Push to Open. <\/li>\n<\/ul>\n<h3><strong>Upozorn\u011bn\u00ed<\/strong><\/h3>\n<p>Do sk\u0159\u00edn\u011b <strong>DOS SV1D4 50<\/strong> nelze p\u0159imontovat ko\u0161 na pr\u00e1dlo. Pro tyto pot\u0159eby je mo\u017en\u00e9 zakoupit dopl\u0148kovou sk\u0159\u00ed\u0148 DOS SVD3K 50 se standardn\u00ed hloubkou.<\/p>\n<h3><strong>Povrchov\u00e9 \u00fapravy<\/strong><\/h3>\n<p>Vysokou sk\u0159\u00ed\u0148 <strong>DOS SV1D4 50<\/strong> vyr\u00e1b\u00edme v cel\u00e9 \u0159ad\u011b dekor\u016f, d\u0159evodekor\u016f a lak\u016f v proveden\u00ed lesk\/mat. Samoz\u0159ejmost\u00ed je tak\u00e9 \u00faprava v proveden\u00ed Individual dle vzorn\u00edku RAL\/NCS. <\/p>\n<h2><strong>P\u0159ednosti sk\u0159\u00edn\u011b:<\/strong><\/h2>\n<ul>\n<li>Na sk\u0159\u00ed\u0148 od n\u00e1s dostanete prodlou\u017eenou z\u00e1ruku 5 let. Na kov\u00e1n\u00ed zna\u010dky Hettich pak dokonce z\u00e1ruku do\u017eivotn\u00ed. <\/li>\n<li>Sk\u0159\u00ed\u0148 je velmi prostorn\u00e1 a sn\u00ed\u017eenou hloubku. D\u00edky tomu je ide\u00e1ln\u00ed do t\u00e9m\u011b\u0159 jak\u00e9koliv koupelny. <\/li>\n<li>Vnit\u0159n\u00ed prostor je rozd\u011blen na \u010dty\u0159i \u010d\u00e1sti. Ka\u017ed\u00fd se sklen\u011bnou polic\u00ed, kter\u00e1 je v\u00fd\u0161kov\u011b nastaviteln\u00e1.<\/li>\n<li>Pro v\u011bt\u0161\u00ed komfort jsou dv\u00ed\u0159ka vybavena zna\u010dkov\u00fdm kov\u00e1n\u00edm Hettich s tlumen\u00fdm dov\u00edr\u00e1n\u00edm.<\/li>\n<\/ul><\/div>\n","protected":false},"excerpt":{"rendered":"<p>Detailn\u00ed popis produktu Milujete ru\u010dn\u00edky, osu\u0161ky a chcete je m\u00edt hezky srovnan\u00e9 na jednom m\u00edst\u011b? Nebo jste po\u010detn\u00e1 rodina a pot\u0159ebujete pro ka\u017ed\u00e9ho \u010dlena dom\u00e1cnosti v\u00edce \u00falo\u017en\u00e9ho prostoru, ale mus\u00edte \u0161et\u0159it s prostorem ve va\u0161\u00ed koupeln\u011b? \u010cty\u0159dve\u0159ov\u00e1 vysok\u00e1 sk\u0159\u00ed\u0148 DOS SV1D4 50 je navr\u017eena pr\u00e1v\u011b pro tyto \u00fa\u010dely. Parametry sk\u0159\u00edn\u011b Vysok\u00e1 sk\u0159\u00ed\u0148 DOS SV1D4 50 [&hellip;]<\/p>\n","protected":false},"featured_media":39068,"comment_status":"open","ping_status":"open","template":"","meta":[],"product_brand":[],"product_cat":[56],"product_tag":[],"class_list":{"0":"post-38968","1":"product","2":"type-product","3":"status-publish","4":"has-post-thumbnail","6":"product_cat-koupelny-a-sanitarni-technika","8":"first","9":"instock","10":"sale","11":"shipping-taxable","12":"purchasable","13":"product-type-simple"},"yoast_head":"<!-- This site is optimized with the Yoast SEO plugin v26.8 - https:\/\/yoast.com\/product\/yoast-seo-wordpress\/ -->\n<title>Akce Vysok\u00e1 sk\u0159\u00ed\u0148 DOS SV1D4 50 - N01 B\u00edl\u00e1 lesk \/ Bez \u00fachytky T31 \/ D21 Tobacco -<\/title>\n<meta name=\"robots\" content=\"index, follow, max-snippet:-1, max-image-preview:large, max-video-preview:-1\" \/>\n<link rel=\"canonical\" href=\"https:\/\/www.domstavpro.com\/index.php\/produkt\/akce-vysoka-skrin-dos-sv1d4-50-n01-bila-lesk-bez-uchytky-t31-d21-tobacco-38968\/\" \/>\n<meta property=\"og:locale\" content=\"cs_CZ\" \/>\n<meta property=\"og:type\" content=\"article\" \/>\n<meta property=\"og:title\" content=\"Akce Vysok\u00e1 sk\u0159\u00ed\u0148 DOS SV1D4 50 - N01 B\u00edl\u00e1 lesk \/ Bez \u00fachytky T31 \/ D21 Tobacco -\" \/>\n<meta property=\"og:description\" content=\"Detailn\u00ed popis produktu Milujete ru\u010dn\u00edky, osu\u0161ky a chcete je m\u00edt hezky srovnan\u00e9 na jednom m\u00edst\u011b? Nebo jste po\u010detn\u00e1 rodina a pot\u0159ebujete pro ka\u017ed\u00e9ho \u010dlena dom\u00e1cnosti v\u00edce \u00falo\u017en\u00e9ho prostoru, ale mus\u00edte \u0161et\u0159it s prostorem ve va\u0161\u00ed koupeln\u011b? \u010cty\u0159dve\u0159ov\u00e1 vysok\u00e1 sk\u0159\u00ed\u0148 DOS SV1D4 50 je navr\u017eena pr\u00e1v\u011b pro tyto \u00fa\u010dely. Parametry sk\u0159\u00edn\u011b Vysok\u00e1 sk\u0159\u00ed\u0148 DOS SV1D4 50 [&hellip;]\" \/>\n<meta property=\"og:url\" content=\"https:\/\/www.domstavpro.com\/index.php\/produkt\/akce-vysoka-skrin-dos-sv1d4-50-n01-bila-lesk-bez-uchytky-t31-d21-tobacco-38968\/\" \/>\n<meta property=\"og:image\" content=\"https:\/\/www.domstavpro.com\/wp-content\/uploads\/2026\/SK0032017-CZ20260425-093351-0-1777080838-880800_vysoka-skrin-dos-sv1d4-50-n01-bila-lesk-bez-uchytky-.webp\" \/>\n\t<meta property=\"og:image:width\" content=\"1000\" \/>\n\t<meta property=\"og:image:height\" content=\"750\" \/>\n\t<meta property=\"og:image:type\" content=\"image\/webp\" \/>\n<meta name=\"twitter:card\" content=\"summary_large_image\" \/>\n<meta name=\"twitter:label1\" content=\"Odhadovan\u00e1 doba \u010dten\u00ed\" \/>\n\t<meta name=\"twitter:data1\" content=\"2 minuty\" \/>\n<script type=\"application\/ld+json\" class=\"yoast-schema-graph\">{\"@context\":\"https:\/\/schema.org\",\"@graph\":[{\"@type\":\"WebPage\",\"@id\":\"https:\/\/www.domstavpro.com\/index.php\/produkt\/akce-vysoka-skrin-dos-sv1d4-50-n01-bila-lesk-bez-uchytky-t31-d21-tobacco-38968\/\",\"url\":\"https:\/\/www.domstavpro.com\/index.php\/produkt\/akce-vysoka-skrin-dos-sv1d4-50-n01-bila-lesk-bez-uchytky-t31-d21-tobacco-38968\/\",\"name\":\"Akce Vysok\u00e1 sk\u0159\u00ed\u0148 DOS SV1D4 50 - N01 B\u00edl\u00e1 lesk \/ Bez \u00fachytky T31 \/ D21 Tobacco -\",\"isPartOf\":{\"@id\":\"https:\/\/www.domstavpro.com\/#website\"},\"primaryImageOfPage\":{\"@id\":\"https:\/\/www.domstavpro.com\/index.php\/produkt\/akce-vysoka-skrin-dos-sv1d4-50-n01-bila-lesk-bez-uchytky-t31-d21-tobacco-38968\/#primaryimage\"},\"image\":{\"@id\":\"https:\/\/www.domstavpro.com\/index.php\/produkt\/akce-vysoka-skrin-dos-sv1d4-50-n01-bila-lesk-bez-uchytky-t31-d21-tobacco-38968\/#primaryimage\"},\"thumbnailUrl\":\"https:\/\/www.domstavpro.com\/wp-content\/uploads\/2026\/SK0032017-CZ20260425-093351-0-1777080838-880800_vysoka-skrin-dos-sv1d4-50-n01-bila-lesk-bez-uchytky-.webp\",\"datePublished\":\"2026-04-27T15:09:26+00:00\",\"breadcrumb\":{\"@id\":\"https:\/\/www.domstavpro.com\/index.php\/produkt\/akce-vysoka-skrin-dos-sv1d4-50-n01-bila-lesk-bez-uchytky-t31-d21-tobacco-38968\/#breadcrumb\"},\"inLanguage\":\"cs\",\"potentialAction\":[{\"@type\":\"ReadAction\",\"target\":[\"https:\/\/www.domstavpro.com\/index.php\/produkt\/akce-vysoka-skrin-dos-sv1d4-50-n01-bila-lesk-bez-uchytky-t31-d21-tobacco-38968\/\"]}]},{\"@type\":\"ImageObject\",\"inLanguage\":\"cs\",\"@id\":\"https:\/\/www.domstavpro.com\/index.php\/produkt\/akce-vysoka-skrin-dos-sv1d4-50-n01-bila-lesk-bez-uchytky-t31-d21-tobacco-38968\/#primaryimage\",\"url\":\"https:\/\/www.domstavpro.com\/wp-content\/uploads\/2026\/SK0032017-CZ20260425-093351-0-1777080838-880800_vysoka-skrin-dos-sv1d4-50-n01-bila-lesk-bez-uchytky-.webp\",\"contentUrl\":\"https:\/\/www.domstavpro.com\/wp-content\/uploads\/2026\/SK0032017-CZ20260425-093351-0-1777080838-880800_vysoka-skrin-dos-sv1d4-50-n01-bila-lesk-bez-uchytky-.webp\",\"width\":1000,\"height\":750},{\"@type\":\"BreadcrumbList\",\"@id\":\"https:\/\/www.domstavpro.com\/index.php\/produkt\/akce-vysoka-skrin-dos-sv1d4-50-n01-bila-lesk-bez-uchytky-t31-d21-tobacco-38968\/#breadcrumb\",\"itemListElement\":[{\"@type\":\"ListItem\",\"position\":1,\"name\":\"Home\",\"item\":\"https:\/\/www.domstavpro.com\/\"},{\"@type\":\"ListItem\",\"position\":2,\"name\":\"Products\",\"item\":\"https:\/\/www.domstavpro.com\/index.php\/products\/\"},{\"@type\":\"ListItem\",\"position\":3,\"name\":\"Akce Vysok\u00e1 sk\u0159\u00ed\u0148 DOS SV1D4 50 &#8211; N01 B\u00edl\u00e1 lesk \/ Bez \u00fachytky T31 \/ D21 Tobacco\"}]},{\"@type\":\"WebSite\",\"@id\":\"https:\/\/www.domstavpro.com\/#website\",\"url\":\"https:\/\/www.domstavpro.com\/\",\"name\":\"\",\"description\":\"\",\"potentialAction\":[{\"@type\":\"SearchAction\",\"target\":{\"@type\":\"EntryPoint\",\"urlTemplate\":\"https:\/\/www.domstavpro.com\/?s={search_term_string}\"},\"query-input\":{\"@type\":\"PropertyValueSpecification\",\"valueRequired\":true,\"valueName\":\"search_term_string\"}}],\"inLanguage\":\"cs\"}]}<\/script>\n<!-- \/ Yoast SEO plugin. -->","yoast_head_json":{"title":"Akce Vysok\u00e1 sk\u0159\u00ed\u0148 DOS SV1D4 50 - N01 B\u00edl\u00e1 lesk \/ Bez \u00fachytky T31 \/ D21 Tobacco -","robots":{"index":"index","follow":"follow","max-snippet":"max-snippet:-1","max-image-preview":"max-image-preview:large","max-video-preview":"max-video-preview:-1"},"canonical":"https:\/\/www.domstavpro.com\/index.php\/produkt\/akce-vysoka-skrin-dos-sv1d4-50-n01-bila-lesk-bez-uchytky-t31-d21-tobacco-38968\/","og_locale":"cs_CZ","og_type":"article","og_title":"Akce Vysok\u00e1 sk\u0159\u00ed\u0148 DOS SV1D4 50 - N01 B\u00edl\u00e1 lesk \/ Bez \u00fachytky T31 \/ D21 Tobacco -","og_description":"Detailn\u00ed popis produktu Milujete ru\u010dn\u00edky, osu\u0161ky a chcete je m\u00edt hezky srovnan\u00e9 na jednom m\u00edst\u011b? Nebo jste po\u010detn\u00e1 rodina a pot\u0159ebujete pro ka\u017ed\u00e9ho \u010dlena dom\u00e1cnosti v\u00edce \u00falo\u017en\u00e9ho prostoru, ale mus\u00edte \u0161et\u0159it s prostorem ve va\u0161\u00ed koupeln\u011b? \u010cty\u0159dve\u0159ov\u00e1 vysok\u00e1 sk\u0159\u00ed\u0148 DOS SV1D4 50 je navr\u017eena pr\u00e1v\u011b pro tyto \u00fa\u010dely. Parametry sk\u0159\u00edn\u011b Vysok\u00e1 sk\u0159\u00ed\u0148 DOS SV1D4 50 [&hellip;]","og_url":"https:\/\/www.domstavpro.com\/index.php\/produkt\/akce-vysoka-skrin-dos-sv1d4-50-n01-bila-lesk-bez-uchytky-t31-d21-tobacco-38968\/","og_image":[{"width":1000,"height":750,"url":"https:\/\/www.domstavpro.com\/wp-content\/uploads\/2026\/SK0032017-CZ20260425-093351-0-1777080838-880800_vysoka-skrin-dos-sv1d4-50-n01-bila-lesk-bez-uchytky-.webp","type":"image\/webp"}],"twitter_card":"summary_large_image","twitter_misc":{"Odhadovan\u00e1 doba \u010dten\u00ed":"2 minuty"},"schema":{"@context":"https:\/\/schema.org","@graph":[{"@type":"WebPage","@id":"https:\/\/www.domstavpro.com\/index.php\/produkt\/akce-vysoka-skrin-dos-sv1d4-50-n01-bila-lesk-bez-uchytky-t31-d21-tobacco-38968\/","url":"https:\/\/www.domstavpro.com\/index.php\/produkt\/akce-vysoka-skrin-dos-sv1d4-50-n01-bila-lesk-bez-uchytky-t31-d21-tobacco-38968\/","name":"Akce Vysok\u00e1 sk\u0159\u00ed\u0148 DOS SV1D4 50 - N01 B\u00edl\u00e1 lesk \/ Bez \u00fachytky T31 \/ D21 Tobacco -","isPartOf":{"@id":"https:\/\/www.domstavpro.com\/#website"},"primaryImageOfPage":{"@id":"https:\/\/www.domstavpro.com\/index.php\/produkt\/akce-vysoka-skrin-dos-sv1d4-50-n01-bila-lesk-bez-uchytky-t31-d21-tobacco-38968\/#primaryimage"},"image":{"@id":"https:\/\/www.domstavpro.com\/index.php\/produkt\/akce-vysoka-skrin-dos-sv1d4-50-n01-bila-lesk-bez-uchytky-t31-d21-tobacco-38968\/#primaryimage"},"thumbnailUrl":"https:\/\/www.domstavpro.com\/wp-content\/uploads\/2026\/SK0032017-CZ20260425-093351-0-1777080838-880800_vysoka-skrin-dos-sv1d4-50-n01-bila-lesk-bez-uchytky-.webp","datePublished":"2026-04-27T15:09:26+00:00","breadcrumb":{"@id":"https:\/\/www.domstavpro.com\/index.php\/produkt\/akce-vysoka-skrin-dos-sv1d4-50-n01-bila-lesk-bez-uchytky-t31-d21-tobacco-38968\/#breadcrumb"},"inLanguage":"cs","potentialAction":[{"@type":"ReadAction","target":["https:\/\/www.domstavpro.com\/index.php\/produkt\/akce-vysoka-skrin-dos-sv1d4-50-n01-bila-lesk-bez-uchytky-t31-d21-tobacco-38968\/"]}]},{"@type":"ImageObject","inLanguage":"cs","@id":"https:\/\/www.domstavpro.com\/index.php\/produkt\/akce-vysoka-skrin-dos-sv1d4-50-n01-bila-lesk-bez-uchytky-t31-d21-tobacco-38968\/#primaryimage","url":"https:\/\/www.domstavpro.com\/wp-content\/uploads\/2026\/SK0032017-CZ20260425-093351-0-1777080838-880800_vysoka-skrin-dos-sv1d4-50-n01-bila-lesk-bez-uchytky-.webp","contentUrl":"https:\/\/www.domstavpro.com\/wp-content\/uploads\/2026\/SK0032017-CZ20260425-093351-0-1777080838-880800_vysoka-skrin-dos-sv1d4-50-n01-bila-lesk-bez-uchytky-.webp","width":1000,"height":750},{"@type":"BreadcrumbList","@id":"https:\/\/www.domstavpro.com\/index.php\/produkt\/akce-vysoka-skrin-dos-sv1d4-50-n01-bila-lesk-bez-uchytky-t31-d21-tobacco-38968\/#breadcrumb","itemListElement":[{"@type":"ListItem","position":1,"name":"Home","item":"https:\/\/www.domstavpro.com\/"},{"@type":"ListItem","position":2,"name":"Products","item":"https:\/\/www.domstavpro.com\/index.php\/products\/"},{"@type":"ListItem","position":3,"name":"Akce Vysok\u00e1 sk\u0159\u00ed\u0148 DOS SV1D4 50 &#8211; N01 B\u00edl\u00e1 lesk \/ Bez \u00fachytky T31 \/ D21 Tobacco"}]},{"@type":"WebSite","@id":"https:\/\/www.domstavpro.com\/#website","url":"https:\/\/www.domstavpro.com\/","name":"","description":"","potentialAction":[{"@type":"SearchAction","target":{"@type":"EntryPoint","urlTemplate":"https:\/\/www.domstavpro.com\/?s={search_term_string}"},"query-input":{"@type":"PropertyValueSpecification","valueRequired":true,"valueName":"search_term_string"}}],"inLanguage":"cs"}]}},"_links":{"self":[{"href":"https:\/\/www.domstavpro.com\/index.php\/wp-json\/wp\/v2\/product\/38968","targetHints":{"allow":["GET"]}}],"collection":[{"href":"https:\/\/www.domstavpro.com\/index.php\/wp-json\/wp\/v2\/product"}],"about":[{"href":"https:\/\/www.domstavpro.com\/index.php\/wp-json\/wp\/v2\/types\/product"}],"replies":[{"embeddable":true,"href":"https:\/\/www.domstavpro.com\/index.php\/wp-json\/wp\/v2\/comments?post=38968"}],"wp:featuredmedia":[{"embeddable":true,"href":"https:\/\/www.domstavpro.com\/index.php\/wp-json\/wp\/v2\/media\/39068"}],"wp:attachment":[{"href":"https:\/\/www.domstavpro.com\/index.php\/wp-json\/wp\/v2\/media?parent=38968"}],"wp:term":[{"taxonomy":"product_brand","embeddable":true,"href":"https:\/\/www.domstavpro.com\/index.php\/wp-json\/wp\/v2\/product_brand?post=38968"},{"taxonomy":"product_cat","embeddable":true,"href":"https:\/\/www.domstavpro.com\/index.php\/wp-json\/wp\/v2\/product_cat?post=38968"},{"taxonomy":"product_tag","embeddable":true,"href":"https:\/\/www.domstavpro.com\/index.php\/wp-json\/wp\/v2\/product_tag?post=38968"}],"curies":[{"name":"wp","href":"https:\/\/api.w.org\/{rel}","templated":true}]}}