{"id":38092,"date":"2026-04-27T15:09:24","date_gmt":"2026-04-27T15:09:24","guid":{"rendered":""},"modified":"2026-04-27T15:09:24","modified_gmt":"2026-04-27T15:09:24","slug":"deante-evora-antracitovy-metalicky-granitovy-drez-1-bowl-s-odkapavaci-plochou-vpravo-zqj-t11p-nejlepsi-volba-38092","status":"publish","type":"product","link":"https:\/\/www.domstavpro.com\/index.php\/produkt\/deante-evora-antracitovy-metalicky-granitovy-drez-1-bowl-s-odkapavaci-plochou-vpravo-zqj-t11p-nejlepsi-volba-38092\/","title":{"rendered":"DEANTE &#8211; Evora antracitov\u00fd metalick\u00fd granitov\u00fd d\u0159ez, 1-bowl s odkap\u00e1vac\u00ed plochou &#8211; vpravo ZQJ_T11P Nejlep\u0161\u00ed Volba"},"content":{"rendered":"<div class=\"basic-description\">\n<h3>Detailn\u00ed popis produktu<\/h3>\n<p>                                    \u017dulov\u00fd d\u0159ez Deante je vyroben z nejkvalitn\u011bj\u0161\u00edho p\u0159\u00edrodn\u00edho \u017eulov\u00e9ho kompozitu. Existuje d\u016fvod, pro\u010d m\u00e1 18letou z\u00e1ruku v\u00fdrobce. Je odoln\u00fd v\u016f\u010di n\u00e1raz\u016fm, vysok\u00fdm teplot\u00e1m a n\u00e1hl\u00fdm teplotn\u00edm skok\u016fm v souladu s evropskou normou PN-EN 13310. Estetick\u00fd povrch se nebarv\u00ed ani neztr\u00e1c\u00ed lesk. Perfektn\u011b se hod\u00ed k d\u0159ev\u011bn\u00fdm i kamenn\u00fdm pracovn\u00edm desk\u00e1m. Praktick\u00fd jednod\u0159ez s odkap\u00e1va\u010dem je perfektn\u00edm \u0159e\u0161en\u00edm pro mal\u00e9 kuchyn\u011b a garsonky s kuchy\u0148sk\u00fdm koutem. Funguje tak\u00e9 jako su\u0161i\u010dka, profilovan\u00fd povrch efektivn\u011b odv\u00e1d\u00ed vodu st\u00e9kaj\u00edc\u00ed z n\u00e1dob\u00ed nebo umyt\u00fdch potravin. D\u0159ez nen\u00ed oboustrann\u00fd &#8211; verze s odkap\u00e1va\u010dem vpravo.<\/p>\n<ul>\n<li> Vlastnosti \u017euly Deante: odolnost proti n\u00e1razu, vysok\u00e9 teplot\u011b, zabarven\u00ed, tepeln\u00e9mu \u0161oku<\/li>\n<li> Hydrofobn\u00ed vlastnosti odpuzuj\u00ed molekuly vody<\/li>\n<li> Prostorov\u011b \u00fasporn\u00fd sifon, kter\u00fd mimo jin\u00e9 usnad\u0148uje t\u0159\u00edd\u011bn\u00ed odpadu<\/li>\n<li> \u017dula obohacen\u00e1 o ionty st\u0159\u00edbra dod\u00e1v\u00e1 antiseptick\u00e9 vlastnosti<\/li>\n<li> Armatury s automatick\u00fdm uzav\u0159en\u00edm odtoku<\/li>\n<li> Nab\u00eddka zahrnuje speci\u00e1ln\u00ed prost\u0159edek, kter\u00fd je bezpe\u010dn\u00fd pro \u010di\u0161t\u011bn\u00e9 povrchy.<\/li>\n<\/ul><\/div>\n<div class=\"extended-description\">\n<h3>Dopl\u0148kov\u00e9 parametry<\/h3>\n<table class=\"detail-parameters\">\n<tbody>\n<tr>\n<th>        <span class=\"row-header-label\">            Kategorie<span class=\"row-header-label-colon\">:<\/span>        <\/span>    <\/th>\n<td>            <\/td>\n<\/tr>\n<tr>\n<th>            <span class=\"row-header-label\">                Z\u00e1ruka<span class=\"row-header-label-colon\">:<\/span>            <\/span>        <\/th>\n<td>            2 roky        <\/td>\n<\/tr>\n<tr>\n<th>            <span class=\"row-header-label\">                Hmotnost<span class=\"row-header-label-colon\">:<\/span>            <\/span>        <\/th>\n<td>            15 kg        <\/td>\n<\/tr>\n<tr class=\"productEan\">\n<th>          <span class=\"row-header-label productEan__label\">              EAN<span class=\"row-header-label-colon\">:<\/span>          <\/span>      <\/th>\n<td>          <span class=\"productEan__value\">5907650888376<\/span>      <\/td>\n<\/tr>\n<tr>\n<th>                <span class=\"row-header-label\">                                            Dostupnost<span class=\"row-header-label-colon\">:<\/span>                                    <\/span>            <\/th>\n<td>                                                            Dod\u00e1n\u00ed do 14ti dn\u016f                                                <\/td>\n<\/tr>\n<\/tbody>\n<\/table><\/div>\n<\/p><\/div>\n<\/p><\/div>\n","protected":false},"excerpt":{"rendered":"<p>Detailn\u00ed popis produktu \u017dulov\u00fd d\u0159ez Deante je vyroben z nejkvalitn\u011bj\u0161\u00edho p\u0159\u00edrodn\u00edho \u017eulov\u00e9ho kompozitu. Existuje d\u016fvod, pro\u010d m\u00e1 18letou z\u00e1ruku v\u00fdrobce. Je odoln\u00fd v\u016f\u010di n\u00e1raz\u016fm, vysok\u00fdm teplot\u00e1m a n\u00e1hl\u00fdm teplotn\u00edm skok\u016fm v souladu s evropskou normou PN-EN 13310. Estetick\u00fd povrch se nebarv\u00ed ani neztr\u00e1c\u00ed lesk. Perfektn\u011b se hod\u00ed k d\u0159ev\u011bn\u00fdm i kamenn\u00fdm pracovn\u00edm desk\u00e1m. Praktick\u00fd jednod\u0159ez [&hellip;]<\/p>\n","protected":false},"featured_media":38192,"comment_status":"open","ping_status":"open","template":"","meta":[],"product_brand":[],"product_cat":[80],"product_tag":[],"class_list":{"0":"post-38092","1":"product","2":"type-product","3":"status-publish","4":"has-post-thumbnail","6":"product_cat-kuchynske-drezy","8":"first","9":"instock","10":"sale","11":"shipping-taxable","12":"purchasable","13":"product-type-simple"},"yoast_head":"<!-- This site is optimized with the Yoast SEO plugin v26.8 - https:\/\/yoast.com\/product\/yoast-seo-wordpress\/ -->\n<title>DEANTE - Evora antracitov\u00fd metalick\u00fd granitov\u00fd d\u0159ez, 1-bowl s odkap\u00e1vac\u00ed plochou - vpravo ZQJ_T11P Nejlep\u0161\u00ed Volba -<\/title>\n<meta name=\"robots\" content=\"index, follow, max-snippet:-1, max-image-preview:large, max-video-preview:-1\" \/>\n<link rel=\"canonical\" href=\"https:\/\/www.domstavpro.com\/index.php\/produkt\/deante-evora-antracitovy-metalicky-granitovy-drez-1-bowl-s-odkapavaci-plochou-vpravo-zqj-t11p-nejlepsi-volba-38092\/\" \/>\n<meta property=\"og:locale\" content=\"cs_CZ\" \/>\n<meta property=\"og:type\" content=\"article\" \/>\n<meta property=\"og:title\" content=\"DEANTE - Evora antracitov\u00fd metalick\u00fd granitov\u00fd d\u0159ez, 1-bowl s odkap\u00e1vac\u00ed plochou - vpravo ZQJ_T11P Nejlep\u0161\u00ed Volba -\" \/>\n<meta property=\"og:description\" content=\"Detailn\u00ed popis produktu \u017dulov\u00fd d\u0159ez Deante je vyroben z nejkvalitn\u011bj\u0161\u00edho p\u0159\u00edrodn\u00edho \u017eulov\u00e9ho kompozitu. Existuje d\u016fvod, pro\u010d m\u00e1 18letou z\u00e1ruku v\u00fdrobce. Je odoln\u00fd v\u016f\u010di n\u00e1raz\u016fm, vysok\u00fdm teplot\u00e1m a n\u00e1hl\u00fdm teplotn\u00edm skok\u016fm v souladu s evropskou normou PN-EN 13310. Estetick\u00fd povrch se nebarv\u00ed ani neztr\u00e1c\u00ed lesk. Perfektn\u011b se hod\u00ed k d\u0159ev\u011bn\u00fdm i kamenn\u00fdm pracovn\u00edm desk\u00e1m. Praktick\u00fd jednod\u0159ez [&hellip;]\" \/>\n<meta property=\"og:url\" content=\"https:\/\/www.domstavpro.com\/index.php\/produkt\/deante-evora-antracitovy-metalicky-granitovy-drez-1-bowl-s-odkapavaci-plochou-vpravo-zqj-t11p-nejlepsi-volba-38092\/\" \/>\n<meta property=\"og:image\" content=\"https:\/\/www.domstavpro.com\/wp-content\/uploads\/2026\/SK0032669-CZ20260425-092556-0-1777080363-1960243_deante-evora-antracitovy-metalicky-granitovy-drez--.webp\" \/>\n\t<meta property=\"og:image:width\" content=\"1000\" \/>\n\t<meta property=\"og:image:height\" content=\"750\" \/>\n\t<meta property=\"og:image:type\" content=\"image\/webp\" \/>\n<meta name=\"twitter:card\" content=\"summary_large_image\" \/>\n<meta name=\"twitter:label1\" content=\"Odhadovan\u00e1 doba \u010dten\u00ed\" \/>\n\t<meta name=\"twitter:data1\" content=\"1 minuta\" \/>\n<script type=\"application\/ld+json\" class=\"yoast-schema-graph\">{\"@context\":\"https:\/\/schema.org\",\"@graph\":[{\"@type\":\"WebPage\",\"@id\":\"https:\/\/www.domstavpro.com\/index.php\/produkt\/deante-evora-antracitovy-metalicky-granitovy-drez-1-bowl-s-odkapavaci-plochou-vpravo-zqj-t11p-nejlepsi-volba-38092\/\",\"url\":\"https:\/\/www.domstavpro.com\/index.php\/produkt\/deante-evora-antracitovy-metalicky-granitovy-drez-1-bowl-s-odkapavaci-plochou-vpravo-zqj-t11p-nejlepsi-volba-38092\/\",\"name\":\"DEANTE - Evora antracitov\u00fd metalick\u00fd granitov\u00fd d\u0159ez, 1-bowl s odkap\u00e1vac\u00ed plochou - vpravo ZQJ_T11P Nejlep\u0161\u00ed Volba -\",\"isPartOf\":{\"@id\":\"https:\/\/www.domstavpro.com\/#website\"},\"primaryImageOfPage\":{\"@id\":\"https:\/\/www.domstavpro.com\/index.php\/produkt\/deante-evora-antracitovy-metalicky-granitovy-drez-1-bowl-s-odkapavaci-plochou-vpravo-zqj-t11p-nejlepsi-volba-38092\/#primaryimage\"},\"image\":{\"@id\":\"https:\/\/www.domstavpro.com\/index.php\/produkt\/deante-evora-antracitovy-metalicky-granitovy-drez-1-bowl-s-odkapavaci-plochou-vpravo-zqj-t11p-nejlepsi-volba-38092\/#primaryimage\"},\"thumbnailUrl\":\"https:\/\/www.domstavpro.com\/wp-content\/uploads\/2026\/SK0032669-CZ20260425-092556-0-1777080363-1960243_deante-evora-antracitovy-metalicky-granitovy-drez--.webp\",\"datePublished\":\"2026-04-27T15:09:24+00:00\",\"breadcrumb\":{\"@id\":\"https:\/\/www.domstavpro.com\/index.php\/produkt\/deante-evora-antracitovy-metalicky-granitovy-drez-1-bowl-s-odkapavaci-plochou-vpravo-zqj-t11p-nejlepsi-volba-38092\/#breadcrumb\"},\"inLanguage\":\"cs\",\"potentialAction\":[{\"@type\":\"ReadAction\",\"target\":[\"https:\/\/www.domstavpro.com\/index.php\/produkt\/deante-evora-antracitovy-metalicky-granitovy-drez-1-bowl-s-odkapavaci-plochou-vpravo-zqj-t11p-nejlepsi-volba-38092\/\"]}]},{\"@type\":\"ImageObject\",\"inLanguage\":\"cs\",\"@id\":\"https:\/\/www.domstavpro.com\/index.php\/produkt\/deante-evora-antracitovy-metalicky-granitovy-drez-1-bowl-s-odkapavaci-plochou-vpravo-zqj-t11p-nejlepsi-volba-38092\/#primaryimage\",\"url\":\"https:\/\/www.domstavpro.com\/wp-content\/uploads\/2026\/SK0032669-CZ20260425-092556-0-1777080363-1960243_deante-evora-antracitovy-metalicky-granitovy-drez--.webp\",\"contentUrl\":\"https:\/\/www.domstavpro.com\/wp-content\/uploads\/2026\/SK0032669-CZ20260425-092556-0-1777080363-1960243_deante-evora-antracitovy-metalicky-granitovy-drez--.webp\",\"width\":1000,\"height\":750},{\"@type\":\"BreadcrumbList\",\"@id\":\"https:\/\/www.domstavpro.com\/index.php\/produkt\/deante-evora-antracitovy-metalicky-granitovy-drez-1-bowl-s-odkapavaci-plochou-vpravo-zqj-t11p-nejlepsi-volba-38092\/#breadcrumb\",\"itemListElement\":[{\"@type\":\"ListItem\",\"position\":1,\"name\":\"Home\",\"item\":\"https:\/\/www.domstavpro.com\/\"},{\"@type\":\"ListItem\",\"position\":2,\"name\":\"Products\",\"item\":\"https:\/\/www.domstavpro.com\/index.php\/products\/\"},{\"@type\":\"ListItem\",\"position\":3,\"name\":\"DEANTE &#8211; Evora antracitov\u00fd metalick\u00fd granitov\u00fd d\u0159ez, 1-bowl s odkap\u00e1vac\u00ed plochou &#8211; vpravo ZQJ_T11P Nejlep\u0161\u00ed Volba\"}]},{\"@type\":\"WebSite\",\"@id\":\"https:\/\/www.domstavpro.com\/#website\",\"url\":\"https:\/\/www.domstavpro.com\/\",\"name\":\"\",\"description\":\"\",\"potentialAction\":[{\"@type\":\"SearchAction\",\"target\":{\"@type\":\"EntryPoint\",\"urlTemplate\":\"https:\/\/www.domstavpro.com\/?s={search_term_string}\"},\"query-input\":{\"@type\":\"PropertyValueSpecification\",\"valueRequired\":true,\"valueName\":\"search_term_string\"}}],\"inLanguage\":\"cs\"}]}<\/script>\n<!-- \/ Yoast SEO plugin. -->","yoast_head_json":{"title":"DEANTE - Evora antracitov\u00fd metalick\u00fd granitov\u00fd d\u0159ez, 1-bowl s odkap\u00e1vac\u00ed plochou - vpravo ZQJ_T11P Nejlep\u0161\u00ed Volba -","robots":{"index":"index","follow":"follow","max-snippet":"max-snippet:-1","max-image-preview":"max-image-preview:large","max-video-preview":"max-video-preview:-1"},"canonical":"https:\/\/www.domstavpro.com\/index.php\/produkt\/deante-evora-antracitovy-metalicky-granitovy-drez-1-bowl-s-odkapavaci-plochou-vpravo-zqj-t11p-nejlepsi-volba-38092\/","og_locale":"cs_CZ","og_type":"article","og_title":"DEANTE - Evora antracitov\u00fd metalick\u00fd granitov\u00fd d\u0159ez, 1-bowl s odkap\u00e1vac\u00ed plochou - vpravo ZQJ_T11P Nejlep\u0161\u00ed Volba -","og_description":"Detailn\u00ed popis produktu \u017dulov\u00fd d\u0159ez Deante je vyroben z nejkvalitn\u011bj\u0161\u00edho p\u0159\u00edrodn\u00edho \u017eulov\u00e9ho kompozitu. Existuje d\u016fvod, pro\u010d m\u00e1 18letou z\u00e1ruku v\u00fdrobce. Je odoln\u00fd v\u016f\u010di n\u00e1raz\u016fm, vysok\u00fdm teplot\u00e1m a n\u00e1hl\u00fdm teplotn\u00edm skok\u016fm v souladu s evropskou normou PN-EN 13310. Estetick\u00fd povrch se nebarv\u00ed ani neztr\u00e1c\u00ed lesk. Perfektn\u011b se hod\u00ed k d\u0159ev\u011bn\u00fdm i kamenn\u00fdm pracovn\u00edm desk\u00e1m. Praktick\u00fd jednod\u0159ez [&hellip;]","og_url":"https:\/\/www.domstavpro.com\/index.php\/produkt\/deante-evora-antracitovy-metalicky-granitovy-drez-1-bowl-s-odkapavaci-plochou-vpravo-zqj-t11p-nejlepsi-volba-38092\/","og_image":[{"width":1000,"height":750,"url":"https:\/\/www.domstavpro.com\/wp-content\/uploads\/2026\/SK0032669-CZ20260425-092556-0-1777080363-1960243_deante-evora-antracitovy-metalicky-granitovy-drez--.webp","type":"image\/webp"}],"twitter_card":"summary_large_image","twitter_misc":{"Odhadovan\u00e1 doba \u010dten\u00ed":"1 minuta"},"schema":{"@context":"https:\/\/schema.org","@graph":[{"@type":"WebPage","@id":"https:\/\/www.domstavpro.com\/index.php\/produkt\/deante-evora-antracitovy-metalicky-granitovy-drez-1-bowl-s-odkapavaci-plochou-vpravo-zqj-t11p-nejlepsi-volba-38092\/","url":"https:\/\/www.domstavpro.com\/index.php\/produkt\/deante-evora-antracitovy-metalicky-granitovy-drez-1-bowl-s-odkapavaci-plochou-vpravo-zqj-t11p-nejlepsi-volba-38092\/","name":"DEANTE - Evora antracitov\u00fd metalick\u00fd granitov\u00fd d\u0159ez, 1-bowl s odkap\u00e1vac\u00ed plochou - vpravo ZQJ_T11P Nejlep\u0161\u00ed Volba -","isPartOf":{"@id":"https:\/\/www.domstavpro.com\/#website"},"primaryImageOfPage":{"@id":"https:\/\/www.domstavpro.com\/index.php\/produkt\/deante-evora-antracitovy-metalicky-granitovy-drez-1-bowl-s-odkapavaci-plochou-vpravo-zqj-t11p-nejlepsi-volba-38092\/#primaryimage"},"image":{"@id":"https:\/\/www.domstavpro.com\/index.php\/produkt\/deante-evora-antracitovy-metalicky-granitovy-drez-1-bowl-s-odkapavaci-plochou-vpravo-zqj-t11p-nejlepsi-volba-38092\/#primaryimage"},"thumbnailUrl":"https:\/\/www.domstavpro.com\/wp-content\/uploads\/2026\/SK0032669-CZ20260425-092556-0-1777080363-1960243_deante-evora-antracitovy-metalicky-granitovy-drez--.webp","datePublished":"2026-04-27T15:09:24+00:00","breadcrumb":{"@id":"https:\/\/www.domstavpro.com\/index.php\/produkt\/deante-evora-antracitovy-metalicky-granitovy-drez-1-bowl-s-odkapavaci-plochou-vpravo-zqj-t11p-nejlepsi-volba-38092\/#breadcrumb"},"inLanguage":"cs","potentialAction":[{"@type":"ReadAction","target":["https:\/\/www.domstavpro.com\/index.php\/produkt\/deante-evora-antracitovy-metalicky-granitovy-drez-1-bowl-s-odkapavaci-plochou-vpravo-zqj-t11p-nejlepsi-volba-38092\/"]}]},{"@type":"ImageObject","inLanguage":"cs","@id":"https:\/\/www.domstavpro.com\/index.php\/produkt\/deante-evora-antracitovy-metalicky-granitovy-drez-1-bowl-s-odkapavaci-plochou-vpravo-zqj-t11p-nejlepsi-volba-38092\/#primaryimage","url":"https:\/\/www.domstavpro.com\/wp-content\/uploads\/2026\/SK0032669-CZ20260425-092556-0-1777080363-1960243_deante-evora-antracitovy-metalicky-granitovy-drez--.webp","contentUrl":"https:\/\/www.domstavpro.com\/wp-content\/uploads\/2026\/SK0032669-CZ20260425-092556-0-1777080363-1960243_deante-evora-antracitovy-metalicky-granitovy-drez--.webp","width":1000,"height":750},{"@type":"BreadcrumbList","@id":"https:\/\/www.domstavpro.com\/index.php\/produkt\/deante-evora-antracitovy-metalicky-granitovy-drez-1-bowl-s-odkapavaci-plochou-vpravo-zqj-t11p-nejlepsi-volba-38092\/#breadcrumb","itemListElement":[{"@type":"ListItem","position":1,"name":"Home","item":"https:\/\/www.domstavpro.com\/"},{"@type":"ListItem","position":2,"name":"Products","item":"https:\/\/www.domstavpro.com\/index.php\/products\/"},{"@type":"ListItem","position":3,"name":"DEANTE &#8211; Evora antracitov\u00fd metalick\u00fd granitov\u00fd d\u0159ez, 1-bowl s odkap\u00e1vac\u00ed plochou &#8211; vpravo ZQJ_T11P Nejlep\u0161\u00ed Volba"}]},{"@type":"WebSite","@id":"https:\/\/www.domstavpro.com\/#website","url":"https:\/\/www.domstavpro.com\/","name":"","description":"","potentialAction":[{"@type":"SearchAction","target":{"@type":"EntryPoint","urlTemplate":"https:\/\/www.domstavpro.com\/?s={search_term_string}"},"query-input":{"@type":"PropertyValueSpecification","valueRequired":true,"valueName":"search_term_string"}}],"inLanguage":"cs"}]}},"_links":{"self":[{"href":"https:\/\/www.domstavpro.com\/index.php\/wp-json\/wp\/v2\/product\/38092","targetHints":{"allow":["GET"]}}],"collection":[{"href":"https:\/\/www.domstavpro.com\/index.php\/wp-json\/wp\/v2\/product"}],"about":[{"href":"https:\/\/www.domstavpro.com\/index.php\/wp-json\/wp\/v2\/types\/product"}],"replies":[{"embeddable":true,"href":"https:\/\/www.domstavpro.com\/index.php\/wp-json\/wp\/v2\/comments?post=38092"}],"wp:featuredmedia":[{"embeddable":true,"href":"https:\/\/www.domstavpro.com\/index.php\/wp-json\/wp\/v2\/media\/38192"}],"wp:attachment":[{"href":"https:\/\/www.domstavpro.com\/index.php\/wp-json\/wp\/v2\/media?parent=38092"}],"wp:term":[{"taxonomy":"product_brand","embeddable":true,"href":"https:\/\/www.domstavpro.com\/index.php\/wp-json\/wp\/v2\/product_brand?post=38092"},{"taxonomy":"product_cat","embeddable":true,"href":"https:\/\/www.domstavpro.com\/index.php\/wp-json\/wp\/v2\/product_cat?post=38092"},{"taxonomy":"product_tag","embeddable":true,"href":"https:\/\/www.domstavpro.com\/index.php\/wp-json\/wp\/v2\/product_tag?post=38092"}],"curies":[{"name":"wp","href":"https:\/\/api.w.org\/{rel}","templated":true}]}}