{"id":38091,"date":"2026-04-27T15:09:24","date_gmt":"2026-04-27T15:09:24","guid":{"rendered":""},"modified":"2026-04-27T15:09:24","modified_gmt":"2026-04-27T15:09:24","slug":"sleva-deante-correo-seda-granitove-umyvadlo-na-desku-s-kryci-deskou-cqr-su5m-38091","status":"publish","type":"product","link":"https:\/\/www.domstavpro.com\/index.php\/produkt\/sleva-deante-correo-seda-granitove-umyvadlo-na-desku-s-kryci-deskou-cqr-su5m-38091\/","title":{"rendered":"Sleva DEANTE &#8211; Correo \u0161ed\u00e1 Granitov\u00e9 umyvadlo na desku, s kryc\u00ed deskou CQR_SU5M"},"content":{"rendered":"<div class=\"basic-description\">\n<h3>Detailn\u00ed popis produktu<\/h3>\n<p>                                    Estetick\u00e9 \u017eulov\u00e9 umyvadlo je vyrobeno z prav\u00e9 \u017euly s jedine\u010dn\u00fdmi vlastnostmi, kter\u00e9 ocen\u00ed nejen milovn\u00edci p\u0159\u00edrody. Vyzna\u010duje se odolnost\u00ed proti n\u00e1raz\u016fm, zm\u011bn\u011b barvy, vysok\u00fdm teplot\u00e1m a teplotn\u00edm \u0161ok\u016fm. Speci\u00e1ln\u00ed hydrofobn\u00ed povlak usnad\u0148uje ka\u017edodenn\u00ed \u010di\u0161t\u011bn\u00ed. Umyvadlo na desku lze um\u00edstit p\u0159\u00edmo na desku. Velmi dob\u0159e se hod\u00ed ke stol\u016fm ze d\u0159eva, kamene nebo oceli. Model je vybaven polic\u00ed s mo\u017enost\u00ed instalace baterie a speci\u00e1ln\u011b navr\u017een\u00fdm \u017eulov\u00fdm krytem odtoku, kter\u00fd zlep\u0161\u00ed estetiku produktu.<\/p>\n<ul>\n<li> Hydrofobn\u00ed vlastnosti odpuzuj\u00ed molekuly vody<\/li>\n<li> Vlastnosti \u017euly Deante: odolnost proti n\u00e1razu, vysok\u00e9 teplot\u011b, zm\u011bn\u011b barvy, tepeln\u00e9mu \u0161oku<\/li>\n<li> \u017dula obohacen\u00e1 ionty st\u0159\u00edbra dod\u00e1v\u00e1 antiseptick\u00e9 vlastnosti<\/li>\n<li> Pouze ty nejlep\u0161\u00ed materi\u00e1ly, jejich\u017e kvalitu potvrzuj\u00ed laboratorn\u00ed testy<\/li>\n<li> Nab\u00eddka zahrnuje speci\u00e1ln\u00ed prost\u0159edek, kter\u00fd je bezpe\u010dn\u00fd pro \u010di\u0161t\u011bn\u00e9 povrchy<\/li>\n<\/ul><\/div>\n<div class=\"extended-description\">\n<h3>Dopl\u0148kov\u00e9 parametry<\/h3>\n<table class=\"detail-parameters\">\n<tbody>\n<tr>\n<th>        <span class=\"row-header-label\">            Kategorie<span class=\"row-header-label-colon\">:<\/span>        <\/span>    <\/th>\n<td>            <\/td>\n<\/tr>\n<tr>\n<th>            <span class=\"row-header-label\">                Z\u00e1ruka<span class=\"row-header-label-colon\">:<\/span>            <\/span>        <\/th>\n<td>            2 roky        <\/td>\n<\/tr>\n<tr>\n<th>            <span class=\"row-header-label\">                Hmotnost<span class=\"row-header-label-colon\">:<\/span>            <\/span>        <\/th>\n<td>            8 kg        <\/td>\n<\/tr>\n<tr class=\"productEan\">\n<th>          <span class=\"row-header-label productEan__label\">              EAN<span class=\"row-header-label-colon\">:<\/span>          <\/span>      <\/th>\n<td>          <span class=\"productEan__value\">5907650865223<\/span>      <\/td>\n<\/tr>\n<tr>\n<th>                <span class=\"row-header-label\">                                            Dostupnost<span class=\"row-header-label-colon\">:<\/span>                                    <\/span>            <\/th>\n<td>                                                            Dod\u00e1n\u00ed do 14ti dn\u016f                                                <\/td>\n<\/tr>\n<\/tbody>\n<\/table><\/div>\n<\/p><\/div>\n<\/p><\/div>\n","protected":false},"excerpt":{"rendered":"<p>Detailn\u00ed popis produktu Estetick\u00e9 \u017eulov\u00e9 umyvadlo je vyrobeno z prav\u00e9 \u017euly s jedine\u010dn\u00fdmi vlastnostmi, kter\u00e9 ocen\u00ed nejen milovn\u00edci p\u0159\u00edrody. Vyzna\u010duje se odolnost\u00ed proti n\u00e1raz\u016fm, zm\u011bn\u011b barvy, vysok\u00fdm teplot\u00e1m a teplotn\u00edm \u0161ok\u016fm. Speci\u00e1ln\u00ed hydrofobn\u00ed povlak usnad\u0148uje ka\u017edodenn\u00ed \u010di\u0161t\u011bn\u00ed. Umyvadlo na desku lze um\u00edstit p\u0159\u00edmo na desku. Velmi dob\u0159e se hod\u00ed ke stol\u016fm ze d\u0159eva, kamene nebo [&hellip;]<\/p>\n","protected":false},"featured_media":38191,"comment_status":"open","ping_status":"open","template":"","meta":[],"product_brand":[],"product_cat":[76],"product_tag":[],"class_list":{"0":"post-38091","1":"product","2":"type-product","3":"status-publish","4":"has-post-thumbnail","6":"product_cat-umyvadla","8":"first","9":"instock","10":"sale","11":"shipping-taxable","12":"purchasable","13":"product-type-simple"},"yoast_head":"<!-- This site is optimized with the Yoast SEO plugin v26.8 - https:\/\/yoast.com\/product\/yoast-seo-wordpress\/ -->\n<title>Sleva DEANTE - Correo \u0161ed\u00e1 Granitov\u00e9 umyvadlo na desku, s kryc\u00ed deskou CQR_SU5M -<\/title>\n<meta name=\"robots\" content=\"index, follow, max-snippet:-1, max-image-preview:large, max-video-preview:-1\" \/>\n<link rel=\"canonical\" href=\"https:\/\/www.domstavpro.com\/index.php\/produkt\/sleva-deante-correo-seda-granitove-umyvadlo-na-desku-s-kryci-deskou-cqr-su5m-38091\/\" \/>\n<meta property=\"og:locale\" content=\"cs_CZ\" \/>\n<meta property=\"og:type\" content=\"article\" \/>\n<meta property=\"og:title\" content=\"Sleva DEANTE - Correo \u0161ed\u00e1 Granitov\u00e9 umyvadlo na desku, s kryc\u00ed deskou CQR_SU5M -\" \/>\n<meta property=\"og:description\" content=\"Detailn\u00ed popis produktu Estetick\u00e9 \u017eulov\u00e9 umyvadlo je vyrobeno z prav\u00e9 \u017euly s jedine\u010dn\u00fdmi vlastnostmi, kter\u00e9 ocen\u00ed nejen milovn\u00edci p\u0159\u00edrody. Vyzna\u010duje se odolnost\u00ed proti n\u00e1raz\u016fm, zm\u011bn\u011b barvy, vysok\u00fdm teplot\u00e1m a teplotn\u00edm \u0161ok\u016fm. Speci\u00e1ln\u00ed hydrofobn\u00ed povlak usnad\u0148uje ka\u017edodenn\u00ed \u010di\u0161t\u011bn\u00ed. Umyvadlo na desku lze um\u00edstit p\u0159\u00edmo na desku. Velmi dob\u0159e se hod\u00ed ke stol\u016fm ze d\u0159eva, kamene nebo [&hellip;]\" \/>\n<meta property=\"og:url\" content=\"https:\/\/www.domstavpro.com\/index.php\/produkt\/sleva-deante-correo-seda-granitove-umyvadlo-na-desku-s-kryci-deskou-cqr-su5m-38091\/\" \/>\n<meta property=\"og:image\" content=\"https:\/\/www.domstavpro.com\/wp-content\/uploads\/2026\/SK0032668-CZ20260425-092556-0-1777080363-1960222_deante-correo-seda-granitove-umyvadlo-na-desku--s-k.webp\" \/>\n\t<meta property=\"og:image:width\" content=\"1000\" \/>\n\t<meta property=\"og:image:height\" content=\"750\" \/>\n\t<meta property=\"og:image:type\" content=\"image\/webp\" \/>\n<meta name=\"twitter:card\" content=\"summary_large_image\" \/>\n<meta name=\"twitter:label1\" content=\"Odhadovan\u00e1 doba \u010dten\u00ed\" \/>\n\t<meta name=\"twitter:data1\" content=\"1 minuta\" \/>\n<script type=\"application\/ld+json\" class=\"yoast-schema-graph\">{\"@context\":\"https:\/\/schema.org\",\"@graph\":[{\"@type\":\"WebPage\",\"@id\":\"https:\/\/www.domstavpro.com\/index.php\/produkt\/sleva-deante-correo-seda-granitove-umyvadlo-na-desku-s-kryci-deskou-cqr-su5m-38091\/\",\"url\":\"https:\/\/www.domstavpro.com\/index.php\/produkt\/sleva-deante-correo-seda-granitove-umyvadlo-na-desku-s-kryci-deskou-cqr-su5m-38091\/\",\"name\":\"Sleva DEANTE - Correo \u0161ed\u00e1 Granitov\u00e9 umyvadlo na desku, s kryc\u00ed deskou CQR_SU5M -\",\"isPartOf\":{\"@id\":\"https:\/\/www.domstavpro.com\/#website\"},\"primaryImageOfPage\":{\"@id\":\"https:\/\/www.domstavpro.com\/index.php\/produkt\/sleva-deante-correo-seda-granitove-umyvadlo-na-desku-s-kryci-deskou-cqr-su5m-38091\/#primaryimage\"},\"image\":{\"@id\":\"https:\/\/www.domstavpro.com\/index.php\/produkt\/sleva-deante-correo-seda-granitove-umyvadlo-na-desku-s-kryci-deskou-cqr-su5m-38091\/#primaryimage\"},\"thumbnailUrl\":\"https:\/\/www.domstavpro.com\/wp-content\/uploads\/2026\/SK0032668-CZ20260425-092556-0-1777080363-1960222_deante-correo-seda-granitove-umyvadlo-na-desku--s-k.webp\",\"datePublished\":\"2026-04-27T15:09:24+00:00\",\"breadcrumb\":{\"@id\":\"https:\/\/www.domstavpro.com\/index.php\/produkt\/sleva-deante-correo-seda-granitove-umyvadlo-na-desku-s-kryci-deskou-cqr-su5m-38091\/#breadcrumb\"},\"inLanguage\":\"cs\",\"potentialAction\":[{\"@type\":\"ReadAction\",\"target\":[\"https:\/\/www.domstavpro.com\/index.php\/produkt\/sleva-deante-correo-seda-granitove-umyvadlo-na-desku-s-kryci-deskou-cqr-su5m-38091\/\"]}]},{\"@type\":\"ImageObject\",\"inLanguage\":\"cs\",\"@id\":\"https:\/\/www.domstavpro.com\/index.php\/produkt\/sleva-deante-correo-seda-granitove-umyvadlo-na-desku-s-kryci-deskou-cqr-su5m-38091\/#primaryimage\",\"url\":\"https:\/\/www.domstavpro.com\/wp-content\/uploads\/2026\/SK0032668-CZ20260425-092556-0-1777080363-1960222_deante-correo-seda-granitove-umyvadlo-na-desku--s-k.webp\",\"contentUrl\":\"https:\/\/www.domstavpro.com\/wp-content\/uploads\/2026\/SK0032668-CZ20260425-092556-0-1777080363-1960222_deante-correo-seda-granitove-umyvadlo-na-desku--s-k.webp\",\"width\":1000,\"height\":750},{\"@type\":\"BreadcrumbList\",\"@id\":\"https:\/\/www.domstavpro.com\/index.php\/produkt\/sleva-deante-correo-seda-granitove-umyvadlo-na-desku-s-kryci-deskou-cqr-su5m-38091\/#breadcrumb\",\"itemListElement\":[{\"@type\":\"ListItem\",\"position\":1,\"name\":\"Home\",\"item\":\"https:\/\/www.domstavpro.com\/\"},{\"@type\":\"ListItem\",\"position\":2,\"name\":\"Products\",\"item\":\"https:\/\/www.domstavpro.com\/index.php\/products\/\"},{\"@type\":\"ListItem\",\"position\":3,\"name\":\"Sleva DEANTE &#8211; Correo \u0161ed\u00e1 Granitov\u00e9 umyvadlo na desku, s kryc\u00ed deskou CQR_SU5M\"}]},{\"@type\":\"WebSite\",\"@id\":\"https:\/\/www.domstavpro.com\/#website\",\"url\":\"https:\/\/www.domstavpro.com\/\",\"name\":\"\",\"description\":\"\",\"potentialAction\":[{\"@type\":\"SearchAction\",\"target\":{\"@type\":\"EntryPoint\",\"urlTemplate\":\"https:\/\/www.domstavpro.com\/?s={search_term_string}\"},\"query-input\":{\"@type\":\"PropertyValueSpecification\",\"valueRequired\":true,\"valueName\":\"search_term_string\"}}],\"inLanguage\":\"cs\"}]}<\/script>\n<!-- \/ Yoast SEO plugin. -->","yoast_head_json":{"title":"Sleva DEANTE - Correo \u0161ed\u00e1 Granitov\u00e9 umyvadlo na desku, s kryc\u00ed deskou CQR_SU5M -","robots":{"index":"index","follow":"follow","max-snippet":"max-snippet:-1","max-image-preview":"max-image-preview:large","max-video-preview":"max-video-preview:-1"},"canonical":"https:\/\/www.domstavpro.com\/index.php\/produkt\/sleva-deante-correo-seda-granitove-umyvadlo-na-desku-s-kryci-deskou-cqr-su5m-38091\/","og_locale":"cs_CZ","og_type":"article","og_title":"Sleva DEANTE - Correo \u0161ed\u00e1 Granitov\u00e9 umyvadlo na desku, s kryc\u00ed deskou CQR_SU5M -","og_description":"Detailn\u00ed popis produktu Estetick\u00e9 \u017eulov\u00e9 umyvadlo je vyrobeno z prav\u00e9 \u017euly s jedine\u010dn\u00fdmi vlastnostmi, kter\u00e9 ocen\u00ed nejen milovn\u00edci p\u0159\u00edrody. Vyzna\u010duje se odolnost\u00ed proti n\u00e1raz\u016fm, zm\u011bn\u011b barvy, vysok\u00fdm teplot\u00e1m a teplotn\u00edm \u0161ok\u016fm. Speci\u00e1ln\u00ed hydrofobn\u00ed povlak usnad\u0148uje ka\u017edodenn\u00ed \u010di\u0161t\u011bn\u00ed. Umyvadlo na desku lze um\u00edstit p\u0159\u00edmo na desku. Velmi dob\u0159e se hod\u00ed ke stol\u016fm ze d\u0159eva, kamene nebo [&hellip;]","og_url":"https:\/\/www.domstavpro.com\/index.php\/produkt\/sleva-deante-correo-seda-granitove-umyvadlo-na-desku-s-kryci-deskou-cqr-su5m-38091\/","og_image":[{"width":1000,"height":750,"url":"https:\/\/www.domstavpro.com\/wp-content\/uploads\/2026\/SK0032668-CZ20260425-092556-0-1777080363-1960222_deante-correo-seda-granitove-umyvadlo-na-desku--s-k.webp","type":"image\/webp"}],"twitter_card":"summary_large_image","twitter_misc":{"Odhadovan\u00e1 doba \u010dten\u00ed":"1 minuta"},"schema":{"@context":"https:\/\/schema.org","@graph":[{"@type":"WebPage","@id":"https:\/\/www.domstavpro.com\/index.php\/produkt\/sleva-deante-correo-seda-granitove-umyvadlo-na-desku-s-kryci-deskou-cqr-su5m-38091\/","url":"https:\/\/www.domstavpro.com\/index.php\/produkt\/sleva-deante-correo-seda-granitove-umyvadlo-na-desku-s-kryci-deskou-cqr-su5m-38091\/","name":"Sleva DEANTE - Correo \u0161ed\u00e1 Granitov\u00e9 umyvadlo na desku, s kryc\u00ed deskou CQR_SU5M -","isPartOf":{"@id":"https:\/\/www.domstavpro.com\/#website"},"primaryImageOfPage":{"@id":"https:\/\/www.domstavpro.com\/index.php\/produkt\/sleva-deante-correo-seda-granitove-umyvadlo-na-desku-s-kryci-deskou-cqr-su5m-38091\/#primaryimage"},"image":{"@id":"https:\/\/www.domstavpro.com\/index.php\/produkt\/sleva-deante-correo-seda-granitove-umyvadlo-na-desku-s-kryci-deskou-cqr-su5m-38091\/#primaryimage"},"thumbnailUrl":"https:\/\/www.domstavpro.com\/wp-content\/uploads\/2026\/SK0032668-CZ20260425-092556-0-1777080363-1960222_deante-correo-seda-granitove-umyvadlo-na-desku--s-k.webp","datePublished":"2026-04-27T15:09:24+00:00","breadcrumb":{"@id":"https:\/\/www.domstavpro.com\/index.php\/produkt\/sleva-deante-correo-seda-granitove-umyvadlo-na-desku-s-kryci-deskou-cqr-su5m-38091\/#breadcrumb"},"inLanguage":"cs","potentialAction":[{"@type":"ReadAction","target":["https:\/\/www.domstavpro.com\/index.php\/produkt\/sleva-deante-correo-seda-granitove-umyvadlo-na-desku-s-kryci-deskou-cqr-su5m-38091\/"]}]},{"@type":"ImageObject","inLanguage":"cs","@id":"https:\/\/www.domstavpro.com\/index.php\/produkt\/sleva-deante-correo-seda-granitove-umyvadlo-na-desku-s-kryci-deskou-cqr-su5m-38091\/#primaryimage","url":"https:\/\/www.domstavpro.com\/wp-content\/uploads\/2026\/SK0032668-CZ20260425-092556-0-1777080363-1960222_deante-correo-seda-granitove-umyvadlo-na-desku--s-k.webp","contentUrl":"https:\/\/www.domstavpro.com\/wp-content\/uploads\/2026\/SK0032668-CZ20260425-092556-0-1777080363-1960222_deante-correo-seda-granitove-umyvadlo-na-desku--s-k.webp","width":1000,"height":750},{"@type":"BreadcrumbList","@id":"https:\/\/www.domstavpro.com\/index.php\/produkt\/sleva-deante-correo-seda-granitove-umyvadlo-na-desku-s-kryci-deskou-cqr-su5m-38091\/#breadcrumb","itemListElement":[{"@type":"ListItem","position":1,"name":"Home","item":"https:\/\/www.domstavpro.com\/"},{"@type":"ListItem","position":2,"name":"Products","item":"https:\/\/www.domstavpro.com\/index.php\/products\/"},{"@type":"ListItem","position":3,"name":"Sleva DEANTE &#8211; Correo \u0161ed\u00e1 Granitov\u00e9 umyvadlo na desku, s kryc\u00ed deskou CQR_SU5M"}]},{"@type":"WebSite","@id":"https:\/\/www.domstavpro.com\/#website","url":"https:\/\/www.domstavpro.com\/","name":"","description":"","potentialAction":[{"@type":"SearchAction","target":{"@type":"EntryPoint","urlTemplate":"https:\/\/www.domstavpro.com\/?s={search_term_string}"},"query-input":{"@type":"PropertyValueSpecification","valueRequired":true,"valueName":"search_term_string"}}],"inLanguage":"cs"}]}},"_links":{"self":[{"href":"https:\/\/www.domstavpro.com\/index.php\/wp-json\/wp\/v2\/product\/38091","targetHints":{"allow":["GET"]}}],"collection":[{"href":"https:\/\/www.domstavpro.com\/index.php\/wp-json\/wp\/v2\/product"}],"about":[{"href":"https:\/\/www.domstavpro.com\/index.php\/wp-json\/wp\/v2\/types\/product"}],"replies":[{"embeddable":true,"href":"https:\/\/www.domstavpro.com\/index.php\/wp-json\/wp\/v2\/comments?post=38091"}],"wp:featuredmedia":[{"embeddable":true,"href":"https:\/\/www.domstavpro.com\/index.php\/wp-json\/wp\/v2\/media\/38191"}],"wp:attachment":[{"href":"https:\/\/www.domstavpro.com\/index.php\/wp-json\/wp\/v2\/media?parent=38091"}],"wp:term":[{"taxonomy":"product_brand","embeddable":true,"href":"https:\/\/www.domstavpro.com\/index.php\/wp-json\/wp\/v2\/product_brand?post=38091"},{"taxonomy":"product_cat","embeddable":true,"href":"https:\/\/www.domstavpro.com\/index.php\/wp-json\/wp\/v2\/product_cat?post=38091"},{"taxonomy":"product_tag","embeddable":true,"href":"https:\/\/www.domstavpro.com\/index.php\/wp-json\/wp\/v2\/product_tag?post=38091"}],"curies":[{"name":"wp","href":"https:\/\/api.w.org\/{rel}","templated":true}]}}