{"id":31733,"date":"2026-04-27T15:09:08","date_gmt":"2026-04-27T15:09:08","guid":{"rendered":""},"modified":"2026-04-27T15:09:08","modified_gmt":"2026-04-27T15:09:08","slug":"zlevneny-ukoncena-vyroba-milandos-4-stropni-zapustne-svitidlo-bile-3000-k-45deg-big-white-slv-31733","status":"publish","type":"product","link":"https:\/\/www.domstavpro.com\/index.php\/produkt\/zlevneny-ukoncena-vyroba-milandos-4-stropni-zapustne-svitidlo-bile-3000-k-45deg-big-white-slv-31733\/","title":{"rendered":"Zlevn\u011bn\u00fd UKON\u010cENA V\u00ddROBA MILANDOS 4 stropn\u00ed z\u00e1pustn\u00e9 sv\u00edtidlo b\u00edl\u00e9 3000 K 45\u00b0 &#8211; BIG WHITE (SLV)"},"content":{"rendered":"<h3 class=\"product-h3\">Popis produktu<\/h3>\n<p><p>                    Z\u00e1pustn\u00e9 stropn\u00ed sv\u00edtidlo MILANDOS zaujme sv\u00fdm kompaktn\u00edm designem a inovativn\u00edmi sv\u011bteln\u00fdmi vlastnostmi. Zaz\u00e1\u0159it m\u016f\u017ee p\u0159edev\u0161\u00edm svou v\u011brnou reprodukc\u00ed barev s vysok\u00fdm indexem pod\u00e1n\u00ed barev nad 90. S UGR 23 vytv\u00e1\u0159\u00ed sv\u011btlo bez osln\u011bn\u00ed. Se sv\u00fdm st\u0159\u00eddm\u00fdm designem snadno zapadne \u010dtvercov\u00e9 z\u00e1pustn\u00e9 stropn\u00ed sv\u00edtidlo z hlin\u00edku a polykarbon\u00e1tu (PC) do ka\u017ed\u00e9ho prostoru. Reflektor lze nav\u00edc tak\u00e9 rychle a snadno nainstalovat.  Pro\u017eijte sv\u011btlo se zna\u010dkou SLV, kter\u00e1 je ji\u017e 40 let va\u0161\u00edm spolehliv\u00fdm partnerem pro v\u0161echny druhy vnit\u0159n\u00edch sv\u00edtidel.                <\/p>\n<\/p><\/div>\n<\/p><\/div>\n<p><\/p>\n<div class=\"top-params\">\n<h3 class=\"product-h3 collapse-header \" data-toggle=\"collapse\" data-target=\"#collapseOne\" aria-expanded=\"true\" aria-controls=\"collapseOne\">Parametry<\/h3>\n<div id=\"collapseOne\" class=\"collapse show\" aria-labelledby=\"headingOne\" data-parent=\"#product-info-accordion1\">\n<table class=\"table-striped\">\n<tr>\n<td>                V\u00fd\u0161ka v mm            <\/td>\n<td>                43            <\/td>\n<\/tr>\n<tr>\n<td>                \u00dahel z\u00e1\u0159en\u00ed            <\/td>\n<td>                45\u00b0            <\/td>\n<\/tr>\n<tr>\n<td>                \u017divotnost            <\/td>\n<td>                60000h            <\/td>\n<\/tr>\n<tr>\n<td>                Hmotnost g            <\/td>\n<td>                250            <\/td>\n<\/tr>\n<tr>\n<td>                \u0160\u00ed\u0159ka v mm            <\/td>\n<td>                56            <\/td>\n<\/tr>\n<tr>\n<td>                D\u00e9lka v mm            <\/td>\n<td>                136            <\/td>\n<\/tr>\n<tr>\n<td>                Ochrana IP            <\/td>\n<td>                IP20            <\/td>\n<\/tr>\n<tr>\n<td>                Sv\u011bteln\u00fd tok            <\/td>\n<td>                650lm            <\/td>\n<\/tr>\n<tr>\n<td>                Teplota barvy sv\u011btla            <\/td>\n<td>                3000K            <\/td>\n<\/tr>\n<tr>\n<td>                Patice            <\/td>\n<td>                LED            <\/td>\n<\/tr>\n<tr>\n<td>                Mont\u00e1\u017en\u00ed otvor v mm            <\/td>\n<td>                490&#215;130            <\/td>\n<\/tr>\n<tr>\n<td>                Proudov\u00e9 zat\u00ed\u017een\u00ed            <\/td>\n<td>                700mA            <\/td>\n<\/tr>\n<tr>\n<td>                Z\u00e1pustn\u00e1 hloubka v mm            <\/td>\n<td>                70            <\/td>\n<\/tr>\n<tr>\n<td>                V\u010detn\u011b sv\u011bteln\u00e9ho zdroje            <\/td>\n<td>                ano            <\/td>\n<\/tr>\n<tr>\n<td>                Materi\u00e1l            <\/td>\n<td>                hlin\u00edk            <\/td>\n<\/tr>\n<tr>\n<td>                Barva            <\/td>\n<td>                b\u00edl\u00e1            <\/td>\n<\/tr>\n<tr>\n<td>                Kolekce            <\/td>\n<td>                MILANDOS 4            <\/td>\n<\/tr>\n<tr>\n<td>                V\u00fdrobce            <\/td>\n<td>                SLV &#8211; BIG WHITE            <\/td>\n<\/tr>\n<tr>\n<td>                Energetick\u00e1 \u00fa\u010dinnost            <\/td>\n<td>                E            <\/td>\n<\/tr>\n<tr>\n<td>                U v\u00fdrobce dostupn\u00fdch            <\/td>\n<td>                0                    ks            <\/td>\n<\/tr>\n<tr>\n<td>                Index pod\u00e1n\u00ed barev            <\/td>\n<td>                90            <\/td>\n<\/tr>\n<\/table>\n<\/div><\/div>\n<\/div>\n<div class=\"accordion\" id=\"product-info-accordion2\">\n","protected":false},"excerpt":{"rendered":"<p>Popis produktu Z\u00e1pustn\u00e9 stropn\u00ed sv\u00edtidlo MILANDOS zaujme sv\u00fdm kompaktn\u00edm designem a inovativn\u00edmi sv\u011bteln\u00fdmi vlastnostmi. Zaz\u00e1\u0159it m\u016f\u017ee p\u0159edev\u0161\u00edm svou v\u011brnou reprodukc\u00ed barev s vysok\u00fdm indexem pod\u00e1n\u00ed barev nad 90. S UGR 23 vytv\u00e1\u0159\u00ed sv\u011btlo bez osln\u011bn\u00ed. Se sv\u00fdm st\u0159\u00eddm\u00fdm designem snadno zapadne \u010dtvercov\u00e9 z\u00e1pustn\u00e9 stropn\u00ed sv\u00edtidlo z hlin\u00edku a polykarbon\u00e1tu (PC) do ka\u017ed\u00e9ho prostoru. Reflektor lze [&hellip;]<\/p>\n","protected":false},"featured_media":31833,"comment_status":"open","ping_status":"open","template":"","meta":[],"product_brand":[],"product_cat":[31],"product_tag":[],"class_list":{"0":"post-31733","1":"product","2":"type-product","3":"status-publish","4":"has-post-thumbnail","6":"product_cat-interierova-svitidla","8":"first","9":"instock","10":"sale","11":"shipping-taxable","12":"purchasable","13":"product-type-simple"},"yoast_head":"<!-- This site is optimized with the Yoast SEO plugin v26.8 - https:\/\/yoast.com\/product\/yoast-seo-wordpress\/ -->\n<title>Zlevn\u011bn\u00fd UKON\u010cENA V\u00ddROBA MILANDOS 4 stropn\u00ed z\u00e1pustn\u00e9 sv\u00edtidlo b\u00edl\u00e9 3000 K 45\u00b0 - BIG WHITE (SLV) -<\/title>\n<meta name=\"robots\" content=\"index, follow, max-snippet:-1, max-image-preview:large, max-video-preview:-1\" \/>\n<link rel=\"canonical\" href=\"https:\/\/www.domstavpro.com\/index.php\/produkt\/zlevneny-ukoncena-vyroba-milandos-4-stropni-zapustne-svitidlo-bile-3000-k-45deg-big-white-slv-31733\/\" \/>\n<meta property=\"og:locale\" content=\"cs_CZ\" \/>\n<meta property=\"og:type\" content=\"article\" \/>\n<meta property=\"og:title\" content=\"Zlevn\u011bn\u00fd UKON\u010cENA V\u00ddROBA MILANDOS 4 stropn\u00ed z\u00e1pustn\u00e9 sv\u00edtidlo b\u00edl\u00e9 3000 K 45\u00b0 - BIG WHITE (SLV) -\" \/>\n<meta property=\"og:description\" content=\"Popis produktu Z\u00e1pustn\u00e9 stropn\u00ed sv\u00edtidlo MILANDOS zaujme sv\u00fdm kompaktn\u00edm designem a inovativn\u00edmi sv\u011bteln\u00fdmi vlastnostmi. Zaz\u00e1\u0159it m\u016f\u017ee p\u0159edev\u0161\u00edm svou v\u011brnou reprodukc\u00ed barev s vysok\u00fdm indexem pod\u00e1n\u00ed barev nad 90. S UGR 23 vytv\u00e1\u0159\u00ed sv\u011btlo bez osln\u011bn\u00ed. Se sv\u00fdm st\u0159\u00eddm\u00fdm designem snadno zapadne \u010dtvercov\u00e9 z\u00e1pustn\u00e9 stropn\u00ed sv\u00edtidlo z hlin\u00edku a polykarbon\u00e1tu (PC) do ka\u017ed\u00e9ho prostoru. Reflektor lze [&hellip;]\" \/>\n<meta property=\"og:url\" content=\"https:\/\/www.domstavpro.com\/index.php\/produkt\/zlevneny-ukoncena-vyroba-milandos-4-stropni-zapustne-svitidlo-bile-3000-k-45deg-big-white-slv-31733\/\" \/>\n<meta property=\"og:image\" content=\"https:\/\/www.domstavpro.com\/wp-content\/uploads\/2026\/SK0026753-CZ20260425-091535-0-1777079744-LA-1005410.webp\" \/>\n\t<meta property=\"og:image:width\" content=\"800\" \/>\n\t<meta property=\"og:image:height\" content=\"800\" \/>\n\t<meta property=\"og:image:type\" content=\"image\/webp\" \/>\n<meta name=\"twitter:card\" content=\"summary_large_image\" \/>\n<meta name=\"twitter:label1\" content=\"Odhadovan\u00e1 doba \u010dten\u00ed\" \/>\n\t<meta name=\"twitter:data1\" content=\"1 minuta\" \/>\n<script type=\"application\/ld+json\" class=\"yoast-schema-graph\">{\"@context\":\"https:\/\/schema.org\",\"@graph\":[{\"@type\":\"WebPage\",\"@id\":\"https:\/\/www.domstavpro.com\/index.php\/produkt\/zlevneny-ukoncena-vyroba-milandos-4-stropni-zapustne-svitidlo-bile-3000-k-45deg-big-white-slv-31733\/\",\"url\":\"https:\/\/www.domstavpro.com\/index.php\/produkt\/zlevneny-ukoncena-vyroba-milandos-4-stropni-zapustne-svitidlo-bile-3000-k-45deg-big-white-slv-31733\/\",\"name\":\"Zlevn\u011bn\u00fd UKON\u010cENA V\u00ddROBA MILANDOS 4 stropn\u00ed z\u00e1pustn\u00e9 sv\u00edtidlo b\u00edl\u00e9 3000 K 45\u00b0 - BIG WHITE (SLV) -\",\"isPartOf\":{\"@id\":\"https:\/\/www.domstavpro.com\/#website\"},\"primaryImageOfPage\":{\"@id\":\"https:\/\/www.domstavpro.com\/index.php\/produkt\/zlevneny-ukoncena-vyroba-milandos-4-stropni-zapustne-svitidlo-bile-3000-k-45deg-big-white-slv-31733\/#primaryimage\"},\"image\":{\"@id\":\"https:\/\/www.domstavpro.com\/index.php\/produkt\/zlevneny-ukoncena-vyroba-milandos-4-stropni-zapustne-svitidlo-bile-3000-k-45deg-big-white-slv-31733\/#primaryimage\"},\"thumbnailUrl\":\"https:\/\/www.domstavpro.com\/wp-content\/uploads\/2026\/SK0026753-CZ20260425-091535-0-1777079744-LA-1005410.webp\",\"datePublished\":\"2026-04-27T15:09:08+00:00\",\"breadcrumb\":{\"@id\":\"https:\/\/www.domstavpro.com\/index.php\/produkt\/zlevneny-ukoncena-vyroba-milandos-4-stropni-zapustne-svitidlo-bile-3000-k-45deg-big-white-slv-31733\/#breadcrumb\"},\"inLanguage\":\"cs\",\"potentialAction\":[{\"@type\":\"ReadAction\",\"target\":[\"https:\/\/www.domstavpro.com\/index.php\/produkt\/zlevneny-ukoncena-vyroba-milandos-4-stropni-zapustne-svitidlo-bile-3000-k-45deg-big-white-slv-31733\/\"]}]},{\"@type\":\"ImageObject\",\"inLanguage\":\"cs\",\"@id\":\"https:\/\/www.domstavpro.com\/index.php\/produkt\/zlevneny-ukoncena-vyroba-milandos-4-stropni-zapustne-svitidlo-bile-3000-k-45deg-big-white-slv-31733\/#primaryimage\",\"url\":\"https:\/\/www.domstavpro.com\/wp-content\/uploads\/2026\/SK0026753-CZ20260425-091535-0-1777079744-LA-1005410.webp\",\"contentUrl\":\"https:\/\/www.domstavpro.com\/wp-content\/uploads\/2026\/SK0026753-CZ20260425-091535-0-1777079744-LA-1005410.webp\",\"width\":800,\"height\":800},{\"@type\":\"BreadcrumbList\",\"@id\":\"https:\/\/www.domstavpro.com\/index.php\/produkt\/zlevneny-ukoncena-vyroba-milandos-4-stropni-zapustne-svitidlo-bile-3000-k-45deg-big-white-slv-31733\/#breadcrumb\",\"itemListElement\":[{\"@type\":\"ListItem\",\"position\":1,\"name\":\"Home\",\"item\":\"https:\/\/www.domstavpro.com\/\"},{\"@type\":\"ListItem\",\"position\":2,\"name\":\"Products\",\"item\":\"https:\/\/www.domstavpro.com\/index.php\/products\/\"},{\"@type\":\"ListItem\",\"position\":3,\"name\":\"Zlevn\u011bn\u00fd UKON\u010cENA V\u00ddROBA MILANDOS 4 stropn\u00ed z\u00e1pustn\u00e9 sv\u00edtidlo b\u00edl\u00e9 3000 K 45\u00b0 &#8211; BIG WHITE (SLV)\"}]},{\"@type\":\"WebSite\",\"@id\":\"https:\/\/www.domstavpro.com\/#website\",\"url\":\"https:\/\/www.domstavpro.com\/\",\"name\":\"\",\"description\":\"\",\"potentialAction\":[{\"@type\":\"SearchAction\",\"target\":{\"@type\":\"EntryPoint\",\"urlTemplate\":\"https:\/\/www.domstavpro.com\/?s={search_term_string}\"},\"query-input\":{\"@type\":\"PropertyValueSpecification\",\"valueRequired\":true,\"valueName\":\"search_term_string\"}}],\"inLanguage\":\"cs\"}]}<\/script>\n<!-- \/ Yoast SEO plugin. -->","yoast_head_json":{"title":"Zlevn\u011bn\u00fd UKON\u010cENA V\u00ddROBA MILANDOS 4 stropn\u00ed z\u00e1pustn\u00e9 sv\u00edtidlo b\u00edl\u00e9 3000 K 45\u00b0 - BIG WHITE (SLV) -","robots":{"index":"index","follow":"follow","max-snippet":"max-snippet:-1","max-image-preview":"max-image-preview:large","max-video-preview":"max-video-preview:-1"},"canonical":"https:\/\/www.domstavpro.com\/index.php\/produkt\/zlevneny-ukoncena-vyroba-milandos-4-stropni-zapustne-svitidlo-bile-3000-k-45deg-big-white-slv-31733\/","og_locale":"cs_CZ","og_type":"article","og_title":"Zlevn\u011bn\u00fd UKON\u010cENA V\u00ddROBA MILANDOS 4 stropn\u00ed z\u00e1pustn\u00e9 sv\u00edtidlo b\u00edl\u00e9 3000 K 45\u00b0 - BIG WHITE (SLV) -","og_description":"Popis produktu Z\u00e1pustn\u00e9 stropn\u00ed sv\u00edtidlo MILANDOS zaujme sv\u00fdm kompaktn\u00edm designem a inovativn\u00edmi sv\u011bteln\u00fdmi vlastnostmi. Zaz\u00e1\u0159it m\u016f\u017ee p\u0159edev\u0161\u00edm svou v\u011brnou reprodukc\u00ed barev s vysok\u00fdm indexem pod\u00e1n\u00ed barev nad 90. S UGR 23 vytv\u00e1\u0159\u00ed sv\u011btlo bez osln\u011bn\u00ed. Se sv\u00fdm st\u0159\u00eddm\u00fdm designem snadno zapadne \u010dtvercov\u00e9 z\u00e1pustn\u00e9 stropn\u00ed sv\u00edtidlo z hlin\u00edku a polykarbon\u00e1tu (PC) do ka\u017ed\u00e9ho prostoru. Reflektor lze [&hellip;]","og_url":"https:\/\/www.domstavpro.com\/index.php\/produkt\/zlevneny-ukoncena-vyroba-milandos-4-stropni-zapustne-svitidlo-bile-3000-k-45deg-big-white-slv-31733\/","og_image":[{"width":800,"height":800,"url":"https:\/\/www.domstavpro.com\/wp-content\/uploads\/2026\/SK0026753-CZ20260425-091535-0-1777079744-LA-1005410.webp","type":"image\/webp"}],"twitter_card":"summary_large_image","twitter_misc":{"Odhadovan\u00e1 doba \u010dten\u00ed":"1 minuta"},"schema":{"@context":"https:\/\/schema.org","@graph":[{"@type":"WebPage","@id":"https:\/\/www.domstavpro.com\/index.php\/produkt\/zlevneny-ukoncena-vyroba-milandos-4-stropni-zapustne-svitidlo-bile-3000-k-45deg-big-white-slv-31733\/","url":"https:\/\/www.domstavpro.com\/index.php\/produkt\/zlevneny-ukoncena-vyroba-milandos-4-stropni-zapustne-svitidlo-bile-3000-k-45deg-big-white-slv-31733\/","name":"Zlevn\u011bn\u00fd UKON\u010cENA V\u00ddROBA MILANDOS 4 stropn\u00ed z\u00e1pustn\u00e9 sv\u00edtidlo b\u00edl\u00e9 3000 K 45\u00b0 - BIG WHITE (SLV) -","isPartOf":{"@id":"https:\/\/www.domstavpro.com\/#website"},"primaryImageOfPage":{"@id":"https:\/\/www.domstavpro.com\/index.php\/produkt\/zlevneny-ukoncena-vyroba-milandos-4-stropni-zapustne-svitidlo-bile-3000-k-45deg-big-white-slv-31733\/#primaryimage"},"image":{"@id":"https:\/\/www.domstavpro.com\/index.php\/produkt\/zlevneny-ukoncena-vyroba-milandos-4-stropni-zapustne-svitidlo-bile-3000-k-45deg-big-white-slv-31733\/#primaryimage"},"thumbnailUrl":"https:\/\/www.domstavpro.com\/wp-content\/uploads\/2026\/SK0026753-CZ20260425-091535-0-1777079744-LA-1005410.webp","datePublished":"2026-04-27T15:09:08+00:00","breadcrumb":{"@id":"https:\/\/www.domstavpro.com\/index.php\/produkt\/zlevneny-ukoncena-vyroba-milandos-4-stropni-zapustne-svitidlo-bile-3000-k-45deg-big-white-slv-31733\/#breadcrumb"},"inLanguage":"cs","potentialAction":[{"@type":"ReadAction","target":["https:\/\/www.domstavpro.com\/index.php\/produkt\/zlevneny-ukoncena-vyroba-milandos-4-stropni-zapustne-svitidlo-bile-3000-k-45deg-big-white-slv-31733\/"]}]},{"@type":"ImageObject","inLanguage":"cs","@id":"https:\/\/www.domstavpro.com\/index.php\/produkt\/zlevneny-ukoncena-vyroba-milandos-4-stropni-zapustne-svitidlo-bile-3000-k-45deg-big-white-slv-31733\/#primaryimage","url":"https:\/\/www.domstavpro.com\/wp-content\/uploads\/2026\/SK0026753-CZ20260425-091535-0-1777079744-LA-1005410.webp","contentUrl":"https:\/\/www.domstavpro.com\/wp-content\/uploads\/2026\/SK0026753-CZ20260425-091535-0-1777079744-LA-1005410.webp","width":800,"height":800},{"@type":"BreadcrumbList","@id":"https:\/\/www.domstavpro.com\/index.php\/produkt\/zlevneny-ukoncena-vyroba-milandos-4-stropni-zapustne-svitidlo-bile-3000-k-45deg-big-white-slv-31733\/#breadcrumb","itemListElement":[{"@type":"ListItem","position":1,"name":"Home","item":"https:\/\/www.domstavpro.com\/"},{"@type":"ListItem","position":2,"name":"Products","item":"https:\/\/www.domstavpro.com\/index.php\/products\/"},{"@type":"ListItem","position":3,"name":"Zlevn\u011bn\u00fd UKON\u010cENA V\u00ddROBA MILANDOS 4 stropn\u00ed z\u00e1pustn\u00e9 sv\u00edtidlo b\u00edl\u00e9 3000 K 45\u00b0 &#8211; BIG WHITE (SLV)"}]},{"@type":"WebSite","@id":"https:\/\/www.domstavpro.com\/#website","url":"https:\/\/www.domstavpro.com\/","name":"","description":"","potentialAction":[{"@type":"SearchAction","target":{"@type":"EntryPoint","urlTemplate":"https:\/\/www.domstavpro.com\/?s={search_term_string}"},"query-input":{"@type":"PropertyValueSpecification","valueRequired":true,"valueName":"search_term_string"}}],"inLanguage":"cs"}]}},"_links":{"self":[{"href":"https:\/\/www.domstavpro.com\/index.php\/wp-json\/wp\/v2\/product\/31733","targetHints":{"allow":["GET"]}}],"collection":[{"href":"https:\/\/www.domstavpro.com\/index.php\/wp-json\/wp\/v2\/product"}],"about":[{"href":"https:\/\/www.domstavpro.com\/index.php\/wp-json\/wp\/v2\/types\/product"}],"replies":[{"embeddable":true,"href":"https:\/\/www.domstavpro.com\/index.php\/wp-json\/wp\/v2\/comments?post=31733"}],"wp:featuredmedia":[{"embeddable":true,"href":"https:\/\/www.domstavpro.com\/index.php\/wp-json\/wp\/v2\/media\/31833"}],"wp:attachment":[{"href":"https:\/\/www.domstavpro.com\/index.php\/wp-json\/wp\/v2\/media?parent=31733"}],"wp:term":[{"taxonomy":"product_brand","embeddable":true,"href":"https:\/\/www.domstavpro.com\/index.php\/wp-json\/wp\/v2\/product_brand?post=31733"},{"taxonomy":"product_cat","embeddable":true,"href":"https:\/\/www.domstavpro.com\/index.php\/wp-json\/wp\/v2\/product_cat?post=31733"},{"taxonomy":"product_tag","embeddable":true,"href":"https:\/\/www.domstavpro.com\/index.php\/wp-json\/wp\/v2\/product_tag?post=31733"}],"curies":[{"name":"wp","href":"https:\/\/api.w.org\/{rel}","templated":true}]}}