{"id":30964,"date":"2026-04-27T15:09:06","date_gmt":"2026-04-27T15:09:06","guid":{"rendered":""},"modified":"2026-04-27T15:09:06","modified_gmt":"2026-04-27T15:09:06","slug":"znackovy-aqualine-nerezovy-vestavny-drez-48x18x48cm-30964","status":"publish","type":"product","link":"https:\/\/www.domstavpro.com\/index.php\/produkt\/znackovy-aqualine-nerezovy-vestavny-drez-48x18x48cm-30964\/","title":{"rendered":"Zna\u010dkov\u00fd AQUALINE Nerezov\u00fd vestavn\u00fd d\u0159ez 48x18x48cm"},"content":{"rendered":"<div id=\"e9011419\" class=\"pages\">\n<div>\n<div id=\"PDDescription\" class=\"UserContentView userContent v1a v1 bs-view dcon dc164 PDDescription\" ><dc-con><dc-con><bs-empty><\/bs-empty><\/dc-con><dc-con>        <\/p>\n<div class=\"customDescription\">                    <\/div>\n<p><\/dc-con><dc-con><\/p>\n<ul>\n<li>Tlou\u0161\u0165ka plechu 0,8 mm, kart\u00e1\u010dovan\u00e1 nerezov\u00e1 ocel EN 1.4372   <\/li>\n<li>Sou\u010d\u00e1st\u00ed d\u0159ezu je sifon s piletou v cen\u011b 1 K\u010d<\/li>\n<\/ul>\n<h2 class=\"props-title\">Vlastnosti<\/h2>\n<table>\n<tr>\n<th>Zna\u010dka<\/th>\n<td>AQUALINE<\/td>\n<\/tr>\n<tr>\n<th>Rozm\u011br<\/th>\n<td>48x18x48 cm<\/td>\n<\/tr>\n<tr>\n<th>\u0160\u00ed\u0159ka<\/th>\n<td>480&nbsp;mm<\/td>\n<\/tr>\n<tr>\n<th>V\u00fd\u0161ka<\/th>\n<td>180&nbsp;mm<\/td>\n<\/tr>\n<tr>\n<th>Hloubka<\/th>\n<td>480&nbsp;mm<\/td>\n<\/tr>\n<tr>\n<th>Barva<\/th>\n<td>Nerez<\/td>\n<\/tr>\n<tr>\n<th>Materi\u00e1l<\/th>\n<td>Nerez<\/td>\n<\/tr>\n<tr>\n<th>Instalace<\/th>\n<td>Horn\u00ed mont\u00e1\u017e<\/td>\n<\/tr>\n<tr>\n<th>Otvor pro baterii<\/th>\n<td>1 otvor<\/td>\n<\/tr>\n<tr>\n<th>P\u0159epad<\/th>\n<td>ANO<\/td>\n<\/tr>\n<tr>\n<th>Tvar<\/th>\n<td>\u010ctverec<\/td>\n<\/tr>\n<tr>\n<th>Minim\u00e1ln\u00ed \u0161\u00ed\u0159ka d\u0159ezov\u00e9 sk\u0159\u00ed\u0148ky<\/th>\n<td>600 mm<\/td>\n<\/tr>\n<tr>\n<th>Odkl\u00e1dac\u00ed plocha<\/th>\n<td>Nen\u00ed<\/td>\n<\/tr>\n<tr>\n<th>Balen\u00ed obsahuje<\/th>\n<td>V\u00fdpust, sifon<\/td>\n<\/tr>\n<tr>\n<th>Hmotnost \/ ks<\/th>\n<td>3.1000&nbsp;kg<\/td>\n<\/tr>\n<tr>\n<th>Balen\u00ed<\/th>\n<td>1&nbsp;ks<\/td>\n<\/tr>\n<tr>\n<th>EAN<\/th>\n<td>8590913880599<\/td>\n<\/tr>\n<tr>\n<th>Taric<\/th>\n<td>73241000<\/td>\n<\/tr>\n<tr>\n<th>Z\u00e1ruka<\/th>\n<td>2 roky<\/td>\n<\/tr>\n<\/table>\n<div class=\"product-explanation-item\">\n<h3><strong>Instalace: Horn\u00ed mont\u00e1\u017e<\/strong><\/h3>\n<table border=\"0\" style=\"width: 70%; border-collapse: collapse;\">\n<tbody>\n<tr>\n<td style=\"width: 5%;\"><strong><img decoding=\"async\" src=\"https:\/\/eshop.sapho.cz\/img\/_\/i.000946\/ikonky_drezy_i.jpg\" width=\"70\" height=\"70\" caption=\"false\" \/><\/strong><\/td>\n<td style=\"width: 65%;\">D\u0159ez je usazen na pracovn\u00ed desku a hranou ji p\u0159evy\u0161uje.<\/td>\n<\/tr>\n<\/tbody>\n<\/table>\n<\/div>\n<p><\/dc-con><\/dc-con><\/div>\n<\/p><\/div>\n<div id=\"PDTable3\" class=\"ProductDetailTableView v3a v3 bs-view dcon dc185 PDTable3\" >\n<table>\n<thead><\/thead>\n<tbody>\n<tr class=\"attribute attr_material\">\n<td class=\"caption\">Materi\u00e1l<\/td>\n<td class=\"value\">Nerez<\/td>\n<\/tr>\n<tr class=\"attribute attr_bsshop_maker\">\n<td class=\"caption\">V\u00fdrobce<\/td>\n<td class=\"value\">Aqualine<\/td>\n<\/tr>\n<tr class=\"attribute attr_sirka\">\n<td class=\"caption\">\u0160\u00ed\u0159ka v mm<\/td>\n<td class=\"value\">490<\/td>\n<\/tr>\n<tr class=\"attribute attr_Vyska\">\n<td class=\"caption\">V\u00fd\u0161ka v mm<\/td>\n<td class=\"value\">170<\/td>\n<\/tr>\n<tr class=\"weight\">\n<td class=\"caption\"><span>Hmotnost<\/span><\/td>\n<td class=\"value\"><span>3,10 kg<\/span><\/td>\n<\/tr>\n<\/tbody>\n<\/table>\n<\/div>\n<div id=\"PdProductGpsr\" class=\"ProductGpsrView v1a v1 bs-view dcon dc217 PdProductGpsr\" >\n<div class=\"subject\"><dc-root class=\"dcon dc219\"><span class=\"title\">Zodpov\u011bdn&#253; subjekt:<\/span><dc-con><dc-con><span class=\"company\">UBC s.r.o.<\/span><span class=\"name\">Ubc<\/span><\/dc-con><dc-con><span class=\"street\">M\u011blnick&#225; 87<\/span><span class=\"city\">L&#237;beznice<\/span><span class=\"zip\">250 65<\/span><span class=\"country\">\u010cesko<\/span><\/dc-con><span class=\"email\">info@ubc-group.cz<\/span><span class=\"phone\">283 090 704<\/span><bs-empty><\/bs-empty><a href=\"https:\/\/www.ubc-group.cz\/#kontakt\" class=\"link\" target=\"_blank\">https:\/\/www.ubc-group.cz\/#kontakt<\/a><\/dc-con><bs-empty><\/bs-empty><\/dc-root><\/div>\n<p><bs-empty><\/bs-empty><\/div>\n<\/div>\n<div id=\"e9011420\" class=\"tabs\">\n","protected":false},"excerpt":{"rendered":"<p>Tlou\u0161\u0165ka plechu 0,8 mm, kart\u00e1\u010dovan\u00e1 nerezov\u00e1 ocel EN 1.4372 Sou\u010d\u00e1st\u00ed d\u0159ezu je sifon s piletou v cen\u011b 1 K\u010d Vlastnosti Zna\u010dka AQUALINE Rozm\u011br 48x18x48 cm \u0160\u00ed\u0159ka 480&nbsp;mm V\u00fd\u0161ka 180&nbsp;mm Hloubka 480&nbsp;mm Barva Nerez Materi\u00e1l Nerez Instalace Horn\u00ed mont\u00e1\u017e Otvor pro baterii 1 otvor P\u0159epad ANO Tvar \u010ctverec Minim\u00e1ln\u00ed \u0161\u00ed\u0159ka d\u0159ezov\u00e9 sk\u0159\u00ed\u0148ky 600 mm Odkl\u00e1dac\u00ed plocha [&hellip;]<\/p>\n","protected":false},"featured_media":31064,"comment_status":"open","ping_status":"open","template":"","meta":[],"product_brand":[],"product_cat":[66],"product_tag":[],"class_list":{"0":"post-30964","1":"product","2":"type-product","3":"status-publish","4":"has-post-thumbnail","6":"product_cat-pochutiny-dum-a-zahrada","8":"first","9":"instock","10":"sale","11":"shipping-taxable","12":"purchasable","13":"product-type-simple"},"yoast_head":"<!-- This site is optimized with the Yoast SEO plugin v26.8 - https:\/\/yoast.com\/product\/yoast-seo-wordpress\/ -->\n<title>Zna\u010dkov\u00fd AQUALINE Nerezov\u00fd vestavn\u00fd d\u0159ez 48x18x48cm -<\/title>\n<meta name=\"robots\" content=\"index, follow, max-snippet:-1, max-image-preview:large, max-video-preview:-1\" \/>\n<link rel=\"canonical\" href=\"https:\/\/www.domstavpro.com\/index.php\/produkt\/znackovy-aqualine-nerezovy-vestavny-drez-48x18x48cm-30964\/\" \/>\n<meta property=\"og:locale\" content=\"cs_CZ\" \/>\n<meta property=\"og:type\" content=\"article\" \/>\n<meta property=\"og:title\" content=\"Zna\u010dkov\u00fd AQUALINE Nerezov\u00fd vestavn\u00fd d\u0159ez 48x18x48cm -\" \/>\n<meta property=\"og:description\" content=\"Tlou\u0161\u0165ka plechu 0,8 mm, kart\u00e1\u010dovan\u00e1 nerezov\u00e1 ocel EN 1.4372 Sou\u010d\u00e1st\u00ed d\u0159ezu je sifon s piletou v cen\u011b 1 K\u010d Vlastnosti Zna\u010dka AQUALINE Rozm\u011br 48x18x48 cm \u0160\u00ed\u0159ka 480&nbsp;mm V\u00fd\u0161ka 180&nbsp;mm Hloubka 480&nbsp;mm Barva Nerez Materi\u00e1l Nerez Instalace Horn\u00ed mont\u00e1\u017e Otvor pro baterii 1 otvor P\u0159epad ANO Tvar \u010ctverec Minim\u00e1ln\u00ed \u0161\u00ed\u0159ka d\u0159ezov\u00e9 sk\u0159\u00ed\u0148ky 600 mm Odkl\u00e1dac\u00ed plocha [&hellip;]\" \/>\n<meta property=\"og:url\" content=\"https:\/\/www.domstavpro.com\/index.php\/produkt\/znackovy-aqualine-nerezovy-vestavny-drez-48x18x48cm-30964\/\" \/>\n<meta property=\"og:image\" content=\"https:\/\/www.domstavpro.com\/wp-content\/uploads\/2026\/SK0028980-CZ20260425-093449-0-1777080896-aqualine-nerezovy-vestavny-drez-48x18x48cm.webp\" \/>\n\t<meta property=\"og:image:width\" content=\"1000\" \/>\n\t<meta property=\"og:image:height\" content=\"525\" \/>\n\t<meta property=\"og:image:type\" content=\"image\/webp\" \/>\n<meta name=\"twitter:card\" content=\"summary_large_image\" \/>\n<meta name=\"twitter:label1\" content=\"Odhadovan\u00e1 doba \u010dten\u00ed\" \/>\n\t<meta name=\"twitter:data1\" content=\"1 minuta\" \/>\n<script type=\"application\/ld+json\" class=\"yoast-schema-graph\">{\"@context\":\"https:\/\/schema.org\",\"@graph\":[{\"@type\":\"WebPage\",\"@id\":\"https:\/\/www.domstavpro.com\/index.php\/produkt\/znackovy-aqualine-nerezovy-vestavny-drez-48x18x48cm-30964\/\",\"url\":\"https:\/\/www.domstavpro.com\/index.php\/produkt\/znackovy-aqualine-nerezovy-vestavny-drez-48x18x48cm-30964\/\",\"name\":\"Zna\u010dkov\u00fd AQUALINE Nerezov\u00fd vestavn\u00fd d\u0159ez 48x18x48cm -\",\"isPartOf\":{\"@id\":\"https:\/\/www.domstavpro.com\/#website\"},\"primaryImageOfPage\":{\"@id\":\"https:\/\/www.domstavpro.com\/index.php\/produkt\/znackovy-aqualine-nerezovy-vestavny-drez-48x18x48cm-30964\/#primaryimage\"},\"image\":{\"@id\":\"https:\/\/www.domstavpro.com\/index.php\/produkt\/znackovy-aqualine-nerezovy-vestavny-drez-48x18x48cm-30964\/#primaryimage\"},\"thumbnailUrl\":\"https:\/\/www.domstavpro.com\/wp-content\/uploads\/2026\/SK0028980-CZ20260425-093449-0-1777080896-aqualine-nerezovy-vestavny-drez-48x18x48cm.webp\",\"datePublished\":\"2026-04-27T15:09:06+00:00\",\"breadcrumb\":{\"@id\":\"https:\/\/www.domstavpro.com\/index.php\/produkt\/znackovy-aqualine-nerezovy-vestavny-drez-48x18x48cm-30964\/#breadcrumb\"},\"inLanguage\":\"cs\",\"potentialAction\":[{\"@type\":\"ReadAction\",\"target\":[\"https:\/\/www.domstavpro.com\/index.php\/produkt\/znackovy-aqualine-nerezovy-vestavny-drez-48x18x48cm-30964\/\"]}]},{\"@type\":\"ImageObject\",\"inLanguage\":\"cs\",\"@id\":\"https:\/\/www.domstavpro.com\/index.php\/produkt\/znackovy-aqualine-nerezovy-vestavny-drez-48x18x48cm-30964\/#primaryimage\",\"url\":\"https:\/\/www.domstavpro.com\/wp-content\/uploads\/2026\/SK0028980-CZ20260425-093449-0-1777080896-aqualine-nerezovy-vestavny-drez-48x18x48cm.webp\",\"contentUrl\":\"https:\/\/www.domstavpro.com\/wp-content\/uploads\/2026\/SK0028980-CZ20260425-093449-0-1777080896-aqualine-nerezovy-vestavny-drez-48x18x48cm.webp\",\"width\":1000,\"height\":525},{\"@type\":\"BreadcrumbList\",\"@id\":\"https:\/\/www.domstavpro.com\/index.php\/produkt\/znackovy-aqualine-nerezovy-vestavny-drez-48x18x48cm-30964\/#breadcrumb\",\"itemListElement\":[{\"@type\":\"ListItem\",\"position\":1,\"name\":\"Home\",\"item\":\"https:\/\/www.domstavpro.com\/\"},{\"@type\":\"ListItem\",\"position\":2,\"name\":\"Products\",\"item\":\"https:\/\/www.domstavpro.com\/index.php\/products\/\"},{\"@type\":\"ListItem\",\"position\":3,\"name\":\"Zna\u010dkov\u00fd AQUALINE Nerezov\u00fd vestavn\u00fd d\u0159ez 48x18x48cm\"}]},{\"@type\":\"WebSite\",\"@id\":\"https:\/\/www.domstavpro.com\/#website\",\"url\":\"https:\/\/www.domstavpro.com\/\",\"name\":\"\",\"description\":\"\",\"potentialAction\":[{\"@type\":\"SearchAction\",\"target\":{\"@type\":\"EntryPoint\",\"urlTemplate\":\"https:\/\/www.domstavpro.com\/?s={search_term_string}\"},\"query-input\":{\"@type\":\"PropertyValueSpecification\",\"valueRequired\":true,\"valueName\":\"search_term_string\"}}],\"inLanguage\":\"cs\"}]}<\/script>\n<!-- \/ Yoast SEO plugin. -->","yoast_head_json":{"title":"Zna\u010dkov\u00fd AQUALINE Nerezov\u00fd vestavn\u00fd d\u0159ez 48x18x48cm -","robots":{"index":"index","follow":"follow","max-snippet":"max-snippet:-1","max-image-preview":"max-image-preview:large","max-video-preview":"max-video-preview:-1"},"canonical":"https:\/\/www.domstavpro.com\/index.php\/produkt\/znackovy-aqualine-nerezovy-vestavny-drez-48x18x48cm-30964\/","og_locale":"cs_CZ","og_type":"article","og_title":"Zna\u010dkov\u00fd AQUALINE Nerezov\u00fd vestavn\u00fd d\u0159ez 48x18x48cm -","og_description":"Tlou\u0161\u0165ka plechu 0,8 mm, kart\u00e1\u010dovan\u00e1 nerezov\u00e1 ocel EN 1.4372 Sou\u010d\u00e1st\u00ed d\u0159ezu je sifon s piletou v cen\u011b 1 K\u010d Vlastnosti Zna\u010dka AQUALINE Rozm\u011br 48x18x48 cm \u0160\u00ed\u0159ka 480&nbsp;mm V\u00fd\u0161ka 180&nbsp;mm Hloubka 480&nbsp;mm Barva Nerez Materi\u00e1l Nerez Instalace Horn\u00ed mont\u00e1\u017e Otvor pro baterii 1 otvor P\u0159epad ANO Tvar \u010ctverec Minim\u00e1ln\u00ed \u0161\u00ed\u0159ka d\u0159ezov\u00e9 sk\u0159\u00ed\u0148ky 600 mm Odkl\u00e1dac\u00ed plocha [&hellip;]","og_url":"https:\/\/www.domstavpro.com\/index.php\/produkt\/znackovy-aqualine-nerezovy-vestavny-drez-48x18x48cm-30964\/","og_image":[{"width":1000,"height":525,"url":"https:\/\/www.domstavpro.com\/wp-content\/uploads\/2026\/SK0028980-CZ20260425-093449-0-1777080896-aqualine-nerezovy-vestavny-drez-48x18x48cm.webp","type":"image\/webp"}],"twitter_card":"summary_large_image","twitter_misc":{"Odhadovan\u00e1 doba \u010dten\u00ed":"1 minuta"},"schema":{"@context":"https:\/\/schema.org","@graph":[{"@type":"WebPage","@id":"https:\/\/www.domstavpro.com\/index.php\/produkt\/znackovy-aqualine-nerezovy-vestavny-drez-48x18x48cm-30964\/","url":"https:\/\/www.domstavpro.com\/index.php\/produkt\/znackovy-aqualine-nerezovy-vestavny-drez-48x18x48cm-30964\/","name":"Zna\u010dkov\u00fd AQUALINE Nerezov\u00fd vestavn\u00fd d\u0159ez 48x18x48cm -","isPartOf":{"@id":"https:\/\/www.domstavpro.com\/#website"},"primaryImageOfPage":{"@id":"https:\/\/www.domstavpro.com\/index.php\/produkt\/znackovy-aqualine-nerezovy-vestavny-drez-48x18x48cm-30964\/#primaryimage"},"image":{"@id":"https:\/\/www.domstavpro.com\/index.php\/produkt\/znackovy-aqualine-nerezovy-vestavny-drez-48x18x48cm-30964\/#primaryimage"},"thumbnailUrl":"https:\/\/www.domstavpro.com\/wp-content\/uploads\/2026\/SK0028980-CZ20260425-093449-0-1777080896-aqualine-nerezovy-vestavny-drez-48x18x48cm.webp","datePublished":"2026-04-27T15:09:06+00:00","breadcrumb":{"@id":"https:\/\/www.domstavpro.com\/index.php\/produkt\/znackovy-aqualine-nerezovy-vestavny-drez-48x18x48cm-30964\/#breadcrumb"},"inLanguage":"cs","potentialAction":[{"@type":"ReadAction","target":["https:\/\/www.domstavpro.com\/index.php\/produkt\/znackovy-aqualine-nerezovy-vestavny-drez-48x18x48cm-30964\/"]}]},{"@type":"ImageObject","inLanguage":"cs","@id":"https:\/\/www.domstavpro.com\/index.php\/produkt\/znackovy-aqualine-nerezovy-vestavny-drez-48x18x48cm-30964\/#primaryimage","url":"https:\/\/www.domstavpro.com\/wp-content\/uploads\/2026\/SK0028980-CZ20260425-093449-0-1777080896-aqualine-nerezovy-vestavny-drez-48x18x48cm.webp","contentUrl":"https:\/\/www.domstavpro.com\/wp-content\/uploads\/2026\/SK0028980-CZ20260425-093449-0-1777080896-aqualine-nerezovy-vestavny-drez-48x18x48cm.webp","width":1000,"height":525},{"@type":"BreadcrumbList","@id":"https:\/\/www.domstavpro.com\/index.php\/produkt\/znackovy-aqualine-nerezovy-vestavny-drez-48x18x48cm-30964\/#breadcrumb","itemListElement":[{"@type":"ListItem","position":1,"name":"Home","item":"https:\/\/www.domstavpro.com\/"},{"@type":"ListItem","position":2,"name":"Products","item":"https:\/\/www.domstavpro.com\/index.php\/products\/"},{"@type":"ListItem","position":3,"name":"Zna\u010dkov\u00fd AQUALINE Nerezov\u00fd vestavn\u00fd d\u0159ez 48x18x48cm"}]},{"@type":"WebSite","@id":"https:\/\/www.domstavpro.com\/#website","url":"https:\/\/www.domstavpro.com\/","name":"","description":"","potentialAction":[{"@type":"SearchAction","target":{"@type":"EntryPoint","urlTemplate":"https:\/\/www.domstavpro.com\/?s={search_term_string}"},"query-input":{"@type":"PropertyValueSpecification","valueRequired":true,"valueName":"search_term_string"}}],"inLanguage":"cs"}]}},"_links":{"self":[{"href":"https:\/\/www.domstavpro.com\/index.php\/wp-json\/wp\/v2\/product\/30964","targetHints":{"allow":["GET"]}}],"collection":[{"href":"https:\/\/www.domstavpro.com\/index.php\/wp-json\/wp\/v2\/product"}],"about":[{"href":"https:\/\/www.domstavpro.com\/index.php\/wp-json\/wp\/v2\/types\/product"}],"replies":[{"embeddable":true,"href":"https:\/\/www.domstavpro.com\/index.php\/wp-json\/wp\/v2\/comments?post=30964"}],"wp:featuredmedia":[{"embeddable":true,"href":"https:\/\/www.domstavpro.com\/index.php\/wp-json\/wp\/v2\/media\/31064"}],"wp:attachment":[{"href":"https:\/\/www.domstavpro.com\/index.php\/wp-json\/wp\/v2\/media?parent=30964"}],"wp:term":[{"taxonomy":"product_brand","embeddable":true,"href":"https:\/\/www.domstavpro.com\/index.php\/wp-json\/wp\/v2\/product_brand?post=30964"},{"taxonomy":"product_cat","embeddable":true,"href":"https:\/\/www.domstavpro.com\/index.php\/wp-json\/wp\/v2\/product_cat?post=30964"},{"taxonomy":"product_tag","embeddable":true,"href":"https:\/\/www.domstavpro.com\/index.php\/wp-json\/wp\/v2\/product_tag?post=30964"}],"curies":[{"name":"wp","href":"https:\/\/api.w.org\/{rel}","templated":true}]}}