{"id":30951,"date":"2026-04-27T15:09:06","date_gmt":"2026-04-27T15:09:06","guid":{"rendered":""},"modified":"2026-04-27T15:09:06","modified_gmt":"2026-04-27T15:09:06","slug":"akce-sapho-granitovy-vestavny-drez-s-odkapem-77x44cm-bezova-30951","status":"publish","type":"product","link":"https:\/\/www.domstavpro.com\/index.php\/produkt\/akce-sapho-granitovy-vestavny-drez-s-odkapem-77x44cm-bezova-30951\/","title":{"rendered":"Akce SAPHO Granitov\u00fd vestavn\u00fd d\u0159ez s odkapem, 77x44cm, b\u00e9\u017eov\u00e1"},"content":{"rendered":"<div id=\"e8359756\" class=\"pages\">\n<div>\n<div id=\"PDDescription\" class=\"UserContentView userContent v1a v1 bs-view dcon dc164 PDDescription\" ><dc-con><dc-con><bs-empty><\/bs-empty><\/dc-con><dc-con>        <\/p>\n<div class=\"customDescription\">                    <\/div>\n<p><\/dc-con><dc-con><\/p>\n<p>V\u010detn\u011b s\u00edtkov\u00e9 v\u00fdpusti se sifonem, odpad DN40.<\/p>\n<h2 class=\"props-title\">Vlastnosti<\/h2>\n<table>\n<tr>\n<th>Zna\u010dka<\/th>\n<td>SAPHO<\/td>\n<\/tr>\n<tr>\n<th>3D model<\/th>\n<td>ANO<\/td>\n<\/tr>\n<tr>\n<th>Rozm\u011br<\/th>\n<td>77&#215;17,6&#215;44 cm<\/td>\n<\/tr>\n<tr>\n<th>\u0160\u00ed\u0159ka<\/th>\n<td>770&nbsp;mm<\/td>\n<\/tr>\n<tr>\n<th>V\u00fd\u0161ka<\/th>\n<td>176&nbsp;mm<\/td>\n<\/tr>\n<tr>\n<th>Hloubka<\/th>\n<td>440&nbsp;mm<\/td>\n<\/tr>\n<tr>\n<th>Barva<\/th>\n<td>B\u00e9\u017eov\u00e1<\/td>\n<\/tr>\n<tr>\n<th>Materi\u00e1l<\/th>\n<td>Granit<\/td>\n<\/tr>\n<tr>\n<th>Instalace<\/th>\n<td>Horn\u00ed mont\u00e1\u017e<\/td>\n<\/tr>\n<tr>\n<th>Otvor pro baterii<\/th>\n<td>1 otvor<\/td>\n<\/tr>\n<tr>\n<th>P\u0159epad<\/th>\n<td>ANO<\/td>\n<\/tr>\n<tr>\n<th>Tvar<\/th>\n<td>Obd\u00e9ln\u00edk<\/td>\n<\/tr>\n<tr>\n<th>Minim\u00e1ln\u00ed \u0161\u00ed\u0159ka d\u0159ezov\u00e9 sk\u0159\u00ed\u0148ky<\/th>\n<td>600 mm<\/td>\n<\/tr>\n<tr>\n<th>Odkl\u00e1dac\u00ed plocha<\/th>\n<td>Vlevo\/Vpravo oto\u010den\u00edm d\u0159ezu<\/td>\n<\/tr>\n<tr>\n<th>Balen\u00ed obsahuje<\/th>\n<td>\u0160ablona pro v\u00fd\u0159ez, Sifon s odbo\u010dkou na my\u010dku\/pra\u010dku, V\u00fdpust bez excentrick\u00e9ho ovl\u00e1d\u00e1n\u00ed<\/td>\n<\/tr>\n<tr>\n<th>Hmotnost \/ ks<\/th>\n<td>14.1000&nbsp;kg<\/td>\n<\/tr>\n<tr>\n<th>Balen\u00ed<\/th>\n<td>1&nbsp;ks<\/td>\n<\/tr>\n<tr>\n<th>EAN<\/th>\n<td>8590913906770<\/td>\n<\/tr>\n<tr>\n<th>Taric<\/th>\n<td>68109900<\/td>\n<\/tr>\n<tr>\n<th>Z\u00e1ruka<\/th>\n<td>2 roky<\/td>\n<\/tr>\n<\/table>\n<div class=\"product-explanation-item\">\n<h3>Granit<\/h3>\n<p style=\"text-align: justify;\">Speci\u00e1ln\u00ed slo\u017een\u00ed materi\u00e1lu pou\u017eit\u00e9ho pro v\u00fdrobu (kamenn\u00e1 dr\u0165, nap\u0159. k\u0159emi\u010dit\u00e9ho p\u00edsku &#8211; \u017euly a polymerov\u00e9 prysky\u0159ice) a jeho vysok\u00e1 hustota garantuje bezpe\u010dn\u00e9 pou\u017e\u00edv\u00e1n\u00ed v\u00fdrobku, a proto jsou granitov\u00e9 d\u0159ezy tak obl\u00edben\u00e9. Na granitov\u00e9m d\u0159ezu nejsou vid\u011bt zaschl\u00e9 kapky, je odoln\u00fd v\u016f\u010di skvrn\u00e1m a neztr\u00e1c\u00ed barvu. Povrch je odoln\u00fd proti po\u0161kr\u00e1b\u00e1n\u00ed a odol\u00e1v\u00e1 teplot\u00e1m a\u017e do 180 \u00b0C. P\u0159i jejich \u00fadr\u017eb\u011b se pou\u017e\u00edvaj\u00ed obvykl\u00e9 \u010dist\u00edc\u00ed prost\u0159edky nebo prost\u0159edky na n\u00e1dob\u00ed s jemn\u00fdm abrasivem. V\u00fdhodou je rozmanit\u00e1 barevn\u00e1 nab\u00eddka.<\/p>\n<\/div>\n<div class=\"product-explanation-item\">\n<h3><strong>Instalace: Horn\u00ed mont\u00e1\u017e<\/strong><\/h3>\n<table border=\"0\" style=\"width: 70%; border-collapse: collapse;\">\n<tbody>\n<tr>\n<td style=\"width: 5%;\"><strong><img decoding=\"async\" src=\"https:\/\/eshop.sapho.cz\/img\/_\/i.000946\/ikonky_drezy_i.jpg\" width=\"70\" height=\"70\" caption=\"false\" \/><\/strong><\/td>\n<td style=\"width: 65%;\">D\u0159ez je usazen na pracovn\u00ed desku a hranou ji p\u0159evy\u0161uje.<\/td>\n<\/tr>\n<\/tbody>\n<\/table>\n<\/div>\n<p><\/dc-con><\/dc-con><\/div>\n<\/p><\/div>\n<div id=\"PDTable3\" class=\"ProductDetailTableView v3a v3 bs-view dcon dc185 PDTable3\" >\n<table>\n<thead><\/thead>\n<tbody>\n<tr class=\"attribute attr_bsshop_maker\">\n<td class=\"caption\">V\u00fdrobce<\/td>\n<td class=\"value\">Sapho<\/td>\n<\/tr>\n<tr class=\"attribute attr_sirka\">\n<td class=\"caption\">\u0160\u00ed\u0159ka v mm<\/td>\n<td class=\"value\">580<\/td>\n<\/tr>\n<tr class=\"attribute attr_Vyska\">\n<td class=\"caption\">V\u00fd\u0161ka v mm<\/td>\n<td class=\"value\">250<\/td>\n<\/tr>\n<tr class=\"weight\">\n<td class=\"caption\"><span>Hmotnost<\/span><\/td>\n<td class=\"value\"><span>14,10 kg<\/span><\/td>\n<\/tr>\n<\/tbody>\n<\/table>\n<\/div>\n<div id=\"ProductMedia\" class=\"ProductMediaView MediaViewBase v1a v1 bs-view dcon dc409 ProductMedia\" ><bs-empty><\/bs-empty><\/p>\n<div class=\"files\">\n<div class=\"title sub\">Soubory<\/div>\n<p><a href=\"\/media\/22983\/44498-zarucni-list-drezy.PDF?&amp;key=ZGpmIyQwNUZfMjI5ODM=\" class=\"PDF\">Dokumenty &#8211; Z&#225;ru\u010dn&#237; list_priloha_0<\/a><a href=\"\/media\/22984\/44498-granite-conglomerate.PDF?&amp;key=ZGpmIyQwNUZfMjI5ODQ=\" class=\"PDF\">Dokumenty &#8211; N&#225;vod_priloha_1<\/a><a href=\"\/media\/45412\/44498-gr7202.dxf?&amp;key=ZGpmIyQwNUZfNDU0MTI=\" class=\"dxf\">Dokumenty &#8211; 3D modely_priloha_4<\/a><a href=\"\/media\/45413\/44498-gr7202.3ds?&amp;key=ZGpmIyQwNUZfNDU0MTM=\" class=\"3ds\">Dokumenty &#8211; 3D modely_priloha_2<\/a><a href=\"\/media\/45414\/44498-gr7202.dwg?&amp;key=ZGpmIyQwNUZfNDU0MTQ=\" class=\"dwg\">Dokumenty &#8211; 3D modely_priloha_3<\/a><\/div>\n<p><bs-empty><\/bs-empty><\/div>\n<div id=\"PdProductGpsr\" class=\"ProductGpsrView v1a v1 bs-view dcon dc217 PdProductGpsr\" >\n<div class=\"subject\"><dc-root class=\"dcon dc219\"><span class=\"title\">Zodpov\u011bdn&#253; subjekt:<\/span><dc-con><dc-con><span class=\"company\">UBC s.r.o.<\/span><span class=\"name\">Sapho<\/span><\/dc-con><dc-con><span class=\"street\">M\u011blnick&#225; 87<\/span><span class=\"city\">L&#237;beznice<\/span><span class=\"zip\">250 65<\/span><span class=\"country\">\u010cesko<\/span><\/dc-con><span class=\"email\">info@ubc-group.cz<\/span><span class=\"phone\">283 090 704<\/span><bs-empty><\/bs-empty><a href=\"https:\/\/www.ubc-group.cz\/#kontakt\" class=\"link\" target=\"_blank\">https:\/\/www.ubc-group.cz\/#kontakt<\/a><\/dc-con><bs-empty><\/bs-empty><\/dc-root><\/div>\n<p><bs-empty><\/bs-empty><\/div>\n<\/div>\n<div id=\"e8359757\" class=\"tabs\">\n","protected":false},"excerpt":{"rendered":"<p>V\u010detn\u011b s\u00edtkov\u00e9 v\u00fdpusti se sifonem, odpad DN40. Vlastnosti Zna\u010dka SAPHO 3D model ANO Rozm\u011br 77&#215;17,6&#215;44 cm \u0160\u00ed\u0159ka 770&nbsp;mm V\u00fd\u0161ka 176&nbsp;mm Hloubka 440&nbsp;mm Barva B\u00e9\u017eov\u00e1 Materi\u00e1l Granit Instalace Horn\u00ed mont\u00e1\u017e Otvor pro baterii 1 otvor P\u0159epad ANO Tvar Obd\u00e9ln\u00edk Minim\u00e1ln\u00ed \u0161\u00ed\u0159ka d\u0159ezov\u00e9 sk\u0159\u00ed\u0148ky 600 mm Odkl\u00e1dac\u00ed plocha Vlevo\/Vpravo oto\u010den\u00edm d\u0159ezu Balen\u00ed obsahuje \u0160ablona pro v\u00fd\u0159ez, Sifon [&hellip;]<\/p>\n","protected":false},"featured_media":31051,"comment_status":"open","ping_status":"open","template":"","meta":[],"product_brand":[],"product_cat":[66],"product_tag":[],"class_list":{"0":"post-30951","1":"product","2":"type-product","3":"status-publish","4":"has-post-thumbnail","6":"product_cat-pochutiny-dum-a-zahrada","8":"first","9":"instock","10":"sale","11":"shipping-taxable","12":"purchasable","13":"product-type-simple"},"yoast_head":"<!-- This site is optimized with the Yoast SEO plugin v26.8 - https:\/\/yoast.com\/product\/yoast-seo-wordpress\/ -->\n<title>Akce SAPHO Granitov\u00fd vestavn\u00fd d\u0159ez s odkapem, 77x44cm, b\u00e9\u017eov\u00e1 -<\/title>\n<meta name=\"robots\" content=\"index, follow, max-snippet:-1, max-image-preview:large, max-video-preview:-1\" \/>\n<link rel=\"canonical\" href=\"https:\/\/www.domstavpro.com\/index.php\/produkt\/akce-sapho-granitovy-vestavny-drez-s-odkapem-77x44cm-bezova-30951\/\" \/>\n<meta property=\"og:locale\" content=\"cs_CZ\" \/>\n<meta property=\"og:type\" content=\"article\" \/>\n<meta property=\"og:title\" content=\"Akce SAPHO Granitov\u00fd vestavn\u00fd d\u0159ez s odkapem, 77x44cm, b\u00e9\u017eov\u00e1 -\" \/>\n<meta property=\"og:description\" content=\"V\u010detn\u011b s\u00edtkov\u00e9 v\u00fdpusti se sifonem, odpad DN40. Vlastnosti Zna\u010dka SAPHO 3D model ANO Rozm\u011br 77&#215;17,6&#215;44 cm \u0160\u00ed\u0159ka 770&nbsp;mm V\u00fd\u0161ka 176&nbsp;mm Hloubka 440&nbsp;mm Barva B\u00e9\u017eov\u00e1 Materi\u00e1l Granit Instalace Horn\u00ed mont\u00e1\u017e Otvor pro baterii 1 otvor P\u0159epad ANO Tvar Obd\u00e9ln\u00edk Minim\u00e1ln\u00ed \u0161\u00ed\u0159ka d\u0159ezov\u00e9 sk\u0159\u00ed\u0148ky 600 mm Odkl\u00e1dac\u00ed plocha Vlevo\/Vpravo oto\u010den\u00edm d\u0159ezu Balen\u00ed obsahuje \u0160ablona pro v\u00fd\u0159ez, Sifon [&hellip;]\" \/>\n<meta property=\"og:url\" content=\"https:\/\/www.domstavpro.com\/index.php\/produkt\/akce-sapho-granitovy-vestavny-drez-s-odkapem-77x44cm-bezova-30951\/\" \/>\n<meta property=\"og:image\" content=\"https:\/\/www.domstavpro.com\/wp-content\/uploads\/2026\/SK0028967-CZ20260425-093449-0-1777080896-sapho-granitovy-vestavny-drez-s-odkapem-77x44cm-bezova.webp\" \/>\n\t<meta property=\"og:image:width\" content=\"1000\" \/>\n\t<meta property=\"og:image:height\" content=\"525\" \/>\n\t<meta property=\"og:image:type\" content=\"image\/webp\" \/>\n<meta name=\"twitter:card\" content=\"summary_large_image\" \/>\n<meta name=\"twitter:label1\" content=\"Odhadovan\u00e1 doba \u010dten\u00ed\" \/>\n\t<meta name=\"twitter:data1\" content=\"1 minuta\" \/>\n<script type=\"application\/ld+json\" class=\"yoast-schema-graph\">{\"@context\":\"https:\/\/schema.org\",\"@graph\":[{\"@type\":\"WebPage\",\"@id\":\"https:\/\/www.domstavpro.com\/index.php\/produkt\/akce-sapho-granitovy-vestavny-drez-s-odkapem-77x44cm-bezova-30951\/\",\"url\":\"https:\/\/www.domstavpro.com\/index.php\/produkt\/akce-sapho-granitovy-vestavny-drez-s-odkapem-77x44cm-bezova-30951\/\",\"name\":\"Akce SAPHO Granitov\u00fd vestavn\u00fd d\u0159ez s odkapem, 77x44cm, b\u00e9\u017eov\u00e1 -\",\"isPartOf\":{\"@id\":\"https:\/\/www.domstavpro.com\/#website\"},\"primaryImageOfPage\":{\"@id\":\"https:\/\/www.domstavpro.com\/index.php\/produkt\/akce-sapho-granitovy-vestavny-drez-s-odkapem-77x44cm-bezova-30951\/#primaryimage\"},\"image\":{\"@id\":\"https:\/\/www.domstavpro.com\/index.php\/produkt\/akce-sapho-granitovy-vestavny-drez-s-odkapem-77x44cm-bezova-30951\/#primaryimage\"},\"thumbnailUrl\":\"https:\/\/www.domstavpro.com\/wp-content\/uploads\/2026\/SK0028967-CZ20260425-093449-0-1777080896-sapho-granitovy-vestavny-drez-s-odkapem-77x44cm-bezova.webp\",\"datePublished\":\"2026-04-27T15:09:06+00:00\",\"breadcrumb\":{\"@id\":\"https:\/\/www.domstavpro.com\/index.php\/produkt\/akce-sapho-granitovy-vestavny-drez-s-odkapem-77x44cm-bezova-30951\/#breadcrumb\"},\"inLanguage\":\"cs\",\"potentialAction\":[{\"@type\":\"ReadAction\",\"target\":[\"https:\/\/www.domstavpro.com\/index.php\/produkt\/akce-sapho-granitovy-vestavny-drez-s-odkapem-77x44cm-bezova-30951\/\"]}]},{\"@type\":\"ImageObject\",\"inLanguage\":\"cs\",\"@id\":\"https:\/\/www.domstavpro.com\/index.php\/produkt\/akce-sapho-granitovy-vestavny-drez-s-odkapem-77x44cm-bezova-30951\/#primaryimage\",\"url\":\"https:\/\/www.domstavpro.com\/wp-content\/uploads\/2026\/SK0028967-CZ20260425-093449-0-1777080896-sapho-granitovy-vestavny-drez-s-odkapem-77x44cm-bezova.webp\",\"contentUrl\":\"https:\/\/www.domstavpro.com\/wp-content\/uploads\/2026\/SK0028967-CZ20260425-093449-0-1777080896-sapho-granitovy-vestavny-drez-s-odkapem-77x44cm-bezova.webp\",\"width\":1000,\"height\":525},{\"@type\":\"BreadcrumbList\",\"@id\":\"https:\/\/www.domstavpro.com\/index.php\/produkt\/akce-sapho-granitovy-vestavny-drez-s-odkapem-77x44cm-bezova-30951\/#breadcrumb\",\"itemListElement\":[{\"@type\":\"ListItem\",\"position\":1,\"name\":\"Home\",\"item\":\"https:\/\/www.domstavpro.com\/\"},{\"@type\":\"ListItem\",\"position\":2,\"name\":\"Products\",\"item\":\"https:\/\/www.domstavpro.com\/index.php\/products\/\"},{\"@type\":\"ListItem\",\"position\":3,\"name\":\"Akce SAPHO Granitov\u00fd vestavn\u00fd d\u0159ez s odkapem, 77x44cm, b\u00e9\u017eov\u00e1\"}]},{\"@type\":\"WebSite\",\"@id\":\"https:\/\/www.domstavpro.com\/#website\",\"url\":\"https:\/\/www.domstavpro.com\/\",\"name\":\"\",\"description\":\"\",\"potentialAction\":[{\"@type\":\"SearchAction\",\"target\":{\"@type\":\"EntryPoint\",\"urlTemplate\":\"https:\/\/www.domstavpro.com\/?s={search_term_string}\"},\"query-input\":{\"@type\":\"PropertyValueSpecification\",\"valueRequired\":true,\"valueName\":\"search_term_string\"}}],\"inLanguage\":\"cs\"}]}<\/script>\n<!-- \/ Yoast SEO plugin. -->","yoast_head_json":{"title":"Akce SAPHO Granitov\u00fd vestavn\u00fd d\u0159ez s odkapem, 77x44cm, b\u00e9\u017eov\u00e1 -","robots":{"index":"index","follow":"follow","max-snippet":"max-snippet:-1","max-image-preview":"max-image-preview:large","max-video-preview":"max-video-preview:-1"},"canonical":"https:\/\/www.domstavpro.com\/index.php\/produkt\/akce-sapho-granitovy-vestavny-drez-s-odkapem-77x44cm-bezova-30951\/","og_locale":"cs_CZ","og_type":"article","og_title":"Akce SAPHO Granitov\u00fd vestavn\u00fd d\u0159ez s odkapem, 77x44cm, b\u00e9\u017eov\u00e1 -","og_description":"V\u010detn\u011b s\u00edtkov\u00e9 v\u00fdpusti se sifonem, odpad DN40. Vlastnosti Zna\u010dka SAPHO 3D model ANO Rozm\u011br 77&#215;17,6&#215;44 cm \u0160\u00ed\u0159ka 770&nbsp;mm V\u00fd\u0161ka 176&nbsp;mm Hloubka 440&nbsp;mm Barva B\u00e9\u017eov\u00e1 Materi\u00e1l Granit Instalace Horn\u00ed mont\u00e1\u017e Otvor pro baterii 1 otvor P\u0159epad ANO Tvar Obd\u00e9ln\u00edk Minim\u00e1ln\u00ed \u0161\u00ed\u0159ka d\u0159ezov\u00e9 sk\u0159\u00ed\u0148ky 600 mm Odkl\u00e1dac\u00ed plocha Vlevo\/Vpravo oto\u010den\u00edm d\u0159ezu Balen\u00ed obsahuje \u0160ablona pro v\u00fd\u0159ez, Sifon [&hellip;]","og_url":"https:\/\/www.domstavpro.com\/index.php\/produkt\/akce-sapho-granitovy-vestavny-drez-s-odkapem-77x44cm-bezova-30951\/","og_image":[{"width":1000,"height":525,"url":"https:\/\/www.domstavpro.com\/wp-content\/uploads\/2026\/SK0028967-CZ20260425-093449-0-1777080896-sapho-granitovy-vestavny-drez-s-odkapem-77x44cm-bezova.webp","type":"image\/webp"}],"twitter_card":"summary_large_image","twitter_misc":{"Odhadovan\u00e1 doba \u010dten\u00ed":"1 minuta"},"schema":{"@context":"https:\/\/schema.org","@graph":[{"@type":"WebPage","@id":"https:\/\/www.domstavpro.com\/index.php\/produkt\/akce-sapho-granitovy-vestavny-drez-s-odkapem-77x44cm-bezova-30951\/","url":"https:\/\/www.domstavpro.com\/index.php\/produkt\/akce-sapho-granitovy-vestavny-drez-s-odkapem-77x44cm-bezova-30951\/","name":"Akce SAPHO Granitov\u00fd vestavn\u00fd d\u0159ez s odkapem, 77x44cm, b\u00e9\u017eov\u00e1 -","isPartOf":{"@id":"https:\/\/www.domstavpro.com\/#website"},"primaryImageOfPage":{"@id":"https:\/\/www.domstavpro.com\/index.php\/produkt\/akce-sapho-granitovy-vestavny-drez-s-odkapem-77x44cm-bezova-30951\/#primaryimage"},"image":{"@id":"https:\/\/www.domstavpro.com\/index.php\/produkt\/akce-sapho-granitovy-vestavny-drez-s-odkapem-77x44cm-bezova-30951\/#primaryimage"},"thumbnailUrl":"https:\/\/www.domstavpro.com\/wp-content\/uploads\/2026\/SK0028967-CZ20260425-093449-0-1777080896-sapho-granitovy-vestavny-drez-s-odkapem-77x44cm-bezova.webp","datePublished":"2026-04-27T15:09:06+00:00","breadcrumb":{"@id":"https:\/\/www.domstavpro.com\/index.php\/produkt\/akce-sapho-granitovy-vestavny-drez-s-odkapem-77x44cm-bezova-30951\/#breadcrumb"},"inLanguage":"cs","potentialAction":[{"@type":"ReadAction","target":["https:\/\/www.domstavpro.com\/index.php\/produkt\/akce-sapho-granitovy-vestavny-drez-s-odkapem-77x44cm-bezova-30951\/"]}]},{"@type":"ImageObject","inLanguage":"cs","@id":"https:\/\/www.domstavpro.com\/index.php\/produkt\/akce-sapho-granitovy-vestavny-drez-s-odkapem-77x44cm-bezova-30951\/#primaryimage","url":"https:\/\/www.domstavpro.com\/wp-content\/uploads\/2026\/SK0028967-CZ20260425-093449-0-1777080896-sapho-granitovy-vestavny-drez-s-odkapem-77x44cm-bezova.webp","contentUrl":"https:\/\/www.domstavpro.com\/wp-content\/uploads\/2026\/SK0028967-CZ20260425-093449-0-1777080896-sapho-granitovy-vestavny-drez-s-odkapem-77x44cm-bezova.webp","width":1000,"height":525},{"@type":"BreadcrumbList","@id":"https:\/\/www.domstavpro.com\/index.php\/produkt\/akce-sapho-granitovy-vestavny-drez-s-odkapem-77x44cm-bezova-30951\/#breadcrumb","itemListElement":[{"@type":"ListItem","position":1,"name":"Home","item":"https:\/\/www.domstavpro.com\/"},{"@type":"ListItem","position":2,"name":"Products","item":"https:\/\/www.domstavpro.com\/index.php\/products\/"},{"@type":"ListItem","position":3,"name":"Akce SAPHO Granitov\u00fd vestavn\u00fd d\u0159ez s odkapem, 77x44cm, b\u00e9\u017eov\u00e1"}]},{"@type":"WebSite","@id":"https:\/\/www.domstavpro.com\/#website","url":"https:\/\/www.domstavpro.com\/","name":"","description":"","potentialAction":[{"@type":"SearchAction","target":{"@type":"EntryPoint","urlTemplate":"https:\/\/www.domstavpro.com\/?s={search_term_string}"},"query-input":{"@type":"PropertyValueSpecification","valueRequired":true,"valueName":"search_term_string"}}],"inLanguage":"cs"}]}},"_links":{"self":[{"href":"https:\/\/www.domstavpro.com\/index.php\/wp-json\/wp\/v2\/product\/30951","targetHints":{"allow":["GET"]}}],"collection":[{"href":"https:\/\/www.domstavpro.com\/index.php\/wp-json\/wp\/v2\/product"}],"about":[{"href":"https:\/\/www.domstavpro.com\/index.php\/wp-json\/wp\/v2\/types\/product"}],"replies":[{"embeddable":true,"href":"https:\/\/www.domstavpro.com\/index.php\/wp-json\/wp\/v2\/comments?post=30951"}],"wp:featuredmedia":[{"embeddable":true,"href":"https:\/\/www.domstavpro.com\/index.php\/wp-json\/wp\/v2\/media\/31051"}],"wp:attachment":[{"href":"https:\/\/www.domstavpro.com\/index.php\/wp-json\/wp\/v2\/media?parent=30951"}],"wp:term":[{"taxonomy":"product_brand","embeddable":true,"href":"https:\/\/www.domstavpro.com\/index.php\/wp-json\/wp\/v2\/product_brand?post=30951"},{"taxonomy":"product_cat","embeddable":true,"href":"https:\/\/www.domstavpro.com\/index.php\/wp-json\/wp\/v2\/product_cat?post=30951"},{"taxonomy":"product_tag","embeddable":true,"href":"https:\/\/www.domstavpro.com\/index.php\/wp-json\/wp\/v2\/product_tag?post=30951"}],"curies":[{"name":"wp","href":"https:\/\/api.w.org\/{rel}","templated":true}]}}