{"id":30926,"date":"2026-04-27T15:09:06","date_gmt":"2026-04-27T15:09:06","guid":{"rendered":""},"modified":"2026-04-27T15:09:06","modified_gmt":"2026-04-27T15:09:06","slug":"akce-kerasan-aquatech-urinal-se-zakrytym-privodem-vody-21x53-5-cm-vcetne-sifonu-bila-30926","status":"publish","type":"product","link":"https:\/\/www.domstavpro.com\/index.php\/produkt\/akce-kerasan-aquatech-urinal-se-zakrytym-privodem-vody-21x53-5-cm-vcetne-sifonu-bila-30926\/","title":{"rendered":"Akce KERASAN AQUATECH urin\u00e1l se zakryt\u00fdm p\u0159\u00edvodem vody 21&#215;53,5 cm, v\u010detn\u011b sifonu, b\u00edl\u00e1"},"content":{"rendered":"<div id=\"e8346877\" class=\"pages\">\n<div>\n<div id=\"PDDescription\" class=\"UserContentView userContent v1a v1 bs-view dcon dc164 PDDescription\" ><dc-con><dc-con><bs-empty><\/bs-empty><\/dc-con><dc-con>        <\/p>\n<div class=\"customDescription\">                    <\/div>\n<p><\/dc-con><dc-con><\/p>\n<div>\n<p><strong>Parametry:<\/strong><\/p>\n<ul>\n<li>Skryt\u00e9 uchycen\u00ed   <\/li>\n<li>P\u0159\u00edvod vody: 1&#8243;   <\/li>\n<li>Odpad: 50 mm   <\/li>\n<li>V\u010detn\u011b upev\u0148ovac\u00ed sady, sifonu a napou\u0161t\u011bc\u00ed chromov\u00e9 armatury<\/li>\n<\/ul>\n<p dir=\"ltr\"><strong>Mo\u017enost splachov\u00e1n\u00ed:<\/strong><\/p>\n<ul dir=\"ltr\">\n<li>\n<div>Podom\u00edtkov\u00fd automatick\u00fd splachova\u010d PS002 nebo   PS006<\/div>\n<\/li>\n<li>Podom\u00edtkov\u00fd mechanick\u00fd tla\u010dn\u00fd ventil QK11051   <\/li>\n<li>P\u0159i instalaci s automatick\u00fdm splachova\u010dem PS002 je nutn\u00e9 instalovat i   nap\u00e1jec\u00ed zdroj (PS05T nebo PS10T).<\/li>\n<\/ul>\n<\/div>\n<h2 class=\"props-title\">Vlastnosti<\/h2>\n<table>\n<tr>\n<th>Zna\u010dka<\/th>\n<td>KERASAN<\/td>\n<\/tr>\n<tr>\n<th>Rozm\u011br<\/th>\n<td>21&#215;53,5&#215;30 cm<\/td>\n<\/tr>\n<tr>\n<th>\u0160\u00ed\u0159ka<\/th>\n<td>210&nbsp;mm<\/td>\n<\/tr>\n<tr>\n<th>V\u00fd\u0161ka<\/th>\n<td>535&nbsp;mm<\/td>\n<\/tr>\n<tr>\n<th>Hloubka<\/th>\n<td>300&nbsp;mm<\/td>\n<\/tr>\n<tr>\n<th>Barva<\/th>\n<td>B\u00edl\u00e1<\/td>\n<\/tr>\n<tr>\n<th>Materi\u00e1l<\/th>\n<td>Keramika<\/td>\n<\/tr>\n<tr>\n<th>Tvar<\/th>\n<td>Obl\u00e9<\/td>\n<\/tr>\n<tr>\n<th>P\u0159\u00edvod vody<\/th>\n<td>Zakryt\u00fd<\/td>\n<\/tr>\n<tr>\n<th>Balen\u00ed obsahuje<\/th>\n<td>Mont\u00e1\u017en\u00ed sada, Sifon<\/td>\n<\/tr>\n<tr>\n<th>Hmotnost \/ ks<\/th>\n<td>10.3000&nbsp;kg<\/td>\n<\/tr>\n<tr>\n<th>Balen\u00ed<\/th>\n<td>1&nbsp;ks<\/td>\n<\/tr>\n<tr>\n<th>EAN<\/th>\n<td>8034125976331<\/td>\n<\/tr>\n<tr>\n<th>Taric<\/th>\n<td>69109000<\/td>\n<\/tr>\n<tr>\n<th>Z\u00e1ruka<\/th>\n<td>2 roky<\/td>\n<\/tr>\n<\/table>\n<p><\/dc-con><\/dc-con><\/div>\n<\/p><\/div>\n<div id=\"PDTable3\" class=\"ProductDetailTableView v3a v3 bs-view dcon dc185 PDTable3\" >\n<table>\n<thead><\/thead>\n<tbody>\n<tr class=\"attribute attr_Vyska\">\n<td class=\"caption\">V\u00fd\u0161ka v mm<\/td>\n<td class=\"value\">320<\/td>\n<\/tr>\n<tr class=\"attribute attr_sirka\">\n<td class=\"caption\">\u0160\u00ed\u0159ka v mm<\/td>\n<td class=\"value\">230<\/td>\n<\/tr>\n<tr class=\"attribute attr_bsshop_maker\">\n<td class=\"caption\">V\u00fdrobce<\/td>\n<td class=\"value\">Kerasan<\/td>\n<\/tr>\n<tr class=\"weight\">\n<td class=\"caption\"><span>Hmotnost<\/span><\/td>\n<td class=\"value\"><span>10,30 kg<\/span><\/td>\n<\/tr>\n<\/tbody>\n<\/table>\n<\/div>\n<\/div>\n<div id=\"e8346878\" class=\"tabs\">\n","protected":false},"excerpt":{"rendered":"<p>Parametry: Skryt\u00e9 uchycen\u00ed P\u0159\u00edvod vody: 1&#8243; Odpad: 50 mm V\u010detn\u011b upev\u0148ovac\u00ed sady, sifonu a napou\u0161t\u011bc\u00ed chromov\u00e9 armatury Mo\u017enost splachov\u00e1n\u00ed: Podom\u00edtkov\u00fd automatick\u00fd splachova\u010d PS002 nebo PS006 Podom\u00edtkov\u00fd mechanick\u00fd tla\u010dn\u00fd ventil QK11051 P\u0159i instalaci s automatick\u00fdm splachova\u010dem PS002 je nutn\u00e9 instalovat i nap\u00e1jec\u00ed zdroj (PS05T nebo PS10T). Vlastnosti Zna\u010dka KERASAN Rozm\u011br 21&#215;53,5&#215;30 cm \u0160\u00ed\u0159ka 210&nbsp;mm V\u00fd\u0161ka 535&nbsp;mm [&hellip;]<\/p>\n","protected":false},"featured_media":31026,"comment_status":"open","ping_status":"open","template":"","meta":[],"product_brand":[],"product_cat":[61],"product_tag":[],"class_list":{"0":"post-30926","1":"product","2":"type-product","3":"status-publish","4":"has-post-thumbnail","6":"product_cat-vybaven-237-koupelny","8":"first","9":"instock","10":"sale","11":"shipping-taxable","12":"purchasable","13":"product-type-simple"},"yoast_head":"<!-- This site is optimized with the Yoast SEO plugin v26.8 - https:\/\/yoast.com\/product\/yoast-seo-wordpress\/ -->\n<title>Akce KERASAN AQUATECH urin\u00e1l se zakryt\u00fdm p\u0159\u00edvodem vody 21x53,5 cm, v\u010detn\u011b sifonu, b\u00edl\u00e1 -<\/title>\n<meta name=\"robots\" content=\"index, follow, max-snippet:-1, max-image-preview:large, max-video-preview:-1\" \/>\n<link rel=\"canonical\" href=\"https:\/\/www.domstavpro.com\/index.php\/produkt\/akce-kerasan-aquatech-urinal-se-zakrytym-privodem-vody-21x53-5-cm-vcetne-sifonu-bila-30926\/\" \/>\n<meta property=\"og:locale\" content=\"cs_CZ\" \/>\n<meta property=\"og:type\" content=\"article\" \/>\n<meta property=\"og:title\" content=\"Akce KERASAN AQUATECH urin\u00e1l se zakryt\u00fdm p\u0159\u00edvodem vody 21x53,5 cm, v\u010detn\u011b sifonu, b\u00edl\u00e1 -\" \/>\n<meta property=\"og:description\" content=\"Parametry: Skryt\u00e9 uchycen\u00ed P\u0159\u00edvod vody: 1&#8243; Odpad: 50 mm V\u010detn\u011b upev\u0148ovac\u00ed sady, sifonu a napou\u0161t\u011bc\u00ed chromov\u00e9 armatury Mo\u017enost splachov\u00e1n\u00ed: Podom\u00edtkov\u00fd automatick\u00fd splachova\u010d PS002 nebo PS006 Podom\u00edtkov\u00fd mechanick\u00fd tla\u010dn\u00fd ventil QK11051 P\u0159i instalaci s automatick\u00fdm splachova\u010dem PS002 je nutn\u00e9 instalovat i nap\u00e1jec\u00ed zdroj (PS05T nebo PS10T). Vlastnosti Zna\u010dka KERASAN Rozm\u011br 21&#215;53,5&#215;30 cm \u0160\u00ed\u0159ka 210&nbsp;mm V\u00fd\u0161ka 535&nbsp;mm [&hellip;]\" \/>\n<meta property=\"og:url\" content=\"https:\/\/www.domstavpro.com\/index.php\/produkt\/akce-kerasan-aquatech-urinal-se-zakrytym-privodem-vody-21x53-5-cm-vcetne-sifonu-bila-30926\/\" \/>\n<meta property=\"og:image\" content=\"https:\/\/www.domstavpro.com\/wp-content\/uploads\/2026\/SK0028941-CZ20260425-093449-0-1777080896-kerasan-aquatech-urinal-se-zakrytym-privodem-vody-21x53-5-c.webp\" \/>\n\t<meta property=\"og:image:width\" content=\"1000\" \/>\n\t<meta property=\"og:image:height\" content=\"525\" \/>\n\t<meta property=\"og:image:type\" content=\"image\/webp\" \/>\n<meta name=\"twitter:card\" content=\"summary_large_image\" \/>\n<meta name=\"twitter:label1\" content=\"Odhadovan\u00e1 doba \u010dten\u00ed\" \/>\n\t<meta name=\"twitter:data1\" content=\"1 minuta\" \/>\n<script type=\"application\/ld+json\" class=\"yoast-schema-graph\">{\"@context\":\"https:\/\/schema.org\",\"@graph\":[{\"@type\":\"WebPage\",\"@id\":\"https:\/\/www.domstavpro.com\/index.php\/produkt\/akce-kerasan-aquatech-urinal-se-zakrytym-privodem-vody-21x53-5-cm-vcetne-sifonu-bila-30926\/\",\"url\":\"https:\/\/www.domstavpro.com\/index.php\/produkt\/akce-kerasan-aquatech-urinal-se-zakrytym-privodem-vody-21x53-5-cm-vcetne-sifonu-bila-30926\/\",\"name\":\"Akce KERASAN AQUATECH urin\u00e1l se zakryt\u00fdm p\u0159\u00edvodem vody 21x53,5 cm, v\u010detn\u011b sifonu, b\u00edl\u00e1 -\",\"isPartOf\":{\"@id\":\"https:\/\/www.domstavpro.com\/#website\"},\"primaryImageOfPage\":{\"@id\":\"https:\/\/www.domstavpro.com\/index.php\/produkt\/akce-kerasan-aquatech-urinal-se-zakrytym-privodem-vody-21x53-5-cm-vcetne-sifonu-bila-30926\/#primaryimage\"},\"image\":{\"@id\":\"https:\/\/www.domstavpro.com\/index.php\/produkt\/akce-kerasan-aquatech-urinal-se-zakrytym-privodem-vody-21x53-5-cm-vcetne-sifonu-bila-30926\/#primaryimage\"},\"thumbnailUrl\":\"https:\/\/www.domstavpro.com\/wp-content\/uploads\/2026\/SK0028941-CZ20260425-093449-0-1777080896-kerasan-aquatech-urinal-se-zakrytym-privodem-vody-21x53-5-c.webp\",\"datePublished\":\"2026-04-27T15:09:06+00:00\",\"breadcrumb\":{\"@id\":\"https:\/\/www.domstavpro.com\/index.php\/produkt\/akce-kerasan-aquatech-urinal-se-zakrytym-privodem-vody-21x53-5-cm-vcetne-sifonu-bila-30926\/#breadcrumb\"},\"inLanguage\":\"cs\",\"potentialAction\":[{\"@type\":\"ReadAction\",\"target\":[\"https:\/\/www.domstavpro.com\/index.php\/produkt\/akce-kerasan-aquatech-urinal-se-zakrytym-privodem-vody-21x53-5-cm-vcetne-sifonu-bila-30926\/\"]}]},{\"@type\":\"ImageObject\",\"inLanguage\":\"cs\",\"@id\":\"https:\/\/www.domstavpro.com\/index.php\/produkt\/akce-kerasan-aquatech-urinal-se-zakrytym-privodem-vody-21x53-5-cm-vcetne-sifonu-bila-30926\/#primaryimage\",\"url\":\"https:\/\/www.domstavpro.com\/wp-content\/uploads\/2026\/SK0028941-CZ20260425-093449-0-1777080896-kerasan-aquatech-urinal-se-zakrytym-privodem-vody-21x53-5-c.webp\",\"contentUrl\":\"https:\/\/www.domstavpro.com\/wp-content\/uploads\/2026\/SK0028941-CZ20260425-093449-0-1777080896-kerasan-aquatech-urinal-se-zakrytym-privodem-vody-21x53-5-c.webp\",\"width\":1000,\"height\":525},{\"@type\":\"BreadcrumbList\",\"@id\":\"https:\/\/www.domstavpro.com\/index.php\/produkt\/akce-kerasan-aquatech-urinal-se-zakrytym-privodem-vody-21x53-5-cm-vcetne-sifonu-bila-30926\/#breadcrumb\",\"itemListElement\":[{\"@type\":\"ListItem\",\"position\":1,\"name\":\"Home\",\"item\":\"https:\/\/www.domstavpro.com\/\"},{\"@type\":\"ListItem\",\"position\":2,\"name\":\"Products\",\"item\":\"https:\/\/www.domstavpro.com\/index.php\/products\/\"},{\"@type\":\"ListItem\",\"position\":3,\"name\":\"Akce KERASAN AQUATECH urin\u00e1l se zakryt\u00fdm p\u0159\u00edvodem vody 21&#215;53,5 cm, v\u010detn\u011b sifonu, b\u00edl\u00e1\"}]},{\"@type\":\"WebSite\",\"@id\":\"https:\/\/www.domstavpro.com\/#website\",\"url\":\"https:\/\/www.domstavpro.com\/\",\"name\":\"\",\"description\":\"\",\"potentialAction\":[{\"@type\":\"SearchAction\",\"target\":{\"@type\":\"EntryPoint\",\"urlTemplate\":\"https:\/\/www.domstavpro.com\/?s={search_term_string}\"},\"query-input\":{\"@type\":\"PropertyValueSpecification\",\"valueRequired\":true,\"valueName\":\"search_term_string\"}}],\"inLanguage\":\"cs\"}]}<\/script>\n<!-- \/ Yoast SEO plugin. -->","yoast_head_json":{"title":"Akce KERASAN AQUATECH urin\u00e1l se zakryt\u00fdm p\u0159\u00edvodem vody 21x53,5 cm, v\u010detn\u011b sifonu, b\u00edl\u00e1 -","robots":{"index":"index","follow":"follow","max-snippet":"max-snippet:-1","max-image-preview":"max-image-preview:large","max-video-preview":"max-video-preview:-1"},"canonical":"https:\/\/www.domstavpro.com\/index.php\/produkt\/akce-kerasan-aquatech-urinal-se-zakrytym-privodem-vody-21x53-5-cm-vcetne-sifonu-bila-30926\/","og_locale":"cs_CZ","og_type":"article","og_title":"Akce KERASAN AQUATECH urin\u00e1l se zakryt\u00fdm p\u0159\u00edvodem vody 21x53,5 cm, v\u010detn\u011b sifonu, b\u00edl\u00e1 -","og_description":"Parametry: Skryt\u00e9 uchycen\u00ed P\u0159\u00edvod vody: 1&#8243; Odpad: 50 mm V\u010detn\u011b upev\u0148ovac\u00ed sady, sifonu a napou\u0161t\u011bc\u00ed chromov\u00e9 armatury Mo\u017enost splachov\u00e1n\u00ed: Podom\u00edtkov\u00fd automatick\u00fd splachova\u010d PS002 nebo PS006 Podom\u00edtkov\u00fd mechanick\u00fd tla\u010dn\u00fd ventil QK11051 P\u0159i instalaci s automatick\u00fdm splachova\u010dem PS002 je nutn\u00e9 instalovat i nap\u00e1jec\u00ed zdroj (PS05T nebo PS10T). Vlastnosti Zna\u010dka KERASAN Rozm\u011br 21&#215;53,5&#215;30 cm \u0160\u00ed\u0159ka 210&nbsp;mm V\u00fd\u0161ka 535&nbsp;mm [&hellip;]","og_url":"https:\/\/www.domstavpro.com\/index.php\/produkt\/akce-kerasan-aquatech-urinal-se-zakrytym-privodem-vody-21x53-5-cm-vcetne-sifonu-bila-30926\/","og_image":[{"width":1000,"height":525,"url":"https:\/\/www.domstavpro.com\/wp-content\/uploads\/2026\/SK0028941-CZ20260425-093449-0-1777080896-kerasan-aquatech-urinal-se-zakrytym-privodem-vody-21x53-5-c.webp","type":"image\/webp"}],"twitter_card":"summary_large_image","twitter_misc":{"Odhadovan\u00e1 doba \u010dten\u00ed":"1 minuta"},"schema":{"@context":"https:\/\/schema.org","@graph":[{"@type":"WebPage","@id":"https:\/\/www.domstavpro.com\/index.php\/produkt\/akce-kerasan-aquatech-urinal-se-zakrytym-privodem-vody-21x53-5-cm-vcetne-sifonu-bila-30926\/","url":"https:\/\/www.domstavpro.com\/index.php\/produkt\/akce-kerasan-aquatech-urinal-se-zakrytym-privodem-vody-21x53-5-cm-vcetne-sifonu-bila-30926\/","name":"Akce KERASAN AQUATECH urin\u00e1l se zakryt\u00fdm p\u0159\u00edvodem vody 21x53,5 cm, v\u010detn\u011b sifonu, b\u00edl\u00e1 -","isPartOf":{"@id":"https:\/\/www.domstavpro.com\/#website"},"primaryImageOfPage":{"@id":"https:\/\/www.domstavpro.com\/index.php\/produkt\/akce-kerasan-aquatech-urinal-se-zakrytym-privodem-vody-21x53-5-cm-vcetne-sifonu-bila-30926\/#primaryimage"},"image":{"@id":"https:\/\/www.domstavpro.com\/index.php\/produkt\/akce-kerasan-aquatech-urinal-se-zakrytym-privodem-vody-21x53-5-cm-vcetne-sifonu-bila-30926\/#primaryimage"},"thumbnailUrl":"https:\/\/www.domstavpro.com\/wp-content\/uploads\/2026\/SK0028941-CZ20260425-093449-0-1777080896-kerasan-aquatech-urinal-se-zakrytym-privodem-vody-21x53-5-c.webp","datePublished":"2026-04-27T15:09:06+00:00","breadcrumb":{"@id":"https:\/\/www.domstavpro.com\/index.php\/produkt\/akce-kerasan-aquatech-urinal-se-zakrytym-privodem-vody-21x53-5-cm-vcetne-sifonu-bila-30926\/#breadcrumb"},"inLanguage":"cs","potentialAction":[{"@type":"ReadAction","target":["https:\/\/www.domstavpro.com\/index.php\/produkt\/akce-kerasan-aquatech-urinal-se-zakrytym-privodem-vody-21x53-5-cm-vcetne-sifonu-bila-30926\/"]}]},{"@type":"ImageObject","inLanguage":"cs","@id":"https:\/\/www.domstavpro.com\/index.php\/produkt\/akce-kerasan-aquatech-urinal-se-zakrytym-privodem-vody-21x53-5-cm-vcetne-sifonu-bila-30926\/#primaryimage","url":"https:\/\/www.domstavpro.com\/wp-content\/uploads\/2026\/SK0028941-CZ20260425-093449-0-1777080896-kerasan-aquatech-urinal-se-zakrytym-privodem-vody-21x53-5-c.webp","contentUrl":"https:\/\/www.domstavpro.com\/wp-content\/uploads\/2026\/SK0028941-CZ20260425-093449-0-1777080896-kerasan-aquatech-urinal-se-zakrytym-privodem-vody-21x53-5-c.webp","width":1000,"height":525},{"@type":"BreadcrumbList","@id":"https:\/\/www.domstavpro.com\/index.php\/produkt\/akce-kerasan-aquatech-urinal-se-zakrytym-privodem-vody-21x53-5-cm-vcetne-sifonu-bila-30926\/#breadcrumb","itemListElement":[{"@type":"ListItem","position":1,"name":"Home","item":"https:\/\/www.domstavpro.com\/"},{"@type":"ListItem","position":2,"name":"Products","item":"https:\/\/www.domstavpro.com\/index.php\/products\/"},{"@type":"ListItem","position":3,"name":"Akce KERASAN AQUATECH urin\u00e1l se zakryt\u00fdm p\u0159\u00edvodem vody 21&#215;53,5 cm, v\u010detn\u011b sifonu, b\u00edl\u00e1"}]},{"@type":"WebSite","@id":"https:\/\/www.domstavpro.com\/#website","url":"https:\/\/www.domstavpro.com\/","name":"","description":"","potentialAction":[{"@type":"SearchAction","target":{"@type":"EntryPoint","urlTemplate":"https:\/\/www.domstavpro.com\/?s={search_term_string}"},"query-input":{"@type":"PropertyValueSpecification","valueRequired":true,"valueName":"search_term_string"}}],"inLanguage":"cs"}]}},"_links":{"self":[{"href":"https:\/\/www.domstavpro.com\/index.php\/wp-json\/wp\/v2\/product\/30926","targetHints":{"allow":["GET"]}}],"collection":[{"href":"https:\/\/www.domstavpro.com\/index.php\/wp-json\/wp\/v2\/product"}],"about":[{"href":"https:\/\/www.domstavpro.com\/index.php\/wp-json\/wp\/v2\/types\/product"}],"replies":[{"embeddable":true,"href":"https:\/\/www.domstavpro.com\/index.php\/wp-json\/wp\/v2\/comments?post=30926"}],"wp:featuredmedia":[{"embeddable":true,"href":"https:\/\/www.domstavpro.com\/index.php\/wp-json\/wp\/v2\/media\/31026"}],"wp:attachment":[{"href":"https:\/\/www.domstavpro.com\/index.php\/wp-json\/wp\/v2\/media?parent=30926"}],"wp:term":[{"taxonomy":"product_brand","embeddable":true,"href":"https:\/\/www.domstavpro.com\/index.php\/wp-json\/wp\/v2\/product_brand?post=30926"},{"taxonomy":"product_cat","embeddable":true,"href":"https:\/\/www.domstavpro.com\/index.php\/wp-json\/wp\/v2\/product_cat?post=30926"},{"taxonomy":"product_tag","embeddable":true,"href":"https:\/\/www.domstavpro.com\/index.php\/wp-json\/wp\/v2\/product_tag?post=30926"}],"curies":[{"name":"wp","href":"https:\/\/api.w.org\/{rel}","templated":true}]}}