{"id":30925,"date":"2026-04-27T15:09:06","date_gmt":"2026-04-27T15:09:06","guid":{"rendered":""},"modified":"2026-04-27T15:09:06","modified_gmt":"2026-04-27T15:09:06","slug":"znackovy-isvea-urinal-s-hornim-privodem-vody-31x45cm-30925","status":"publish","type":"product","link":"https:\/\/www.domstavpro.com\/index.php\/produkt\/znackovy-isvea-urinal-s-hornim-privodem-vody-31x45cm-30925\/","title":{"rendered":"Zna\u010dkov\u00fd ISVEA Urin\u00e1l s horn\u00edm p\u0159\u00edvodem vody, 31x45cm"},"content":{"rendered":"<div id=\"e8346149\" class=\"pages\">\n<div>\n<div id=\"PDDescription\" class=\"UserContentView userContent v1a v1 bs-view dcon dc164 PDDescription\" ><dc-con><dc-con><bs-empty><\/bs-empty><\/dc-con><dc-con>        <\/p>\n<div class=\"customDescription\">                    <\/div>\n<p><\/dc-con><dc-con><\/p>\n<div>\n<p><strong>Mo\u017enost splachov\u00e1n\u00ed:<\/strong><\/p>\n<ul>\n<li>N\u00e1st\u011bnn\u00fd mechanick\u00fd tla\u010dn\u00fd ventil QK10051<\/li>\n<li>N\u00e1st\u011bnn\u00fd mechanick\u00fd tla\u010dn\u00fd ventil ZY12022<\/li>\n<\/ul>\n<\/div>\n<h2 class=\"props-title\">Vlastnosti<\/h2>\n<table>\n<tr>\n<th>Zna\u010dka<\/th>\n<td>ISVEA<\/td>\n<\/tr>\n<tr>\n<th>Rozm\u011br<\/th>\n<td>32x45x31 cm<\/td>\n<\/tr>\n<tr>\n<th>\u0160\u00ed\u0159ka<\/th>\n<td>320&nbsp;mm<\/td>\n<\/tr>\n<tr>\n<th>V\u00fd\u0161ka<\/th>\n<td>450&nbsp;mm<\/td>\n<\/tr>\n<tr>\n<th>Hloubka<\/th>\n<td>310&nbsp;mm<\/td>\n<\/tr>\n<tr>\n<th>Barva<\/th>\n<td>B\u00edl\u00e1<\/td>\n<\/tr>\n<tr>\n<th>Materi\u00e1l<\/th>\n<td>Keramika<\/td>\n<\/tr>\n<tr>\n<th>Tvar<\/th>\n<td>Obl\u00e9<\/td>\n<\/tr>\n<tr>\n<th>P\u0159\u00edvod vody<\/th>\n<td>Horn\u00ed<\/td>\n<\/tr>\n<tr>\n<th>Hmotnost \/ ks<\/th>\n<td>9.6000&nbsp;kg<\/td>\n<\/tr>\n<tr>\n<th>Balen\u00ed<\/th>\n<td>1&nbsp;ks<\/td>\n<\/tr>\n<tr>\n<th>EAN<\/th>\n<td>8590913963315<\/td>\n<\/tr>\n<tr>\n<th>Taric<\/th>\n<td>69109000<\/td>\n<\/tr>\n<tr>\n<th>Z\u00e1ruka<\/th>\n<td>2 roky<\/td>\n<\/tr>\n<\/table>\n<p><\/dc-con><\/dc-con><\/div>\n<\/p><\/div>\n<div id=\"PDTable3\" class=\"ProductDetailTableView v3a v3 bs-view dcon dc185 PDTable3\" >\n<table>\n<thead><\/thead>\n<tbody>\n<tr class=\"attribute attr_Vyska\">\n<td class=\"caption\">V\u00fd\u0161ka v mm<\/td>\n<td class=\"value\">370<\/td>\n<\/tr>\n<tr class=\"attribute attr_sirka\">\n<td class=\"caption\">\u0160\u00ed\u0159ka v mm<\/td>\n<td class=\"value\">520<\/td>\n<\/tr>\n<tr class=\"attribute attr_bsshop_maker\">\n<td class=\"caption\">V\u00fdrobce<\/td>\n<td class=\"value\">Isvea<\/td>\n<\/tr>\n<tr class=\"weight\">\n<td class=\"caption\"><span>Hmotnost<\/span><\/td>\n<td class=\"value\"><span>9,60 kg<\/span><\/td>\n<\/tr>\n<\/tbody>\n<\/table>\n<\/div>\n<\/div>\n<div id=\"e8346150\" class=\"tabs\">\n","protected":false},"excerpt":{"rendered":"<p>Mo\u017enost splachov\u00e1n\u00ed: N\u00e1st\u011bnn\u00fd mechanick\u00fd tla\u010dn\u00fd ventil QK10051 N\u00e1st\u011bnn\u00fd mechanick\u00fd tla\u010dn\u00fd ventil ZY12022 Vlastnosti Zna\u010dka ISVEA Rozm\u011br 32x45x31 cm \u0160\u00ed\u0159ka 320&nbsp;mm V\u00fd\u0161ka 450&nbsp;mm Hloubka 310&nbsp;mm Barva B\u00edl\u00e1 Materi\u00e1l Keramika Tvar Obl\u00e9 P\u0159\u00edvod vody Horn\u00ed Hmotnost \/ ks 9.6000&nbsp;kg Balen\u00ed 1&nbsp;ks EAN 8590913963315 Taric 69109000 Z\u00e1ruka 2 roky V\u00fd\u0161ka v mm 370 \u0160\u00ed\u0159ka v mm 520 V\u00fdrobce [&hellip;]<\/p>\n","protected":false},"featured_media":31025,"comment_status":"open","ping_status":"open","template":"","meta":[],"product_brand":[],"product_cat":[61],"product_tag":[],"class_list":{"0":"post-30925","1":"product","2":"type-product","3":"status-publish","4":"has-post-thumbnail","6":"product_cat-vybaven-237-koupelny","8":"first","9":"instock","10":"sale","11":"shipping-taxable","12":"purchasable","13":"product-type-simple"},"yoast_head":"<!-- This site is optimized with the Yoast SEO plugin v26.8 - https:\/\/yoast.com\/product\/yoast-seo-wordpress\/ -->\n<title>Zna\u010dkov\u00fd ISVEA Urin\u00e1l s horn\u00edm p\u0159\u00edvodem vody, 31x45cm -<\/title>\n<meta name=\"robots\" content=\"index, follow, max-snippet:-1, max-image-preview:large, max-video-preview:-1\" \/>\n<link rel=\"canonical\" href=\"https:\/\/www.domstavpro.com\/index.php\/produkt\/znackovy-isvea-urinal-s-hornim-privodem-vody-31x45cm-30925\/\" \/>\n<meta property=\"og:locale\" content=\"cs_CZ\" \/>\n<meta property=\"og:type\" content=\"article\" \/>\n<meta property=\"og:title\" content=\"Zna\u010dkov\u00fd ISVEA Urin\u00e1l s horn\u00edm p\u0159\u00edvodem vody, 31x45cm -\" \/>\n<meta property=\"og:description\" content=\"Mo\u017enost splachov\u00e1n\u00ed: N\u00e1st\u011bnn\u00fd mechanick\u00fd tla\u010dn\u00fd ventil QK10051 N\u00e1st\u011bnn\u00fd mechanick\u00fd tla\u010dn\u00fd ventil ZY12022 Vlastnosti Zna\u010dka ISVEA Rozm\u011br 32x45x31 cm \u0160\u00ed\u0159ka 320&nbsp;mm V\u00fd\u0161ka 450&nbsp;mm Hloubka 310&nbsp;mm Barva B\u00edl\u00e1 Materi\u00e1l Keramika Tvar Obl\u00e9 P\u0159\u00edvod vody Horn\u00ed Hmotnost \/ ks 9.6000&nbsp;kg Balen\u00ed 1&nbsp;ks EAN 8590913963315 Taric 69109000 Z\u00e1ruka 2 roky V\u00fd\u0161ka v mm 370 \u0160\u00ed\u0159ka v mm 520 V\u00fdrobce [&hellip;]\" \/>\n<meta property=\"og:url\" content=\"https:\/\/www.domstavpro.com\/index.php\/produkt\/znackovy-isvea-urinal-s-hornim-privodem-vody-31x45cm-30925\/\" \/>\n<meta property=\"og:image\" content=\"https:\/\/www.domstavpro.com\/wp-content\/uploads\/2026\/SK0028940-CZ20260425-093449-0-1777080896-isvea-urinal-s-hornim-privodem-vody-31x45cm.webp\" \/>\n\t<meta property=\"og:image:width\" content=\"1000\" \/>\n\t<meta property=\"og:image:height\" content=\"525\" \/>\n\t<meta property=\"og:image:type\" content=\"image\/webp\" \/>\n<meta name=\"twitter:card\" content=\"summary_large_image\" \/>\n<script type=\"application\/ld+json\" class=\"yoast-schema-graph\">{\"@context\":\"https:\/\/schema.org\",\"@graph\":[{\"@type\":\"WebPage\",\"@id\":\"https:\/\/www.domstavpro.com\/index.php\/produkt\/znackovy-isvea-urinal-s-hornim-privodem-vody-31x45cm-30925\/\",\"url\":\"https:\/\/www.domstavpro.com\/index.php\/produkt\/znackovy-isvea-urinal-s-hornim-privodem-vody-31x45cm-30925\/\",\"name\":\"Zna\u010dkov\u00fd ISVEA Urin\u00e1l s horn\u00edm p\u0159\u00edvodem vody, 31x45cm -\",\"isPartOf\":{\"@id\":\"https:\/\/www.domstavpro.com\/#website\"},\"primaryImageOfPage\":{\"@id\":\"https:\/\/www.domstavpro.com\/index.php\/produkt\/znackovy-isvea-urinal-s-hornim-privodem-vody-31x45cm-30925\/#primaryimage\"},\"image\":{\"@id\":\"https:\/\/www.domstavpro.com\/index.php\/produkt\/znackovy-isvea-urinal-s-hornim-privodem-vody-31x45cm-30925\/#primaryimage\"},\"thumbnailUrl\":\"https:\/\/www.domstavpro.com\/wp-content\/uploads\/2026\/SK0028940-CZ20260425-093449-0-1777080896-isvea-urinal-s-hornim-privodem-vody-31x45cm.webp\",\"datePublished\":\"2026-04-27T15:09:06+00:00\",\"breadcrumb\":{\"@id\":\"https:\/\/www.domstavpro.com\/index.php\/produkt\/znackovy-isvea-urinal-s-hornim-privodem-vody-31x45cm-30925\/#breadcrumb\"},\"inLanguage\":\"cs\",\"potentialAction\":[{\"@type\":\"ReadAction\",\"target\":[\"https:\/\/www.domstavpro.com\/index.php\/produkt\/znackovy-isvea-urinal-s-hornim-privodem-vody-31x45cm-30925\/\"]}]},{\"@type\":\"ImageObject\",\"inLanguage\":\"cs\",\"@id\":\"https:\/\/www.domstavpro.com\/index.php\/produkt\/znackovy-isvea-urinal-s-hornim-privodem-vody-31x45cm-30925\/#primaryimage\",\"url\":\"https:\/\/www.domstavpro.com\/wp-content\/uploads\/2026\/SK0028940-CZ20260425-093449-0-1777080896-isvea-urinal-s-hornim-privodem-vody-31x45cm.webp\",\"contentUrl\":\"https:\/\/www.domstavpro.com\/wp-content\/uploads\/2026\/SK0028940-CZ20260425-093449-0-1777080896-isvea-urinal-s-hornim-privodem-vody-31x45cm.webp\",\"width\":1000,\"height\":525},{\"@type\":\"BreadcrumbList\",\"@id\":\"https:\/\/www.domstavpro.com\/index.php\/produkt\/znackovy-isvea-urinal-s-hornim-privodem-vody-31x45cm-30925\/#breadcrumb\",\"itemListElement\":[{\"@type\":\"ListItem\",\"position\":1,\"name\":\"Home\",\"item\":\"https:\/\/www.domstavpro.com\/\"},{\"@type\":\"ListItem\",\"position\":2,\"name\":\"Products\",\"item\":\"https:\/\/www.domstavpro.com\/index.php\/products\/\"},{\"@type\":\"ListItem\",\"position\":3,\"name\":\"Zna\u010dkov\u00fd ISVEA Urin\u00e1l s horn\u00edm p\u0159\u00edvodem vody, 31x45cm\"}]},{\"@type\":\"WebSite\",\"@id\":\"https:\/\/www.domstavpro.com\/#website\",\"url\":\"https:\/\/www.domstavpro.com\/\",\"name\":\"\",\"description\":\"\",\"potentialAction\":[{\"@type\":\"SearchAction\",\"target\":{\"@type\":\"EntryPoint\",\"urlTemplate\":\"https:\/\/www.domstavpro.com\/?s={search_term_string}\"},\"query-input\":{\"@type\":\"PropertyValueSpecification\",\"valueRequired\":true,\"valueName\":\"search_term_string\"}}],\"inLanguage\":\"cs\"}]}<\/script>\n<!-- \/ Yoast SEO plugin. -->","yoast_head_json":{"title":"Zna\u010dkov\u00fd ISVEA Urin\u00e1l s horn\u00edm p\u0159\u00edvodem vody, 31x45cm -","robots":{"index":"index","follow":"follow","max-snippet":"max-snippet:-1","max-image-preview":"max-image-preview:large","max-video-preview":"max-video-preview:-1"},"canonical":"https:\/\/www.domstavpro.com\/index.php\/produkt\/znackovy-isvea-urinal-s-hornim-privodem-vody-31x45cm-30925\/","og_locale":"cs_CZ","og_type":"article","og_title":"Zna\u010dkov\u00fd ISVEA Urin\u00e1l s horn\u00edm p\u0159\u00edvodem vody, 31x45cm -","og_description":"Mo\u017enost splachov\u00e1n\u00ed: N\u00e1st\u011bnn\u00fd mechanick\u00fd tla\u010dn\u00fd ventil QK10051 N\u00e1st\u011bnn\u00fd mechanick\u00fd tla\u010dn\u00fd ventil ZY12022 Vlastnosti Zna\u010dka ISVEA Rozm\u011br 32x45x31 cm \u0160\u00ed\u0159ka 320&nbsp;mm V\u00fd\u0161ka 450&nbsp;mm Hloubka 310&nbsp;mm Barva B\u00edl\u00e1 Materi\u00e1l Keramika Tvar Obl\u00e9 P\u0159\u00edvod vody Horn\u00ed Hmotnost \/ ks 9.6000&nbsp;kg Balen\u00ed 1&nbsp;ks EAN 8590913963315 Taric 69109000 Z\u00e1ruka 2 roky V\u00fd\u0161ka v mm 370 \u0160\u00ed\u0159ka v mm 520 V\u00fdrobce [&hellip;]","og_url":"https:\/\/www.domstavpro.com\/index.php\/produkt\/znackovy-isvea-urinal-s-hornim-privodem-vody-31x45cm-30925\/","og_image":[{"width":1000,"height":525,"url":"https:\/\/www.domstavpro.com\/wp-content\/uploads\/2026\/SK0028940-CZ20260425-093449-0-1777080896-isvea-urinal-s-hornim-privodem-vody-31x45cm.webp","type":"image\/webp"}],"twitter_card":"summary_large_image","schema":{"@context":"https:\/\/schema.org","@graph":[{"@type":"WebPage","@id":"https:\/\/www.domstavpro.com\/index.php\/produkt\/znackovy-isvea-urinal-s-hornim-privodem-vody-31x45cm-30925\/","url":"https:\/\/www.domstavpro.com\/index.php\/produkt\/znackovy-isvea-urinal-s-hornim-privodem-vody-31x45cm-30925\/","name":"Zna\u010dkov\u00fd ISVEA Urin\u00e1l s horn\u00edm p\u0159\u00edvodem vody, 31x45cm -","isPartOf":{"@id":"https:\/\/www.domstavpro.com\/#website"},"primaryImageOfPage":{"@id":"https:\/\/www.domstavpro.com\/index.php\/produkt\/znackovy-isvea-urinal-s-hornim-privodem-vody-31x45cm-30925\/#primaryimage"},"image":{"@id":"https:\/\/www.domstavpro.com\/index.php\/produkt\/znackovy-isvea-urinal-s-hornim-privodem-vody-31x45cm-30925\/#primaryimage"},"thumbnailUrl":"https:\/\/www.domstavpro.com\/wp-content\/uploads\/2026\/SK0028940-CZ20260425-093449-0-1777080896-isvea-urinal-s-hornim-privodem-vody-31x45cm.webp","datePublished":"2026-04-27T15:09:06+00:00","breadcrumb":{"@id":"https:\/\/www.domstavpro.com\/index.php\/produkt\/znackovy-isvea-urinal-s-hornim-privodem-vody-31x45cm-30925\/#breadcrumb"},"inLanguage":"cs","potentialAction":[{"@type":"ReadAction","target":["https:\/\/www.domstavpro.com\/index.php\/produkt\/znackovy-isvea-urinal-s-hornim-privodem-vody-31x45cm-30925\/"]}]},{"@type":"ImageObject","inLanguage":"cs","@id":"https:\/\/www.domstavpro.com\/index.php\/produkt\/znackovy-isvea-urinal-s-hornim-privodem-vody-31x45cm-30925\/#primaryimage","url":"https:\/\/www.domstavpro.com\/wp-content\/uploads\/2026\/SK0028940-CZ20260425-093449-0-1777080896-isvea-urinal-s-hornim-privodem-vody-31x45cm.webp","contentUrl":"https:\/\/www.domstavpro.com\/wp-content\/uploads\/2026\/SK0028940-CZ20260425-093449-0-1777080896-isvea-urinal-s-hornim-privodem-vody-31x45cm.webp","width":1000,"height":525},{"@type":"BreadcrumbList","@id":"https:\/\/www.domstavpro.com\/index.php\/produkt\/znackovy-isvea-urinal-s-hornim-privodem-vody-31x45cm-30925\/#breadcrumb","itemListElement":[{"@type":"ListItem","position":1,"name":"Home","item":"https:\/\/www.domstavpro.com\/"},{"@type":"ListItem","position":2,"name":"Products","item":"https:\/\/www.domstavpro.com\/index.php\/products\/"},{"@type":"ListItem","position":3,"name":"Zna\u010dkov\u00fd ISVEA Urin\u00e1l s horn\u00edm p\u0159\u00edvodem vody, 31x45cm"}]},{"@type":"WebSite","@id":"https:\/\/www.domstavpro.com\/#website","url":"https:\/\/www.domstavpro.com\/","name":"","description":"","potentialAction":[{"@type":"SearchAction","target":{"@type":"EntryPoint","urlTemplate":"https:\/\/www.domstavpro.com\/?s={search_term_string}"},"query-input":{"@type":"PropertyValueSpecification","valueRequired":true,"valueName":"search_term_string"}}],"inLanguage":"cs"}]}},"_links":{"self":[{"href":"https:\/\/www.domstavpro.com\/index.php\/wp-json\/wp\/v2\/product\/30925","targetHints":{"allow":["GET"]}}],"collection":[{"href":"https:\/\/www.domstavpro.com\/index.php\/wp-json\/wp\/v2\/product"}],"about":[{"href":"https:\/\/www.domstavpro.com\/index.php\/wp-json\/wp\/v2\/types\/product"}],"replies":[{"embeddable":true,"href":"https:\/\/www.domstavpro.com\/index.php\/wp-json\/wp\/v2\/comments?post=30925"}],"wp:featuredmedia":[{"embeddable":true,"href":"https:\/\/www.domstavpro.com\/index.php\/wp-json\/wp\/v2\/media\/31025"}],"wp:attachment":[{"href":"https:\/\/www.domstavpro.com\/index.php\/wp-json\/wp\/v2\/media?parent=30925"}],"wp:term":[{"taxonomy":"product_brand","embeddable":true,"href":"https:\/\/www.domstavpro.com\/index.php\/wp-json\/wp\/v2\/product_brand?post=30925"},{"taxonomy":"product_cat","embeddable":true,"href":"https:\/\/www.domstavpro.com\/index.php\/wp-json\/wp\/v2\/product_cat?post=30925"},{"taxonomy":"product_tag","embeddable":true,"href":"https:\/\/www.domstavpro.com\/index.php\/wp-json\/wp\/v2\/product_tag?post=30925"}],"curies":[{"name":"wp","href":"https:\/\/api.w.org\/{rel}","templated":true}]}}