{"id":30891,"date":"2026-04-27T15:09:06","date_gmt":"2026-04-27T15:09:06","guid":{"rendered":""},"modified":"2026-04-27T15:09:06","modified_gmt":"2026-04-27T15:09:06","slug":"zlevneny-sapho-brilla-cleanwash-zavesna-wc-misa-s-bidetovou-sprskou-rimless-36-5x53cm-bila-30891","status":"publish","type":"product","link":"https:\/\/www.domstavpro.com\/index.php\/produkt\/zlevneny-sapho-brilla-cleanwash-zavesna-wc-misa-s-bidetovou-sprskou-rimless-36-5x53cm-bila-30891\/","title":{"rendered":"Zlevn\u011bn\u00fd SAPHO BRILLA CLEANWASH z\u00e1v\u011bsn\u00e1 WC m\u00edsa s bidetovou spr\u0161kou, Rimless, 36,5x53cm, b\u00edl\u00e1"},"content":{"rendered":"<div id=\"e8972923\" class=\"pages\">\n<div>\n<div id=\"PDDescription\" class=\"UserContentView userContent v1a v1 bs-view dcon dc164 PDDescription\" ><dc-con><dc-con><bs-empty><\/bs-empty><\/dc-con><dc-con>        <\/p>\n<div class=\"customDescription\">                    <\/div>\n<p><\/dc-con><dc-con><\/p>\n<div>\n<p>Bidetov\u00e1 spr\u0161ka z pochromovan\u00e9ho ABS, s nastavitelnou tryskou. P\u0159\u00edvod vody do bidetov\u00e9 spr\u0161ky je nez\u00e1visl\u00e9 na podom\u00edtkov\u00e9 n\u00e1dr\u017ece.<br \/>Mo\u017enosti instalace za pomoci jednocestn\u00e9 podom\u00edtkov\u00e9 baterie a vy\u00fast\u011bn\u00ed:<\/p>\n<ul>\n<li>vn\u011bj\u0161\u00ed p\u0159ipojen\u00ed: v\u00fdvod vody k bidetov\u00e9 spr\u0161ce lze um\u00edstit pod WC m\u00edsu   nebo vedle m\u00edsy (viz mont\u00e1\u017en\u00ed n\u00e1vod). Nutno dokoupit flexibiln\u00ed hadi\u010dku FxF   3\/8&#8243;-1\/2&#8243;, vy\u00fast\u011bn\u00ed a podom\u00edtkovou baterii.<\/li>\n<\/ul>\n<\/div>\n<h2 class=\"props-title\">Vlastnosti<\/h2>\n<table>\n<tr>\n<th>Zna\u010dka<\/th>\n<td>SAPHO<\/td>\n<\/tr>\n<tr>\n<th>3D model<\/th>\n<td>ANO<\/td>\n<\/tr>\n<tr>\n<th>Rozm\u011br<\/th>\n<td>35,5&#215;53 cm<\/td>\n<\/tr>\n<tr>\n<th>\u0160\u00ed\u0159ka<\/th>\n<td>355&nbsp;mm<\/td>\n<\/tr>\n<tr>\n<th>Hloubka<\/th>\n<td>530&nbsp;mm<\/td>\n<\/tr>\n<tr>\n<th>Barva<\/th>\n<td>B\u00edl\u00e1<\/td>\n<\/tr>\n<tr>\n<th>Materi\u00e1l<\/th>\n<td>Keramika<\/td>\n<\/tr>\n<tr>\n<th>Technologie splachov\u00e1n\u00ed<\/th>\n<td>Rimless<\/td>\n<\/tr>\n<tr>\n<th>Objem splachovac\u00ed vody<\/th>\n<td>3,5 l \/ 5 l<\/td>\n<\/tr>\n<tr>\n<th>Tvar<\/th>\n<td>Klasik<\/td>\n<\/tr>\n<tr>\n<th>Ostatn\u00ed<\/th>\n<td>CleanWash bidetov\u00e1 spr\u0161ka<\/td>\n<\/tr>\n<tr>\n<th>Balen\u00ed neobsahuje<\/th>\n<td>WC sed\u00e1tko<\/td>\n<\/tr>\n<tr>\n<th>Hmotnost \/ ks<\/th>\n<td>25.8000&nbsp;kg<\/td>\n<\/tr>\n<tr>\n<th>Balen\u00ed<\/th>\n<td>1&nbsp;ks<\/td>\n<\/tr>\n<tr>\n<th>EAN<\/th>\n<td>8590913880438<\/td>\n<\/tr>\n<tr>\n<th>Taric<\/th>\n<td>69109000<\/td>\n<\/tr>\n<tr>\n<th>Z\u00e1ruka<\/th>\n<td>2 roky<\/td>\n<\/tr>\n<\/table>\n<div class=\"product-explanation-item\">\n<h3>Technologie splachov\u00e1n\u00ed Rimless<\/h3>\n<div style=\"float: left;\"><img decoding=\"async\" src=\"https:\/\/eshop.sapho.cz\/img\/Vysvetlivky-ikony\/rimless_80.png\" caption=\"false\" width=\"30\" style=\"display: block; margin-left: 2px; margin-right: 10px;\" \/><\/div>\n<p style=\"text-align: justify;\">Rimless (NoRim) \u2013 toalety bez tradi\u010dn\u00edho oplachov\u00e9ho kruhu. Hladk\u00fd povrch bez dutin a z\u00e1hyb\u016f. Oplachov\u00e1 voda vyt\u00e9k\u00e1 rozd\u011blova\u010dem vody pouze ze zadn\u00ed \u010d\u00e1sti WC m\u00edsy a d\u00edky speci\u00e1ln\u00edmu tvaru keramiky dokonale opl\u00e1chne vnit\u0159n\u00ed prostor. V\u00fdhodou je snadn\u00e1 \u00fadr\u017eba a \u010di\u0161t\u011bn\u00ed WC m\u00edsy. <\/p>\n<div style=\"float: left; width: 25%; text-align: center;\"><img decoding=\"async\" src=\"https:\/\/eshop.sapho.cz\/img\/_\/i.000837\/rimless_w.jpg\" caption=\"false\" width=\"150\" style=\"display: block; margin-left: auto; margin-right: auto;\" height=\"145\" \/><\/div>\n<div style=\"float: left; width: 25%; text-align: center;\"><img decoding=\"async\" src=\"https:\/\/eshop.sapho.cz\/img\/_\/i.000837\/rimless_rez.jpg\" caption=\"false\" width=\"150\" \/><\/p>\n<\/div>\n<div style=\"float: left; width: 25%; text-align: center;\"><img decoding=\"async\" src=\"https:\/\/eshop.sapho.cz\/img\/_\/i.000837\/rimless_ruka_web.jpg\" caption=\"false\" width=\"150\" style=\"display: block; margin-left: auto; margin-right: auto;\" \/><\/div>\n<div style=\"clear: both;\"><\/div>\n<\/div>\n<div class=\"product-explanation-item\">\n<h3>Water saving &#8211; \u00fasporn\u00e9 splachov\u00e1n\u00ed<\/h3>\n<p style=\"text-align: justify;\">Tvar m\u00edsy umo\u017e\u0148uje efektivn\u00ed a \u00fa\u010dinn\u00e9 spl\u00e1chnut\u00ed s men\u0161\u00edm objemem vody a t\u00edm \u0161et\u0159\u00ed \u017eivotn\u00ed prost\u0159ed\u00ed a n\u00e1klady za vodu.<br \/>\u00dasporn\u00e9 splachov\u00e1n\u00ed je mo\u017en\u00e9 pou\u017e\u00edt s n\u00e1dr\u017ekou s du\u00e1ln\u00edm splachov\u00e1n\u00edm, jej\u00ed\u017e vypou\u0161t\u011bc\u00ed ventil umo\u017e\u0148uje nastaven\u00ed objemu vody od 2 litr\u016f u mal\u00e9ho splachov\u00e1n\u00ed a od 4 litr\u016f u velk\u00e9ho splachov\u00e1n\u00ed.<\/p>\n<\/div>\n<div class=\"product-explanation-item\">\n<h3>CleanWash bidetov\u00e1 spr\u0161ka integrovan\u00e1 do WC m\u00edsy<\/h3>\n<div style=\"float: left;\"><img decoding=\"async\" src=\"https:\/\/eshop.sapho.cz\/img\/Vysvetlivky-ikony\/cleanwash_80.png\" caption=\"false\" width=\"30\" style=\"display: block; margin-left: 2px; margin-right: 10px;\" \/><\/div>\n<p style=\"text-align: justify;\">Technologie CleanWash (integrovan\u00e1 hygiena) zaji\u0161\u0165uje pohodln\u00e9 pou\u017e\u00edv\u00e1n\u00ed d\u00edky bidetov\u00e9 trysce integrovan\u00e9 do WC m\u00edsy. Integrovan\u00fd syst\u00e9m bidetov\u00fdch trysek zvy\u0161uje komfort hygieny p\u0159i pou\u017e\u00edv\u00e1n\u00ed WC. Ovl\u00e1dac\u00ed baterie (umo\u017e\u0148uje volbu teploty vody) nebo ventil (pouze studen\u00e1 voda) se podle typu bidetov\u00e9 spr\u0161ky umis\u0165uje na st\u011bnu nebo je k dispozici instalov\u00e1n p\u0159\u00edmo na WC m\u00edse.<\/p>\n<\/div>\n<p><\/dc-con><\/dc-con><\/div>\n<\/p><\/div>\n<div id=\"PDTable3\" class=\"ProductDetailTableView v3a v3 bs-view dcon dc185 PDTable3\" >\n<table>\n<thead><\/thead>\n<tbody>\n<tr class=\"attribute attr_bsshop_maker\">\n<td class=\"caption\">V\u00fdrobce<\/td>\n<td class=\"value\">Sapho<\/td>\n<\/tr>\n<tr class=\"attribute attr_sirka\">\n<td class=\"caption\">\u0160\u00ed\u0159ka v mm<\/td>\n<td class=\"value\">385<\/td>\n<\/tr>\n<tr class=\"attribute attr_Vyska\">\n<td class=\"caption\">V\u00fd\u0161ka v mm<\/td>\n<td class=\"value\">560<\/td>\n<\/tr>\n<tr class=\"weight\">\n<td class=\"caption\"><span>Hmotnost<\/span><\/td>\n<td class=\"value\"><span>25,80 kg<\/span><\/td>\n<\/tr>\n<\/tbody>\n<\/table>\n<\/div>\n<div id=\"ProductMedia\" class=\"ProductMediaView MediaViewBase v1a v1 bs-view dcon dc409 ProductMedia\" ><bs-empty><\/bs-empty><\/p>\n<div class=\"files\">\n<div class=\"title sub\">Soubory<\/div>\n<p><a href=\"\/media\/21209\/39935-100612.PDF?&amp;key=ZGpmIyQwNUZfMjEyMDk=\" class=\"PDF\">Dokumenty &#8211; N&#225;vod_priloha_0<\/a><a href=\"\/media\/21210\/39935-navod-wc-s-bidet-sprskou-b.PDF?&amp;key=ZGpmIyQwNUZfMjEyMTA=\" class=\"PDF\">Dokumenty &#8211; N&#225;vod_priloha_1<\/a><a href=\"\/media\/46002\/39935-100612.dwg?&amp;key=ZGpmIyQwNUZfNDYwMDI=\" class=\"dwg\">Dokumenty &#8211; 3D modely_priloha_3<\/a><a href=\"\/media\/46003\/39935-100612.3ds?&amp;key=ZGpmIyQwNUZfNDYwMDM=\" class=\"3ds\">Dokumenty &#8211; 3D modely_priloha_2<\/a><a href=\"\/media\/46004\/39935-100612.dxf?&amp;key=ZGpmIyQwNUZfNDYwMDQ=\" class=\"dxf\">Dokumenty &#8211; 3D modely_priloha_4<\/a><\/div>\n<p><bs-empty><\/bs-empty><\/div>\n<div id=\"PdProductGpsr\" class=\"ProductGpsrView v1a v1 bs-view dcon dc217 PdProductGpsr\" >\n<div class=\"subject\"><dc-root class=\"dcon dc219\"><span class=\"title\">Zodpov\u011bdn&#253; subjekt:<\/span><dc-con><dc-con><span class=\"company\">UBC s.r.o.<\/span><span class=\"name\">Sapho<\/span><\/dc-con><dc-con><span class=\"street\">M\u011blnick&#225; 87<\/span><span class=\"city\">L&#237;beznice<\/span><span class=\"zip\">250 65<\/span><span class=\"country\">\u010cesko<\/span><\/dc-con><span class=\"email\">info@ubc-group.cz<\/span><span class=\"phone\">283 090 704<\/span><bs-empty><\/bs-empty><a href=\"https:\/\/www.ubc-group.cz\/#kontakt\" class=\"link\" target=\"_blank\">https:\/\/www.ubc-group.cz\/#kontakt<\/a><\/dc-con><bs-empty><\/bs-empty><\/dc-root><\/div>\n<p><bs-empty><\/bs-empty><\/div>\n<\/div>\n<div id=\"e8972924\" class=\"tabs\">\n","protected":false},"excerpt":{"rendered":"<p>Bidetov\u00e1 spr\u0161ka z pochromovan\u00e9ho ABS, s nastavitelnou tryskou. P\u0159\u00edvod vody do bidetov\u00e9 spr\u0161ky je nez\u00e1visl\u00e9 na podom\u00edtkov\u00e9 n\u00e1dr\u017ece.Mo\u017enosti instalace za pomoci jednocestn\u00e9 podom\u00edtkov\u00e9 baterie a vy\u00fast\u011bn\u00ed: vn\u011bj\u0161\u00ed p\u0159ipojen\u00ed: v\u00fdvod vody k bidetov\u00e9 spr\u0161ce lze um\u00edstit pod WC m\u00edsu nebo vedle m\u00edsy (viz mont\u00e1\u017en\u00ed n\u00e1vod). Nutno dokoupit flexibiln\u00ed hadi\u010dku FxF 3\/8&#8243;-1\/2&#8243;, vy\u00fast\u011bn\u00ed a podom\u00edtkovou baterii. Vlastnosti [&hellip;]<\/p>\n","protected":false},"featured_media":30991,"comment_status":"open","ping_status":"open","template":"","meta":[],"product_brand":[],"product_cat":[61],"product_tag":[],"class_list":{"0":"post-30891","1":"product","2":"type-product","3":"status-publish","4":"has-post-thumbnail","6":"product_cat-vybaven-237-koupelny","8":"first","9":"instock","10":"sale","11":"shipping-taxable","12":"purchasable","13":"product-type-simple"},"yoast_head":"<!-- This site is optimized with the Yoast SEO plugin v26.8 - https:\/\/yoast.com\/product\/yoast-seo-wordpress\/ -->\n<title>Zlevn\u011bn\u00fd SAPHO BRILLA CLEANWASH z\u00e1v\u011bsn\u00e1 WC m\u00edsa s bidetovou spr\u0161kou, Rimless, 36,5x53cm, b\u00edl\u00e1 -<\/title>\n<meta name=\"robots\" content=\"index, follow, max-snippet:-1, max-image-preview:large, max-video-preview:-1\" \/>\n<link rel=\"canonical\" href=\"https:\/\/www.domstavpro.com\/index.php\/produkt\/zlevneny-sapho-brilla-cleanwash-zavesna-wc-misa-s-bidetovou-sprskou-rimless-36-5x53cm-bila-30891\/\" \/>\n<meta property=\"og:locale\" content=\"cs_CZ\" \/>\n<meta property=\"og:type\" content=\"article\" \/>\n<meta property=\"og:title\" content=\"Zlevn\u011bn\u00fd SAPHO BRILLA CLEANWASH z\u00e1v\u011bsn\u00e1 WC m\u00edsa s bidetovou spr\u0161kou, Rimless, 36,5x53cm, b\u00edl\u00e1 -\" \/>\n<meta property=\"og:description\" content=\"Bidetov\u00e1 spr\u0161ka z pochromovan\u00e9ho ABS, s nastavitelnou tryskou. P\u0159\u00edvod vody do bidetov\u00e9 spr\u0161ky je nez\u00e1visl\u00e9 na podom\u00edtkov\u00e9 n\u00e1dr\u017ece.Mo\u017enosti instalace za pomoci jednocestn\u00e9 podom\u00edtkov\u00e9 baterie a vy\u00fast\u011bn\u00ed: vn\u011bj\u0161\u00ed p\u0159ipojen\u00ed: v\u00fdvod vody k bidetov\u00e9 spr\u0161ce lze um\u00edstit pod WC m\u00edsu nebo vedle m\u00edsy (viz mont\u00e1\u017en\u00ed n\u00e1vod). Nutno dokoupit flexibiln\u00ed hadi\u010dku FxF 3\/8&#8243;-1\/2&#8243;, vy\u00fast\u011bn\u00ed a podom\u00edtkovou baterii. Vlastnosti [&hellip;]\" \/>\n<meta property=\"og:url\" content=\"https:\/\/www.domstavpro.com\/index.php\/produkt\/zlevneny-sapho-brilla-cleanwash-zavesna-wc-misa-s-bidetovou-sprskou-rimless-36-5x53cm-bila-30891\/\" \/>\n<meta property=\"og:image\" content=\"https:\/\/www.domstavpro.com\/wp-content\/uploads\/2026\/SK0028906-CZ20260425-093449-0-1777080896-sapho-brilla-cleanwash-zavesna-wc-misa-s-bidetovou-sprskou-.webp\" \/>\n\t<meta property=\"og:image:width\" content=\"1000\" \/>\n\t<meta property=\"og:image:height\" content=\"525\" \/>\n\t<meta property=\"og:image:type\" content=\"image\/webp\" \/>\n<meta name=\"twitter:card\" content=\"summary_large_image\" \/>\n<meta name=\"twitter:label1\" content=\"Odhadovan\u00e1 doba \u010dten\u00ed\" \/>\n\t<meta name=\"twitter:data1\" content=\"2 minuty\" \/>\n<script type=\"application\/ld+json\" class=\"yoast-schema-graph\">{\"@context\":\"https:\/\/schema.org\",\"@graph\":[{\"@type\":\"WebPage\",\"@id\":\"https:\/\/www.domstavpro.com\/index.php\/produkt\/zlevneny-sapho-brilla-cleanwash-zavesna-wc-misa-s-bidetovou-sprskou-rimless-36-5x53cm-bila-30891\/\",\"url\":\"https:\/\/www.domstavpro.com\/index.php\/produkt\/zlevneny-sapho-brilla-cleanwash-zavesna-wc-misa-s-bidetovou-sprskou-rimless-36-5x53cm-bila-30891\/\",\"name\":\"Zlevn\u011bn\u00fd SAPHO BRILLA CLEANWASH z\u00e1v\u011bsn\u00e1 WC m\u00edsa s bidetovou spr\u0161kou, Rimless, 36,5x53cm, b\u00edl\u00e1 -\",\"isPartOf\":{\"@id\":\"https:\/\/www.domstavpro.com\/#website\"},\"primaryImageOfPage\":{\"@id\":\"https:\/\/www.domstavpro.com\/index.php\/produkt\/zlevneny-sapho-brilla-cleanwash-zavesna-wc-misa-s-bidetovou-sprskou-rimless-36-5x53cm-bila-30891\/#primaryimage\"},\"image\":{\"@id\":\"https:\/\/www.domstavpro.com\/index.php\/produkt\/zlevneny-sapho-brilla-cleanwash-zavesna-wc-misa-s-bidetovou-sprskou-rimless-36-5x53cm-bila-30891\/#primaryimage\"},\"thumbnailUrl\":\"https:\/\/www.domstavpro.com\/wp-content\/uploads\/2026\/SK0028906-CZ20260425-093449-0-1777080896-sapho-brilla-cleanwash-zavesna-wc-misa-s-bidetovou-sprskou-.webp\",\"datePublished\":\"2026-04-27T15:09:06+00:00\",\"breadcrumb\":{\"@id\":\"https:\/\/www.domstavpro.com\/index.php\/produkt\/zlevneny-sapho-brilla-cleanwash-zavesna-wc-misa-s-bidetovou-sprskou-rimless-36-5x53cm-bila-30891\/#breadcrumb\"},\"inLanguage\":\"cs\",\"potentialAction\":[{\"@type\":\"ReadAction\",\"target\":[\"https:\/\/www.domstavpro.com\/index.php\/produkt\/zlevneny-sapho-brilla-cleanwash-zavesna-wc-misa-s-bidetovou-sprskou-rimless-36-5x53cm-bila-30891\/\"]}]},{\"@type\":\"ImageObject\",\"inLanguage\":\"cs\",\"@id\":\"https:\/\/www.domstavpro.com\/index.php\/produkt\/zlevneny-sapho-brilla-cleanwash-zavesna-wc-misa-s-bidetovou-sprskou-rimless-36-5x53cm-bila-30891\/#primaryimage\",\"url\":\"https:\/\/www.domstavpro.com\/wp-content\/uploads\/2026\/SK0028906-CZ20260425-093449-0-1777080896-sapho-brilla-cleanwash-zavesna-wc-misa-s-bidetovou-sprskou-.webp\",\"contentUrl\":\"https:\/\/www.domstavpro.com\/wp-content\/uploads\/2026\/SK0028906-CZ20260425-093449-0-1777080896-sapho-brilla-cleanwash-zavesna-wc-misa-s-bidetovou-sprskou-.webp\",\"width\":1000,\"height\":525},{\"@type\":\"BreadcrumbList\",\"@id\":\"https:\/\/www.domstavpro.com\/index.php\/produkt\/zlevneny-sapho-brilla-cleanwash-zavesna-wc-misa-s-bidetovou-sprskou-rimless-36-5x53cm-bila-30891\/#breadcrumb\",\"itemListElement\":[{\"@type\":\"ListItem\",\"position\":1,\"name\":\"Home\",\"item\":\"https:\/\/www.domstavpro.com\/\"},{\"@type\":\"ListItem\",\"position\":2,\"name\":\"Products\",\"item\":\"https:\/\/www.domstavpro.com\/index.php\/products\/\"},{\"@type\":\"ListItem\",\"position\":3,\"name\":\"Zlevn\u011bn\u00fd SAPHO BRILLA CLEANWASH z\u00e1v\u011bsn\u00e1 WC m\u00edsa s bidetovou spr\u0161kou, Rimless, 36,5x53cm, b\u00edl\u00e1\"}]},{\"@type\":\"WebSite\",\"@id\":\"https:\/\/www.domstavpro.com\/#website\",\"url\":\"https:\/\/www.domstavpro.com\/\",\"name\":\"\",\"description\":\"\",\"potentialAction\":[{\"@type\":\"SearchAction\",\"target\":{\"@type\":\"EntryPoint\",\"urlTemplate\":\"https:\/\/www.domstavpro.com\/?s={search_term_string}\"},\"query-input\":{\"@type\":\"PropertyValueSpecification\",\"valueRequired\":true,\"valueName\":\"search_term_string\"}}],\"inLanguage\":\"cs\"}]}<\/script>\n<!-- \/ Yoast SEO plugin. -->","yoast_head_json":{"title":"Zlevn\u011bn\u00fd SAPHO BRILLA CLEANWASH z\u00e1v\u011bsn\u00e1 WC m\u00edsa s bidetovou spr\u0161kou, Rimless, 36,5x53cm, b\u00edl\u00e1 -","robots":{"index":"index","follow":"follow","max-snippet":"max-snippet:-1","max-image-preview":"max-image-preview:large","max-video-preview":"max-video-preview:-1"},"canonical":"https:\/\/www.domstavpro.com\/index.php\/produkt\/zlevneny-sapho-brilla-cleanwash-zavesna-wc-misa-s-bidetovou-sprskou-rimless-36-5x53cm-bila-30891\/","og_locale":"cs_CZ","og_type":"article","og_title":"Zlevn\u011bn\u00fd SAPHO BRILLA CLEANWASH z\u00e1v\u011bsn\u00e1 WC m\u00edsa s bidetovou spr\u0161kou, Rimless, 36,5x53cm, b\u00edl\u00e1 -","og_description":"Bidetov\u00e1 spr\u0161ka z pochromovan\u00e9ho ABS, s nastavitelnou tryskou. P\u0159\u00edvod vody do bidetov\u00e9 spr\u0161ky je nez\u00e1visl\u00e9 na podom\u00edtkov\u00e9 n\u00e1dr\u017ece.Mo\u017enosti instalace za pomoci jednocestn\u00e9 podom\u00edtkov\u00e9 baterie a vy\u00fast\u011bn\u00ed: vn\u011bj\u0161\u00ed p\u0159ipojen\u00ed: v\u00fdvod vody k bidetov\u00e9 spr\u0161ce lze um\u00edstit pod WC m\u00edsu nebo vedle m\u00edsy (viz mont\u00e1\u017en\u00ed n\u00e1vod). Nutno dokoupit flexibiln\u00ed hadi\u010dku FxF 3\/8&#8243;-1\/2&#8243;, vy\u00fast\u011bn\u00ed a podom\u00edtkovou baterii. Vlastnosti [&hellip;]","og_url":"https:\/\/www.domstavpro.com\/index.php\/produkt\/zlevneny-sapho-brilla-cleanwash-zavesna-wc-misa-s-bidetovou-sprskou-rimless-36-5x53cm-bila-30891\/","og_image":[{"width":1000,"height":525,"url":"https:\/\/www.domstavpro.com\/wp-content\/uploads\/2026\/SK0028906-CZ20260425-093449-0-1777080896-sapho-brilla-cleanwash-zavesna-wc-misa-s-bidetovou-sprskou-.webp","type":"image\/webp"}],"twitter_card":"summary_large_image","twitter_misc":{"Odhadovan\u00e1 doba \u010dten\u00ed":"2 minuty"},"schema":{"@context":"https:\/\/schema.org","@graph":[{"@type":"WebPage","@id":"https:\/\/www.domstavpro.com\/index.php\/produkt\/zlevneny-sapho-brilla-cleanwash-zavesna-wc-misa-s-bidetovou-sprskou-rimless-36-5x53cm-bila-30891\/","url":"https:\/\/www.domstavpro.com\/index.php\/produkt\/zlevneny-sapho-brilla-cleanwash-zavesna-wc-misa-s-bidetovou-sprskou-rimless-36-5x53cm-bila-30891\/","name":"Zlevn\u011bn\u00fd SAPHO BRILLA CLEANWASH z\u00e1v\u011bsn\u00e1 WC m\u00edsa s bidetovou spr\u0161kou, Rimless, 36,5x53cm, b\u00edl\u00e1 -","isPartOf":{"@id":"https:\/\/www.domstavpro.com\/#website"},"primaryImageOfPage":{"@id":"https:\/\/www.domstavpro.com\/index.php\/produkt\/zlevneny-sapho-brilla-cleanwash-zavesna-wc-misa-s-bidetovou-sprskou-rimless-36-5x53cm-bila-30891\/#primaryimage"},"image":{"@id":"https:\/\/www.domstavpro.com\/index.php\/produkt\/zlevneny-sapho-brilla-cleanwash-zavesna-wc-misa-s-bidetovou-sprskou-rimless-36-5x53cm-bila-30891\/#primaryimage"},"thumbnailUrl":"https:\/\/www.domstavpro.com\/wp-content\/uploads\/2026\/SK0028906-CZ20260425-093449-0-1777080896-sapho-brilla-cleanwash-zavesna-wc-misa-s-bidetovou-sprskou-.webp","datePublished":"2026-04-27T15:09:06+00:00","breadcrumb":{"@id":"https:\/\/www.domstavpro.com\/index.php\/produkt\/zlevneny-sapho-brilla-cleanwash-zavesna-wc-misa-s-bidetovou-sprskou-rimless-36-5x53cm-bila-30891\/#breadcrumb"},"inLanguage":"cs","potentialAction":[{"@type":"ReadAction","target":["https:\/\/www.domstavpro.com\/index.php\/produkt\/zlevneny-sapho-brilla-cleanwash-zavesna-wc-misa-s-bidetovou-sprskou-rimless-36-5x53cm-bila-30891\/"]}]},{"@type":"ImageObject","inLanguage":"cs","@id":"https:\/\/www.domstavpro.com\/index.php\/produkt\/zlevneny-sapho-brilla-cleanwash-zavesna-wc-misa-s-bidetovou-sprskou-rimless-36-5x53cm-bila-30891\/#primaryimage","url":"https:\/\/www.domstavpro.com\/wp-content\/uploads\/2026\/SK0028906-CZ20260425-093449-0-1777080896-sapho-brilla-cleanwash-zavesna-wc-misa-s-bidetovou-sprskou-.webp","contentUrl":"https:\/\/www.domstavpro.com\/wp-content\/uploads\/2026\/SK0028906-CZ20260425-093449-0-1777080896-sapho-brilla-cleanwash-zavesna-wc-misa-s-bidetovou-sprskou-.webp","width":1000,"height":525},{"@type":"BreadcrumbList","@id":"https:\/\/www.domstavpro.com\/index.php\/produkt\/zlevneny-sapho-brilla-cleanwash-zavesna-wc-misa-s-bidetovou-sprskou-rimless-36-5x53cm-bila-30891\/#breadcrumb","itemListElement":[{"@type":"ListItem","position":1,"name":"Home","item":"https:\/\/www.domstavpro.com\/"},{"@type":"ListItem","position":2,"name":"Products","item":"https:\/\/www.domstavpro.com\/index.php\/products\/"},{"@type":"ListItem","position":3,"name":"Zlevn\u011bn\u00fd SAPHO BRILLA CLEANWASH z\u00e1v\u011bsn\u00e1 WC m\u00edsa s bidetovou spr\u0161kou, Rimless, 36,5x53cm, b\u00edl\u00e1"}]},{"@type":"WebSite","@id":"https:\/\/www.domstavpro.com\/#website","url":"https:\/\/www.domstavpro.com\/","name":"","description":"","potentialAction":[{"@type":"SearchAction","target":{"@type":"EntryPoint","urlTemplate":"https:\/\/www.domstavpro.com\/?s={search_term_string}"},"query-input":{"@type":"PropertyValueSpecification","valueRequired":true,"valueName":"search_term_string"}}],"inLanguage":"cs"}]}},"_links":{"self":[{"href":"https:\/\/www.domstavpro.com\/index.php\/wp-json\/wp\/v2\/product\/30891","targetHints":{"allow":["GET"]}}],"collection":[{"href":"https:\/\/www.domstavpro.com\/index.php\/wp-json\/wp\/v2\/product"}],"about":[{"href":"https:\/\/www.domstavpro.com\/index.php\/wp-json\/wp\/v2\/types\/product"}],"replies":[{"embeddable":true,"href":"https:\/\/www.domstavpro.com\/index.php\/wp-json\/wp\/v2\/comments?post=30891"}],"wp:featuredmedia":[{"embeddable":true,"href":"https:\/\/www.domstavpro.com\/index.php\/wp-json\/wp\/v2\/media\/30991"}],"wp:attachment":[{"href":"https:\/\/www.domstavpro.com\/index.php\/wp-json\/wp\/v2\/media?parent=30891"}],"wp:term":[{"taxonomy":"product_brand","embeddable":true,"href":"https:\/\/www.domstavpro.com\/index.php\/wp-json\/wp\/v2\/product_brand?post=30891"},{"taxonomy":"product_cat","embeddable":true,"href":"https:\/\/www.domstavpro.com\/index.php\/wp-json\/wp\/v2\/product_cat?post=30891"},{"taxonomy":"product_tag","embeddable":true,"href":"https:\/\/www.domstavpro.com\/index.php\/wp-json\/wp\/v2\/product_tag?post=30891"}],"curies":[{"name":"wp","href":"https:\/\/api.w.org\/{rel}","templated":true}]}}