{"id":30582,"date":"2026-04-27T15:09:05","date_gmt":"2026-04-27T15:09:05","guid":{"rendered":""},"modified":"2026-04-27T15:09:05","modified_gmt":"2026-04-27T15:09:05","slug":"akce-aqualine-sofia-wc-sedatko-soft-close-easy-take-bila-30582","status":"publish","type":"product","link":"https:\/\/www.domstavpro.com\/index.php\/produkt\/akce-aqualine-sofia-wc-sedatko-soft-close-easy-take-bila-30582\/","title":{"rendered":"Akce AQUALINE SOFIA WC sed\u00e1tko, Soft Close, Easy Take, b\u00edl\u00e1"},"content":{"rendered":"<div id=\"e8262625\" class=\"pages\">\n<div>\n<div id=\"PDDescription\" class=\"UserContentView userContent v1a v1 bs-view dcon dc164 PDDescription\" ><dc-con><dc-con><bs-empty><\/bs-empty><\/dc-con><dc-con>        <\/p>\n<div class=\"customDescription\">                    <\/div>\n<p><\/dc-con><dc-con><\/p>\n<ul>\n<li>Nastaviteln\u00e9 \u00fachyty, kter\u00e9 umo\u017en\u00ed sed\u00e1tko p\u0159izp\u016fsobit rozm\u011br\u016fm m\u00edsy.   Rozp\u00ednac\u00ed pant je vhodn\u00fd pro b\u011b\u017en\u00fd otvor ve WC m\u00edse o O 14 mm<\/li>\n<li>Pro uchycen\u00ed zespodu pou\u017eijte \u0161rouby ND-TS-01. K objedn\u00e1n\u00ed samostatn\u011b.<\/li>\n<li>Pro uchycen\u00ed na kapotovan\u00e9 WC m\u00edsy pou\u017eijte \u0161rouby ND-TS-02. K objedn\u00e1n\u00ed   samostatn\u011b.<\/li>\n<li>Sou\u010d\u00e1st\u00ed balen\u00ed jsou uchycovac\u00ed \u0161rouby s matkou.<\/li>\n<\/ul>\n<h2 class=\"props-title\">Vlastnosti<\/h2>\n<table>\n<tr>\n<th>Zna\u010dka<\/th>\n<td>AQUALINE<\/td>\n<\/tr>\n<tr>\n<th>3D model<\/th>\n<td>ANO<\/td>\n<\/tr>\n<tr>\n<th>Rozm\u011br<\/th>\n<td>37,6&#215;43,4\u00b12 cm<\/td>\n<\/tr>\n<tr>\n<th>\u0160\u00ed\u0159ka<\/th>\n<td>376&nbsp;mm<\/td>\n<\/tr>\n<tr>\n<th>Hloubka<\/th>\n<td>434&nbsp;mm<\/td>\n<\/tr>\n<tr>\n<th>Barva<\/th>\n<td>B\u00edl\u00e1<\/td>\n<\/tr>\n<tr>\n<th>Materi\u00e1l<\/th>\n<td>Polypropylen<\/td>\n<\/tr>\n<tr>\n<th>Tvar<\/th>\n<td>Obl\u00e9<\/td>\n<\/tr>\n<tr>\n<th>Ostatn\u00ed<\/th>\n<td>Soft Close (pomal\u00e9 skl\u00e1p\u011bn\u00ed), Easy Take (odn\u00edmateln\u00e9 sed\u00e1tko)<\/td>\n<\/tr>\n<tr>\n<th>Hmotnost \/ ks<\/th>\n<td>1.7200&nbsp;kg<\/td>\n<\/tr>\n<tr>\n<th>Balen\u00ed<\/th>\n<td>1&nbsp;ks<\/td>\n<\/tr>\n<tr>\n<th>EAN<\/th>\n<td>8590913819759<\/td>\n<\/tr>\n<tr>\n<th>Taric<\/th>\n<td>39222000<\/td>\n<\/tr>\n<tr>\n<th>Z\u00e1ruka<\/th>\n<td>2 roky<\/td>\n<\/tr>\n<\/table>\n<div class=\"product-explanation-item\">\n<h3><strong>Polypropylen<\/strong><\/h3>\n<p style=\"text-align: justify;\">Vynik\u00e1 vysokou r\u00e1zovou hou\u017eevnatost\u00ed, je lehk\u00fd, stabiln\u00ed a s vysokou odolnost\u00ed. Je odoln\u00fd teplot\u00e1m do 100 \u00b0C a b\u011b\u017en\u00fdm prost\u0159edk\u016fm pou\u017e\u00edvan\u00fdm v dom\u00e1cnosti, v\u010detn\u011b organick\u00fdch kyselin, b\u011bl\u00edc\u00edch prost\u0159edk\u016f na b\u00e1zi chloru, alkoholu a olej\u016f.<\/p>\n<\/div>\n<div class=\"product-explanation-item\">\n<h3>SoftClose<\/h3>\n<div style=\"float: left;\"><img decoding=\"async\" src=\"https:\/\/eshop.sapho.cz\/img\/Vysvetlivky-ikony\/softclose_80.png\" caption=\"false\" width=\"30\" style=\"display: block; margin-left: 2px; margin-right: 10px;\" \/><\/div>\n<p style=\"text-align: justify;\">Pomoc\u00ed hydraulick\u00e9ho syst\u00e9mu v\u00edko i sed\u00e1tko pomalu dopadaj\u00ed na m\u00edsu. Pozvoln\u00e9 skl\u00e1p\u011bn\u00ed sed\u00e1tka i v\u00edka zaru\u010duje bezpe\u010dnost a zabra\u0148uje po\u0161kozen\u00ed sed\u00e1tka i WC m\u00edsy\/urin\u00e1lu.<\/p>\n<div style=\"float: left;\"><img decoding=\"async\" src=\"https:\/\/eshop.sapho.cz\/img\/_\/i.000430\/soft-close-foto.jpg\" caption=\"false\" style=\"display: block; margin-left: 40px; margin-right: 10px;\" height=\"180\" \/><\/div>\n<div style=\"clear: both;\"><\/div>\n<\/div>\n<div class=\"product-explanation-item\">\n<h3>Easy take \/ Quick release<\/h3>\n<div style=\"float: left;\"><img decoding=\"async\" src=\"https:\/\/eshop.sapho.cz\/img\/Vysvetlivky-ikony\/easy-take_80.png\" caption=\"false\" width=\"30\" style=\"display: block; margin-left: 2px; margin-right: 10px;\" \/><\/div>\n<p style=\"text-align: justify;\">Snadn\u00e9 sejmut\u00ed a upevn\u011bn\u00ed sed\u00e1tka: stisknut\u00edm tla\u010d\u00edtka (u n\u011bkter\u00fdch model\u016f pouh\u00fdm uveden\u00edm sed\u00e1tka do kolm\u00e9 polohy a vyta\u017een\u00edm) lze sed\u00e1tko sejmout z pant\u016f (podle typu obr. 1a, 1b, 1c) a n\u00e1sledn\u011b pouh\u00fdm zacvaknut\u00edm sed\u00e1tko op\u011bt nasadit (obr. 2).<\/p>\n<div style=\"float: left; width: 25%; text-align: center;\"><a href=\"https:\/\/eshop.sapho.cz\/img\/_\/i.000431\/easytake_1a.jpg\" class=\"fancybox\" rel=\"noopener\" target=\"_blank\"><img decoding=\"async\" src=\"https:\/\/eshop.sapho.cz\/img\/_\/i.000431\/easytake_1a.jpg\" caption=\"false\" style=\"display: block; margin-left: auto; margin-right: auto;\" height=\"110\" \/><\/a>1a<\/div>\n<div style=\"float: left; width: 25%; text-align: center;\"><a href=\"https:\/\/eshop.sapho.cz\/img\/nabytek-korpus-barvy\/dub_stribrny.jpg\" class=\"fancybox\" rel=\"noopener\" target=\"_blank\"><\/a><a href=\"https:\/\/eshop.sapho.cz\/img\/_\/i.000431\/easytake_1b.jpg\" class=\"fancybox\" rel=\"noopener\" target=\"_blank\"><img decoding=\"async\" src=\"https:\/\/eshop.sapho.cz\/img\/_\/i.000431\/easytake_1b.jpg\" caption=\"false\" height=\"110\" \/><\/a><br \/>1b<\/div>\n<div style=\"float: left; width: 25%; text-align: center;\"><a href=\"https:\/\/eshop.sapho.cz\/img\/_\/i.000431\/sedatko-gsi-odejmuti.jpg\" class=\"fancybox\" rel=\"noopener\" target=\"_blank\"><img decoding=\"async\" src=\"https:\/\/eshop.sapho.cz\/img\/_\/i.000431\/sedatko-gsi-odejmuti.jpg\" caption=\"false\" style=\"display: block; margin-left: auto; margin-right: auto;\" height=\"110\" \/><\/a>1c<\/div>\n<div style=\"float: left; width: 25%; text-align: center;\"><a href=\"https:\/\/eshop.sapho.cz\/img\/_\/i.000431\/easytake_3.jpg\" class=\"fancybox\" rel=\"noopener\" target=\"_blank\"><img decoding=\"async\" src=\"https:\/\/eshop.sapho.cz\/img\/_\/i.000431\/easytake_3.jpg\" caption=\"false\" style=\"display: block; margin-left: auto; margin-right: auto;\" height=\"110\" \/><\/a>2<\/div>\n<div style=\"clear: both;\"><\/div>\n<\/div>\n<p><\/dc-con><\/dc-con><\/div>\n<\/p><\/div>\n<div id=\"PDTable3\" class=\"ProductDetailTableView v3a v3 bs-view dcon dc185 PDTable3\" >\n<table>\n<thead><\/thead>\n<tbody>\n<tr class=\"attribute attr_bsshop_maker\">\n<td class=\"caption\">V\u00fdrobce<\/td>\n<td class=\"value\">Aqualine<\/td>\n<\/tr>\n<tr class=\"attribute attr_sirka\">\n<td class=\"caption\">\u0160\u00ed\u0159ka v mm<\/td>\n<td class=\"value\">380<\/td>\n<\/tr>\n<tr class=\"attribute attr_Vyska\">\n<td class=\"caption\">V\u00fd\u0161ka v mm<\/td>\n<td class=\"value\">55<\/td>\n<\/tr>\n<tr class=\"weight\">\n<td class=\"caption\"><span>Hmotnost<\/span><\/td>\n<td class=\"value\"><span>1,72 kg<\/span><\/td>\n<\/tr>\n<\/tbody>\n<\/table>\n<\/div>\n<div id=\"ProductMedia\" class=\"ProductMediaView MediaViewBase v1a v1 bs-view dcon dc409 ProductMedia\" ><bs-empty><\/bs-empty><\/p>\n<div class=\"files\">\n<div class=\"title sub\">Soubory<\/div>\n<p><a href=\"\/media\/16919\/14934-navod-uchyceni-rozperne-cz-en-de-rus.PDF?&amp;key=ZGpmIyQwNUZfMTY5MTk=\" class=\"PDF\">Dokumenty &#8211; N&#225;vod_priloha_0<\/a><a href=\"\/media\/16920\/14934-bs122.3ds?&amp;key=ZGpmIyQwNUZfMTY5MjA=\" class=\"3ds\">Dokumenty &#8211; 3D modely_priloha_1<\/a><a href=\"\/media\/16921\/14934-bs122.dxf?&amp;key=ZGpmIyQwNUZfMTY5MjE=\" class=\"dxf\">Dokumenty &#8211; 3D modely_priloha_3<\/a><a href=\"\/media\/16922\/14934-bs122.dwg?&amp;key=ZGpmIyQwNUZfMTY5MjI=\" class=\"dwg\">Dokumenty &#8211; 3D modely_priloha_2<\/a><\/div>\n<p><bs-empty><\/bs-empty><\/div>\n<div id=\"PdProductGpsr\" class=\"ProductGpsrView v1a v1 bs-view dcon dc217 PdProductGpsr\" >\n<div class=\"subject\"><dc-root class=\"dcon dc219\"><span class=\"title\">Zodpov\u011bdn&#253; subjekt:<\/span><dc-con><dc-con><span class=\"company\">UBC s.r.o.<\/span><span class=\"name\">Ubc<\/span><\/dc-con><dc-con><span class=\"street\">M\u011blnick&#225; 87<\/span><span class=\"city\">L&#237;beznice<\/span><span class=\"zip\">250 65<\/span><span class=\"country\">\u010cesko<\/span><\/dc-con><span class=\"email\">info@ubc-group.cz<\/span><span class=\"phone\">283 090 704<\/span><bs-empty><\/bs-empty><a href=\"https:\/\/www.ubc-group.cz\/#kontakt\" class=\"link\" target=\"_blank\">https:\/\/www.ubc-group.cz\/#kontakt<\/a><\/dc-con><bs-empty><\/bs-empty><\/dc-root><\/div>\n<p><bs-empty><\/bs-empty><\/div>\n<\/div>\n<div id=\"e8262626\" class=\"tabs\">\n","protected":false},"excerpt":{"rendered":"<p>Nastaviteln\u00e9 \u00fachyty, kter\u00e9 umo\u017en\u00ed sed\u00e1tko p\u0159izp\u016fsobit rozm\u011br\u016fm m\u00edsy. Rozp\u00ednac\u00ed pant je vhodn\u00fd pro b\u011b\u017en\u00fd otvor ve WC m\u00edse o O 14 mm Pro uchycen\u00ed zespodu pou\u017eijte \u0161rouby ND-TS-01. K objedn\u00e1n\u00ed samostatn\u011b. Pro uchycen\u00ed na kapotovan\u00e9 WC m\u00edsy pou\u017eijte \u0161rouby ND-TS-02. K objedn\u00e1n\u00ed samostatn\u011b. Sou\u010d\u00e1st\u00ed balen\u00ed jsou uchycovac\u00ed \u0161rouby s matkou. Vlastnosti Zna\u010dka AQUALINE 3D model [&hellip;]<\/p>\n","protected":false},"featured_media":30682,"comment_status":"open","ping_status":"open","template":"","meta":[],"product_brand":[],"product_cat":[61],"product_tag":[],"class_list":{"0":"post-30582","1":"product","2":"type-product","3":"status-publish","4":"has-post-thumbnail","6":"product_cat-vybaven-237-koupelny","8":"first","9":"instock","10":"sale","11":"shipping-taxable","12":"purchasable","13":"product-type-simple"},"yoast_head":"<!-- This site is optimized with the Yoast SEO plugin v26.8 - https:\/\/yoast.com\/product\/yoast-seo-wordpress\/ -->\n<title>Akce AQUALINE SOFIA WC sed\u00e1tko, Soft Close, Easy Take, b\u00edl\u00e1 -<\/title>\n<meta name=\"robots\" content=\"index, follow, max-snippet:-1, max-image-preview:large, max-video-preview:-1\" \/>\n<link rel=\"canonical\" href=\"https:\/\/www.domstavpro.com\/index.php\/produkt\/akce-aqualine-sofia-wc-sedatko-soft-close-easy-take-bila-30582\/\" \/>\n<meta property=\"og:locale\" content=\"cs_CZ\" \/>\n<meta property=\"og:type\" content=\"article\" \/>\n<meta property=\"og:title\" content=\"Akce AQUALINE SOFIA WC sed\u00e1tko, Soft Close, Easy Take, b\u00edl\u00e1 -\" \/>\n<meta property=\"og:description\" content=\"Nastaviteln\u00e9 \u00fachyty, kter\u00e9 umo\u017en\u00ed sed\u00e1tko p\u0159izp\u016fsobit rozm\u011br\u016fm m\u00edsy. Rozp\u00ednac\u00ed pant je vhodn\u00fd pro b\u011b\u017en\u00fd otvor ve WC m\u00edse o O 14 mm Pro uchycen\u00ed zespodu pou\u017eijte \u0161rouby ND-TS-01. K objedn\u00e1n\u00ed samostatn\u011b. Pro uchycen\u00ed na kapotovan\u00e9 WC m\u00edsy pou\u017eijte \u0161rouby ND-TS-02. K objedn\u00e1n\u00ed samostatn\u011b. Sou\u010d\u00e1st\u00ed balen\u00ed jsou uchycovac\u00ed \u0161rouby s matkou. Vlastnosti Zna\u010dka AQUALINE 3D model [&hellip;]\" \/>\n<meta property=\"og:url\" content=\"https:\/\/www.domstavpro.com\/index.php\/produkt\/akce-aqualine-sofia-wc-sedatko-soft-close-easy-take-bila-30582\/\" \/>\n<meta property=\"og:image\" content=\"https:\/\/www.domstavpro.com\/wp-content\/uploads\/2026\/SK0028786-CZ20260425-093449-0-1777080896-aqualine-sofia-wc-sedatko-soft-close-easy-take-bila.webp\" \/>\n\t<meta property=\"og:image:width\" content=\"1000\" \/>\n\t<meta property=\"og:image:height\" content=\"525\" \/>\n\t<meta property=\"og:image:type\" content=\"image\/webp\" \/>\n<meta name=\"twitter:card\" content=\"summary_large_image\" \/>\n<meta name=\"twitter:label1\" content=\"Odhadovan\u00e1 doba \u010dten\u00ed\" \/>\n\t<meta name=\"twitter:data1\" content=\"2 minuty\" \/>\n<script type=\"application\/ld+json\" class=\"yoast-schema-graph\">{\"@context\":\"https:\/\/schema.org\",\"@graph\":[{\"@type\":\"WebPage\",\"@id\":\"https:\/\/www.domstavpro.com\/index.php\/produkt\/akce-aqualine-sofia-wc-sedatko-soft-close-easy-take-bila-30582\/\",\"url\":\"https:\/\/www.domstavpro.com\/index.php\/produkt\/akce-aqualine-sofia-wc-sedatko-soft-close-easy-take-bila-30582\/\",\"name\":\"Akce AQUALINE SOFIA WC sed\u00e1tko, Soft Close, Easy Take, b\u00edl\u00e1 -\",\"isPartOf\":{\"@id\":\"https:\/\/www.domstavpro.com\/#website\"},\"primaryImageOfPage\":{\"@id\":\"https:\/\/www.domstavpro.com\/index.php\/produkt\/akce-aqualine-sofia-wc-sedatko-soft-close-easy-take-bila-30582\/#primaryimage\"},\"image\":{\"@id\":\"https:\/\/www.domstavpro.com\/index.php\/produkt\/akce-aqualine-sofia-wc-sedatko-soft-close-easy-take-bila-30582\/#primaryimage\"},\"thumbnailUrl\":\"https:\/\/www.domstavpro.com\/wp-content\/uploads\/2026\/SK0028786-CZ20260425-093449-0-1777080896-aqualine-sofia-wc-sedatko-soft-close-easy-take-bila.webp\",\"datePublished\":\"2026-04-27T15:09:05+00:00\",\"breadcrumb\":{\"@id\":\"https:\/\/www.domstavpro.com\/index.php\/produkt\/akce-aqualine-sofia-wc-sedatko-soft-close-easy-take-bila-30582\/#breadcrumb\"},\"inLanguage\":\"cs\",\"potentialAction\":[{\"@type\":\"ReadAction\",\"target\":[\"https:\/\/www.domstavpro.com\/index.php\/produkt\/akce-aqualine-sofia-wc-sedatko-soft-close-easy-take-bila-30582\/\"]}]},{\"@type\":\"ImageObject\",\"inLanguage\":\"cs\",\"@id\":\"https:\/\/www.domstavpro.com\/index.php\/produkt\/akce-aqualine-sofia-wc-sedatko-soft-close-easy-take-bila-30582\/#primaryimage\",\"url\":\"https:\/\/www.domstavpro.com\/wp-content\/uploads\/2026\/SK0028786-CZ20260425-093449-0-1777080896-aqualine-sofia-wc-sedatko-soft-close-easy-take-bila.webp\",\"contentUrl\":\"https:\/\/www.domstavpro.com\/wp-content\/uploads\/2026\/SK0028786-CZ20260425-093449-0-1777080896-aqualine-sofia-wc-sedatko-soft-close-easy-take-bila.webp\",\"width\":1000,\"height\":525},{\"@type\":\"BreadcrumbList\",\"@id\":\"https:\/\/www.domstavpro.com\/index.php\/produkt\/akce-aqualine-sofia-wc-sedatko-soft-close-easy-take-bila-30582\/#breadcrumb\",\"itemListElement\":[{\"@type\":\"ListItem\",\"position\":1,\"name\":\"Home\",\"item\":\"https:\/\/www.domstavpro.com\/\"},{\"@type\":\"ListItem\",\"position\":2,\"name\":\"Products\",\"item\":\"https:\/\/www.domstavpro.com\/index.php\/products\/\"},{\"@type\":\"ListItem\",\"position\":3,\"name\":\"Akce AQUALINE SOFIA WC sed\u00e1tko, Soft Close, Easy Take, b\u00edl\u00e1\"}]},{\"@type\":\"WebSite\",\"@id\":\"https:\/\/www.domstavpro.com\/#website\",\"url\":\"https:\/\/www.domstavpro.com\/\",\"name\":\"\",\"description\":\"\",\"potentialAction\":[{\"@type\":\"SearchAction\",\"target\":{\"@type\":\"EntryPoint\",\"urlTemplate\":\"https:\/\/www.domstavpro.com\/?s={search_term_string}\"},\"query-input\":{\"@type\":\"PropertyValueSpecification\",\"valueRequired\":true,\"valueName\":\"search_term_string\"}}],\"inLanguage\":\"cs\"}]}<\/script>\n<!-- \/ Yoast SEO plugin. -->","yoast_head_json":{"title":"Akce AQUALINE SOFIA WC sed\u00e1tko, Soft Close, Easy Take, b\u00edl\u00e1 -","robots":{"index":"index","follow":"follow","max-snippet":"max-snippet:-1","max-image-preview":"max-image-preview:large","max-video-preview":"max-video-preview:-1"},"canonical":"https:\/\/www.domstavpro.com\/index.php\/produkt\/akce-aqualine-sofia-wc-sedatko-soft-close-easy-take-bila-30582\/","og_locale":"cs_CZ","og_type":"article","og_title":"Akce AQUALINE SOFIA WC sed\u00e1tko, Soft Close, Easy Take, b\u00edl\u00e1 -","og_description":"Nastaviteln\u00e9 \u00fachyty, kter\u00e9 umo\u017en\u00ed sed\u00e1tko p\u0159izp\u016fsobit rozm\u011br\u016fm m\u00edsy. Rozp\u00ednac\u00ed pant je vhodn\u00fd pro b\u011b\u017en\u00fd otvor ve WC m\u00edse o O 14 mm Pro uchycen\u00ed zespodu pou\u017eijte \u0161rouby ND-TS-01. K objedn\u00e1n\u00ed samostatn\u011b. Pro uchycen\u00ed na kapotovan\u00e9 WC m\u00edsy pou\u017eijte \u0161rouby ND-TS-02. K objedn\u00e1n\u00ed samostatn\u011b. Sou\u010d\u00e1st\u00ed balen\u00ed jsou uchycovac\u00ed \u0161rouby s matkou. Vlastnosti Zna\u010dka AQUALINE 3D model [&hellip;]","og_url":"https:\/\/www.domstavpro.com\/index.php\/produkt\/akce-aqualine-sofia-wc-sedatko-soft-close-easy-take-bila-30582\/","og_image":[{"width":1000,"height":525,"url":"https:\/\/www.domstavpro.com\/wp-content\/uploads\/2026\/SK0028786-CZ20260425-093449-0-1777080896-aqualine-sofia-wc-sedatko-soft-close-easy-take-bila.webp","type":"image\/webp"}],"twitter_card":"summary_large_image","twitter_misc":{"Odhadovan\u00e1 doba \u010dten\u00ed":"2 minuty"},"schema":{"@context":"https:\/\/schema.org","@graph":[{"@type":"WebPage","@id":"https:\/\/www.domstavpro.com\/index.php\/produkt\/akce-aqualine-sofia-wc-sedatko-soft-close-easy-take-bila-30582\/","url":"https:\/\/www.domstavpro.com\/index.php\/produkt\/akce-aqualine-sofia-wc-sedatko-soft-close-easy-take-bila-30582\/","name":"Akce AQUALINE SOFIA WC sed\u00e1tko, Soft Close, Easy Take, b\u00edl\u00e1 -","isPartOf":{"@id":"https:\/\/www.domstavpro.com\/#website"},"primaryImageOfPage":{"@id":"https:\/\/www.domstavpro.com\/index.php\/produkt\/akce-aqualine-sofia-wc-sedatko-soft-close-easy-take-bila-30582\/#primaryimage"},"image":{"@id":"https:\/\/www.domstavpro.com\/index.php\/produkt\/akce-aqualine-sofia-wc-sedatko-soft-close-easy-take-bila-30582\/#primaryimage"},"thumbnailUrl":"https:\/\/www.domstavpro.com\/wp-content\/uploads\/2026\/SK0028786-CZ20260425-093449-0-1777080896-aqualine-sofia-wc-sedatko-soft-close-easy-take-bila.webp","datePublished":"2026-04-27T15:09:05+00:00","breadcrumb":{"@id":"https:\/\/www.domstavpro.com\/index.php\/produkt\/akce-aqualine-sofia-wc-sedatko-soft-close-easy-take-bila-30582\/#breadcrumb"},"inLanguage":"cs","potentialAction":[{"@type":"ReadAction","target":["https:\/\/www.domstavpro.com\/index.php\/produkt\/akce-aqualine-sofia-wc-sedatko-soft-close-easy-take-bila-30582\/"]}]},{"@type":"ImageObject","inLanguage":"cs","@id":"https:\/\/www.domstavpro.com\/index.php\/produkt\/akce-aqualine-sofia-wc-sedatko-soft-close-easy-take-bila-30582\/#primaryimage","url":"https:\/\/www.domstavpro.com\/wp-content\/uploads\/2026\/SK0028786-CZ20260425-093449-0-1777080896-aqualine-sofia-wc-sedatko-soft-close-easy-take-bila.webp","contentUrl":"https:\/\/www.domstavpro.com\/wp-content\/uploads\/2026\/SK0028786-CZ20260425-093449-0-1777080896-aqualine-sofia-wc-sedatko-soft-close-easy-take-bila.webp","width":1000,"height":525},{"@type":"BreadcrumbList","@id":"https:\/\/www.domstavpro.com\/index.php\/produkt\/akce-aqualine-sofia-wc-sedatko-soft-close-easy-take-bila-30582\/#breadcrumb","itemListElement":[{"@type":"ListItem","position":1,"name":"Home","item":"https:\/\/www.domstavpro.com\/"},{"@type":"ListItem","position":2,"name":"Products","item":"https:\/\/www.domstavpro.com\/index.php\/products\/"},{"@type":"ListItem","position":3,"name":"Akce AQUALINE SOFIA WC sed\u00e1tko, Soft Close, Easy Take, b\u00edl\u00e1"}]},{"@type":"WebSite","@id":"https:\/\/www.domstavpro.com\/#website","url":"https:\/\/www.domstavpro.com\/","name":"","description":"","potentialAction":[{"@type":"SearchAction","target":{"@type":"EntryPoint","urlTemplate":"https:\/\/www.domstavpro.com\/?s={search_term_string}"},"query-input":{"@type":"PropertyValueSpecification","valueRequired":true,"valueName":"search_term_string"}}],"inLanguage":"cs"}]}},"_links":{"self":[{"href":"https:\/\/www.domstavpro.com\/index.php\/wp-json\/wp\/v2\/product\/30582","targetHints":{"allow":["GET"]}}],"collection":[{"href":"https:\/\/www.domstavpro.com\/index.php\/wp-json\/wp\/v2\/product"}],"about":[{"href":"https:\/\/www.domstavpro.com\/index.php\/wp-json\/wp\/v2\/types\/product"}],"replies":[{"embeddable":true,"href":"https:\/\/www.domstavpro.com\/index.php\/wp-json\/wp\/v2\/comments?post=30582"}],"wp:featuredmedia":[{"embeddable":true,"href":"https:\/\/www.domstavpro.com\/index.php\/wp-json\/wp\/v2\/media\/30682"}],"wp:attachment":[{"href":"https:\/\/www.domstavpro.com\/index.php\/wp-json\/wp\/v2\/media?parent=30582"}],"wp:term":[{"taxonomy":"product_brand","embeddable":true,"href":"https:\/\/www.domstavpro.com\/index.php\/wp-json\/wp\/v2\/product_brand?post=30582"},{"taxonomy":"product_cat","embeddable":true,"href":"https:\/\/www.domstavpro.com\/index.php\/wp-json\/wp\/v2\/product_cat?post=30582"},{"taxonomy":"product_tag","embeddable":true,"href":"https:\/\/www.domstavpro.com\/index.php\/wp-json\/wp\/v2\/product_tag?post=30582"}],"curies":[{"name":"wp","href":"https:\/\/api.w.org\/{rel}","templated":true}]}}