{"id":30389,"date":"2026-04-27T15:09:05","date_gmt":"2026-04-27T15:09:05","guid":{"rendered":""},"modified":"2026-04-27T15:09:05","modified_gmt":"2026-04-27T15:09:05","slug":"akce-sapho-blok-kamenne-umyvatko-38x14cm-baterie-vpravo-antracit-30389","status":"publish","type":"product","link":"https:\/\/www.domstavpro.com\/index.php\/produkt\/akce-sapho-blok-kamenne-umyvatko-38x14cm-baterie-vpravo-antracit-30389\/","title":{"rendered":"Akce SAPHO BLOK kamenn\u00e9 um\u00fdv\u00e1tko 38x14cm, baterie vpravo, antracit"},"content":{"rendered":"<div id=\"e8854113\" class=\"pages\">\n<div>\n<div id=\"PDDescription\" class=\"UserContentView userContent v1a v1 bs-view dcon dc164 PDDescription\" ><dc-con><dc-con><bs-empty><\/bs-empty><\/dc-con><dc-con>        <\/p>\n<div class=\"customDescription\">                    <\/div>\n<p><\/dc-con><dc-con><\/p>\n<ul>\n<li>Textura kamenn\u00fdch umyvadel je u ka\u017ed\u00e9ho kusu origin\u00e1ln\u00ed.<\/li>\n<li>Nen\u00ed ur\u010deno pro venkovn\u00ed pou\u017eit\u00ed.<\/li>\n<li>Tip: Doporu\u010dujeme pou\u017e\u00edt podlo\u017eku mezi umyvadlo a desku, kter\u00e1 umo\u017e\u0148uje   snaz\u0161\u00ed upevn\u011bn\u00ed a ut\u011bsn\u011bn\u00ed umyvadel na desku, kde umyvadla ve spodn\u00ed \u010d\u00e1sti   nemaj\u00ed rovnou plochu. V horn\u00ed i spodn\u00ed \u010d\u00e1sti podlo\u017eky je pr\u016fhledn\u00e9 t\u011bsn\u011bn\u00ed.   Podlo\u017ekou pak proch\u00e1z\u00ed v\u00fdpust. Pro umyvadla bez p\u0159epadu doporu\u010dujeme   uzav\u00edratelnou nebo neuzav\u00edratelnou v\u00fdpust s del\u0161\u00edm \u0161rouben\u00edm, s mo\u017enost\u00ed   zkr\u00e1cen\u00ed podle tlou\u0161\u0165ky desky.<\/li>\n<\/ul>\n<h2 class=\"props-title\">Vlastnosti<\/h2>\n<table>\n<tr>\n<th>Zna\u010dka<\/th>\n<td>SAPHO<\/td>\n<\/tr>\n<tr>\n<th>S\u00e9rie<\/th>\n<td>BLOK, SMALL<\/td>\n<\/tr>\n<tr>\n<th>3D model<\/th>\n<td>ANO<\/td>\n<\/tr>\n<tr>\n<th>Rozm\u011br<\/th>\n<td>38x8x14 cm<\/td>\n<\/tr>\n<tr>\n<th>\u0160\u00ed\u0159ka<\/th>\n<td>380&nbsp;mm<\/td>\n<\/tr>\n<tr>\n<th>V\u00fd\u0161ka<\/th>\n<td>80&nbsp;mm<\/td>\n<\/tr>\n<tr>\n<th>Hloubka<\/th>\n<td>140&nbsp;mm<\/td>\n<\/tr>\n<tr>\n<th>Barva<\/th>\n<td>\u010cern\u00e1<\/td>\n<\/tr>\n<tr>\n<th>Materi\u00e1l<\/th>\n<td>K\u00e1men<\/td>\n<\/tr>\n<tr>\n<th>Instalace<\/th>\n<td>N\u00e1st\u011bnn\u00e1-\u0161rouby<\/td>\n<\/tr>\n<tr>\n<th>Typ umyvadla<\/th>\n<td>Um\u00fdv\u00e1tko (mal\u00e9)<\/td>\n<\/tr>\n<tr>\n<th>Otvor pro baterii<\/th>\n<td>1 otvor<\/td>\n<\/tr>\n<tr>\n<th>P\u0159epad<\/th>\n<td>NE<\/td>\n<\/tr>\n<tr>\n<th>Tvar<\/th>\n<td>Obd\u00e9ln\u00edk<\/td>\n<\/tr>\n<tr>\n<th>Hmotnost \/ ks<\/th>\n<td>12.0000&nbsp;kg<\/td>\n<\/tr>\n<tr>\n<th>Balen\u00ed<\/th>\n<td>1&nbsp;ks<\/td>\n<\/tr>\n<tr>\n<th>EAN<\/th>\n<td>8590913940859<\/td>\n<\/tr>\n<tr>\n<th>Taric<\/th>\n<td>68029910<\/td>\n<\/tr>\n<tr>\n<th>Z\u00e1ruka<\/th>\n<td>2 roky<\/td>\n<\/tr>\n<\/table>\n<p><\/dc-con><\/dc-con><\/div>\n<\/p><\/div>\n<div id=\"PDTable3\" class=\"ProductDetailTableView v3a v3 bs-view dcon dc185 PDTable3\" >\n<table>\n<thead><\/thead>\n<tbody>\n<tr class=\"attribute attr_bsshop_maker\">\n<td class=\"caption\">V\u00fdrobce<\/td>\n<td class=\"value\">Sapho<\/td>\n<\/tr>\n<tr class=\"attribute attr_sirka\">\n<td class=\"caption\">\u0160\u00ed\u0159ka v mm<\/td>\n<td class=\"value\">380<\/td>\n<\/tr>\n<tr class=\"attribute attr_Vyska\">\n<td class=\"caption\">V\u00fd\u0161ka v mm<\/td>\n<td class=\"value\">100<\/td>\n<\/tr>\n<tr class=\"weight\">\n<td class=\"caption\"><span>Hmotnost<\/span><\/td>\n<td class=\"value\"><span>12,00 kg<\/span><\/td>\n<\/tr>\n<\/tbody>\n<\/table>\n<\/div>\n<div id=\"ProductMedia\" class=\"ProductMediaView MediaViewBase v1a v1 bs-view dcon dc409 ProductMedia\" ><bs-empty><\/bs-empty><\/p>\n<div class=\"files\">\n<div class=\"title sub\">Soubory<\/div>\n<p><a href=\"\/media\/39260\/38166-2401-31.dwg?&amp;key=ZGpmIyQwNUZfMzkyNjA=\" class=\"dwg\">Dokumenty &#8211; 3D modely_priloha_1<\/a><a href=\"\/media\/39261\/38166-2401-31.3ds?&amp;key=ZGpmIyQwNUZfMzkyNjE=\" class=\"3ds\">Dokumenty &#8211; 3D modely_priloha_0<\/a><a href=\"\/media\/39262\/38166-2401-31.dxf?&amp;key=ZGpmIyQwNUZfMzkyNjI=\" class=\"dxf\">Dokumenty &#8211; 3D modely_priloha_2<\/a><\/div>\n<p><bs-empty><\/bs-empty><\/div>\n<div id=\"PdProductGpsr\" class=\"ProductGpsrView v1a v1 bs-view dcon dc217 PdProductGpsr\" >\n<div class=\"subject\"><dc-root class=\"dcon dc219\"><span class=\"title\">Zodpov\u011bdn&#253; subjekt:<\/span><dc-con><dc-con><span class=\"company\">UBC s.r.o.<\/span><span class=\"name\">Sapho<\/span><\/dc-con><dc-con><span class=\"street\">M\u011blnick&#225; 87<\/span><span class=\"city\">L&#237;beznice<\/span><span class=\"zip\">250 65<\/span><span class=\"country\">\u010cesko<\/span><\/dc-con><span class=\"email\">info@ubc-group.cz<\/span><span class=\"phone\">283 090 704<\/span><bs-empty><\/bs-empty><a href=\"https:\/\/www.ubc-group.cz\/#kontakt\" class=\"link\" target=\"_blank\">https:\/\/www.ubc-group.cz\/#kontakt<\/a><\/dc-con><bs-empty><\/bs-empty><\/dc-root><\/div>\n<p><bs-empty><\/bs-empty><\/div>\n<\/div>\n<div id=\"e8854114\" class=\"tabs\">\n","protected":false},"excerpt":{"rendered":"<p>Textura kamenn\u00fdch umyvadel je u ka\u017ed\u00e9ho kusu origin\u00e1ln\u00ed. Nen\u00ed ur\u010deno pro venkovn\u00ed pou\u017eit\u00ed. Tip: Doporu\u010dujeme pou\u017e\u00edt podlo\u017eku mezi umyvadlo a desku, kter\u00e1 umo\u017e\u0148uje snaz\u0161\u00ed upevn\u011bn\u00ed a ut\u011bsn\u011bn\u00ed umyvadel na desku, kde umyvadla ve spodn\u00ed \u010d\u00e1sti nemaj\u00ed rovnou plochu. V horn\u00ed i spodn\u00ed \u010d\u00e1sti podlo\u017eky je pr\u016fhledn\u00e9 t\u011bsn\u011bn\u00ed. Podlo\u017ekou pak proch\u00e1z\u00ed v\u00fdpust. Pro umyvadla bez p\u0159epadu [&hellip;]<\/p>\n","protected":false},"featured_media":30489,"comment_status":"open","ping_status":"open","template":"","meta":[],"product_brand":[],"product_cat":[61],"product_tag":[],"class_list":{"0":"post-30389","1":"product","2":"type-product","3":"status-publish","4":"has-post-thumbnail","6":"product_cat-vybaven-237-koupelny","8":"first","9":"instock","10":"sale","11":"shipping-taxable","12":"purchasable","13":"product-type-simple"},"yoast_head":"<!-- This site is optimized with the Yoast SEO plugin v26.8 - https:\/\/yoast.com\/product\/yoast-seo-wordpress\/ -->\n<title>Akce SAPHO BLOK kamenn\u00e9 um\u00fdv\u00e1tko 38x14cm, baterie vpravo, antracit -<\/title>\n<meta name=\"robots\" content=\"index, follow, max-snippet:-1, max-image-preview:large, max-video-preview:-1\" \/>\n<link rel=\"canonical\" href=\"https:\/\/www.domstavpro.com\/index.php\/produkt\/akce-sapho-blok-kamenne-umyvatko-38x14cm-baterie-vpravo-antracit-30389\/\" \/>\n<meta property=\"og:locale\" content=\"cs_CZ\" \/>\n<meta property=\"og:type\" content=\"article\" \/>\n<meta property=\"og:title\" content=\"Akce SAPHO BLOK kamenn\u00e9 um\u00fdv\u00e1tko 38x14cm, baterie vpravo, antracit -\" \/>\n<meta property=\"og:description\" content=\"Textura kamenn\u00fdch umyvadel je u ka\u017ed\u00e9ho kusu origin\u00e1ln\u00ed. Nen\u00ed ur\u010deno pro venkovn\u00ed pou\u017eit\u00ed. Tip: Doporu\u010dujeme pou\u017e\u00edt podlo\u017eku mezi umyvadlo a desku, kter\u00e1 umo\u017e\u0148uje snaz\u0161\u00ed upevn\u011bn\u00ed a ut\u011bsn\u011bn\u00ed umyvadel na desku, kde umyvadla ve spodn\u00ed \u010d\u00e1sti nemaj\u00ed rovnou plochu. V horn\u00ed i spodn\u00ed \u010d\u00e1sti podlo\u017eky je pr\u016fhledn\u00e9 t\u011bsn\u011bn\u00ed. Podlo\u017ekou pak proch\u00e1z\u00ed v\u00fdpust. Pro umyvadla bez p\u0159epadu [&hellip;]\" \/>\n<meta property=\"og:url\" content=\"https:\/\/www.domstavpro.com\/index.php\/produkt\/akce-sapho-blok-kamenne-umyvatko-38x14cm-baterie-vpravo-antracit-30389\/\" \/>\n<meta property=\"og:image\" content=\"https:\/\/www.domstavpro.com\/wp-content\/uploads\/2026\/SK0028689-CZ20260425-093449-0-1777080896-sapho-blok-kamenne-umyvatko-38x14cm-baterie-vpravo-antracit.webp\" \/>\n\t<meta property=\"og:image:width\" content=\"1000\" \/>\n\t<meta property=\"og:image:height\" content=\"525\" \/>\n\t<meta property=\"og:image:type\" content=\"image\/webp\" \/>\n<meta name=\"twitter:card\" content=\"summary_large_image\" \/>\n<meta name=\"twitter:label1\" content=\"Odhadovan\u00e1 doba \u010dten\u00ed\" \/>\n\t<meta name=\"twitter:data1\" content=\"1 minuta\" \/>\n<script type=\"application\/ld+json\" class=\"yoast-schema-graph\">{\"@context\":\"https:\/\/schema.org\",\"@graph\":[{\"@type\":\"WebPage\",\"@id\":\"https:\/\/www.domstavpro.com\/index.php\/produkt\/akce-sapho-blok-kamenne-umyvatko-38x14cm-baterie-vpravo-antracit-30389\/\",\"url\":\"https:\/\/www.domstavpro.com\/index.php\/produkt\/akce-sapho-blok-kamenne-umyvatko-38x14cm-baterie-vpravo-antracit-30389\/\",\"name\":\"Akce SAPHO BLOK kamenn\u00e9 um\u00fdv\u00e1tko 38x14cm, baterie vpravo, antracit -\",\"isPartOf\":{\"@id\":\"https:\/\/www.domstavpro.com\/#website\"},\"primaryImageOfPage\":{\"@id\":\"https:\/\/www.domstavpro.com\/index.php\/produkt\/akce-sapho-blok-kamenne-umyvatko-38x14cm-baterie-vpravo-antracit-30389\/#primaryimage\"},\"image\":{\"@id\":\"https:\/\/www.domstavpro.com\/index.php\/produkt\/akce-sapho-blok-kamenne-umyvatko-38x14cm-baterie-vpravo-antracit-30389\/#primaryimage\"},\"thumbnailUrl\":\"https:\/\/www.domstavpro.com\/wp-content\/uploads\/2026\/SK0028689-CZ20260425-093449-0-1777080896-sapho-blok-kamenne-umyvatko-38x14cm-baterie-vpravo-antracit.webp\",\"datePublished\":\"2026-04-27T15:09:05+00:00\",\"breadcrumb\":{\"@id\":\"https:\/\/www.domstavpro.com\/index.php\/produkt\/akce-sapho-blok-kamenne-umyvatko-38x14cm-baterie-vpravo-antracit-30389\/#breadcrumb\"},\"inLanguage\":\"cs\",\"potentialAction\":[{\"@type\":\"ReadAction\",\"target\":[\"https:\/\/www.domstavpro.com\/index.php\/produkt\/akce-sapho-blok-kamenne-umyvatko-38x14cm-baterie-vpravo-antracit-30389\/\"]}]},{\"@type\":\"ImageObject\",\"inLanguage\":\"cs\",\"@id\":\"https:\/\/www.domstavpro.com\/index.php\/produkt\/akce-sapho-blok-kamenne-umyvatko-38x14cm-baterie-vpravo-antracit-30389\/#primaryimage\",\"url\":\"https:\/\/www.domstavpro.com\/wp-content\/uploads\/2026\/SK0028689-CZ20260425-093449-0-1777080896-sapho-blok-kamenne-umyvatko-38x14cm-baterie-vpravo-antracit.webp\",\"contentUrl\":\"https:\/\/www.domstavpro.com\/wp-content\/uploads\/2026\/SK0028689-CZ20260425-093449-0-1777080896-sapho-blok-kamenne-umyvatko-38x14cm-baterie-vpravo-antracit.webp\",\"width\":1000,\"height\":525},{\"@type\":\"BreadcrumbList\",\"@id\":\"https:\/\/www.domstavpro.com\/index.php\/produkt\/akce-sapho-blok-kamenne-umyvatko-38x14cm-baterie-vpravo-antracit-30389\/#breadcrumb\",\"itemListElement\":[{\"@type\":\"ListItem\",\"position\":1,\"name\":\"Home\",\"item\":\"https:\/\/www.domstavpro.com\/\"},{\"@type\":\"ListItem\",\"position\":2,\"name\":\"Products\",\"item\":\"https:\/\/www.domstavpro.com\/index.php\/products\/\"},{\"@type\":\"ListItem\",\"position\":3,\"name\":\"Akce SAPHO BLOK kamenn\u00e9 um\u00fdv\u00e1tko 38x14cm, baterie vpravo, antracit\"}]},{\"@type\":\"WebSite\",\"@id\":\"https:\/\/www.domstavpro.com\/#website\",\"url\":\"https:\/\/www.domstavpro.com\/\",\"name\":\"\",\"description\":\"\",\"potentialAction\":[{\"@type\":\"SearchAction\",\"target\":{\"@type\":\"EntryPoint\",\"urlTemplate\":\"https:\/\/www.domstavpro.com\/?s={search_term_string}\"},\"query-input\":{\"@type\":\"PropertyValueSpecification\",\"valueRequired\":true,\"valueName\":\"search_term_string\"}}],\"inLanguage\":\"cs\"}]}<\/script>\n<!-- \/ Yoast SEO plugin. -->","yoast_head_json":{"title":"Akce SAPHO BLOK kamenn\u00e9 um\u00fdv\u00e1tko 38x14cm, baterie vpravo, antracit -","robots":{"index":"index","follow":"follow","max-snippet":"max-snippet:-1","max-image-preview":"max-image-preview:large","max-video-preview":"max-video-preview:-1"},"canonical":"https:\/\/www.domstavpro.com\/index.php\/produkt\/akce-sapho-blok-kamenne-umyvatko-38x14cm-baterie-vpravo-antracit-30389\/","og_locale":"cs_CZ","og_type":"article","og_title":"Akce SAPHO BLOK kamenn\u00e9 um\u00fdv\u00e1tko 38x14cm, baterie vpravo, antracit -","og_description":"Textura kamenn\u00fdch umyvadel je u ka\u017ed\u00e9ho kusu origin\u00e1ln\u00ed. Nen\u00ed ur\u010deno pro venkovn\u00ed pou\u017eit\u00ed. Tip: Doporu\u010dujeme pou\u017e\u00edt podlo\u017eku mezi umyvadlo a desku, kter\u00e1 umo\u017e\u0148uje snaz\u0161\u00ed upevn\u011bn\u00ed a ut\u011bsn\u011bn\u00ed umyvadel na desku, kde umyvadla ve spodn\u00ed \u010d\u00e1sti nemaj\u00ed rovnou plochu. V horn\u00ed i spodn\u00ed \u010d\u00e1sti podlo\u017eky je pr\u016fhledn\u00e9 t\u011bsn\u011bn\u00ed. Podlo\u017ekou pak proch\u00e1z\u00ed v\u00fdpust. Pro umyvadla bez p\u0159epadu [&hellip;]","og_url":"https:\/\/www.domstavpro.com\/index.php\/produkt\/akce-sapho-blok-kamenne-umyvatko-38x14cm-baterie-vpravo-antracit-30389\/","og_image":[{"width":1000,"height":525,"url":"https:\/\/www.domstavpro.com\/wp-content\/uploads\/2026\/SK0028689-CZ20260425-093449-0-1777080896-sapho-blok-kamenne-umyvatko-38x14cm-baterie-vpravo-antracit.webp","type":"image\/webp"}],"twitter_card":"summary_large_image","twitter_misc":{"Odhadovan\u00e1 doba \u010dten\u00ed":"1 minuta"},"schema":{"@context":"https:\/\/schema.org","@graph":[{"@type":"WebPage","@id":"https:\/\/www.domstavpro.com\/index.php\/produkt\/akce-sapho-blok-kamenne-umyvatko-38x14cm-baterie-vpravo-antracit-30389\/","url":"https:\/\/www.domstavpro.com\/index.php\/produkt\/akce-sapho-blok-kamenne-umyvatko-38x14cm-baterie-vpravo-antracit-30389\/","name":"Akce SAPHO BLOK kamenn\u00e9 um\u00fdv\u00e1tko 38x14cm, baterie vpravo, antracit -","isPartOf":{"@id":"https:\/\/www.domstavpro.com\/#website"},"primaryImageOfPage":{"@id":"https:\/\/www.domstavpro.com\/index.php\/produkt\/akce-sapho-blok-kamenne-umyvatko-38x14cm-baterie-vpravo-antracit-30389\/#primaryimage"},"image":{"@id":"https:\/\/www.domstavpro.com\/index.php\/produkt\/akce-sapho-blok-kamenne-umyvatko-38x14cm-baterie-vpravo-antracit-30389\/#primaryimage"},"thumbnailUrl":"https:\/\/www.domstavpro.com\/wp-content\/uploads\/2026\/SK0028689-CZ20260425-093449-0-1777080896-sapho-blok-kamenne-umyvatko-38x14cm-baterie-vpravo-antracit.webp","datePublished":"2026-04-27T15:09:05+00:00","breadcrumb":{"@id":"https:\/\/www.domstavpro.com\/index.php\/produkt\/akce-sapho-blok-kamenne-umyvatko-38x14cm-baterie-vpravo-antracit-30389\/#breadcrumb"},"inLanguage":"cs","potentialAction":[{"@type":"ReadAction","target":["https:\/\/www.domstavpro.com\/index.php\/produkt\/akce-sapho-blok-kamenne-umyvatko-38x14cm-baterie-vpravo-antracit-30389\/"]}]},{"@type":"ImageObject","inLanguage":"cs","@id":"https:\/\/www.domstavpro.com\/index.php\/produkt\/akce-sapho-blok-kamenne-umyvatko-38x14cm-baterie-vpravo-antracit-30389\/#primaryimage","url":"https:\/\/www.domstavpro.com\/wp-content\/uploads\/2026\/SK0028689-CZ20260425-093449-0-1777080896-sapho-blok-kamenne-umyvatko-38x14cm-baterie-vpravo-antracit.webp","contentUrl":"https:\/\/www.domstavpro.com\/wp-content\/uploads\/2026\/SK0028689-CZ20260425-093449-0-1777080896-sapho-blok-kamenne-umyvatko-38x14cm-baterie-vpravo-antracit.webp","width":1000,"height":525},{"@type":"BreadcrumbList","@id":"https:\/\/www.domstavpro.com\/index.php\/produkt\/akce-sapho-blok-kamenne-umyvatko-38x14cm-baterie-vpravo-antracit-30389\/#breadcrumb","itemListElement":[{"@type":"ListItem","position":1,"name":"Home","item":"https:\/\/www.domstavpro.com\/"},{"@type":"ListItem","position":2,"name":"Products","item":"https:\/\/www.domstavpro.com\/index.php\/products\/"},{"@type":"ListItem","position":3,"name":"Akce SAPHO BLOK kamenn\u00e9 um\u00fdv\u00e1tko 38x14cm, baterie vpravo, antracit"}]},{"@type":"WebSite","@id":"https:\/\/www.domstavpro.com\/#website","url":"https:\/\/www.domstavpro.com\/","name":"","description":"","potentialAction":[{"@type":"SearchAction","target":{"@type":"EntryPoint","urlTemplate":"https:\/\/www.domstavpro.com\/?s={search_term_string}"},"query-input":{"@type":"PropertyValueSpecification","valueRequired":true,"valueName":"search_term_string"}}],"inLanguage":"cs"}]}},"_links":{"self":[{"href":"https:\/\/www.domstavpro.com\/index.php\/wp-json\/wp\/v2\/product\/30389","targetHints":{"allow":["GET"]}}],"collection":[{"href":"https:\/\/www.domstavpro.com\/index.php\/wp-json\/wp\/v2\/product"}],"about":[{"href":"https:\/\/www.domstavpro.com\/index.php\/wp-json\/wp\/v2\/types\/product"}],"replies":[{"embeddable":true,"href":"https:\/\/www.domstavpro.com\/index.php\/wp-json\/wp\/v2\/comments?post=30389"}],"wp:featuredmedia":[{"embeddable":true,"href":"https:\/\/www.domstavpro.com\/index.php\/wp-json\/wp\/v2\/media\/30489"}],"wp:attachment":[{"href":"https:\/\/www.domstavpro.com\/index.php\/wp-json\/wp\/v2\/media?parent=30389"}],"wp:term":[{"taxonomy":"product_brand","embeddable":true,"href":"https:\/\/www.domstavpro.com\/index.php\/wp-json\/wp\/v2\/product_brand?post=30389"},{"taxonomy":"product_cat","embeddable":true,"href":"https:\/\/www.domstavpro.com\/index.php\/wp-json\/wp\/v2\/product_cat?post=30389"},{"taxonomy":"product_tag","embeddable":true,"href":"https:\/\/www.domstavpro.com\/index.php\/wp-json\/wp\/v2\/product_tag?post=30389"}],"curies":[{"name":"wp","href":"https:\/\/api.w.org\/{rel}","templated":true}]}}