{"id":30370,"date":"2026-04-27T15:09:05","date_gmt":"2026-04-27T15:09:05","guid":{"rendered":""},"modified":"2026-04-27T15:09:05","modified_gmt":"2026-04-27T15:09:05","slug":"akce-kerasan-cento-keramicke-umyvatko-45x25cm-prave-leve-bila-30370","status":"publish","type":"product","link":"https:\/\/www.domstavpro.com\/index.php\/produkt\/akce-kerasan-cento-keramicke-umyvatko-45x25cm-prave-leve-bila-30370\/","title":{"rendered":"Akce KERASAN CENTO keramick\u00e9 um\u00fdv\u00e1tko 45x25cm, prav\u00e9\/lev\u00e9, b\u00edl\u00e1"},"content":{"rendered":"<div id=\"e8215942\" class=\"pages\">\n<div>\n<div id=\"PDDescription\" class=\"UserContentView userContent v1a v1 bs-view dcon dc164 PDDescription\" ><dc-con><dc-con><bs-empty><\/bs-empty><\/dc-con><dc-con>        <\/p>\n<div class=\"customDescription\">                    <\/div>\n<p><\/dc-con><dc-con><\/p>\n<p>Glazovan\u00e9 ze v\u0161ech stran, mo\u017enost instalace zav\u011b\u0161en\u00edm na st\u011bnu za krat\u0161\u00ed i del\u0161\u00ed stranu, m\u00e1 p\u0159edp\u0159ipraven\u00e9 otvory pro vyra\u017een\u00ed.<\/p>\n<p style=\"text-align: justify;\">Nekompromisn\u00ed design, kter\u00fd stav\u00ed na odiv z\u00e1kladn\u00ed geometrick\u00e9 tvary. \u0160irok\u00e1 variabilita rozm\u011br\u016f a velikost\u00ed zp\u0159\u00edjemn\u00ed pobyt v koupeln\u011b. Italsk\u00fd v\u00fdrobce Kerasan pojmenoval s\u00e9rii CENTO, co\u017e znamen\u00e1 italsky sto a motto s\u00e9rie je: \u201eSto d\u016fvod\u016f, pro\u010d se zamilovat na prvn\u00ed pohled\u201c.<\/p>\n<h2 class=\"props-title\">Vlastnosti<\/h2>\n<table>\n<tr>\n<th>Zna\u010dka<\/th>\n<td>KERASAN<\/td>\n<\/tr>\n<tr>\n<th>S\u00e9rie<\/th>\n<td>CENTO<\/td>\n<\/tr>\n<tr>\n<th>3D model<\/th>\n<td>ANO<\/td>\n<\/tr>\n<tr>\n<th>Rozm\u011br<\/th>\n<td>25x10x45 cm<\/td>\n<\/tr>\n<tr>\n<th>\u0160\u00ed\u0159ka<\/th>\n<td>450&nbsp;mm<\/td>\n<\/tr>\n<tr>\n<th>Hloubka<\/th>\n<td>250&nbsp;mm<\/td>\n<\/tr>\n<tr>\n<th>Barva<\/th>\n<td>B\u00edl\u00e1<\/td>\n<\/tr>\n<tr>\n<th>Materi\u00e1l<\/th>\n<td>Keramika<\/td>\n<\/tr>\n<tr>\n<th>Instalace<\/th>\n<td>N\u00e1st\u011bnn\u00e1-\u0161rouby, K postaven\u00ed<\/td>\n<\/tr>\n<tr>\n<th>Typ umyvadla<\/th>\n<td>Um\u00fdv\u00e1tko (mal\u00e9)<\/td>\n<\/tr>\n<tr>\n<th>Otvor pro baterii<\/th>\n<td>1 otvor<\/td>\n<\/tr>\n<tr>\n<th>P\u0159epad<\/th>\n<td>ANO<\/td>\n<\/tr>\n<tr>\n<th>Tvar<\/th>\n<td>Obd\u00e9ln\u00edk<\/td>\n<\/tr>\n<tr>\n<th>Hmotnost \/ ks<\/th>\n<td>7.4100&nbsp;kg<\/td>\n<\/tr>\n<tr>\n<th>Balen\u00ed<\/th>\n<td>1&nbsp;ks<\/td>\n<\/tr>\n<tr>\n<th>EAN<\/th>\n<td>8034125974283<\/td>\n<\/tr>\n<tr>\n<th>Taric<\/th>\n<td>69109000<\/td>\n<\/tr>\n<tr>\n<th>Z\u00e1ruka<\/th>\n<td>2 roky<\/td>\n<\/tr>\n<\/table>\n<p><\/dc-con><\/dc-con><\/div>\n<\/p><\/div>\n<div id=\"PDTable3\" class=\"ProductDetailTableView v3a v3 bs-view dcon dc185 PDTable3\" >\n<table>\n<thead><\/thead>\n<tbody>\n<tr class=\"attribute attr_bsshop_maker\">\n<td class=\"caption\">V\u00fdrobce<\/td>\n<td class=\"value\">Kerasan<\/td>\n<\/tr>\n<tr class=\"attribute attr_sirka\">\n<td class=\"caption\">\u0160\u00ed\u0159ka v mm<\/td>\n<td class=\"value\">456<\/td>\n<\/tr>\n<tr class=\"attribute attr_Vyska\">\n<td class=\"caption\">V\u00fd\u0161ka v mm<\/td>\n<td class=\"value\">136<\/td>\n<\/tr>\n<tr class=\"weight\">\n<td class=\"caption\"><span>Hmotnost<\/span><\/td>\n<td class=\"value\"><span>7,41 kg<\/span><\/td>\n<\/tr>\n<\/tbody>\n<\/table>\n<\/div>\n<div id=\"ProductMedia\" class=\"ProductMediaView MediaViewBase v1a v1 bs-view dcon dc409 ProductMedia\" ><bs-empty><\/bs-empty><\/p>\n<div class=\"files\">\n<div class=\"title sub\">Soubory<\/div>\n<p><a href=\"\/media\/16193\/7809-353701.DWG?&amp;key=ZGpmIyQwNUZfMTYxOTM=\" class=\"DWG\">Dokumenty &#8211; 3D modely_priloha_2<\/a><a href=\"\/media\/16194\/7809-353701.O2C?&amp;key=ZGpmIyQwNUZfMTYxOTQ=\" class=\"O2C\">Dokumenty &#8211; 3D modely_priloha_0<\/a><a href=\"\/media\/16195\/7809-353701.DXF?&amp;key=ZGpmIyQwNUZfMTYxOTU=\" class=\"DXF\">Dokumenty &#8211; 3D modely_priloha_1<\/a><a href=\"\/media\/16196\/7809-353701.3DS?&amp;key=ZGpmIyQwNUZfMTYxOTY=\" class=\"3DS\">Dokumenty &#8211; 3D modely_priloha_3<\/a><\/div>\n<p><bs-empty><\/bs-empty><\/div>\n<\/div>\n<div id=\"e8215943\" class=\"tabs\">\n","protected":false},"excerpt":{"rendered":"<p>Glazovan\u00e9 ze v\u0161ech stran, mo\u017enost instalace zav\u011b\u0161en\u00edm na st\u011bnu za krat\u0161\u00ed i del\u0161\u00ed stranu, m\u00e1 p\u0159edp\u0159ipraven\u00e9 otvory pro vyra\u017een\u00ed. Nekompromisn\u00ed design, kter\u00fd stav\u00ed na odiv z\u00e1kladn\u00ed geometrick\u00e9 tvary. \u0160irok\u00e1 variabilita rozm\u011br\u016f a velikost\u00ed zp\u0159\u00edjemn\u00ed pobyt v koupeln\u011b. Italsk\u00fd v\u00fdrobce Kerasan pojmenoval s\u00e9rii CENTO, co\u017e znamen\u00e1 italsky sto a motto s\u00e9rie je: \u201eSto d\u016fvod\u016f, pro\u010d se [&hellip;]<\/p>\n","protected":false},"featured_media":30470,"comment_status":"open","ping_status":"open","template":"","meta":[],"product_brand":[],"product_cat":[61],"product_tag":[],"class_list":{"0":"post-30370","1":"product","2":"type-product","3":"status-publish","4":"has-post-thumbnail","6":"product_cat-vybaven-237-koupelny","8":"first","9":"instock","10":"sale","11":"shipping-taxable","12":"purchasable","13":"product-type-simple"},"yoast_head":"<!-- This site is optimized with the Yoast SEO plugin v26.8 - https:\/\/yoast.com\/product\/yoast-seo-wordpress\/ -->\n<title>Akce KERASAN CENTO keramick\u00e9 um\u00fdv\u00e1tko 45x25cm, prav\u00e9\/lev\u00e9, b\u00edl\u00e1 -<\/title>\n<meta name=\"robots\" content=\"index, follow, max-snippet:-1, max-image-preview:large, max-video-preview:-1\" \/>\n<link rel=\"canonical\" href=\"https:\/\/www.domstavpro.com\/index.php\/produkt\/akce-kerasan-cento-keramicke-umyvatko-45x25cm-prave-leve-bila-30370\/\" \/>\n<meta property=\"og:locale\" content=\"cs_CZ\" \/>\n<meta property=\"og:type\" content=\"article\" \/>\n<meta property=\"og:title\" content=\"Akce KERASAN CENTO keramick\u00e9 um\u00fdv\u00e1tko 45x25cm, prav\u00e9\/lev\u00e9, b\u00edl\u00e1 -\" \/>\n<meta property=\"og:description\" content=\"Glazovan\u00e9 ze v\u0161ech stran, mo\u017enost instalace zav\u011b\u0161en\u00edm na st\u011bnu za krat\u0161\u00ed i del\u0161\u00ed stranu, m\u00e1 p\u0159edp\u0159ipraven\u00e9 otvory pro vyra\u017een\u00ed. Nekompromisn\u00ed design, kter\u00fd stav\u00ed na odiv z\u00e1kladn\u00ed geometrick\u00e9 tvary. \u0160irok\u00e1 variabilita rozm\u011br\u016f a velikost\u00ed zp\u0159\u00edjemn\u00ed pobyt v koupeln\u011b. Italsk\u00fd v\u00fdrobce Kerasan pojmenoval s\u00e9rii CENTO, co\u017e znamen\u00e1 italsky sto a motto s\u00e9rie je: \u201eSto d\u016fvod\u016f, pro\u010d se [&hellip;]\" \/>\n<meta property=\"og:url\" content=\"https:\/\/www.domstavpro.com\/index.php\/produkt\/akce-kerasan-cento-keramicke-umyvatko-45x25cm-prave-leve-bila-30370\/\" \/>\n<meta property=\"og:image\" content=\"https:\/\/www.domstavpro.com\/wp-content\/uploads\/2026\/SK0028670-CZ20260425-093449-0-1777080896-kerasan-cento-keramicke-umyvatko-45x25cm-prave-leve-bila.jp.webp\" \/>\n\t<meta property=\"og:image:width\" content=\"1000\" \/>\n\t<meta property=\"og:image:height\" content=\"525\" \/>\n\t<meta property=\"og:image:type\" content=\"image\/webp\" \/>\n<meta name=\"twitter:card\" content=\"summary_large_image\" \/>\n<meta name=\"twitter:label1\" content=\"Odhadovan\u00e1 doba \u010dten\u00ed\" \/>\n\t<meta name=\"twitter:data1\" content=\"1 minuta\" \/>\n<script type=\"application\/ld+json\" class=\"yoast-schema-graph\">{\"@context\":\"https:\/\/schema.org\",\"@graph\":[{\"@type\":\"WebPage\",\"@id\":\"https:\/\/www.domstavpro.com\/index.php\/produkt\/akce-kerasan-cento-keramicke-umyvatko-45x25cm-prave-leve-bila-30370\/\",\"url\":\"https:\/\/www.domstavpro.com\/index.php\/produkt\/akce-kerasan-cento-keramicke-umyvatko-45x25cm-prave-leve-bila-30370\/\",\"name\":\"Akce KERASAN CENTO keramick\u00e9 um\u00fdv\u00e1tko 45x25cm, prav\u00e9\/lev\u00e9, b\u00edl\u00e1 -\",\"isPartOf\":{\"@id\":\"https:\/\/www.domstavpro.com\/#website\"},\"primaryImageOfPage\":{\"@id\":\"https:\/\/www.domstavpro.com\/index.php\/produkt\/akce-kerasan-cento-keramicke-umyvatko-45x25cm-prave-leve-bila-30370\/#primaryimage\"},\"image\":{\"@id\":\"https:\/\/www.domstavpro.com\/index.php\/produkt\/akce-kerasan-cento-keramicke-umyvatko-45x25cm-prave-leve-bila-30370\/#primaryimage\"},\"thumbnailUrl\":\"https:\/\/www.domstavpro.com\/wp-content\/uploads\/2026\/SK0028670-CZ20260425-093449-0-1777080896-kerasan-cento-keramicke-umyvatko-45x25cm-prave-leve-bila.jp.webp\",\"datePublished\":\"2026-04-27T15:09:05+00:00\",\"breadcrumb\":{\"@id\":\"https:\/\/www.domstavpro.com\/index.php\/produkt\/akce-kerasan-cento-keramicke-umyvatko-45x25cm-prave-leve-bila-30370\/#breadcrumb\"},\"inLanguage\":\"cs\",\"potentialAction\":[{\"@type\":\"ReadAction\",\"target\":[\"https:\/\/www.domstavpro.com\/index.php\/produkt\/akce-kerasan-cento-keramicke-umyvatko-45x25cm-prave-leve-bila-30370\/\"]}]},{\"@type\":\"ImageObject\",\"inLanguage\":\"cs\",\"@id\":\"https:\/\/www.domstavpro.com\/index.php\/produkt\/akce-kerasan-cento-keramicke-umyvatko-45x25cm-prave-leve-bila-30370\/#primaryimage\",\"url\":\"https:\/\/www.domstavpro.com\/wp-content\/uploads\/2026\/SK0028670-CZ20260425-093449-0-1777080896-kerasan-cento-keramicke-umyvatko-45x25cm-prave-leve-bila.jp.webp\",\"contentUrl\":\"https:\/\/www.domstavpro.com\/wp-content\/uploads\/2026\/SK0028670-CZ20260425-093449-0-1777080896-kerasan-cento-keramicke-umyvatko-45x25cm-prave-leve-bila.jp.webp\",\"width\":1000,\"height\":525},{\"@type\":\"BreadcrumbList\",\"@id\":\"https:\/\/www.domstavpro.com\/index.php\/produkt\/akce-kerasan-cento-keramicke-umyvatko-45x25cm-prave-leve-bila-30370\/#breadcrumb\",\"itemListElement\":[{\"@type\":\"ListItem\",\"position\":1,\"name\":\"Home\",\"item\":\"https:\/\/www.domstavpro.com\/\"},{\"@type\":\"ListItem\",\"position\":2,\"name\":\"Products\",\"item\":\"https:\/\/www.domstavpro.com\/index.php\/products\/\"},{\"@type\":\"ListItem\",\"position\":3,\"name\":\"Akce KERASAN CENTO keramick\u00e9 um\u00fdv\u00e1tko 45x25cm, prav\u00e9\/lev\u00e9, b\u00edl\u00e1\"}]},{\"@type\":\"WebSite\",\"@id\":\"https:\/\/www.domstavpro.com\/#website\",\"url\":\"https:\/\/www.domstavpro.com\/\",\"name\":\"\",\"description\":\"\",\"potentialAction\":[{\"@type\":\"SearchAction\",\"target\":{\"@type\":\"EntryPoint\",\"urlTemplate\":\"https:\/\/www.domstavpro.com\/?s={search_term_string}\"},\"query-input\":{\"@type\":\"PropertyValueSpecification\",\"valueRequired\":true,\"valueName\":\"search_term_string\"}}],\"inLanguage\":\"cs\"}]}<\/script>\n<!-- \/ Yoast SEO plugin. -->","yoast_head_json":{"title":"Akce KERASAN CENTO keramick\u00e9 um\u00fdv\u00e1tko 45x25cm, prav\u00e9\/lev\u00e9, b\u00edl\u00e1 -","robots":{"index":"index","follow":"follow","max-snippet":"max-snippet:-1","max-image-preview":"max-image-preview:large","max-video-preview":"max-video-preview:-1"},"canonical":"https:\/\/www.domstavpro.com\/index.php\/produkt\/akce-kerasan-cento-keramicke-umyvatko-45x25cm-prave-leve-bila-30370\/","og_locale":"cs_CZ","og_type":"article","og_title":"Akce KERASAN CENTO keramick\u00e9 um\u00fdv\u00e1tko 45x25cm, prav\u00e9\/lev\u00e9, b\u00edl\u00e1 -","og_description":"Glazovan\u00e9 ze v\u0161ech stran, mo\u017enost instalace zav\u011b\u0161en\u00edm na st\u011bnu za krat\u0161\u00ed i del\u0161\u00ed stranu, m\u00e1 p\u0159edp\u0159ipraven\u00e9 otvory pro vyra\u017een\u00ed. Nekompromisn\u00ed design, kter\u00fd stav\u00ed na odiv z\u00e1kladn\u00ed geometrick\u00e9 tvary. \u0160irok\u00e1 variabilita rozm\u011br\u016f a velikost\u00ed zp\u0159\u00edjemn\u00ed pobyt v koupeln\u011b. Italsk\u00fd v\u00fdrobce Kerasan pojmenoval s\u00e9rii CENTO, co\u017e znamen\u00e1 italsky sto a motto s\u00e9rie je: \u201eSto d\u016fvod\u016f, pro\u010d se [&hellip;]","og_url":"https:\/\/www.domstavpro.com\/index.php\/produkt\/akce-kerasan-cento-keramicke-umyvatko-45x25cm-prave-leve-bila-30370\/","og_image":[{"width":1000,"height":525,"url":"https:\/\/www.domstavpro.com\/wp-content\/uploads\/2026\/SK0028670-CZ20260425-093449-0-1777080896-kerasan-cento-keramicke-umyvatko-45x25cm-prave-leve-bila.jp.webp","type":"image\/webp"}],"twitter_card":"summary_large_image","twitter_misc":{"Odhadovan\u00e1 doba \u010dten\u00ed":"1 minuta"},"schema":{"@context":"https:\/\/schema.org","@graph":[{"@type":"WebPage","@id":"https:\/\/www.domstavpro.com\/index.php\/produkt\/akce-kerasan-cento-keramicke-umyvatko-45x25cm-prave-leve-bila-30370\/","url":"https:\/\/www.domstavpro.com\/index.php\/produkt\/akce-kerasan-cento-keramicke-umyvatko-45x25cm-prave-leve-bila-30370\/","name":"Akce KERASAN CENTO keramick\u00e9 um\u00fdv\u00e1tko 45x25cm, prav\u00e9\/lev\u00e9, b\u00edl\u00e1 -","isPartOf":{"@id":"https:\/\/www.domstavpro.com\/#website"},"primaryImageOfPage":{"@id":"https:\/\/www.domstavpro.com\/index.php\/produkt\/akce-kerasan-cento-keramicke-umyvatko-45x25cm-prave-leve-bila-30370\/#primaryimage"},"image":{"@id":"https:\/\/www.domstavpro.com\/index.php\/produkt\/akce-kerasan-cento-keramicke-umyvatko-45x25cm-prave-leve-bila-30370\/#primaryimage"},"thumbnailUrl":"https:\/\/www.domstavpro.com\/wp-content\/uploads\/2026\/SK0028670-CZ20260425-093449-0-1777080896-kerasan-cento-keramicke-umyvatko-45x25cm-prave-leve-bila.jp.webp","datePublished":"2026-04-27T15:09:05+00:00","breadcrumb":{"@id":"https:\/\/www.domstavpro.com\/index.php\/produkt\/akce-kerasan-cento-keramicke-umyvatko-45x25cm-prave-leve-bila-30370\/#breadcrumb"},"inLanguage":"cs","potentialAction":[{"@type":"ReadAction","target":["https:\/\/www.domstavpro.com\/index.php\/produkt\/akce-kerasan-cento-keramicke-umyvatko-45x25cm-prave-leve-bila-30370\/"]}]},{"@type":"ImageObject","inLanguage":"cs","@id":"https:\/\/www.domstavpro.com\/index.php\/produkt\/akce-kerasan-cento-keramicke-umyvatko-45x25cm-prave-leve-bila-30370\/#primaryimage","url":"https:\/\/www.domstavpro.com\/wp-content\/uploads\/2026\/SK0028670-CZ20260425-093449-0-1777080896-kerasan-cento-keramicke-umyvatko-45x25cm-prave-leve-bila.jp.webp","contentUrl":"https:\/\/www.domstavpro.com\/wp-content\/uploads\/2026\/SK0028670-CZ20260425-093449-0-1777080896-kerasan-cento-keramicke-umyvatko-45x25cm-prave-leve-bila.jp.webp","width":1000,"height":525},{"@type":"BreadcrumbList","@id":"https:\/\/www.domstavpro.com\/index.php\/produkt\/akce-kerasan-cento-keramicke-umyvatko-45x25cm-prave-leve-bila-30370\/#breadcrumb","itemListElement":[{"@type":"ListItem","position":1,"name":"Home","item":"https:\/\/www.domstavpro.com\/"},{"@type":"ListItem","position":2,"name":"Products","item":"https:\/\/www.domstavpro.com\/index.php\/products\/"},{"@type":"ListItem","position":3,"name":"Akce KERASAN CENTO keramick\u00e9 um\u00fdv\u00e1tko 45x25cm, prav\u00e9\/lev\u00e9, b\u00edl\u00e1"}]},{"@type":"WebSite","@id":"https:\/\/www.domstavpro.com\/#website","url":"https:\/\/www.domstavpro.com\/","name":"","description":"","potentialAction":[{"@type":"SearchAction","target":{"@type":"EntryPoint","urlTemplate":"https:\/\/www.domstavpro.com\/?s={search_term_string}"},"query-input":{"@type":"PropertyValueSpecification","valueRequired":true,"valueName":"search_term_string"}}],"inLanguage":"cs"}]}},"_links":{"self":[{"href":"https:\/\/www.domstavpro.com\/index.php\/wp-json\/wp\/v2\/product\/30370","targetHints":{"allow":["GET"]}}],"collection":[{"href":"https:\/\/www.domstavpro.com\/index.php\/wp-json\/wp\/v2\/product"}],"about":[{"href":"https:\/\/www.domstavpro.com\/index.php\/wp-json\/wp\/v2\/types\/product"}],"replies":[{"embeddable":true,"href":"https:\/\/www.domstavpro.com\/index.php\/wp-json\/wp\/v2\/comments?post=30370"}],"wp:featuredmedia":[{"embeddable":true,"href":"https:\/\/www.domstavpro.com\/index.php\/wp-json\/wp\/v2\/media\/30470"}],"wp:attachment":[{"href":"https:\/\/www.domstavpro.com\/index.php\/wp-json\/wp\/v2\/media?parent=30370"}],"wp:term":[{"taxonomy":"product_brand","embeddable":true,"href":"https:\/\/www.domstavpro.com\/index.php\/wp-json\/wp\/v2\/product_brand?post=30370"},{"taxonomy":"product_cat","embeddable":true,"href":"https:\/\/www.domstavpro.com\/index.php\/wp-json\/wp\/v2\/product_cat?post=30370"},{"taxonomy":"product_tag","embeddable":true,"href":"https:\/\/www.domstavpro.com\/index.php\/wp-json\/wp\/v2\/product_tag?post=30370"}],"curies":[{"name":"wp","href":"https:\/\/api.w.org\/{rel}","templated":true}]}}