{"id":30367,"date":"2026-04-27T15:09:05","date_gmt":"2026-04-27T15:09:05","guid":{"rendered":""},"modified":"2026-04-27T15:09:05","modified_gmt":"2026-04-27T15:09:05","slug":"znackovy-isvea-keramicke-umyvatko-45x35cm-bila-30367","status":"publish","type":"product","link":"https:\/\/www.domstavpro.com\/index.php\/produkt\/znackovy-isvea-keramicke-umyvatko-45x35cm-bila-30367\/","title":{"rendered":"Zna\u010dkov\u00fd ISVEA Keramick\u00e9 um\u00fdv\u00e1tko 45x35cm, b\u00edl\u00e1"},"content":{"rendered":"<div id=\"e8214071\" class=\"pages\">\n<div>\n<div id=\"PDDescription\" class=\"UserContentView userContent v1a v1 bs-view dcon dc164 PDDescription\" ><dc-con><dc-con><bs-empty><\/bs-empty><\/dc-con><dc-con>        <\/p>\n<div class=\"customDescription\">                    <\/div>\n<p><\/dc-con><dc-con><\/p>\n<p style=\"text-align: justify;\">Jak n\u00e1zev napov\u00edd\u00e1, s\u00e9rie SMALL nab\u00edz\u00ed pestrou \u0161k\u00e1lu na prostor nen\u00e1ro\u010dn\u00fdch keramick\u00fdch um\u00fdv\u00e1tek. D\u00edky sv\u00fdm mal\u00fdm rozm\u011br\u016fm, vysok\u00e9 funk\u010dnosti a jemn\u00e9mu designu se stanou elegantn\u00ed sou\u010d\u00e1st\u00ed koupelny nebo m\u00edstnosti s&nbsp;WC. A\u0165 preferujete ostr\u00e9 hrany \u010di obl\u00e9 k\u0159ivky, SMALL nab\u00edz\u00ed to, co hled\u00e1te. Za pozornost stoj\u00ed rohov\u00e9 um\u00fdv\u00e1tko, kter\u00e9 m\u016f\u017ee v&nbsp;mnoha p\u0159\u00edpadech p\u0159edstavovat dokonal\u00e9 \u0159e\u0161en\u00ed prostorov\u00e9ho uspo\u0159\u00e1d\u00e1n\u00ed mal\u00e9 koupelny.<\/p>\n<h2 class=\"props-title\">Vlastnosti<\/h2>\n<table>\n<tr>\n<th>Zna\u010dka<\/th>\n<td>ISVEA<\/td>\n<\/tr>\n<tr>\n<th>S\u00e9rie<\/th>\n<td>SMALL<\/td>\n<\/tr>\n<tr>\n<th>Rozm\u011br<\/th>\n<td>45&#215;17,5&#215;35 cm<\/td>\n<\/tr>\n<tr>\n<th>\u0160\u00ed\u0159ka<\/th>\n<td>450&nbsp;mm<\/td>\n<\/tr>\n<tr>\n<th>V\u00fd\u0161ka<\/th>\n<td>175&nbsp;mm<\/td>\n<\/tr>\n<tr>\n<th>Hloubka<\/th>\n<td>350&nbsp;mm<\/td>\n<\/tr>\n<tr>\n<th>Barva<\/th>\n<td>B\u00edl\u00e1<\/td>\n<\/tr>\n<tr>\n<th>Materi\u00e1l<\/th>\n<td>Keramika<\/td>\n<\/tr>\n<tr>\n<th>Instalace<\/th>\n<td>N\u00e1st\u011bnn\u00e1-\u0161rouby<\/td>\n<\/tr>\n<tr>\n<th>Typ umyvadla<\/th>\n<td>Um\u00fdv\u00e1tko (mal\u00e9)<\/td>\n<\/tr>\n<tr>\n<th>Otvor pro baterii<\/th>\n<td>1 otvor<\/td>\n<\/tr>\n<tr>\n<th>P\u0159epad<\/th>\n<td>ANO<\/td>\n<\/tr>\n<tr>\n<th>Tvar<\/th>\n<td>P\u016flkruh<\/td>\n<\/tr>\n<tr>\n<th>Hmotnost \/ ks<\/th>\n<td>8.2480&nbsp;kg<\/td>\n<\/tr>\n<tr>\n<th>Balen\u00ed<\/th>\n<td>1&nbsp;ks<\/td>\n<\/tr>\n<tr>\n<th>EAN<\/th>\n<td>8697687062517<\/td>\n<\/tr>\n<tr>\n<th>Taric<\/th>\n<td>69109000<\/td>\n<\/tr>\n<tr>\n<th>Z\u00e1ruka<\/th>\n<td>2 roky<\/td>\n<\/tr>\n<\/table>\n<p><\/dc-con><\/dc-con><\/div>\n<\/p><\/div>\n<div id=\"PDTable3\" class=\"ProductDetailTableView v3a v3 bs-view dcon dc185 PDTable3\" >\n<table>\n<thead><\/thead>\n<tbody>\n<tr class=\"attribute attr_bsshop_maker\">\n<td class=\"caption\">V\u00fdrobce<\/td>\n<td class=\"value\">Isvea<\/td>\n<\/tr>\n<tr class=\"attribute attr_sirka\">\n<td class=\"caption\">\u0160\u00ed\u0159ka v mm<\/td>\n<td class=\"value\">470<\/td>\n<\/tr>\n<tr class=\"attribute attr_Vyska\">\n<td class=\"caption\">V\u00fd\u0161ka v mm<\/td>\n<td class=\"value\">220<\/td>\n<\/tr>\n<tr class=\"weight\">\n<td class=\"caption\"><span>Hmotnost<\/span><\/td>\n<td class=\"value\"><span>8,25 kg<\/span><\/td>\n<\/tr>\n<\/tbody>\n<\/table>\n<\/div>\n<\/div>\n<div id=\"e8214072\" class=\"tabs\">\n","protected":false},"excerpt":{"rendered":"<p>Jak n\u00e1zev napov\u00edd\u00e1, s\u00e9rie SMALL nab\u00edz\u00ed pestrou \u0161k\u00e1lu na prostor nen\u00e1ro\u010dn\u00fdch keramick\u00fdch um\u00fdv\u00e1tek. D\u00edky sv\u00fdm mal\u00fdm rozm\u011br\u016fm, vysok\u00e9 funk\u010dnosti a jemn\u00e9mu designu se stanou elegantn\u00ed sou\u010d\u00e1st\u00ed koupelny nebo m\u00edstnosti s&nbsp;WC. A\u0165 preferujete ostr\u00e9 hrany \u010di obl\u00e9 k\u0159ivky, SMALL nab\u00edz\u00ed to, co hled\u00e1te. Za pozornost stoj\u00ed rohov\u00e9 um\u00fdv\u00e1tko, kter\u00e9 m\u016f\u017ee v&nbsp;mnoha p\u0159\u00edpadech p\u0159edstavovat dokonal\u00e9 \u0159e\u0161en\u00ed prostorov\u00e9ho [&hellip;]<\/p>\n","protected":false},"featured_media":30467,"comment_status":"open","ping_status":"open","template":"","meta":[],"product_brand":[],"product_cat":[61],"product_tag":[],"class_list":{"0":"post-30367","1":"product","2":"type-product","3":"status-publish","4":"has-post-thumbnail","6":"product_cat-vybaven-237-koupelny","8":"first","9":"instock","10":"sale","11":"shipping-taxable","12":"purchasable","13":"product-type-simple"},"yoast_head":"<!-- This site is optimized with the Yoast SEO plugin v26.8 - https:\/\/yoast.com\/product\/yoast-seo-wordpress\/ -->\n<title>Zna\u010dkov\u00fd ISVEA Keramick\u00e9 um\u00fdv\u00e1tko 45x35cm, b\u00edl\u00e1 -<\/title>\n<meta name=\"robots\" content=\"index, follow, max-snippet:-1, max-image-preview:large, max-video-preview:-1\" \/>\n<link rel=\"canonical\" href=\"https:\/\/www.domstavpro.com\/index.php\/produkt\/znackovy-isvea-keramicke-umyvatko-45x35cm-bila-30367\/\" \/>\n<meta property=\"og:locale\" content=\"cs_CZ\" \/>\n<meta property=\"og:type\" content=\"article\" \/>\n<meta property=\"og:title\" content=\"Zna\u010dkov\u00fd ISVEA Keramick\u00e9 um\u00fdv\u00e1tko 45x35cm, b\u00edl\u00e1 -\" \/>\n<meta property=\"og:description\" content=\"Jak n\u00e1zev napov\u00edd\u00e1, s\u00e9rie SMALL nab\u00edz\u00ed pestrou \u0161k\u00e1lu na prostor nen\u00e1ro\u010dn\u00fdch keramick\u00fdch um\u00fdv\u00e1tek. D\u00edky sv\u00fdm mal\u00fdm rozm\u011br\u016fm, vysok\u00e9 funk\u010dnosti a jemn\u00e9mu designu se stanou elegantn\u00ed sou\u010d\u00e1st\u00ed koupelny nebo m\u00edstnosti s&nbsp;WC. A\u0165 preferujete ostr\u00e9 hrany \u010di obl\u00e9 k\u0159ivky, SMALL nab\u00edz\u00ed to, co hled\u00e1te. Za pozornost stoj\u00ed rohov\u00e9 um\u00fdv\u00e1tko, kter\u00e9 m\u016f\u017ee v&nbsp;mnoha p\u0159\u00edpadech p\u0159edstavovat dokonal\u00e9 \u0159e\u0161en\u00ed prostorov\u00e9ho [&hellip;]\" \/>\n<meta property=\"og:url\" content=\"https:\/\/www.domstavpro.com\/index.php\/produkt\/znackovy-isvea-keramicke-umyvatko-45x35cm-bila-30367\/\" \/>\n<meta property=\"og:image\" content=\"https:\/\/www.domstavpro.com\/wp-content\/uploads\/2026\/SK0028667-CZ20260425-093449-0-1777080896-isvea-keramicke-umyvatko-45x35cm-bila.webp\" \/>\n\t<meta property=\"og:image:width\" content=\"1000\" \/>\n\t<meta property=\"og:image:height\" content=\"525\" \/>\n\t<meta property=\"og:image:type\" content=\"image\/webp\" \/>\n<meta name=\"twitter:card\" content=\"summary_large_image\" \/>\n<meta name=\"twitter:label1\" content=\"Odhadovan\u00e1 doba \u010dten\u00ed\" \/>\n\t<meta name=\"twitter:data1\" content=\"1 minuta\" \/>\n<script type=\"application\/ld+json\" class=\"yoast-schema-graph\">{\"@context\":\"https:\/\/schema.org\",\"@graph\":[{\"@type\":\"WebPage\",\"@id\":\"https:\/\/www.domstavpro.com\/index.php\/produkt\/znackovy-isvea-keramicke-umyvatko-45x35cm-bila-30367\/\",\"url\":\"https:\/\/www.domstavpro.com\/index.php\/produkt\/znackovy-isvea-keramicke-umyvatko-45x35cm-bila-30367\/\",\"name\":\"Zna\u010dkov\u00fd ISVEA Keramick\u00e9 um\u00fdv\u00e1tko 45x35cm, b\u00edl\u00e1 -\",\"isPartOf\":{\"@id\":\"https:\/\/www.domstavpro.com\/#website\"},\"primaryImageOfPage\":{\"@id\":\"https:\/\/www.domstavpro.com\/index.php\/produkt\/znackovy-isvea-keramicke-umyvatko-45x35cm-bila-30367\/#primaryimage\"},\"image\":{\"@id\":\"https:\/\/www.domstavpro.com\/index.php\/produkt\/znackovy-isvea-keramicke-umyvatko-45x35cm-bila-30367\/#primaryimage\"},\"thumbnailUrl\":\"https:\/\/www.domstavpro.com\/wp-content\/uploads\/2026\/SK0028667-CZ20260425-093449-0-1777080896-isvea-keramicke-umyvatko-45x35cm-bila.webp\",\"datePublished\":\"2026-04-27T15:09:05+00:00\",\"breadcrumb\":{\"@id\":\"https:\/\/www.domstavpro.com\/index.php\/produkt\/znackovy-isvea-keramicke-umyvatko-45x35cm-bila-30367\/#breadcrumb\"},\"inLanguage\":\"cs\",\"potentialAction\":[{\"@type\":\"ReadAction\",\"target\":[\"https:\/\/www.domstavpro.com\/index.php\/produkt\/znackovy-isvea-keramicke-umyvatko-45x35cm-bila-30367\/\"]}]},{\"@type\":\"ImageObject\",\"inLanguage\":\"cs\",\"@id\":\"https:\/\/www.domstavpro.com\/index.php\/produkt\/znackovy-isvea-keramicke-umyvatko-45x35cm-bila-30367\/#primaryimage\",\"url\":\"https:\/\/www.domstavpro.com\/wp-content\/uploads\/2026\/SK0028667-CZ20260425-093449-0-1777080896-isvea-keramicke-umyvatko-45x35cm-bila.webp\",\"contentUrl\":\"https:\/\/www.domstavpro.com\/wp-content\/uploads\/2026\/SK0028667-CZ20260425-093449-0-1777080896-isvea-keramicke-umyvatko-45x35cm-bila.webp\",\"width\":1000,\"height\":525},{\"@type\":\"BreadcrumbList\",\"@id\":\"https:\/\/www.domstavpro.com\/index.php\/produkt\/znackovy-isvea-keramicke-umyvatko-45x35cm-bila-30367\/#breadcrumb\",\"itemListElement\":[{\"@type\":\"ListItem\",\"position\":1,\"name\":\"Home\",\"item\":\"https:\/\/www.domstavpro.com\/\"},{\"@type\":\"ListItem\",\"position\":2,\"name\":\"Products\",\"item\":\"https:\/\/www.domstavpro.com\/index.php\/products\/\"},{\"@type\":\"ListItem\",\"position\":3,\"name\":\"Zna\u010dkov\u00fd ISVEA Keramick\u00e9 um\u00fdv\u00e1tko 45x35cm, b\u00edl\u00e1\"}]},{\"@type\":\"WebSite\",\"@id\":\"https:\/\/www.domstavpro.com\/#website\",\"url\":\"https:\/\/www.domstavpro.com\/\",\"name\":\"\",\"description\":\"\",\"potentialAction\":[{\"@type\":\"SearchAction\",\"target\":{\"@type\":\"EntryPoint\",\"urlTemplate\":\"https:\/\/www.domstavpro.com\/?s={search_term_string}\"},\"query-input\":{\"@type\":\"PropertyValueSpecification\",\"valueRequired\":true,\"valueName\":\"search_term_string\"}}],\"inLanguage\":\"cs\"}]}<\/script>\n<!-- \/ Yoast SEO plugin. -->","yoast_head_json":{"title":"Zna\u010dkov\u00fd ISVEA Keramick\u00e9 um\u00fdv\u00e1tko 45x35cm, b\u00edl\u00e1 -","robots":{"index":"index","follow":"follow","max-snippet":"max-snippet:-1","max-image-preview":"max-image-preview:large","max-video-preview":"max-video-preview:-1"},"canonical":"https:\/\/www.domstavpro.com\/index.php\/produkt\/znackovy-isvea-keramicke-umyvatko-45x35cm-bila-30367\/","og_locale":"cs_CZ","og_type":"article","og_title":"Zna\u010dkov\u00fd ISVEA Keramick\u00e9 um\u00fdv\u00e1tko 45x35cm, b\u00edl\u00e1 -","og_description":"Jak n\u00e1zev napov\u00edd\u00e1, s\u00e9rie SMALL nab\u00edz\u00ed pestrou \u0161k\u00e1lu na prostor nen\u00e1ro\u010dn\u00fdch keramick\u00fdch um\u00fdv\u00e1tek. D\u00edky sv\u00fdm mal\u00fdm rozm\u011br\u016fm, vysok\u00e9 funk\u010dnosti a jemn\u00e9mu designu se stanou elegantn\u00ed sou\u010d\u00e1st\u00ed koupelny nebo m\u00edstnosti s&nbsp;WC. A\u0165 preferujete ostr\u00e9 hrany \u010di obl\u00e9 k\u0159ivky, SMALL nab\u00edz\u00ed to, co hled\u00e1te. Za pozornost stoj\u00ed rohov\u00e9 um\u00fdv\u00e1tko, kter\u00e9 m\u016f\u017ee v&nbsp;mnoha p\u0159\u00edpadech p\u0159edstavovat dokonal\u00e9 \u0159e\u0161en\u00ed prostorov\u00e9ho [&hellip;]","og_url":"https:\/\/www.domstavpro.com\/index.php\/produkt\/znackovy-isvea-keramicke-umyvatko-45x35cm-bila-30367\/","og_image":[{"width":1000,"height":525,"url":"https:\/\/www.domstavpro.com\/wp-content\/uploads\/2026\/SK0028667-CZ20260425-093449-0-1777080896-isvea-keramicke-umyvatko-45x35cm-bila.webp","type":"image\/webp"}],"twitter_card":"summary_large_image","twitter_misc":{"Odhadovan\u00e1 doba \u010dten\u00ed":"1 minuta"},"schema":{"@context":"https:\/\/schema.org","@graph":[{"@type":"WebPage","@id":"https:\/\/www.domstavpro.com\/index.php\/produkt\/znackovy-isvea-keramicke-umyvatko-45x35cm-bila-30367\/","url":"https:\/\/www.domstavpro.com\/index.php\/produkt\/znackovy-isvea-keramicke-umyvatko-45x35cm-bila-30367\/","name":"Zna\u010dkov\u00fd ISVEA Keramick\u00e9 um\u00fdv\u00e1tko 45x35cm, b\u00edl\u00e1 -","isPartOf":{"@id":"https:\/\/www.domstavpro.com\/#website"},"primaryImageOfPage":{"@id":"https:\/\/www.domstavpro.com\/index.php\/produkt\/znackovy-isvea-keramicke-umyvatko-45x35cm-bila-30367\/#primaryimage"},"image":{"@id":"https:\/\/www.domstavpro.com\/index.php\/produkt\/znackovy-isvea-keramicke-umyvatko-45x35cm-bila-30367\/#primaryimage"},"thumbnailUrl":"https:\/\/www.domstavpro.com\/wp-content\/uploads\/2026\/SK0028667-CZ20260425-093449-0-1777080896-isvea-keramicke-umyvatko-45x35cm-bila.webp","datePublished":"2026-04-27T15:09:05+00:00","breadcrumb":{"@id":"https:\/\/www.domstavpro.com\/index.php\/produkt\/znackovy-isvea-keramicke-umyvatko-45x35cm-bila-30367\/#breadcrumb"},"inLanguage":"cs","potentialAction":[{"@type":"ReadAction","target":["https:\/\/www.domstavpro.com\/index.php\/produkt\/znackovy-isvea-keramicke-umyvatko-45x35cm-bila-30367\/"]}]},{"@type":"ImageObject","inLanguage":"cs","@id":"https:\/\/www.domstavpro.com\/index.php\/produkt\/znackovy-isvea-keramicke-umyvatko-45x35cm-bila-30367\/#primaryimage","url":"https:\/\/www.domstavpro.com\/wp-content\/uploads\/2026\/SK0028667-CZ20260425-093449-0-1777080896-isvea-keramicke-umyvatko-45x35cm-bila.webp","contentUrl":"https:\/\/www.domstavpro.com\/wp-content\/uploads\/2026\/SK0028667-CZ20260425-093449-0-1777080896-isvea-keramicke-umyvatko-45x35cm-bila.webp","width":1000,"height":525},{"@type":"BreadcrumbList","@id":"https:\/\/www.domstavpro.com\/index.php\/produkt\/znackovy-isvea-keramicke-umyvatko-45x35cm-bila-30367\/#breadcrumb","itemListElement":[{"@type":"ListItem","position":1,"name":"Home","item":"https:\/\/www.domstavpro.com\/"},{"@type":"ListItem","position":2,"name":"Products","item":"https:\/\/www.domstavpro.com\/index.php\/products\/"},{"@type":"ListItem","position":3,"name":"Zna\u010dkov\u00fd ISVEA Keramick\u00e9 um\u00fdv\u00e1tko 45x35cm, b\u00edl\u00e1"}]},{"@type":"WebSite","@id":"https:\/\/www.domstavpro.com\/#website","url":"https:\/\/www.domstavpro.com\/","name":"","description":"","potentialAction":[{"@type":"SearchAction","target":{"@type":"EntryPoint","urlTemplate":"https:\/\/www.domstavpro.com\/?s={search_term_string}"},"query-input":{"@type":"PropertyValueSpecification","valueRequired":true,"valueName":"search_term_string"}}],"inLanguage":"cs"}]}},"_links":{"self":[{"href":"https:\/\/www.domstavpro.com\/index.php\/wp-json\/wp\/v2\/product\/30367","targetHints":{"allow":["GET"]}}],"collection":[{"href":"https:\/\/www.domstavpro.com\/index.php\/wp-json\/wp\/v2\/product"}],"about":[{"href":"https:\/\/www.domstavpro.com\/index.php\/wp-json\/wp\/v2\/types\/product"}],"replies":[{"embeddable":true,"href":"https:\/\/www.domstavpro.com\/index.php\/wp-json\/wp\/v2\/comments?post=30367"}],"wp:featuredmedia":[{"embeddable":true,"href":"https:\/\/www.domstavpro.com\/index.php\/wp-json\/wp\/v2\/media\/30467"}],"wp:attachment":[{"href":"https:\/\/www.domstavpro.com\/index.php\/wp-json\/wp\/v2\/media?parent=30367"}],"wp:term":[{"taxonomy":"product_brand","embeddable":true,"href":"https:\/\/www.domstavpro.com\/index.php\/wp-json\/wp\/v2\/product_brand?post=30367"},{"taxonomy":"product_cat","embeddable":true,"href":"https:\/\/www.domstavpro.com\/index.php\/wp-json\/wp\/v2\/product_cat?post=30367"},{"taxonomy":"product_tag","embeddable":true,"href":"https:\/\/www.domstavpro.com\/index.php\/wp-json\/wp\/v2\/product_tag?post=30367"}],"curies":[{"name":"wp","href":"https:\/\/api.w.org\/{rel}","templated":true}]}}