{"id":29752,"date":"2026-04-27T15:09:03","date_gmt":"2026-04-27T15:09:03","guid":{"rendered":""},"modified":"2026-04-27T15:09:03","modified_gmt":"2026-04-27T15:09:03","slug":"akce-sapho-handicap-madlo-rovne-800mm-nerez-lesk-29752","status":"publish","type":"product","link":"https:\/\/www.domstavpro.com\/index.php\/produkt\/akce-sapho-handicap-madlo-rovne-800mm-nerez-lesk-29752\/","title":{"rendered":"Akce SAPHO HANDICAP madlo rovn\u00e9 800mm, nerez lesk"},"content":{"rendered":"<div id=\"e8053378\" class=\"pages\">\n<div>\n<div id=\"PDDescription\" class=\"UserContentView userContent v1a v1 bs-view dcon dc164 PDDescription\" ><dc-con><dc-con><bs-empty><\/bs-empty><\/dc-con><dc-con>        <\/p>\n<div class=\"customDescription\">                    <\/div>\n<p><\/dc-con><dc-con><\/p>\n<div>\n<p>V\u00fdrobek spl\u0148uje po\u017eadavky normy \u010cSN EN ISO\/IEC 17067.<\/p>\n<p>K uchycen\u00ed jsou dod\u00e1v\u00e1ny nerez \u0161rouby podle DIN 95, 6\u00d760 mm s hmo\u017edinkami z plastu pro mont\u00e1\u017e do pln\u00fdch cihel a betonu.<br \/>Pro jin\u00fd druh zdiva je nutno zvolit upev\u0148ovac\u00ed prvky odpov\u00eddaj\u00edc\u00ed nam\u00e1h\u00e1n\u00ed.<\/p>\n<\/div>\n<h2 class=\"props-title\">Vlastnosti<\/h2>\n<table>\n<tr>\n<th>Zna\u010dka<\/th>\n<td>SAPHO<\/td>\n<\/tr>\n<tr>\n<th>Rozm\u011br<\/th>\n<td>880x75x106 mm<\/td>\n<\/tr>\n<tr>\n<th>\u0160\u00ed\u0159ka<\/th>\n<td>880&nbsp;mm<\/td>\n<\/tr>\n<tr>\n<th>V\u00fd\u0161ka<\/th>\n<td>75&nbsp;mm<\/td>\n<\/tr>\n<tr>\n<th>Hloubka<\/th>\n<td>106&nbsp;mm<\/td>\n<\/tr>\n<tr>\n<th>Barva<\/th>\n<td>Nerez le\u0161t\u011bn\u00fd<\/td>\n<\/tr>\n<tr>\n<th>Materi\u00e1l<\/th>\n<td>Nerez<\/td>\n<\/tr>\n<tr>\n<th>Tvar<\/th>\n<td>Kruhov\u00e9<\/td>\n<\/tr>\n<tr>\n<th>Druh<\/th>\n<td>Madlo<\/td>\n<\/tr>\n<tr>\n<th>Instalace<\/th>\n<td>Vrt\u00e1n\u00ed<\/td>\n<\/tr>\n<tr>\n<th>Nosnost<\/th>\n<td>120.0000&nbsp;kg<\/td>\n<\/tr>\n<tr>\n<th>Hmotnost \/ ks<\/th>\n<td>1.2950&nbsp;kg<\/td>\n<\/tr>\n<tr>\n<th>Balen\u00ed<\/th>\n<td>1&nbsp;ks<\/td>\n<\/tr>\n<tr>\n<th>EAN<\/th>\n<td>8590913125560<\/td>\n<\/tr>\n<tr>\n<th>Taric<\/th>\n<td>73249000<\/td>\n<\/tr>\n<tr>\n<th>Z\u00e1ruka<\/th>\n<td>2 roky<\/td>\n<\/tr>\n<\/table>\n<p><\/dc-con><\/dc-con><\/div>\n<\/p><\/div>\n<div id=\"PDTable3\" class=\"ProductDetailTableView v3a v3 bs-view dcon dc185 PDTable3\" >\n<table>\n<thead><\/thead>\n<tbody>\n<tr class=\"attribute attr_bsshop_maker\">\n<td class=\"caption\">V\u00fdrobce<\/td>\n<td class=\"value\">Sapho<\/td>\n<\/tr>\n<tr class=\"attribute attr_sirka\">\n<td class=\"caption\">\u0160\u00ed\u0159ka v mm<\/td>\n<td class=\"value\">880<\/td>\n<\/tr>\n<tr class=\"attribute attr_Vyska\">\n<td class=\"caption\">V\u00fd\u0161ka v mm<\/td>\n<td class=\"value\">80<\/td>\n<\/tr>\n<tr class=\"weight\">\n<td class=\"caption\"><span>Hmotnost<\/span><\/td>\n<td class=\"value\"><span>1,29 kg<\/span><\/td>\n<\/tr>\n<\/tbody>\n<\/table>\n<\/div>\n<div id=\"ProductMedia\" class=\"ProductMediaView MediaViewBase v1a v1 bs-view dcon dc409 ProductMedia\" ><bs-empty><\/bs-empty><\/p>\n<div class=\"files\">\n<div class=\"title sub\">Soubory<\/div>\n<p><a href=\"\/media\/43667\/7745-sapho-navod-pro-madla-chrom-a-nerez-s-krytkou-297x136mm.pdf?&amp;key=ZGpmIyQwNUZfNDM2Njc=\" class=\"pdf\">Dokumenty &#8211; N&#225;vod_priloha_0<\/a><\/div>\n<p><bs-empty><\/bs-empty><\/div>\n<div id=\"PdProductGpsr\" class=\"ProductGpsrView v1a v1 bs-view dcon dc217 PdProductGpsr\" >\n<div class=\"subject\"><dc-root class=\"dcon dc219\"><span class=\"title\">Zodpov\u011bdn&#253; subjekt:<\/span><dc-con><dc-con><span class=\"company\">UBC s.r.o.<\/span><span class=\"name\">Sapho<\/span><\/dc-con><dc-con><span class=\"street\">M\u011blnick&#225; 87<\/span><span class=\"city\">L&#237;beznice<\/span><span class=\"zip\">250 65<\/span><span class=\"country\">\u010cesko<\/span><\/dc-con><span class=\"email\">info@ubc-group.cz<\/span><span class=\"phone\">283 090 704<\/span><bs-empty><\/bs-empty><a href=\"https:\/\/www.ubc-group.cz\/#kontakt\" class=\"link\" target=\"_blank\">https:\/\/www.ubc-group.cz\/#kontakt<\/a><\/dc-con><bs-empty><\/bs-empty><\/dc-root><\/div>\n<p><bs-empty><\/bs-empty><\/div>\n<\/div>\n<div id=\"e8053379\" class=\"tabs\">\n","protected":false},"excerpt":{"rendered":"<p>V\u00fdrobek spl\u0148uje po\u017eadavky normy \u010cSN EN ISO\/IEC 17067. K uchycen\u00ed jsou dod\u00e1v\u00e1ny nerez \u0161rouby podle DIN 95, 6\u00d760 mm s hmo\u017edinkami z plastu pro mont\u00e1\u017e do pln\u00fdch cihel a betonu.Pro jin\u00fd druh zdiva je nutno zvolit upev\u0148ovac\u00ed prvky odpov\u00eddaj\u00edc\u00ed nam\u00e1h\u00e1n\u00ed. Vlastnosti Zna\u010dka SAPHO Rozm\u011br 880x75x106 mm \u0160\u00ed\u0159ka 880&nbsp;mm V\u00fd\u0161ka 75&nbsp;mm Hloubka 106&nbsp;mm Barva Nerez le\u0161t\u011bn\u00fd [&hellip;]<\/p>\n","protected":false},"featured_media":29852,"comment_status":"open","ping_status":"open","template":"","meta":[],"product_brand":[],"product_cat":[61],"product_tag":[],"class_list":{"0":"post-29752","1":"product","2":"type-product","3":"status-publish","4":"has-post-thumbnail","6":"product_cat-vybaven-237-koupelny","8":"first","9":"instock","10":"sale","11":"shipping-taxable","12":"purchasable","13":"product-type-simple"},"yoast_head":"<!-- This site is optimized with the Yoast SEO plugin v26.8 - https:\/\/yoast.com\/product\/yoast-seo-wordpress\/ -->\n<title>Akce SAPHO HANDICAP madlo rovn\u00e9 800mm, nerez lesk -<\/title>\n<meta name=\"robots\" content=\"index, follow, max-snippet:-1, max-image-preview:large, max-video-preview:-1\" \/>\n<link rel=\"canonical\" href=\"https:\/\/www.domstavpro.com\/index.php\/produkt\/akce-sapho-handicap-madlo-rovne-800mm-nerez-lesk-29752\/\" \/>\n<meta property=\"og:locale\" content=\"cs_CZ\" \/>\n<meta property=\"og:type\" content=\"article\" \/>\n<meta property=\"og:title\" content=\"Akce SAPHO HANDICAP madlo rovn\u00e9 800mm, nerez lesk -\" \/>\n<meta property=\"og:description\" content=\"V\u00fdrobek spl\u0148uje po\u017eadavky normy \u010cSN EN ISO\/IEC 17067. K uchycen\u00ed jsou dod\u00e1v\u00e1ny nerez \u0161rouby podle DIN 95, 6\u00d760 mm s hmo\u017edinkami z plastu pro mont\u00e1\u017e do pln\u00fdch cihel a betonu.Pro jin\u00fd druh zdiva je nutno zvolit upev\u0148ovac\u00ed prvky odpov\u00eddaj\u00edc\u00ed nam\u00e1h\u00e1n\u00ed. Vlastnosti Zna\u010dka SAPHO Rozm\u011br 880x75x106 mm \u0160\u00ed\u0159ka 880&nbsp;mm V\u00fd\u0161ka 75&nbsp;mm Hloubka 106&nbsp;mm Barva Nerez le\u0161t\u011bn\u00fd [&hellip;]\" \/>\n<meta property=\"og:url\" content=\"https:\/\/www.domstavpro.com\/index.php\/produkt\/akce-sapho-handicap-madlo-rovne-800mm-nerez-lesk-29752\/\" \/>\n<meta property=\"og:image\" content=\"https:\/\/www.domstavpro.com\/wp-content\/uploads\/2026\/SK0028350-CZ20260425-093449-0-1777080896-sapho-handicap-madlo-rovne-800mm-nerez-lesk.webp\" \/>\n\t<meta property=\"og:image:width\" content=\"1000\" \/>\n\t<meta property=\"og:image:height\" content=\"525\" \/>\n\t<meta property=\"og:image:type\" content=\"image\/webp\" \/>\n<meta name=\"twitter:card\" content=\"summary_large_image\" \/>\n<meta name=\"twitter:label1\" content=\"Odhadovan\u00e1 doba \u010dten\u00ed\" \/>\n\t<meta name=\"twitter:data1\" content=\"1 minuta\" \/>\n<script type=\"application\/ld+json\" class=\"yoast-schema-graph\">{\"@context\":\"https:\/\/schema.org\",\"@graph\":[{\"@type\":\"WebPage\",\"@id\":\"https:\/\/www.domstavpro.com\/index.php\/produkt\/akce-sapho-handicap-madlo-rovne-800mm-nerez-lesk-29752\/\",\"url\":\"https:\/\/www.domstavpro.com\/index.php\/produkt\/akce-sapho-handicap-madlo-rovne-800mm-nerez-lesk-29752\/\",\"name\":\"Akce SAPHO HANDICAP madlo rovn\u00e9 800mm, nerez lesk -\",\"isPartOf\":{\"@id\":\"https:\/\/www.domstavpro.com\/#website\"},\"primaryImageOfPage\":{\"@id\":\"https:\/\/www.domstavpro.com\/index.php\/produkt\/akce-sapho-handicap-madlo-rovne-800mm-nerez-lesk-29752\/#primaryimage\"},\"image\":{\"@id\":\"https:\/\/www.domstavpro.com\/index.php\/produkt\/akce-sapho-handicap-madlo-rovne-800mm-nerez-lesk-29752\/#primaryimage\"},\"thumbnailUrl\":\"https:\/\/www.domstavpro.com\/wp-content\/uploads\/2026\/SK0028350-CZ20260425-093449-0-1777080896-sapho-handicap-madlo-rovne-800mm-nerez-lesk.webp\",\"datePublished\":\"2026-04-27T15:09:03+00:00\",\"breadcrumb\":{\"@id\":\"https:\/\/www.domstavpro.com\/index.php\/produkt\/akce-sapho-handicap-madlo-rovne-800mm-nerez-lesk-29752\/#breadcrumb\"},\"inLanguage\":\"cs\",\"potentialAction\":[{\"@type\":\"ReadAction\",\"target\":[\"https:\/\/www.domstavpro.com\/index.php\/produkt\/akce-sapho-handicap-madlo-rovne-800mm-nerez-lesk-29752\/\"]}]},{\"@type\":\"ImageObject\",\"inLanguage\":\"cs\",\"@id\":\"https:\/\/www.domstavpro.com\/index.php\/produkt\/akce-sapho-handicap-madlo-rovne-800mm-nerez-lesk-29752\/#primaryimage\",\"url\":\"https:\/\/www.domstavpro.com\/wp-content\/uploads\/2026\/SK0028350-CZ20260425-093449-0-1777080896-sapho-handicap-madlo-rovne-800mm-nerez-lesk.webp\",\"contentUrl\":\"https:\/\/www.domstavpro.com\/wp-content\/uploads\/2026\/SK0028350-CZ20260425-093449-0-1777080896-sapho-handicap-madlo-rovne-800mm-nerez-lesk.webp\",\"width\":1000,\"height\":525},{\"@type\":\"BreadcrumbList\",\"@id\":\"https:\/\/www.domstavpro.com\/index.php\/produkt\/akce-sapho-handicap-madlo-rovne-800mm-nerez-lesk-29752\/#breadcrumb\",\"itemListElement\":[{\"@type\":\"ListItem\",\"position\":1,\"name\":\"Home\",\"item\":\"https:\/\/www.domstavpro.com\/\"},{\"@type\":\"ListItem\",\"position\":2,\"name\":\"Products\",\"item\":\"https:\/\/www.domstavpro.com\/index.php\/products\/\"},{\"@type\":\"ListItem\",\"position\":3,\"name\":\"Akce SAPHO HANDICAP madlo rovn\u00e9 800mm, nerez lesk\"}]},{\"@type\":\"WebSite\",\"@id\":\"https:\/\/www.domstavpro.com\/#website\",\"url\":\"https:\/\/www.domstavpro.com\/\",\"name\":\"\",\"description\":\"\",\"potentialAction\":[{\"@type\":\"SearchAction\",\"target\":{\"@type\":\"EntryPoint\",\"urlTemplate\":\"https:\/\/www.domstavpro.com\/?s={search_term_string}\"},\"query-input\":{\"@type\":\"PropertyValueSpecification\",\"valueRequired\":true,\"valueName\":\"search_term_string\"}}],\"inLanguage\":\"cs\"}]}<\/script>\n<!-- \/ Yoast SEO plugin. -->","yoast_head_json":{"title":"Akce SAPHO HANDICAP madlo rovn\u00e9 800mm, nerez lesk -","robots":{"index":"index","follow":"follow","max-snippet":"max-snippet:-1","max-image-preview":"max-image-preview:large","max-video-preview":"max-video-preview:-1"},"canonical":"https:\/\/www.domstavpro.com\/index.php\/produkt\/akce-sapho-handicap-madlo-rovne-800mm-nerez-lesk-29752\/","og_locale":"cs_CZ","og_type":"article","og_title":"Akce SAPHO HANDICAP madlo rovn\u00e9 800mm, nerez lesk -","og_description":"V\u00fdrobek spl\u0148uje po\u017eadavky normy \u010cSN EN ISO\/IEC 17067. K uchycen\u00ed jsou dod\u00e1v\u00e1ny nerez \u0161rouby podle DIN 95, 6\u00d760 mm s hmo\u017edinkami z plastu pro mont\u00e1\u017e do pln\u00fdch cihel a betonu.Pro jin\u00fd druh zdiva je nutno zvolit upev\u0148ovac\u00ed prvky odpov\u00eddaj\u00edc\u00ed nam\u00e1h\u00e1n\u00ed. Vlastnosti Zna\u010dka SAPHO Rozm\u011br 880x75x106 mm \u0160\u00ed\u0159ka 880&nbsp;mm V\u00fd\u0161ka 75&nbsp;mm Hloubka 106&nbsp;mm Barva Nerez le\u0161t\u011bn\u00fd [&hellip;]","og_url":"https:\/\/www.domstavpro.com\/index.php\/produkt\/akce-sapho-handicap-madlo-rovne-800mm-nerez-lesk-29752\/","og_image":[{"width":1000,"height":525,"url":"https:\/\/www.domstavpro.com\/wp-content\/uploads\/2026\/SK0028350-CZ20260425-093449-0-1777080896-sapho-handicap-madlo-rovne-800mm-nerez-lesk.webp","type":"image\/webp"}],"twitter_card":"summary_large_image","twitter_misc":{"Odhadovan\u00e1 doba \u010dten\u00ed":"1 minuta"},"schema":{"@context":"https:\/\/schema.org","@graph":[{"@type":"WebPage","@id":"https:\/\/www.domstavpro.com\/index.php\/produkt\/akce-sapho-handicap-madlo-rovne-800mm-nerez-lesk-29752\/","url":"https:\/\/www.domstavpro.com\/index.php\/produkt\/akce-sapho-handicap-madlo-rovne-800mm-nerez-lesk-29752\/","name":"Akce SAPHO HANDICAP madlo rovn\u00e9 800mm, nerez lesk -","isPartOf":{"@id":"https:\/\/www.domstavpro.com\/#website"},"primaryImageOfPage":{"@id":"https:\/\/www.domstavpro.com\/index.php\/produkt\/akce-sapho-handicap-madlo-rovne-800mm-nerez-lesk-29752\/#primaryimage"},"image":{"@id":"https:\/\/www.domstavpro.com\/index.php\/produkt\/akce-sapho-handicap-madlo-rovne-800mm-nerez-lesk-29752\/#primaryimage"},"thumbnailUrl":"https:\/\/www.domstavpro.com\/wp-content\/uploads\/2026\/SK0028350-CZ20260425-093449-0-1777080896-sapho-handicap-madlo-rovne-800mm-nerez-lesk.webp","datePublished":"2026-04-27T15:09:03+00:00","breadcrumb":{"@id":"https:\/\/www.domstavpro.com\/index.php\/produkt\/akce-sapho-handicap-madlo-rovne-800mm-nerez-lesk-29752\/#breadcrumb"},"inLanguage":"cs","potentialAction":[{"@type":"ReadAction","target":["https:\/\/www.domstavpro.com\/index.php\/produkt\/akce-sapho-handicap-madlo-rovne-800mm-nerez-lesk-29752\/"]}]},{"@type":"ImageObject","inLanguage":"cs","@id":"https:\/\/www.domstavpro.com\/index.php\/produkt\/akce-sapho-handicap-madlo-rovne-800mm-nerez-lesk-29752\/#primaryimage","url":"https:\/\/www.domstavpro.com\/wp-content\/uploads\/2026\/SK0028350-CZ20260425-093449-0-1777080896-sapho-handicap-madlo-rovne-800mm-nerez-lesk.webp","contentUrl":"https:\/\/www.domstavpro.com\/wp-content\/uploads\/2026\/SK0028350-CZ20260425-093449-0-1777080896-sapho-handicap-madlo-rovne-800mm-nerez-lesk.webp","width":1000,"height":525},{"@type":"BreadcrumbList","@id":"https:\/\/www.domstavpro.com\/index.php\/produkt\/akce-sapho-handicap-madlo-rovne-800mm-nerez-lesk-29752\/#breadcrumb","itemListElement":[{"@type":"ListItem","position":1,"name":"Home","item":"https:\/\/www.domstavpro.com\/"},{"@type":"ListItem","position":2,"name":"Products","item":"https:\/\/www.domstavpro.com\/index.php\/products\/"},{"@type":"ListItem","position":3,"name":"Akce SAPHO HANDICAP madlo rovn\u00e9 800mm, nerez lesk"}]},{"@type":"WebSite","@id":"https:\/\/www.domstavpro.com\/#website","url":"https:\/\/www.domstavpro.com\/","name":"","description":"","potentialAction":[{"@type":"SearchAction","target":{"@type":"EntryPoint","urlTemplate":"https:\/\/www.domstavpro.com\/?s={search_term_string}"},"query-input":{"@type":"PropertyValueSpecification","valueRequired":true,"valueName":"search_term_string"}}],"inLanguage":"cs"}]}},"_links":{"self":[{"href":"https:\/\/www.domstavpro.com\/index.php\/wp-json\/wp\/v2\/product\/29752","targetHints":{"allow":["GET"]}}],"collection":[{"href":"https:\/\/www.domstavpro.com\/index.php\/wp-json\/wp\/v2\/product"}],"about":[{"href":"https:\/\/www.domstavpro.com\/index.php\/wp-json\/wp\/v2\/types\/product"}],"replies":[{"embeddable":true,"href":"https:\/\/www.domstavpro.com\/index.php\/wp-json\/wp\/v2\/comments?post=29752"}],"wp:featuredmedia":[{"embeddable":true,"href":"https:\/\/www.domstavpro.com\/index.php\/wp-json\/wp\/v2\/media\/29852"}],"wp:attachment":[{"href":"https:\/\/www.domstavpro.com\/index.php\/wp-json\/wp\/v2\/media?parent=29752"}],"wp:term":[{"taxonomy":"product_brand","embeddable":true,"href":"https:\/\/www.domstavpro.com\/index.php\/wp-json\/wp\/v2\/product_brand?post=29752"},{"taxonomy":"product_cat","embeddable":true,"href":"https:\/\/www.domstavpro.com\/index.php\/wp-json\/wp\/v2\/product_cat?post=29752"},{"taxonomy":"product_tag","embeddable":true,"href":"https:\/\/www.domstavpro.com\/index.php\/wp-json\/wp\/v2\/product_tag?post=29752"}],"curies":[{"name":"wp","href":"https:\/\/api.w.org\/{rel}","templated":true}]}}