{"id":29519,"date":"2026-04-27T15:09:02","date_gmt":"2026-04-27T15:09:02","guid":{"rendered":""},"modified":"2026-04-27T15:09:02","modified_gmt":"2026-04-27T15:09:02","slug":"znackovy-sapho-rucni-sprcha-200mm-zlato-29519","status":"publish","type":"product","link":"https:\/\/www.domstavpro.com\/index.php\/produkt\/znackovy-sapho-rucni-sprcha-200mm-zlato-29519\/","title":{"rendered":"Zna\u010dkov\u00fd SAPHO Ru\u010dn\u00ed sprcha, 200mm, zlato"},"content":{"rendered":"<div id=\"e7988335\" class=\"pages\">\n<div>\n<div id=\"PDDescription\" class=\"UserContentView userContent v1a v1 bs-view dcon dc164 PDDescription\" ><dc-con><dc-con><bs-empty><\/bs-empty><\/dc-con><dc-con>        <\/p>\n<div class=\"customDescription\">                    <\/div>\n<p><\/dc-con><dc-con><\/p>\n<h2 class=\"props-title\">Vlastnosti<\/h2>\n<table>\n<tr>\n<th>Zna\u010dka<\/th>\n<td>SAPHO<\/td>\n<\/tr>\n<tr>\n<th>3D model<\/th>\n<td>ANO<\/td>\n<\/tr>\n<tr>\n<th>\u0160\u00ed\u0159ka<\/th>\n<td>25&nbsp;mm<\/td>\n<\/tr>\n<tr>\n<th>V\u00fd\u0161ka<\/th>\n<td>200&nbsp;mm<\/td>\n<\/tr>\n<tr>\n<th>Hloubka<\/th>\n<td>25&nbsp;mm<\/td>\n<\/tr>\n<tr>\n<th>Barva<\/th>\n<td>Zlato<\/td>\n<\/tr>\n<tr>\n<th>Materi\u00e1l<\/th>\n<td>Mosaz<\/td>\n<\/tr>\n<tr>\n<th>Tvar<\/th>\n<td>Hranat\u00e9<\/td>\n<\/tr>\n<tr>\n<th>Funkce sprchy<\/th>\n<td>D\u00e9\u0161\u0165<\/td>\n<\/tr>\n<tr>\n<th>Ostatn\u00ed<\/th>\n<td>Jedna funkce, PVD povrchov\u00e1 \u00faprava<\/td>\n<\/tr>\n<tr>\n<th>Hmotnost \/ ks<\/th>\n<td>0.3500&nbsp;kg<\/td>\n<\/tr>\n<tr>\n<th>Balen\u00ed<\/th>\n<td>1&nbsp;ks<\/td>\n<\/tr>\n<tr>\n<th>EAN<\/th>\n<td>8590913887352<\/td>\n<\/tr>\n<tr>\n<th>Taric<\/th>\n<td>73249000<\/td>\n<\/tr>\n<tr>\n<th>Z\u00e1ruka<\/th>\n<td>2 roky<\/td>\n<\/tr>\n<\/table>\n<div class=\"product-explanation-item\">\n<h3>PVD povrchov\u00e1 \u00faprava<\/h3>\n<p style=\"text-align: justify;\">Technologie nan\u00e1\u0161en\u00ed tenk\u00fdch vrstev napa\u0159ov\u00e1n\u00edm ve vakuov\u00e9 komo\u0159e. Nan\u00e1\u0161en\u00fd materi\u00e1l se spojuje s podkladem na molekul\u00e1rn\u00ed b\u00e1zi. D\u00edky tomu se povrch stane tvrd\u00fdm, odoln\u00fdm korozi, kyselin\u00e1m, ot\u011bru a vysok\u00fdm teplot\u00e1m. Tato technologie je nav\u00edc \u0161etrn\u00e1 k \u017eivotn\u00edmu prost\u0159ed\u00ed.<\/p>\n<\/div>\n<p><\/dc-con><\/dc-con><\/div>\n<\/p><\/div>\n<div id=\"PDTable3\" class=\"ProductDetailTableView v3a v3 bs-view dcon dc185 PDTable3\" >\n<table>\n<thead><\/thead>\n<tbody>\n<tr class=\"attribute attr_bsshop_maker\">\n<td class=\"caption\">V\u00fdrobce<\/td>\n<td class=\"value\">Sapho<\/td>\n<\/tr>\n<tr class=\"attribute attr_sirka\">\n<td class=\"caption\">\u0160\u00ed\u0159ka v mm<\/td>\n<td class=\"value\">26<\/td>\n<\/tr>\n<tr class=\"attribute attr_Vyska\">\n<td class=\"caption\">V\u00fd\u0161ka v mm<\/td>\n<td class=\"value\">26<\/td>\n<\/tr>\n<tr class=\"weight\">\n<td class=\"caption\"><span>Hmotnost<\/span><\/td>\n<td class=\"value\"><span>0,35 kg<\/span><\/td>\n<\/tr>\n<\/tbody>\n<\/table>\n<\/div>\n<div id=\"ProductMedia\" class=\"ProductMediaView MediaViewBase v1a v1 bs-view dcon dc409 ProductMedia\" ><bs-empty><\/bs-empty><\/p>\n<div class=\"files\">\n<div class=\"title sub\">Soubory<\/div>\n<p><a href=\"\/media\/36712\/42000-do317.dwg?&amp;key=ZGpmIyQwNUZfMzY3MTI=\" class=\"dwg\">Dokumenty &#8211; 3D modely_priloha_1<\/a><a href=\"\/media\/36713\/42000-do317.dxf?&amp;key=ZGpmIyQwNUZfMzY3MTM=\" class=\"dxf\">Dokumenty &#8211; 3D modely_priloha_2<\/a><a href=\"\/media\/36714\/42000-do317.3ds?&amp;key=ZGpmIyQwNUZfMzY3MTQ=\" class=\"3ds\">Dokumenty &#8211; 3D modely_priloha_0<\/a><a href=\"\/media\/47093\/42000-sapho-uzivani-udrzba-sprch.pdf?&amp;key=ZGpmIyQwNUZfNDcwOTM=\" class=\"pdf\">Dokumenty &#8211; &#218;dr\u017eba_priloha_3<\/a><\/div>\n<p><bs-empty><\/bs-empty><\/div>\n<div id=\"PdProductGpsr\" class=\"ProductGpsrView v1a v1 bs-view dcon dc217 PdProductGpsr\" >\n<div class=\"subject\"><dc-root class=\"dcon dc219\"><span class=\"title\">Zodpov\u011bdn&#253; subjekt:<\/span><dc-con><dc-con><span class=\"company\">UBC s.r.o.<\/span><span class=\"name\">Sapho<\/span><\/dc-con><dc-con><span class=\"street\">M\u011blnick&#225; 87<\/span><span class=\"city\">L&#237;beznice<\/span><span class=\"zip\">250 65<\/span><span class=\"country\">\u010cesko<\/span><\/dc-con><span class=\"email\">info@ubc-group.cz<\/span><span class=\"phone\">283 090 704<\/span><bs-empty><\/bs-empty><a href=\"https:\/\/www.ubc-group.cz\/#kontakt\" class=\"link\" target=\"_blank\">https:\/\/www.ubc-group.cz\/#kontakt<\/a><\/dc-con><bs-empty><\/bs-empty><\/dc-root><\/div>\n<p><bs-empty><\/bs-empty><\/div>\n<\/div>\n<div id=\"e7988336\" class=\"tabs\">\n","protected":false},"excerpt":{"rendered":"<p>Vlastnosti Zna\u010dka SAPHO 3D model ANO \u0160\u00ed\u0159ka 25&nbsp;mm V\u00fd\u0161ka 200&nbsp;mm Hloubka 25&nbsp;mm Barva Zlato Materi\u00e1l Mosaz Tvar Hranat\u00e9 Funkce sprchy D\u00e9\u0161\u0165 Ostatn\u00ed Jedna funkce, PVD povrchov\u00e1 \u00faprava Hmotnost \/ ks 0.3500&nbsp;kg Balen\u00ed 1&nbsp;ks EAN 8590913887352 Taric 73249000 Z\u00e1ruka 2 roky PVD povrchov\u00e1 \u00faprava Technologie nan\u00e1\u0161en\u00ed tenk\u00fdch vrstev napa\u0159ov\u00e1n\u00edm ve vakuov\u00e9 komo\u0159e. Nan\u00e1\u0161en\u00fd materi\u00e1l se spojuje [&hellip;]<\/p>\n","protected":false},"featured_media":29619,"comment_status":"open","ping_status":"open","template":"","meta":[],"product_brand":[],"product_cat":[61],"product_tag":[],"class_list":{"0":"post-29519","1":"product","2":"type-product","3":"status-publish","4":"has-post-thumbnail","6":"product_cat-vybaven-237-koupelny","8":"first","9":"instock","10":"sale","11":"shipping-taxable","12":"purchasable","13":"product-type-simple"},"yoast_head":"<!-- This site is optimized with the Yoast SEO plugin v26.8 - https:\/\/yoast.com\/product\/yoast-seo-wordpress\/ -->\n<title>Zna\u010dkov\u00fd SAPHO Ru\u010dn\u00ed sprcha, 200mm, zlato -<\/title>\n<meta name=\"robots\" content=\"index, follow, max-snippet:-1, max-image-preview:large, max-video-preview:-1\" \/>\n<link rel=\"canonical\" href=\"https:\/\/www.domstavpro.com\/index.php\/produkt\/znackovy-sapho-rucni-sprcha-200mm-zlato-29519\/\" \/>\n<meta property=\"og:locale\" content=\"cs_CZ\" \/>\n<meta property=\"og:type\" content=\"article\" \/>\n<meta property=\"og:title\" content=\"Zna\u010dkov\u00fd SAPHO Ru\u010dn\u00ed sprcha, 200mm, zlato -\" \/>\n<meta property=\"og:description\" content=\"Vlastnosti Zna\u010dka SAPHO 3D model ANO \u0160\u00ed\u0159ka 25&nbsp;mm V\u00fd\u0161ka 200&nbsp;mm Hloubka 25&nbsp;mm Barva Zlato Materi\u00e1l Mosaz Tvar Hranat\u00e9 Funkce sprchy D\u00e9\u0161\u0165 Ostatn\u00ed Jedna funkce, PVD povrchov\u00e1 \u00faprava Hmotnost \/ ks 0.3500&nbsp;kg Balen\u00ed 1&nbsp;ks EAN 8590913887352 Taric 73249000 Z\u00e1ruka 2 roky PVD povrchov\u00e1 \u00faprava Technologie nan\u00e1\u0161en\u00ed tenk\u00fdch vrstev napa\u0159ov\u00e1n\u00edm ve vakuov\u00e9 komo\u0159e. Nan\u00e1\u0161en\u00fd materi\u00e1l se spojuje [&hellip;]\" \/>\n<meta property=\"og:url\" content=\"https:\/\/www.domstavpro.com\/index.php\/produkt\/znackovy-sapho-rucni-sprcha-200mm-zlato-29519\/\" \/>\n<meta property=\"og:image\" content=\"https:\/\/www.domstavpro.com\/wp-content\/uploads\/2026\/SK0028217-CZ20260425-093449-0-1777080896-sapho-rucni-sprcha-200mm-zlato.webp\" \/>\n\t<meta property=\"og:image:width\" content=\"1000\" \/>\n\t<meta property=\"og:image:height\" content=\"525\" \/>\n\t<meta property=\"og:image:type\" content=\"image\/webp\" \/>\n<meta name=\"twitter:card\" content=\"summary_large_image\" \/>\n<meta name=\"twitter:label1\" content=\"Odhadovan\u00e1 doba \u010dten\u00ed\" \/>\n\t<meta name=\"twitter:data1\" content=\"1 minuta\" \/>\n<script type=\"application\/ld+json\" class=\"yoast-schema-graph\">{\"@context\":\"https:\/\/schema.org\",\"@graph\":[{\"@type\":\"WebPage\",\"@id\":\"https:\/\/www.domstavpro.com\/index.php\/produkt\/znackovy-sapho-rucni-sprcha-200mm-zlato-29519\/\",\"url\":\"https:\/\/www.domstavpro.com\/index.php\/produkt\/znackovy-sapho-rucni-sprcha-200mm-zlato-29519\/\",\"name\":\"Zna\u010dkov\u00fd SAPHO Ru\u010dn\u00ed sprcha, 200mm, zlato -\",\"isPartOf\":{\"@id\":\"https:\/\/www.domstavpro.com\/#website\"},\"primaryImageOfPage\":{\"@id\":\"https:\/\/www.domstavpro.com\/index.php\/produkt\/znackovy-sapho-rucni-sprcha-200mm-zlato-29519\/#primaryimage\"},\"image\":{\"@id\":\"https:\/\/www.domstavpro.com\/index.php\/produkt\/znackovy-sapho-rucni-sprcha-200mm-zlato-29519\/#primaryimage\"},\"thumbnailUrl\":\"https:\/\/www.domstavpro.com\/wp-content\/uploads\/2026\/SK0028217-CZ20260425-093449-0-1777080896-sapho-rucni-sprcha-200mm-zlato.webp\",\"datePublished\":\"2026-04-27T15:09:02+00:00\",\"breadcrumb\":{\"@id\":\"https:\/\/www.domstavpro.com\/index.php\/produkt\/znackovy-sapho-rucni-sprcha-200mm-zlato-29519\/#breadcrumb\"},\"inLanguage\":\"cs\",\"potentialAction\":[{\"@type\":\"ReadAction\",\"target\":[\"https:\/\/www.domstavpro.com\/index.php\/produkt\/znackovy-sapho-rucni-sprcha-200mm-zlato-29519\/\"]}]},{\"@type\":\"ImageObject\",\"inLanguage\":\"cs\",\"@id\":\"https:\/\/www.domstavpro.com\/index.php\/produkt\/znackovy-sapho-rucni-sprcha-200mm-zlato-29519\/#primaryimage\",\"url\":\"https:\/\/www.domstavpro.com\/wp-content\/uploads\/2026\/SK0028217-CZ20260425-093449-0-1777080896-sapho-rucni-sprcha-200mm-zlato.webp\",\"contentUrl\":\"https:\/\/www.domstavpro.com\/wp-content\/uploads\/2026\/SK0028217-CZ20260425-093449-0-1777080896-sapho-rucni-sprcha-200mm-zlato.webp\",\"width\":1000,\"height\":525},{\"@type\":\"BreadcrumbList\",\"@id\":\"https:\/\/www.domstavpro.com\/index.php\/produkt\/znackovy-sapho-rucni-sprcha-200mm-zlato-29519\/#breadcrumb\",\"itemListElement\":[{\"@type\":\"ListItem\",\"position\":1,\"name\":\"Home\",\"item\":\"https:\/\/www.domstavpro.com\/\"},{\"@type\":\"ListItem\",\"position\":2,\"name\":\"Products\",\"item\":\"https:\/\/www.domstavpro.com\/index.php\/products\/\"},{\"@type\":\"ListItem\",\"position\":3,\"name\":\"Zna\u010dkov\u00fd SAPHO Ru\u010dn\u00ed sprcha, 200mm, zlato\"}]},{\"@type\":\"WebSite\",\"@id\":\"https:\/\/www.domstavpro.com\/#website\",\"url\":\"https:\/\/www.domstavpro.com\/\",\"name\":\"\",\"description\":\"\",\"potentialAction\":[{\"@type\":\"SearchAction\",\"target\":{\"@type\":\"EntryPoint\",\"urlTemplate\":\"https:\/\/www.domstavpro.com\/?s={search_term_string}\"},\"query-input\":{\"@type\":\"PropertyValueSpecification\",\"valueRequired\":true,\"valueName\":\"search_term_string\"}}],\"inLanguage\":\"cs\"}]}<\/script>\n<!-- \/ Yoast SEO plugin. -->","yoast_head_json":{"title":"Zna\u010dkov\u00fd SAPHO Ru\u010dn\u00ed sprcha, 200mm, zlato -","robots":{"index":"index","follow":"follow","max-snippet":"max-snippet:-1","max-image-preview":"max-image-preview:large","max-video-preview":"max-video-preview:-1"},"canonical":"https:\/\/www.domstavpro.com\/index.php\/produkt\/znackovy-sapho-rucni-sprcha-200mm-zlato-29519\/","og_locale":"cs_CZ","og_type":"article","og_title":"Zna\u010dkov\u00fd SAPHO Ru\u010dn\u00ed sprcha, 200mm, zlato -","og_description":"Vlastnosti Zna\u010dka SAPHO 3D model ANO \u0160\u00ed\u0159ka 25&nbsp;mm V\u00fd\u0161ka 200&nbsp;mm Hloubka 25&nbsp;mm Barva Zlato Materi\u00e1l Mosaz Tvar Hranat\u00e9 Funkce sprchy D\u00e9\u0161\u0165 Ostatn\u00ed Jedna funkce, PVD povrchov\u00e1 \u00faprava Hmotnost \/ ks 0.3500&nbsp;kg Balen\u00ed 1&nbsp;ks EAN 8590913887352 Taric 73249000 Z\u00e1ruka 2 roky PVD povrchov\u00e1 \u00faprava Technologie nan\u00e1\u0161en\u00ed tenk\u00fdch vrstev napa\u0159ov\u00e1n\u00edm ve vakuov\u00e9 komo\u0159e. Nan\u00e1\u0161en\u00fd materi\u00e1l se spojuje [&hellip;]","og_url":"https:\/\/www.domstavpro.com\/index.php\/produkt\/znackovy-sapho-rucni-sprcha-200mm-zlato-29519\/","og_image":[{"width":1000,"height":525,"url":"https:\/\/www.domstavpro.com\/wp-content\/uploads\/2026\/SK0028217-CZ20260425-093449-0-1777080896-sapho-rucni-sprcha-200mm-zlato.webp","type":"image\/webp"}],"twitter_card":"summary_large_image","twitter_misc":{"Odhadovan\u00e1 doba \u010dten\u00ed":"1 minuta"},"schema":{"@context":"https:\/\/schema.org","@graph":[{"@type":"WebPage","@id":"https:\/\/www.domstavpro.com\/index.php\/produkt\/znackovy-sapho-rucni-sprcha-200mm-zlato-29519\/","url":"https:\/\/www.domstavpro.com\/index.php\/produkt\/znackovy-sapho-rucni-sprcha-200mm-zlato-29519\/","name":"Zna\u010dkov\u00fd SAPHO Ru\u010dn\u00ed sprcha, 200mm, zlato -","isPartOf":{"@id":"https:\/\/www.domstavpro.com\/#website"},"primaryImageOfPage":{"@id":"https:\/\/www.domstavpro.com\/index.php\/produkt\/znackovy-sapho-rucni-sprcha-200mm-zlato-29519\/#primaryimage"},"image":{"@id":"https:\/\/www.domstavpro.com\/index.php\/produkt\/znackovy-sapho-rucni-sprcha-200mm-zlato-29519\/#primaryimage"},"thumbnailUrl":"https:\/\/www.domstavpro.com\/wp-content\/uploads\/2026\/SK0028217-CZ20260425-093449-0-1777080896-sapho-rucni-sprcha-200mm-zlato.webp","datePublished":"2026-04-27T15:09:02+00:00","breadcrumb":{"@id":"https:\/\/www.domstavpro.com\/index.php\/produkt\/znackovy-sapho-rucni-sprcha-200mm-zlato-29519\/#breadcrumb"},"inLanguage":"cs","potentialAction":[{"@type":"ReadAction","target":["https:\/\/www.domstavpro.com\/index.php\/produkt\/znackovy-sapho-rucni-sprcha-200mm-zlato-29519\/"]}]},{"@type":"ImageObject","inLanguage":"cs","@id":"https:\/\/www.domstavpro.com\/index.php\/produkt\/znackovy-sapho-rucni-sprcha-200mm-zlato-29519\/#primaryimage","url":"https:\/\/www.domstavpro.com\/wp-content\/uploads\/2026\/SK0028217-CZ20260425-093449-0-1777080896-sapho-rucni-sprcha-200mm-zlato.webp","contentUrl":"https:\/\/www.domstavpro.com\/wp-content\/uploads\/2026\/SK0028217-CZ20260425-093449-0-1777080896-sapho-rucni-sprcha-200mm-zlato.webp","width":1000,"height":525},{"@type":"BreadcrumbList","@id":"https:\/\/www.domstavpro.com\/index.php\/produkt\/znackovy-sapho-rucni-sprcha-200mm-zlato-29519\/#breadcrumb","itemListElement":[{"@type":"ListItem","position":1,"name":"Home","item":"https:\/\/www.domstavpro.com\/"},{"@type":"ListItem","position":2,"name":"Products","item":"https:\/\/www.domstavpro.com\/index.php\/products\/"},{"@type":"ListItem","position":3,"name":"Zna\u010dkov\u00fd SAPHO Ru\u010dn\u00ed sprcha, 200mm, zlato"}]},{"@type":"WebSite","@id":"https:\/\/www.domstavpro.com\/#website","url":"https:\/\/www.domstavpro.com\/","name":"","description":"","potentialAction":[{"@type":"SearchAction","target":{"@type":"EntryPoint","urlTemplate":"https:\/\/www.domstavpro.com\/?s={search_term_string}"},"query-input":{"@type":"PropertyValueSpecification","valueRequired":true,"valueName":"search_term_string"}}],"inLanguage":"cs"}]}},"_links":{"self":[{"href":"https:\/\/www.domstavpro.com\/index.php\/wp-json\/wp\/v2\/product\/29519","targetHints":{"allow":["GET"]}}],"collection":[{"href":"https:\/\/www.domstavpro.com\/index.php\/wp-json\/wp\/v2\/product"}],"about":[{"href":"https:\/\/www.domstavpro.com\/index.php\/wp-json\/wp\/v2\/types\/product"}],"replies":[{"embeddable":true,"href":"https:\/\/www.domstavpro.com\/index.php\/wp-json\/wp\/v2\/comments?post=29519"}],"wp:featuredmedia":[{"embeddable":true,"href":"https:\/\/www.domstavpro.com\/index.php\/wp-json\/wp\/v2\/media\/29619"}],"wp:attachment":[{"href":"https:\/\/www.domstavpro.com\/index.php\/wp-json\/wp\/v2\/media?parent=29519"}],"wp:term":[{"taxonomy":"product_brand","embeddable":true,"href":"https:\/\/www.domstavpro.com\/index.php\/wp-json\/wp\/v2\/product_brand?post=29519"},{"taxonomy":"product_cat","embeddable":true,"href":"https:\/\/www.domstavpro.com\/index.php\/wp-json\/wp\/v2\/product_cat?post=29519"},{"taxonomy":"product_tag","embeddable":true,"href":"https:\/\/www.domstavpro.com\/index.php\/wp-json\/wp\/v2\/product_tag?post=29519"}],"curies":[{"name":"wp","href":"https:\/\/api.w.org\/{rel}","templated":true}]}}