{"id":29366,"date":"2026-04-27T15:09:02","date_gmt":"2026-04-27T15:09:02","guid":{"rendered":""},"modified":"2026-04-27T15:09:02","modified_gmt":"2026-04-27T15:09:02","slug":"akce-sapho-hlavova-sprcha-prumer-305mm-abs-chrom-29366","status":"publish","type":"product","link":"https:\/\/www.domstavpro.com\/index.php\/produkt\/akce-sapho-hlavova-sprcha-prumer-305mm-abs-chrom-29366\/","title":{"rendered":"Akce SAPHO Hlavov\u00e1 sprcha, pr\u016fm\u011br 305mm, ABS\/chrom"},"content":{"rendered":"<div id=\"e8593532\" class=\"pages\">\n<div>\n<div id=\"PDDescription\" class=\"UserContentView userContent v1a v1 bs-view dcon dc164 PDDescription\" ><dc-con><dc-con><bs-empty><\/bs-empty><\/dc-con><dc-con>        <\/p>\n<div class=\"customDescription\">                    <\/div>\n<p><\/dc-con><dc-con><\/p>\n<h2 class=\"props-title\">Vlastnosti<\/h2>\n<table>\n<tr>\n<th>Zna\u010dka<\/th>\n<td>SAPHO<\/td>\n<\/tr>\n<tr>\n<th>Pr\u016fm\u011br<\/th>\n<td>305&nbsp;mm<\/td>\n<\/tr>\n<tr>\n<th>V\u00fd\u0161ka<\/th>\n<td>15&nbsp;mm<\/td>\n<\/tr>\n<tr>\n<th>Barva<\/th>\n<td>Chrom<\/td>\n<\/tr>\n<tr>\n<th>Materi\u00e1l<\/th>\n<td>Plast<\/td>\n<\/tr>\n<tr>\n<th>Tvar<\/th>\n<td>Kruhov\u00e9<\/td>\n<\/tr>\n<tr>\n<th>Instalace<\/th>\n<td>1 cesta<\/td>\n<\/tr>\n<tr>\n<th>Funkce sprchy<\/th>\n<td>D\u00e9\u0161\u0165<\/td>\n<\/tr>\n<tr>\n<th>Ostatn\u00ed<\/th>\n<td>AntiCalc<\/td>\n<\/tr>\n<tr>\n<th>Pr\u016ftok (3 bar): Hlavov\u00e1 sprcha<\/th>\n<td>13.340&nbsp;l\/min<\/td>\n<\/tr>\n<tr>\n<th>Hmotnost \/ ks<\/th>\n<td>1.5000&nbsp;kg<\/td>\n<\/tr>\n<tr>\n<th>Balen\u00ed<\/th>\n<td>1&nbsp;ks<\/td>\n<\/tr>\n<tr>\n<th>EAN<\/th>\n<td>8590913861130<\/td>\n<\/tr>\n<tr>\n<th>Taric<\/th>\n<td>39249000<\/td>\n<\/tr>\n<tr>\n<th>Z\u00e1ruka<\/th>\n<td>2 roky<\/td>\n<\/tr>\n<\/table>\n<div class=\"product-explanation-item\">\n<h3>AntiCalc<\/h3>\n<div style=\"float: left;\"><img decoding=\"async\" src=\"https:\/\/eshop.sapho.cz\/img\/Vysvetlivky-ikony\/anticalc_80.png\" caption=\"false\" width=\"30\" style=\"display: block; margin-left: 2px; margin-right: 10px;\" \/><\/div>\n<p style=\"text-align: justify;\">Odolnost v\u016f\u010di usazov\u00e1n\u00ed vodn\u00edho kamene a snadn\u00e9 \u010di\u0161t\u011bn\u00ed.<\/p>\n<\/div>\n<p><\/dc-con><\/dc-con><\/div>\n<\/p><\/div>\n<div id=\"PDTable3\" class=\"ProductDetailTableView v3a v3 bs-view dcon dc185 PDTable3\" >\n<table>\n<thead><\/thead>\n<tbody>\n<tr class=\"attribute attr_bsshop_maker\">\n<td class=\"caption\">V\u00fdrobce<\/td>\n<td class=\"value\">Sapho<\/td>\n<\/tr>\n<tr class=\"attribute attr_sirka\">\n<td class=\"caption\">\u0160\u00ed\u0159ka v mm<\/td>\n<td class=\"value\">335<\/td>\n<\/tr>\n<tr class=\"attribute attr_Vyska\">\n<td class=\"caption\">V\u00fd\u0161ka v mm<\/td>\n<td class=\"value\">85<\/td>\n<\/tr>\n<tr class=\"weight\">\n<td class=\"caption\"><span>Hmotnost<\/span><\/td>\n<td class=\"value\"><span>1,50 kg<\/span><\/td>\n<\/tr>\n<\/tbody>\n<\/table>\n<\/div>\n<div id=\"ProductMedia\" class=\"ProductMediaView MediaViewBase v1a v1 bs-view dcon dc409 ProductMedia\" ><bs-empty><\/bs-empty><\/p>\n<div class=\"files\">\n<div class=\"title sub\">Soubory<\/div>\n<p><a href=\"\/media\/47066\/34147-sapho-uzivani-udrzba-sprch.pdf?&amp;key=ZGpmIyQwNUZfNDcwNjY=\" class=\"pdf\">Dokumenty &#8211; &#218;dr\u017eba_priloha_0<\/a><\/div>\n<p><bs-empty><\/bs-empty><\/div>\n<div id=\"PdProductGpsr\" class=\"ProductGpsrView v1a v1 bs-view dcon dc217 PdProductGpsr\" >\n<div class=\"subject\"><dc-root class=\"dcon dc219\"><span class=\"title\">Zodpov\u011bdn&#253; subjekt:<\/span><dc-con><dc-con><span class=\"company\">UBC s.r.o.<\/span><span class=\"name\">Sapho<\/span><\/dc-con><dc-con><span class=\"street\">M\u011blnick&#225; 87<\/span><span class=\"city\">L&#237;beznice<\/span><span class=\"zip\">250 65<\/span><span class=\"country\">\u010cesko<\/span><\/dc-con><span class=\"email\">info@ubc-group.cz<\/span><span class=\"phone\">283 090 704<\/span><bs-empty><\/bs-empty><a href=\"https:\/\/www.ubc-group.cz\/#kontakt\" class=\"link\" target=\"_blank\">https:\/\/www.ubc-group.cz\/#kontakt<\/a><\/dc-con><bs-empty><\/bs-empty><\/dc-root><\/div>\n<p><bs-empty><\/bs-empty><\/div>\n<\/div>\n<div id=\"e8593533\" class=\"tabs\">\n","protected":false},"excerpt":{"rendered":"<p>Vlastnosti Zna\u010dka SAPHO Pr\u016fm\u011br 305&nbsp;mm V\u00fd\u0161ka 15&nbsp;mm Barva Chrom Materi\u00e1l Plast Tvar Kruhov\u00e9 Instalace 1 cesta Funkce sprchy D\u00e9\u0161\u0165 Ostatn\u00ed AntiCalc Pr\u016ftok (3 bar): Hlavov\u00e1 sprcha 13.340&nbsp;l\/min Hmotnost \/ ks 1.5000&nbsp;kg Balen\u00ed 1&nbsp;ks EAN 8590913861130 Taric 39249000 Z\u00e1ruka 2 roky AntiCalc Odolnost v\u016f\u010di usazov\u00e1n\u00ed vodn\u00edho kamene a snadn\u00e9 \u010di\u0161t\u011bn\u00ed. V\u00fdrobce Sapho \u0160\u00ed\u0159ka v mm 335 [&hellip;]<\/p>\n","protected":false},"featured_media":29466,"comment_status":"open","ping_status":"open","template":"","meta":[],"product_brand":[],"product_cat":[61],"product_tag":[],"class_list":{"0":"post-29366","1":"product","2":"type-product","3":"status-publish","4":"has-post-thumbnail","6":"product_cat-vybaven-237-koupelny","8":"first","9":"instock","10":"sale","11":"shipping-taxable","12":"purchasable","13":"product-type-simple"},"yoast_head":"<!-- This site is optimized with the Yoast SEO plugin v26.8 - https:\/\/yoast.com\/product\/yoast-seo-wordpress\/ -->\n<title>Akce SAPHO Hlavov\u00e1 sprcha, pr\u016fm\u011br 305mm, ABS\/chrom -<\/title>\n<meta name=\"robots\" content=\"index, follow, max-snippet:-1, max-image-preview:large, max-video-preview:-1\" \/>\n<link rel=\"canonical\" href=\"https:\/\/www.domstavpro.com\/index.php\/produkt\/akce-sapho-hlavova-sprcha-prumer-305mm-abs-chrom-29366\/\" \/>\n<meta property=\"og:locale\" content=\"cs_CZ\" \/>\n<meta property=\"og:type\" content=\"article\" \/>\n<meta property=\"og:title\" content=\"Akce SAPHO Hlavov\u00e1 sprcha, pr\u016fm\u011br 305mm, ABS\/chrom -\" \/>\n<meta property=\"og:description\" content=\"Vlastnosti Zna\u010dka SAPHO Pr\u016fm\u011br 305&nbsp;mm V\u00fd\u0161ka 15&nbsp;mm Barva Chrom Materi\u00e1l Plast Tvar Kruhov\u00e9 Instalace 1 cesta Funkce sprchy D\u00e9\u0161\u0165 Ostatn\u00ed AntiCalc Pr\u016ftok (3 bar): Hlavov\u00e1 sprcha 13.340&nbsp;l\/min Hmotnost \/ ks 1.5000&nbsp;kg Balen\u00ed 1&nbsp;ks EAN 8590913861130 Taric 39249000 Z\u00e1ruka 2 roky AntiCalc Odolnost v\u016f\u010di usazov\u00e1n\u00ed vodn\u00edho kamene a snadn\u00e9 \u010di\u0161t\u011bn\u00ed. V\u00fdrobce Sapho \u0160\u00ed\u0159ka v mm 335 [&hellip;]\" \/>\n<meta property=\"og:url\" content=\"https:\/\/www.domstavpro.com\/index.php\/produkt\/akce-sapho-hlavova-sprcha-prumer-305mm-abs-chrom-29366\/\" \/>\n<meta property=\"og:image\" content=\"https:\/\/www.domstavpro.com\/wp-content\/uploads\/2026\/SK0028164-CZ20260425-093449-0-1777080896-sapho-hlavova-sprcha-prumer-305mm-abs-chrom.webp\" \/>\n\t<meta property=\"og:image:width\" content=\"1000\" \/>\n\t<meta property=\"og:image:height\" content=\"525\" \/>\n\t<meta property=\"og:image:type\" content=\"image\/webp\" \/>\n<meta name=\"twitter:card\" content=\"summary_large_image\" \/>\n<script type=\"application\/ld+json\" class=\"yoast-schema-graph\">{\"@context\":\"https:\/\/schema.org\",\"@graph\":[{\"@type\":\"WebPage\",\"@id\":\"https:\/\/www.domstavpro.com\/index.php\/produkt\/akce-sapho-hlavova-sprcha-prumer-305mm-abs-chrom-29366\/\",\"url\":\"https:\/\/www.domstavpro.com\/index.php\/produkt\/akce-sapho-hlavova-sprcha-prumer-305mm-abs-chrom-29366\/\",\"name\":\"Akce SAPHO Hlavov\u00e1 sprcha, pr\u016fm\u011br 305mm, ABS\/chrom -\",\"isPartOf\":{\"@id\":\"https:\/\/www.domstavpro.com\/#website\"},\"primaryImageOfPage\":{\"@id\":\"https:\/\/www.domstavpro.com\/index.php\/produkt\/akce-sapho-hlavova-sprcha-prumer-305mm-abs-chrom-29366\/#primaryimage\"},\"image\":{\"@id\":\"https:\/\/www.domstavpro.com\/index.php\/produkt\/akce-sapho-hlavova-sprcha-prumer-305mm-abs-chrom-29366\/#primaryimage\"},\"thumbnailUrl\":\"https:\/\/www.domstavpro.com\/wp-content\/uploads\/2026\/SK0028164-CZ20260425-093449-0-1777080896-sapho-hlavova-sprcha-prumer-305mm-abs-chrom.webp\",\"datePublished\":\"2026-04-27T15:09:02+00:00\",\"breadcrumb\":{\"@id\":\"https:\/\/www.domstavpro.com\/index.php\/produkt\/akce-sapho-hlavova-sprcha-prumer-305mm-abs-chrom-29366\/#breadcrumb\"},\"inLanguage\":\"cs\",\"potentialAction\":[{\"@type\":\"ReadAction\",\"target\":[\"https:\/\/www.domstavpro.com\/index.php\/produkt\/akce-sapho-hlavova-sprcha-prumer-305mm-abs-chrom-29366\/\"]}]},{\"@type\":\"ImageObject\",\"inLanguage\":\"cs\",\"@id\":\"https:\/\/www.domstavpro.com\/index.php\/produkt\/akce-sapho-hlavova-sprcha-prumer-305mm-abs-chrom-29366\/#primaryimage\",\"url\":\"https:\/\/www.domstavpro.com\/wp-content\/uploads\/2026\/SK0028164-CZ20260425-093449-0-1777080896-sapho-hlavova-sprcha-prumer-305mm-abs-chrom.webp\",\"contentUrl\":\"https:\/\/www.domstavpro.com\/wp-content\/uploads\/2026\/SK0028164-CZ20260425-093449-0-1777080896-sapho-hlavova-sprcha-prumer-305mm-abs-chrom.webp\",\"width\":1000,\"height\":525},{\"@type\":\"BreadcrumbList\",\"@id\":\"https:\/\/www.domstavpro.com\/index.php\/produkt\/akce-sapho-hlavova-sprcha-prumer-305mm-abs-chrom-29366\/#breadcrumb\",\"itemListElement\":[{\"@type\":\"ListItem\",\"position\":1,\"name\":\"Home\",\"item\":\"https:\/\/www.domstavpro.com\/\"},{\"@type\":\"ListItem\",\"position\":2,\"name\":\"Products\",\"item\":\"https:\/\/www.domstavpro.com\/index.php\/products\/\"},{\"@type\":\"ListItem\",\"position\":3,\"name\":\"Akce SAPHO Hlavov\u00e1 sprcha, pr\u016fm\u011br 305mm, ABS\/chrom\"}]},{\"@type\":\"WebSite\",\"@id\":\"https:\/\/www.domstavpro.com\/#website\",\"url\":\"https:\/\/www.domstavpro.com\/\",\"name\":\"\",\"description\":\"\",\"potentialAction\":[{\"@type\":\"SearchAction\",\"target\":{\"@type\":\"EntryPoint\",\"urlTemplate\":\"https:\/\/www.domstavpro.com\/?s={search_term_string}\"},\"query-input\":{\"@type\":\"PropertyValueSpecification\",\"valueRequired\":true,\"valueName\":\"search_term_string\"}}],\"inLanguage\":\"cs\"}]}<\/script>\n<!-- \/ Yoast SEO plugin. -->","yoast_head_json":{"title":"Akce SAPHO Hlavov\u00e1 sprcha, pr\u016fm\u011br 305mm, ABS\/chrom -","robots":{"index":"index","follow":"follow","max-snippet":"max-snippet:-1","max-image-preview":"max-image-preview:large","max-video-preview":"max-video-preview:-1"},"canonical":"https:\/\/www.domstavpro.com\/index.php\/produkt\/akce-sapho-hlavova-sprcha-prumer-305mm-abs-chrom-29366\/","og_locale":"cs_CZ","og_type":"article","og_title":"Akce SAPHO Hlavov\u00e1 sprcha, pr\u016fm\u011br 305mm, ABS\/chrom -","og_description":"Vlastnosti Zna\u010dka SAPHO Pr\u016fm\u011br 305&nbsp;mm V\u00fd\u0161ka 15&nbsp;mm Barva Chrom Materi\u00e1l Plast Tvar Kruhov\u00e9 Instalace 1 cesta Funkce sprchy D\u00e9\u0161\u0165 Ostatn\u00ed AntiCalc Pr\u016ftok (3 bar): Hlavov\u00e1 sprcha 13.340&nbsp;l\/min Hmotnost \/ ks 1.5000&nbsp;kg Balen\u00ed 1&nbsp;ks EAN 8590913861130 Taric 39249000 Z\u00e1ruka 2 roky AntiCalc Odolnost v\u016f\u010di usazov\u00e1n\u00ed vodn\u00edho kamene a snadn\u00e9 \u010di\u0161t\u011bn\u00ed. V\u00fdrobce Sapho \u0160\u00ed\u0159ka v mm 335 [&hellip;]","og_url":"https:\/\/www.domstavpro.com\/index.php\/produkt\/akce-sapho-hlavova-sprcha-prumer-305mm-abs-chrom-29366\/","og_image":[{"width":1000,"height":525,"url":"https:\/\/www.domstavpro.com\/wp-content\/uploads\/2026\/SK0028164-CZ20260425-093449-0-1777080896-sapho-hlavova-sprcha-prumer-305mm-abs-chrom.webp","type":"image\/webp"}],"twitter_card":"summary_large_image","schema":{"@context":"https:\/\/schema.org","@graph":[{"@type":"WebPage","@id":"https:\/\/www.domstavpro.com\/index.php\/produkt\/akce-sapho-hlavova-sprcha-prumer-305mm-abs-chrom-29366\/","url":"https:\/\/www.domstavpro.com\/index.php\/produkt\/akce-sapho-hlavova-sprcha-prumer-305mm-abs-chrom-29366\/","name":"Akce SAPHO Hlavov\u00e1 sprcha, pr\u016fm\u011br 305mm, ABS\/chrom -","isPartOf":{"@id":"https:\/\/www.domstavpro.com\/#website"},"primaryImageOfPage":{"@id":"https:\/\/www.domstavpro.com\/index.php\/produkt\/akce-sapho-hlavova-sprcha-prumer-305mm-abs-chrom-29366\/#primaryimage"},"image":{"@id":"https:\/\/www.domstavpro.com\/index.php\/produkt\/akce-sapho-hlavova-sprcha-prumer-305mm-abs-chrom-29366\/#primaryimage"},"thumbnailUrl":"https:\/\/www.domstavpro.com\/wp-content\/uploads\/2026\/SK0028164-CZ20260425-093449-0-1777080896-sapho-hlavova-sprcha-prumer-305mm-abs-chrom.webp","datePublished":"2026-04-27T15:09:02+00:00","breadcrumb":{"@id":"https:\/\/www.domstavpro.com\/index.php\/produkt\/akce-sapho-hlavova-sprcha-prumer-305mm-abs-chrom-29366\/#breadcrumb"},"inLanguage":"cs","potentialAction":[{"@type":"ReadAction","target":["https:\/\/www.domstavpro.com\/index.php\/produkt\/akce-sapho-hlavova-sprcha-prumer-305mm-abs-chrom-29366\/"]}]},{"@type":"ImageObject","inLanguage":"cs","@id":"https:\/\/www.domstavpro.com\/index.php\/produkt\/akce-sapho-hlavova-sprcha-prumer-305mm-abs-chrom-29366\/#primaryimage","url":"https:\/\/www.domstavpro.com\/wp-content\/uploads\/2026\/SK0028164-CZ20260425-093449-0-1777080896-sapho-hlavova-sprcha-prumer-305mm-abs-chrom.webp","contentUrl":"https:\/\/www.domstavpro.com\/wp-content\/uploads\/2026\/SK0028164-CZ20260425-093449-0-1777080896-sapho-hlavova-sprcha-prumer-305mm-abs-chrom.webp","width":1000,"height":525},{"@type":"BreadcrumbList","@id":"https:\/\/www.domstavpro.com\/index.php\/produkt\/akce-sapho-hlavova-sprcha-prumer-305mm-abs-chrom-29366\/#breadcrumb","itemListElement":[{"@type":"ListItem","position":1,"name":"Home","item":"https:\/\/www.domstavpro.com\/"},{"@type":"ListItem","position":2,"name":"Products","item":"https:\/\/www.domstavpro.com\/index.php\/products\/"},{"@type":"ListItem","position":3,"name":"Akce SAPHO Hlavov\u00e1 sprcha, pr\u016fm\u011br 305mm, ABS\/chrom"}]},{"@type":"WebSite","@id":"https:\/\/www.domstavpro.com\/#website","url":"https:\/\/www.domstavpro.com\/","name":"","description":"","potentialAction":[{"@type":"SearchAction","target":{"@type":"EntryPoint","urlTemplate":"https:\/\/www.domstavpro.com\/?s={search_term_string}"},"query-input":{"@type":"PropertyValueSpecification","valueRequired":true,"valueName":"search_term_string"}}],"inLanguage":"cs"}]}},"_links":{"self":[{"href":"https:\/\/www.domstavpro.com\/index.php\/wp-json\/wp\/v2\/product\/29366","targetHints":{"allow":["GET"]}}],"collection":[{"href":"https:\/\/www.domstavpro.com\/index.php\/wp-json\/wp\/v2\/product"}],"about":[{"href":"https:\/\/www.domstavpro.com\/index.php\/wp-json\/wp\/v2\/types\/product"}],"replies":[{"embeddable":true,"href":"https:\/\/www.domstavpro.com\/index.php\/wp-json\/wp\/v2\/comments?post=29366"}],"wp:featuredmedia":[{"embeddable":true,"href":"https:\/\/www.domstavpro.com\/index.php\/wp-json\/wp\/v2\/media\/29466"}],"wp:attachment":[{"href":"https:\/\/www.domstavpro.com\/index.php\/wp-json\/wp\/v2\/media?parent=29366"}],"wp:term":[{"taxonomy":"product_brand","embeddable":true,"href":"https:\/\/www.domstavpro.com\/index.php\/wp-json\/wp\/v2\/product_brand?post=29366"},{"taxonomy":"product_cat","embeddable":true,"href":"https:\/\/www.domstavpro.com\/index.php\/wp-json\/wp\/v2\/product_cat?post=29366"},{"taxonomy":"product_tag","embeddable":true,"href":"https:\/\/www.domstavpro.com\/index.php\/wp-json\/wp\/v2\/product_tag?post=29366"}],"curies":[{"name":"wp","href":"https:\/\/api.w.org\/{rel}","templated":true}]}}