{"id":28964,"date":"2026-04-27T15:09:01","date_gmt":"2026-04-27T15:09:01","guid":{"rendered":""},"modified":"2026-04-27T15:09:01","modified_gmt":"2026-04-27T15:09:01","slug":"znackovy-sapho-small-stojankovy-umyvadlovy-ventil-145mm-chrom-28964","status":"publish","type":"product","link":"https:\/\/www.domstavpro.com\/index.php\/produkt\/znackovy-sapho-small-stojankovy-umyvadlovy-ventil-145mm-chrom-28964\/","title":{"rendered":"Zna\u010dkov\u00fd SAPHO SMALL stoj\u00e1nkov\u00fd umyvadlov\u00fd ventil, 145mm, chrom"},"content":{"rendered":"<div id=\"e7889363\" class=\"pages\">\n<div>\n<div id=\"PDDescription\" class=\"UserContentView userContent v1a v1 bs-view dcon dc164 PDDescription\" ><dc-con><dc-con><bs-empty><\/bs-empty><\/dc-con><dc-con>        <\/p>\n<div class=\"customDescription\">                    <\/div>\n<p><\/dc-con><dc-con><\/p>\n<p style=\"text-align: justify;\">Elegantn\u00ed \u0159e\u0161en\u00ed pro men\u0161\u00ed umyvadla a um\u00fdv\u00e1tka pou\u017e\u00edvan\u00e1 p\u0159edev\u0161\u00edm v mal\u00fdch koupeln\u00e1ch anebo v m\u00edstnostech s WC. I st\u00edsn\u011bn\u00e9 prostory si zaslou\u017e\u00ed hezk\u00e9 vybaven\u00ed, jak\u00fdm m\u016f\u017ee b\u00fdt designov\u00e9 um\u00fdv\u00e1tko a p\u011bkn\u00fd ventil nebo baterie. Mal\u00fdm umyvadl\u016fm velk\u00e9 baterie neslu\u0161\u00ed!<br \/>V\u00fdborn\u011b se hod\u00ed i do ve\u0159ejn\u00fdch prostor &#8211; \u0161kol, restaurac\u00ed, sportovn\u00edch are\u00e1l\u016f, atd. Nab\u00edz\u00edme jak modern\u00ed designov\u00e9 hranat\u00e9 a ov\u00e1ln\u00e9, tak retro proveden\u00ed.<\/p>\n<h2 class=\"props-title\">Vlastnosti<\/h2>\n<table>\n<tr>\n<th>Zna\u010dka<\/th>\n<td>SAPHO<\/td>\n<\/tr>\n<tr>\n<th>S\u00e9rie<\/th>\n<td>SMALL PRO UM\u00ddV\u00c1TKA<\/td>\n<\/tr>\n<tr>\n<th>\u0160\u00ed\u0159ka<\/th>\n<td>33&nbsp;mm<\/td>\n<\/tr>\n<tr>\n<th>V\u00fd\u0161ka<\/th>\n<td>145&nbsp;mm<\/td>\n<\/tr>\n<tr>\n<th>Hloubka<\/th>\n<td>111&nbsp;mm<\/td>\n<\/tr>\n<tr>\n<th>Barva<\/th>\n<td>Chrom<\/td>\n<\/tr>\n<tr>\n<th>Materi\u00e1l<\/th>\n<td>Mosaz<\/td>\n<\/tr>\n<tr>\n<th>Tvar<\/th>\n<td>Kruhov\u00e9<\/td>\n<\/tr>\n<tr>\n<th>Instalace<\/th>\n<td>Stoj\u00e1nkov\u00e1<\/td>\n<\/tr>\n<tr>\n<th>Druh ovl\u00e1d\u00e1n\u00ed<\/th>\n<td>Ventil<\/td>\n<\/tr>\n<tr>\n<th>V\u00fd\u0161ka v\u00fdtoku<\/th>\n<td>81&nbsp;mm<\/td>\n<\/tr>\n<tr>\n<th>Ostatn\u00ed<\/th>\n<td>Pro um\u00fdv\u00e1tko, Pouze studen\u00e1 voda<\/td>\n<\/tr>\n<tr>\n<th>Pr\u016ftok (3 bar)<\/th>\n<td>13.570&nbsp;l\/min<\/td>\n<\/tr>\n<tr>\n<th>Hmotnost \/ ks<\/th>\n<td>1.2900&nbsp;kg<\/td>\n<\/tr>\n<tr>\n<th>Balen\u00ed<\/th>\n<td>1&nbsp;ks<\/td>\n<\/tr>\n<tr>\n<th>EAN<\/th>\n<td>8590913833700<\/td>\n<\/tr>\n<tr>\n<th>Taric<\/th>\n<td>84818019<\/td>\n<\/tr>\n<tr>\n<th>Z\u00e1ruka<\/th>\n<td>2 roky<\/td>\n<\/tr>\n<\/table>\n<p><\/dc-con><\/dc-con><\/div>\n<\/p><\/div>\n<div id=\"PDTable3\" class=\"ProductDetailTableView v3a v3 bs-view dcon dc185 PDTable3\" >\n<table>\n<thead><\/thead>\n<tbody>\n<tr class=\"attribute attr_ovladani\">\n<td class=\"caption\">Ovl\u00e1d\u00e1n\u00ed<\/td>\n<td class=\"value\">P\u00e1kov\u00e9<\/td>\n<\/tr>\n<tr class=\"attribute attr_typ\">\n<td class=\"caption\">Typ<\/td>\n<td class=\"value\">Stoj\u00e1nkov\u00e9 baterie<\/td>\n<\/tr>\n<tr class=\"attribute attr_pouziti\">\n<td class=\"caption\">Pou\u017eit\u00ed<\/td>\n<td class=\"value\">Umyvadlov\u00e9\/ D\u0159ezov\u00e9 baterie<\/td>\n<\/tr>\n<tr class=\"attribute attr_bsshop_maker\">\n<td class=\"caption\">V\u00fdrobce<\/td>\n<td class=\"value\">Sapho<\/td>\n<\/tr>\n<tr class=\"attribute attr_sirka\">\n<td class=\"caption\">\u0160\u00ed\u0159ka v mm<\/td>\n<td class=\"value\">170<\/td>\n<\/tr>\n<tr class=\"attribute attr_Vyska\">\n<td class=\"caption\">V\u00fd\u0161ka v mm<\/td>\n<td class=\"value\">80<\/td>\n<\/tr>\n<tr class=\"weight\">\n<td class=\"caption\"><span>Hmotnost<\/span><\/td>\n<td class=\"value\"><span>1,29 kg<\/span><\/td>\n<\/tr>\n<\/tbody>\n<\/table>\n<\/div>\n<div id=\"ProductMedia\" class=\"ProductMediaView MediaViewBase v1a v1 bs-view dcon dc409 ProductMedia\" ><bs-empty><\/bs-empty><\/p>\n<div class=\"files\">\n<div class=\"title sub\">Soubory<\/div>\n<p><a href=\"\/media\/18519\/22907-assembly-sapho-sample-sm24.PDF?&amp;key=ZGpmIyQwNUZfMTg1MTk=\" class=\"PDF\">Dokumenty &#8211; N&#225;vod_priloha_0<\/a><a href=\"\/media\/38208\/22907-navod-na-udrzbu-baterii-sapho.pdf?&amp;key=ZGpmIyQwNUZfMzgyMDg=\" class=\"pdf\">Dokumenty &#8211; &#218;dr\u017eba_priloha_1<\/a><a href=\"\/media\/49074\/22907-zarucni-list-baterie-cely-sapho-web.pdf?&amp;key=ZGpmIyQwNUZfNDkwNzQ=\" class=\"pdf\">Dokumenty &#8211; Z&#225;ru\u010dn&#237; list_priloha_2<\/a><\/div>\n<p><bs-empty><\/bs-empty><\/div>\n<div id=\"PdProductGpsr\" class=\"ProductGpsrView v1a v1 bs-view dcon dc217 PdProductGpsr\" >\n<div class=\"subject\"><dc-root class=\"dcon dc219\"><span class=\"title\">Zodpov\u011bdn&#253; subjekt:<\/span><dc-con><dc-con><span class=\"company\">UBC s.r.o.<\/span><span class=\"name\">Sapho<\/span><\/dc-con><dc-con><span class=\"street\">M\u011blnick&#225; 87<\/span><span class=\"city\">L&#237;beznice<\/span><span class=\"zip\">250 65<\/span><span class=\"country\">\u010cesko<\/span><\/dc-con><span class=\"email\">info@ubc-group.cz<\/span><span class=\"phone\">283 090 704<\/span><bs-empty><\/bs-empty><a href=\"https:\/\/www.ubc-group.cz\/#kontakt\" class=\"link\" target=\"_blank\">https:\/\/www.ubc-group.cz\/#kontakt<\/a><\/dc-con><bs-empty><\/bs-empty><\/dc-root><\/div>\n<p><bs-empty><\/bs-empty><\/div>\n<\/div>\n<div id=\"e7889364\" class=\"tabs\">\n","protected":false},"excerpt":{"rendered":"<p>Elegantn\u00ed \u0159e\u0161en\u00ed pro men\u0161\u00ed umyvadla a um\u00fdv\u00e1tka pou\u017e\u00edvan\u00e1 p\u0159edev\u0161\u00edm v mal\u00fdch koupeln\u00e1ch anebo v m\u00edstnostech s WC. I st\u00edsn\u011bn\u00e9 prostory si zaslou\u017e\u00ed hezk\u00e9 vybaven\u00ed, jak\u00fdm m\u016f\u017ee b\u00fdt designov\u00e9 um\u00fdv\u00e1tko a p\u011bkn\u00fd ventil nebo baterie. Mal\u00fdm umyvadl\u016fm velk\u00e9 baterie neslu\u0161\u00ed!V\u00fdborn\u011b se hod\u00ed i do ve\u0159ejn\u00fdch prostor &#8211; \u0161kol, restaurac\u00ed, sportovn\u00edch are\u00e1l\u016f, atd. Nab\u00edz\u00edme jak modern\u00ed designov\u00e9 [&hellip;]<\/p>\n","protected":false},"featured_media":29064,"comment_status":"open","ping_status":"open","template":"","meta":[],"product_brand":[],"product_cat":[61],"product_tag":[],"class_list":{"0":"post-28964","1":"product","2":"type-product","3":"status-publish","4":"has-post-thumbnail","6":"product_cat-vybaven-237-koupelny","8":"first","9":"instock","10":"sale","11":"shipping-taxable","12":"purchasable","13":"product-type-simple"},"yoast_head":"<!-- This site is optimized with the Yoast SEO plugin v26.8 - https:\/\/yoast.com\/product\/yoast-seo-wordpress\/ -->\n<title>Zna\u010dkov\u00fd SAPHO SMALL stoj\u00e1nkov\u00fd umyvadlov\u00fd ventil, 145mm, chrom -<\/title>\n<meta name=\"robots\" content=\"index, follow, max-snippet:-1, max-image-preview:large, max-video-preview:-1\" \/>\n<link rel=\"canonical\" href=\"https:\/\/www.domstavpro.com\/index.php\/produkt\/znackovy-sapho-small-stojankovy-umyvadlovy-ventil-145mm-chrom-28964\/\" \/>\n<meta property=\"og:locale\" content=\"cs_CZ\" \/>\n<meta property=\"og:type\" content=\"article\" \/>\n<meta property=\"og:title\" content=\"Zna\u010dkov\u00fd SAPHO SMALL stoj\u00e1nkov\u00fd umyvadlov\u00fd ventil, 145mm, chrom -\" \/>\n<meta property=\"og:description\" content=\"Elegantn\u00ed \u0159e\u0161en\u00ed pro men\u0161\u00ed umyvadla a um\u00fdv\u00e1tka pou\u017e\u00edvan\u00e1 p\u0159edev\u0161\u00edm v mal\u00fdch koupeln\u00e1ch anebo v m\u00edstnostech s WC. I st\u00edsn\u011bn\u00e9 prostory si zaslou\u017e\u00ed hezk\u00e9 vybaven\u00ed, jak\u00fdm m\u016f\u017ee b\u00fdt designov\u00e9 um\u00fdv\u00e1tko a p\u011bkn\u00fd ventil nebo baterie. Mal\u00fdm umyvadl\u016fm velk\u00e9 baterie neslu\u0161\u00ed!V\u00fdborn\u011b se hod\u00ed i do ve\u0159ejn\u00fdch prostor &#8211; \u0161kol, restaurac\u00ed, sportovn\u00edch are\u00e1l\u016f, atd. Nab\u00edz\u00edme jak modern\u00ed designov\u00e9 [&hellip;]\" \/>\n<meta property=\"og:url\" content=\"https:\/\/www.domstavpro.com\/index.php\/produkt\/znackovy-sapho-small-stojankovy-umyvadlovy-ventil-145mm-chrom-28964\/\" \/>\n<meta property=\"og:image\" content=\"https:\/\/www.domstavpro.com\/wp-content\/uploads\/2026\/SK0027962-CZ20260425-093449-0-1777080896-sapho-small-stojankovy-umyvadlovy-ventil-145mm-chrom.webp\" \/>\n\t<meta property=\"og:image:width\" content=\"1000\" \/>\n\t<meta property=\"og:image:height\" content=\"525\" \/>\n\t<meta property=\"og:image:type\" content=\"image\/webp\" \/>\n<meta name=\"twitter:card\" content=\"summary_large_image\" \/>\n<meta name=\"twitter:label1\" content=\"Odhadovan\u00e1 doba \u010dten\u00ed\" \/>\n\t<meta name=\"twitter:data1\" content=\"1 minuta\" \/>\n<script type=\"application\/ld+json\" class=\"yoast-schema-graph\">{\"@context\":\"https:\/\/schema.org\",\"@graph\":[{\"@type\":\"WebPage\",\"@id\":\"https:\/\/www.domstavpro.com\/index.php\/produkt\/znackovy-sapho-small-stojankovy-umyvadlovy-ventil-145mm-chrom-28964\/\",\"url\":\"https:\/\/www.domstavpro.com\/index.php\/produkt\/znackovy-sapho-small-stojankovy-umyvadlovy-ventil-145mm-chrom-28964\/\",\"name\":\"Zna\u010dkov\u00fd SAPHO SMALL stoj\u00e1nkov\u00fd umyvadlov\u00fd ventil, 145mm, chrom -\",\"isPartOf\":{\"@id\":\"https:\/\/www.domstavpro.com\/#website\"},\"primaryImageOfPage\":{\"@id\":\"https:\/\/www.domstavpro.com\/index.php\/produkt\/znackovy-sapho-small-stojankovy-umyvadlovy-ventil-145mm-chrom-28964\/#primaryimage\"},\"image\":{\"@id\":\"https:\/\/www.domstavpro.com\/index.php\/produkt\/znackovy-sapho-small-stojankovy-umyvadlovy-ventil-145mm-chrom-28964\/#primaryimage\"},\"thumbnailUrl\":\"https:\/\/www.domstavpro.com\/wp-content\/uploads\/2026\/SK0027962-CZ20260425-093449-0-1777080896-sapho-small-stojankovy-umyvadlovy-ventil-145mm-chrom.webp\",\"datePublished\":\"2026-04-27T15:09:01+00:00\",\"breadcrumb\":{\"@id\":\"https:\/\/www.domstavpro.com\/index.php\/produkt\/znackovy-sapho-small-stojankovy-umyvadlovy-ventil-145mm-chrom-28964\/#breadcrumb\"},\"inLanguage\":\"cs\",\"potentialAction\":[{\"@type\":\"ReadAction\",\"target\":[\"https:\/\/www.domstavpro.com\/index.php\/produkt\/znackovy-sapho-small-stojankovy-umyvadlovy-ventil-145mm-chrom-28964\/\"]}]},{\"@type\":\"ImageObject\",\"inLanguage\":\"cs\",\"@id\":\"https:\/\/www.domstavpro.com\/index.php\/produkt\/znackovy-sapho-small-stojankovy-umyvadlovy-ventil-145mm-chrom-28964\/#primaryimage\",\"url\":\"https:\/\/www.domstavpro.com\/wp-content\/uploads\/2026\/SK0027962-CZ20260425-093449-0-1777080896-sapho-small-stojankovy-umyvadlovy-ventil-145mm-chrom.webp\",\"contentUrl\":\"https:\/\/www.domstavpro.com\/wp-content\/uploads\/2026\/SK0027962-CZ20260425-093449-0-1777080896-sapho-small-stojankovy-umyvadlovy-ventil-145mm-chrom.webp\",\"width\":1000,\"height\":525},{\"@type\":\"BreadcrumbList\",\"@id\":\"https:\/\/www.domstavpro.com\/index.php\/produkt\/znackovy-sapho-small-stojankovy-umyvadlovy-ventil-145mm-chrom-28964\/#breadcrumb\",\"itemListElement\":[{\"@type\":\"ListItem\",\"position\":1,\"name\":\"Home\",\"item\":\"https:\/\/www.domstavpro.com\/\"},{\"@type\":\"ListItem\",\"position\":2,\"name\":\"Products\",\"item\":\"https:\/\/www.domstavpro.com\/index.php\/products\/\"},{\"@type\":\"ListItem\",\"position\":3,\"name\":\"Zna\u010dkov\u00fd SAPHO SMALL stoj\u00e1nkov\u00fd umyvadlov\u00fd ventil, 145mm, chrom\"}]},{\"@type\":\"WebSite\",\"@id\":\"https:\/\/www.domstavpro.com\/#website\",\"url\":\"https:\/\/www.domstavpro.com\/\",\"name\":\"\",\"description\":\"\",\"potentialAction\":[{\"@type\":\"SearchAction\",\"target\":{\"@type\":\"EntryPoint\",\"urlTemplate\":\"https:\/\/www.domstavpro.com\/?s={search_term_string}\"},\"query-input\":{\"@type\":\"PropertyValueSpecification\",\"valueRequired\":true,\"valueName\":\"search_term_string\"}}],\"inLanguage\":\"cs\"}]}<\/script>\n<!-- \/ Yoast SEO plugin. -->","yoast_head_json":{"title":"Zna\u010dkov\u00fd SAPHO SMALL stoj\u00e1nkov\u00fd umyvadlov\u00fd ventil, 145mm, chrom -","robots":{"index":"index","follow":"follow","max-snippet":"max-snippet:-1","max-image-preview":"max-image-preview:large","max-video-preview":"max-video-preview:-1"},"canonical":"https:\/\/www.domstavpro.com\/index.php\/produkt\/znackovy-sapho-small-stojankovy-umyvadlovy-ventil-145mm-chrom-28964\/","og_locale":"cs_CZ","og_type":"article","og_title":"Zna\u010dkov\u00fd SAPHO SMALL stoj\u00e1nkov\u00fd umyvadlov\u00fd ventil, 145mm, chrom -","og_description":"Elegantn\u00ed \u0159e\u0161en\u00ed pro men\u0161\u00ed umyvadla a um\u00fdv\u00e1tka pou\u017e\u00edvan\u00e1 p\u0159edev\u0161\u00edm v mal\u00fdch koupeln\u00e1ch anebo v m\u00edstnostech s WC. I st\u00edsn\u011bn\u00e9 prostory si zaslou\u017e\u00ed hezk\u00e9 vybaven\u00ed, jak\u00fdm m\u016f\u017ee b\u00fdt designov\u00e9 um\u00fdv\u00e1tko a p\u011bkn\u00fd ventil nebo baterie. Mal\u00fdm umyvadl\u016fm velk\u00e9 baterie neslu\u0161\u00ed!V\u00fdborn\u011b se hod\u00ed i do ve\u0159ejn\u00fdch prostor &#8211; \u0161kol, restaurac\u00ed, sportovn\u00edch are\u00e1l\u016f, atd. Nab\u00edz\u00edme jak modern\u00ed designov\u00e9 [&hellip;]","og_url":"https:\/\/www.domstavpro.com\/index.php\/produkt\/znackovy-sapho-small-stojankovy-umyvadlovy-ventil-145mm-chrom-28964\/","og_image":[{"width":1000,"height":525,"url":"https:\/\/www.domstavpro.com\/wp-content\/uploads\/2026\/SK0027962-CZ20260425-093449-0-1777080896-sapho-small-stojankovy-umyvadlovy-ventil-145mm-chrom.webp","type":"image\/webp"}],"twitter_card":"summary_large_image","twitter_misc":{"Odhadovan\u00e1 doba \u010dten\u00ed":"1 minuta"},"schema":{"@context":"https:\/\/schema.org","@graph":[{"@type":"WebPage","@id":"https:\/\/www.domstavpro.com\/index.php\/produkt\/znackovy-sapho-small-stojankovy-umyvadlovy-ventil-145mm-chrom-28964\/","url":"https:\/\/www.domstavpro.com\/index.php\/produkt\/znackovy-sapho-small-stojankovy-umyvadlovy-ventil-145mm-chrom-28964\/","name":"Zna\u010dkov\u00fd SAPHO SMALL stoj\u00e1nkov\u00fd umyvadlov\u00fd ventil, 145mm, chrom -","isPartOf":{"@id":"https:\/\/www.domstavpro.com\/#website"},"primaryImageOfPage":{"@id":"https:\/\/www.domstavpro.com\/index.php\/produkt\/znackovy-sapho-small-stojankovy-umyvadlovy-ventil-145mm-chrom-28964\/#primaryimage"},"image":{"@id":"https:\/\/www.domstavpro.com\/index.php\/produkt\/znackovy-sapho-small-stojankovy-umyvadlovy-ventil-145mm-chrom-28964\/#primaryimage"},"thumbnailUrl":"https:\/\/www.domstavpro.com\/wp-content\/uploads\/2026\/SK0027962-CZ20260425-093449-0-1777080896-sapho-small-stojankovy-umyvadlovy-ventil-145mm-chrom.webp","datePublished":"2026-04-27T15:09:01+00:00","breadcrumb":{"@id":"https:\/\/www.domstavpro.com\/index.php\/produkt\/znackovy-sapho-small-stojankovy-umyvadlovy-ventil-145mm-chrom-28964\/#breadcrumb"},"inLanguage":"cs","potentialAction":[{"@type":"ReadAction","target":["https:\/\/www.domstavpro.com\/index.php\/produkt\/znackovy-sapho-small-stojankovy-umyvadlovy-ventil-145mm-chrom-28964\/"]}]},{"@type":"ImageObject","inLanguage":"cs","@id":"https:\/\/www.domstavpro.com\/index.php\/produkt\/znackovy-sapho-small-stojankovy-umyvadlovy-ventil-145mm-chrom-28964\/#primaryimage","url":"https:\/\/www.domstavpro.com\/wp-content\/uploads\/2026\/SK0027962-CZ20260425-093449-0-1777080896-sapho-small-stojankovy-umyvadlovy-ventil-145mm-chrom.webp","contentUrl":"https:\/\/www.domstavpro.com\/wp-content\/uploads\/2026\/SK0027962-CZ20260425-093449-0-1777080896-sapho-small-stojankovy-umyvadlovy-ventil-145mm-chrom.webp","width":1000,"height":525},{"@type":"BreadcrumbList","@id":"https:\/\/www.domstavpro.com\/index.php\/produkt\/znackovy-sapho-small-stojankovy-umyvadlovy-ventil-145mm-chrom-28964\/#breadcrumb","itemListElement":[{"@type":"ListItem","position":1,"name":"Home","item":"https:\/\/www.domstavpro.com\/"},{"@type":"ListItem","position":2,"name":"Products","item":"https:\/\/www.domstavpro.com\/index.php\/products\/"},{"@type":"ListItem","position":3,"name":"Zna\u010dkov\u00fd SAPHO SMALL stoj\u00e1nkov\u00fd umyvadlov\u00fd ventil, 145mm, chrom"}]},{"@type":"WebSite","@id":"https:\/\/www.domstavpro.com\/#website","url":"https:\/\/www.domstavpro.com\/","name":"","description":"","potentialAction":[{"@type":"SearchAction","target":{"@type":"EntryPoint","urlTemplate":"https:\/\/www.domstavpro.com\/?s={search_term_string}"},"query-input":{"@type":"PropertyValueSpecification","valueRequired":true,"valueName":"search_term_string"}}],"inLanguage":"cs"}]}},"_links":{"self":[{"href":"https:\/\/www.domstavpro.com\/index.php\/wp-json\/wp\/v2\/product\/28964","targetHints":{"allow":["GET"]}}],"collection":[{"href":"https:\/\/www.domstavpro.com\/index.php\/wp-json\/wp\/v2\/product"}],"about":[{"href":"https:\/\/www.domstavpro.com\/index.php\/wp-json\/wp\/v2\/types\/product"}],"replies":[{"embeddable":true,"href":"https:\/\/www.domstavpro.com\/index.php\/wp-json\/wp\/v2\/comments?post=28964"}],"wp:featuredmedia":[{"embeddable":true,"href":"https:\/\/www.domstavpro.com\/index.php\/wp-json\/wp\/v2\/media\/29064"}],"wp:attachment":[{"href":"https:\/\/www.domstavpro.com\/index.php\/wp-json\/wp\/v2\/media?parent=28964"}],"wp:term":[{"taxonomy":"product_brand","embeddable":true,"href":"https:\/\/www.domstavpro.com\/index.php\/wp-json\/wp\/v2\/product_brand?post=28964"},{"taxonomy":"product_cat","embeddable":true,"href":"https:\/\/www.domstavpro.com\/index.php\/wp-json\/wp\/v2\/product_cat?post=28964"},{"taxonomy":"product_tag","embeddable":true,"href":"https:\/\/www.domstavpro.com\/index.php\/wp-json\/wp\/v2\/product_tag?post=28964"}],"curies":[{"name":"wp","href":"https:\/\/api.w.org\/{rel}","templated":true}]}}