{"id":28950,"date":"2026-04-27T15:09:01","date_gmt":"2026-04-27T15:09:01","guid":{"rendered":""},"modified":"2026-04-27T15:09:01","modified_gmt":"2026-04-27T15:09:01","slug":"akce-aqualine-victoria-stojankova-umyvadlova-baterie-chrom-28950","status":"publish","type":"product","link":"https:\/\/www.domstavpro.com\/index.php\/produkt\/akce-aqualine-victoria-stojankova-umyvadlova-baterie-chrom-28950\/","title":{"rendered":"Akce AQUALINE VICTORIA stoj\u00e1nkov\u00e1 umyvadlov\u00e1 baterie, chrom"},"content":{"rendered":"<div id=\"e7882338\" class=\"pages\">\n<div>\n<div id=\"PDDescription\" class=\"UserContentView userContent v1a v1 bs-view dcon dc164 PDDescription\" ><dc-con><dc-con><bs-empty><\/bs-empty><\/dc-con><dc-con>        <\/p>\n<div class=\"customDescription\">                    <\/div>\n<p><\/dc-con><dc-con><\/p>\n<p style=\"text-align: justify;\">V&nbsp;retro stylu nab\u00edz\u00edme zaj\u00edmavou s\u00e9rii VICTORIA. Jedn\u00e1 se o&nbsp;kvalitn\u00ed baterie za p\u0159\u00edznivou po\u0159izovac\u00ed cenu. Za zm\u00ednku stoj\u00ed vanov\u00e1 baterie s&nbsp;kr\u00e1snou ru\u010dn\u00ed sprchou, takzvan\u00fdm \u201esluch\u00e1tkem\u201c.<\/p>\n<p><span>&nbsp;<img decoding=\"async\" src=\"https:\/\/eshop.sapho.cz\/img\/_\/serie.39\/kohoutek_90.png\" alt=\"\" class=\"\" width=\"59\" height=\"59\" \/>&nbsp; \u017d\u00e1dn\u00e9 dlouh\u00e9 ot\u00e1\u010den\u00ed \u010di regulace &#8211; oto\u010dte o&nbsp;90\u00b0 a je otev\u0159eno<\/span><\/p>\n<h2 class=\"props-title\">Vlastnosti<\/h2>\n<table>\n<tr>\n<th>Zna\u010dka<\/th>\n<td>AQUALINE<\/td>\n<\/tr>\n<tr>\n<th>S\u00e9rie<\/th>\n<td>VICTORIA<\/td>\n<\/tr>\n<tr>\n<th>\u0160\u00ed\u0159ka<\/th>\n<td>171&nbsp;mm<\/td>\n<\/tr>\n<tr>\n<th>V\u00fd\u0161ka<\/th>\n<td>102&nbsp;mm<\/td>\n<\/tr>\n<tr>\n<th>Hloubka<\/th>\n<td>125&nbsp;mm<\/td>\n<\/tr>\n<tr>\n<th>Barva<\/th>\n<td>Chrom<\/td>\n<\/tr>\n<tr>\n<th>Materi\u00e1l<\/th>\n<td>Mosaz<\/td>\n<\/tr>\n<tr>\n<th>Tvar<\/th>\n<td>Retro<\/td>\n<\/tr>\n<tr>\n<th>Instalace<\/th>\n<td>Stoj\u00e1nkov\u00e1<\/td>\n<\/tr>\n<tr>\n<th>Druh ovl\u00e1d\u00e1n\u00ed<\/th>\n<td>Kohoutek<\/td>\n<\/tr>\n<tr>\n<th>V\u00fd\u0161ka v\u00fdtoku<\/th>\n<td>63&nbsp;mm<\/td>\n<\/tr>\n<tr>\n<th>Hmotnost \/ ks<\/th>\n<td>1.1870&nbsp;kg<\/td>\n<\/tr>\n<tr>\n<th>Balen\u00ed<\/th>\n<td>1&nbsp;ks<\/td>\n<\/tr>\n<tr>\n<th>EAN<\/th>\n<td>8590913820465<\/td>\n<\/tr>\n<tr>\n<th>Taric<\/th>\n<td>84818011<\/td>\n<\/tr>\n<tr>\n<th>Z\u00e1ruka<\/th>\n<td>4 roky<\/td>\n<\/tr>\n<\/table>\n<p><\/dc-con><\/dc-con><\/div>\n<\/p><\/div>\n<div id=\"PDTable3\" class=\"ProductDetailTableView v3a v3 bs-view dcon dc185 PDTable3\" >\n<table>\n<thead><\/thead>\n<tbody>\n<tr class=\"attribute attr_ovladani\">\n<td class=\"caption\">Ovl\u00e1d\u00e1n\u00ed<\/td>\n<td class=\"value\">P\u00e1kov\u00e9<\/td>\n<\/tr>\n<tr class=\"attribute attr_typ\">\n<td class=\"caption\">Typ<\/td>\n<td class=\"value\">Stoj\u00e1nkov\u00e9 baterie<\/td>\n<\/tr>\n<tr class=\"attribute attr_pouziti\">\n<td class=\"caption\">Pou\u017eit\u00ed<\/td>\n<td class=\"value\">Umyvadlov\u00e9\/ D\u0159ezov\u00e9 baterie<\/td>\n<\/tr>\n<tr class=\"attribute attr_bsshop_maker\">\n<td class=\"caption\">V\u00fdrobce<\/td>\n<td class=\"value\">Aqualine<\/td>\n<\/tr>\n<tr class=\"attribute attr_sirka\">\n<td class=\"caption\">\u0160\u00ed\u0159ka v mm<\/td>\n<td class=\"value\">180<\/td>\n<\/tr>\n<tr class=\"attribute attr_Vyska\">\n<td class=\"caption\">V\u00fd\u0161ka v mm<\/td>\n<td class=\"value\">105<\/td>\n<\/tr>\n<tr class=\"weight\">\n<td class=\"caption\"><span>Hmotnost<\/span><\/td>\n<td class=\"value\"><span>1,19 kg<\/span><\/td>\n<\/tr>\n<\/tbody>\n<\/table>\n<\/div>\n<div id=\"ProductMedia\" class=\"ProductMediaView MediaViewBase v1a v1 bs-view dcon dc409 ProductMedia\" ><bs-empty><\/bs-empty><\/p>\n<div class=\"files\">\n<div class=\"title sub\">Soubory<\/div>\n<p><a href=\"\/media\/17055\/16147-vc02-manual.PDF?&amp;key=ZGpmIyQwNUZfMTcwNTU=\" class=\"PDF\">Dokumenty &#8211; N&#225;vod_priloha_0<\/a><a href=\"\/media\/38099\/16147-navod-na-udrzbu-baterii-aqualine.pdf?&amp;key=ZGpmIyQwNUZfMzgwOTk=\" class=\"pdf\">Dokumenty &#8211; &#218;dr\u017eba_priloha_1<\/a><a href=\"\/media\/48746\/16147-zarucni-list-baterie-cely-aqualine-web.pdf?&amp;key=ZGpmIyQwNUZfNDg3NDY=\" class=\"pdf\">Dokumenty &#8211; Z&#225;ru\u010dn&#237; list_priloha_2<\/a><\/div>\n<p><bs-empty><\/bs-empty><\/div>\n<div id=\"PdProductGpsr\" class=\"ProductGpsrView v1a v1 bs-view dcon dc217 PdProductGpsr\" >\n<div class=\"subject\"><dc-root class=\"dcon dc219\"><span class=\"title\">Zodpov\u011bdn&#253; subjekt:<\/span><dc-con><dc-con><span class=\"company\">UBC s.r.o.<\/span><span class=\"name\">Ubc<\/span><\/dc-con><dc-con><span class=\"street\">M\u011blnick&#225; 87<\/span><span class=\"city\">L&#237;beznice<\/span><span class=\"zip\">250 65<\/span><span class=\"country\">\u010cesko<\/span><\/dc-con><span class=\"email\">info@ubc-group.cz<\/span><span class=\"phone\">283 090 704<\/span><bs-empty><\/bs-empty><a href=\"https:\/\/www.ubc-group.cz\/#kontakt\" class=\"link\" target=\"_blank\">https:\/\/www.ubc-group.cz\/#kontakt<\/a><\/dc-con><bs-empty><\/bs-empty><\/dc-root><\/div>\n<p><bs-empty><\/bs-empty><\/div>\n<\/div>\n<div id=\"e7882339\" class=\"tabs\">\n","protected":false},"excerpt":{"rendered":"<p>V&nbsp;retro stylu nab\u00edz\u00edme zaj\u00edmavou s\u00e9rii VICTORIA. Jedn\u00e1 se o&nbsp;kvalitn\u00ed baterie za p\u0159\u00edznivou po\u0159izovac\u00ed cenu. Za zm\u00ednku stoj\u00ed vanov\u00e1 baterie s&nbsp;kr\u00e1snou ru\u010dn\u00ed sprchou, takzvan\u00fdm \u201esluch\u00e1tkem\u201c. &nbsp;&nbsp; \u017d\u00e1dn\u00e9 dlouh\u00e9 ot\u00e1\u010den\u00ed \u010di regulace &#8211; oto\u010dte o&nbsp;90\u00b0 a je otev\u0159eno Vlastnosti Zna\u010dka AQUALINE S\u00e9rie VICTORIA \u0160\u00ed\u0159ka 171&nbsp;mm V\u00fd\u0161ka 102&nbsp;mm Hloubka 125&nbsp;mm Barva Chrom Materi\u00e1l Mosaz Tvar Retro Instalace Stoj\u00e1nkov\u00e1 [&hellip;]<\/p>\n","protected":false},"featured_media":29050,"comment_status":"open","ping_status":"open","template":"","meta":[],"product_brand":[],"product_cat":[61],"product_tag":[],"class_list":{"0":"post-28950","1":"product","2":"type-product","3":"status-publish","4":"has-post-thumbnail","6":"product_cat-vybaven-237-koupelny","8":"first","9":"instock","10":"sale","11":"shipping-taxable","12":"purchasable","13":"product-type-simple"},"yoast_head":"<!-- This site is optimized with the Yoast SEO plugin v26.8 - https:\/\/yoast.com\/product\/yoast-seo-wordpress\/ -->\n<title>Akce AQUALINE VICTORIA stoj\u00e1nkov\u00e1 umyvadlov\u00e1 baterie, chrom -<\/title>\n<meta name=\"robots\" content=\"index, follow, max-snippet:-1, max-image-preview:large, max-video-preview:-1\" \/>\n<link rel=\"canonical\" href=\"https:\/\/www.domstavpro.com\/index.php\/produkt\/akce-aqualine-victoria-stojankova-umyvadlova-baterie-chrom-28950\/\" \/>\n<meta property=\"og:locale\" content=\"cs_CZ\" \/>\n<meta property=\"og:type\" content=\"article\" \/>\n<meta property=\"og:title\" content=\"Akce AQUALINE VICTORIA stoj\u00e1nkov\u00e1 umyvadlov\u00e1 baterie, chrom -\" \/>\n<meta property=\"og:description\" content=\"V&nbsp;retro stylu nab\u00edz\u00edme zaj\u00edmavou s\u00e9rii VICTORIA. Jedn\u00e1 se o&nbsp;kvalitn\u00ed baterie za p\u0159\u00edznivou po\u0159izovac\u00ed cenu. Za zm\u00ednku stoj\u00ed vanov\u00e1 baterie s&nbsp;kr\u00e1snou ru\u010dn\u00ed sprchou, takzvan\u00fdm \u201esluch\u00e1tkem\u201c. &nbsp;&nbsp; \u017d\u00e1dn\u00e9 dlouh\u00e9 ot\u00e1\u010den\u00ed \u010di regulace &#8211; oto\u010dte o&nbsp;90\u00b0 a je otev\u0159eno Vlastnosti Zna\u010dka AQUALINE S\u00e9rie VICTORIA \u0160\u00ed\u0159ka 171&nbsp;mm V\u00fd\u0161ka 102&nbsp;mm Hloubka 125&nbsp;mm Barva Chrom Materi\u00e1l Mosaz Tvar Retro Instalace Stoj\u00e1nkov\u00e1 [&hellip;]\" \/>\n<meta property=\"og:url\" content=\"https:\/\/www.domstavpro.com\/index.php\/produkt\/akce-aqualine-victoria-stojankova-umyvadlova-baterie-chrom-28950\/\" \/>\n<meta property=\"og:image\" content=\"https:\/\/www.domstavpro.com\/wp-content\/uploads\/2026\/SK0027948-CZ20260425-093449-0-1777080896-aqualine-victoria-stojankova-umyvadlova-baterie-chrom.webp\" \/>\n\t<meta property=\"og:image:width\" content=\"1000\" \/>\n\t<meta property=\"og:image:height\" content=\"525\" \/>\n\t<meta property=\"og:image:type\" content=\"image\/webp\" \/>\n<meta name=\"twitter:card\" content=\"summary_large_image\" \/>\n<meta name=\"twitter:label1\" content=\"Odhadovan\u00e1 doba \u010dten\u00ed\" \/>\n\t<meta name=\"twitter:data1\" content=\"1 minuta\" \/>\n<script type=\"application\/ld+json\" class=\"yoast-schema-graph\">{\"@context\":\"https:\/\/schema.org\",\"@graph\":[{\"@type\":\"WebPage\",\"@id\":\"https:\/\/www.domstavpro.com\/index.php\/produkt\/akce-aqualine-victoria-stojankova-umyvadlova-baterie-chrom-28950\/\",\"url\":\"https:\/\/www.domstavpro.com\/index.php\/produkt\/akce-aqualine-victoria-stojankova-umyvadlova-baterie-chrom-28950\/\",\"name\":\"Akce AQUALINE VICTORIA stoj\u00e1nkov\u00e1 umyvadlov\u00e1 baterie, chrom -\",\"isPartOf\":{\"@id\":\"https:\/\/www.domstavpro.com\/#website\"},\"primaryImageOfPage\":{\"@id\":\"https:\/\/www.domstavpro.com\/index.php\/produkt\/akce-aqualine-victoria-stojankova-umyvadlova-baterie-chrom-28950\/#primaryimage\"},\"image\":{\"@id\":\"https:\/\/www.domstavpro.com\/index.php\/produkt\/akce-aqualine-victoria-stojankova-umyvadlova-baterie-chrom-28950\/#primaryimage\"},\"thumbnailUrl\":\"https:\/\/www.domstavpro.com\/wp-content\/uploads\/2026\/SK0027948-CZ20260425-093449-0-1777080896-aqualine-victoria-stojankova-umyvadlova-baterie-chrom.webp\",\"datePublished\":\"2026-04-27T15:09:01+00:00\",\"breadcrumb\":{\"@id\":\"https:\/\/www.domstavpro.com\/index.php\/produkt\/akce-aqualine-victoria-stojankova-umyvadlova-baterie-chrom-28950\/#breadcrumb\"},\"inLanguage\":\"cs\",\"potentialAction\":[{\"@type\":\"ReadAction\",\"target\":[\"https:\/\/www.domstavpro.com\/index.php\/produkt\/akce-aqualine-victoria-stojankova-umyvadlova-baterie-chrom-28950\/\"]}]},{\"@type\":\"ImageObject\",\"inLanguage\":\"cs\",\"@id\":\"https:\/\/www.domstavpro.com\/index.php\/produkt\/akce-aqualine-victoria-stojankova-umyvadlova-baterie-chrom-28950\/#primaryimage\",\"url\":\"https:\/\/www.domstavpro.com\/wp-content\/uploads\/2026\/SK0027948-CZ20260425-093449-0-1777080896-aqualine-victoria-stojankova-umyvadlova-baterie-chrom.webp\",\"contentUrl\":\"https:\/\/www.domstavpro.com\/wp-content\/uploads\/2026\/SK0027948-CZ20260425-093449-0-1777080896-aqualine-victoria-stojankova-umyvadlova-baterie-chrom.webp\",\"width\":1000,\"height\":525},{\"@type\":\"BreadcrumbList\",\"@id\":\"https:\/\/www.domstavpro.com\/index.php\/produkt\/akce-aqualine-victoria-stojankova-umyvadlova-baterie-chrom-28950\/#breadcrumb\",\"itemListElement\":[{\"@type\":\"ListItem\",\"position\":1,\"name\":\"Home\",\"item\":\"https:\/\/www.domstavpro.com\/\"},{\"@type\":\"ListItem\",\"position\":2,\"name\":\"Products\",\"item\":\"https:\/\/www.domstavpro.com\/index.php\/products\/\"},{\"@type\":\"ListItem\",\"position\":3,\"name\":\"Akce AQUALINE VICTORIA stoj\u00e1nkov\u00e1 umyvadlov\u00e1 baterie, chrom\"}]},{\"@type\":\"WebSite\",\"@id\":\"https:\/\/www.domstavpro.com\/#website\",\"url\":\"https:\/\/www.domstavpro.com\/\",\"name\":\"\",\"description\":\"\",\"potentialAction\":[{\"@type\":\"SearchAction\",\"target\":{\"@type\":\"EntryPoint\",\"urlTemplate\":\"https:\/\/www.domstavpro.com\/?s={search_term_string}\"},\"query-input\":{\"@type\":\"PropertyValueSpecification\",\"valueRequired\":true,\"valueName\":\"search_term_string\"}}],\"inLanguage\":\"cs\"}]}<\/script>\n<!-- \/ Yoast SEO plugin. -->","yoast_head_json":{"title":"Akce AQUALINE VICTORIA stoj\u00e1nkov\u00e1 umyvadlov\u00e1 baterie, chrom -","robots":{"index":"index","follow":"follow","max-snippet":"max-snippet:-1","max-image-preview":"max-image-preview:large","max-video-preview":"max-video-preview:-1"},"canonical":"https:\/\/www.domstavpro.com\/index.php\/produkt\/akce-aqualine-victoria-stojankova-umyvadlova-baterie-chrom-28950\/","og_locale":"cs_CZ","og_type":"article","og_title":"Akce AQUALINE VICTORIA stoj\u00e1nkov\u00e1 umyvadlov\u00e1 baterie, chrom -","og_description":"V&nbsp;retro stylu nab\u00edz\u00edme zaj\u00edmavou s\u00e9rii VICTORIA. Jedn\u00e1 se o&nbsp;kvalitn\u00ed baterie za p\u0159\u00edznivou po\u0159izovac\u00ed cenu. Za zm\u00ednku stoj\u00ed vanov\u00e1 baterie s&nbsp;kr\u00e1snou ru\u010dn\u00ed sprchou, takzvan\u00fdm \u201esluch\u00e1tkem\u201c. &nbsp;&nbsp; \u017d\u00e1dn\u00e9 dlouh\u00e9 ot\u00e1\u010den\u00ed \u010di regulace &#8211; oto\u010dte o&nbsp;90\u00b0 a je otev\u0159eno Vlastnosti Zna\u010dka AQUALINE S\u00e9rie VICTORIA \u0160\u00ed\u0159ka 171&nbsp;mm V\u00fd\u0161ka 102&nbsp;mm Hloubka 125&nbsp;mm Barva Chrom Materi\u00e1l Mosaz Tvar Retro Instalace Stoj\u00e1nkov\u00e1 [&hellip;]","og_url":"https:\/\/www.domstavpro.com\/index.php\/produkt\/akce-aqualine-victoria-stojankova-umyvadlova-baterie-chrom-28950\/","og_image":[{"width":1000,"height":525,"url":"https:\/\/www.domstavpro.com\/wp-content\/uploads\/2026\/SK0027948-CZ20260425-093449-0-1777080896-aqualine-victoria-stojankova-umyvadlova-baterie-chrom.webp","type":"image\/webp"}],"twitter_card":"summary_large_image","twitter_misc":{"Odhadovan\u00e1 doba \u010dten\u00ed":"1 minuta"},"schema":{"@context":"https:\/\/schema.org","@graph":[{"@type":"WebPage","@id":"https:\/\/www.domstavpro.com\/index.php\/produkt\/akce-aqualine-victoria-stojankova-umyvadlova-baterie-chrom-28950\/","url":"https:\/\/www.domstavpro.com\/index.php\/produkt\/akce-aqualine-victoria-stojankova-umyvadlova-baterie-chrom-28950\/","name":"Akce AQUALINE VICTORIA stoj\u00e1nkov\u00e1 umyvadlov\u00e1 baterie, chrom -","isPartOf":{"@id":"https:\/\/www.domstavpro.com\/#website"},"primaryImageOfPage":{"@id":"https:\/\/www.domstavpro.com\/index.php\/produkt\/akce-aqualine-victoria-stojankova-umyvadlova-baterie-chrom-28950\/#primaryimage"},"image":{"@id":"https:\/\/www.domstavpro.com\/index.php\/produkt\/akce-aqualine-victoria-stojankova-umyvadlova-baterie-chrom-28950\/#primaryimage"},"thumbnailUrl":"https:\/\/www.domstavpro.com\/wp-content\/uploads\/2026\/SK0027948-CZ20260425-093449-0-1777080896-aqualine-victoria-stojankova-umyvadlova-baterie-chrom.webp","datePublished":"2026-04-27T15:09:01+00:00","breadcrumb":{"@id":"https:\/\/www.domstavpro.com\/index.php\/produkt\/akce-aqualine-victoria-stojankova-umyvadlova-baterie-chrom-28950\/#breadcrumb"},"inLanguage":"cs","potentialAction":[{"@type":"ReadAction","target":["https:\/\/www.domstavpro.com\/index.php\/produkt\/akce-aqualine-victoria-stojankova-umyvadlova-baterie-chrom-28950\/"]}]},{"@type":"ImageObject","inLanguage":"cs","@id":"https:\/\/www.domstavpro.com\/index.php\/produkt\/akce-aqualine-victoria-stojankova-umyvadlova-baterie-chrom-28950\/#primaryimage","url":"https:\/\/www.domstavpro.com\/wp-content\/uploads\/2026\/SK0027948-CZ20260425-093449-0-1777080896-aqualine-victoria-stojankova-umyvadlova-baterie-chrom.webp","contentUrl":"https:\/\/www.domstavpro.com\/wp-content\/uploads\/2026\/SK0027948-CZ20260425-093449-0-1777080896-aqualine-victoria-stojankova-umyvadlova-baterie-chrom.webp","width":1000,"height":525},{"@type":"BreadcrumbList","@id":"https:\/\/www.domstavpro.com\/index.php\/produkt\/akce-aqualine-victoria-stojankova-umyvadlova-baterie-chrom-28950\/#breadcrumb","itemListElement":[{"@type":"ListItem","position":1,"name":"Home","item":"https:\/\/www.domstavpro.com\/"},{"@type":"ListItem","position":2,"name":"Products","item":"https:\/\/www.domstavpro.com\/index.php\/products\/"},{"@type":"ListItem","position":3,"name":"Akce AQUALINE VICTORIA stoj\u00e1nkov\u00e1 umyvadlov\u00e1 baterie, chrom"}]},{"@type":"WebSite","@id":"https:\/\/www.domstavpro.com\/#website","url":"https:\/\/www.domstavpro.com\/","name":"","description":"","potentialAction":[{"@type":"SearchAction","target":{"@type":"EntryPoint","urlTemplate":"https:\/\/www.domstavpro.com\/?s={search_term_string}"},"query-input":{"@type":"PropertyValueSpecification","valueRequired":true,"valueName":"search_term_string"}}],"inLanguage":"cs"}]}},"_links":{"self":[{"href":"https:\/\/www.domstavpro.com\/index.php\/wp-json\/wp\/v2\/product\/28950","targetHints":{"allow":["GET"]}}],"collection":[{"href":"https:\/\/www.domstavpro.com\/index.php\/wp-json\/wp\/v2\/product"}],"about":[{"href":"https:\/\/www.domstavpro.com\/index.php\/wp-json\/wp\/v2\/types\/product"}],"replies":[{"embeddable":true,"href":"https:\/\/www.domstavpro.com\/index.php\/wp-json\/wp\/v2\/comments?post=28950"}],"wp:featuredmedia":[{"embeddable":true,"href":"https:\/\/www.domstavpro.com\/index.php\/wp-json\/wp\/v2\/media\/29050"}],"wp:attachment":[{"href":"https:\/\/www.domstavpro.com\/index.php\/wp-json\/wp\/v2\/media?parent=28950"}],"wp:term":[{"taxonomy":"product_brand","embeddable":true,"href":"https:\/\/www.domstavpro.com\/index.php\/wp-json\/wp\/v2\/product_brand?post=28950"},{"taxonomy":"product_cat","embeddable":true,"href":"https:\/\/www.domstavpro.com\/index.php\/wp-json\/wp\/v2\/product_cat?post=28950"},{"taxonomy":"product_tag","embeddable":true,"href":"https:\/\/www.domstavpro.com\/index.php\/wp-json\/wp\/v2\/product_tag?post=28950"}],"curies":[{"name":"wp","href":"https:\/\/api.w.org\/{rel}","templated":true}]}}